{"id":10918,"date":"2021-05-27T14:53:26","date_gmt":"2021-05-27T12:53:26","guid":{"rendered":"https:\/\/akerstroms.se\/product\/sesam-800-rxd-2\/"},"modified":"2025-05-19T10:26:20","modified_gmt":"2025-05-19T08:26:20","slug":"sesam-800-rxd","status":"publish","type":"product","link":"https:\/\/akerstroms.se\/en\/product\/sesam-800-rxd\/","title":{"rendered":"Sesam 800 RXD (12-24V AC\/DC)"},"content":{"rendered":"","protected":false},"excerpt":{"rendered":"<h3>Sesam 800 Wall-Mounted Receiver with display and keypad<\/h3>\n<p>Wall-mounted receiver with three function outputs in rugged plastic enclosure for industrial use. The receiver is equipped with a display and keypad, which makes it very easy to add or remove transmitters since settings can be accessed directly on the receiver\u2019s cover. 500 transmitters or groups of transmitters can be connected to the receiver. A PIN code protects the settings so only authorized persons can unlock and manage the functions. Contains a unique security function for encrypted transmission for use at facilities where extra security is required. This function prevents any intrusion or interception of transmissions. The enclosure is classed to IP65 for protection from humidity and dust. Supply voltage of 12-24V AC\/DC. Includes antenna with BNC contact.<\/p>\n","protected":false},"featured_media":21593,"template":"","meta":{"_acf_changed":false},"product_brand":[],"product_cat":[138,147],"product_tag":[181,185],"class_list":{"0":"post-10918","1":"product","2":"type-product","3":"status-publish","4":"has-post-thumbnail","6":"product_cat-receivers-en","7":"product_cat-sesam-en","8":"product_tag-gates-barriers-en","9":"product_tag-other-controls-en","11":"first","12":"instock","13":"shipping-taxable","14":"purchasable","15":"product-type-simple"},"acf":[],"yoast_head":"<!-- This site is optimized with the Yoast SEO plugin v27.4 - https:\/\/yoast.com\/product\/yoast-seo-wordpress\/ -->\n<title>Sesam 800 RXD (12-24V AC\/DC) - \u00c5kerstr\u00f6ms Bj\u00f6rbo<\/title>\n<meta name=\"description\" content=\"Receiver with three function outputs in rugged enclosure that can handle tough situations and demanding environments. Display, supports up to 500 transmitters.\" \/>\n<meta name=\"robots\" content=\"index, follow, max-snippet:-1, max-image-preview:large, max-video-preview:-1\" \/>\n<link rel=\"canonical\" href=\"https:\/\/akerstroms.se\/en\/product\/sesam-800-rxd\/\" \/>\n<meta property=\"og:locale\" content=\"en_US\" \/>\n<meta property=\"og:type\" content=\"article\" \/>\n<meta property=\"og:title\" content=\"Sesam 800 RXD (12-24V AC\/DC) - \u00c5kerstr\u00f6ms Bj\u00f6rbo\" \/>\n<meta property=\"og:description\" content=\"Receiver with three function outputs in rugged enclosure that can handle tough situations and demanding environments. Display, supports up to 500 transmitters.\" \/>\n<meta property=\"og:url\" content=\"https:\/\/akerstroms.se\/en\/product\/sesam-800-rxd\/\" \/>\n<meta property=\"og:site_name\" content=\"\u00c5kerstr\u00f6ms Bj\u00f6rbo\" \/>\n<meta property=\"article:publisher\" content=\"https:\/\/www.facebook.com\/akerstroms.se\" \/>\n<meta property=\"article:modified_time\" content=\"2025-05-19T08:26:20+00:00\" \/>\n<meta property=\"og:image\" content=\"https:\/\/akerstroms.se\/app\/uploads\/2021\/05\/Sesam-800-RX-Display-700x822.png\" \/>\n\t<meta property=\"og:image:width\" content=\"700\" \/>\n\t<meta property=\"og:image:height\" content=\"822\" \/>\n\t<meta property=\"og:image:type\" content=\"image\/png\" \/>\n<meta name=\"twitter:card\" content=\"summary_large_image\" \/>\n<meta name=\"twitter:label1\" content=\"Est. reading time\" \/>\n\t<meta name=\"twitter:data1\" content=\"1 minute\" \/>\n<script type=\"application\/ld+json\" class=\"yoast-schema-graph\">{\"@context\":\"https:\\\/\\\/schema.org\",\"@graph\":[{\"@type\":\"WebPage\",\"@id\":\"https:\\\/\\\/akerstroms.se\\\/en\\\/product\\\/sesam-800-rxd\\\/\",\"url\":\"https:\\\/\\\/akerstroms.se\\\/en\\\/product\\\/sesam-800-rxd\\\/\",\"name\":\"Sesam 800 RXD (12-24V AC\\\/DC) - \u00c5kerstr\u00f6ms Bj\u00f6rbo\",\"isPartOf\":{\"@id\":\"https:\\\/\\\/akerstroms.se\\\/#website\"},\"primaryImageOfPage\":{\"@id\":\"https:\\\/\\\/akerstroms.se\\\/en\\\/product\\\/sesam-800-rxd\\\/#primaryimage\"},\"image\":{\"@id\":\"https:\\\/\\\/akerstroms.se\\\/en\\\/product\\\/sesam-800-rxd\\\/#primaryimage\"},\"thumbnailUrl\":\"https:\\\/\\\/akerstroms.se\\\/app\\\/uploads\\\/2021\\\/05\\\/Sesam-800-RX-Display.png\",\"datePublished\":\"2021-05-27T12:53:26+00:00\",\"dateModified\":\"2025-05-19T08:26:20+00:00\",\"description\":\"Receiver with three function outputs in rugged enclosure that can handle tough situations and demanding environments. Display, supports up to 500 transmitters.\",\"breadcrumb\":{\"@id\":\"https:\\\/\\\/akerstroms.se\\\/en\\\/product\\\/sesam-800-rxd\\\/#breadcrumb\"},\"inLanguage\":\"en-US\",\"potentialAction\":[{\"@type\":\"ReadAction\",\"target\":[\"https:\\\/\\\/akerstroms.se\\\/en\\\/product\\\/sesam-800-rxd\\\/\"]}]},{\"@type\":\"ImageObject\",\"inLanguage\":\"en-US\",\"@id\":\"https:\\\/\\\/akerstroms.se\\\/en\\\/product\\\/sesam-800-rxd\\\/#primaryimage\",\"url\":\"https:\\\/\\\/akerstroms.se\\\/app\\\/uploads\\\/2021\\\/05\\\/Sesam-800-RX-Display.png\",\"contentUrl\":\"https:\\\/\\\/akerstroms.se\\\/app\\\/uploads\\\/2021\\\/05\\\/Sesam-800-RX-Display.png\",\"width\":2560,\"height\":3007},{\"@type\":\"BreadcrumbList\",\"@id\":\"https:\\\/\\\/akerstroms.se\\\/en\\\/product\\\/sesam-800-rxd\\\/#breadcrumb\",\"itemListElement\":[{\"@type\":\"ListItem\",\"position\":1,\"name\":\"Home\",\"item\":\"https:\\\/\\\/akerstroms.se\\\/en\\\/\"},{\"@type\":\"ListItem\",\"position\":2,\"name\":\"Shop\",\"item\":\"https:\\\/\\\/akerstroms.se\\\/en\\\/shop\\\/\"},{\"@type\":\"ListItem\",\"position\":3,\"name\":\"Sesam 800 RXD (12-24V AC\\\/DC)\"}]},{\"@type\":\"WebSite\",\"@id\":\"https:\\\/\\\/akerstroms.se\\\/#website\",\"url\":\"https:\\\/\\\/akerstroms.se\\\/\",\"name\":\"\u00c5kerstr\u00f6ms Bj\u00f6rbo\",\"description\":\"Radiostyrning f\u00f6r industriella och mobila applikationer\",\"publisher\":{\"@id\":\"https:\\\/\\\/akerstroms.se\\\/#organization\"},\"potentialAction\":[{\"@type\":\"SearchAction\",\"target\":{\"@type\":\"EntryPoint\",\"urlTemplate\":\"https:\\\/\\\/akerstroms.se\\\/?s={search_term_string}\"},\"query-input\":{\"@type\":\"PropertyValueSpecification\",\"valueRequired\":true,\"valueName\":\"search_term_string\"}}],\"inLanguage\":\"en-US\"},{\"@type\":\"Organization\",\"@id\":\"https:\\\/\\\/akerstroms.se\\\/#organization\",\"name\":\"\u00c5kerstr\u00f6ms AB\",\"url\":\"https:\\\/\\\/akerstroms.se\\\/\",\"logo\":{\"@type\":\"ImageObject\",\"inLanguage\":\"en-US\",\"@id\":\"https:\\\/\\\/akerstroms.se\\\/#\\\/schema\\\/logo\\\/image\\\/\",\"url\":\"https:\\\/\\\/akerstroms.se\\\/app\\\/uploads\\\/2021\\\/10\\\/akerstroms-logo.png\",\"contentUrl\":\"https:\\\/\\\/akerstroms.se\\\/app\\\/uploads\\\/2021\\\/10\\\/akerstroms-logo.png\",\"width\":400,\"height\":86,\"caption\":\"\u00c5kerstr\u00f6ms AB\"},\"image\":{\"@id\":\"https:\\\/\\\/akerstroms.se\\\/#\\\/schema\\\/logo\\\/image\\\/\"},\"sameAs\":[\"https:\\\/\\\/www.facebook.com\\\/akerstroms.se\",\"https:\\\/\\\/www.linkedin.com\\\/company\\\/akerstroms\\\/\",\"https:\\\/\\\/www.youtube.com\\\/channel\\\/UC8S-jX9nA8c9qBaTlgqg1CQ\"]}]}<\/script>\n<!-- \/ Yoast SEO plugin. -->","yoast_head_json":{"title":"Sesam 800 RXD (12-24V AC\/DC) - \u00c5kerstr\u00f6ms Bj\u00f6rbo","description":"Receiver with three function outputs in rugged enclosure that can handle tough situations and demanding environments. Display, supports up to 500 transmitters.","robots":{"index":"index","follow":"follow","max-snippet":"max-snippet:-1","max-image-preview":"max-image-preview:large","max-video-preview":"max-video-preview:-1"},"canonical":"https:\/\/akerstroms.se\/en\/product\/sesam-800-rxd\/","og_locale":"en_US","og_type":"article","og_title":"Sesam 800 RXD (12-24V AC\/DC) - \u00c5kerstr\u00f6ms Bj\u00f6rbo","og_description":"Receiver with three function outputs in rugged enclosure that can handle tough situations and demanding environments. Display, supports up to 500 transmitters.","og_url":"https:\/\/akerstroms.se\/en\/product\/sesam-800-rxd\/","og_site_name":"\u00c5kerstr\u00f6ms Bj\u00f6rbo","article_publisher":"https:\/\/www.facebook.com\/akerstroms.se","article_modified_time":"2025-05-19T08:26:20+00:00","og_image":[{"width":700,"height":822,"url":"https:\/\/akerstroms.se\/app\/uploads\/2021\/05\/Sesam-800-RX-Display-700x822.png","type":"image\/png"}],"twitter_card":"summary_large_image","twitter_misc":{"Est. reading time":"1 minute"},"schema":{"@context":"https:\/\/schema.org","@graph":[{"@type":"WebPage","@id":"https:\/\/akerstroms.se\/en\/product\/sesam-800-rxd\/","url":"https:\/\/akerstroms.se\/en\/product\/sesam-800-rxd\/","name":"Sesam 800 RXD (12-24V AC\/DC) - \u00c5kerstr\u00f6ms Bj\u00f6rbo","isPartOf":{"@id":"https:\/\/akerstroms.se\/#website"},"primaryImageOfPage":{"@id":"https:\/\/akerstroms.se\/en\/product\/sesam-800-rxd\/#primaryimage"},"image":{"@id":"https:\/\/akerstroms.se\/en\/product\/sesam-800-rxd\/#primaryimage"},"thumbnailUrl":"https:\/\/akerstroms.se\/app\/uploads\/2021\/05\/Sesam-800-RX-Display.png","datePublished":"2021-05-27T12:53:26+00:00","dateModified":"2025-05-19T08:26:20+00:00","description":"Receiver with three function outputs in rugged enclosure that can handle tough situations and demanding environments. Display, supports up to 500 transmitters.","breadcrumb":{"@id":"https:\/\/akerstroms.se\/en\/product\/sesam-800-rxd\/#breadcrumb"},"inLanguage":"en-US","potentialAction":[{"@type":"ReadAction","target":["https:\/\/akerstroms.se\/en\/product\/sesam-800-rxd\/"]}]},{"@type":"ImageObject","inLanguage":"en-US","@id":"https:\/\/akerstroms.se\/en\/product\/sesam-800-rxd\/#primaryimage","url":"https:\/\/akerstroms.se\/app\/uploads\/2021\/05\/Sesam-800-RX-Display.png","contentUrl":"https:\/\/akerstroms.se\/app\/uploads\/2021\/05\/Sesam-800-RX-Display.png","width":2560,"height":3007},{"@type":"BreadcrumbList","@id":"https:\/\/akerstroms.se\/en\/product\/sesam-800-rxd\/#breadcrumb","itemListElement":[{"@type":"ListItem","position":1,"name":"Home","item":"https:\/\/akerstroms.se\/en\/"},{"@type":"ListItem","position":2,"name":"Shop","item":"https:\/\/akerstroms.se\/en\/shop\/"},{"@type":"ListItem","position":3,"name":"Sesam 800 RXD (12-24V AC\/DC)"}]},{"@type":"WebSite","@id":"https:\/\/akerstroms.se\/#website","url":"https:\/\/akerstroms.se\/","name":"\u00c5kerstr\u00f6ms Bj\u00f6rbo","description":"Radiostyrning f\u00f6r industriella och mobila applikationer","publisher":{"@id":"https:\/\/akerstroms.se\/#organization"},"potentialAction":[{"@type":"SearchAction","target":{"@type":"EntryPoint","urlTemplate":"https:\/\/akerstroms.se\/?s={search_term_string}"},"query-input":{"@type":"PropertyValueSpecification","valueRequired":true,"valueName":"search_term_string"}}],"inLanguage":"en-US"},{"@type":"Organization","@id":"https:\/\/akerstroms.se\/#organization","name":"\u00c5kerstr\u00f6ms AB","url":"https:\/\/akerstroms.se\/","logo":{"@type":"ImageObject","inLanguage":"en-US","@id":"https:\/\/akerstroms.se\/#\/schema\/logo\/image\/","url":"https:\/\/akerstroms.se\/app\/uploads\/2021\/10\/akerstroms-logo.png","contentUrl":"https:\/\/akerstroms.se\/app\/uploads\/2021\/10\/akerstroms-logo.png","width":400,"height":86,"caption":"\u00c5kerstr\u00f6ms AB"},"image":{"@id":"https:\/\/akerstroms.se\/#\/schema\/logo\/image\/"},"sameAs":["https:\/\/www.facebook.com\/akerstroms.se","https:\/\/www.linkedin.com\/company\/akerstroms\/","https:\/\/www.youtube.com\/channel\/UC8S-jX9nA8c9qBaTlgqg1CQ"]}]}},"_links":{"self":[{"href":"https:\/\/akerstroms.se\/en\/wp-json\/wp\/v2\/product\/10918","targetHints":{"allow":["GET"]}}],"collection":[{"href":"https:\/\/akerstroms.se\/en\/wp-json\/wp\/v2\/product"}],"about":[{"href":"https:\/\/akerstroms.se\/en\/wp-json\/wp\/v2\/types\/product"}],"wp:featuredmedia":[{"embeddable":true,"href":"https:\/\/akerstroms.se\/en\/wp-json\/wp\/v2\/media\/21593"}],"wp:attachment":[{"href":"https:\/\/akerstroms.se\/en\/wp-json\/wp\/v2\/media?parent=10918"}],"wp:term":[{"taxonomy":"product_brand","embeddable":true,"href":"https:\/\/akerstroms.se\/en\/wp-json\/wp\/v2\/product_brand?post=10918"},{"taxonomy":"product_cat","embeddable":true,"href":"https:\/\/akerstroms.se\/en\/wp-json\/wp\/v2\/product_cat?post=10918"},{"taxonomy":"product_tag","embeddable":true,"href":"https:\/\/akerstroms.se\/en\/wp-json\/wp\/v2\/product_tag?post=10918"}],"curies":[{"name":"wp","href":"https:\/\/api.w.org\/{rel}","templated":true}]}}