{"id":10915,"date":"2021-05-20T13:53:26","date_gmt":"2021-05-20T11:53:26","guid":{"rendered":"https:\/\/akerstroms.se\/product\/sesam-800-mobile-winch-6\/"},"modified":"2021-12-09T13:15:37","modified_gmt":"2021-12-09T12:15:37","slug":"sesam-800-mobile-winch-6","status":"publish","type":"product","link":"https:\/\/akerstroms.se\/en\/product\/sesam-800-mobile-winch-6\/","title":{"rendered":"Sesam 800 Mobile Winch 6"},"content":{"rendered":"","protected":false},"excerpt":{"rendered":"<h3>A rugged transmitter that can control dual winches for mobile use<\/h3>\n<p>Sesam 800 Mobile Winch 6 is a rugged transmitter with six functions\/buttons. The transmitter is classed to IP67 and works well for handling dual winches. The distinct, easy to use buttons can handle millions of presses. With its IP67 classification, the transmitter can handle tough environments with dust, humidity and moisture.<\/p>\n","protected":false},"featured_media":21605,"template":"","meta":{"_acf_changed":false},"product_brand":[],"product_cat":[147,145],"product_tag":[188],"class_list":{"0":"post-10915","1":"product","2":"type-product","3":"status-publish","4":"has-post-thumbnail","6":"product_cat-sesam-en","7":"product_cat-transmitters-en","8":"product_tag-winches-en","10":"first","11":"instock","12":"purchasable","13":"product-type-simple"},"acf":[],"yoast_head":"<!-- This site is optimized with the Yoast SEO plugin v27.4 - https:\/\/yoast.com\/product\/yoast-seo-wordpress\/ -->\n<title>Sesam 800 Mobile Winch 6 to Doors, Gates, Barriers - \u00c5kerstr\u00f6ms Bj\u00f6rbo<\/title>\n<meta name=\"description\" content=\"Industrial remote control | Robust transmitter with 6 functions for dual winches | For tough environments | IP67\" \/>\n<meta name=\"robots\" content=\"index, follow, max-snippet:-1, max-image-preview:large, max-video-preview:-1\" \/>\n<link rel=\"canonical\" href=\"https:\/\/akerstroms.se\/en\/product\/sesam-800-mobile-winch-6\/\" \/>\n<meta property=\"og:locale\" content=\"en_US\" \/>\n<meta property=\"og:type\" content=\"article\" \/>\n<meta property=\"og:title\" content=\"Sesam 800 Mobile Winch 6 to Doors, Gates, Barriers - \u00c5kerstr\u00f6ms Bj\u00f6rbo\" \/>\n<meta property=\"og:description\" content=\"Industrial remote control | Robust transmitter with 6 functions for dual winches | For tough environments | IP67\" \/>\n<meta property=\"og:url\" content=\"https:\/\/akerstroms.se\/en\/product\/sesam-800-mobile-winch-6\/\" \/>\n<meta property=\"og:site_name\" content=\"\u00c5kerstr\u00f6ms Bj\u00f6rbo\" \/>\n<meta property=\"article:publisher\" content=\"https:\/\/www.facebook.com\/akerstroms.se\" \/>\n<meta property=\"article:modified_time\" content=\"2021-12-09T12:15:37+00:00\" \/>\n<meta property=\"og:image\" content=\"https:\/\/akerstroms.se\/app\/uploads\/2021\/05\/Sesam-800-Mobile-Vinsch-6.jpg\" \/>\n\t<meta property=\"og:image:width\" content=\"927\" \/>\n\t<meta property=\"og:image:height\" content=\"1016\" \/>\n\t<meta property=\"og:image:type\" content=\"image\/jpeg\" \/>\n<meta name=\"twitter:card\" content=\"summary_large_image\" \/>\n<script type=\"application\/ld+json\" class=\"yoast-schema-graph\">{\"@context\":\"https:\\\/\\\/schema.org\",\"@graph\":[{\"@type\":\"WebPage\",\"@id\":\"https:\\\/\\\/akerstroms.se\\\/en\\\/product\\\/sesam-800-mobile-winch-6\\\/\",\"url\":\"https:\\\/\\\/akerstroms.se\\\/en\\\/product\\\/sesam-800-mobile-winch-6\\\/\",\"name\":\"Sesam 800 Mobile Winch 6 to Doors, Gates, Barriers - \u00c5kerstr\u00f6ms Bj\u00f6rbo\",\"isPartOf\":{\"@id\":\"https:\\\/\\\/akerstroms.se\\\/#website\"},\"primaryImageOfPage\":{\"@id\":\"https:\\\/\\\/akerstroms.se\\\/en\\\/product\\\/sesam-800-mobile-winch-6\\\/#primaryimage\"},\"image\":{\"@id\":\"https:\\\/\\\/akerstroms.se\\\/en\\\/product\\\/sesam-800-mobile-winch-6\\\/#primaryimage\"},\"thumbnailUrl\":\"https:\\\/\\\/akerstroms.se\\\/app\\\/uploads\\\/2021\\\/05\\\/Sesam-800-Vinsch-6.png\",\"datePublished\":\"2021-05-20T11:53:26+00:00\",\"dateModified\":\"2021-12-09T12:15:37+00:00\",\"description\":\"Industrial remote control | Robust transmitter with 6 functions for dual winches | For tough environments | IP67\",\"breadcrumb\":{\"@id\":\"https:\\\/\\\/akerstroms.se\\\/en\\\/product\\\/sesam-800-mobile-winch-6\\\/#breadcrumb\"},\"inLanguage\":\"en-US\",\"potentialAction\":[{\"@type\":\"ReadAction\",\"target\":[\"https:\\\/\\\/akerstroms.se\\\/en\\\/product\\\/sesam-800-mobile-winch-6\\\/\"]}]},{\"@type\":\"ImageObject\",\"inLanguage\":\"en-US\",\"@id\":\"https:\\\/\\\/akerstroms.se\\\/en\\\/product\\\/sesam-800-mobile-winch-6\\\/#primaryimage\",\"url\":\"https:\\\/\\\/akerstroms.se\\\/app\\\/uploads\\\/2021\\\/05\\\/Sesam-800-Vinsch-6.png\",\"contentUrl\":\"https:\\\/\\\/akerstroms.se\\\/app\\\/uploads\\\/2021\\\/05\\\/Sesam-800-Vinsch-6.png\",\"width\":4424,\"height\":5197},{\"@type\":\"BreadcrumbList\",\"@id\":\"https:\\\/\\\/akerstroms.se\\\/en\\\/product\\\/sesam-800-mobile-winch-6\\\/#breadcrumb\",\"itemListElement\":[{\"@type\":\"ListItem\",\"position\":1,\"name\":\"Home\",\"item\":\"https:\\\/\\\/akerstroms.se\\\/en\\\/\"},{\"@type\":\"ListItem\",\"position\":2,\"name\":\"Shop\",\"item\":\"https:\\\/\\\/akerstroms.se\\\/en\\\/shop\\\/\"},{\"@type\":\"ListItem\",\"position\":3,\"name\":\"Sesam 800 Mobile Winch 6\"}]},{\"@type\":\"WebSite\",\"@id\":\"https:\\\/\\\/akerstroms.se\\\/#website\",\"url\":\"https:\\\/\\\/akerstroms.se\\\/\",\"name\":\"\u00c5kerstr\u00f6ms Bj\u00f6rbo\",\"description\":\"Radiostyrning f\u00f6r industriella och mobila applikationer\",\"publisher\":{\"@id\":\"https:\\\/\\\/akerstroms.se\\\/#organization\"},\"potentialAction\":[{\"@type\":\"SearchAction\",\"target\":{\"@type\":\"EntryPoint\",\"urlTemplate\":\"https:\\\/\\\/akerstroms.se\\\/?s={search_term_string}\"},\"query-input\":{\"@type\":\"PropertyValueSpecification\",\"valueRequired\":true,\"valueName\":\"search_term_string\"}}],\"inLanguage\":\"en-US\"},{\"@type\":\"Organization\",\"@id\":\"https:\\\/\\\/akerstroms.se\\\/#organization\",\"name\":\"\u00c5kerstr\u00f6ms AB\",\"url\":\"https:\\\/\\\/akerstroms.se\\\/\",\"logo\":{\"@type\":\"ImageObject\",\"inLanguage\":\"en-US\",\"@id\":\"https:\\\/\\\/akerstroms.se\\\/#\\\/schema\\\/logo\\\/image\\\/\",\"url\":\"https:\\\/\\\/akerstroms.se\\\/app\\\/uploads\\\/2021\\\/10\\\/akerstroms-logo.png\",\"contentUrl\":\"https:\\\/\\\/akerstroms.se\\\/app\\\/uploads\\\/2021\\\/10\\\/akerstroms-logo.png\",\"width\":400,\"height\":86,\"caption\":\"\u00c5kerstr\u00f6ms AB\"},\"image\":{\"@id\":\"https:\\\/\\\/akerstroms.se\\\/#\\\/schema\\\/logo\\\/image\\\/\"},\"sameAs\":[\"https:\\\/\\\/www.facebook.com\\\/akerstroms.se\",\"https:\\\/\\\/www.linkedin.com\\\/company\\\/akerstroms\\\/\",\"https:\\\/\\\/www.youtube.com\\\/channel\\\/UC8S-jX9nA8c9qBaTlgqg1CQ\"]}]}<\/script>\n<!-- \/ Yoast SEO plugin. -->","yoast_head_json":{"title":"Sesam 800 Mobile Winch 6 to Doors, Gates, Barriers - \u00c5kerstr\u00f6ms Bj\u00f6rbo","description":"Industrial remote control | Robust transmitter with 6 functions for dual winches | For tough environments | IP67","robots":{"index":"index","follow":"follow","max-snippet":"max-snippet:-1","max-image-preview":"max-image-preview:large","max-video-preview":"max-video-preview:-1"},"canonical":"https:\/\/akerstroms.se\/en\/product\/sesam-800-mobile-winch-6\/","og_locale":"en_US","og_type":"article","og_title":"Sesam 800 Mobile Winch 6 to Doors, Gates, Barriers - \u00c5kerstr\u00f6ms Bj\u00f6rbo","og_description":"Industrial remote control | Robust transmitter with 6 functions for dual winches | For tough environments | IP67","og_url":"https:\/\/akerstroms.se\/en\/product\/sesam-800-mobile-winch-6\/","og_site_name":"\u00c5kerstr\u00f6ms Bj\u00f6rbo","article_publisher":"https:\/\/www.facebook.com\/akerstroms.se","article_modified_time":"2021-12-09T12:15:37+00:00","og_image":[{"width":927,"height":1016,"url":"https:\/\/akerstroms.se\/app\/uploads\/2021\/05\/Sesam-800-Mobile-Vinsch-6.jpg","type":"image\/jpeg"}],"twitter_card":"summary_large_image","schema":{"@context":"https:\/\/schema.org","@graph":[{"@type":"WebPage","@id":"https:\/\/akerstroms.se\/en\/product\/sesam-800-mobile-winch-6\/","url":"https:\/\/akerstroms.se\/en\/product\/sesam-800-mobile-winch-6\/","name":"Sesam 800 Mobile Winch 6 to Doors, Gates, Barriers - \u00c5kerstr\u00f6ms Bj\u00f6rbo","isPartOf":{"@id":"https:\/\/akerstroms.se\/#website"},"primaryImageOfPage":{"@id":"https:\/\/akerstroms.se\/en\/product\/sesam-800-mobile-winch-6\/#primaryimage"},"image":{"@id":"https:\/\/akerstroms.se\/en\/product\/sesam-800-mobile-winch-6\/#primaryimage"},"thumbnailUrl":"https:\/\/akerstroms.se\/app\/uploads\/2021\/05\/Sesam-800-Vinsch-6.png","datePublished":"2021-05-20T11:53:26+00:00","dateModified":"2021-12-09T12:15:37+00:00","description":"Industrial remote control | Robust transmitter with 6 functions for dual winches | For tough environments | IP67","breadcrumb":{"@id":"https:\/\/akerstroms.se\/en\/product\/sesam-800-mobile-winch-6\/#breadcrumb"},"inLanguage":"en-US","potentialAction":[{"@type":"ReadAction","target":["https:\/\/akerstroms.se\/en\/product\/sesam-800-mobile-winch-6\/"]}]},{"@type":"ImageObject","inLanguage":"en-US","@id":"https:\/\/akerstroms.se\/en\/product\/sesam-800-mobile-winch-6\/#primaryimage","url":"https:\/\/akerstroms.se\/app\/uploads\/2021\/05\/Sesam-800-Vinsch-6.png","contentUrl":"https:\/\/akerstroms.se\/app\/uploads\/2021\/05\/Sesam-800-Vinsch-6.png","width":4424,"height":5197},{"@type":"BreadcrumbList","@id":"https:\/\/akerstroms.se\/en\/product\/sesam-800-mobile-winch-6\/#breadcrumb","itemListElement":[{"@type":"ListItem","position":1,"name":"Home","item":"https:\/\/akerstroms.se\/en\/"},{"@type":"ListItem","position":2,"name":"Shop","item":"https:\/\/akerstroms.se\/en\/shop\/"},{"@type":"ListItem","position":3,"name":"Sesam 800 Mobile Winch 6"}]},{"@type":"WebSite","@id":"https:\/\/akerstroms.se\/#website","url":"https:\/\/akerstroms.se\/","name":"\u00c5kerstr\u00f6ms Bj\u00f6rbo","description":"Radiostyrning f\u00f6r industriella och mobila applikationer","publisher":{"@id":"https:\/\/akerstroms.se\/#organization"},"potentialAction":[{"@type":"SearchAction","target":{"@type":"EntryPoint","urlTemplate":"https:\/\/akerstroms.se\/?s={search_term_string}"},"query-input":{"@type":"PropertyValueSpecification","valueRequired":true,"valueName":"search_term_string"}}],"inLanguage":"en-US"},{"@type":"Organization","@id":"https:\/\/akerstroms.se\/#organization","name":"\u00c5kerstr\u00f6ms AB","url":"https:\/\/akerstroms.se\/","logo":{"@type":"ImageObject","inLanguage":"en-US","@id":"https:\/\/akerstroms.se\/#\/schema\/logo\/image\/","url":"https:\/\/akerstroms.se\/app\/uploads\/2021\/10\/akerstroms-logo.png","contentUrl":"https:\/\/akerstroms.se\/app\/uploads\/2021\/10\/akerstroms-logo.png","width":400,"height":86,"caption":"\u00c5kerstr\u00f6ms AB"},"image":{"@id":"https:\/\/akerstroms.se\/#\/schema\/logo\/image\/"},"sameAs":["https:\/\/www.facebook.com\/akerstroms.se","https:\/\/www.linkedin.com\/company\/akerstroms\/","https:\/\/www.youtube.com\/channel\/UC8S-jX9nA8c9qBaTlgqg1CQ"]}]}},"_links":{"self":[{"href":"https:\/\/akerstroms.se\/en\/wp-json\/wp\/v2\/product\/10915","targetHints":{"allow":["GET"]}}],"collection":[{"href":"https:\/\/akerstroms.se\/en\/wp-json\/wp\/v2\/product"}],"about":[{"href":"https:\/\/akerstroms.se\/en\/wp-json\/wp\/v2\/types\/product"}],"wp:featuredmedia":[{"embeddable":true,"href":"https:\/\/akerstroms.se\/en\/wp-json\/wp\/v2\/media\/21605"}],"wp:attachment":[{"href":"https:\/\/akerstroms.se\/en\/wp-json\/wp\/v2\/media?parent=10915"}],"wp:term":[{"taxonomy":"product_brand","embeddable":true,"href":"https:\/\/akerstroms.se\/en\/wp-json\/wp\/v2\/product_brand?post=10915"},{"taxonomy":"product_cat","embeddable":true,"href":"https:\/\/akerstroms.se\/en\/wp-json\/wp\/v2\/product_cat?post=10915"},{"taxonomy":"product_tag","embeddable":true,"href":"https:\/\/akerstroms.se\/en\/wp-json\/wp\/v2\/product_tag?post=10915"}],"curies":[{"name":"wp","href":"https:\/\/api.w.org\/{rel}","templated":true}]}}