{"id":10869,"date":"2021-04-08T12:24:12","date_gmt":"2021-10-01T13:26:52","guid":{"rendered":"https:\/\/akerstroms.se\/product\/remotus-t-rx-100\/"},"modified":"2021-10-22T15:41:41","modified_gmt":"2021-10-22T13:41:41","slug":"remotus-t-rx100","status":"publish","type":"product","link":"https:\/\/akerstroms.se\/en\/product\/remotus-t-rx100\/","title":{"rendered":"Remotus T-Rx 100"},"content":{"rendered":"","protected":false},"excerpt":{"rendered":"<h3>CANopen receiver for control via PLC<\/h3>\n<p>Remotus T-Rx 100 is a CANopen based receiver for controlling via control units (PLC). The receiver is made to handle tough conditions like wide fluctuations in temperature, dust, vibrations, oil and humidity. The receiver has double microprocessors that monitor each other. Every transmission is checked before the function is activated and diagnostic testing is done during operation. The emergency stop function is certified to PL d, Cat 3, EN ISO 13849-1.<\/p>\n<h4>Cable control available<\/h4>\n<p>In cases where remote control is not allowed or there is no charged battery available, the control system can use a cable between the waist transmitter and receiver. The receiver measures the voltage of the transmitter when cable control is used.<\/p>\n","protected":false},"featured_media":7058,"template":"","meta":{"_acf_changed":false},"product_brand":[],"product_cat":[141,139],"product_tag":[187,182,180,188],"class_list":{"0":"post-10869","1":"product","2":"type-product","3":"status-publish","4":"has-post-thumbnail","6":"product_cat-receivers-en-remotus-en","7":"product_cat-remotus-en","8":"product_tag-machinery-en","9":"product_tag-ports-ferries-en","10":"product_tag-vehicles-superstructures-en","11":"product_tag-winches-en","13":"first","14":"instock","15":"product-type-simple"},"acf":[],"yoast_head":"<!-- This site is optimized with the Yoast SEO plugin v27.4 - https:\/\/yoast.com\/product\/yoast-seo-wordpress\/ -->\n<title>Remotus Remotus T-Rx 100 PLC-mottagare - \u00c5kerstr\u00f6ms Bj\u00f6rbo<\/title>\n<meta name=\"description\" content=\"Remotus T-Rx 100 is a CANopen based receiver for controlling via control units (PLC). Up to 8 analogue motions\" \/>\n<meta name=\"robots\" content=\"index, follow, max-snippet:-1, max-image-preview:large, max-video-preview:-1\" \/>\n<link rel=\"canonical\" href=\"https:\/\/akerstroms.se\/en\/product\/remotus-t-rx100\/\" \/>\n<meta property=\"og:locale\" content=\"en_US\" \/>\n<meta property=\"og:type\" content=\"article\" \/>\n<meta property=\"og:title\" content=\"Remotus Remotus T-Rx 100 PLC-mottagare - \u00c5kerstr\u00f6ms Bj\u00f6rbo\" \/>\n<meta property=\"og:description\" content=\"Remotus T-Rx 100 is a CANopen based receiver for controlling via control units (PLC). Up to 8 analogue motions\" \/>\n<meta property=\"og:url\" content=\"https:\/\/akerstroms.se\/en\/product\/remotus-t-rx100\/\" \/>\n<meta property=\"og:site_name\" content=\"\u00c5kerstr\u00f6ms Bj\u00f6rbo\" \/>\n<meta property=\"article:publisher\" content=\"https:\/\/www.facebook.com\/akerstroms.se\" \/>\n<meta property=\"article:modified_time\" content=\"2021-10-22T13:41:41+00:00\" \/>\n<meta property=\"og:image\" content=\"https:\/\/akerstroms.se\/app\/uploads\/2021\/04\/T-RX100.jpg\" \/>\n\t<meta property=\"og:image:width\" content=\"930\" \/>\n\t<meta property=\"og:image:height\" content=\"1240\" \/>\n\t<meta property=\"og:image:type\" content=\"image\/jpeg\" \/>\n<meta name=\"twitter:card\" content=\"summary_large_image\" \/>\n<script type=\"application\/ld+json\" class=\"yoast-schema-graph\">{\"@context\":\"https:\\\/\\\/schema.org\",\"@graph\":[{\"@type\":\"WebPage\",\"@id\":\"https:\\\/\\\/akerstroms.se\\\/en\\\/product\\\/remotus-t-rx100\\\/\",\"url\":\"https:\\\/\\\/akerstroms.se\\\/en\\\/product\\\/remotus-t-rx100\\\/\",\"name\":\"Remotus Remotus T-Rx 100 PLC-mottagare - \u00c5kerstr\u00f6ms Bj\u00f6rbo\",\"isPartOf\":{\"@id\":\"https:\\\/\\\/akerstroms.se\\\/#website\"},\"primaryImageOfPage\":{\"@id\":\"https:\\\/\\\/akerstroms.se\\\/en\\\/product\\\/remotus-t-rx100\\\/#primaryimage\"},\"image\":{\"@id\":\"https:\\\/\\\/akerstroms.se\\\/en\\\/product\\\/remotus-t-rx100\\\/#primaryimage\"},\"thumbnailUrl\":\"https:\\\/\\\/akerstroms.se\\\/app\\\/uploads\\\/2021\\\/04\\\/T-RX100.jpg\",\"datePublished\":\"2021-10-01T13:26:52+00:00\",\"dateModified\":\"2021-10-22T13:41:41+00:00\",\"description\":\"Remotus T-Rx 100 is a CANopen based receiver for controlling via control units (PLC). Up to 8 analogue motions\",\"breadcrumb\":{\"@id\":\"https:\\\/\\\/akerstroms.se\\\/en\\\/product\\\/remotus-t-rx100\\\/#breadcrumb\"},\"inLanguage\":\"en-US\",\"potentialAction\":[{\"@type\":\"ReadAction\",\"target\":[\"https:\\\/\\\/akerstroms.se\\\/en\\\/product\\\/remotus-t-rx100\\\/\"]}]},{\"@type\":\"ImageObject\",\"inLanguage\":\"en-US\",\"@id\":\"https:\\\/\\\/akerstroms.se\\\/en\\\/product\\\/remotus-t-rx100\\\/#primaryimage\",\"url\":\"https:\\\/\\\/akerstroms.se\\\/app\\\/uploads\\\/2021\\\/04\\\/T-RX100.jpg\",\"contentUrl\":\"https:\\\/\\\/akerstroms.se\\\/app\\\/uploads\\\/2021\\\/04\\\/T-RX100.jpg\",\"width\":930,\"height\":1240,\"caption\":\"T-RX 100\"},{\"@type\":\"BreadcrumbList\",\"@id\":\"https:\\\/\\\/akerstroms.se\\\/en\\\/product\\\/remotus-t-rx100\\\/#breadcrumb\",\"itemListElement\":[{\"@type\":\"ListItem\",\"position\":1,\"name\":\"Home\",\"item\":\"https:\\\/\\\/akerstroms.se\\\/en\\\/\"},{\"@type\":\"ListItem\",\"position\":2,\"name\":\"Shop\",\"item\":\"https:\\\/\\\/akerstroms.se\\\/en\\\/shop\\\/\"},{\"@type\":\"ListItem\",\"position\":3,\"name\":\"Remotus T-Rx 100\"}]},{\"@type\":\"WebSite\",\"@id\":\"https:\\\/\\\/akerstroms.se\\\/#website\",\"url\":\"https:\\\/\\\/akerstroms.se\\\/\",\"name\":\"\u00c5kerstr\u00f6ms Bj\u00f6rbo\",\"description\":\"Radiostyrning f\u00f6r industriella och mobila applikationer\",\"publisher\":{\"@id\":\"https:\\\/\\\/akerstroms.se\\\/#organization\"},\"potentialAction\":[{\"@type\":\"SearchAction\",\"target\":{\"@type\":\"EntryPoint\",\"urlTemplate\":\"https:\\\/\\\/akerstroms.se\\\/?s={search_term_string}\"},\"query-input\":{\"@type\":\"PropertyValueSpecification\",\"valueRequired\":true,\"valueName\":\"search_term_string\"}}],\"inLanguage\":\"en-US\"},{\"@type\":\"Organization\",\"@id\":\"https:\\\/\\\/akerstroms.se\\\/#organization\",\"name\":\"\u00c5kerstr\u00f6ms AB\",\"url\":\"https:\\\/\\\/akerstroms.se\\\/\",\"logo\":{\"@type\":\"ImageObject\",\"inLanguage\":\"en-US\",\"@id\":\"https:\\\/\\\/akerstroms.se\\\/#\\\/schema\\\/logo\\\/image\\\/\",\"url\":\"https:\\\/\\\/akerstroms.se\\\/app\\\/uploads\\\/2021\\\/10\\\/akerstroms-logo.png\",\"contentUrl\":\"https:\\\/\\\/akerstroms.se\\\/app\\\/uploads\\\/2021\\\/10\\\/akerstroms-logo.png\",\"width\":400,\"height\":86,\"caption\":\"\u00c5kerstr\u00f6ms AB\"},\"image\":{\"@id\":\"https:\\\/\\\/akerstroms.se\\\/#\\\/schema\\\/logo\\\/image\\\/\"},\"sameAs\":[\"https:\\\/\\\/www.facebook.com\\\/akerstroms.se\",\"https:\\\/\\\/www.linkedin.com\\\/company\\\/akerstroms\\\/\",\"https:\\\/\\\/www.youtube.com\\\/channel\\\/UC8S-jX9nA8c9qBaTlgqg1CQ\"]}]}<\/script>\n<!-- \/ Yoast SEO plugin. -->","yoast_head_json":{"title":"Remotus Remotus T-Rx 100 PLC-mottagare - \u00c5kerstr\u00f6ms Bj\u00f6rbo","description":"Remotus T-Rx 100 is a CANopen based receiver for controlling via control units (PLC). Up to 8 analogue motions","robots":{"index":"index","follow":"follow","max-snippet":"max-snippet:-1","max-image-preview":"max-image-preview:large","max-video-preview":"max-video-preview:-1"},"canonical":"https:\/\/akerstroms.se\/en\/product\/remotus-t-rx100\/","og_locale":"en_US","og_type":"article","og_title":"Remotus Remotus T-Rx 100 PLC-mottagare - \u00c5kerstr\u00f6ms Bj\u00f6rbo","og_description":"Remotus T-Rx 100 is a CANopen based receiver for controlling via control units (PLC). Up to 8 analogue motions","og_url":"https:\/\/akerstroms.se\/en\/product\/remotus-t-rx100\/","og_site_name":"\u00c5kerstr\u00f6ms Bj\u00f6rbo","article_publisher":"https:\/\/www.facebook.com\/akerstroms.se","article_modified_time":"2021-10-22T13:41:41+00:00","og_image":[{"width":930,"height":1240,"url":"https:\/\/akerstroms.se\/app\/uploads\/2021\/04\/T-RX100.jpg","type":"image\/jpeg"}],"twitter_card":"summary_large_image","schema":{"@context":"https:\/\/schema.org","@graph":[{"@type":"WebPage","@id":"https:\/\/akerstroms.se\/en\/product\/remotus-t-rx100\/","url":"https:\/\/akerstroms.se\/en\/product\/remotus-t-rx100\/","name":"Remotus Remotus T-Rx 100 PLC-mottagare - \u00c5kerstr\u00f6ms Bj\u00f6rbo","isPartOf":{"@id":"https:\/\/akerstroms.se\/#website"},"primaryImageOfPage":{"@id":"https:\/\/akerstroms.se\/en\/product\/remotus-t-rx100\/#primaryimage"},"image":{"@id":"https:\/\/akerstroms.se\/en\/product\/remotus-t-rx100\/#primaryimage"},"thumbnailUrl":"https:\/\/akerstroms.se\/app\/uploads\/2021\/04\/T-RX100.jpg","datePublished":"2021-10-01T13:26:52+00:00","dateModified":"2021-10-22T13:41:41+00:00","description":"Remotus T-Rx 100 is a CANopen based receiver for controlling via control units (PLC). Up to 8 analogue motions","breadcrumb":{"@id":"https:\/\/akerstroms.se\/en\/product\/remotus-t-rx100\/#breadcrumb"},"inLanguage":"en-US","potentialAction":[{"@type":"ReadAction","target":["https:\/\/akerstroms.se\/en\/product\/remotus-t-rx100\/"]}]},{"@type":"ImageObject","inLanguage":"en-US","@id":"https:\/\/akerstroms.se\/en\/product\/remotus-t-rx100\/#primaryimage","url":"https:\/\/akerstroms.se\/app\/uploads\/2021\/04\/T-RX100.jpg","contentUrl":"https:\/\/akerstroms.se\/app\/uploads\/2021\/04\/T-RX100.jpg","width":930,"height":1240,"caption":"T-RX 100"},{"@type":"BreadcrumbList","@id":"https:\/\/akerstroms.se\/en\/product\/remotus-t-rx100\/#breadcrumb","itemListElement":[{"@type":"ListItem","position":1,"name":"Home","item":"https:\/\/akerstroms.se\/en\/"},{"@type":"ListItem","position":2,"name":"Shop","item":"https:\/\/akerstroms.se\/en\/shop\/"},{"@type":"ListItem","position":3,"name":"Remotus T-Rx 100"}]},{"@type":"WebSite","@id":"https:\/\/akerstroms.se\/#website","url":"https:\/\/akerstroms.se\/","name":"\u00c5kerstr\u00f6ms Bj\u00f6rbo","description":"Radiostyrning f\u00f6r industriella och mobila applikationer","publisher":{"@id":"https:\/\/akerstroms.se\/#organization"},"potentialAction":[{"@type":"SearchAction","target":{"@type":"EntryPoint","urlTemplate":"https:\/\/akerstroms.se\/?s={search_term_string}"},"query-input":{"@type":"PropertyValueSpecification","valueRequired":true,"valueName":"search_term_string"}}],"inLanguage":"en-US"},{"@type":"Organization","@id":"https:\/\/akerstroms.se\/#organization","name":"\u00c5kerstr\u00f6ms AB","url":"https:\/\/akerstroms.se\/","logo":{"@type":"ImageObject","inLanguage":"en-US","@id":"https:\/\/akerstroms.se\/#\/schema\/logo\/image\/","url":"https:\/\/akerstroms.se\/app\/uploads\/2021\/10\/akerstroms-logo.png","contentUrl":"https:\/\/akerstroms.se\/app\/uploads\/2021\/10\/akerstroms-logo.png","width":400,"height":86,"caption":"\u00c5kerstr\u00f6ms AB"},"image":{"@id":"https:\/\/akerstroms.se\/#\/schema\/logo\/image\/"},"sameAs":["https:\/\/www.facebook.com\/akerstroms.se","https:\/\/www.linkedin.com\/company\/akerstroms\/","https:\/\/www.youtube.com\/channel\/UC8S-jX9nA8c9qBaTlgqg1CQ"]}]}},"_links":{"self":[{"href":"https:\/\/akerstroms.se\/en\/wp-json\/wp\/v2\/product\/10869","targetHints":{"allow":["GET"]}}],"collection":[{"href":"https:\/\/akerstroms.se\/en\/wp-json\/wp\/v2\/product"}],"about":[{"href":"https:\/\/akerstroms.se\/en\/wp-json\/wp\/v2\/types\/product"}],"wp:featuredmedia":[{"embeddable":true,"href":"https:\/\/akerstroms.se\/en\/wp-json\/wp\/v2\/media\/7058"}],"wp:attachment":[{"href":"https:\/\/akerstroms.se\/en\/wp-json\/wp\/v2\/media?parent=10869"}],"wp:term":[{"taxonomy":"product_brand","embeddable":true,"href":"https:\/\/akerstroms.se\/en\/wp-json\/wp\/v2\/product_brand?post=10869"},{"taxonomy":"product_cat","embeddable":true,"href":"https:\/\/akerstroms.se\/en\/wp-json\/wp\/v2\/product_cat?post=10869"},{"taxonomy":"product_tag","embeddable":true,"href":"https:\/\/akerstroms.se\/en\/wp-json\/wp\/v2\/product_tag?post=10869"}],"curies":[{"name":"wp","href":"https:\/\/api.w.org\/{rel}","templated":true}]}}