{"id":10840,"date":"2021-04-28T11:37:24","date_gmt":"2021-10-01T13:24:39","guid":{"rendered":"https:\/\/akerstroms.se\/product\/remotus-28jbd-2\/"},"modified":"2021-10-22T15:42:11","modified_gmt":"2021-10-22T13:42:11","slug":"remotus-28jbd","status":"publish","type":"product","link":"https:\/\/akerstroms.se\/en\/product\/remotus-28jbd\/","title":{"rendered":"Remotus 28JBD"},"content":{"rendered":"","protected":false},"excerpt":{"rendered":"<h3>Remotus 28JBD is a rugged handheld transmitter made mostly for different vehicles and their functions.<\/h3>\n<p>Remotus 28JBD is a unique, rugged transmitter with 8 two-stage buttons and two joysticks. The 28JBD is available with or without graphic display. Th transmitter is very customizable, which makes it well suited for many applications in the automotive and superstructure industries, for example tow cars and sludge tankers where you control various functions such as ramps, winches, suction functions, engine speed etc. To handle rapid and wide temperature swings, it is equipped with a diaphragm vent that releases any condensation. The 28JBD runs on both the general and the individual frequency bands and has distinct interchangeable symbols that can be made to order to meet the customer\u2019s needs. Remotus 28JBD can be equipped with a 102&#215;64-pixel graphic display, where up to four values with unit can be displayed simultaneously, numerically or as bars. The transmitter is equipped with a temperature-compensated battery indicator and warns when the battery level is low. A configuration information module (CIM) stores the transmitter\u2019s configuration. That way, a transmitter\u2019s configuration can be effortlessly moved to another transmitter, for example, when a reserve transmitter replaces the current transmitter.<\/p>\n","protected":false},"featured_media":6939,"template":"","meta":{"_acf_changed":false},"product_brand":[],"product_cat":[137,139],"product_tag":[187,182,180,188],"class_list":{"0":"post-10840","1":"product","2":"type-product","3":"status-publish","4":"has-post-thumbnail","6":"product_cat-handheld-transmitters-en","7":"product_cat-remotus-en","8":"product_tag-machinery-en","9":"product_tag-ports-ferries-en","10":"product_tag-vehicles-superstructures-en","11":"product_tag-winches-en","13":"first","14":"instock","15":"product-type-simple"},"acf":[],"yoast_head":"<!-- This site is optimized with the Yoast SEO plugin v27.4 - https:\/\/yoast.com\/product\/yoast-seo-wordpress\/ -->\n<title>Remotus Remotus 28JBD f\u00f6r kranar, fordon, pumpar och vinsch - \u00c5kerstr\u00f6ms Bj\u00f6rbo<\/title>\n<meta name=\"description\" content=\"Remotus 28JBD is a rugged handheld transmitter made for both indoor and outdoor environments. For cranes, vehicles, harbours and ferries, pumps and winches.\" \/>\n<meta name=\"robots\" content=\"index, follow, max-snippet:-1, max-image-preview:large, max-video-preview:-1\" \/>\n<link rel=\"canonical\" href=\"https:\/\/akerstroms.se\/en\/product\/remotus-28jbd\/\" \/>\n<meta property=\"og:locale\" content=\"en_US\" \/>\n<meta property=\"og:type\" content=\"article\" \/>\n<meta property=\"og:title\" content=\"Remotus Remotus 28JBD f\u00f6r kranar, fordon, pumpar och vinsch - \u00c5kerstr\u00f6ms Bj\u00f6rbo\" \/>\n<meta property=\"og:description\" content=\"Remotus 28JBD is a rugged handheld transmitter made for both indoor and outdoor environments. For cranes, vehicles, harbours and ferries, pumps and winches.\" \/>\n<meta property=\"og:url\" content=\"https:\/\/akerstroms.se\/en\/product\/remotus-28jbd\/\" \/>\n<meta property=\"og:site_name\" content=\"\u00c5kerstr\u00f6ms Bj\u00f6rbo\" \/>\n<meta property=\"article:publisher\" content=\"https:\/\/www.facebook.com\/akerstroms.se\" \/>\n<meta property=\"article:modified_time\" content=\"2021-10-22T13:42:11+00:00\" \/>\n<meta property=\"og:image\" content=\"https:\/\/akerstroms.se\/app\/uploads\/2021\/04\/Remotus-28JBD.jpg\" \/>\n\t<meta property=\"og:image:width\" content=\"930\" \/>\n\t<meta property=\"og:image:height\" content=\"1271\" \/>\n\t<meta property=\"og:image:type\" content=\"image\/jpeg\" \/>\n<meta name=\"twitter:card\" content=\"summary_large_image\" \/>\n<script type=\"application\/ld+json\" class=\"yoast-schema-graph\">{\"@context\":\"https:\\\/\\\/schema.org\",\"@graph\":[{\"@type\":\"WebPage\",\"@id\":\"https:\\\/\\\/akerstroms.se\\\/en\\\/product\\\/remotus-28jbd\\\/\",\"url\":\"https:\\\/\\\/akerstroms.se\\\/en\\\/product\\\/remotus-28jbd\\\/\",\"name\":\"Remotus Remotus 28JBD f\u00f6r kranar, fordon, pumpar och vinsch - \u00c5kerstr\u00f6ms Bj\u00f6rbo\",\"isPartOf\":{\"@id\":\"https:\\\/\\\/akerstroms.se\\\/#website\"},\"primaryImageOfPage\":{\"@id\":\"https:\\\/\\\/akerstroms.se\\\/en\\\/product\\\/remotus-28jbd\\\/#primaryimage\"},\"image\":{\"@id\":\"https:\\\/\\\/akerstroms.se\\\/en\\\/product\\\/remotus-28jbd\\\/#primaryimage\"},\"thumbnailUrl\":\"https:\\\/\\\/akerstroms.se\\\/app\\\/uploads\\\/2021\\\/04\\\/Remotus-28JBD.jpg\",\"datePublished\":\"2021-10-01T13:24:39+00:00\",\"dateModified\":\"2021-10-22T13:42:11+00:00\",\"description\":\"Remotus 28JBD is a rugged handheld transmitter made for both indoor and outdoor environments. For cranes, vehicles, harbours and ferries, pumps and winches.\",\"breadcrumb\":{\"@id\":\"https:\\\/\\\/akerstroms.se\\\/en\\\/product\\\/remotus-28jbd\\\/#breadcrumb\"},\"inLanguage\":\"en-US\",\"potentialAction\":[{\"@type\":\"ReadAction\",\"target\":[\"https:\\\/\\\/akerstroms.se\\\/en\\\/product\\\/remotus-28jbd\\\/\"]}]},{\"@type\":\"ImageObject\",\"inLanguage\":\"en-US\",\"@id\":\"https:\\\/\\\/akerstroms.se\\\/en\\\/product\\\/remotus-28jbd\\\/#primaryimage\",\"url\":\"https:\\\/\\\/akerstroms.se\\\/app\\\/uploads\\\/2021\\\/04\\\/Remotus-28JBD.jpg\",\"contentUrl\":\"https:\\\/\\\/akerstroms.se\\\/app\\\/uploads\\\/2021\\\/04\\\/Remotus-28JBD.jpg\",\"width\":930,\"height\":1271,\"caption\":\"Remotus 28JBD\"},{\"@type\":\"BreadcrumbList\",\"@id\":\"https:\\\/\\\/akerstroms.se\\\/en\\\/product\\\/remotus-28jbd\\\/#breadcrumb\",\"itemListElement\":[{\"@type\":\"ListItem\",\"position\":1,\"name\":\"Home\",\"item\":\"https:\\\/\\\/akerstroms.se\\\/en\\\/\"},{\"@type\":\"ListItem\",\"position\":2,\"name\":\"Shop\",\"item\":\"https:\\\/\\\/akerstroms.se\\\/en\\\/shop\\\/\"},{\"@type\":\"ListItem\",\"position\":3,\"name\":\"Remotus 28JBD\"}]},{\"@type\":\"WebSite\",\"@id\":\"https:\\\/\\\/akerstroms.se\\\/#website\",\"url\":\"https:\\\/\\\/akerstroms.se\\\/\",\"name\":\"\u00c5kerstr\u00f6ms Bj\u00f6rbo\",\"description\":\"Radiostyrning f\u00f6r industriella och mobila applikationer\",\"publisher\":{\"@id\":\"https:\\\/\\\/akerstroms.se\\\/#organization\"},\"potentialAction\":[{\"@type\":\"SearchAction\",\"target\":{\"@type\":\"EntryPoint\",\"urlTemplate\":\"https:\\\/\\\/akerstroms.se\\\/?s={search_term_string}\"},\"query-input\":{\"@type\":\"PropertyValueSpecification\",\"valueRequired\":true,\"valueName\":\"search_term_string\"}}],\"inLanguage\":\"en-US\"},{\"@type\":\"Organization\",\"@id\":\"https:\\\/\\\/akerstroms.se\\\/#organization\",\"name\":\"\u00c5kerstr\u00f6ms AB\",\"url\":\"https:\\\/\\\/akerstroms.se\\\/\",\"logo\":{\"@type\":\"ImageObject\",\"inLanguage\":\"en-US\",\"@id\":\"https:\\\/\\\/akerstroms.se\\\/#\\\/schema\\\/logo\\\/image\\\/\",\"url\":\"https:\\\/\\\/akerstroms.se\\\/app\\\/uploads\\\/2021\\\/10\\\/akerstroms-logo.png\",\"contentUrl\":\"https:\\\/\\\/akerstroms.se\\\/app\\\/uploads\\\/2021\\\/10\\\/akerstroms-logo.png\",\"width\":400,\"height\":86,\"caption\":\"\u00c5kerstr\u00f6ms AB\"},\"image\":{\"@id\":\"https:\\\/\\\/akerstroms.se\\\/#\\\/schema\\\/logo\\\/image\\\/\"},\"sameAs\":[\"https:\\\/\\\/www.facebook.com\\\/akerstroms.se\",\"https:\\\/\\\/www.linkedin.com\\\/company\\\/akerstroms\\\/\",\"https:\\\/\\\/www.youtube.com\\\/channel\\\/UC8S-jX9nA8c9qBaTlgqg1CQ\"]}]}<\/script>\n<!-- \/ Yoast SEO plugin. -->","yoast_head_json":{"title":"Remotus Remotus 28JBD f\u00f6r kranar, fordon, pumpar och vinsch - \u00c5kerstr\u00f6ms Bj\u00f6rbo","description":"Remotus 28JBD is a rugged handheld transmitter made for both indoor and outdoor environments. For cranes, vehicles, harbours and ferries, pumps and winches.","robots":{"index":"index","follow":"follow","max-snippet":"max-snippet:-1","max-image-preview":"max-image-preview:large","max-video-preview":"max-video-preview:-1"},"canonical":"https:\/\/akerstroms.se\/en\/product\/remotus-28jbd\/","og_locale":"en_US","og_type":"article","og_title":"Remotus Remotus 28JBD f\u00f6r kranar, fordon, pumpar och vinsch - \u00c5kerstr\u00f6ms Bj\u00f6rbo","og_description":"Remotus 28JBD is a rugged handheld transmitter made for both indoor and outdoor environments. For cranes, vehicles, harbours and ferries, pumps and winches.","og_url":"https:\/\/akerstroms.se\/en\/product\/remotus-28jbd\/","og_site_name":"\u00c5kerstr\u00f6ms Bj\u00f6rbo","article_publisher":"https:\/\/www.facebook.com\/akerstroms.se","article_modified_time":"2021-10-22T13:42:11+00:00","og_image":[{"width":930,"height":1271,"url":"https:\/\/akerstroms.se\/app\/uploads\/2021\/04\/Remotus-28JBD.jpg","type":"image\/jpeg"}],"twitter_card":"summary_large_image","schema":{"@context":"https:\/\/schema.org","@graph":[{"@type":"WebPage","@id":"https:\/\/akerstroms.se\/en\/product\/remotus-28jbd\/","url":"https:\/\/akerstroms.se\/en\/product\/remotus-28jbd\/","name":"Remotus Remotus 28JBD f\u00f6r kranar, fordon, pumpar och vinsch - \u00c5kerstr\u00f6ms Bj\u00f6rbo","isPartOf":{"@id":"https:\/\/akerstroms.se\/#website"},"primaryImageOfPage":{"@id":"https:\/\/akerstroms.se\/en\/product\/remotus-28jbd\/#primaryimage"},"image":{"@id":"https:\/\/akerstroms.se\/en\/product\/remotus-28jbd\/#primaryimage"},"thumbnailUrl":"https:\/\/akerstroms.se\/app\/uploads\/2021\/04\/Remotus-28JBD.jpg","datePublished":"2021-10-01T13:24:39+00:00","dateModified":"2021-10-22T13:42:11+00:00","description":"Remotus 28JBD is a rugged handheld transmitter made for both indoor and outdoor environments. For cranes, vehicles, harbours and ferries, pumps and winches.","breadcrumb":{"@id":"https:\/\/akerstroms.se\/en\/product\/remotus-28jbd\/#breadcrumb"},"inLanguage":"en-US","potentialAction":[{"@type":"ReadAction","target":["https:\/\/akerstroms.se\/en\/product\/remotus-28jbd\/"]}]},{"@type":"ImageObject","inLanguage":"en-US","@id":"https:\/\/akerstroms.se\/en\/product\/remotus-28jbd\/#primaryimage","url":"https:\/\/akerstroms.se\/app\/uploads\/2021\/04\/Remotus-28JBD.jpg","contentUrl":"https:\/\/akerstroms.se\/app\/uploads\/2021\/04\/Remotus-28JBD.jpg","width":930,"height":1271,"caption":"Remotus 28JBD"},{"@type":"BreadcrumbList","@id":"https:\/\/akerstroms.se\/en\/product\/remotus-28jbd\/#breadcrumb","itemListElement":[{"@type":"ListItem","position":1,"name":"Home","item":"https:\/\/akerstroms.se\/en\/"},{"@type":"ListItem","position":2,"name":"Shop","item":"https:\/\/akerstroms.se\/en\/shop\/"},{"@type":"ListItem","position":3,"name":"Remotus 28JBD"}]},{"@type":"WebSite","@id":"https:\/\/akerstroms.se\/#website","url":"https:\/\/akerstroms.se\/","name":"\u00c5kerstr\u00f6ms Bj\u00f6rbo","description":"Radiostyrning f\u00f6r industriella och mobila applikationer","publisher":{"@id":"https:\/\/akerstroms.se\/#organization"},"potentialAction":[{"@type":"SearchAction","target":{"@type":"EntryPoint","urlTemplate":"https:\/\/akerstroms.se\/?s={search_term_string}"},"query-input":{"@type":"PropertyValueSpecification","valueRequired":true,"valueName":"search_term_string"}}],"inLanguage":"en-US"},{"@type":"Organization","@id":"https:\/\/akerstroms.se\/#organization","name":"\u00c5kerstr\u00f6ms AB","url":"https:\/\/akerstroms.se\/","logo":{"@type":"ImageObject","inLanguage":"en-US","@id":"https:\/\/akerstroms.se\/#\/schema\/logo\/image\/","url":"https:\/\/akerstroms.se\/app\/uploads\/2021\/10\/akerstroms-logo.png","contentUrl":"https:\/\/akerstroms.se\/app\/uploads\/2021\/10\/akerstroms-logo.png","width":400,"height":86,"caption":"\u00c5kerstr\u00f6ms AB"},"image":{"@id":"https:\/\/akerstroms.se\/#\/schema\/logo\/image\/"},"sameAs":["https:\/\/www.facebook.com\/akerstroms.se","https:\/\/www.linkedin.com\/company\/akerstroms\/","https:\/\/www.youtube.com\/channel\/UC8S-jX9nA8c9qBaTlgqg1CQ"]}]}},"_links":{"self":[{"href":"https:\/\/akerstroms.se\/en\/wp-json\/wp\/v2\/product\/10840","targetHints":{"allow":["GET"]}}],"collection":[{"href":"https:\/\/akerstroms.se\/en\/wp-json\/wp\/v2\/product"}],"about":[{"href":"https:\/\/akerstroms.se\/en\/wp-json\/wp\/v2\/types\/product"}],"wp:featuredmedia":[{"embeddable":true,"href":"https:\/\/akerstroms.se\/en\/wp-json\/wp\/v2\/media\/6939"}],"wp:attachment":[{"href":"https:\/\/akerstroms.se\/en\/wp-json\/wp\/v2\/media?parent=10840"}],"wp:term":[{"taxonomy":"product_brand","embeddable":true,"href":"https:\/\/akerstroms.se\/en\/wp-json\/wp\/v2\/product_brand?post=10840"},{"taxonomy":"product_cat","embeddable":true,"href":"https:\/\/akerstroms.se\/en\/wp-json\/wp\/v2\/product_cat?post=10840"},{"taxonomy":"product_tag","embeddable":true,"href":"https:\/\/akerstroms.se\/en\/wp-json\/wp\/v2\/product_tag?post=10840"}],"curies":[{"name":"wp","href":"https:\/\/api.w.org\/{rel}","templated":true}]}}