{"id":10838,"date":"2021-04-28T09:35:43","date_gmt":"2021-10-01T13:24:31","guid":{"rendered":"https:\/\/akerstroms.se\/product\/remotus-8b-2\/"},"modified":"2022-03-10T08:17:03","modified_gmt":"2022-03-10T07:17:03","slug":"remotus-8b","status":"publish","type":"product","link":"https:\/\/akerstroms.se\/en\/product\/remotus-8b\/","title":{"rendered":"Remotus 8B"},"content":{"rendered":"","protected":false},"excerpt":{"rendered":"<h3>Remotus 8B is a rugged handheld transmitter made for both indoor and outdoor environments.<\/h3>\n<p>Remotus 8B has 8 two-stage buttons that provide up to 16 functions. The 8B is available with or without graphic display. The transmitter is very customizable, and is suitable for industrial  applications, such as cranes and hoists. The 8B runs on both the general and the individual frequency bands and has distinct interchangeable symbols that can be made to order to meet the customer\u2019s needs. The transmitter is equipped with a temperature-compensated battery indicator and warns when the battery level is low. A configuration information module (CIM) stores the transmitter\u2019s configuration. That way, a transmitter\u2019s configuration can be effortlessly moved to another transmitter, for example, when a reserve transmitter replaces the current transmitter. The CIM is secured during operation but is easily accessible for service.<\/p>\n","protected":false},"featured_media":6934,"template":"","meta":{"_acf_changed":false},"product_brand":[],"product_cat":[137,139],"product_tag":[183],"class_list":{"0":"post-10838","1":"product","2":"type-product","3":"status-publish","4":"has-post-thumbnail","6":"product_cat-handheld-transmitters-en","7":"product_cat-remotus-en","8":"product_tag-cranes-lifts-en","10":"first","11":"instock","12":"product-type-simple"},"acf":[],"yoast_head":"<!-- This site is optimized with the Yoast SEO plugin v27.4 - https:\/\/yoast.com\/product\/yoast-seo-wordpress\/ -->\n<title>Remotus 8B - \u00c5kerstr\u00f6ms Bj\u00f6rbo<\/title>\n<meta name=\"robots\" content=\"index, follow, max-snippet:-1, max-image-preview:large, max-video-preview:-1\" \/>\n<link rel=\"canonical\" href=\"https:\/\/akerstroms.se\/en\/product\/remotus-8b\/\" \/>\n<meta property=\"og:locale\" content=\"en_US\" \/>\n<meta property=\"og:type\" content=\"article\" \/>\n<meta property=\"og:title\" content=\"Remotus 8B - \u00c5kerstr\u00f6ms Bj\u00f6rbo\" \/>\n<meta property=\"og:description\" content=\"Remotus 8B is a rugged handheld transmitter made for both indoor and outdoor environments. Remotus 8B has 8 two-stage buttons that provide up to 16 functions. The 8B is available with or without graphic display. The transmitter is very customizable, and is suitable for industrial applications, such as cranes and hoists. The 8B runs on both the general and the individual frequency bands and has distinct interchangeable symbols that can be made to order to meet the customer\u2019s needs. The transmitter is equipped with a temperature-compensated battery indicator and warns when the battery level is low. A configuration information module (CIM) stores the transmitter\u2019s configuration. That way, a transmitter\u2019s configuration can be effortlessly moved to another transmitter, for example, when a reserve transmitter replaces the current transmitter. The CIM is secured during operation but is easily accessible for service.\" \/>\n<meta property=\"og:url\" content=\"https:\/\/akerstroms.se\/en\/product\/remotus-8b\/\" \/>\n<meta property=\"og:site_name\" content=\"\u00c5kerstr\u00f6ms Bj\u00f6rbo\" \/>\n<meta property=\"article:publisher\" content=\"https:\/\/www.facebook.com\/akerstroms.se\" \/>\n<meta property=\"article:modified_time\" content=\"2022-03-10T07:17:03+00:00\" \/>\n<meta property=\"og:image\" content=\"https:\/\/akerstroms.se\/app\/uploads\/2021\/04\/Remotus-8B-1.jpg\" \/>\n\t<meta property=\"og:image:width\" content=\"930\" \/>\n\t<meta property=\"og:image:height\" content=\"1240\" \/>\n\t<meta property=\"og:image:type\" content=\"image\/jpeg\" \/>\n<meta name=\"twitter:card\" content=\"summary_large_image\" \/>\n<script type=\"application\/ld+json\" class=\"yoast-schema-graph\">{\"@context\":\"https:\\\/\\\/schema.org\",\"@graph\":[{\"@type\":\"WebPage\",\"@id\":\"https:\\\/\\\/akerstroms.se\\\/en\\\/product\\\/remotus-8b\\\/\",\"url\":\"https:\\\/\\\/akerstroms.se\\\/en\\\/product\\\/remotus-8b\\\/\",\"name\":\"Remotus 8B - \u00c5kerstr\u00f6ms Bj\u00f6rbo\",\"isPartOf\":{\"@id\":\"https:\\\/\\\/akerstroms.se\\\/#website\"},\"primaryImageOfPage\":{\"@id\":\"https:\\\/\\\/akerstroms.se\\\/en\\\/product\\\/remotus-8b\\\/#primaryimage\"},\"image\":{\"@id\":\"https:\\\/\\\/akerstroms.se\\\/en\\\/product\\\/remotus-8b\\\/#primaryimage\"},\"thumbnailUrl\":\"https:\\\/\\\/akerstroms.se\\\/app\\\/uploads\\\/2021\\\/04\\\/Remotus-8B-1.jpg\",\"datePublished\":\"2021-10-01T13:24:31+00:00\",\"dateModified\":\"2022-03-10T07:17:03+00:00\",\"breadcrumb\":{\"@id\":\"https:\\\/\\\/akerstroms.se\\\/en\\\/product\\\/remotus-8b\\\/#breadcrumb\"},\"inLanguage\":\"en-US\",\"potentialAction\":[{\"@type\":\"ReadAction\",\"target\":[\"https:\\\/\\\/akerstroms.se\\\/en\\\/product\\\/remotus-8b\\\/\"]}]},{\"@type\":\"ImageObject\",\"inLanguage\":\"en-US\",\"@id\":\"https:\\\/\\\/akerstroms.se\\\/en\\\/product\\\/remotus-8b\\\/#primaryimage\",\"url\":\"https:\\\/\\\/akerstroms.se\\\/app\\\/uploads\\\/2021\\\/04\\\/Remotus-8B-1.jpg\",\"contentUrl\":\"https:\\\/\\\/akerstroms.se\\\/app\\\/uploads\\\/2021\\\/04\\\/Remotus-8B-1.jpg\",\"width\":930,\"height\":1240,\"caption\":\"Remotus-8B\"},{\"@type\":\"BreadcrumbList\",\"@id\":\"https:\\\/\\\/akerstroms.se\\\/en\\\/product\\\/remotus-8b\\\/#breadcrumb\",\"itemListElement\":[{\"@type\":\"ListItem\",\"position\":1,\"name\":\"Home\",\"item\":\"https:\\\/\\\/akerstroms.se\\\/en\\\/\"},{\"@type\":\"ListItem\",\"position\":2,\"name\":\"Shop\",\"item\":\"https:\\\/\\\/akerstroms.se\\\/en\\\/shop\\\/\"},{\"@type\":\"ListItem\",\"position\":3,\"name\":\"Remotus 8B\"}]},{\"@type\":\"WebSite\",\"@id\":\"https:\\\/\\\/akerstroms.se\\\/#website\",\"url\":\"https:\\\/\\\/akerstroms.se\\\/\",\"name\":\"\u00c5kerstr\u00f6ms Bj\u00f6rbo\",\"description\":\"Radiostyrning f\u00f6r industriella och mobila applikationer\",\"publisher\":{\"@id\":\"https:\\\/\\\/akerstroms.se\\\/#organization\"},\"potentialAction\":[{\"@type\":\"SearchAction\",\"target\":{\"@type\":\"EntryPoint\",\"urlTemplate\":\"https:\\\/\\\/akerstroms.se\\\/?s={search_term_string}\"},\"query-input\":{\"@type\":\"PropertyValueSpecification\",\"valueRequired\":true,\"valueName\":\"search_term_string\"}}],\"inLanguage\":\"en-US\"},{\"@type\":\"Organization\",\"@id\":\"https:\\\/\\\/akerstroms.se\\\/#organization\",\"name\":\"\u00c5kerstr\u00f6ms AB\",\"url\":\"https:\\\/\\\/akerstroms.se\\\/\",\"logo\":{\"@type\":\"ImageObject\",\"inLanguage\":\"en-US\",\"@id\":\"https:\\\/\\\/akerstroms.se\\\/#\\\/schema\\\/logo\\\/image\\\/\",\"url\":\"https:\\\/\\\/akerstroms.se\\\/app\\\/uploads\\\/2021\\\/10\\\/akerstroms-logo.png\",\"contentUrl\":\"https:\\\/\\\/akerstroms.se\\\/app\\\/uploads\\\/2021\\\/10\\\/akerstroms-logo.png\",\"width\":400,\"height\":86,\"caption\":\"\u00c5kerstr\u00f6ms AB\"},\"image\":{\"@id\":\"https:\\\/\\\/akerstroms.se\\\/#\\\/schema\\\/logo\\\/image\\\/\"},\"sameAs\":[\"https:\\\/\\\/www.facebook.com\\\/akerstroms.se\",\"https:\\\/\\\/www.linkedin.com\\\/company\\\/akerstroms\\\/\",\"https:\\\/\\\/www.youtube.com\\\/channel\\\/UC8S-jX9nA8c9qBaTlgqg1CQ\"]}]}<\/script>\n<!-- \/ Yoast SEO plugin. -->","yoast_head_json":{"title":"Remotus 8B - \u00c5kerstr\u00f6ms Bj\u00f6rbo","robots":{"index":"index","follow":"follow","max-snippet":"max-snippet:-1","max-image-preview":"max-image-preview:large","max-video-preview":"max-video-preview:-1"},"canonical":"https:\/\/akerstroms.se\/en\/product\/remotus-8b\/","og_locale":"en_US","og_type":"article","og_title":"Remotus 8B - \u00c5kerstr\u00f6ms Bj\u00f6rbo","og_description":"Remotus 8B is a rugged handheld transmitter made for both indoor and outdoor environments. Remotus 8B has 8 two-stage buttons that provide up to 16 functions. The 8B is available with or without graphic display. The transmitter is very customizable, and is suitable for industrial applications, such as cranes and hoists. The 8B runs on both the general and the individual frequency bands and has distinct interchangeable symbols that can be made to order to meet the customer\u2019s needs. The transmitter is equipped with a temperature-compensated battery indicator and warns when the battery level is low. A configuration information module (CIM) stores the transmitter\u2019s configuration. That way, a transmitter\u2019s configuration can be effortlessly moved to another transmitter, for example, when a reserve transmitter replaces the current transmitter. The CIM is secured during operation but is easily accessible for service.","og_url":"https:\/\/akerstroms.se\/en\/product\/remotus-8b\/","og_site_name":"\u00c5kerstr\u00f6ms Bj\u00f6rbo","article_publisher":"https:\/\/www.facebook.com\/akerstroms.se","article_modified_time":"2022-03-10T07:17:03+00:00","og_image":[{"width":930,"height":1240,"url":"https:\/\/akerstroms.se\/app\/uploads\/2021\/04\/Remotus-8B-1.jpg","type":"image\/jpeg"}],"twitter_card":"summary_large_image","schema":{"@context":"https:\/\/schema.org","@graph":[{"@type":"WebPage","@id":"https:\/\/akerstroms.se\/en\/product\/remotus-8b\/","url":"https:\/\/akerstroms.se\/en\/product\/remotus-8b\/","name":"Remotus 8B - \u00c5kerstr\u00f6ms Bj\u00f6rbo","isPartOf":{"@id":"https:\/\/akerstroms.se\/#website"},"primaryImageOfPage":{"@id":"https:\/\/akerstroms.se\/en\/product\/remotus-8b\/#primaryimage"},"image":{"@id":"https:\/\/akerstroms.se\/en\/product\/remotus-8b\/#primaryimage"},"thumbnailUrl":"https:\/\/akerstroms.se\/app\/uploads\/2021\/04\/Remotus-8B-1.jpg","datePublished":"2021-10-01T13:24:31+00:00","dateModified":"2022-03-10T07:17:03+00:00","breadcrumb":{"@id":"https:\/\/akerstroms.se\/en\/product\/remotus-8b\/#breadcrumb"},"inLanguage":"en-US","potentialAction":[{"@type":"ReadAction","target":["https:\/\/akerstroms.se\/en\/product\/remotus-8b\/"]}]},{"@type":"ImageObject","inLanguage":"en-US","@id":"https:\/\/akerstroms.se\/en\/product\/remotus-8b\/#primaryimage","url":"https:\/\/akerstroms.se\/app\/uploads\/2021\/04\/Remotus-8B-1.jpg","contentUrl":"https:\/\/akerstroms.se\/app\/uploads\/2021\/04\/Remotus-8B-1.jpg","width":930,"height":1240,"caption":"Remotus-8B"},{"@type":"BreadcrumbList","@id":"https:\/\/akerstroms.se\/en\/product\/remotus-8b\/#breadcrumb","itemListElement":[{"@type":"ListItem","position":1,"name":"Home","item":"https:\/\/akerstroms.se\/en\/"},{"@type":"ListItem","position":2,"name":"Shop","item":"https:\/\/akerstroms.se\/en\/shop\/"},{"@type":"ListItem","position":3,"name":"Remotus 8B"}]},{"@type":"WebSite","@id":"https:\/\/akerstroms.se\/#website","url":"https:\/\/akerstroms.se\/","name":"\u00c5kerstr\u00f6ms Bj\u00f6rbo","description":"Radiostyrning f\u00f6r industriella och mobila applikationer","publisher":{"@id":"https:\/\/akerstroms.se\/#organization"},"potentialAction":[{"@type":"SearchAction","target":{"@type":"EntryPoint","urlTemplate":"https:\/\/akerstroms.se\/?s={search_term_string}"},"query-input":{"@type":"PropertyValueSpecification","valueRequired":true,"valueName":"search_term_string"}}],"inLanguage":"en-US"},{"@type":"Organization","@id":"https:\/\/akerstroms.se\/#organization","name":"\u00c5kerstr\u00f6ms AB","url":"https:\/\/akerstroms.se\/","logo":{"@type":"ImageObject","inLanguage":"en-US","@id":"https:\/\/akerstroms.se\/#\/schema\/logo\/image\/","url":"https:\/\/akerstroms.se\/app\/uploads\/2021\/10\/akerstroms-logo.png","contentUrl":"https:\/\/akerstroms.se\/app\/uploads\/2021\/10\/akerstroms-logo.png","width":400,"height":86,"caption":"\u00c5kerstr\u00f6ms AB"},"image":{"@id":"https:\/\/akerstroms.se\/#\/schema\/logo\/image\/"},"sameAs":["https:\/\/www.facebook.com\/akerstroms.se","https:\/\/www.linkedin.com\/company\/akerstroms\/","https:\/\/www.youtube.com\/channel\/UC8S-jX9nA8c9qBaTlgqg1CQ"]}]}},"_links":{"self":[{"href":"https:\/\/akerstroms.se\/en\/wp-json\/wp\/v2\/product\/10838","targetHints":{"allow":["GET"]}}],"collection":[{"href":"https:\/\/akerstroms.se\/en\/wp-json\/wp\/v2\/product"}],"about":[{"href":"https:\/\/akerstroms.se\/en\/wp-json\/wp\/v2\/types\/product"}],"wp:featuredmedia":[{"embeddable":true,"href":"https:\/\/akerstroms.se\/en\/wp-json\/wp\/v2\/media\/6934"}],"wp:attachment":[{"href":"https:\/\/akerstroms.se\/en\/wp-json\/wp\/v2\/media?parent=10838"}],"wp:term":[{"taxonomy":"product_brand","embeddable":true,"href":"https:\/\/akerstroms.se\/en\/wp-json\/wp\/v2\/product_brand?post=10838"},{"taxonomy":"product_cat","embeddable":true,"href":"https:\/\/akerstroms.se\/en\/wp-json\/wp\/v2\/product_cat?post=10838"},{"taxonomy":"product_tag","embeddable":true,"href":"https:\/\/akerstroms.se\/en\/wp-json\/wp\/v2\/product_tag?post=10838"}],"curies":[{"name":"wp","href":"https:\/\/api.w.org\/{rel}","templated":true}]}}