{"id":10835,"date":"2021-04-28T14:41:09","date_gmt":"2021-10-01T13:24:18","guid":{"rendered":"https:\/\/akerstroms.se\/product\/remotus-500jd-2\/"},"modified":"2022-09-16T13:05:01","modified_gmt":"2022-09-16T11:05:01","slug":"remotus-500jd","status":"publish","type":"product","link":"https:\/\/akerstroms.se\/en\/product\/remotus-500jd\/","title":{"rendered":"Remotus 500JD"},"content":{"rendered":"","protected":false},"excerpt":{"rendered":"<h3>Waist transmitter with joystick for cranes, vehicles and machinery<\/h3>\n<p>Remotus 500 is our largest standard model, made for handling very advanced mechanical equipment. Remotus 500 is tailored to the customer\u2019s needs and can control up to eight motions. Max. four joysticks or eight paddles. The display is backlit so it is legible even in strong sunlight. Also available without display. The emergency stop function complies with PL d, Cat 3, EN ISO 13849-1.<\/p>\n","protected":false},"featured_media":7867,"template":"","meta":{"_acf_changed":false},"product_brand":[],"product_cat":[139,131],"product_tag":[183,187,182,189,180,188],"class_list":{"0":"post-10835","1":"product","2":"type-product","3":"status-publish","4":"has-post-thumbnail","6":"product_cat-remotus-en","7":"product_cat-waist-transmitters-en","8":"product_tag-cranes-lifts-en","9":"product_tag-machinery-en","10":"product_tag-ports-ferries-en","11":"product_tag-pumps-en","12":"product_tag-vehicles-superstructures-en","13":"product_tag-winches-en","15":"first","16":"instock","17":"product-type-simple"},"acf":[],"yoast_head":"<!-- This site is optimized with the Yoast SEO plugin v27.4 - https:\/\/yoast.com\/product\/yoast-seo-wordpress\/ -->\n<title>Remotus 500JD - \u00c5kerstr\u00f6ms Bj\u00f6rbo<\/title>\n<meta name=\"robots\" content=\"index, follow, max-snippet:-1, max-image-preview:large, max-video-preview:-1\" \/>\n<link rel=\"canonical\" href=\"https:\/\/akerstroms.se\/en\/product\/remotus-500jd\/\" \/>\n<meta property=\"og:locale\" content=\"en_US\" \/>\n<meta property=\"og:type\" content=\"article\" \/>\n<meta property=\"og:title\" content=\"Remotus 500JD - \u00c5kerstr\u00f6ms Bj\u00f6rbo\" \/>\n<meta property=\"og:description\" content=\"Waist transmitter with joystick for cranes, vehicles and machinery Remotus 500 is our largest standard model, made for handling very advanced mechanical equipment. Remotus 500 is tailored to the customer\u2019s needs and can control up to eight motions. Max. four joysticks or eight paddles. The display is backlit so it is legible even in strong sunlight. Also available without display. The emergency stop function complies with PL d, Cat 3, EN ISO 13849-1.\" \/>\n<meta property=\"og:url\" content=\"https:\/\/akerstroms.se\/en\/product\/remotus-500jd\/\" \/>\n<meta property=\"og:site_name\" content=\"\u00c5kerstr\u00f6ms Bj\u00f6rbo\" \/>\n<meta property=\"article:publisher\" content=\"https:\/\/www.facebook.com\/akerstroms.se\" \/>\n<meta property=\"article:modified_time\" content=\"2022-09-16T11:05:01+00:00\" \/>\n<meta property=\"og:image\" content=\"https:\/\/akerstroms.se\/app\/uploads\/2021\/04\/Remotus-500-1.jpg\" \/>\n\t<meta property=\"og:image:width\" content=\"930\" \/>\n\t<meta property=\"og:image:height\" content=\"1240\" \/>\n\t<meta property=\"og:image:type\" content=\"image\/jpeg\" \/>\n<meta name=\"twitter:card\" content=\"summary_large_image\" \/>\n<script type=\"application\/ld+json\" class=\"yoast-schema-graph\">{\"@context\":\"https:\\\/\\\/schema.org\",\"@graph\":[{\"@type\":\"WebPage\",\"@id\":\"https:\\\/\\\/akerstroms.se\\\/en\\\/product\\\/remotus-500jd\\\/\",\"url\":\"https:\\\/\\\/akerstroms.se\\\/en\\\/product\\\/remotus-500jd\\\/\",\"name\":\"Remotus 500JD - \u00c5kerstr\u00f6ms Bj\u00f6rbo\",\"isPartOf\":{\"@id\":\"https:\\\/\\\/akerstroms.se\\\/#website\"},\"primaryImageOfPage\":{\"@id\":\"https:\\\/\\\/akerstroms.se\\\/en\\\/product\\\/remotus-500jd\\\/#primaryimage\"},\"image\":{\"@id\":\"https:\\\/\\\/akerstroms.se\\\/en\\\/product\\\/remotus-500jd\\\/#primaryimage\"},\"thumbnailUrl\":\"https:\\\/\\\/akerstroms.se\\\/app\\\/uploads\\\/2021\\\/04\\\/Remotus-500-1.jpg\",\"datePublished\":\"2021-10-01T13:24:18+00:00\",\"dateModified\":\"2022-09-16T11:05:01+00:00\",\"breadcrumb\":{\"@id\":\"https:\\\/\\\/akerstroms.se\\\/en\\\/product\\\/remotus-500jd\\\/#breadcrumb\"},\"inLanguage\":\"en-US\",\"potentialAction\":[{\"@type\":\"ReadAction\",\"target\":[\"https:\\\/\\\/akerstroms.se\\\/en\\\/product\\\/remotus-500jd\\\/\"]}]},{\"@type\":\"ImageObject\",\"inLanguage\":\"en-US\",\"@id\":\"https:\\\/\\\/akerstroms.se\\\/en\\\/product\\\/remotus-500jd\\\/#primaryimage\",\"url\":\"https:\\\/\\\/akerstroms.se\\\/app\\\/uploads\\\/2021\\\/04\\\/Remotus-500-1.jpg\",\"contentUrl\":\"https:\\\/\\\/akerstroms.se\\\/app\\\/uploads\\\/2021\\\/04\\\/Remotus-500-1.jpg\",\"width\":930,\"height\":1240,\"caption\":\"Remotus 500 waist transmitter\"},{\"@type\":\"BreadcrumbList\",\"@id\":\"https:\\\/\\\/akerstroms.se\\\/en\\\/product\\\/remotus-500jd\\\/#breadcrumb\",\"itemListElement\":[{\"@type\":\"ListItem\",\"position\":1,\"name\":\"Home\",\"item\":\"https:\\\/\\\/akerstroms.se\\\/en\\\/\"},{\"@type\":\"ListItem\",\"position\":2,\"name\":\"Shop\",\"item\":\"https:\\\/\\\/akerstroms.se\\\/en\\\/shop\\\/\"},{\"@type\":\"ListItem\",\"position\":3,\"name\":\"Remotus 500JD\"}]},{\"@type\":\"WebSite\",\"@id\":\"https:\\\/\\\/akerstroms.se\\\/#website\",\"url\":\"https:\\\/\\\/akerstroms.se\\\/\",\"name\":\"\u00c5kerstr\u00f6ms Bj\u00f6rbo\",\"description\":\"Radiostyrning f\u00f6r industriella och mobila applikationer\",\"publisher\":{\"@id\":\"https:\\\/\\\/akerstroms.se\\\/#organization\"},\"potentialAction\":[{\"@type\":\"SearchAction\",\"target\":{\"@type\":\"EntryPoint\",\"urlTemplate\":\"https:\\\/\\\/akerstroms.se\\\/?s={search_term_string}\"},\"query-input\":{\"@type\":\"PropertyValueSpecification\",\"valueRequired\":true,\"valueName\":\"search_term_string\"}}],\"inLanguage\":\"en-US\"},{\"@type\":\"Organization\",\"@id\":\"https:\\\/\\\/akerstroms.se\\\/#organization\",\"name\":\"\u00c5kerstr\u00f6ms AB\",\"url\":\"https:\\\/\\\/akerstroms.se\\\/\",\"logo\":{\"@type\":\"ImageObject\",\"inLanguage\":\"en-US\",\"@id\":\"https:\\\/\\\/akerstroms.se\\\/#\\\/schema\\\/logo\\\/image\\\/\",\"url\":\"https:\\\/\\\/akerstroms.se\\\/app\\\/uploads\\\/2021\\\/10\\\/akerstroms-logo.png\",\"contentUrl\":\"https:\\\/\\\/akerstroms.se\\\/app\\\/uploads\\\/2021\\\/10\\\/akerstroms-logo.png\",\"width\":400,\"height\":86,\"caption\":\"\u00c5kerstr\u00f6ms AB\"},\"image\":{\"@id\":\"https:\\\/\\\/akerstroms.se\\\/#\\\/schema\\\/logo\\\/image\\\/\"},\"sameAs\":[\"https:\\\/\\\/www.facebook.com\\\/akerstroms.se\",\"https:\\\/\\\/www.linkedin.com\\\/company\\\/akerstroms\\\/\",\"https:\\\/\\\/www.youtube.com\\\/channel\\\/UC8S-jX9nA8c9qBaTlgqg1CQ\"]}]}<\/script>\n<!-- \/ Yoast SEO plugin. -->","yoast_head_json":{"title":"Remotus 500JD - \u00c5kerstr\u00f6ms Bj\u00f6rbo","robots":{"index":"index","follow":"follow","max-snippet":"max-snippet:-1","max-image-preview":"max-image-preview:large","max-video-preview":"max-video-preview:-1"},"canonical":"https:\/\/akerstroms.se\/en\/product\/remotus-500jd\/","og_locale":"en_US","og_type":"article","og_title":"Remotus 500JD - \u00c5kerstr\u00f6ms Bj\u00f6rbo","og_description":"Waist transmitter with joystick for cranes, vehicles and machinery Remotus 500 is our largest standard model, made for handling very advanced mechanical equipment. Remotus 500 is tailored to the customer\u2019s needs and can control up to eight motions. Max. four joysticks or eight paddles. The display is backlit so it is legible even in strong sunlight. Also available without display. The emergency stop function complies with PL d, Cat 3, EN ISO 13849-1.","og_url":"https:\/\/akerstroms.se\/en\/product\/remotus-500jd\/","og_site_name":"\u00c5kerstr\u00f6ms Bj\u00f6rbo","article_publisher":"https:\/\/www.facebook.com\/akerstroms.se","article_modified_time":"2022-09-16T11:05:01+00:00","og_image":[{"width":930,"height":1240,"url":"https:\/\/akerstroms.se\/app\/uploads\/2021\/04\/Remotus-500-1.jpg","type":"image\/jpeg"}],"twitter_card":"summary_large_image","schema":{"@context":"https:\/\/schema.org","@graph":[{"@type":"WebPage","@id":"https:\/\/akerstroms.se\/en\/product\/remotus-500jd\/","url":"https:\/\/akerstroms.se\/en\/product\/remotus-500jd\/","name":"Remotus 500JD - \u00c5kerstr\u00f6ms Bj\u00f6rbo","isPartOf":{"@id":"https:\/\/akerstroms.se\/#website"},"primaryImageOfPage":{"@id":"https:\/\/akerstroms.se\/en\/product\/remotus-500jd\/#primaryimage"},"image":{"@id":"https:\/\/akerstroms.se\/en\/product\/remotus-500jd\/#primaryimage"},"thumbnailUrl":"https:\/\/akerstroms.se\/app\/uploads\/2021\/04\/Remotus-500-1.jpg","datePublished":"2021-10-01T13:24:18+00:00","dateModified":"2022-09-16T11:05:01+00:00","breadcrumb":{"@id":"https:\/\/akerstroms.se\/en\/product\/remotus-500jd\/#breadcrumb"},"inLanguage":"en-US","potentialAction":[{"@type":"ReadAction","target":["https:\/\/akerstroms.se\/en\/product\/remotus-500jd\/"]}]},{"@type":"ImageObject","inLanguage":"en-US","@id":"https:\/\/akerstroms.se\/en\/product\/remotus-500jd\/#primaryimage","url":"https:\/\/akerstroms.se\/app\/uploads\/2021\/04\/Remotus-500-1.jpg","contentUrl":"https:\/\/akerstroms.se\/app\/uploads\/2021\/04\/Remotus-500-1.jpg","width":930,"height":1240,"caption":"Remotus 500 waist transmitter"},{"@type":"BreadcrumbList","@id":"https:\/\/akerstroms.se\/en\/product\/remotus-500jd\/#breadcrumb","itemListElement":[{"@type":"ListItem","position":1,"name":"Home","item":"https:\/\/akerstroms.se\/en\/"},{"@type":"ListItem","position":2,"name":"Shop","item":"https:\/\/akerstroms.se\/en\/shop\/"},{"@type":"ListItem","position":3,"name":"Remotus 500JD"}]},{"@type":"WebSite","@id":"https:\/\/akerstroms.se\/#website","url":"https:\/\/akerstroms.se\/","name":"\u00c5kerstr\u00f6ms Bj\u00f6rbo","description":"Radiostyrning f\u00f6r industriella och mobila applikationer","publisher":{"@id":"https:\/\/akerstroms.se\/#organization"},"potentialAction":[{"@type":"SearchAction","target":{"@type":"EntryPoint","urlTemplate":"https:\/\/akerstroms.se\/?s={search_term_string}"},"query-input":{"@type":"PropertyValueSpecification","valueRequired":true,"valueName":"search_term_string"}}],"inLanguage":"en-US"},{"@type":"Organization","@id":"https:\/\/akerstroms.se\/#organization","name":"\u00c5kerstr\u00f6ms AB","url":"https:\/\/akerstroms.se\/","logo":{"@type":"ImageObject","inLanguage":"en-US","@id":"https:\/\/akerstroms.se\/#\/schema\/logo\/image\/","url":"https:\/\/akerstroms.se\/app\/uploads\/2021\/10\/akerstroms-logo.png","contentUrl":"https:\/\/akerstroms.se\/app\/uploads\/2021\/10\/akerstroms-logo.png","width":400,"height":86,"caption":"\u00c5kerstr\u00f6ms AB"},"image":{"@id":"https:\/\/akerstroms.se\/#\/schema\/logo\/image\/"},"sameAs":["https:\/\/www.facebook.com\/akerstroms.se","https:\/\/www.linkedin.com\/company\/akerstroms\/","https:\/\/www.youtube.com\/channel\/UC8S-jX9nA8c9qBaTlgqg1CQ"]}]}},"_links":{"self":[{"href":"https:\/\/akerstroms.se\/en\/wp-json\/wp\/v2\/product\/10835","targetHints":{"allow":["GET"]}}],"collection":[{"href":"https:\/\/akerstroms.se\/en\/wp-json\/wp\/v2\/product"}],"about":[{"href":"https:\/\/akerstroms.se\/en\/wp-json\/wp\/v2\/types\/product"}],"wp:featuredmedia":[{"embeddable":true,"href":"https:\/\/akerstroms.se\/en\/wp-json\/wp\/v2\/media\/7867"}],"wp:attachment":[{"href":"https:\/\/akerstroms.se\/en\/wp-json\/wp\/v2\/media?parent=10835"}],"wp:term":[{"taxonomy":"product_brand","embeddable":true,"href":"https:\/\/akerstroms.se\/en\/wp-json\/wp\/v2\/product_brand?post=10835"},{"taxonomy":"product_cat","embeddable":true,"href":"https:\/\/akerstroms.se\/en\/wp-json\/wp\/v2\/product_cat?post=10835"},{"taxonomy":"product_tag","embeddable":true,"href":"https:\/\/akerstroms.se\/en\/wp-json\/wp\/v2\/product_tag?post=10835"}],"curies":[{"name":"wp","href":"https:\/\/api.w.org\/{rel}","templated":true}]}}