{"id":10831,"date":"2021-04-08T12:24:24","date_gmt":"2021-10-01T13:24:00","guid":{"rendered":"https:\/\/akerstroms.se\/product\/remotus-era-8b-2\/"},"modified":"2021-10-22T15:41:44","modified_gmt":"2021-10-22T13:41:44","slug":"remotus-era-8b","status":"publish","type":"product","link":"https:\/\/akerstroms.se\/en\/product\/remotus-era-8b\/","title":{"rendered":"Remotus ERA 8B"},"content":{"rendered":"","protected":false},"excerpt":{"rendered":"<h3>A robust, easy to use transmitter made for light and heavy hoists or other industrial\/mobile use.<\/h3>\n<p>The transmitter is well suited to hoists and cranes, various types of pumps or other industrial\/mobile use. The Era 8B has 8 two-stage pushbuttons that provide double functions on each pushbutton. The buttons are designed to be easy to use, even with gloves on. LEDs on each button indicate the selected function. Separate LEDs indicate battery and operational status. Operational status is shown on the display och with the LED. The handheld transmitter is very lightweight at 265g (incl. battery) and easy to carry around. The output of the transmitter is adaptive, i.e. if the signal is strong, then both transmitter and receiver \u201cdownshift\u201d to a lower output to disturb others as little as possible. The Era 8B is classed at IP67, which means it is completely dust- and waterproof. The Era 8B handheld transmitter comes in different varieties, either standard or customized to your needs. Graphic display 128&#215;64 pixels. Radio frequencies: 433-434 MHz.<\/p>\n","protected":false},"featured_media":6691,"template":"","meta":{"_acf_changed":false},"product_brand":[],"product_cat":[137,139],"product_tag":[183,185,189],"class_list":{"0":"post-10831","1":"product","2":"type-product","3":"status-publish","4":"has-post-thumbnail","6":"product_cat-handheld-transmitters-en","7":"product_cat-remotus-en","8":"product_tag-cranes-lifts-en","9":"product_tag-other-controls-en","10":"product_tag-pumps-en","12":"first","13":"instock","14":"product-type-simple"},"acf":[],"yoast_head":"<!-- This site is optimized with the Yoast SEO plugin v27.4 - https:\/\/yoast.com\/product\/yoast-seo-wordpress\/ -->\n<title>Remotus ERA 8B - \u00c5kerstr\u00f6ms Bj\u00f6rbo<\/title>\n<meta name=\"robots\" content=\"index, follow, max-snippet:-1, max-image-preview:large, max-video-preview:-1\" \/>\n<link rel=\"canonical\" href=\"https:\/\/akerstroms.se\/en\/product\/remotus-era-8b\/\" \/>\n<meta property=\"og:locale\" content=\"en_US\" \/>\n<meta property=\"og:type\" content=\"article\" \/>\n<meta property=\"og:title\" content=\"Remotus ERA 8B - \u00c5kerstr\u00f6ms Bj\u00f6rbo\" \/>\n<meta property=\"og:description\" content=\"A robust, easy to use transmitter made for light and heavy hoists or other industrial\/mobile use. The transmitter is well suited to hoists and cranes, various types of pumps or other industrial\/mobile use. The Era 8B has 8 two-stage pushbuttons that provide double functions on each pushbutton. The buttons are designed to be easy to use, even with gloves on. LEDs on each button indicate the selected function. Separate LEDs indicate battery and operational status. Operational status is shown on the display och with the LED. The handheld transmitter is very lightweight at 265g (incl. battery) and easy to carry around. The output of the transmitter is adaptive, i.e. if the signal is strong, then both transmitter and receiver \u201cdownshift\u201d to a lower output to disturb others as little as possible. The Era 8B is classed at IP67, which means it is completely dust- and waterproof. The Era 8B handheld transmitter comes in different varieties, either standard or customized to your needs. Graphic display 128x64 pixels. Radio frequencies: 433-434 MHz.\" \/>\n<meta property=\"og:url\" content=\"https:\/\/akerstroms.se\/en\/product\/remotus-era-8b\/\" \/>\n<meta property=\"og:site_name\" content=\"\u00c5kerstr\u00f6ms Bj\u00f6rbo\" \/>\n<meta property=\"article:publisher\" content=\"https:\/\/www.facebook.com\/akerstroms.se\" \/>\n<meta property=\"article:modified_time\" content=\"2021-10-22T13:41:44+00:00\" \/>\n<meta property=\"og:image\" content=\"https:\/\/akerstroms.se\/app\/uploads\/2021\/04\/Jupiter-Era-8B.jpg\" \/>\n\t<meta property=\"og:image:width\" content=\"930\" \/>\n\t<meta property=\"og:image:height\" content=\"1240\" \/>\n\t<meta property=\"og:image:type\" content=\"image\/jpeg\" \/>\n<meta name=\"twitter:card\" content=\"summary_large_image\" \/>\n<script type=\"application\/ld+json\" class=\"yoast-schema-graph\">{\"@context\":\"https:\\\/\\\/schema.org\",\"@graph\":[{\"@type\":\"WebPage\",\"@id\":\"https:\\\/\\\/akerstroms.se\\\/en\\\/product\\\/remotus-era-8b\\\/\",\"url\":\"https:\\\/\\\/akerstroms.se\\\/en\\\/product\\\/remotus-era-8b\\\/\",\"name\":\"Remotus ERA 8B - \u00c5kerstr\u00f6ms Bj\u00f6rbo\",\"isPartOf\":{\"@id\":\"https:\\\/\\\/akerstroms.se\\\/#website\"},\"primaryImageOfPage\":{\"@id\":\"https:\\\/\\\/akerstroms.se\\\/en\\\/product\\\/remotus-era-8b\\\/#primaryimage\"},\"image\":{\"@id\":\"https:\\\/\\\/akerstroms.se\\\/en\\\/product\\\/remotus-era-8b\\\/#primaryimage\"},\"thumbnailUrl\":\"https:\\\/\\\/akerstroms.se\\\/app\\\/uploads\\\/2021\\\/04\\\/Jupiter-Era-8B.jpg\",\"datePublished\":\"2021-10-01T13:24:00+00:00\",\"dateModified\":\"2021-10-22T13:41:44+00:00\",\"breadcrumb\":{\"@id\":\"https:\\\/\\\/akerstroms.se\\\/en\\\/product\\\/remotus-era-8b\\\/#breadcrumb\"},\"inLanguage\":\"en-US\",\"potentialAction\":[{\"@type\":\"ReadAction\",\"target\":[\"https:\\\/\\\/akerstroms.se\\\/en\\\/product\\\/remotus-era-8b\\\/\"]}]},{\"@type\":\"ImageObject\",\"inLanguage\":\"en-US\",\"@id\":\"https:\\\/\\\/akerstroms.se\\\/en\\\/product\\\/remotus-era-8b\\\/#primaryimage\",\"url\":\"https:\\\/\\\/akerstroms.se\\\/app\\\/uploads\\\/2021\\\/04\\\/Jupiter-Era-8B.jpg\",\"contentUrl\":\"https:\\\/\\\/akerstroms.se\\\/app\\\/uploads\\\/2021\\\/04\\\/Jupiter-Era-8B.jpg\",\"width\":930,\"height\":1240,\"caption\":\"Jupiter Era 8B\"},{\"@type\":\"BreadcrumbList\",\"@id\":\"https:\\\/\\\/akerstroms.se\\\/en\\\/product\\\/remotus-era-8b\\\/#breadcrumb\",\"itemListElement\":[{\"@type\":\"ListItem\",\"position\":1,\"name\":\"Home\",\"item\":\"https:\\\/\\\/akerstroms.se\\\/en\\\/\"},{\"@type\":\"ListItem\",\"position\":2,\"name\":\"Shop\",\"item\":\"https:\\\/\\\/akerstroms.se\\\/en\\\/shop\\\/\"},{\"@type\":\"ListItem\",\"position\":3,\"name\":\"Remotus ERA 8B\"}]},{\"@type\":\"WebSite\",\"@id\":\"https:\\\/\\\/akerstroms.se\\\/#website\",\"url\":\"https:\\\/\\\/akerstroms.se\\\/\",\"name\":\"\u00c5kerstr\u00f6ms Bj\u00f6rbo\",\"description\":\"Radiostyrning f\u00f6r industriella och mobila applikationer\",\"publisher\":{\"@id\":\"https:\\\/\\\/akerstroms.se\\\/#organization\"},\"potentialAction\":[{\"@type\":\"SearchAction\",\"target\":{\"@type\":\"EntryPoint\",\"urlTemplate\":\"https:\\\/\\\/akerstroms.se\\\/?s={search_term_string}\"},\"query-input\":{\"@type\":\"PropertyValueSpecification\",\"valueRequired\":true,\"valueName\":\"search_term_string\"}}],\"inLanguage\":\"en-US\"},{\"@type\":\"Organization\",\"@id\":\"https:\\\/\\\/akerstroms.se\\\/#organization\",\"name\":\"\u00c5kerstr\u00f6ms AB\",\"url\":\"https:\\\/\\\/akerstroms.se\\\/\",\"logo\":{\"@type\":\"ImageObject\",\"inLanguage\":\"en-US\",\"@id\":\"https:\\\/\\\/akerstroms.se\\\/#\\\/schema\\\/logo\\\/image\\\/\",\"url\":\"https:\\\/\\\/akerstroms.se\\\/app\\\/uploads\\\/2021\\\/10\\\/akerstroms-logo.png\",\"contentUrl\":\"https:\\\/\\\/akerstroms.se\\\/app\\\/uploads\\\/2021\\\/10\\\/akerstroms-logo.png\",\"width\":400,\"height\":86,\"caption\":\"\u00c5kerstr\u00f6ms AB\"},\"image\":{\"@id\":\"https:\\\/\\\/akerstroms.se\\\/#\\\/schema\\\/logo\\\/image\\\/\"},\"sameAs\":[\"https:\\\/\\\/www.facebook.com\\\/akerstroms.se\",\"https:\\\/\\\/www.linkedin.com\\\/company\\\/akerstroms\\\/\",\"https:\\\/\\\/www.youtube.com\\\/channel\\\/UC8S-jX9nA8c9qBaTlgqg1CQ\"]}]}<\/script>\n<!-- \/ Yoast SEO plugin. -->","yoast_head_json":{"title":"Remotus ERA 8B - \u00c5kerstr\u00f6ms Bj\u00f6rbo","robots":{"index":"index","follow":"follow","max-snippet":"max-snippet:-1","max-image-preview":"max-image-preview:large","max-video-preview":"max-video-preview:-1"},"canonical":"https:\/\/akerstroms.se\/en\/product\/remotus-era-8b\/","og_locale":"en_US","og_type":"article","og_title":"Remotus ERA 8B - \u00c5kerstr\u00f6ms Bj\u00f6rbo","og_description":"A robust, easy to use transmitter made for light and heavy hoists or other industrial\/mobile use. The transmitter is well suited to hoists and cranes, various types of pumps or other industrial\/mobile use. The Era 8B has 8 two-stage pushbuttons that provide double functions on each pushbutton. The buttons are designed to be easy to use, even with gloves on. LEDs on each button indicate the selected function. Separate LEDs indicate battery and operational status. Operational status is shown on the display och with the LED. The handheld transmitter is very lightweight at 265g (incl. battery) and easy to carry around. The output of the transmitter is adaptive, i.e. if the signal is strong, then both transmitter and receiver \u201cdownshift\u201d to a lower output to disturb others as little as possible. The Era 8B is classed at IP67, which means it is completely dust- and waterproof. The Era 8B handheld transmitter comes in different varieties, either standard or customized to your needs. Graphic display 128x64 pixels. Radio frequencies: 433-434 MHz.","og_url":"https:\/\/akerstroms.se\/en\/product\/remotus-era-8b\/","og_site_name":"\u00c5kerstr\u00f6ms Bj\u00f6rbo","article_publisher":"https:\/\/www.facebook.com\/akerstroms.se","article_modified_time":"2021-10-22T13:41:44+00:00","og_image":[{"width":930,"height":1240,"url":"https:\/\/akerstroms.se\/app\/uploads\/2021\/04\/Jupiter-Era-8B.jpg","type":"image\/jpeg"}],"twitter_card":"summary_large_image","schema":{"@context":"https:\/\/schema.org","@graph":[{"@type":"WebPage","@id":"https:\/\/akerstroms.se\/en\/product\/remotus-era-8b\/","url":"https:\/\/akerstroms.se\/en\/product\/remotus-era-8b\/","name":"Remotus ERA 8B - \u00c5kerstr\u00f6ms Bj\u00f6rbo","isPartOf":{"@id":"https:\/\/akerstroms.se\/#website"},"primaryImageOfPage":{"@id":"https:\/\/akerstroms.se\/en\/product\/remotus-era-8b\/#primaryimage"},"image":{"@id":"https:\/\/akerstroms.se\/en\/product\/remotus-era-8b\/#primaryimage"},"thumbnailUrl":"https:\/\/akerstroms.se\/app\/uploads\/2021\/04\/Jupiter-Era-8B.jpg","datePublished":"2021-10-01T13:24:00+00:00","dateModified":"2021-10-22T13:41:44+00:00","breadcrumb":{"@id":"https:\/\/akerstroms.se\/en\/product\/remotus-era-8b\/#breadcrumb"},"inLanguage":"en-US","potentialAction":[{"@type":"ReadAction","target":["https:\/\/akerstroms.se\/en\/product\/remotus-era-8b\/"]}]},{"@type":"ImageObject","inLanguage":"en-US","@id":"https:\/\/akerstroms.se\/en\/product\/remotus-era-8b\/#primaryimage","url":"https:\/\/akerstroms.se\/app\/uploads\/2021\/04\/Jupiter-Era-8B.jpg","contentUrl":"https:\/\/akerstroms.se\/app\/uploads\/2021\/04\/Jupiter-Era-8B.jpg","width":930,"height":1240,"caption":"Jupiter Era 8B"},{"@type":"BreadcrumbList","@id":"https:\/\/akerstroms.se\/en\/product\/remotus-era-8b\/#breadcrumb","itemListElement":[{"@type":"ListItem","position":1,"name":"Home","item":"https:\/\/akerstroms.se\/en\/"},{"@type":"ListItem","position":2,"name":"Shop","item":"https:\/\/akerstroms.se\/en\/shop\/"},{"@type":"ListItem","position":3,"name":"Remotus ERA 8B"}]},{"@type":"WebSite","@id":"https:\/\/akerstroms.se\/#website","url":"https:\/\/akerstroms.se\/","name":"\u00c5kerstr\u00f6ms Bj\u00f6rbo","description":"Radiostyrning f\u00f6r industriella och mobila applikationer","publisher":{"@id":"https:\/\/akerstroms.se\/#organization"},"potentialAction":[{"@type":"SearchAction","target":{"@type":"EntryPoint","urlTemplate":"https:\/\/akerstroms.se\/?s={search_term_string}"},"query-input":{"@type":"PropertyValueSpecification","valueRequired":true,"valueName":"search_term_string"}}],"inLanguage":"en-US"},{"@type":"Organization","@id":"https:\/\/akerstroms.se\/#organization","name":"\u00c5kerstr\u00f6ms AB","url":"https:\/\/akerstroms.se\/","logo":{"@type":"ImageObject","inLanguage":"en-US","@id":"https:\/\/akerstroms.se\/#\/schema\/logo\/image\/","url":"https:\/\/akerstroms.se\/app\/uploads\/2021\/10\/akerstroms-logo.png","contentUrl":"https:\/\/akerstroms.se\/app\/uploads\/2021\/10\/akerstroms-logo.png","width":400,"height":86,"caption":"\u00c5kerstr\u00f6ms AB"},"image":{"@id":"https:\/\/akerstroms.se\/#\/schema\/logo\/image\/"},"sameAs":["https:\/\/www.facebook.com\/akerstroms.se","https:\/\/www.linkedin.com\/company\/akerstroms\/","https:\/\/www.youtube.com\/channel\/UC8S-jX9nA8c9qBaTlgqg1CQ"]}]}},"_links":{"self":[{"href":"https:\/\/akerstroms.se\/en\/wp-json\/wp\/v2\/product\/10831","targetHints":{"allow":["GET"]}}],"collection":[{"href":"https:\/\/akerstroms.se\/en\/wp-json\/wp\/v2\/product"}],"about":[{"href":"https:\/\/akerstroms.se\/en\/wp-json\/wp\/v2\/types\/product"}],"wp:featuredmedia":[{"embeddable":true,"href":"https:\/\/akerstroms.se\/en\/wp-json\/wp\/v2\/media\/6691"}],"wp:attachment":[{"href":"https:\/\/akerstroms.se\/en\/wp-json\/wp\/v2\/media?parent=10831"}],"wp:term":[{"taxonomy":"product_brand","embeddable":true,"href":"https:\/\/akerstroms.se\/en\/wp-json\/wp\/v2\/product_brand?post=10831"},{"taxonomy":"product_cat","embeddable":true,"href":"https:\/\/akerstroms.se\/en\/wp-json\/wp\/v2\/product_cat?post=10831"},{"taxonomy":"product_tag","embeddable":true,"href":"https:\/\/akerstroms.se\/en\/wp-json\/wp\/v2\/product_tag?post=10831"}],"curies":[{"name":"wp","href":"https:\/\/api.w.org\/{rel}","templated":true}]}}