{"id":24532,"date":"2026-04-14T08:35:05","date_gmt":"2026-04-14T06:35:05","guid":{"rendered":"https:\/\/akerstroms.se\/?page_id=24532"},"modified":"2026-04-15T09:56:37","modified_gmt":"2026-04-15T07:56:37","slug":"green-cargo-aftermarket","status":"publish","type":"page","link":"https:\/\/akerstroms.se\/en\/green-cargo-aftermarket\/","title":{"rendered":"Green Cargo"},"content":{"rendered":"\n<div class=\"wp-block-cover alignfull\" style=\"min-height:728px;aspect-ratio:unset;\"><img loading=\"lazy\" decoding=\"async\" width=\"2560\" height=\"1668\" class=\"wp-block-cover__image-background wp-image-24567 size-full\" alt=\"\" src=\"https:\/\/akerstroms.se\/app\/uploads\/2026\/04\/Bolange-Tower-scaled.jpg\" data-object-fit=\"cover\" srcset=\"https:\/\/akerstroms.se\/app\/uploads\/2026\/04\/Bolange-Tower-scaled.jpg 2560w, https:\/\/akerstroms.se\/app\/uploads\/2026\/04\/Bolange-Tower-250x163.jpg 250w, https:\/\/akerstroms.se\/app\/uploads\/2026\/04\/Bolange-Tower-700x456.jpg 700w, https:\/\/akerstroms.se\/app\/uploads\/2026\/04\/Bolange-Tower-768x500.jpg 768w, https:\/\/akerstroms.se\/app\/uploads\/2026\/04\/Bolange-Tower-1536x1001.jpg 1536w, https:\/\/akerstroms.se\/app\/uploads\/2026\/04\/Bolange-Tower-2048x1334.jpg 2048w, https:\/\/akerstroms.se\/app\/uploads\/2026\/04\/Bolange-Tower-120x78.jpg 120w, https:\/\/akerstroms.se\/app\/uploads\/2026\/04\/Bolange-Tower-540x352.jpg 540w, https:\/\/akerstroms.se\/app\/uploads\/2026\/04\/Bolange-Tower-300x195.jpg 300w, https:\/\/akerstroms.se\/app\/uploads\/2026\/04\/Bolange-Tower-600x391.jpg 600w\" sizes=\"auto, (max-width: 2560px) 100vw, 2560px\" \/><span aria-hidden=\"true\" class=\"wp-block-cover__background has-black-background-color has-background-dim\"><\/span><div class=\"wp-block-cover__inner-container is-layout-constrained wp-block-cover-is-layout-constrained\">\n<h1 class=\"wp-block-heading has-text-align-center\"><strong>Green Cargo<\/strong><\/h1>\n\n\n\n<h3 class=\"wp-block-heading has-text-align-center\">The Aftermarket That Keeps Operations Running<\/h3>\n<\/div><\/div>\n\n\n\n<div style=\"height:29px\" aria-hidden=\"true\" class=\"wp-block-spacer\"><\/div>\n\n\n\n<p><strong>For many years, \u00c5kerstr\u00f6ms has delivered radio control solutions to Green Cargo \u2013 Sweden\u2019s leading provider of sustainable rail freight transport. Green Cargo moves large volumes of goods across the country every day and plays a vital role in Swedish industrial logistics. At their rail yards, radio\u2011controlled locomotives are essential for ensuring that operations can be carried out safely, securely and efficiently.<\/strong><\/p>\n\n\n\n<div style=\"height:10px\" aria-hidden=\"true\" class=\"wp-block-spacer\"><\/div>\n\n\n\n<p><strong>Service That Keeps the Locomotive Fleet in Motion<\/strong><\/p>\n\n\n\n<p>Today, the locomotive business is entirely focused on the aftermarket. Through service, maintenance and technical support, we help ensure that Green Cargo\u2019s radio\u2011controlled locomotives continue to perform reliably in a highly demanding environment. Our service team travels nationwide to provide support during planned maintenance activities as well as when urgent needs arise. This can range from preventive service and replacement of wear parts to rapid response in case of faults, system updates or on\u2011site technical advice. Through a close and long\u2011term service agreement, we provide Green Cargo with the reliability and continuity required to keep their operations running smoothly without interruption.<\/p>\n\n\n\n<p><strong>Experience That Makes a Difference in Everyday Operations<\/strong><\/p>\n\n\n\n<p>The aftermarket is a key and natural part of \u00c5kerstr\u00f6ms\u2019 overall offering. This is where our extensive experience, system expertise and ability to deliver fast support truly come into their own. It is also where our relationship with Green Cargo continues to develop \u2013 through ongoing efforts that keep their existing locomotive fleet on track and their business moving forward.<\/p>\n\n\n\n<p><br>We are proud to continue being a reliable partner to Green Cargo, and to see our long\u2011standing aftermarket commitment remain a valued part of the collaboration. Together, we move forward \u2013 with reliable technology, a high level of service and a shared focus on creating value in everyday operations.<\/p>\n\n\n\n<div style=\"height:30px\" aria-hidden=\"true\" class=\"wp-block-spacer\"><\/div>\n\n\n\n<figure class=\"wp-block-image size-full\"><img loading=\"lazy\" decoding=\"async\" width=\"2560\" height=\"1668\" src=\"https:\/\/akerstroms.se\/app\/uploads\/2026\/04\/sandare-bangardsutsikt-scaled.jpg\" alt=\"\" class=\"wp-image-24524\" srcset=\"https:\/\/akerstroms.se\/app\/uploads\/2026\/04\/sandare-bangardsutsikt-scaled.jpg 2560w, https:\/\/akerstroms.se\/app\/uploads\/2026\/04\/sandare-bangardsutsikt-250x163.jpg 250w, https:\/\/akerstroms.se\/app\/uploads\/2026\/04\/sandare-bangardsutsikt-700x456.jpg 700w, https:\/\/akerstroms.se\/app\/uploads\/2026\/04\/sandare-bangardsutsikt-768x500.jpg 768w, https:\/\/akerstroms.se\/app\/uploads\/2026\/04\/sandare-bangardsutsikt-1536x1001.jpg 1536w, https:\/\/akerstroms.se\/app\/uploads\/2026\/04\/sandare-bangardsutsikt-2048x1334.jpg 2048w, https:\/\/akerstroms.se\/app\/uploads\/2026\/04\/sandare-bangardsutsikt-120x78.jpg 120w, https:\/\/akerstroms.se\/app\/uploads\/2026\/04\/sandare-bangardsutsikt-540x352.jpg 540w, https:\/\/akerstroms.se\/app\/uploads\/2026\/04\/sandare-bangardsutsikt-300x195.jpg 300w, https:\/\/akerstroms.se\/app\/uploads\/2026\/04\/sandare-bangardsutsikt-600x391.jpg 600w\" sizes=\"auto, (max-width: 2560px) 100vw, 2560px\" \/><\/figure>\n\n\n\n<div style=\"height:46px\" aria-hidden=\"true\" class=\"wp-block-spacer\"><\/div>\n\n\n\n<p><\/p>\n","protected":false},"excerpt":{"rendered":"<p>For many years, \u00c5kerstr\u00f6ms has delivered radio control solutions to Green Cargo \u2013 Sweden\u2019s leading provider of sustainable rail freight transport. Green Cargo moves large&#8230;<\/p>\n","protected":false},"author":297,"featured_media":0,"parent":0,"menu_order":0,"comment_status":"closed","ping_status":"closed","template":"templates\/page-text-page.php","meta":{"_acf_changed":false,"footnotes":""},"class_list":["post-24532","page","type-page","status-publish","hentry"],"acf":[],"yoast_head":"<!-- This site is optimized with the Yoast SEO plugin v27.4 - https:\/\/yoast.com\/product\/yoast-seo-wordpress\/ -->\n<title>Green Cargo - \u00c5kerstr\u00f6ms Bj\u00f6rbo<\/title>\n<meta name=\"robots\" content=\"index, follow, max-snippet:-1, max-image-preview:large, max-video-preview:-1\" \/>\n<link rel=\"canonical\" href=\"https:\/\/akerstroms.se\/en\/green-cargo-aftermarket\/\" \/>\n<meta property=\"og:locale\" content=\"en_US\" \/>\n<meta property=\"og:type\" content=\"article\" \/>\n<meta property=\"og:title\" content=\"Green Cargo - \u00c5kerstr\u00f6ms Bj\u00f6rbo\" \/>\n<meta property=\"og:description\" content=\"For many years, \u00c5kerstr\u00f6ms has delivered radio control solutions to Green Cargo \u2013 Sweden\u2019s leading provider of sustainable rail freight transport. Green Cargo moves large...\" \/>\n<meta property=\"og:url\" content=\"https:\/\/akerstroms.se\/en\/green-cargo-aftermarket\/\" \/>\n<meta property=\"og:site_name\" content=\"\u00c5kerstr\u00f6ms Bj\u00f6rbo\" \/>\n<meta property=\"article:publisher\" content=\"https:\/\/www.facebook.com\/akerstroms.se\" \/>\n<meta property=\"article:modified_time\" content=\"2026-04-15T07:56:37+00:00\" \/>\n<meta property=\"og:image\" content=\"https:\/\/akerstroms.se\/app\/uploads\/2026\/04\/Bolange-Tower-scaled.jpg\" \/>\n\t<meta property=\"og:image:width\" content=\"2560\" \/>\n\t<meta property=\"og:image:height\" content=\"1668\" \/>\n\t<meta property=\"og:image:type\" content=\"image\/jpeg\" \/>\n<meta name=\"twitter:card\" content=\"summary_large_image\" \/>\n<meta name=\"twitter:label1\" content=\"Est. reading time\" \/>\n\t<meta name=\"twitter:data1\" content=\"2 minutes\" \/>\n<script type=\"application\/ld+json\" class=\"yoast-schema-graph\">{\"@context\":\"https:\\\/\\\/schema.org\",\"@graph\":[{\"@type\":\"WebPage\",\"@id\":\"https:\\\/\\\/akerstroms.se\\\/en\\\/green-cargo-aftermarket\\\/\",\"url\":\"https:\\\/\\\/akerstroms.se\\\/en\\\/green-cargo-aftermarket\\\/\",\"name\":\"Green Cargo - \u00c5kerstr\u00f6ms Bj\u00f6rbo\",\"isPartOf\":{\"@id\":\"https:\\\/\\\/akerstroms.se\\\/#website\"},\"primaryImageOfPage\":{\"@id\":\"https:\\\/\\\/akerstroms.se\\\/en\\\/green-cargo-aftermarket\\\/#primaryimage\"},\"image\":{\"@id\":\"https:\\\/\\\/akerstroms.se\\\/en\\\/green-cargo-aftermarket\\\/#primaryimage\"},\"thumbnailUrl\":\"https:\\\/\\\/akerstroms.se\\\/app\\\/uploads\\\/2026\\\/04\\\/Bolange-Tower-scaled.jpg\",\"datePublished\":\"2026-04-14T06:35:05+00:00\",\"dateModified\":\"2026-04-15T07:56:37+00:00\",\"breadcrumb\":{\"@id\":\"https:\\\/\\\/akerstroms.se\\\/en\\\/green-cargo-aftermarket\\\/#breadcrumb\"},\"inLanguage\":\"en-US\",\"potentialAction\":[{\"@type\":\"ReadAction\",\"target\":[\"https:\\\/\\\/akerstroms.se\\\/en\\\/green-cargo-aftermarket\\\/\"]}]},{\"@type\":\"ImageObject\",\"inLanguage\":\"en-US\",\"@id\":\"https:\\\/\\\/akerstroms.se\\\/en\\\/green-cargo-aftermarket\\\/#primaryimage\",\"url\":\"https:\\\/\\\/akerstroms.se\\\/app\\\/uploads\\\/2026\\\/04\\\/Bolange-Tower-scaled.jpg\",\"contentUrl\":\"https:\\\/\\\/akerstroms.se\\\/app\\\/uploads\\\/2026\\\/04\\\/Bolange-Tower-scaled.jpg\"},{\"@type\":\"BreadcrumbList\",\"@id\":\"https:\\\/\\\/akerstroms.se\\\/en\\\/green-cargo-aftermarket\\\/#breadcrumb\",\"itemListElement\":[{\"@type\":\"ListItem\",\"position\":1,\"name\":\"Home\",\"item\":\"https:\\\/\\\/akerstroms.se\\\/en\\\/\"},{\"@type\":\"ListItem\",\"position\":2,\"name\":\"Green Cargo\"}]},{\"@type\":\"WebSite\",\"@id\":\"https:\\\/\\\/akerstroms.se\\\/#website\",\"url\":\"https:\\\/\\\/akerstroms.se\\\/\",\"name\":\"\u00c5kerstr\u00f6ms Bj\u00f6rbo\",\"description\":\"Radiostyrning f\u00f6r industriella och mobila applikationer\",\"publisher\":{\"@id\":\"https:\\\/\\\/akerstroms.se\\\/#organization\"},\"potentialAction\":[{\"@type\":\"SearchAction\",\"target\":{\"@type\":\"EntryPoint\",\"urlTemplate\":\"https:\\\/\\\/akerstroms.se\\\/?s={search_term_string}\"},\"query-input\":{\"@type\":\"PropertyValueSpecification\",\"valueRequired\":true,\"valueName\":\"search_term_string\"}}],\"inLanguage\":\"en-US\"},{\"@type\":\"Organization\",\"@id\":\"https:\\\/\\\/akerstroms.se\\\/#organization\",\"name\":\"\u00c5kerstr\u00f6ms AB\",\"url\":\"https:\\\/\\\/akerstroms.se\\\/\",\"logo\":{\"@type\":\"ImageObject\",\"inLanguage\":\"en-US\",\"@id\":\"https:\\\/\\\/akerstroms.se\\\/#\\\/schema\\\/logo\\\/image\\\/\",\"url\":\"https:\\\/\\\/akerstroms.se\\\/app\\\/uploads\\\/2021\\\/10\\\/akerstroms-logo.png\",\"contentUrl\":\"https:\\\/\\\/akerstroms.se\\\/app\\\/uploads\\\/2021\\\/10\\\/akerstroms-logo.png\",\"width\":400,\"height\":86,\"caption\":\"\u00c5kerstr\u00f6ms AB\"},\"image\":{\"@id\":\"https:\\\/\\\/akerstroms.se\\\/#\\\/schema\\\/logo\\\/image\\\/\"},\"sameAs\":[\"https:\\\/\\\/www.facebook.com\\\/akerstroms.se\",\"https:\\\/\\\/www.linkedin.com\\\/company\\\/akerstroms\\\/\",\"https:\\\/\\\/www.youtube.com\\\/channel\\\/UC8S-jX9nA8c9qBaTlgqg1CQ\"]}]}<\/script>\n<!-- \/ Yoast SEO plugin. -->","yoast_head_json":{"title":"Green Cargo - \u00c5kerstr\u00f6ms Bj\u00f6rbo","robots":{"index":"index","follow":"follow","max-snippet":"max-snippet:-1","max-image-preview":"max-image-preview:large","max-video-preview":"max-video-preview:-1"},"canonical":"https:\/\/akerstroms.se\/en\/green-cargo-aftermarket\/","og_locale":"en_US","og_type":"article","og_title":"Green Cargo - \u00c5kerstr\u00f6ms Bj\u00f6rbo","og_description":"For many years, \u00c5kerstr\u00f6ms has delivered radio control solutions to Green Cargo \u2013 Sweden\u2019s leading provider of sustainable rail freight transport. Green Cargo moves large...","og_url":"https:\/\/akerstroms.se\/en\/green-cargo-aftermarket\/","og_site_name":"\u00c5kerstr\u00f6ms Bj\u00f6rbo","article_publisher":"https:\/\/www.facebook.com\/akerstroms.se","article_modified_time":"2026-04-15T07:56:37+00:00","og_image":[{"width":2560,"height":1668,"url":"https:\/\/akerstroms.se\/app\/uploads\/2026\/04\/Bolange-Tower-scaled.jpg","type":"image\/jpeg"}],"twitter_card":"summary_large_image","twitter_misc":{"Est. reading time":"2 minutes"},"schema":{"@context":"https:\/\/schema.org","@graph":[{"@type":"WebPage","@id":"https:\/\/akerstroms.se\/en\/green-cargo-aftermarket\/","url":"https:\/\/akerstroms.se\/en\/green-cargo-aftermarket\/","name":"Green Cargo - \u00c5kerstr\u00f6ms Bj\u00f6rbo","isPartOf":{"@id":"https:\/\/akerstroms.se\/#website"},"primaryImageOfPage":{"@id":"https:\/\/akerstroms.se\/en\/green-cargo-aftermarket\/#primaryimage"},"image":{"@id":"https:\/\/akerstroms.se\/en\/green-cargo-aftermarket\/#primaryimage"},"thumbnailUrl":"https:\/\/akerstroms.se\/app\/uploads\/2026\/04\/Bolange-Tower-scaled.jpg","datePublished":"2026-04-14T06:35:05+00:00","dateModified":"2026-04-15T07:56:37+00:00","breadcrumb":{"@id":"https:\/\/akerstroms.se\/en\/green-cargo-aftermarket\/#breadcrumb"},"inLanguage":"en-US","potentialAction":[{"@type":"ReadAction","target":["https:\/\/akerstroms.se\/en\/green-cargo-aftermarket\/"]}]},{"@type":"ImageObject","inLanguage":"en-US","@id":"https:\/\/akerstroms.se\/en\/green-cargo-aftermarket\/#primaryimage","url":"https:\/\/akerstroms.se\/app\/uploads\/2026\/04\/Bolange-Tower-scaled.jpg","contentUrl":"https:\/\/akerstroms.se\/app\/uploads\/2026\/04\/Bolange-Tower-scaled.jpg"},{"@type":"BreadcrumbList","@id":"https:\/\/akerstroms.se\/en\/green-cargo-aftermarket\/#breadcrumb","itemListElement":[{"@type":"ListItem","position":1,"name":"Home","item":"https:\/\/akerstroms.se\/en\/"},{"@type":"ListItem","position":2,"name":"Green Cargo"}]},{"@type":"WebSite","@id":"https:\/\/akerstroms.se\/#website","url":"https:\/\/akerstroms.se\/","name":"\u00c5kerstr\u00f6ms Bj\u00f6rbo","description":"Radiostyrning f\u00f6r industriella och mobila applikationer","publisher":{"@id":"https:\/\/akerstroms.se\/#organization"},"potentialAction":[{"@type":"SearchAction","target":{"@type":"EntryPoint","urlTemplate":"https:\/\/akerstroms.se\/?s={search_term_string}"},"query-input":{"@type":"PropertyValueSpecification","valueRequired":true,"valueName":"search_term_string"}}],"inLanguage":"en-US"},{"@type":"Organization","@id":"https:\/\/akerstroms.se\/#organization","name":"\u00c5kerstr\u00f6ms AB","url":"https:\/\/akerstroms.se\/","logo":{"@type":"ImageObject","inLanguage":"en-US","@id":"https:\/\/akerstroms.se\/#\/schema\/logo\/image\/","url":"https:\/\/akerstroms.se\/app\/uploads\/2021\/10\/akerstroms-logo.png","contentUrl":"https:\/\/akerstroms.se\/app\/uploads\/2021\/10\/akerstroms-logo.png","width":400,"height":86,"caption":"\u00c5kerstr\u00f6ms AB"},"image":{"@id":"https:\/\/akerstroms.se\/#\/schema\/logo\/image\/"},"sameAs":["https:\/\/www.facebook.com\/akerstroms.se","https:\/\/www.linkedin.com\/company\/akerstroms\/","https:\/\/www.youtube.com\/channel\/UC8S-jX9nA8c9qBaTlgqg1CQ"]}]}},"_links":{"self":[{"href":"https:\/\/akerstroms.se\/en\/wp-json\/wp\/v2\/pages\/24532","targetHints":{"allow":["GET"]}}],"collection":[{"href":"https:\/\/akerstroms.se\/en\/wp-json\/wp\/v2\/pages"}],"about":[{"href":"https:\/\/akerstroms.se\/en\/wp-json\/wp\/v2\/types\/page"}],"author":[{"embeddable":true,"href":"https:\/\/akerstroms.se\/en\/wp-json\/wp\/v2\/users\/297"}],"replies":[{"embeddable":true,"href":"https:\/\/akerstroms.se\/en\/wp-json\/wp\/v2\/comments?post=24532"}],"version-history":[{"count":5,"href":"https:\/\/akerstroms.se\/en\/wp-json\/wp\/v2\/pages\/24532\/revisions"}],"predecessor-version":[{"id":24574,"href":"https:\/\/akerstroms.se\/en\/wp-json\/wp\/v2\/pages\/24532\/revisions\/24574"}],"wp:attachment":[{"href":"https:\/\/akerstroms.se\/en\/wp-json\/wp\/v2\/media?parent=24532"}],"curies":[{"name":"wp","href":"https:\/\/api.w.org\/{rel}","templated":true}]}}