{"id":20850,"date":"2024-09-27T09:48:13","date_gmt":"2024-09-27T07:48:13","guid":{"rendered":"https:\/\/akerstroms.se\/event-material-2\/"},"modified":"2026-01-21T10:08:00","modified_gmt":"2026-01-21T09:08:00","slug":"clothing","status":"publish","type":"page","link":"https:\/\/akerstroms.se\/en\/clothing\/","title":{"rendered":"Clothing"},"content":{"rendered":"\n<div class=\"wp-block-columns is-layout-flex wp-container-core-columns-is-layout-9d6595d7 wp-block-columns-is-layout-flex\">\n<div class=\"wp-block-column is-layout-flow wp-block-column-is-layout-flow\">\n<figure class=\"wp-block-image size-large\"><img loading=\"lazy\" decoding=\"async\" width=\"700\" height=\"700\" src=\"https:\/\/akerstroms.se\/app\/uploads\/2024\/09\/jacka-hemsida-700x700.png\" alt=\"\" class=\"wp-image-20852\" srcset=\"https:\/\/akerstroms.se\/app\/uploads\/2024\/09\/jacka-hemsida-700x700.png 700w, https:\/\/akerstroms.se\/app\/uploads\/2024\/09\/jacka-hemsida-250x250.png 250w, https:\/\/akerstroms.se\/app\/uploads\/2024\/09\/jacka-hemsida-150x150.png 150w, https:\/\/akerstroms.se\/app\/uploads\/2024\/09\/jacka-hemsida-768x768.png 768w, https:\/\/akerstroms.se\/app\/uploads\/2024\/09\/jacka-hemsida-120x120.png 120w, https:\/\/akerstroms.se\/app\/uploads\/2024\/09\/jacka-hemsida-540x540.png 540w, https:\/\/akerstroms.se\/app\/uploads\/2024\/09\/jacka-hemsida-300x300.png 300w, https:\/\/akerstroms.se\/app\/uploads\/2024\/09\/jacka-hemsida-600x600.png 600w, https:\/\/akerstroms.se\/app\/uploads\/2024\/09\/jacka-hemsida-100x100.png 100w, https:\/\/akerstroms.se\/app\/uploads\/2024\/09\/jacka-hemsida.png 900w\" sizes=\"auto, (max-width: 700px) 100vw, 700px\" \/><\/figure>\n<\/div>\n\n\n\n<div class=\"wp-block-column is-layout-flow wp-block-column-is-layout-flow\">\n<figure class=\"wp-block-image size-large\"><img loading=\"lazy\" decoding=\"async\" width=\"700\" height=\"700\" src=\"https:\/\/akerstroms.se\/app\/uploads\/2024\/09\/vast-hemsida-700x700.png\" alt=\"\" class=\"wp-image-20855\" srcset=\"https:\/\/akerstroms.se\/app\/uploads\/2024\/09\/vast-hemsida-700x700.png 700w, https:\/\/akerstroms.se\/app\/uploads\/2024\/09\/vast-hemsida-250x250.png 250w, https:\/\/akerstroms.se\/app\/uploads\/2024\/09\/vast-hemsida-150x150.png 150w, https:\/\/akerstroms.se\/app\/uploads\/2024\/09\/vast-hemsida-768x768.png 768w, https:\/\/akerstroms.se\/app\/uploads\/2024\/09\/vast-hemsida-120x120.png 120w, https:\/\/akerstroms.se\/app\/uploads\/2024\/09\/vast-hemsida-540x540.png 540w, https:\/\/akerstroms.se\/app\/uploads\/2024\/09\/vast-hemsida-300x300.png 300w, https:\/\/akerstroms.se\/app\/uploads\/2024\/09\/vast-hemsida-600x600.png 600w, https:\/\/akerstroms.se\/app\/uploads\/2024\/09\/vast-hemsida-100x100.png 100w, https:\/\/akerstroms.se\/app\/uploads\/2024\/09\/vast-hemsida.png 900w\" sizes=\"auto, (max-width: 700px) 100vw, 700px\" \/><\/figure>\n<\/div>\n\n\n\n<div class=\"wp-block-column is-layout-flow wp-block-column-is-layout-flow\">\n<figure class=\"wp-block-image size-large\"><img loading=\"lazy\" decoding=\"async\" width=\"700\" height=\"700\" src=\"https:\/\/akerstroms.se\/app\/uploads\/2024\/09\/pike-hemsida-700x700.png\" alt=\"\" class=\"wp-image-20858\" srcset=\"https:\/\/akerstroms.se\/app\/uploads\/2024\/09\/pike-hemsida-700x700.png 700w, https:\/\/akerstroms.se\/app\/uploads\/2024\/09\/pike-hemsida-250x250.png 250w, https:\/\/akerstroms.se\/app\/uploads\/2024\/09\/pike-hemsida-150x150.png 150w, https:\/\/akerstroms.se\/app\/uploads\/2024\/09\/pike-hemsida-768x768.png 768w, https:\/\/akerstroms.se\/app\/uploads\/2024\/09\/pike-hemsida-120x120.png 120w, https:\/\/akerstroms.se\/app\/uploads\/2024\/09\/pike-hemsida-540x540.png 540w, https:\/\/akerstroms.se\/app\/uploads\/2024\/09\/pike-hemsida-300x300.png 300w, https:\/\/akerstroms.se\/app\/uploads\/2024\/09\/pike-hemsida-600x600.png 600w, https:\/\/akerstroms.se\/app\/uploads\/2024\/09\/pike-hemsida-100x100.png 100w, https:\/\/akerstroms.se\/app\/uploads\/2024\/09\/pike-hemsida.png 900w\" sizes=\"auto, (max-width: 700px) 100vw, 700px\" \/><\/figure>\n<\/div>\n<\/div>\n\n\n\n<div class=\"wp-block-columns is-layout-flex wp-container-core-columns-is-layout-9d6595d7 wp-block-columns-is-layout-flex\">\n<div class=\"wp-block-column is-layout-flow wp-block-column-is-layout-flow\">\n<p class=\"has-text-align-center\"><strong>Hybrid jacket, available in men&#8217;s and women&#8217;s models. Sizes XS-3XL<\/strong><\/p>\n<\/div>\n\n\n\n<div class=\"wp-block-column is-layout-flow wp-block-column-is-layout-flow\">\n<p class=\"has-text-align-center\"><strong>Vest, available in men&#8217;s and women&#8217;s models. Sizes XS-3XL<\/strong><\/p>\n<\/div>\n\n\n\n<div class=\"wp-block-column is-layout-flow wp-block-column-is-layout-flow\">\n<p class=\"has-text-align-center\"><strong>Polo shirt, available in men&#8217;s and women&#8217;s models. Sizes XS-3XL<\/strong><\/p>\n<\/div>\n<\/div>\n\n\n\n<div style=\"height:33px\" aria-hidden=\"true\" class=\"wp-block-spacer\"><\/div>\n\n\n\n<div class=\"wp-block-columns is-layout-flex wp-container-core-columns-is-layout-9d6595d7 wp-block-columns-is-layout-flex\">\n<div class=\"wp-block-column is-vertically-aligned-bottom is-layout-flow wp-block-column-is-layout-flow\"><div class=\"wp-block-image\">\n<figure class=\"aligncenter size-full is-resized\"><img loading=\"lazy\" decoding=\"async\" width=\"612\" height=\"702\" src=\"https:\/\/akerstroms.se\/app\/uploads\/2026\/01\/Keps-fri.png\" alt=\"\" class=\"wp-image-23769\" style=\"width:250px\" srcset=\"https:\/\/akerstroms.se\/app\/uploads\/2026\/01\/Keps-fri.png 612w, https:\/\/akerstroms.se\/app\/uploads\/2026\/01\/Keps-fri-250x287.png 250w, https:\/\/akerstroms.se\/app\/uploads\/2026\/01\/Keps-fri-120x138.png 120w, https:\/\/akerstroms.se\/app\/uploads\/2026\/01\/Keps-fri-540x619.png 540w, https:\/\/akerstroms.se\/app\/uploads\/2026\/01\/Keps-fri-300x344.png 300w, https:\/\/akerstroms.se\/app\/uploads\/2026\/01\/Keps-fri-600x688.png 600w\" sizes=\"auto, (max-width: 612px) 100vw, 612px\" \/><\/figure>\n<\/div><\/div>\n\n\n\n<div class=\"wp-block-column is-layout-flow wp-block-column-is-layout-flow\">\n<figure class=\"wp-block-image size-large is-resized\"><img loading=\"lazy\" decoding=\"async\" width=\"700\" height=\"742\" src=\"https:\/\/akerstroms.se\/app\/uploads\/2026\/01\/T-shirt-fri-700x742.png\" alt=\"\" class=\"wp-image-23773\" style=\"width:500px\" srcset=\"https:\/\/akerstroms.se\/app\/uploads\/2026\/01\/T-shirt-fri-700x742.png 700w, https:\/\/akerstroms.se\/app\/uploads\/2026\/01\/T-shirt-fri-250x265.png 250w, https:\/\/akerstroms.se\/app\/uploads\/2026\/01\/T-shirt-fri-768x814.png 768w, https:\/\/akerstroms.se\/app\/uploads\/2026\/01\/T-shirt-fri-120x127.png 120w, https:\/\/akerstroms.se\/app\/uploads\/2026\/01\/T-shirt-fri-540x572.png 540w, https:\/\/akerstroms.se\/app\/uploads\/2026\/01\/T-shirt-fri-300x318.png 300w, https:\/\/akerstroms.se\/app\/uploads\/2026\/01\/T-shirt-fri-600x636.png 600w, https:\/\/akerstroms.se\/app\/uploads\/2026\/01\/T-shirt-fri.png 1135w\" sizes=\"auto, (max-width: 700px) 100vw, 700px\" \/><\/figure>\n<\/div>\n\n\n\n<div class=\"wp-block-column is-layout-flow wp-block-column-is-layout-flow\">\n<figure class=\"wp-block-image size-large\"><img loading=\"lazy\" decoding=\"async\" width=\"700\" height=\"875\" src=\"https:\/\/akerstroms.se\/app\/uploads\/2026\/01\/SESAM-12-700x875.png\" alt=\"\" class=\"wp-image-23579\" style=\"aspect-ratio:1;object-fit:cover\" srcset=\"https:\/\/akerstroms.se\/app\/uploads\/2026\/01\/SESAM-12-700x875.png 700w, https:\/\/akerstroms.se\/app\/uploads\/2026\/01\/SESAM-12-250x313.png 250w, https:\/\/akerstroms.se\/app\/uploads\/2026\/01\/SESAM-12-768x960.png 768w, https:\/\/akerstroms.se\/app\/uploads\/2026\/01\/SESAM-12-120x150.png 120w, https:\/\/akerstroms.se\/app\/uploads\/2026\/01\/SESAM-12-540x675.png 540w, https:\/\/akerstroms.se\/app\/uploads\/2026\/01\/SESAM-12-300x375.png 300w, https:\/\/akerstroms.se\/app\/uploads\/2026\/01\/SESAM-12-600x750.png 600w, https:\/\/akerstroms.se\/app\/uploads\/2026\/01\/SESAM-12.png 1080w\" sizes=\"auto, (max-width: 700px) 100vw, 700px\" \/><\/figure>\n<\/div>\n<\/div>\n\n\n\n<div style=\"height:20px\" aria-hidden=\"true\" class=\"wp-block-spacer\"><\/div>\n\n\n\n<div class=\"wp-block-columns is-layout-flex wp-container-core-columns-is-layout-9d6595d7 wp-block-columns-is-layout-flex\">\n<div class=\"wp-block-column is-layout-flow wp-block-column-is-layout-flow\">\n<p class=\"has-text-align-center\"><strong>\u00c5kerstr\u00f6ms cap with the text \u201cWelcome to the remote future\u201d<\/strong><\/p>\n<\/div>\n\n\n\n<div class=\"wp-block-column is-layout-flow wp-block-column-is-layout-flow\">\n<p class=\"has-text-align-center\"><strong>T-shirt available in men&#8217;s and women&#8217;s models. Sizes XS-3XL<\/strong><\/p>\n<\/div>\n\n\n\n<div class=\"wp-block-column is-layout-flow wp-block-column-is-layout-flow\">\n<p class=\"has-text-align-center\"><\/p>\n<\/div>\n<\/div>\n\n\n\n<div class=\"wp-block-columns is-layout-flex wp-container-core-columns-is-layout-9d6595d7 wp-block-columns-is-layout-flex\">\n<div class=\"wp-block-column is-layout-flow wp-block-column-is-layout-flow\"><\/div>\n\n\n\n<div class=\"wp-block-column is-layout-flow wp-block-column-is-layout-flow\"><\/div>\n\n\n\n<div class=\"wp-block-column is-layout-flow wp-block-column-is-layout-flow\"><\/div>\n<\/div>\n\n\n\n<div style=\"height:50px\" aria-hidden=\"true\" class=\"wp-block-spacer\"><\/div>\n\n\n\n<div class=\"wp-block-buttons is-content-justification-center is-layout-flex wp-container-core-buttons-is-layout-28206b41 wp-block-buttons-is-layout-flex\">\n<div class=\"wp-block-button\"><a class=\"wp-block-button__link has-orange-background-color has-background wp-element-button\" href=\"https:\/\/akerstroms.se\/en\/marketing-material\/\" style=\"border-top-left-radius:8px;border-top-right-radius:8px;border-bottom-left-radius:8px;border-bottom-right-radius:8px\">Back to menu<\/a><\/div>\n<\/div>\n\n\n\n<div style=\"height:75px\" aria-hidden=\"true\" class=\"wp-block-spacer\"><\/div>\n","protected":false},"excerpt":{"rendered":"<p>Hybrid jacket, available in men&#8217;s and women&#8217;s models. Sizes XS-3XL Vest, available in men&#8217;s and women&#8217;s models. Sizes XS-3XL Polo shirt, available in men&#8217;s and&#8230;<\/p>\n","protected":false},"author":297,"featured_media":0,"parent":0,"menu_order":0,"comment_status":"closed","ping_status":"closed","template":"","meta":{"_acf_changed":false,"footnotes":""},"class_list":["post-20850","page","type-page","status-publish","hentry"],"acf":[],"yoast_head":"<!-- This site is optimized with the Yoast SEO plugin v27.4 - https:\/\/yoast.com\/product\/yoast-seo-wordpress\/ -->\n<title>Clothing - \u00c5kerstr\u00f6ms Bj\u00f6rbo<\/title>\n<meta name=\"robots\" content=\"index, follow, max-snippet:-1, max-image-preview:large, max-video-preview:-1\" \/>\n<link rel=\"canonical\" href=\"https:\/\/akerstroms.se\/en\/clothing\/\" \/>\n<meta property=\"og:locale\" content=\"en_US\" \/>\n<meta property=\"og:type\" content=\"article\" \/>\n<meta property=\"og:title\" content=\"Clothing - \u00c5kerstr\u00f6ms Bj\u00f6rbo\" \/>\n<meta property=\"og:description\" content=\"Hybrid jacket, available in men&#8217;s and women&#8217;s models. Sizes XS-3XL Vest, available in men&#8217;s and women&#8217;s models. Sizes XS-3XL Polo shirt, available in men&#8217;s and...\" \/>\n<meta property=\"og:url\" content=\"https:\/\/akerstroms.se\/en\/clothing\/\" \/>\n<meta property=\"og:site_name\" content=\"\u00c5kerstr\u00f6ms Bj\u00f6rbo\" \/>\n<meta property=\"article:publisher\" content=\"https:\/\/www.facebook.com\/akerstroms.se\" \/>\n<meta property=\"article:modified_time\" content=\"2026-01-21T09:08:00+00:00\" \/>\n<meta property=\"og:image\" content=\"https:\/\/akerstroms.se\/app\/uploads\/2024\/09\/jacka-hemsida.png\" \/>\n\t<meta property=\"og:image:width\" content=\"900\" \/>\n\t<meta property=\"og:image:height\" content=\"900\" \/>\n\t<meta property=\"og:image:type\" content=\"image\/png\" \/>\n<meta name=\"twitter:card\" content=\"summary_large_image\" \/>\n<meta name=\"twitter:label1\" content=\"Est. reading time\" \/>\n\t<meta name=\"twitter:data1\" content=\"2 minutes\" \/>\n<script type=\"application\/ld+json\" class=\"yoast-schema-graph\">{\"@context\":\"https:\\\/\\\/schema.org\",\"@graph\":[{\"@type\":\"WebPage\",\"@id\":\"https:\\\/\\\/akerstroms.se\\\/en\\\/clothing\\\/\",\"url\":\"https:\\\/\\\/akerstroms.se\\\/en\\\/clothing\\\/\",\"name\":\"Clothing - \u00c5kerstr\u00f6ms Bj\u00f6rbo\",\"isPartOf\":{\"@id\":\"https:\\\/\\\/akerstroms.se\\\/#website\"},\"primaryImageOfPage\":{\"@id\":\"https:\\\/\\\/akerstroms.se\\\/en\\\/clothing\\\/#primaryimage\"},\"image\":{\"@id\":\"https:\\\/\\\/akerstroms.se\\\/en\\\/clothing\\\/#primaryimage\"},\"thumbnailUrl\":\"https:\\\/\\\/akerstroms.se\\\/app\\\/uploads\\\/2024\\\/09\\\/jacka-hemsida-700x700.png\",\"datePublished\":\"2024-09-27T07:48:13+00:00\",\"dateModified\":\"2026-01-21T09:08:00+00:00\",\"breadcrumb\":{\"@id\":\"https:\\\/\\\/akerstroms.se\\\/en\\\/clothing\\\/#breadcrumb\"},\"inLanguage\":\"en-US\",\"potentialAction\":[{\"@type\":\"ReadAction\",\"target\":[\"https:\\\/\\\/akerstroms.se\\\/en\\\/clothing\\\/\"]}]},{\"@type\":\"ImageObject\",\"inLanguage\":\"en-US\",\"@id\":\"https:\\\/\\\/akerstroms.se\\\/en\\\/clothing\\\/#primaryimage\",\"url\":\"https:\\\/\\\/akerstroms.se\\\/app\\\/uploads\\\/2024\\\/09\\\/jacka-hemsida-700x700.png\",\"contentUrl\":\"https:\\\/\\\/akerstroms.se\\\/app\\\/uploads\\\/2024\\\/09\\\/jacka-hemsida-700x700.png\"},{\"@type\":\"BreadcrumbList\",\"@id\":\"https:\\\/\\\/akerstroms.se\\\/en\\\/clothing\\\/#breadcrumb\",\"itemListElement\":[{\"@type\":\"ListItem\",\"position\":1,\"name\":\"Home\",\"item\":\"https:\\\/\\\/akerstroms.se\\\/en\\\/\"},{\"@type\":\"ListItem\",\"position\":2,\"name\":\"Clothing\"}]},{\"@type\":\"WebSite\",\"@id\":\"https:\\\/\\\/akerstroms.se\\\/#website\",\"url\":\"https:\\\/\\\/akerstroms.se\\\/\",\"name\":\"\u00c5kerstr\u00f6ms Bj\u00f6rbo\",\"description\":\"Radiostyrning f\u00f6r industriella och mobila applikationer\",\"publisher\":{\"@id\":\"https:\\\/\\\/akerstroms.se\\\/#organization\"},\"potentialAction\":[{\"@type\":\"SearchAction\",\"target\":{\"@type\":\"EntryPoint\",\"urlTemplate\":\"https:\\\/\\\/akerstroms.se\\\/?s={search_term_string}\"},\"query-input\":{\"@type\":\"PropertyValueSpecification\",\"valueRequired\":true,\"valueName\":\"search_term_string\"}}],\"inLanguage\":\"en-US\"},{\"@type\":\"Organization\",\"@id\":\"https:\\\/\\\/akerstroms.se\\\/#organization\",\"name\":\"\u00c5kerstr\u00f6ms AB\",\"url\":\"https:\\\/\\\/akerstroms.se\\\/\",\"logo\":{\"@type\":\"ImageObject\",\"inLanguage\":\"en-US\",\"@id\":\"https:\\\/\\\/akerstroms.se\\\/#\\\/schema\\\/logo\\\/image\\\/\",\"url\":\"https:\\\/\\\/akerstroms.se\\\/app\\\/uploads\\\/2021\\\/10\\\/akerstroms-logo.png\",\"contentUrl\":\"https:\\\/\\\/akerstroms.se\\\/app\\\/uploads\\\/2021\\\/10\\\/akerstroms-logo.png\",\"width\":400,\"height\":86,\"caption\":\"\u00c5kerstr\u00f6ms AB\"},\"image\":{\"@id\":\"https:\\\/\\\/akerstroms.se\\\/#\\\/schema\\\/logo\\\/image\\\/\"},\"sameAs\":[\"https:\\\/\\\/www.facebook.com\\\/akerstroms.se\",\"https:\\\/\\\/www.linkedin.com\\\/company\\\/akerstroms\\\/\",\"https:\\\/\\\/www.youtube.com\\\/channel\\\/UC8S-jX9nA8c9qBaTlgqg1CQ\"]}]}<\/script>\n<!-- \/ Yoast SEO plugin. -->","yoast_head_json":{"title":"Clothing - \u00c5kerstr\u00f6ms Bj\u00f6rbo","robots":{"index":"index","follow":"follow","max-snippet":"max-snippet:-1","max-image-preview":"max-image-preview:large","max-video-preview":"max-video-preview:-1"},"canonical":"https:\/\/akerstroms.se\/en\/clothing\/","og_locale":"en_US","og_type":"article","og_title":"Clothing - \u00c5kerstr\u00f6ms Bj\u00f6rbo","og_description":"Hybrid jacket, available in men&#8217;s and women&#8217;s models. Sizes XS-3XL Vest, available in men&#8217;s and women&#8217;s models. Sizes XS-3XL Polo shirt, available in men&#8217;s and...","og_url":"https:\/\/akerstroms.se\/en\/clothing\/","og_site_name":"\u00c5kerstr\u00f6ms Bj\u00f6rbo","article_publisher":"https:\/\/www.facebook.com\/akerstroms.se","article_modified_time":"2026-01-21T09:08:00+00:00","og_image":[{"width":900,"height":900,"url":"https:\/\/akerstroms.se\/app\/uploads\/2024\/09\/jacka-hemsida.png","type":"image\/png"}],"twitter_card":"summary_large_image","twitter_misc":{"Est. reading time":"2 minutes"},"schema":{"@context":"https:\/\/schema.org","@graph":[{"@type":"WebPage","@id":"https:\/\/akerstroms.se\/en\/clothing\/","url":"https:\/\/akerstroms.se\/en\/clothing\/","name":"Clothing - \u00c5kerstr\u00f6ms Bj\u00f6rbo","isPartOf":{"@id":"https:\/\/akerstroms.se\/#website"},"primaryImageOfPage":{"@id":"https:\/\/akerstroms.se\/en\/clothing\/#primaryimage"},"image":{"@id":"https:\/\/akerstroms.se\/en\/clothing\/#primaryimage"},"thumbnailUrl":"https:\/\/akerstroms.se\/app\/uploads\/2024\/09\/jacka-hemsida-700x700.png","datePublished":"2024-09-27T07:48:13+00:00","dateModified":"2026-01-21T09:08:00+00:00","breadcrumb":{"@id":"https:\/\/akerstroms.se\/en\/clothing\/#breadcrumb"},"inLanguage":"en-US","potentialAction":[{"@type":"ReadAction","target":["https:\/\/akerstroms.se\/en\/clothing\/"]}]},{"@type":"ImageObject","inLanguage":"en-US","@id":"https:\/\/akerstroms.se\/en\/clothing\/#primaryimage","url":"https:\/\/akerstroms.se\/app\/uploads\/2024\/09\/jacka-hemsida-700x700.png","contentUrl":"https:\/\/akerstroms.se\/app\/uploads\/2024\/09\/jacka-hemsida-700x700.png"},{"@type":"BreadcrumbList","@id":"https:\/\/akerstroms.se\/en\/clothing\/#breadcrumb","itemListElement":[{"@type":"ListItem","position":1,"name":"Home","item":"https:\/\/akerstroms.se\/en\/"},{"@type":"ListItem","position":2,"name":"Clothing"}]},{"@type":"WebSite","@id":"https:\/\/akerstroms.se\/#website","url":"https:\/\/akerstroms.se\/","name":"\u00c5kerstr\u00f6ms Bj\u00f6rbo","description":"Radiostyrning f\u00f6r industriella och mobila applikationer","publisher":{"@id":"https:\/\/akerstroms.se\/#organization"},"potentialAction":[{"@type":"SearchAction","target":{"@type":"EntryPoint","urlTemplate":"https:\/\/akerstroms.se\/?s={search_term_string}"},"query-input":{"@type":"PropertyValueSpecification","valueRequired":true,"valueName":"search_term_string"}}],"inLanguage":"en-US"},{"@type":"Organization","@id":"https:\/\/akerstroms.se\/#organization","name":"\u00c5kerstr\u00f6ms AB","url":"https:\/\/akerstroms.se\/","logo":{"@type":"ImageObject","inLanguage":"en-US","@id":"https:\/\/akerstroms.se\/#\/schema\/logo\/image\/","url":"https:\/\/akerstroms.se\/app\/uploads\/2021\/10\/akerstroms-logo.png","contentUrl":"https:\/\/akerstroms.se\/app\/uploads\/2021\/10\/akerstroms-logo.png","width":400,"height":86,"caption":"\u00c5kerstr\u00f6ms AB"},"image":{"@id":"https:\/\/akerstroms.se\/#\/schema\/logo\/image\/"},"sameAs":["https:\/\/www.facebook.com\/akerstroms.se","https:\/\/www.linkedin.com\/company\/akerstroms\/","https:\/\/www.youtube.com\/channel\/UC8S-jX9nA8c9qBaTlgqg1CQ"]}]}},"_links":{"self":[{"href":"https:\/\/akerstroms.se\/en\/wp-json\/wp\/v2\/pages\/20850","targetHints":{"allow":["GET"]}}],"collection":[{"href":"https:\/\/akerstroms.se\/en\/wp-json\/wp\/v2\/pages"}],"about":[{"href":"https:\/\/akerstroms.se\/en\/wp-json\/wp\/v2\/types\/page"}],"author":[{"embeddable":true,"href":"https:\/\/akerstroms.se\/en\/wp-json\/wp\/v2\/users\/297"}],"replies":[{"embeddable":true,"href":"https:\/\/akerstroms.se\/en\/wp-json\/wp\/v2\/comments?post=20850"}],"version-history":[{"count":3,"href":"https:\/\/akerstroms.se\/en\/wp-json\/wp\/v2\/pages\/20850\/revisions"}],"predecessor-version":[{"id":23779,"href":"https:\/\/akerstroms.se\/en\/wp-json\/wp\/v2\/pages\/20850\/revisions\/23779"}],"wp:attachment":[{"href":"https:\/\/akerstroms.se\/en\/wp-json\/wp\/v2\/media?parent=20850"}],"curies":[{"name":"wp","href":"https:\/\/api.w.org\/{rel}","templated":true}]}}