{"id":20471,"date":"2024-05-23T16:00:50","date_gmt":"2024-05-23T14:00:50","guid":{"rendered":"https:\/\/akerstroms.se\/?page_id=20471"},"modified":"2024-05-28T09:07:17","modified_gmt":"2024-05-28T07:07:17","slug":"information-regarding-european-union-eu-chemical-regulation-reach","status":"publish","type":"page","link":"https:\/\/akerstroms.se\/en\/information-regarding-european-union-eu-chemical-regulation-reach\/","title":{"rendered":"Information regarding European Union (EU) chemical regulation, REACH"},"content":{"rendered":"\n<h2 class=\"wp-block-heading\" id=\"h-information-regarding-european-union-eu-chemical-regulation-reach\">Information regarding European Union (EU) chemical regulation, <strong>REACH<\/strong><\/h2>\n\n\n\n<p><br>\u00c5kerstr\u00f6ms Bj\u00f6rbo AB specializes in secure and high-quality industrial radio remote control solutions, with an emphasis on flexibility and durability.<\/p>\n\n\n\n<p>Sustainability is a guiding principle for our business. From the outset, we take full responsibility for the product\u2019s life cycle, designing solutions that minimize environmental impact.<\/p>\n\n\n\n<p>We comply with legislation such as the European Union (EU) chemical regulation, REACH (Registration, Evaluation, Authorization and Restriction of Chemicals) which entered into force on 1st June 2007. The candidate list according to the Article 59 of REACH were published on 28th October 2008 and has been amended regularly, most recently on June 14th, 2023 . REACH requires \u00c5kerstr\u00f6ms Bj\u00f6rbo AB to provide customers with sufficient information if Substances of Very High Concern (SVHC) of candidate list are contained in our products in a concentration above 0.1% weight by weight (w\/w).<\/p>\n\n\n\n<p>To access the SVHC declaration, please refer to <a href=\"mailto:reach@akerstroms.se\">reach@akerstroms.se<\/a><\/p>\n\n\n\n<p>  <\/p>\n\n\n\n<p><\/p>\n","protected":false},"excerpt":{"rendered":"<p>Information regarding European Union (EU) chemical regulation, REACH \u00c5kerstr\u00f6ms Bj\u00f6rbo AB specializes in secure and high-quality industrial radio remote control solutions, with an emphasis on&#8230;<\/p>\n","protected":false},"author":7,"featured_media":0,"parent":0,"menu_order":0,"comment_status":"closed","ping_status":"closed","template":"","meta":{"_acf_changed":false,"footnotes":""},"class_list":["post-20471","page","type-page","status-publish","hentry"],"acf":[],"yoast_head":"<!-- This site is optimized with the Yoast SEO plugin v27.4 - https:\/\/yoast.com\/product\/yoast-seo-wordpress\/ -->\n<title>Information regarding European Union (EU) chemical regulation, REACH - \u00c5kerstr\u00f6ms Bj\u00f6rbo<\/title>\n<meta name=\"robots\" content=\"index, follow, max-snippet:-1, max-image-preview:large, max-video-preview:-1\" \/>\n<link rel=\"canonical\" href=\"https:\/\/akerstroms.se\/en\/information-regarding-european-union-eu-chemical-regulation-reach\/\" \/>\n<meta property=\"og:locale\" content=\"en_US\" \/>\n<meta property=\"og:type\" content=\"article\" \/>\n<meta property=\"og:title\" content=\"Information regarding European Union (EU) chemical regulation, REACH - \u00c5kerstr\u00f6ms Bj\u00f6rbo\" \/>\n<meta property=\"og:description\" content=\"Information regarding European Union (EU) chemical regulation, REACH \u00c5kerstr\u00f6ms Bj\u00f6rbo AB specializes in secure and high-quality industrial radio remote control solutions, with an emphasis on...\" \/>\n<meta property=\"og:url\" content=\"https:\/\/akerstroms.se\/en\/information-regarding-european-union-eu-chemical-regulation-reach\/\" \/>\n<meta property=\"og:site_name\" content=\"\u00c5kerstr\u00f6ms Bj\u00f6rbo\" \/>\n<meta property=\"article:publisher\" content=\"https:\/\/www.facebook.com\/akerstroms.se\" \/>\n<meta property=\"article:modified_time\" content=\"2024-05-28T07:07:17+00:00\" \/>\n<meta property=\"og:image\" content=\"https:\/\/akerstroms.se\/app\/uploads\/2021\/09\/Akerstroms-remote-controls.jpg\" \/>\n\t<meta property=\"og:image:width\" content=\"1200\" \/>\n\t<meta property=\"og:image:height\" content=\"675\" \/>\n\t<meta property=\"og:image:type\" content=\"image\/jpeg\" \/>\n<meta name=\"twitter:card\" content=\"summary_large_image\" \/>\n<meta name=\"twitter:label1\" content=\"Est. reading time\" \/>\n\t<meta name=\"twitter:data1\" content=\"1 minute\" \/>\n<script type=\"application\/ld+json\" class=\"yoast-schema-graph\">{\"@context\":\"https:\\\/\\\/schema.org\",\"@graph\":[{\"@type\":\"WebPage\",\"@id\":\"https:\\\/\\\/akerstroms.se\\\/en\\\/information-regarding-european-union-eu-chemical-regulation-reach\\\/\",\"url\":\"https:\\\/\\\/akerstroms.se\\\/en\\\/information-regarding-european-union-eu-chemical-regulation-reach\\\/\",\"name\":\"Information regarding European Union (EU) chemical regulation, REACH - \u00c5kerstr\u00f6ms Bj\u00f6rbo\",\"isPartOf\":{\"@id\":\"https:\\\/\\\/akerstroms.se\\\/#website\"},\"datePublished\":\"2024-05-23T14:00:50+00:00\",\"dateModified\":\"2024-05-28T07:07:17+00:00\",\"breadcrumb\":{\"@id\":\"https:\\\/\\\/akerstroms.se\\\/en\\\/information-regarding-european-union-eu-chemical-regulation-reach\\\/#breadcrumb\"},\"inLanguage\":\"en-US\",\"potentialAction\":[{\"@type\":\"ReadAction\",\"target\":[\"https:\\\/\\\/akerstroms.se\\\/en\\\/information-regarding-european-union-eu-chemical-regulation-reach\\\/\"]}]},{\"@type\":\"BreadcrumbList\",\"@id\":\"https:\\\/\\\/akerstroms.se\\\/en\\\/information-regarding-european-union-eu-chemical-regulation-reach\\\/#breadcrumb\",\"itemListElement\":[{\"@type\":\"ListItem\",\"position\":1,\"name\":\"Home\",\"item\":\"https:\\\/\\\/akerstroms.se\\\/en\\\/\"},{\"@type\":\"ListItem\",\"position\":2,\"name\":\"Information regarding European Union (EU) chemical regulation, REACH\"}]},{\"@type\":\"WebSite\",\"@id\":\"https:\\\/\\\/akerstroms.se\\\/#website\",\"url\":\"https:\\\/\\\/akerstroms.se\\\/\",\"name\":\"\u00c5kerstr\u00f6ms Bj\u00f6rbo\",\"description\":\"Radiostyrning f\u00f6r industriella och mobila applikationer\",\"publisher\":{\"@id\":\"https:\\\/\\\/akerstroms.se\\\/#organization\"},\"potentialAction\":[{\"@type\":\"SearchAction\",\"target\":{\"@type\":\"EntryPoint\",\"urlTemplate\":\"https:\\\/\\\/akerstroms.se\\\/?s={search_term_string}\"},\"query-input\":{\"@type\":\"PropertyValueSpecification\",\"valueRequired\":true,\"valueName\":\"search_term_string\"}}],\"inLanguage\":\"en-US\"},{\"@type\":\"Organization\",\"@id\":\"https:\\\/\\\/akerstroms.se\\\/#organization\",\"name\":\"\u00c5kerstr\u00f6ms AB\",\"url\":\"https:\\\/\\\/akerstroms.se\\\/\",\"logo\":{\"@type\":\"ImageObject\",\"inLanguage\":\"en-US\",\"@id\":\"https:\\\/\\\/akerstroms.se\\\/#\\\/schema\\\/logo\\\/image\\\/\",\"url\":\"https:\\\/\\\/akerstroms.se\\\/app\\\/uploads\\\/2021\\\/10\\\/akerstroms-logo.png\",\"contentUrl\":\"https:\\\/\\\/akerstroms.se\\\/app\\\/uploads\\\/2021\\\/10\\\/akerstroms-logo.png\",\"width\":400,\"height\":86,\"caption\":\"\u00c5kerstr\u00f6ms AB\"},\"image\":{\"@id\":\"https:\\\/\\\/akerstroms.se\\\/#\\\/schema\\\/logo\\\/image\\\/\"},\"sameAs\":[\"https:\\\/\\\/www.facebook.com\\\/akerstroms.se\",\"https:\\\/\\\/www.linkedin.com\\\/company\\\/akerstroms\\\/\",\"https:\\\/\\\/www.youtube.com\\\/channel\\\/UC8S-jX9nA8c9qBaTlgqg1CQ\"]}]}<\/script>\n<!-- \/ Yoast SEO plugin. -->","yoast_head_json":{"title":"Information regarding European Union (EU) chemical regulation, REACH - \u00c5kerstr\u00f6ms Bj\u00f6rbo","robots":{"index":"index","follow":"follow","max-snippet":"max-snippet:-1","max-image-preview":"max-image-preview:large","max-video-preview":"max-video-preview:-1"},"canonical":"https:\/\/akerstroms.se\/en\/information-regarding-european-union-eu-chemical-regulation-reach\/","og_locale":"en_US","og_type":"article","og_title":"Information regarding European Union (EU) chemical regulation, REACH - \u00c5kerstr\u00f6ms Bj\u00f6rbo","og_description":"Information regarding European Union (EU) chemical regulation, REACH \u00c5kerstr\u00f6ms Bj\u00f6rbo AB specializes in secure and high-quality industrial radio remote control solutions, with an emphasis on...","og_url":"https:\/\/akerstroms.se\/en\/information-regarding-european-union-eu-chemical-regulation-reach\/","og_site_name":"\u00c5kerstr\u00f6ms Bj\u00f6rbo","article_publisher":"https:\/\/www.facebook.com\/akerstroms.se","article_modified_time":"2024-05-28T07:07:17+00:00","og_image":[{"width":1200,"height":675,"url":"https:\/\/akerstroms.se\/app\/uploads\/2021\/09\/Akerstroms-remote-controls.jpg","type":"image\/jpeg"}],"twitter_card":"summary_large_image","twitter_misc":{"Est. reading time":"1 minute"},"schema":{"@context":"https:\/\/schema.org","@graph":[{"@type":"WebPage","@id":"https:\/\/akerstroms.se\/en\/information-regarding-european-union-eu-chemical-regulation-reach\/","url":"https:\/\/akerstroms.se\/en\/information-regarding-european-union-eu-chemical-regulation-reach\/","name":"Information regarding European Union (EU) chemical regulation, REACH - \u00c5kerstr\u00f6ms Bj\u00f6rbo","isPartOf":{"@id":"https:\/\/akerstroms.se\/#website"},"datePublished":"2024-05-23T14:00:50+00:00","dateModified":"2024-05-28T07:07:17+00:00","breadcrumb":{"@id":"https:\/\/akerstroms.se\/en\/information-regarding-european-union-eu-chemical-regulation-reach\/#breadcrumb"},"inLanguage":"en-US","potentialAction":[{"@type":"ReadAction","target":["https:\/\/akerstroms.se\/en\/information-regarding-european-union-eu-chemical-regulation-reach\/"]}]},{"@type":"BreadcrumbList","@id":"https:\/\/akerstroms.se\/en\/information-regarding-european-union-eu-chemical-regulation-reach\/#breadcrumb","itemListElement":[{"@type":"ListItem","position":1,"name":"Home","item":"https:\/\/akerstroms.se\/en\/"},{"@type":"ListItem","position":2,"name":"Information regarding European Union (EU) chemical regulation, REACH"}]},{"@type":"WebSite","@id":"https:\/\/akerstroms.se\/#website","url":"https:\/\/akerstroms.se\/","name":"\u00c5kerstr\u00f6ms Bj\u00f6rbo","description":"Radiostyrning f\u00f6r industriella och mobila applikationer","publisher":{"@id":"https:\/\/akerstroms.se\/#organization"},"potentialAction":[{"@type":"SearchAction","target":{"@type":"EntryPoint","urlTemplate":"https:\/\/akerstroms.se\/?s={search_term_string}"},"query-input":{"@type":"PropertyValueSpecification","valueRequired":true,"valueName":"search_term_string"}}],"inLanguage":"en-US"},{"@type":"Organization","@id":"https:\/\/akerstroms.se\/#organization","name":"\u00c5kerstr\u00f6ms AB","url":"https:\/\/akerstroms.se\/","logo":{"@type":"ImageObject","inLanguage":"en-US","@id":"https:\/\/akerstroms.se\/#\/schema\/logo\/image\/","url":"https:\/\/akerstroms.se\/app\/uploads\/2021\/10\/akerstroms-logo.png","contentUrl":"https:\/\/akerstroms.se\/app\/uploads\/2021\/10\/akerstroms-logo.png","width":400,"height":86,"caption":"\u00c5kerstr\u00f6ms AB"},"image":{"@id":"https:\/\/akerstroms.se\/#\/schema\/logo\/image\/"},"sameAs":["https:\/\/www.facebook.com\/akerstroms.se","https:\/\/www.linkedin.com\/company\/akerstroms\/","https:\/\/www.youtube.com\/channel\/UC8S-jX9nA8c9qBaTlgqg1CQ"]}]}},"_links":{"self":[{"href":"https:\/\/akerstroms.se\/en\/wp-json\/wp\/v2\/pages\/20471","targetHints":{"allow":["GET"]}}],"collection":[{"href":"https:\/\/akerstroms.se\/en\/wp-json\/wp\/v2\/pages"}],"about":[{"href":"https:\/\/akerstroms.se\/en\/wp-json\/wp\/v2\/types\/page"}],"author":[{"embeddable":true,"href":"https:\/\/akerstroms.se\/en\/wp-json\/wp\/v2\/users\/7"}],"replies":[{"embeddable":true,"href":"https:\/\/akerstroms.se\/en\/wp-json\/wp\/v2\/comments?post=20471"}],"version-history":[{"count":2,"href":"https:\/\/akerstroms.se\/en\/wp-json\/wp\/v2\/pages\/20471\/revisions"}],"predecessor-version":[{"id":20502,"href":"https:\/\/akerstroms.se\/en\/wp-json\/wp\/v2\/pages\/20471\/revisions\/20502"}],"wp:attachment":[{"href":"https:\/\/akerstroms.se\/en\/wp-json\/wp\/v2\/media?parent=20471"}],"curies":[{"name":"wp","href":"https:\/\/api.w.org\/{rel}","templated":true}]}}