{"id":20364,"date":"2024-05-06T10:19:38","date_gmt":"2024-05-06T08:19:38","guid":{"rendered":"https:\/\/akerstroms.se\/?page_id=20364"},"modified":"2026-04-02T09:20:24","modified_gmt":"2026-04-02T07:20:24","slug":"virtual-reality-crane-training","status":"publish","type":"page","link":"https:\/\/akerstroms.se\/en\/virtual-reality-crane-training\/","title":{"rendered":"Virtual Reality Training for Crane Operators"},"content":{"rendered":"<section class=\"hero alignfull tone \" style=\"background-image: url(https:\/\/akerstroms.se\/app\/uploads\/2024\/05\/Magnus-VR-beskruen.png-scaled.jpg);\">\r\n        <div class=\"hero__text container\">\r\n        <h1 class=\"hero__title\"><strong>Virtual training simulator<\/strong> for crane operators<\/h1>\r\n            <\/div>\r\n<\/section>\r\n\n\n\n<h2 class=\"wp-block-heading\" id=\"h-virtual-reality-crane-operator-training\">Virtual reality crane operator training<\/h2>\n\n\n\n<p>Our virtual reality crane operator training simulators are built on modern VR technology. A user can operate a radio-controlled overhead crane in a digital environment under safe conditions. Today&#8217;s technology allows cranes to behave realistically, and the environments are lifelike. A virtual crane operator training simulator can be effectively used for training purposes and often surpasses the training opportunities available with real machines. The advantages include accessibility to different cranes, personnel safety, mental preparation for hazardous situations, and ensuring the competence of crane operators.<\/p>\n\n\n\n<figure class=\"wp-block-image size-full\"><img loading=\"lazy\" decoding=\"async\" width=\"2560\" height=\"1439\" src=\"https:\/\/akerstroms.se\/app\/uploads\/2024\/03\/Image-Sequence_006_0000-LO.png\" alt=\"\" class=\"wp-image-19994\" srcset=\"https:\/\/akerstroms.se\/app\/uploads\/2024\/03\/Image-Sequence_006_0000-LO.png 2560w, https:\/\/akerstroms.se\/app\/uploads\/2024\/03\/Image-Sequence_006_0000-LO-250x141.png 250w, https:\/\/akerstroms.se\/app\/uploads\/2024\/03\/Image-Sequence_006_0000-LO-700x394.png 700w, https:\/\/akerstroms.se\/app\/uploads\/2024\/03\/Image-Sequence_006_0000-LO-768x432.png 768w, https:\/\/akerstroms.se\/app\/uploads\/2024\/03\/Image-Sequence_006_0000-LO-1536x864.png 1536w, https:\/\/akerstroms.se\/app\/uploads\/2024\/03\/Image-Sequence_006_0000-LO-2048x1152.png 2048w, https:\/\/akerstroms.se\/app\/uploads\/2024\/03\/Image-Sequence_006_0000-LO-120x67.png 120w, https:\/\/akerstroms.se\/app\/uploads\/2024\/03\/Image-Sequence_006_0000-LO-540x304.png 540w, https:\/\/akerstroms.se\/app\/uploads\/2024\/03\/Image-Sequence_006_0000-LO-300x169.png 300w, https:\/\/akerstroms.se\/app\/uploads\/2024\/03\/Image-Sequence_006_0000-LO-600x337.png 600w\" sizes=\"auto, (max-width: 2560px) 100vw, 2560px\" \/><\/figure>\n\n\n\n<p><br>\u00c5kerstr\u00f6ms\u2019 VR-based crane operator training system is based on the SS ISO 9926-1 standard, the Swedish Work Environment Authority&#8217;s AFS 2006:6, and additional requirements from Swedish industry. The purpose is to educate crane operators so they acquire the practical competence demanded by the industry. The training simulator includes various tasks such as daily inspections, route planning, distance to hanging loads, and more.<\/p>\n\n\n\n<p>Each task includes text and visual aids that pedagogically explain what needs to be done. The student&#8217;s performance is monitored and documented, eliminating the need for an instructor to be present during training. The training concludes with a driving test where the student must perform different tasks incorporating previously learned skills. Performance and violations are recorded and documented, and the trainer can choose which criteria must be met for a passing grade.<\/p>\n\n\n\n<div class=\"wp-block-columns is-layout-flex wp-container-core-columns-is-layout-9d6595d7 wp-block-columns-is-layout-flex\">\n<div class=\"wp-block-column is-layout-flow wp-block-column-is-layout-flow\"><\/div>\n\n\n\n<div class=\"wp-block-column is-layout-flow wp-block-column-is-layout-flow\">\n<ul class=\"wp-block-list\">\n<li>Daily inspections.<\/li>\n\n\n\n<li>Check before each operation.<\/li>\n\n\n\n<li>Distance to hanging loads.<\/li>\n\n\n\n<li>Observe &amp; avoid obstacles in pathways.<\/li>\n\n\n\n<li>Basic crane maneuvering.<\/li>\n\n\n\n<li>Lifting straight.<\/li>\n\n\n\n<li>Counteract swinging loads.<\/li>\n\n\n\n<li>Precision driving.<\/li>\n<\/ul>\n<\/div>\n\n\n\n<div class=\"wp-block-column is-layout-flow wp-block-column-is-layout-flow\"><\/div>\n<\/div>\n\n\n\n<h3 class=\"wp-block-heading\" id=\"h-customized-simulators\">Customized simulators<\/h3>\n\n\n\n<p>Our virtual reality training simulators can be customized to reflect specific tasks or lifting equipment. In industries where there are many complex and hazardous tasks, having the right competence is crucial for safe and efficient operations. Being able to train in these tasks in a digital environment provides a safer work environment and reduces costs by increasing efficiency and reducing waste.<\/p>\n\n\n\n<figure class=\"wp-block-image size-full\"><img loading=\"lazy\" decoding=\"async\" width=\"2560\" height=\"1440\" src=\"https:\/\/akerstroms.se\/app\/uploads\/2024\/03\/image_019_0000-mork-LO-2.png\" alt=\"\" class=\"wp-image-19997\" srcset=\"https:\/\/akerstroms.se\/app\/uploads\/2024\/03\/image_019_0000-mork-LO-2.png 2560w, https:\/\/akerstroms.se\/app\/uploads\/2024\/03\/image_019_0000-mork-LO-2-250x141.png 250w, https:\/\/akerstroms.se\/app\/uploads\/2024\/03\/image_019_0000-mork-LO-2-700x394.png 700w, https:\/\/akerstroms.se\/app\/uploads\/2024\/03\/image_019_0000-mork-LO-2-768x432.png 768w, https:\/\/akerstroms.se\/app\/uploads\/2024\/03\/image_019_0000-mork-LO-2-1536x864.png 1536w, https:\/\/akerstroms.se\/app\/uploads\/2024\/03\/image_019_0000-mork-LO-2-2048x1152.png 2048w, https:\/\/akerstroms.se\/app\/uploads\/2024\/03\/image_019_0000-mork-LO-2-120x68.png 120w, https:\/\/akerstroms.se\/app\/uploads\/2024\/03\/image_019_0000-mork-LO-2-540x304.png 540w, https:\/\/akerstroms.se\/app\/uploads\/2024\/03\/image_019_0000-mork-LO-2-300x169.png 300w, https:\/\/akerstroms.se\/app\/uploads\/2024\/03\/image_019_0000-mork-LO-2-600x338.png 600w\" sizes=\"auto, (max-width: 2560px) 100vw, 2560px\" \/><\/figure>\n\n\n\n<p class=\"has-small-font-size\"><em>Simulator in Steel Mill Environment<\/em><\/p>\n\n\n\n<h3 class=\"wp-block-heading\" id=\"h-re-training-of-crane-operators\">Re-training of Crane Operators<\/h3>\n\n\n\n<p>Re-training of crane operators is about ensuring that the employer verifies that the operator still possesses the right skills. In practice, it can be challenging to maintain the recommended interval of 5 years. It can be administratively demanding, and production may need to be halted during training. By conducting re-training in a virtual reality crane training simulator, availability and productivity increase. The results are documented, and a successful re-training can provide the employer with a basis for extending an existing operating permit.<\/p>\n\n\n\n<figure class=\"wp-block-gallery has-nested-images columns-default is-cropped wp-block-gallery-1 is-layout-flex wp-block-gallery-is-layout-flex\">\n<figure class=\"wp-block-image size-large\"><img loading=\"lazy\" decoding=\"async\" width=\"700\" height=\"358\" data-id=\"20009\" src=\"https:\/\/akerstroms.se\/app\/uploads\/2024\/03\/Ny-genvag.lnk_-700x358.png\" alt=\"\" class=\"wp-image-20009\" srcset=\"https:\/\/akerstroms.se\/app\/uploads\/2024\/03\/Ny-genvag.lnk_-700x358.png 700w, https:\/\/akerstroms.se\/app\/uploads\/2024\/03\/Ny-genvag.lnk_-250x128.png 250w, https:\/\/akerstroms.se\/app\/uploads\/2024\/03\/Ny-genvag.lnk_-768x393.png 768w, https:\/\/akerstroms.se\/app\/uploads\/2024\/03\/Ny-genvag.lnk_-120x61.png 120w, https:\/\/akerstroms.se\/app\/uploads\/2024\/03\/Ny-genvag.lnk_-540x276.png 540w, https:\/\/akerstroms.se\/app\/uploads\/2024\/03\/Ny-genvag.lnk_-300x154.png 300w, https:\/\/akerstroms.se\/app\/uploads\/2024\/03\/Ny-genvag.lnk_-600x307.png 600w, https:\/\/akerstroms.se\/app\/uploads\/2024\/03\/Ny-genvag.lnk_.png 1418w\" sizes=\"auto, (max-width: 700px) 100vw, 700px\" \/><\/figure>\n\n\n\n<figure class=\"wp-block-image size-large\"><img loading=\"lazy\" decoding=\"async\" width=\"700\" height=\"395\" data-id=\"20015\" src=\"https:\/\/akerstroms.se\/app\/uploads\/2024\/03\/Skarmbild-2023-09-20-182354-700x395.png\" alt=\"\" class=\"wp-image-20015\" srcset=\"https:\/\/akerstroms.se\/app\/uploads\/2024\/03\/Skarmbild-2023-09-20-182354-700x395.png 700w, https:\/\/akerstroms.se\/app\/uploads\/2024\/03\/Skarmbild-2023-09-20-182354-250x141.png 250w, https:\/\/akerstroms.se\/app\/uploads\/2024\/03\/Skarmbild-2023-09-20-182354-768x434.png 768w, https:\/\/akerstroms.se\/app\/uploads\/2024\/03\/Skarmbild-2023-09-20-182354-120x68.png 120w, https:\/\/akerstroms.se\/app\/uploads\/2024\/03\/Skarmbild-2023-09-20-182354-540x305.png 540w, https:\/\/akerstroms.se\/app\/uploads\/2024\/03\/Skarmbild-2023-09-20-182354-300x169.png 300w, https:\/\/akerstroms.se\/app\/uploads\/2024\/03\/Skarmbild-2023-09-20-182354-600x339.png 600w, https:\/\/akerstroms.se\/app\/uploads\/2024\/03\/Skarmbild-2023-09-20-182354.png 1077w\" sizes=\"auto, (max-width: 700px) 100vw, 700px\" \/><\/figure>\n\n\n\n<figure class=\"wp-block-image size-large\"><img loading=\"lazy\" decoding=\"async\" width=\"700\" height=\"394\" data-id=\"20012\" src=\"https:\/\/akerstroms.se\/app\/uploads\/2024\/03\/Skarmbild-2024-01-23-064220-700x394.png\" alt=\"\" class=\"wp-image-20012\" srcset=\"https:\/\/akerstroms.se\/app\/uploads\/2024\/03\/Skarmbild-2024-01-23-064220-700x394.png 700w, https:\/\/akerstroms.se\/app\/uploads\/2024\/03\/Skarmbild-2024-01-23-064220-250x141.png 250w, https:\/\/akerstroms.se\/app\/uploads\/2024\/03\/Skarmbild-2024-01-23-064220-768x432.png 768w, https:\/\/akerstroms.se\/app\/uploads\/2024\/03\/Skarmbild-2024-01-23-064220-120x67.png 120w, https:\/\/akerstroms.se\/app\/uploads\/2024\/03\/Skarmbild-2024-01-23-064220-540x304.png 540w, https:\/\/akerstroms.se\/app\/uploads\/2024\/03\/Skarmbild-2024-01-23-064220-300x169.png 300w, https:\/\/akerstroms.se\/app\/uploads\/2024\/03\/Skarmbild-2024-01-23-064220-600x337.png 600w, https:\/\/akerstroms.se\/app\/uploads\/2024\/03\/Skarmbild-2024-01-23-064220.png 1206w\" sizes=\"auto, (max-width: 700px) 100vw, 700px\" \/><\/figure>\n\n\n\n<figure class=\"wp-block-image size-large\"><img loading=\"lazy\" decoding=\"async\" width=\"700\" height=\"393\" data-id=\"20018\" src=\"https:\/\/akerstroms.se\/app\/uploads\/2024\/03\/Skarmbild-2024-01-23-065446-700x393.png\" alt=\"\" class=\"wp-image-20018\" srcset=\"https:\/\/akerstroms.se\/app\/uploads\/2024\/03\/Skarmbild-2024-01-23-065446-700x393.png 700w, https:\/\/akerstroms.se\/app\/uploads\/2024\/03\/Skarmbild-2024-01-23-065446-250x140.png 250w, https:\/\/akerstroms.se\/app\/uploads\/2024\/03\/Skarmbild-2024-01-23-065446-768x431.png 768w, https:\/\/akerstroms.se\/app\/uploads\/2024\/03\/Skarmbild-2024-01-23-065446-120x67.png 120w, https:\/\/akerstroms.se\/app\/uploads\/2024\/03\/Skarmbild-2024-01-23-065446-540x303.png 540w, https:\/\/akerstroms.se\/app\/uploads\/2024\/03\/Skarmbild-2024-01-23-065446-300x169.png 300w, https:\/\/akerstroms.se\/app\/uploads\/2024\/03\/Skarmbild-2024-01-23-065446-600x337.png 600w, https:\/\/akerstroms.se\/app\/uploads\/2024\/03\/Skarmbild-2024-01-23-065446.png 1205w\" sizes=\"auto, (max-width: 700px) 100vw, 700px\" \/><\/figure>\n\n\n\n<figure class=\"wp-block-image size-large\"><img loading=\"lazy\" decoding=\"async\" width=\"700\" height=\"394\" data-id=\"20021\" src=\"https:\/\/akerstroms.se\/app\/uploads\/2024\/03\/Skarmbild-2024-01-23-070509-700x394.png\" alt=\"\" class=\"wp-image-20021\" srcset=\"https:\/\/akerstroms.se\/app\/uploads\/2024\/03\/Skarmbild-2024-01-23-070509-700x394.png 700w, https:\/\/akerstroms.se\/app\/uploads\/2024\/03\/Skarmbild-2024-01-23-070509-250x141.png 250w, https:\/\/akerstroms.se\/app\/uploads\/2024\/03\/Skarmbild-2024-01-23-070509-768x432.png 768w, https:\/\/akerstroms.se\/app\/uploads\/2024\/03\/Skarmbild-2024-01-23-070509-120x68.png 120w, https:\/\/akerstroms.se\/app\/uploads\/2024\/03\/Skarmbild-2024-01-23-070509-540x304.png 540w, https:\/\/akerstroms.se\/app\/uploads\/2024\/03\/Skarmbild-2024-01-23-070509-300x169.png 300w, https:\/\/akerstroms.se\/app\/uploads\/2024\/03\/Skarmbild-2024-01-23-070509-600x338.png 600w, https:\/\/akerstroms.se\/app\/uploads\/2024\/03\/Skarmbild-2024-01-23-070509.png 1205w\" sizes=\"auto, (max-width: 700px) 100vw, 700px\" \/><\/figure>\n\n\n\n<figure class=\"wp-block-image size-large\"><img loading=\"lazy\" decoding=\"async\" width=\"700\" height=\"417\" data-id=\"20024\" src=\"https:\/\/akerstroms.se\/app\/uploads\/2024\/03\/Utbildningssimulator01-700x417.png\" alt=\"\" class=\"wp-image-20024\" srcset=\"https:\/\/akerstroms.se\/app\/uploads\/2024\/03\/Utbildningssimulator01-700x417.png 700w, https:\/\/akerstroms.se\/app\/uploads\/2024\/03\/Utbildningssimulator01-250x149.png 250w, https:\/\/akerstroms.se\/app\/uploads\/2024\/03\/Utbildningssimulator01-768x458.png 768w, https:\/\/akerstroms.se\/app\/uploads\/2024\/03\/Utbildningssimulator01-120x72.png 120w, https:\/\/akerstroms.se\/app\/uploads\/2024\/03\/Utbildningssimulator01-540x322.png 540w, https:\/\/akerstroms.se\/app\/uploads\/2024\/03\/Utbildningssimulator01-300x179.png 300w, https:\/\/akerstroms.se\/app\/uploads\/2024\/03\/Utbildningssimulator01-600x358.png 600w, https:\/\/akerstroms.se\/app\/uploads\/2024\/03\/Utbildningssimulator01.png 1268w\" sizes=\"auto, (max-width: 700px) 100vw, 700px\" \/><\/figure>\n<\/figure>\n\n\n\n<p class=\"has-small-font-size\"><em>Examples of Various Training Exercises and Environments<\/em><\/p>\n\n\n\n<div style=\"height:30px\" aria-hidden=\"true\" class=\"wp-block-spacer\"><\/div>\n\n\n\n<h2 class=\"wp-block-heading\" id=\"h-talk-to-an-expert\">Talk to an expert<\/h2>\n\n\n\n<div class=\"wp-block-columns is-layout-flex wp-container-core-columns-is-layout-9d6595d7 wp-block-columns-is-layout-flex\">\n<div class=\"wp-block-column is-layout-flow wp-block-column-is-layout-flow\" style=\"flex-basis:33.33%\">\n<figure class=\"wp-block-image size-large\"><img loading=\"lazy\" decoding=\"async\" width=\"700\" height=\"525\" src=\"https:\/\/akerstroms.se\/app\/uploads\/2024\/03\/Magnus-k-800x600x150-dpi-700x525.jpg\" alt=\"\" class=\"wp-image-20028\" srcset=\"https:\/\/akerstroms.se\/app\/uploads\/2024\/03\/Magnus-k-800x600x150-dpi-700x525.jpg 700w, https:\/\/akerstroms.se\/app\/uploads\/2024\/03\/Magnus-k-800x600x150-dpi-250x188.jpg 250w, https:\/\/akerstroms.se\/app\/uploads\/2024\/03\/Magnus-k-800x600x150-dpi-768x576.jpg 768w, https:\/\/akerstroms.se\/app\/uploads\/2024\/03\/Magnus-k-800x600x150-dpi-120x90.jpg 120w, https:\/\/akerstroms.se\/app\/uploads\/2024\/03\/Magnus-k-800x600x150-dpi-540x405.jpg 540w, https:\/\/akerstroms.se\/app\/uploads\/2024\/03\/Magnus-k-800x600x150-dpi-300x225.jpg 300w, https:\/\/akerstroms.se\/app\/uploads\/2024\/03\/Magnus-k-800x600x150-dpi-600x450.jpg 600w, https:\/\/akerstroms.se\/app\/uploads\/2024\/03\/Magnus-k-800x600x150-dpi.jpg 800w\" sizes=\"auto, (max-width: 700px) 100vw, 700px\" \/><\/figure>\n<\/div>\n\n\n\n<div class=\"wp-block-column is-layout-flow wp-block-column-is-layout-flow\" style=\"flex-basis:66.66%\">\n<p>Would you like to learn more about our virtual training simulator? <br>Call or email our expert Magnus.<br><strong>Magnus Kenger<br>Business Developer Simulators &amp; User Training<\/strong><\/p>\n\n\n\n<p><strong>Tel:<\/strong> +46 (0) 241 &#8211; 250 18<br><strong>Mejl:<\/strong> <a href=\"mailto:magnus.kenger@akerstroms.se\" target=\"_blank\" rel=\"noreferrer noopener\">magnus.kenger@akerstroms.se<\/a><\/p>\n<\/div>\n<\/div>\n\n\n\n<div style=\"height:45px\" aria-hidden=\"true\" class=\"wp-block-spacer\"><\/div>\n","protected":false},"excerpt":{"rendered":"<p>Virtual reality crane operator training Our virtual reality crane operator training simulators are built on modern VR technology. A user can operate a radio-controlled overhead&#8230;<\/p>\n","protected":false},"author":297,"featured_media":0,"parent":0,"menu_order":0,"comment_status":"closed","ping_status":"closed","template":"templates\/page-text-page.php","meta":{"_acf_changed":false,"footnotes":""},"class_list":["post-20364","page","type-page","status-publish","hentry"],"acf":[],"yoast_head":"<!-- This site is optimized with the Yoast SEO plugin v27.4 - https:\/\/yoast.com\/product\/yoast-seo-wordpress\/ -->\n<title>Virtual Reality Crane Operator Training Simulator | \u00c5kerstr\u00f6ms<\/title>\n<meta name=\"description\" content=\"\u00c5kerstr\u00f6ms&#039; VR training simulator prepares operators for real lifting tasks in a safe, ISO-compliant digital environment. Fully documented.\" \/>\n<meta name=\"robots\" content=\"index, follow, max-snippet:-1, max-image-preview:large, max-video-preview:-1\" \/>\n<link rel=\"canonical\" href=\"https:\/\/akerstroms.se\/en\/virtual-reality-crane-training\/\" \/>\n<meta property=\"og:locale\" content=\"en_US\" \/>\n<meta property=\"og:type\" content=\"article\" \/>\n<meta property=\"og:title\" content=\"Virtual Reality Crane Operator Training Simulator | \u00c5kerstr\u00f6ms\" \/>\n<meta property=\"og:description\" content=\"\u00c5kerstr\u00f6ms&#039; VR training simulator prepares operators for real lifting tasks in a safe, ISO-compliant digital environment. Fully documented.\" \/>\n<meta property=\"og:url\" content=\"https:\/\/akerstroms.se\/en\/virtual-reality-crane-training\/\" \/>\n<meta property=\"og:site_name\" content=\"\u00c5kerstr\u00f6ms Bj\u00f6rbo\" \/>\n<meta property=\"article:publisher\" content=\"https:\/\/www.facebook.com\/akerstroms.se\" \/>\n<meta property=\"article:modified_time\" content=\"2026-04-02T07:20:24+00:00\" \/>\n<meta property=\"og:image\" content=\"https:\/\/akerstroms.se\/app\/uploads\/2024\/03\/Image-Sequence_006_0000-LO-700x394.png\" \/>\n\t<meta property=\"og:image:width\" content=\"700\" \/>\n\t<meta property=\"og:image:height\" content=\"394\" \/>\n\t<meta property=\"og:image:type\" content=\"image\/png\" \/>\n<meta name=\"twitter:card\" content=\"summary_large_image\" \/>\n<meta name=\"twitter:label1\" content=\"Est. reading time\" \/>\n\t<meta name=\"twitter:data1\" content=\"5 minutes\" \/>\n<script type=\"application\/ld+json\" class=\"yoast-schema-graph\">{\"@context\":\"https:\\\/\\\/schema.org\",\"@graph\":[{\"@type\":\"WebPage\",\"@id\":\"https:\\\/\\\/akerstroms.se\\\/en\\\/virtual-reality-crane-training\\\/\",\"url\":\"https:\\\/\\\/akerstroms.se\\\/en\\\/virtual-reality-crane-training\\\/\",\"name\":\"Virtual Reality Crane Operator Training Simulator | \u00c5kerstr\u00f6ms\",\"isPartOf\":{\"@id\":\"https:\\\/\\\/akerstroms.se\\\/#website\"},\"primaryImageOfPage\":{\"@id\":\"https:\\\/\\\/akerstroms.se\\\/en\\\/virtual-reality-crane-training\\\/#primaryimage\"},\"image\":{\"@id\":\"https:\\\/\\\/akerstroms.se\\\/en\\\/virtual-reality-crane-training\\\/#primaryimage\"},\"thumbnailUrl\":\"https:\\\/\\\/akerstroms.se\\\/app\\\/uploads\\\/2024\\\/03\\\/Image-Sequence_006_0000-LO.png\",\"datePublished\":\"2024-05-06T08:19:38+00:00\",\"dateModified\":\"2026-04-02T07:20:24+00:00\",\"description\":\"\u00c5kerstr\u00f6ms' VR training simulator prepares operators for real lifting tasks in a safe, ISO-compliant digital environment. Fully documented.\",\"breadcrumb\":{\"@id\":\"https:\\\/\\\/akerstroms.se\\\/en\\\/virtual-reality-crane-training\\\/#breadcrumb\"},\"inLanguage\":\"en-US\",\"potentialAction\":[{\"@type\":\"ReadAction\",\"target\":[\"https:\\\/\\\/akerstroms.se\\\/en\\\/virtual-reality-crane-training\\\/\"]}]},{\"@type\":\"ImageObject\",\"inLanguage\":\"en-US\",\"@id\":\"https:\\\/\\\/akerstroms.se\\\/en\\\/virtual-reality-crane-training\\\/#primaryimage\",\"url\":\"https:\\\/\\\/akerstroms.se\\\/app\\\/uploads\\\/2024\\\/03\\\/Image-Sequence_006_0000-LO.png\",\"contentUrl\":\"https:\\\/\\\/akerstroms.se\\\/app\\\/uploads\\\/2024\\\/03\\\/Image-Sequence_006_0000-LO.png\"},{\"@type\":\"BreadcrumbList\",\"@id\":\"https:\\\/\\\/akerstroms.se\\\/en\\\/virtual-reality-crane-training\\\/#breadcrumb\",\"itemListElement\":[{\"@type\":\"ListItem\",\"position\":1,\"name\":\"Home\",\"item\":\"https:\\\/\\\/akerstroms.se\\\/en\\\/\"},{\"@type\":\"ListItem\",\"position\":2,\"name\":\"Virtual Reality Training for Crane Operators\"}]},{\"@type\":\"WebSite\",\"@id\":\"https:\\\/\\\/akerstroms.se\\\/#website\",\"url\":\"https:\\\/\\\/akerstroms.se\\\/\",\"name\":\"\u00c5kerstr\u00f6ms Bj\u00f6rbo\",\"description\":\"Radiostyrning f\u00f6r industriella och mobila applikationer\",\"publisher\":{\"@id\":\"https:\\\/\\\/akerstroms.se\\\/#organization\"},\"potentialAction\":[{\"@type\":\"SearchAction\",\"target\":{\"@type\":\"EntryPoint\",\"urlTemplate\":\"https:\\\/\\\/akerstroms.se\\\/?s={search_term_string}\"},\"query-input\":{\"@type\":\"PropertyValueSpecification\",\"valueRequired\":true,\"valueName\":\"search_term_string\"}}],\"inLanguage\":\"en-US\"},{\"@type\":\"Organization\",\"@id\":\"https:\\\/\\\/akerstroms.se\\\/#organization\",\"name\":\"\u00c5kerstr\u00f6ms AB\",\"url\":\"https:\\\/\\\/akerstroms.se\\\/\",\"logo\":{\"@type\":\"ImageObject\",\"inLanguage\":\"en-US\",\"@id\":\"https:\\\/\\\/akerstroms.se\\\/#\\\/schema\\\/logo\\\/image\\\/\",\"url\":\"https:\\\/\\\/akerstroms.se\\\/app\\\/uploads\\\/2021\\\/10\\\/akerstroms-logo.png\",\"contentUrl\":\"https:\\\/\\\/akerstroms.se\\\/app\\\/uploads\\\/2021\\\/10\\\/akerstroms-logo.png\",\"width\":400,\"height\":86,\"caption\":\"\u00c5kerstr\u00f6ms AB\"},\"image\":{\"@id\":\"https:\\\/\\\/akerstroms.se\\\/#\\\/schema\\\/logo\\\/image\\\/\"},\"sameAs\":[\"https:\\\/\\\/www.facebook.com\\\/akerstroms.se\",\"https:\\\/\\\/www.linkedin.com\\\/company\\\/akerstroms\\\/\",\"https:\\\/\\\/www.youtube.com\\\/channel\\\/UC8S-jX9nA8c9qBaTlgqg1CQ\"]}]}<\/script>\n<!-- \/ Yoast SEO plugin. -->","yoast_head_json":{"title":"Virtual Reality Crane Operator Training Simulator | \u00c5kerstr\u00f6ms","description":"\u00c5kerstr\u00f6ms' VR training simulator prepares operators for real lifting tasks in a safe, ISO-compliant digital environment. Fully documented.","robots":{"index":"index","follow":"follow","max-snippet":"max-snippet:-1","max-image-preview":"max-image-preview:large","max-video-preview":"max-video-preview:-1"},"canonical":"https:\/\/akerstroms.se\/en\/virtual-reality-crane-training\/","og_locale":"en_US","og_type":"article","og_title":"Virtual Reality Crane Operator Training Simulator | \u00c5kerstr\u00f6ms","og_description":"\u00c5kerstr\u00f6ms' VR training simulator prepares operators for real lifting tasks in a safe, ISO-compliant digital environment. Fully documented.","og_url":"https:\/\/akerstroms.se\/en\/virtual-reality-crane-training\/","og_site_name":"\u00c5kerstr\u00f6ms Bj\u00f6rbo","article_publisher":"https:\/\/www.facebook.com\/akerstroms.se","article_modified_time":"2026-04-02T07:20:24+00:00","og_image":[{"width":700,"height":394,"url":"https:\/\/akerstroms.se\/app\/uploads\/2024\/03\/Image-Sequence_006_0000-LO-700x394.png","type":"image\/png"}],"twitter_card":"summary_large_image","twitter_misc":{"Est. reading time":"5 minutes"},"schema":{"@context":"https:\/\/schema.org","@graph":[{"@type":"WebPage","@id":"https:\/\/akerstroms.se\/en\/virtual-reality-crane-training\/","url":"https:\/\/akerstroms.se\/en\/virtual-reality-crane-training\/","name":"Virtual Reality Crane Operator Training Simulator | \u00c5kerstr\u00f6ms","isPartOf":{"@id":"https:\/\/akerstroms.se\/#website"},"primaryImageOfPage":{"@id":"https:\/\/akerstroms.se\/en\/virtual-reality-crane-training\/#primaryimage"},"image":{"@id":"https:\/\/akerstroms.se\/en\/virtual-reality-crane-training\/#primaryimage"},"thumbnailUrl":"https:\/\/akerstroms.se\/app\/uploads\/2024\/03\/Image-Sequence_006_0000-LO.png","datePublished":"2024-05-06T08:19:38+00:00","dateModified":"2026-04-02T07:20:24+00:00","description":"\u00c5kerstr\u00f6ms' VR training simulator prepares operators for real lifting tasks in a safe, ISO-compliant digital environment. Fully documented.","breadcrumb":{"@id":"https:\/\/akerstroms.se\/en\/virtual-reality-crane-training\/#breadcrumb"},"inLanguage":"en-US","potentialAction":[{"@type":"ReadAction","target":["https:\/\/akerstroms.se\/en\/virtual-reality-crane-training\/"]}]},{"@type":"ImageObject","inLanguage":"en-US","@id":"https:\/\/akerstroms.se\/en\/virtual-reality-crane-training\/#primaryimage","url":"https:\/\/akerstroms.se\/app\/uploads\/2024\/03\/Image-Sequence_006_0000-LO.png","contentUrl":"https:\/\/akerstroms.se\/app\/uploads\/2024\/03\/Image-Sequence_006_0000-LO.png"},{"@type":"BreadcrumbList","@id":"https:\/\/akerstroms.se\/en\/virtual-reality-crane-training\/#breadcrumb","itemListElement":[{"@type":"ListItem","position":1,"name":"Home","item":"https:\/\/akerstroms.se\/en\/"},{"@type":"ListItem","position":2,"name":"Virtual Reality Training for Crane Operators"}]},{"@type":"WebSite","@id":"https:\/\/akerstroms.se\/#website","url":"https:\/\/akerstroms.se\/","name":"\u00c5kerstr\u00f6ms Bj\u00f6rbo","description":"Radiostyrning f\u00f6r industriella och mobila applikationer","publisher":{"@id":"https:\/\/akerstroms.se\/#organization"},"potentialAction":[{"@type":"SearchAction","target":{"@type":"EntryPoint","urlTemplate":"https:\/\/akerstroms.se\/?s={search_term_string}"},"query-input":{"@type":"PropertyValueSpecification","valueRequired":true,"valueName":"search_term_string"}}],"inLanguage":"en-US"},{"@type":"Organization","@id":"https:\/\/akerstroms.se\/#organization","name":"\u00c5kerstr\u00f6ms AB","url":"https:\/\/akerstroms.se\/","logo":{"@type":"ImageObject","inLanguage":"en-US","@id":"https:\/\/akerstroms.se\/#\/schema\/logo\/image\/","url":"https:\/\/akerstroms.se\/app\/uploads\/2021\/10\/akerstroms-logo.png","contentUrl":"https:\/\/akerstroms.se\/app\/uploads\/2021\/10\/akerstroms-logo.png","width":400,"height":86,"caption":"\u00c5kerstr\u00f6ms AB"},"image":{"@id":"https:\/\/akerstroms.se\/#\/schema\/logo\/image\/"},"sameAs":["https:\/\/www.facebook.com\/akerstroms.se","https:\/\/www.linkedin.com\/company\/akerstroms\/","https:\/\/www.youtube.com\/channel\/UC8S-jX9nA8c9qBaTlgqg1CQ"]}]}},"_links":{"self":[{"href":"https:\/\/akerstroms.se\/en\/wp-json\/wp\/v2\/pages\/20364","targetHints":{"allow":["GET"]}}],"collection":[{"href":"https:\/\/akerstroms.se\/en\/wp-json\/wp\/v2\/pages"}],"about":[{"href":"https:\/\/akerstroms.se\/en\/wp-json\/wp\/v2\/types\/page"}],"author":[{"embeddable":true,"href":"https:\/\/akerstroms.se\/en\/wp-json\/wp\/v2\/users\/297"}],"replies":[{"embeddable":true,"href":"https:\/\/akerstroms.se\/en\/wp-json\/wp\/v2\/comments?post=20364"}],"version-history":[{"count":9,"href":"https:\/\/akerstroms.se\/en\/wp-json\/wp\/v2\/pages\/20364\/revisions"}],"predecessor-version":[{"id":24366,"href":"https:\/\/akerstroms.se\/en\/wp-json\/wp\/v2\/pages\/20364\/revisions\/24366"}],"wp:attachment":[{"href":"https:\/\/akerstroms.se\/en\/wp-json\/wp\/v2\/media?parent=20364"}],"curies":[{"name":"wp","href":"https:\/\/api.w.org\/{rel}","templated":true}]}}