{"id":18450,"date":"2023-06-08T11:50:56","date_gmt":"2023-06-08T09:50:56","guid":{"rendered":"https:\/\/akerstroms.se\/?page_id=18450"},"modified":"2026-01-21T10:36:02","modified_gmt":"2026-01-21T09:36:02","slug":"guidelines","status":"publish","type":"page","link":"https:\/\/akerstroms.se\/en\/guidelines\/","title":{"rendered":"Guidelines"},"content":{"rendered":"\n<div class=\"wp-block-cover alignfull\" style=\"min-height:495px;aspect-ratio:unset;\"><img loading=\"lazy\" decoding=\"async\" width=\"2560\" height=\"1707\" class=\"wp-block-cover__image-background wp-image-23834 size-full\" alt=\"\" src=\"https:\/\/akerstroms.se\/app\/uploads\/2026\/01\/Namnlos-design-88-scaled.png\" style=\"object-position:55% 36%\" data-object-fit=\"cover\" data-object-position=\"55% 36%\" srcset=\"https:\/\/akerstroms.se\/app\/uploads\/2026\/01\/Namnlos-design-88-scaled.png 2560w, https:\/\/akerstroms.se\/app\/uploads\/2026\/01\/Namnlos-design-88-250x167.png 250w, https:\/\/akerstroms.se\/app\/uploads\/2026\/01\/Namnlos-design-88-700x467.png 700w, https:\/\/akerstroms.se\/app\/uploads\/2026\/01\/Namnlos-design-88-768x512.png 768w, https:\/\/akerstroms.se\/app\/uploads\/2026\/01\/Namnlos-design-88-1536x1024.png 1536w, https:\/\/akerstroms.se\/app\/uploads\/2026\/01\/Namnlos-design-88-2048x1365.png 2048w, https:\/\/akerstroms.se\/app\/uploads\/2026\/01\/Namnlos-design-88-120x80.png 120w, https:\/\/akerstroms.se\/app\/uploads\/2026\/01\/Namnlos-design-88-540x360.png 540w, https:\/\/akerstroms.se\/app\/uploads\/2026\/01\/Namnlos-design-88-300x200.png 300w, https:\/\/akerstroms.se\/app\/uploads\/2026\/01\/Namnlos-design-88-600x400.png 600w\" sizes=\"auto, (max-width: 2560px) 100vw, 2560px\" \/><span aria-hidden=\"true\" class=\"wp-block-cover__background has-black-background-color has-background-dim\"><\/span><div class=\"wp-block-cover__inner-container is-layout-constrained wp-block-cover-is-layout-constrained\">\n<p class=\"has-text-align-center has-large-font-size\">Logo and Guidelines<\/p>\n\n\n\n<p class=\"has-text-align-center\">Here you can access all \u00c5kerstr\u00f6ms logos and brand identity assets. Click a heading to see the corresponding material.<\/p>\n\n\n\n<div class=\"wp-block-buttons is-content-justification-center is-layout-flex wp-container-core-buttons-is-layout-16018d1d wp-block-buttons-is-layout-flex\">\n<div class=\"wp-block-button\"><a class=\"wp-block-button__link has-orange-background-color has-background wp-element-button\" href=\"https:\/\/akerstroms.se\/en\/marketing-material\/\" style=\"border-top-left-radius:8px;border-top-right-radius:8px;border-bottom-left-radius:8px;border-bottom-right-radius:8px\">Back to menu<\/a><\/div>\n<\/div>\n<\/div><\/div>\n\n\n\n<div style=\"height:51px\" aria-hidden=\"true\" class=\"wp-block-spacer\"><\/div>\n\n\n\n<div data-block-name=\"woocommerce\/accordion-group\" data-wp-context=\"{&quot;autoclose&quot;:false,&quot;isOpen&quot;:[]}\" data-wp-interactive=\"woocommerce\/accordion\" class=\"wp-block-woocommerce-accordion-group is-layout-flow wp-block-woocommerce-accordion-group-is-layout-flow\">\n<div data-block-name=\"woocommerce\/accordion-item\" data-wp-class--is-open=\"state.isOpen\" data-wp-context=\"{&quot;id&quot;:&quot;woocommerce-accordion-item-1&quot;,&quot;openByDefault&quot;:false}\" data-wp-init=\"callbacks.initIsOpen\" class=\"wp-block-woocommerce-accordion-item is-layout-flow wp-block-woocommerce-accordion-item-is-layout-flow\">\n<h3 data-block-name=\"woocommerce\/accordion-header\" class=\"wp-block-woocommerce-accordion-header accordion-item__heading is-layout-flow wp-block-woocommerce-accordion-header-is-layout-flow\"><button aria-expanded=\"false\" aria-controls=\"woocommerce-accordion-item-1-panel\" data-wp-bind--aria-expanded=\"state.isOpen\" data-wp-on--click=\"actions.toggle\" id=\"woocommerce-accordion-item-1\" class=\"accordion-item__toggle\"><span>\u00c5kerstr\u00f6ms Logo<\/span><span class=\"accordion-item__toggle-icon has-icon-plus\" style=\"width:1.2em;height:1.2em\"><svg width=\"1.2em\" height=\"1.2em\" viewBox=\"0 0 24 24\" fill=\"none\" xmlns=\"http:\/\/www.w3.org\/2000\/svg\" aria-hidden=\"true\"><path d=\"M11 12.5V17.5H12.5V12.5H17.5V11H12.5V6H11V11H6V12.5H11Z\" fill=\"currentColor\"><\/path><\/svg><\/span><\/button><\/h3>\n\n\n\n<div inert aria-labelledby=\"woocommerce-accordion-item-1\" data-wp-bind--inert=\"!state.isOpen\" id=\"woocommerce-accordion-item-1-panel\" role=\"region\" data-block-name=\"woocommerce\/accordion-panel\" class=\"wp-block-woocommerce-accordion-panel\"><div class=\"accordion-content__wrapper is-layout-flow wp-block-woocommerce-accordion-panel-is-layout-flow\">\n<p><a href=\"https:\/\/akerstroms.se\/app\/uploads\/2026\/01\/Akerstroms-logo-20-cm.png\" target=\"_blank\" rel=\"noreferrer noopener\">\u00c5kerstr\u00f6ms Orginal Logo PNG<\/a><\/p>\n\n\n\n<p><a href=\"https:\/\/akerstroms.se\/app\/uploads\/2026\/01\/Akerstroms_logo_enfa\u2560ergad_utan_ram_orange.png\">\u00c5kerstr\u00f6ms Logo Orange PNG<\/a><\/p>\n\n\n\n<p><a href=\"https:\/\/akerstroms.se\/app\/uploads\/2026\/01\/Akerstroms_logo_enfa\u2560ergad_utan_ram_svart.png\">\u00c5kerstr\u00f6ms Logo Black PNG<\/a><\/p>\n\n\n\n<p><a href=\"https:\/\/akerstroms.se\/app\/uploads\/2026\/01\/Akerstroms_logo_enfa\u2560ergad_utan_ram_vit.png\" target=\"_blank\" rel=\"noreferrer noopener\">\u00c5kerstr\u00f6ms Logo White PNG<\/a><\/p>\n<\/div><\/div>\n<\/div>\n\n\n\n<div data-block-name=\"woocommerce\/accordion-item\" data-wp-class--is-open=\"state.isOpen\" data-wp-context=\"{&quot;id&quot;:&quot;woocommerce-accordion-item-2&quot;,&quot;openByDefault&quot;:false}\" data-wp-init=\"callbacks.initIsOpen\" class=\"wp-block-woocommerce-accordion-item is-layout-flow wp-block-woocommerce-accordion-item-is-layout-flow\">\n<h3 data-block-name=\"woocommerce\/accordion-header\" class=\"wp-block-woocommerce-accordion-header accordion-item__heading is-layout-flow wp-block-woocommerce-accordion-header-is-layout-flow\"><button aria-expanded=\"false\" aria-controls=\"woocommerce-accordion-item-2-panel\" data-wp-bind--aria-expanded=\"state.isOpen\" data-wp-on--click=\"actions.toggle\" id=\"woocommerce-accordion-item-2\" class=\"accordion-item__toggle\"><span>\u00c5kerstr\u00f6ms Arrow<\/span><span class=\"accordion-item__toggle-icon has-icon-plus\" style=\"width:1.2em;height:1.2em\"><svg width=\"1.2em\" height=\"1.2em\" viewBox=\"0 0 24 24\" fill=\"none\" xmlns=\"http:\/\/www.w3.org\/2000\/svg\" aria-hidden=\"true\"><path d=\"M11 12.5V17.5H12.5V12.5H17.5V11H12.5V6H11V11H6V12.5H11Z\" fill=\"currentColor\"><\/path><\/svg><\/span><\/button><\/h3>\n\n\n\n<div inert aria-labelledby=\"woocommerce-accordion-item-2\" data-wp-bind--inert=\"!state.isOpen\" id=\"woocommerce-accordion-item-2-panel\" role=\"region\" data-block-name=\"woocommerce\/accordion-panel\" class=\"wp-block-woocommerce-accordion-panel\"><div class=\"accordion-content__wrapper is-layout-flow wp-block-woocommerce-accordion-panel-is-layout-flow\">\n<p><a href=\"https:\/\/akerstroms.se\/app\/uploads\/2026\/01\/Akerstroms_pil_orange-scaled.png\" target=\"_blank\" rel=\"noreferrer noopener\">Arrow orange PNG<\/a><\/p>\n\n\n\n<p><a href=\"https:\/\/akerstroms.se\/app\/uploads\/2026\/01\/Akerstroms_pil_svart-scaled.png\">Arrow black PNG<\/a><\/p>\n\n\n\n<p><a href=\"https:\/\/akerstroms.se\/app\/uploads\/2026\/01\/Akerstroms_pil_vit-scaled.png\" target=\"_blank\" rel=\"noreferrer noopener\">Arrow white PNG<\/a><\/p>\n<\/div><\/div>\n<\/div>\n\n\n\n<div data-block-name=\"woocommerce\/accordion-item\" data-wp-class--is-open=\"state.isOpen\" data-wp-context=\"{&quot;id&quot;:&quot;woocommerce-accordion-item-3&quot;,&quot;openByDefault&quot;:false}\" data-wp-init=\"callbacks.initIsOpen\" class=\"wp-block-woocommerce-accordion-item is-layout-flow wp-block-woocommerce-accordion-item-is-layout-flow\">\n<h3 data-block-name=\"woocommerce\/accordion-header\" class=\"wp-block-woocommerce-accordion-header accordion-item__heading is-layout-flow wp-block-woocommerce-accordion-header-is-layout-flow\"><button aria-expanded=\"false\" aria-controls=\"woocommerce-accordion-item-3-panel\" data-wp-bind--aria-expanded=\"state.isOpen\" data-wp-on--click=\"actions.toggle\" id=\"woocommerce-accordion-item-3\" class=\"accordion-item__toggle\"><span>Access_Ctrl Logo<\/span><span class=\"accordion-item__toggle-icon has-icon-plus\" style=\"width:1.2em;height:1.2em\"><svg width=\"1.2em\" height=\"1.2em\" viewBox=\"0 0 24 24\" fill=\"none\" xmlns=\"http:\/\/www.w3.org\/2000\/svg\" aria-hidden=\"true\"><path d=\"M11 12.5V17.5H12.5V12.5H17.5V11H12.5V6H11V11H6V12.5H11Z\" fill=\"currentColor\"><\/path><\/svg><\/span><\/button><\/h3>\n\n\n\n<div inert aria-labelledby=\"woocommerce-accordion-item-3\" data-wp-bind--inert=\"!state.isOpen\" id=\"woocommerce-accordion-item-3-panel\" role=\"region\" data-block-name=\"woocommerce\/accordion-panel\" class=\"wp-block-woocommerce-accordion-panel\"><div class=\"accordion-content__wrapper is-layout-flow wp-block-woocommerce-accordion-panel-is-layout-flow\">\n<p><a href=\"https:\/\/akerstroms.se\/app\/uploads\/2026\/01\/Akerstroms_logo_Access_Ctrl_vit-scaled.png\" target=\"_blank\" rel=\"noreferrer noopener\">Access_Ctrl Logo white PNG<\/a><\/p>\n\n\n\n<p><a href=\"https:\/\/akerstroms.se\/app\/uploads\/2026\/01\/Akerstroms_logo_Access_Ctrl_svart-scaled.png\" target=\"_blank\" rel=\"noreferrer noopener\">Access_Ctrl Logo black PNG<\/a><\/p>\n\n\n\n<p><a href=\"https:\/\/akerstroms.se\/app\/uploads\/2026\/01\/Akerstroms_logo_Access_Ctrl_orange-scaled.png\" target=\"_blank\" rel=\"noreferrer noopener\">Access_Ctrl Logo orange PNG<\/a><\/p>\n\n\n\n<p><a href=\"https:\/\/akerstroms.se\/app\/uploads\/2026\/01\/Akerstroms_logo_Access_Ctrl_liggande_vit-scaled.png\" target=\"_blank\" rel=\"noreferrer noopener\">Access_Ctrl Logo white with text PNG<\/a><\/p>\n\n\n\n<p><a href=\"https:\/\/akerstroms.se\/app\/uploads\/2026\/01\/Akerstroms_logo_Access_Ctrl_liggande_svart-scaled.png\" target=\"_blank\" rel=\"noreferrer noopener\">Access_Ctrl Logo black with text PNG<\/a><\/p>\n\n\n\n<p><a href=\"https:\/\/akerstroms.se\/app\/uploads\/2026\/01\/Akerstroms_logo_Access_Ctrl_liggande_orange-scaled.png\" target=\"_blank\" rel=\"noreferrer noopener\">Access_Ctrl Logo orange with text PNG<\/a><\/p>\n<\/div><\/div>\n<\/div>\n\n\n\n<div data-block-name=\"woocommerce\/accordion-item\" data-wp-class--is-open=\"state.isOpen\" data-wp-context=\"{&quot;id&quot;:&quot;woocommerce-accordion-item-4&quot;,&quot;openByDefault&quot;:false}\" data-wp-init=\"callbacks.initIsOpen\" class=\"wp-block-woocommerce-accordion-item is-layout-flow wp-block-woocommerce-accordion-item-is-layout-flow\">\n<h3 data-block-name=\"woocommerce\/accordion-header\" class=\"wp-block-woocommerce-accordion-header accordion-item__heading is-layout-flow wp-block-woocommerce-accordion-header-is-layout-flow\"><button aria-expanded=\"false\" aria-controls=\"woocommerce-accordion-item-4-panel\" data-wp-bind--aria-expanded=\"state.isOpen\" data-wp-on--click=\"actions.toggle\" id=\"woocommerce-accordion-item-4\" class=\"accordion-item__toggle\"><span>\u00c5kerstr\u00f6ms Brand Manual<\/span><span class=\"accordion-item__toggle-icon has-icon-plus\" style=\"width:1.2em;height:1.2em\"><svg width=\"1.2em\" height=\"1.2em\" viewBox=\"0 0 24 24\" fill=\"none\" xmlns=\"http:\/\/www.w3.org\/2000\/svg\" aria-hidden=\"true\"><path d=\"M11 12.5V17.5H12.5V12.5H17.5V11H12.5V6H11V11H6V12.5H11Z\" fill=\"currentColor\"><\/path><\/svg><\/span><\/button><\/h3>\n\n\n\n<div inert aria-labelledby=\"woocommerce-accordion-item-4\" data-wp-bind--inert=\"!state.isOpen\" id=\"woocommerce-accordion-item-4-panel\" role=\"region\" data-block-name=\"woocommerce\/accordion-panel\" class=\"wp-block-woocommerce-accordion-panel\"><div class=\"accordion-content__wrapper is-layout-flow wp-block-woocommerce-accordion-panel-is-layout-flow\">\n<p><a href=\"https:\/\/akerstroms.se\/app\/uploads\/2026\/01\/Akerstroms_brand_manual_16x9-ENG-2024-LO.pdf\">\u00c5kerstr\u00f6ms Brand Manual<\/a><\/p>\n<\/div><\/div>\n<\/div>\n<\/div>\n\n\n\n<div style=\"height:51px\" aria-hidden=\"true\" class=\"wp-block-spacer\"><\/div>\n","protected":false},"excerpt":{"rendered":"","protected":false},"author":297,"featured_media":0,"parent":0,"menu_order":0,"comment_status":"closed","ping_status":"closed","template":"templates\/page-text-page.php","meta":{"_acf_changed":false,"footnotes":""},"class_list":["post-18450","page","type-page","status-publish","hentry"],"acf":[],"yoast_head":"<!-- This site is optimized with the Yoast SEO plugin v27.4 - https:\/\/yoast.com\/product\/yoast-seo-wordpress\/ -->\n<title>Guidelines - \u00c5kerstr\u00f6ms Bj\u00f6rbo<\/title>\n<meta name=\"robots\" content=\"index, follow, max-snippet:-1, max-image-preview:large, max-video-preview:-1\" \/>\n<link rel=\"canonical\" href=\"https:\/\/akerstroms.se\/en\/guidelines\/\" \/>\n<meta property=\"og:locale\" content=\"en_US\" \/>\n<meta property=\"og:type\" content=\"article\" \/>\n<meta property=\"og:title\" content=\"Guidelines - \u00c5kerstr\u00f6ms Bj\u00f6rbo\" \/>\n<meta property=\"og:url\" content=\"https:\/\/akerstroms.se\/en\/guidelines\/\" \/>\n<meta property=\"og:site_name\" content=\"\u00c5kerstr\u00f6ms Bj\u00f6rbo\" \/>\n<meta property=\"article:publisher\" content=\"https:\/\/www.facebook.com\/akerstroms.se\" \/>\n<meta property=\"article:modified_time\" content=\"2026-01-21T09:36:02+00:00\" \/>\n<meta property=\"og:image\" content=\"https:\/\/akerstroms.se\/app\/uploads\/2026\/01\/Namnlos-design-88-700x467.png\" \/>\n\t<meta property=\"og:image:width\" content=\"700\" \/>\n\t<meta property=\"og:image:height\" content=\"467\" \/>\n\t<meta property=\"og:image:type\" content=\"image\/png\" \/>\n<meta name=\"twitter:card\" content=\"summary_large_image\" \/>\n<meta name=\"twitter:label1\" content=\"Est. reading time\" \/>\n\t<meta name=\"twitter:data1\" content=\"1 minute\" \/>\n<script type=\"application\/ld+json\" class=\"yoast-schema-graph\">{\"@context\":\"https:\\\/\\\/schema.org\",\"@graph\":[{\"@type\":\"WebPage\",\"@id\":\"https:\\\/\\\/akerstroms.se\\\/en\\\/guidelines\\\/\",\"url\":\"https:\\\/\\\/akerstroms.se\\\/en\\\/guidelines\\\/\",\"name\":\"Guidelines - \u00c5kerstr\u00f6ms Bj\u00f6rbo\",\"isPartOf\":{\"@id\":\"https:\\\/\\\/akerstroms.se\\\/#website\"},\"primaryImageOfPage\":{\"@id\":\"https:\\\/\\\/akerstroms.se\\\/en\\\/guidelines\\\/#primaryimage\"},\"image\":{\"@id\":\"https:\\\/\\\/akerstroms.se\\\/en\\\/guidelines\\\/#primaryimage\"},\"thumbnailUrl\":\"https:\\\/\\\/akerstroms.se\\\/app\\\/uploads\\\/2026\\\/01\\\/Namnlos-design-88-scaled.png\",\"datePublished\":\"2023-06-08T09:50:56+00:00\",\"dateModified\":\"2026-01-21T09:36:02+00:00\",\"breadcrumb\":{\"@id\":\"https:\\\/\\\/akerstroms.se\\\/en\\\/guidelines\\\/#breadcrumb\"},\"inLanguage\":\"en-US\",\"potentialAction\":[{\"@type\":\"ReadAction\",\"target\":[\"https:\\\/\\\/akerstroms.se\\\/en\\\/guidelines\\\/\"]}]},{\"@type\":\"ImageObject\",\"inLanguage\":\"en-US\",\"@id\":\"https:\\\/\\\/akerstroms.se\\\/en\\\/guidelines\\\/#primaryimage\",\"url\":\"https:\\\/\\\/akerstroms.se\\\/app\\\/uploads\\\/2026\\\/01\\\/Namnlos-design-88-scaled.png\",\"contentUrl\":\"https:\\\/\\\/akerstroms.se\\\/app\\\/uploads\\\/2026\\\/01\\\/Namnlos-design-88-scaled.png\"},{\"@type\":\"BreadcrumbList\",\"@id\":\"https:\\\/\\\/akerstroms.se\\\/en\\\/guidelines\\\/#breadcrumb\",\"itemListElement\":[{\"@type\":\"ListItem\",\"position\":1,\"name\":\"Home\",\"item\":\"https:\\\/\\\/akerstroms.se\\\/en\\\/\"},{\"@type\":\"ListItem\",\"position\":2,\"name\":\"Guidelines\"}]},{\"@type\":\"WebSite\",\"@id\":\"https:\\\/\\\/akerstroms.se\\\/#website\",\"url\":\"https:\\\/\\\/akerstroms.se\\\/\",\"name\":\"\u00c5kerstr\u00f6ms Bj\u00f6rbo\",\"description\":\"Radiostyrning f\u00f6r industriella och mobila applikationer\",\"publisher\":{\"@id\":\"https:\\\/\\\/akerstroms.se\\\/#organization\"},\"potentialAction\":[{\"@type\":\"SearchAction\",\"target\":{\"@type\":\"EntryPoint\",\"urlTemplate\":\"https:\\\/\\\/akerstroms.se\\\/?s={search_term_string}\"},\"query-input\":{\"@type\":\"PropertyValueSpecification\",\"valueRequired\":true,\"valueName\":\"search_term_string\"}}],\"inLanguage\":\"en-US\"},{\"@type\":\"Organization\",\"@id\":\"https:\\\/\\\/akerstroms.se\\\/#organization\",\"name\":\"\u00c5kerstr\u00f6ms AB\",\"url\":\"https:\\\/\\\/akerstroms.se\\\/\",\"logo\":{\"@type\":\"ImageObject\",\"inLanguage\":\"en-US\",\"@id\":\"https:\\\/\\\/akerstroms.se\\\/#\\\/schema\\\/logo\\\/image\\\/\",\"url\":\"https:\\\/\\\/akerstroms.se\\\/app\\\/uploads\\\/2021\\\/10\\\/akerstroms-logo.png\",\"contentUrl\":\"https:\\\/\\\/akerstroms.se\\\/app\\\/uploads\\\/2021\\\/10\\\/akerstroms-logo.png\",\"width\":400,\"height\":86,\"caption\":\"\u00c5kerstr\u00f6ms AB\"},\"image\":{\"@id\":\"https:\\\/\\\/akerstroms.se\\\/#\\\/schema\\\/logo\\\/image\\\/\"},\"sameAs\":[\"https:\\\/\\\/www.facebook.com\\\/akerstroms.se\",\"https:\\\/\\\/www.linkedin.com\\\/company\\\/akerstroms\\\/\",\"https:\\\/\\\/www.youtube.com\\\/channel\\\/UC8S-jX9nA8c9qBaTlgqg1CQ\"]}]}<\/script>\n<!-- \/ Yoast SEO plugin. -->","yoast_head_json":{"title":"Guidelines - \u00c5kerstr\u00f6ms Bj\u00f6rbo","robots":{"index":"index","follow":"follow","max-snippet":"max-snippet:-1","max-image-preview":"max-image-preview:large","max-video-preview":"max-video-preview:-1"},"canonical":"https:\/\/akerstroms.se\/en\/guidelines\/","og_locale":"en_US","og_type":"article","og_title":"Guidelines - \u00c5kerstr\u00f6ms Bj\u00f6rbo","og_url":"https:\/\/akerstroms.se\/en\/guidelines\/","og_site_name":"\u00c5kerstr\u00f6ms Bj\u00f6rbo","article_publisher":"https:\/\/www.facebook.com\/akerstroms.se","article_modified_time":"2026-01-21T09:36:02+00:00","og_image":[{"width":700,"height":467,"url":"https:\/\/akerstroms.se\/app\/uploads\/2026\/01\/Namnlos-design-88-700x467.png","type":"image\/png"}],"twitter_card":"summary_large_image","twitter_misc":{"Est. reading time":"1 minute"},"schema":{"@context":"https:\/\/schema.org","@graph":[{"@type":"WebPage","@id":"https:\/\/akerstroms.se\/en\/guidelines\/","url":"https:\/\/akerstroms.se\/en\/guidelines\/","name":"Guidelines - \u00c5kerstr\u00f6ms Bj\u00f6rbo","isPartOf":{"@id":"https:\/\/akerstroms.se\/#website"},"primaryImageOfPage":{"@id":"https:\/\/akerstroms.se\/en\/guidelines\/#primaryimage"},"image":{"@id":"https:\/\/akerstroms.se\/en\/guidelines\/#primaryimage"},"thumbnailUrl":"https:\/\/akerstroms.se\/app\/uploads\/2026\/01\/Namnlos-design-88-scaled.png","datePublished":"2023-06-08T09:50:56+00:00","dateModified":"2026-01-21T09:36:02+00:00","breadcrumb":{"@id":"https:\/\/akerstroms.se\/en\/guidelines\/#breadcrumb"},"inLanguage":"en-US","potentialAction":[{"@type":"ReadAction","target":["https:\/\/akerstroms.se\/en\/guidelines\/"]}]},{"@type":"ImageObject","inLanguage":"en-US","@id":"https:\/\/akerstroms.se\/en\/guidelines\/#primaryimage","url":"https:\/\/akerstroms.se\/app\/uploads\/2026\/01\/Namnlos-design-88-scaled.png","contentUrl":"https:\/\/akerstroms.se\/app\/uploads\/2026\/01\/Namnlos-design-88-scaled.png"},{"@type":"BreadcrumbList","@id":"https:\/\/akerstroms.se\/en\/guidelines\/#breadcrumb","itemListElement":[{"@type":"ListItem","position":1,"name":"Home","item":"https:\/\/akerstroms.se\/en\/"},{"@type":"ListItem","position":2,"name":"Guidelines"}]},{"@type":"WebSite","@id":"https:\/\/akerstroms.se\/#website","url":"https:\/\/akerstroms.se\/","name":"\u00c5kerstr\u00f6ms Bj\u00f6rbo","description":"Radiostyrning f\u00f6r industriella och mobila applikationer","publisher":{"@id":"https:\/\/akerstroms.se\/#organization"},"potentialAction":[{"@type":"SearchAction","target":{"@type":"EntryPoint","urlTemplate":"https:\/\/akerstroms.se\/?s={search_term_string}"},"query-input":{"@type":"PropertyValueSpecification","valueRequired":true,"valueName":"search_term_string"}}],"inLanguage":"en-US"},{"@type":"Organization","@id":"https:\/\/akerstroms.se\/#organization","name":"\u00c5kerstr\u00f6ms AB","url":"https:\/\/akerstroms.se\/","logo":{"@type":"ImageObject","inLanguage":"en-US","@id":"https:\/\/akerstroms.se\/#\/schema\/logo\/image\/","url":"https:\/\/akerstroms.se\/app\/uploads\/2021\/10\/akerstroms-logo.png","contentUrl":"https:\/\/akerstroms.se\/app\/uploads\/2021\/10\/akerstroms-logo.png","width":400,"height":86,"caption":"\u00c5kerstr\u00f6ms AB"},"image":{"@id":"https:\/\/akerstroms.se\/#\/schema\/logo\/image\/"},"sameAs":["https:\/\/www.facebook.com\/akerstroms.se","https:\/\/www.linkedin.com\/company\/akerstroms\/","https:\/\/www.youtube.com\/channel\/UC8S-jX9nA8c9qBaTlgqg1CQ"]}]}},"_links":{"self":[{"href":"https:\/\/akerstroms.se\/en\/wp-json\/wp\/v2\/pages\/18450","targetHints":{"allow":["GET"]}}],"collection":[{"href":"https:\/\/akerstroms.se\/en\/wp-json\/wp\/v2\/pages"}],"about":[{"href":"https:\/\/akerstroms.se\/en\/wp-json\/wp\/v2\/types\/page"}],"author":[{"embeddable":true,"href":"https:\/\/akerstroms.se\/en\/wp-json\/wp\/v2\/users\/297"}],"replies":[{"embeddable":true,"href":"https:\/\/akerstroms.se\/en\/wp-json\/wp\/v2\/comments?post=18450"}],"version-history":[{"count":13,"href":"https:\/\/akerstroms.se\/en\/wp-json\/wp\/v2\/pages\/18450\/revisions"}],"predecessor-version":[{"id":23838,"href":"https:\/\/akerstroms.se\/en\/wp-json\/wp\/v2\/pages\/18450\/revisions\/23838"}],"wp:attachment":[{"href":"https:\/\/akerstroms.se\/en\/wp-json\/wp\/v2\/media?parent=18450"}],"curies":[{"name":"wp","href":"https:\/\/api.w.org\/{rel}","templated":true}]}}