{"id":18364,"date":"2023-06-07T08:15:18","date_gmt":"2023-06-07T06:15:18","guid":{"rendered":"https:\/\/akerstroms.se\/?page_id=18364"},"modified":"2024-09-27T09:26:53","modified_gmt":"2024-09-27T07:26:53","slug":"event-material","status":"publish","type":"page","link":"https:\/\/akerstroms.se\/en\/event-material\/","title":{"rendered":"Event Material"},"content":{"rendered":"\n<div class=\"wp-block-columns is-layout-flex wp-container-core-columns-is-layout-9d6595d7 wp-block-columns-is-layout-flex\">\n<div class=\"wp-block-column is-layout-flow wp-block-column-is-layout-flow\">\n<figure class=\"wp-block-image size-large\"><img loading=\"lazy\" decoding=\"async\" width=\"700\" height=\"1771\" src=\"https:\/\/akerstroms.se\/app\/uploads\/2023\/06\/Remotus-access-remote-future-2-700x1771.jpg\" alt=\"\" class=\"wp-image-18440\" srcset=\"https:\/\/akerstroms.se\/app\/uploads\/2023\/06\/Remotus-access-remote-future-2-700x1771.jpg 700w, https:\/\/akerstroms.se\/app\/uploads\/2023\/06\/Remotus-access-remote-future-2-250x632.jpg 250w, https:\/\/akerstroms.se\/app\/uploads\/2023\/06\/Remotus-access-remote-future-2-768x1943.jpg 768w, https:\/\/akerstroms.se\/app\/uploads\/2023\/06\/Remotus-access-remote-future-2-607x1536.jpg 607w, https:\/\/akerstroms.se\/app\/uploads\/2023\/06\/Remotus-access-remote-future-2-810x2048.jpg 810w, https:\/\/akerstroms.se\/app\/uploads\/2023\/06\/Remotus-access-remote-future-2-120x304.jpg 120w, https:\/\/akerstroms.se\/app\/uploads\/2023\/06\/Remotus-access-remote-future-2-540x1366.jpg 540w, https:\/\/akerstroms.se\/app\/uploads\/2023\/06\/Remotus-access-remote-future-2-300x759.jpg 300w, https:\/\/akerstroms.se\/app\/uploads\/2023\/06\/Remotus-access-remote-future-2-600x1518.jpg 600w\" sizes=\"auto, (max-width: 700px) 100vw, 700px\" \/><\/figure>\n<\/div>\n\n\n\n<div class=\"wp-block-column is-layout-flow wp-block-column-is-layout-flow\">\n<figure class=\"wp-block-image size-large\"><img loading=\"lazy\" decoding=\"async\" width=\"700\" height=\"1771\" src=\"https:\/\/akerstroms.se\/app\/uploads\/2023\/06\/Sesam-999-portar-1-700x1771.jpg\" alt=\"\" class=\"wp-image-18436\" srcset=\"https:\/\/akerstroms.se\/app\/uploads\/2023\/06\/Sesam-999-portar-1-700x1771.jpg 700w, https:\/\/akerstroms.se\/app\/uploads\/2023\/06\/Sesam-999-portar-1-250x632.jpg 250w, https:\/\/akerstroms.se\/app\/uploads\/2023\/06\/Sesam-999-portar-1-768x1943.jpg 768w, https:\/\/akerstroms.se\/app\/uploads\/2023\/06\/Sesam-999-portar-1-607x1536.jpg 607w, https:\/\/akerstroms.se\/app\/uploads\/2023\/06\/Sesam-999-portar-1-810x2048.jpg 810w, https:\/\/akerstroms.se\/app\/uploads\/2023\/06\/Sesam-999-portar-1-120x304.jpg 120w, https:\/\/akerstroms.se\/app\/uploads\/2023\/06\/Sesam-999-portar-1-540x1366.jpg 540w, https:\/\/akerstroms.se\/app\/uploads\/2023\/06\/Sesam-999-portar-1-300x759.jpg 300w, https:\/\/akerstroms.se\/app\/uploads\/2023\/06\/Sesam-999-portar-1-600x1518.jpg 600w\" sizes=\"auto, (max-width: 700px) 100vw, 700px\" \/><\/figure>\n<\/div>\n\n\n\n<div class=\"wp-block-column is-layout-flow wp-block-column-is-layout-flow\">\n<figure class=\"wp-block-image size-large\"><img loading=\"lazy\" decoding=\"async\" width=\"700\" height=\"1771\" src=\"https:\/\/akerstroms.se\/app\/uploads\/2023\/06\/Spolbil-access-the-remote-future2-700x1771.jpg\" alt=\"\" class=\"wp-image-18446\" srcset=\"https:\/\/akerstroms.se\/app\/uploads\/2023\/06\/Spolbil-access-the-remote-future2-700x1771.jpg 700w, https:\/\/akerstroms.se\/app\/uploads\/2023\/06\/Spolbil-access-the-remote-future2-250x632.jpg 250w, https:\/\/akerstroms.se\/app\/uploads\/2023\/06\/Spolbil-access-the-remote-future2-768x1943.jpg 768w, https:\/\/akerstroms.se\/app\/uploads\/2023\/06\/Spolbil-access-the-remote-future2-607x1536.jpg 607w, https:\/\/akerstroms.se\/app\/uploads\/2023\/06\/Spolbil-access-the-remote-future2-810x2048.jpg 810w, https:\/\/akerstroms.se\/app\/uploads\/2023\/06\/Spolbil-access-the-remote-future2-120x304.jpg 120w, https:\/\/akerstroms.se\/app\/uploads\/2023\/06\/Spolbil-access-the-remote-future2-540x1366.jpg 540w, https:\/\/akerstroms.se\/app\/uploads\/2023\/06\/Spolbil-access-the-remote-future2-300x759.jpg 300w, https:\/\/akerstroms.se\/app\/uploads\/2023\/06\/Spolbil-access-the-remote-future2-600x1518.jpg 600w\" sizes=\"auto, (max-width: 700px) 100vw, 700px\" \/><\/figure>\n<\/div>\n<\/div>\n\n\n\n<div style=\"height:100px\" aria-hidden=\"true\" class=\"wp-block-spacer\"><\/div>\n\n\n\n<div class=\"wp-block-columns is-layout-flex wp-container-core-columns-is-layout-9d6595d7 wp-block-columns-is-layout-flex\">\n<div class=\"wp-block-column is-layout-flow wp-block-column-is-layout-flow\">\n<figure class=\"wp-block-image size-large\"><img loading=\"lazy\" decoding=\"async\" width=\"700\" height=\"1771\" src=\"https:\/\/akerstroms.se\/app\/uploads\/2023\/06\/Spolbil-access-the-remote-future-700x1771.jpg\" alt=\"\" class=\"wp-image-18443\" srcset=\"https:\/\/akerstroms.se\/app\/uploads\/2023\/06\/Spolbil-access-the-remote-future-700x1771.jpg 700w, https:\/\/akerstroms.se\/app\/uploads\/2023\/06\/Spolbil-access-the-remote-future-250x632.jpg 250w, https:\/\/akerstroms.se\/app\/uploads\/2023\/06\/Spolbil-access-the-remote-future-768x1943.jpg 768w, https:\/\/akerstroms.se\/app\/uploads\/2023\/06\/Spolbil-access-the-remote-future-607x1536.jpg 607w, https:\/\/akerstroms.se\/app\/uploads\/2023\/06\/Spolbil-access-the-remote-future-810x2048.jpg 810w, https:\/\/akerstroms.se\/app\/uploads\/2023\/06\/Spolbil-access-the-remote-future-120x304.jpg 120w, https:\/\/akerstroms.se\/app\/uploads\/2023\/06\/Spolbil-access-the-remote-future-540x1366.jpg 540w, https:\/\/akerstroms.se\/app\/uploads\/2023\/06\/Spolbil-access-the-remote-future-300x759.jpg 300w, https:\/\/akerstroms.se\/app\/uploads\/2023\/06\/Spolbil-access-the-remote-future-600x1518.jpg 600w\" sizes=\"auto, (max-width: 700px) 100vw, 700px\" \/><\/figure>\n<\/div>\n\n\n\n<div class=\"wp-block-column is-layout-flow wp-block-column-is-layout-flow\">\n<figure class=\"wp-block-image size-full\"><img loading=\"lazy\" decoding=\"async\" width=\"10039\" height=\"25394\" src=\"https:\/\/akerstroms.se\/app\/uploads\/2024\/09\/Roll-up.jpg\" alt=\"\" class=\"wp-image-20825\"\/><\/figure>\n<\/div>\n\n\n\n<div class=\"wp-block-column is-layout-flow wp-block-column-is-layout-flow\">\n<figure class=\"wp-block-image size-full\"><img loading=\"lazy\" decoding=\"async\" width=\"10039\" height=\"25394\" src=\"https:\/\/akerstroms.se\/app\/uploads\/2024\/09\/Roll-up2.jpg\" alt=\"\" class=\"wp-image-20828\"\/><\/figure>\n<\/div>\n<\/div>\n\n\n\n<div style=\"height:100px\" aria-hidden=\"true\" class=\"wp-block-spacer\"><\/div>\n\n\n\n<div class=\"wp-block-columns is-layout-flex wp-container-core-columns-is-layout-9d6595d7 wp-block-columns-is-layout-flex\">\n<div class=\"wp-block-column is-layout-flow wp-block-column-is-layout-flow\">\n<figure class=\"wp-block-image size-full\"><img loading=\"lazy\" decoding=\"async\" width=\"10039\" height=\"25394\" src=\"https:\/\/akerstroms.se\/app\/uploads\/2024\/09\/Roll-up3.jpg\" alt=\"\" class=\"wp-image-20831\"\/><\/figure>\n<\/div>\n\n\n\n<div class=\"wp-block-column is-layout-flow wp-block-column-is-layout-flow\">\n<figure class=\"wp-block-image size-full\"><img loading=\"lazy\" decoding=\"async\" width=\"10039\" height=\"25394\" src=\"https:\/\/akerstroms.se\/app\/uploads\/2024\/09\/Roll-up4.jpg\" alt=\"\" class=\"wp-image-20834\"\/><\/figure>\n<\/div>\n\n\n\n<div class=\"wp-block-column is-layout-flow wp-block-column-is-layout-flow\"><\/div>\n<\/div>\n\n\n\n<div style=\"height:100px\" aria-hidden=\"true\" class=\"wp-block-spacer\"><\/div>\n","protected":false},"excerpt":{"rendered":"","protected":false},"author":297,"featured_media":0,"parent":0,"menu_order":0,"comment_status":"closed","ping_status":"closed","template":"","meta":{"_acf_changed":false,"footnotes":""},"class_list":["post-18364","page","type-page","status-publish","hentry"],"acf":[],"yoast_head":"<!-- This site is optimized with the Yoast SEO plugin v27.4 - https:\/\/yoast.com\/product\/yoast-seo-wordpress\/ -->\n<title>Event Material - \u00c5kerstr\u00f6ms Bj\u00f6rbo<\/title>\n<meta name=\"robots\" content=\"index, follow, max-snippet:-1, max-image-preview:large, max-video-preview:-1\" \/>\n<link rel=\"canonical\" href=\"https:\/\/akerstroms.se\/en\/event-material\/\" \/>\n<meta property=\"og:locale\" content=\"en_US\" \/>\n<meta property=\"og:type\" content=\"article\" \/>\n<meta property=\"og:title\" content=\"Event Material - \u00c5kerstr\u00f6ms Bj\u00f6rbo\" \/>\n<meta property=\"og:url\" content=\"https:\/\/akerstroms.se\/en\/event-material\/\" \/>\n<meta property=\"og:site_name\" content=\"\u00c5kerstr\u00f6ms Bj\u00f6rbo\" \/>\n<meta property=\"article:publisher\" content=\"https:\/\/www.facebook.com\/akerstroms.se\" \/>\n<meta property=\"article:modified_time\" content=\"2024-09-27T07:26:53+00:00\" \/>\n<meta property=\"og:image\" content=\"https:\/\/akerstroms.se\/app\/uploads\/2023\/06\/Remotus-access-remote-future-2-700x1771.jpg\" \/>\n<meta name=\"twitter:card\" content=\"summary_large_image\" \/>\n<meta name=\"twitter:label1\" content=\"Est. reading time\" \/>\n\t<meta name=\"twitter:data1\" content=\"2 minutes\" \/>\n<script type=\"application\/ld+json\" class=\"yoast-schema-graph\">{\"@context\":\"https:\\\/\\\/schema.org\",\"@graph\":[{\"@type\":\"WebPage\",\"@id\":\"https:\\\/\\\/akerstroms.se\\\/en\\\/event-material\\\/\",\"url\":\"https:\\\/\\\/akerstroms.se\\\/en\\\/event-material\\\/\",\"name\":\"Event Material - \u00c5kerstr\u00f6ms Bj\u00f6rbo\",\"isPartOf\":{\"@id\":\"https:\\\/\\\/akerstroms.se\\\/#website\"},\"primaryImageOfPage\":{\"@id\":\"https:\\\/\\\/akerstroms.se\\\/en\\\/event-material\\\/#primaryimage\"},\"image\":{\"@id\":\"https:\\\/\\\/akerstroms.se\\\/en\\\/event-material\\\/#primaryimage\"},\"thumbnailUrl\":\"https:\\\/\\\/akerstroms.se\\\/app\\\/uploads\\\/2023\\\/06\\\/Remotus-access-remote-future-2-700x1771.jpg\",\"datePublished\":\"2023-06-07T06:15:18+00:00\",\"dateModified\":\"2024-09-27T07:26:53+00:00\",\"breadcrumb\":{\"@id\":\"https:\\\/\\\/akerstroms.se\\\/en\\\/event-material\\\/#breadcrumb\"},\"inLanguage\":\"en-US\",\"potentialAction\":[{\"@type\":\"ReadAction\",\"target\":[\"https:\\\/\\\/akerstroms.se\\\/en\\\/event-material\\\/\"]}]},{\"@type\":\"ImageObject\",\"inLanguage\":\"en-US\",\"@id\":\"https:\\\/\\\/akerstroms.se\\\/en\\\/event-material\\\/#primaryimage\",\"url\":\"https:\\\/\\\/akerstroms.se\\\/app\\\/uploads\\\/2023\\\/06\\\/Remotus-access-remote-future-2-700x1771.jpg\",\"contentUrl\":\"https:\\\/\\\/akerstroms.se\\\/app\\\/uploads\\\/2023\\\/06\\\/Remotus-access-remote-future-2-700x1771.jpg\"},{\"@type\":\"BreadcrumbList\",\"@id\":\"https:\\\/\\\/akerstroms.se\\\/en\\\/event-material\\\/#breadcrumb\",\"itemListElement\":[{\"@type\":\"ListItem\",\"position\":1,\"name\":\"Home\",\"item\":\"https:\\\/\\\/akerstroms.se\\\/en\\\/\"},{\"@type\":\"ListItem\",\"position\":2,\"name\":\"Event Material\"}]},{\"@type\":\"WebSite\",\"@id\":\"https:\\\/\\\/akerstroms.se\\\/#website\",\"url\":\"https:\\\/\\\/akerstroms.se\\\/\",\"name\":\"\u00c5kerstr\u00f6ms Bj\u00f6rbo\",\"description\":\"Radiostyrning f\u00f6r industriella och mobila applikationer\",\"publisher\":{\"@id\":\"https:\\\/\\\/akerstroms.se\\\/#organization\"},\"potentialAction\":[{\"@type\":\"SearchAction\",\"target\":{\"@type\":\"EntryPoint\",\"urlTemplate\":\"https:\\\/\\\/akerstroms.se\\\/?s={search_term_string}\"},\"query-input\":{\"@type\":\"PropertyValueSpecification\",\"valueRequired\":true,\"valueName\":\"search_term_string\"}}],\"inLanguage\":\"en-US\"},{\"@type\":\"Organization\",\"@id\":\"https:\\\/\\\/akerstroms.se\\\/#organization\",\"name\":\"\u00c5kerstr\u00f6ms AB\",\"url\":\"https:\\\/\\\/akerstroms.se\\\/\",\"logo\":{\"@type\":\"ImageObject\",\"inLanguage\":\"en-US\",\"@id\":\"https:\\\/\\\/akerstroms.se\\\/#\\\/schema\\\/logo\\\/image\\\/\",\"url\":\"https:\\\/\\\/akerstroms.se\\\/app\\\/uploads\\\/2021\\\/10\\\/akerstroms-logo.png\",\"contentUrl\":\"https:\\\/\\\/akerstroms.se\\\/app\\\/uploads\\\/2021\\\/10\\\/akerstroms-logo.png\",\"width\":400,\"height\":86,\"caption\":\"\u00c5kerstr\u00f6ms AB\"},\"image\":{\"@id\":\"https:\\\/\\\/akerstroms.se\\\/#\\\/schema\\\/logo\\\/image\\\/\"},\"sameAs\":[\"https:\\\/\\\/www.facebook.com\\\/akerstroms.se\",\"https:\\\/\\\/www.linkedin.com\\\/company\\\/akerstroms\\\/\",\"https:\\\/\\\/www.youtube.com\\\/channel\\\/UC8S-jX9nA8c9qBaTlgqg1CQ\"]}]}<\/script>\n<!-- \/ Yoast SEO plugin. -->","yoast_head_json":{"title":"Event Material - \u00c5kerstr\u00f6ms Bj\u00f6rbo","robots":{"index":"index","follow":"follow","max-snippet":"max-snippet:-1","max-image-preview":"max-image-preview:large","max-video-preview":"max-video-preview:-1"},"canonical":"https:\/\/akerstroms.se\/en\/event-material\/","og_locale":"en_US","og_type":"article","og_title":"Event Material - \u00c5kerstr\u00f6ms Bj\u00f6rbo","og_url":"https:\/\/akerstroms.se\/en\/event-material\/","og_site_name":"\u00c5kerstr\u00f6ms Bj\u00f6rbo","article_publisher":"https:\/\/www.facebook.com\/akerstroms.se","article_modified_time":"2024-09-27T07:26:53+00:00","og_image":[{"url":"https:\/\/akerstroms.se\/app\/uploads\/2023\/06\/Remotus-access-remote-future-2-700x1771.jpg","type":"","width":"","height":""}],"twitter_card":"summary_large_image","twitter_misc":{"Est. reading time":"2 minutes"},"schema":{"@context":"https:\/\/schema.org","@graph":[{"@type":"WebPage","@id":"https:\/\/akerstroms.se\/en\/event-material\/","url":"https:\/\/akerstroms.se\/en\/event-material\/","name":"Event Material - \u00c5kerstr\u00f6ms Bj\u00f6rbo","isPartOf":{"@id":"https:\/\/akerstroms.se\/#website"},"primaryImageOfPage":{"@id":"https:\/\/akerstroms.se\/en\/event-material\/#primaryimage"},"image":{"@id":"https:\/\/akerstroms.se\/en\/event-material\/#primaryimage"},"thumbnailUrl":"https:\/\/akerstroms.se\/app\/uploads\/2023\/06\/Remotus-access-remote-future-2-700x1771.jpg","datePublished":"2023-06-07T06:15:18+00:00","dateModified":"2024-09-27T07:26:53+00:00","breadcrumb":{"@id":"https:\/\/akerstroms.se\/en\/event-material\/#breadcrumb"},"inLanguage":"en-US","potentialAction":[{"@type":"ReadAction","target":["https:\/\/akerstroms.se\/en\/event-material\/"]}]},{"@type":"ImageObject","inLanguage":"en-US","@id":"https:\/\/akerstroms.se\/en\/event-material\/#primaryimage","url":"https:\/\/akerstroms.se\/app\/uploads\/2023\/06\/Remotus-access-remote-future-2-700x1771.jpg","contentUrl":"https:\/\/akerstroms.se\/app\/uploads\/2023\/06\/Remotus-access-remote-future-2-700x1771.jpg"},{"@type":"BreadcrumbList","@id":"https:\/\/akerstroms.se\/en\/event-material\/#breadcrumb","itemListElement":[{"@type":"ListItem","position":1,"name":"Home","item":"https:\/\/akerstroms.se\/en\/"},{"@type":"ListItem","position":2,"name":"Event Material"}]},{"@type":"WebSite","@id":"https:\/\/akerstroms.se\/#website","url":"https:\/\/akerstroms.se\/","name":"\u00c5kerstr\u00f6ms Bj\u00f6rbo","description":"Radiostyrning f\u00f6r industriella och mobila applikationer","publisher":{"@id":"https:\/\/akerstroms.se\/#organization"},"potentialAction":[{"@type":"SearchAction","target":{"@type":"EntryPoint","urlTemplate":"https:\/\/akerstroms.se\/?s={search_term_string}"},"query-input":{"@type":"PropertyValueSpecification","valueRequired":true,"valueName":"search_term_string"}}],"inLanguage":"en-US"},{"@type":"Organization","@id":"https:\/\/akerstroms.se\/#organization","name":"\u00c5kerstr\u00f6ms AB","url":"https:\/\/akerstroms.se\/","logo":{"@type":"ImageObject","inLanguage":"en-US","@id":"https:\/\/akerstroms.se\/#\/schema\/logo\/image\/","url":"https:\/\/akerstroms.se\/app\/uploads\/2021\/10\/akerstroms-logo.png","contentUrl":"https:\/\/akerstroms.se\/app\/uploads\/2021\/10\/akerstroms-logo.png","width":400,"height":86,"caption":"\u00c5kerstr\u00f6ms AB"},"image":{"@id":"https:\/\/akerstroms.se\/#\/schema\/logo\/image\/"},"sameAs":["https:\/\/www.facebook.com\/akerstroms.se","https:\/\/www.linkedin.com\/company\/akerstroms\/","https:\/\/www.youtube.com\/channel\/UC8S-jX9nA8c9qBaTlgqg1CQ"]}]}},"_links":{"self":[{"href":"https:\/\/akerstroms.se\/en\/wp-json\/wp\/v2\/pages\/18364","targetHints":{"allow":["GET"]}}],"collection":[{"href":"https:\/\/akerstroms.se\/en\/wp-json\/wp\/v2\/pages"}],"about":[{"href":"https:\/\/akerstroms.se\/en\/wp-json\/wp\/v2\/types\/page"}],"author":[{"embeddable":true,"href":"https:\/\/akerstroms.se\/en\/wp-json\/wp\/v2\/users\/297"}],"replies":[{"embeddable":true,"href":"https:\/\/akerstroms.se\/en\/wp-json\/wp\/v2\/comments?post=18364"}],"version-history":[{"count":6,"href":"https:\/\/akerstroms.se\/en\/wp-json\/wp\/v2\/pages\/18364\/revisions"}],"predecessor-version":[{"id":20839,"href":"https:\/\/akerstroms.se\/en\/wp-json\/wp\/v2\/pages\/18364\/revisions\/20839"}],"wp:attachment":[{"href":"https:\/\/akerstroms.se\/en\/wp-json\/wp\/v2\/media?parent=18364"}],"curies":[{"name":"wp","href":"https:\/\/api.w.org\/{rel}","templated":true}]}}