{"id":18211,"date":"2023-06-05T15:09:22","date_gmt":"2023-06-05T13:09:22","guid":{"rendered":"https:\/\/akerstroms.se\/?page_id=18211"},"modified":"2026-01-21T09:44:17","modified_gmt":"2026-01-21T08:44:17","slug":"one-pager","status":"publish","type":"page","link":"https:\/\/akerstroms.se\/en\/one-pager\/","title":{"rendered":"One pagers"},"content":{"rendered":"\n<div class=\"wp-block-cover alignfull\" style=\"min-height:497px;aspect-ratio:unset;\"><img loading=\"lazy\" decoding=\"async\" width=\"2560\" height=\"1707\" class=\"wp-block-cover__image-background wp-image-23758 size-full\" alt=\"\" src=\"https:\/\/akerstroms.se\/app\/uploads\/2026\/01\/Namnlos-design-87-scaled.png\" style=\"object-position:53% 33%\" data-object-fit=\"cover\" data-object-position=\"53% 33%\" srcset=\"https:\/\/akerstroms.se\/app\/uploads\/2026\/01\/Namnlos-design-87-scaled.png 2560w, https:\/\/akerstroms.se\/app\/uploads\/2026\/01\/Namnlos-design-87-250x167.png 250w, https:\/\/akerstroms.se\/app\/uploads\/2026\/01\/Namnlos-design-87-700x467.png 700w, https:\/\/akerstroms.se\/app\/uploads\/2026\/01\/Namnlos-design-87-768x512.png 768w, https:\/\/akerstroms.se\/app\/uploads\/2026\/01\/Namnlos-design-87-1536x1024.png 1536w, https:\/\/akerstroms.se\/app\/uploads\/2026\/01\/Namnlos-design-87-2048x1365.png 2048w, https:\/\/akerstroms.se\/app\/uploads\/2026\/01\/Namnlos-design-87-120x80.png 120w, https:\/\/akerstroms.se\/app\/uploads\/2026\/01\/Namnlos-design-87-540x360.png 540w, https:\/\/akerstroms.se\/app\/uploads\/2026\/01\/Namnlos-design-87-300x200.png 300w, https:\/\/akerstroms.se\/app\/uploads\/2026\/01\/Namnlos-design-87-600x400.png 600w\" sizes=\"auto, (max-width: 2560px) 100vw, 2560px\" \/><span aria-hidden=\"true\" class=\"wp-block-cover__background has-black-background-color has-background-dim\"><\/span><div class=\"wp-block-cover__inner-container is-layout-constrained wp-block-cover-is-layout-constrained\">\n<p class=\"has-text-align-center has-large-font-size\">One Pagers<\/p>\n\n\n\n<p class=\"has-text-align-center\">Find our One Pagers for different products and applications here.<\/p>\n\n\n\n<div class=\"wp-block-buttons is-content-justification-center is-layout-flex wp-container-core-buttons-is-layout-16018d1d wp-block-buttons-is-layout-flex\">\n<div class=\"wp-block-button\"><a class=\"wp-block-button__link has-orange-background-color has-background wp-element-button\" href=\"https:\/\/akerstroms.se\/en\/marketing-material\/\" style=\"border-top-left-radius:8px;border-top-right-radius:8px;border-bottom-left-radius:8px;border-bottom-right-radius:8px\">Back to menu<\/a><\/div>\n<\/div>\n<\/div><\/div>\n\n\n\n<div style=\"height:41px\" aria-hidden=\"true\" class=\"wp-block-spacer\"><\/div>\n\n\n\n<div class=\"wp-block-columns is-layout-flex wp-container-core-columns-is-layout-9d6595d7 wp-block-columns-is-layout-flex\">\n<div class=\"wp-block-column is-layout-flow wp-block-column-is-layout-flow\">\n<figure class=\"wp-block-image size-large\"><a href=\"https:\/\/akerstroms.se\/app\/uploads\/2023\/06\/New-modular-Jupiter-line_2023.pdf\" target=\"_blank\" rel=\"noreferrer noopener\"><img loading=\"lazy\" decoding=\"async\" width=\"700\" height=\"938\" src=\"https:\/\/akerstroms.se\/app\/uploads\/2023\/06\/New-modular-Jupiter-line_2023-700x938.jpg\" alt=\"\" class=\"wp-image-18183\" srcset=\"https:\/\/akerstroms.se\/app\/uploads\/2023\/06\/New-modular-Jupiter-line_2023-700x938.jpg 700w, https:\/\/akerstroms.se\/app\/uploads\/2023\/06\/New-modular-Jupiter-line_2023-250x335.jpg 250w, https:\/\/akerstroms.se\/app\/uploads\/2023\/06\/New-modular-Jupiter-line_2023-768x1029.jpg 768w, https:\/\/akerstroms.se\/app\/uploads\/2023\/06\/New-modular-Jupiter-line_2023-1146x1536.jpg 1146w, https:\/\/akerstroms.se\/app\/uploads\/2023\/06\/New-modular-Jupiter-line_2023-1528x2048.jpg 1528w, https:\/\/akerstroms.se\/app\/uploads\/2023\/06\/New-modular-Jupiter-line_2023-120x161.jpg 120w, https:\/\/akerstroms.se\/app\/uploads\/2023\/06\/New-modular-Jupiter-line_2023-540x724.jpg 540w, https:\/\/akerstroms.se\/app\/uploads\/2023\/06\/New-modular-Jupiter-line_2023-300x402.jpg 300w, https:\/\/akerstroms.se\/app\/uploads\/2023\/06\/New-modular-Jupiter-line_2023-600x804.jpg 600w\" sizes=\"auto, (max-width: 700px) 100vw, 700px\" \/><\/a><\/figure>\n<\/div>\n\n\n\n<div class=\"wp-block-column is-layout-flow wp-block-column-is-layout-flow\">\n<figure class=\"wp-block-image size-large\"><a href=\"https:\/\/akerstroms.se\/app\/uploads\/2024\/11\/Tow-trucks.pdf\" target=\"_blank\" rel=\"noreferrer noopener\"><img loading=\"lazy\" decoding=\"async\" width=\"700\" height=\"938\" src=\"https:\/\/akerstroms.se\/app\/uploads\/2024\/11\/Tow-trucks-700x938.jpg\" alt=\"\" class=\"wp-image-21119\" srcset=\"https:\/\/akerstroms.se\/app\/uploads\/2024\/11\/Tow-trucks-700x938.jpg 700w, https:\/\/akerstroms.se\/app\/uploads\/2024\/11\/Tow-trucks-250x335.jpg 250w, https:\/\/akerstroms.se\/app\/uploads\/2024\/11\/Tow-trucks-768x1029.jpg 768w, https:\/\/akerstroms.se\/app\/uploads\/2024\/11\/Tow-trucks-1146x1536.jpg 1146w, https:\/\/akerstroms.se\/app\/uploads\/2024\/11\/Tow-trucks-1528x2048.jpg 1528w, https:\/\/akerstroms.se\/app\/uploads\/2024\/11\/Tow-trucks-120x161.jpg 120w, https:\/\/akerstroms.se\/app\/uploads\/2024\/11\/Tow-trucks-540x724.jpg 540w, https:\/\/akerstroms.se\/app\/uploads\/2024\/11\/Tow-trucks-300x402.jpg 300w, https:\/\/akerstroms.se\/app\/uploads\/2024\/11\/Tow-trucks-600x804.jpg 600w, https:\/\/akerstroms.se\/app\/uploads\/2024\/11\/Tow-trucks-scaled.jpg 1910w\" sizes=\"auto, (max-width: 700px) 100vw, 700px\" \/><\/a><\/figure>\n<\/div>\n\n\n\n<div class=\"wp-block-column is-layout-flow wp-block-column-is-layout-flow\">\n<figure class=\"wp-block-image size-large\"><a href=\"https:\/\/akerstroms.se\/app\/uploads\/2024\/11\/Vacuum-trucks.pdf\" target=\"_blank\" rel=\"noreferrer noopener\"><img loading=\"lazy\" decoding=\"async\" width=\"700\" height=\"938\" src=\"https:\/\/akerstroms.se\/app\/uploads\/2024\/11\/Vacuum-trucks-700x938.jpg\" alt=\"\" class=\"wp-image-21123\" srcset=\"https:\/\/akerstroms.se\/app\/uploads\/2024\/11\/Vacuum-trucks-700x938.jpg 700w, https:\/\/akerstroms.se\/app\/uploads\/2024\/11\/Vacuum-trucks-250x335.jpg 250w, https:\/\/akerstroms.se\/app\/uploads\/2024\/11\/Vacuum-trucks-768x1029.jpg 768w, https:\/\/akerstroms.se\/app\/uploads\/2024\/11\/Vacuum-trucks-1146x1536.jpg 1146w, https:\/\/akerstroms.se\/app\/uploads\/2024\/11\/Vacuum-trucks-1528x2048.jpg 1528w, https:\/\/akerstroms.se\/app\/uploads\/2024\/11\/Vacuum-trucks-120x161.jpg 120w, https:\/\/akerstroms.se\/app\/uploads\/2024\/11\/Vacuum-trucks-540x724.jpg 540w, https:\/\/akerstroms.se\/app\/uploads\/2024\/11\/Vacuum-trucks-300x402.jpg 300w, https:\/\/akerstroms.se\/app\/uploads\/2024\/11\/Vacuum-trucks-600x804.jpg 600w, https:\/\/akerstroms.se\/app\/uploads\/2024\/11\/Vacuum-trucks-scaled.jpg 1910w\" sizes=\"auto, (max-width: 700px) 100vw, 700px\" \/><\/a><\/figure>\n<\/div>\n<\/div>\n\n\n\n<div style=\"height:45px\" aria-hidden=\"true\" class=\"wp-block-spacer\"><\/div>\n\n\n\n<div class=\"wp-block-columns is-layout-flex wp-container-core-columns-is-layout-9d6595d7 wp-block-columns-is-layout-flex\">\n<div class=\"wp-block-column is-layout-flow wp-block-column-is-layout-flow\">\n<figure class=\"wp-block-image size-large\"><a href=\"https:\/\/akerstroms.se\/app\/uploads\/2024\/11\/Winch.pdf\" target=\"_blank\" rel=\"noreferrer noopener\"><img loading=\"lazy\" decoding=\"async\" width=\"700\" height=\"938\" src=\"https:\/\/akerstroms.se\/app\/uploads\/2024\/11\/Winch-700x938.jpg\" alt=\"\" class=\"wp-image-21116\" srcset=\"https:\/\/akerstroms.se\/app\/uploads\/2024\/11\/Winch-700x938.jpg 700w, https:\/\/akerstroms.se\/app\/uploads\/2024\/11\/Winch-250x335.jpg 250w, https:\/\/akerstroms.se\/app\/uploads\/2024\/11\/Winch-768x1029.jpg 768w, https:\/\/akerstroms.se\/app\/uploads\/2024\/11\/Winch-1146x1536.jpg 1146w, https:\/\/akerstroms.se\/app\/uploads\/2024\/11\/Winch-1528x2048.jpg 1528w, https:\/\/akerstroms.se\/app\/uploads\/2024\/11\/Winch-120x161.jpg 120w, https:\/\/akerstroms.se\/app\/uploads\/2024\/11\/Winch-540x724.jpg 540w, https:\/\/akerstroms.se\/app\/uploads\/2024\/11\/Winch-300x402.jpg 300w, https:\/\/akerstroms.se\/app\/uploads\/2024\/11\/Winch-600x804.jpg 600w, https:\/\/akerstroms.se\/app\/uploads\/2024\/11\/Winch-scaled.jpg 1910w\" sizes=\"auto, (max-width: 700px) 100vw, 700px\" \/><\/a><\/figure>\n<\/div>\n\n\n\n<div class=\"wp-block-column is-layout-flow wp-block-column-is-layout-flow\">\n<figure class=\"wp-block-image size-large\"><a href=\"https:\/\/akerstroms.se\/app\/uploads\/2023\/06\/door-gate-opening.pdf\" target=\"_blank\" rel=\"noreferrer noopener\"><img loading=\"lazy\" decoding=\"async\" width=\"700\" height=\"938\" src=\"https:\/\/akerstroms.se\/app\/uploads\/2023\/06\/One-Pager-all5-700x938.jpg\" alt=\"\" class=\"wp-image-18225\" srcset=\"https:\/\/akerstroms.se\/app\/uploads\/2023\/06\/One-Pager-all5-700x938.jpg 700w, https:\/\/akerstroms.se\/app\/uploads\/2023\/06\/One-Pager-all5-250x335.jpg 250w, https:\/\/akerstroms.se\/app\/uploads\/2023\/06\/One-Pager-all5-768x1029.jpg 768w, https:\/\/akerstroms.se\/app\/uploads\/2023\/06\/One-Pager-all5-1146x1536.jpg 1146w, https:\/\/akerstroms.se\/app\/uploads\/2023\/06\/One-Pager-all5-1528x2048.jpg 1528w, https:\/\/akerstroms.se\/app\/uploads\/2023\/06\/One-Pager-all5-120x161.jpg 120w, https:\/\/akerstroms.se\/app\/uploads\/2023\/06\/One-Pager-all5-540x724.jpg 540w, https:\/\/akerstroms.se\/app\/uploads\/2023\/06\/One-Pager-all5-300x402.jpg 300w, https:\/\/akerstroms.se\/app\/uploads\/2023\/06\/One-Pager-all5-600x804.jpg 600w\" sizes=\"auto, (max-width: 700px) 100vw, 700px\" \/><\/a><\/figure>\n<\/div>\n\n\n\n<div class=\"wp-block-column is-layout-flow wp-block-column-is-layout-flow\">\n<figure class=\"wp-block-image size-large\"><a href=\"https:\/\/akerstroms.se\/app\/uploads\/2023\/06\/Sesam-industry.pdf\" target=\"_blank\" rel=\"noreferrer noopener\"><img loading=\"lazy\" decoding=\"async\" width=\"700\" height=\"938\" src=\"https:\/\/akerstroms.se\/app\/uploads\/2023\/06\/One-Pager-all6-700x938.jpg\" alt=\"\" class=\"wp-image-18228\" srcset=\"https:\/\/akerstroms.se\/app\/uploads\/2023\/06\/One-Pager-all6-700x938.jpg 700w, https:\/\/akerstroms.se\/app\/uploads\/2023\/06\/One-Pager-all6-250x335.jpg 250w, https:\/\/akerstroms.se\/app\/uploads\/2023\/06\/One-Pager-all6-768x1029.jpg 768w, https:\/\/akerstroms.se\/app\/uploads\/2023\/06\/One-Pager-all6-1146x1536.jpg 1146w, https:\/\/akerstroms.se\/app\/uploads\/2023\/06\/One-Pager-all6-1528x2048.jpg 1528w, https:\/\/akerstroms.se\/app\/uploads\/2023\/06\/One-Pager-all6-120x161.jpg 120w, https:\/\/akerstroms.se\/app\/uploads\/2023\/06\/One-Pager-all6-540x724.jpg 540w, https:\/\/akerstroms.se\/app\/uploads\/2023\/06\/One-Pager-all6-300x402.jpg 300w, https:\/\/akerstroms.se\/app\/uploads\/2023\/06\/One-Pager-all6-600x804.jpg 600w\" sizes=\"auto, (max-width: 700px) 100vw, 700px\" \/><\/a><\/figure>\n<\/div>\n<\/div>\n\n\n\n<div style=\"height:45px\" aria-hidden=\"true\" class=\"wp-block-spacer\"><\/div>\n\n\n\n<div class=\"wp-block-columns is-layout-flex wp-container-core-columns-is-layout-9d6595d7 wp-block-columns-is-layout-flex\">\n<div class=\"wp-block-column is-layout-flow wp-block-column-is-layout-flow\">\n<figure class=\"wp-block-image size-large\"><a href=\"https:\/\/akerstroms.se\/app\/uploads\/2026\/01\/Taillift.pdf\" target=\"_blank\" rel=\"noreferrer noopener\"><img loading=\"lazy\" decoding=\"async\" width=\"700\" height=\"938\" src=\"https:\/\/akerstroms.se\/app\/uploads\/2026\/01\/Tail-lift-700x938.jpg\" alt=\"\" class=\"wp-image-23764\" srcset=\"https:\/\/akerstroms.se\/app\/uploads\/2026\/01\/Tail-lift-700x938.jpg 700w, https:\/\/akerstroms.se\/app\/uploads\/2026\/01\/Tail-lift-250x335.jpg 250w, https:\/\/akerstroms.se\/app\/uploads\/2026\/01\/Tail-lift-768x1029.jpg 768w, https:\/\/akerstroms.se\/app\/uploads\/2026\/01\/Tail-lift-1146x1536.jpg 1146w, https:\/\/akerstroms.se\/app\/uploads\/2026\/01\/Tail-lift-1528x2048.jpg 1528w, https:\/\/akerstroms.se\/app\/uploads\/2026\/01\/Tail-lift-120x161.jpg 120w, https:\/\/akerstroms.se\/app\/uploads\/2026\/01\/Tail-lift-540x724.jpg 540w, https:\/\/akerstroms.se\/app\/uploads\/2026\/01\/Tail-lift-300x402.jpg 300w, https:\/\/akerstroms.se\/app\/uploads\/2026\/01\/Tail-lift-600x804.jpg 600w, https:\/\/akerstroms.se\/app\/uploads\/2026\/01\/Tail-lift-scaled.jpg 1910w\" sizes=\"auto, (max-width: 700px) 100vw, 700px\" \/><\/a><\/figure>\n<\/div>\n\n\n\n<div class=\"wp-block-column is-layout-flow wp-block-column-is-layout-flow\">\n<figure class=\"wp-block-image size-large\"><a href=\"https:\/\/akerstroms.se\/app\/uploads\/2023\/06\/Configurable.pdf\" target=\"_blank\" rel=\"noreferrer noopener\"><img loading=\"lazy\" decoding=\"async\" width=\"700\" height=\"938\" src=\"https:\/\/akerstroms.se\/app\/uploads\/2023\/06\/One-Pager-all8-700x938.jpg\" alt=\"\" class=\"wp-image-18234\" srcset=\"https:\/\/akerstroms.se\/app\/uploads\/2023\/06\/One-Pager-all8-700x938.jpg 700w, https:\/\/akerstroms.se\/app\/uploads\/2023\/06\/One-Pager-all8-250x335.jpg 250w, https:\/\/akerstroms.se\/app\/uploads\/2023\/06\/One-Pager-all8-768x1029.jpg 768w, https:\/\/akerstroms.se\/app\/uploads\/2023\/06\/One-Pager-all8-1146x1536.jpg 1146w, https:\/\/akerstroms.se\/app\/uploads\/2023\/06\/One-Pager-all8-1528x2048.jpg 1528w, https:\/\/akerstroms.se\/app\/uploads\/2023\/06\/One-Pager-all8-120x161.jpg 120w, https:\/\/akerstroms.se\/app\/uploads\/2023\/06\/One-Pager-all8-540x724.jpg 540w, https:\/\/akerstroms.se\/app\/uploads\/2023\/06\/One-Pager-all8-300x402.jpg 300w, https:\/\/akerstroms.se\/app\/uploads\/2023\/06\/One-Pager-all8-600x804.jpg 600w\" sizes=\"auto, (max-width: 700px) 100vw, 700px\" \/><\/a><\/figure>\n<\/div>\n\n\n\n<div class=\"wp-block-column is-layout-flow wp-block-column-is-layout-flow\">\n<figure class=\"wp-block-image size-large\"><a href=\"https:\/\/akerstroms.se\/app\/uploads\/2023\/06\/Access_Ctrl.pdf\" target=\"_blank\" rel=\"noreferrer noopener\"><img loading=\"lazy\" decoding=\"async\" width=\"700\" height=\"938\" src=\"https:\/\/akerstroms.se\/app\/uploads\/2023\/06\/Access_Ctrl-3-700x938.jpg\" alt=\"\" class=\"wp-image-18359\" srcset=\"https:\/\/akerstroms.se\/app\/uploads\/2023\/06\/Access_Ctrl-3-700x938.jpg 700w, https:\/\/akerstroms.se\/app\/uploads\/2023\/06\/Access_Ctrl-3-250x335.jpg 250w, https:\/\/akerstroms.se\/app\/uploads\/2023\/06\/Access_Ctrl-3-768x1029.jpg 768w, https:\/\/akerstroms.se\/app\/uploads\/2023\/06\/Access_Ctrl-3-1146x1536.jpg 1146w, https:\/\/akerstroms.se\/app\/uploads\/2023\/06\/Access_Ctrl-3-1528x2048.jpg 1528w, https:\/\/akerstroms.se\/app\/uploads\/2023\/06\/Access_Ctrl-3-120x161.jpg 120w, https:\/\/akerstroms.se\/app\/uploads\/2023\/06\/Access_Ctrl-3-540x724.jpg 540w, https:\/\/akerstroms.se\/app\/uploads\/2023\/06\/Access_Ctrl-3-300x402.jpg 300w, https:\/\/akerstroms.se\/app\/uploads\/2023\/06\/Access_Ctrl-3-600x804.jpg 600w\" sizes=\"auto, (max-width: 700px) 100vw, 700px\" \/><\/a><\/figure>\n<\/div>\n<\/div>\n\n\n\n<div style=\"height:45px\" aria-hidden=\"true\" class=\"wp-block-spacer\"><\/div>\n","protected":false},"excerpt":{"rendered":"","protected":false},"author":297,"featured_media":0,"parent":0,"menu_order":0,"comment_status":"closed","ping_status":"closed","template":"","meta":{"_acf_changed":false,"footnotes":""},"class_list":["post-18211","page","type-page","status-publish","hentry"],"acf":[],"yoast_head":"<!-- This site is optimized with the Yoast SEO plugin v27.4 - https:\/\/yoast.com\/product\/yoast-seo-wordpress\/ -->\n<title>One pagers - \u00c5kerstr\u00f6ms Bj\u00f6rbo<\/title>\n<meta name=\"robots\" content=\"index, follow, max-snippet:-1, max-image-preview:large, max-video-preview:-1\" \/>\n<link rel=\"canonical\" href=\"https:\/\/akerstroms.se\/en\/one-pager\/\" \/>\n<meta property=\"og:locale\" content=\"en_US\" \/>\n<meta property=\"og:type\" content=\"article\" \/>\n<meta property=\"og:title\" content=\"One pagers - \u00c5kerstr\u00f6ms Bj\u00f6rbo\" \/>\n<meta property=\"og:url\" content=\"https:\/\/akerstroms.se\/en\/one-pager\/\" \/>\n<meta property=\"og:site_name\" content=\"\u00c5kerstr\u00f6ms Bj\u00f6rbo\" \/>\n<meta property=\"article:publisher\" content=\"https:\/\/www.facebook.com\/akerstroms.se\" \/>\n<meta property=\"article:modified_time\" content=\"2026-01-21T08:44:17+00:00\" \/>\n<meta property=\"og:image\" content=\"https:\/\/akerstroms.se\/app\/uploads\/2026\/01\/Namnlos-design-87-700x467.png\" \/>\n\t<meta property=\"og:image:width\" content=\"700\" \/>\n\t<meta property=\"og:image:height\" content=\"467\" \/>\n\t<meta property=\"og:image:type\" content=\"image\/png\" \/>\n<meta name=\"twitter:card\" content=\"summary_large_image\" \/>\n<meta name=\"twitter:label1\" content=\"Est. reading time\" \/>\n\t<meta name=\"twitter:data1\" content=\"3 minutes\" \/>\n<script type=\"application\/ld+json\" class=\"yoast-schema-graph\">{\"@context\":\"https:\\\/\\\/schema.org\",\"@graph\":[{\"@type\":\"WebPage\",\"@id\":\"https:\\\/\\\/akerstroms.se\\\/en\\\/one-pager\\\/\",\"url\":\"https:\\\/\\\/akerstroms.se\\\/en\\\/one-pager\\\/\",\"name\":\"One pagers - \u00c5kerstr\u00f6ms Bj\u00f6rbo\",\"isPartOf\":{\"@id\":\"https:\\\/\\\/akerstroms.se\\\/#website\"},\"primaryImageOfPage\":{\"@id\":\"https:\\\/\\\/akerstroms.se\\\/en\\\/one-pager\\\/#primaryimage\"},\"image\":{\"@id\":\"https:\\\/\\\/akerstroms.se\\\/en\\\/one-pager\\\/#primaryimage\"},\"thumbnailUrl\":\"https:\\\/\\\/akerstroms.se\\\/app\\\/uploads\\\/2026\\\/01\\\/Namnlos-design-87-scaled.png\",\"datePublished\":\"2023-06-05T13:09:22+00:00\",\"dateModified\":\"2026-01-21T08:44:17+00:00\",\"breadcrumb\":{\"@id\":\"https:\\\/\\\/akerstroms.se\\\/en\\\/one-pager\\\/#breadcrumb\"},\"inLanguage\":\"en-US\",\"potentialAction\":[{\"@type\":\"ReadAction\",\"target\":[\"https:\\\/\\\/akerstroms.se\\\/en\\\/one-pager\\\/\"]}]},{\"@type\":\"ImageObject\",\"inLanguage\":\"en-US\",\"@id\":\"https:\\\/\\\/akerstroms.se\\\/en\\\/one-pager\\\/#primaryimage\",\"url\":\"https:\\\/\\\/akerstroms.se\\\/app\\\/uploads\\\/2026\\\/01\\\/Namnlos-design-87-scaled.png\",\"contentUrl\":\"https:\\\/\\\/akerstroms.se\\\/app\\\/uploads\\\/2026\\\/01\\\/Namnlos-design-87-scaled.png\"},{\"@type\":\"BreadcrumbList\",\"@id\":\"https:\\\/\\\/akerstroms.se\\\/en\\\/one-pager\\\/#breadcrumb\",\"itemListElement\":[{\"@type\":\"ListItem\",\"position\":1,\"name\":\"Home\",\"item\":\"https:\\\/\\\/akerstroms.se\\\/en\\\/\"},{\"@type\":\"ListItem\",\"position\":2,\"name\":\"One pagers\"}]},{\"@type\":\"WebSite\",\"@id\":\"https:\\\/\\\/akerstroms.se\\\/#website\",\"url\":\"https:\\\/\\\/akerstroms.se\\\/\",\"name\":\"\u00c5kerstr\u00f6ms Bj\u00f6rbo\",\"description\":\"Radiostyrning f\u00f6r industriella och mobila applikationer\",\"publisher\":{\"@id\":\"https:\\\/\\\/akerstroms.se\\\/#organization\"},\"potentialAction\":[{\"@type\":\"SearchAction\",\"target\":{\"@type\":\"EntryPoint\",\"urlTemplate\":\"https:\\\/\\\/akerstroms.se\\\/?s={search_term_string}\"},\"query-input\":{\"@type\":\"PropertyValueSpecification\",\"valueRequired\":true,\"valueName\":\"search_term_string\"}}],\"inLanguage\":\"en-US\"},{\"@type\":\"Organization\",\"@id\":\"https:\\\/\\\/akerstroms.se\\\/#organization\",\"name\":\"\u00c5kerstr\u00f6ms AB\",\"url\":\"https:\\\/\\\/akerstroms.se\\\/\",\"logo\":{\"@type\":\"ImageObject\",\"inLanguage\":\"en-US\",\"@id\":\"https:\\\/\\\/akerstroms.se\\\/#\\\/schema\\\/logo\\\/image\\\/\",\"url\":\"https:\\\/\\\/akerstroms.se\\\/app\\\/uploads\\\/2021\\\/10\\\/akerstroms-logo.png\",\"contentUrl\":\"https:\\\/\\\/akerstroms.se\\\/app\\\/uploads\\\/2021\\\/10\\\/akerstroms-logo.png\",\"width\":400,\"height\":86,\"caption\":\"\u00c5kerstr\u00f6ms AB\"},\"image\":{\"@id\":\"https:\\\/\\\/akerstroms.se\\\/#\\\/schema\\\/logo\\\/image\\\/\"},\"sameAs\":[\"https:\\\/\\\/www.facebook.com\\\/akerstroms.se\",\"https:\\\/\\\/www.linkedin.com\\\/company\\\/akerstroms\\\/\",\"https:\\\/\\\/www.youtube.com\\\/channel\\\/UC8S-jX9nA8c9qBaTlgqg1CQ\"]}]}<\/script>\n<!-- \/ Yoast SEO plugin. -->","yoast_head_json":{"title":"One pagers - \u00c5kerstr\u00f6ms Bj\u00f6rbo","robots":{"index":"index","follow":"follow","max-snippet":"max-snippet:-1","max-image-preview":"max-image-preview:large","max-video-preview":"max-video-preview:-1"},"canonical":"https:\/\/akerstroms.se\/en\/one-pager\/","og_locale":"en_US","og_type":"article","og_title":"One pagers - \u00c5kerstr\u00f6ms Bj\u00f6rbo","og_url":"https:\/\/akerstroms.se\/en\/one-pager\/","og_site_name":"\u00c5kerstr\u00f6ms Bj\u00f6rbo","article_publisher":"https:\/\/www.facebook.com\/akerstroms.se","article_modified_time":"2026-01-21T08:44:17+00:00","og_image":[{"width":700,"height":467,"url":"https:\/\/akerstroms.se\/app\/uploads\/2026\/01\/Namnlos-design-87-700x467.png","type":"image\/png"}],"twitter_card":"summary_large_image","twitter_misc":{"Est. reading time":"3 minutes"},"schema":{"@context":"https:\/\/schema.org","@graph":[{"@type":"WebPage","@id":"https:\/\/akerstroms.se\/en\/one-pager\/","url":"https:\/\/akerstroms.se\/en\/one-pager\/","name":"One pagers - \u00c5kerstr\u00f6ms Bj\u00f6rbo","isPartOf":{"@id":"https:\/\/akerstroms.se\/#website"},"primaryImageOfPage":{"@id":"https:\/\/akerstroms.se\/en\/one-pager\/#primaryimage"},"image":{"@id":"https:\/\/akerstroms.se\/en\/one-pager\/#primaryimage"},"thumbnailUrl":"https:\/\/akerstroms.se\/app\/uploads\/2026\/01\/Namnlos-design-87-scaled.png","datePublished":"2023-06-05T13:09:22+00:00","dateModified":"2026-01-21T08:44:17+00:00","breadcrumb":{"@id":"https:\/\/akerstroms.se\/en\/one-pager\/#breadcrumb"},"inLanguage":"en-US","potentialAction":[{"@type":"ReadAction","target":["https:\/\/akerstroms.se\/en\/one-pager\/"]}]},{"@type":"ImageObject","inLanguage":"en-US","@id":"https:\/\/akerstroms.se\/en\/one-pager\/#primaryimage","url":"https:\/\/akerstroms.se\/app\/uploads\/2026\/01\/Namnlos-design-87-scaled.png","contentUrl":"https:\/\/akerstroms.se\/app\/uploads\/2026\/01\/Namnlos-design-87-scaled.png"},{"@type":"BreadcrumbList","@id":"https:\/\/akerstroms.se\/en\/one-pager\/#breadcrumb","itemListElement":[{"@type":"ListItem","position":1,"name":"Home","item":"https:\/\/akerstroms.se\/en\/"},{"@type":"ListItem","position":2,"name":"One pagers"}]},{"@type":"WebSite","@id":"https:\/\/akerstroms.se\/#website","url":"https:\/\/akerstroms.se\/","name":"\u00c5kerstr\u00f6ms Bj\u00f6rbo","description":"Radiostyrning f\u00f6r industriella och mobila applikationer","publisher":{"@id":"https:\/\/akerstroms.se\/#organization"},"potentialAction":[{"@type":"SearchAction","target":{"@type":"EntryPoint","urlTemplate":"https:\/\/akerstroms.se\/?s={search_term_string}"},"query-input":{"@type":"PropertyValueSpecification","valueRequired":true,"valueName":"search_term_string"}}],"inLanguage":"en-US"},{"@type":"Organization","@id":"https:\/\/akerstroms.se\/#organization","name":"\u00c5kerstr\u00f6ms AB","url":"https:\/\/akerstroms.se\/","logo":{"@type":"ImageObject","inLanguage":"en-US","@id":"https:\/\/akerstroms.se\/#\/schema\/logo\/image\/","url":"https:\/\/akerstroms.se\/app\/uploads\/2021\/10\/akerstroms-logo.png","contentUrl":"https:\/\/akerstroms.se\/app\/uploads\/2021\/10\/akerstroms-logo.png","width":400,"height":86,"caption":"\u00c5kerstr\u00f6ms AB"},"image":{"@id":"https:\/\/akerstroms.se\/#\/schema\/logo\/image\/"},"sameAs":["https:\/\/www.facebook.com\/akerstroms.se","https:\/\/www.linkedin.com\/company\/akerstroms\/","https:\/\/www.youtube.com\/channel\/UC8S-jX9nA8c9qBaTlgqg1CQ"]}]}},"_links":{"self":[{"href":"https:\/\/akerstroms.se\/en\/wp-json\/wp\/v2\/pages\/18211","targetHints":{"allow":["GET"]}}],"collection":[{"href":"https:\/\/akerstroms.se\/en\/wp-json\/wp\/v2\/pages"}],"about":[{"href":"https:\/\/akerstroms.se\/en\/wp-json\/wp\/v2\/types\/page"}],"author":[{"embeddable":true,"href":"https:\/\/akerstroms.se\/en\/wp-json\/wp\/v2\/users\/297"}],"replies":[{"embeddable":true,"href":"https:\/\/akerstroms.se\/en\/wp-json\/wp\/v2\/comments?post=18211"}],"version-history":[{"count":18,"href":"https:\/\/akerstroms.se\/en\/wp-json\/wp\/v2\/pages\/18211\/revisions"}],"predecessor-version":[{"id":23768,"href":"https:\/\/akerstroms.se\/en\/wp-json\/wp\/v2\/pages\/18211\/revisions\/23768"}],"wp:attachment":[{"href":"https:\/\/akerstroms.se\/en\/wp-json\/wp\/v2\/media?parent=18211"}],"curies":[{"name":"wp","href":"https:\/\/api.w.org\/{rel}","templated":true}]}}