{"id":17727,"date":"2023-05-11T16:42:58","date_gmt":"2023-05-11T14:42:58","guid":{"rendered":"https:\/\/akerstroms.se\/?page_id=17727"},"modified":"2023-05-11T16:42:58","modified_gmt":"2023-05-11T14:42:58","slug":"upcoming-events","status":"publish","type":"page","link":"https:\/\/akerstroms.se\/en\/upcoming-events\/","title":{"rendered":"Upcoming events"},"content":{"rendered":"<section class=\"hero alignfull tone \" style=\"background-image: url(https:\/\/akerstroms.se\/app\/uploads\/2021\/06\/Remotus-Era-midjesandare.jpg);\">\r\n        <div class=\"hero__text container\">\r\n        <h1 class=\"hero__title\">Upcoming events<\/h1>\r\n            <\/div>\r\n<\/section>\r\n\n\n\n<div style=\"height:40px\" aria-hidden=\"true\" class=\"wp-block-spacer\"><\/div>\n\n\n<section class=\"events-list events-upcoming\">\n                        <div class=\"events-list__single\">\n                <div>\n                    <img loading=\"lazy\" decoding=\"async\" width=\"664\" height=\"391\" src=\"https:\/\/akerstroms.se\/app\/uploads\/2025\/11\/logo-for-web.png\" class=\"attachment-post-thumbnail size-post-thumbnail wp-post-image\" alt=\"\" srcset=\"https:\/\/akerstroms.se\/app\/uploads\/2025\/11\/logo-for-web.png 664w, https:\/\/akerstroms.se\/app\/uploads\/2025\/11\/logo-for-web-250x147.png 250w, https:\/\/akerstroms.se\/app\/uploads\/2025\/11\/logo-for-web-120x71.png 120w, https:\/\/akerstroms.se\/app\/uploads\/2025\/11\/logo-for-web-540x318.png 540w, https:\/\/akerstroms.se\/app\/uploads\/2025\/11\/logo-for-web-300x177.png 300w, https:\/\/akerstroms.se\/app\/uploads\/2025\/11\/logo-for-web-600x353.png 600w\" sizes=\"auto, (max-width: 664px) 100vw, 664px\" \/>                <\/div>\n                <div class=\"events-list__info\">\n                    <h3 class=\"events-list__heading\">IFAT 2026<\/h3>\n                    <div class=\"events-list__date\">\n\n                                                    2026-05-04                            <span>&#8211;<\/span>\n                        \n                        <span>\n                            2026-05-07                        <\/span>\n                    <\/div>\n\n                                            <div class=\"events-list__location\">\n                            Munich, Germany                        <\/div>\n                    \n                    <div>\n                        Stand No. C4 114                    <\/div>\n\n                                            <a class=\"button button--primary events-list__button\" href=\"https:\/\/ifat.de\/en\/\" target=\"_blank\">\n                            Go to IFAT website                        <\/a>\n                                    <\/div>\n            <\/div>\n\n                    <div class=\"events-list__single\">\n                <div>\n                    <img loading=\"lazy\" decoding=\"async\" width=\"570\" height=\"415\" src=\"https:\/\/akerstroms.se\/app\/uploads\/2025\/01\/euro-expo.jpg\" class=\"attachment-post-thumbnail size-post-thumbnail wp-post-image\" alt=\"\" srcset=\"https:\/\/akerstroms.se\/app\/uploads\/2025\/01\/euro-expo.jpg 570w, https:\/\/akerstroms.se\/app\/uploads\/2025\/01\/euro-expo-250x182.jpg 250w, https:\/\/akerstroms.se\/app\/uploads\/2025\/01\/euro-expo-120x87.jpg 120w, https:\/\/akerstroms.se\/app\/uploads\/2025\/01\/euro-expo-540x393.jpg 540w, https:\/\/akerstroms.se\/app\/uploads\/2025\/01\/euro-expo-300x218.jpg 300w\" sizes=\"auto, (max-width: 570px) 100vw, 570px\" \/>                <\/div>\n                <div class=\"events-list__info\">\n                    <h3 class=\"events-list__heading\">Euro Expo Pite\u00e5<\/h3>\n                    <div class=\"events-list__date\">\n\n                                                    2026-05-06                            <span>&#8211;<\/span>\n                        \n                        <span>\n                            2026-05-07                        <\/span>\n                    <\/div>\n\n                                            <div class=\"events-list__location\">\n                            PiteEnergi Arena Arenagatan 4K, 941 31 Pite\u00e5\u200b\u200b\u200b\u200b\u200b\u200b\u200b \u200b\u200b\u200b\u200b\u200b\u200b\u200b                        <\/div>\n                    \n                    <div>\n                        We will be exhibiting at Euro Expo in Pite\u00e5                    <\/div>\n\n                                            <a class=\"button button--primary events-list__button\" href=\"https:\/\/www.euroexpo.se\/for-besokare\/pitea-6-7-maj-2026\" target=\"_blank\">\n                            Read more                        <\/a>\n                                    <\/div>\n            <\/div>\n\n                    <div class=\"events-list__single\">\n                <div>\n                    <img loading=\"lazy\" decoding=\"async\" width=\"543\" height=\"415\" src=\"https:\/\/akerstroms.se\/app\/uploads\/2026\/01\/euro-mine-expo.png\" class=\"attachment-post-thumbnail size-post-thumbnail wp-post-image\" alt=\"\" srcset=\"https:\/\/akerstroms.se\/app\/uploads\/2026\/01\/euro-mine-expo.png 543w, https:\/\/akerstroms.se\/app\/uploads\/2026\/01\/euro-mine-expo-250x191.png 250w, https:\/\/akerstroms.se\/app\/uploads\/2026\/01\/euro-mine-expo-120x92.png 120w, https:\/\/akerstroms.se\/app\/uploads\/2026\/01\/euro-mine-expo-540x413.png 540w, https:\/\/akerstroms.se\/app\/uploads\/2026\/01\/euro-mine-expo-300x229.png 300w\" sizes=\"auto, (max-width: 543px) 100vw, 543px\" \/>                <\/div>\n                <div class=\"events-list__info\">\n                    <h3 class=\"events-list__heading\">Euro Mine Expo Skellefte\u00e5<\/h3>\n                    <div class=\"events-list__date\">\n\n                                                    2026-05-26                            <span>&#8211;<\/span>\n                        \n                        <span>\n                            2026-05-28                        <\/span>\n                    <\/div>\n\n                                            <div class=\"events-list__location\">\n                            Skellefte\u00e5 Kraft Arena Mossgatan 27 SE-931 70 Skellefte\u00e5                        <\/div>\n                    \n                    <div>\n                        We will be exhibiting at Euro Mine Expo in Skellefte\u00e5                    <\/div>\n\n                                            <a class=\"button button--primary events-list__button\" href=\"https:\/\/www.euromineexpo.com\/\" target=\"_blank\">\n                            Read more                        <\/a>\n                                    <\/div>\n            <\/div>\n\n                    <div class=\"events-list__single\">\n                <div>\n                    <img loading=\"lazy\" decoding=\"async\" width=\"570\" height=\"415\" src=\"https:\/\/akerstroms.se\/app\/uploads\/2025\/01\/euro-expo.jpg\" class=\"attachment-post-thumbnail size-post-thumbnail wp-post-image\" alt=\"\" srcset=\"https:\/\/akerstroms.se\/app\/uploads\/2025\/01\/euro-expo.jpg 570w, https:\/\/akerstroms.se\/app\/uploads\/2025\/01\/euro-expo-250x182.jpg 250w, https:\/\/akerstroms.se\/app\/uploads\/2025\/01\/euro-expo-120x87.jpg 120w, https:\/\/akerstroms.se\/app\/uploads\/2025\/01\/euro-expo-540x393.jpg 540w, https:\/\/akerstroms.se\/app\/uploads\/2025\/01\/euro-expo-300x218.jpg 300w\" sizes=\"auto, (max-width: 570px) 100vw, 570px\" \/>                <\/div>\n                <div class=\"events-list__info\">\n                    <h3 class=\"events-list__heading\">Euro Expo Helsingborg<\/h3>\n                    <div class=\"events-list__date\">\n\n                                                    2026-06-03                            <span>&#8211;<\/span>\n                        \n                        <span>\n                            2026-06-04                        <\/span>\n                    <\/div>\n\n                                            <div class=\"events-list__location\">\n                            Olympiarinken A-hall Mellersta Stenbocksgatan 16, 254 37 Helsingborg\u200b\u200b\u200b\u200b\u200b\u200b\u200b                        <\/div>\n                    \n                    <div>\n                        We will be exhibiting at Euro Expo in Helsingborg                    <\/div>\n\n                                            <a class=\"button button--primary events-list__button\" href=\"https:\/\/www.euroexpo.se\/for-besokare\/helsingborg-3-4-juni-2026\" target=\"_blank\">\n                            Read more                        <\/a>\n                                    <\/div>\n            <\/div>\n\n                    <div class=\"events-list__single\">\n                <div>\n                    <img loading=\"lazy\" decoding=\"async\" width=\"457\" height=\"287\" src=\"https:\/\/akerstroms.se\/app\/uploads\/2026\/04\/Exponor-Chile.png\" class=\"attachment-post-thumbnail size-post-thumbnail wp-post-image\" alt=\"\" srcset=\"https:\/\/akerstroms.se\/app\/uploads\/2026\/04\/Exponor-Chile.png 457w, https:\/\/akerstroms.se\/app\/uploads\/2026\/04\/Exponor-Chile-250x157.png 250w, https:\/\/akerstroms.se\/app\/uploads\/2026\/04\/Exponor-Chile-120x75.png 120w, https:\/\/akerstroms.se\/app\/uploads\/2026\/04\/Exponor-Chile-300x188.png 300w\" sizes=\"auto, (max-width: 457px) 100vw, 457px\" \/>                <\/div>\n                <div class=\"events-list__info\">\n                    <h3 class=\"events-list__heading\">Exponor Chile 2026<\/h3>\n                    <div class=\"events-list__date\">\n\n                                                    2026-06-08                            <span>&#8211;<\/span>\n                        \n                        <span>\n                            2026-06-11                        <\/span>\n                    <\/div>\n\n                                            <div class=\"events-list__location\">\n                            Av. Pedro Aguirre Cerda 17.101, sector La Portada, Ruta 1.                        <\/div>\n                    \n                    <div>\n                        <div>We will be exhibiting together with our distributor SouthCranes at Exponor in Chile from 8\u201311 June.<\/div>                    <\/div>\n\n                                            <a class=\"button button--primary events-list__button\" href=\"https:\/\/exponor.cl\/\" target=\"_blank\">\n                            Read more                        <\/a>\n                                    <\/div>\n            <\/div>\n\n                    <div class=\"events-list__single\">\n                <div>\n                    <img loading=\"lazy\" decoding=\"async\" width=\"1501\" height=\"1501\" src=\"https:\/\/akerstroms.se\/app\/uploads\/2026\/03\/IAA-T26_Square_rgb-C.png\" class=\"attachment-post-thumbnail size-post-thumbnail wp-post-image\" alt=\"\" srcset=\"https:\/\/akerstroms.se\/app\/uploads\/2026\/03\/IAA-T26_Square_rgb-C.png 1501w, https:\/\/akerstroms.se\/app\/uploads\/2026\/03\/IAA-T26_Square_rgb-C-250x250.png 250w, https:\/\/akerstroms.se\/app\/uploads\/2026\/03\/IAA-T26_Square_rgb-C-700x700.png 700w, https:\/\/akerstroms.se\/app\/uploads\/2026\/03\/IAA-T26_Square_rgb-C-150x150.png 150w, https:\/\/akerstroms.se\/app\/uploads\/2026\/03\/IAA-T26_Square_rgb-C-768x768.png 768w, https:\/\/akerstroms.se\/app\/uploads\/2026\/03\/IAA-T26_Square_rgb-C-120x120.png 120w, https:\/\/akerstroms.se\/app\/uploads\/2026\/03\/IAA-T26_Square_rgb-C-540x540.png 540w, https:\/\/akerstroms.se\/app\/uploads\/2026\/03\/IAA-T26_Square_rgb-C-300x300.png 300w, https:\/\/akerstroms.se\/app\/uploads\/2026\/03\/IAA-T26_Square_rgb-C-600x600.png 600w, https:\/\/akerstroms.se\/app\/uploads\/2026\/03\/IAA-T26_Square_rgb-C-100x100.png 100w\" sizes=\"auto, (max-width: 1501px) 100vw, 1501px\" \/>                <\/div>\n                <div class=\"events-list__info\">\n                    <h3 class=\"events-list__heading\">IAA Transportation, Hannover<\/h3>\n                    <div class=\"events-list__date\">\n\n                                                    2026-09-15                            <span>&#8211;<\/span>\n                        \n                        <span>\n                            2026-09-20                        <\/span>\n                    <\/div>\n\n                                            <div class=\"events-list__location\">\n                            Hannover                        <\/div>\n                    \n                    <div>\n                        We are exhibiting at IAA Transportation, Hannover, 15-20 september                    <\/div>\n\n                                            <a class=\"button button--primary events-list__button\" href=\"https:\/\/www.iaa-transportation.com\/en\" target=\"_blank\">\n                            Read more                        <\/a>\n                                    <\/div>\n            <\/div>\n\n                    <div class=\"events-list__single\">\n                <div>\n                    <img loading=\"lazy\" decoding=\"async\" width=\"559\" height=\"336\" src=\"https:\/\/akerstroms.se\/app\/uploads\/2026\/03\/Krandagarna-2026.jpg\" class=\"attachment-post-thumbnail size-post-thumbnail wp-post-image\" alt=\"\" srcset=\"https:\/\/akerstroms.se\/app\/uploads\/2026\/03\/Krandagarna-2026.jpg 559w, https:\/\/akerstroms.se\/app\/uploads\/2026\/03\/Krandagarna-2026-250x150.jpg 250w, https:\/\/akerstroms.se\/app\/uploads\/2026\/03\/Krandagarna-2026-120x72.jpg 120w, https:\/\/akerstroms.se\/app\/uploads\/2026\/03\/Krandagarna-2026-540x325.jpg 540w, https:\/\/akerstroms.se\/app\/uploads\/2026\/03\/Krandagarna-2026-300x180.jpg 300w\" sizes=\"auto, (max-width: 559px) 100vw, 559px\" \/>                <\/div>\n                <div class=\"events-list__info\">\n                    <h3 class=\"events-list__heading\">Krandagarna Gothenburg<\/h3>\n                    <div class=\"events-list__date\">\n\n                                                    2026-09-30                            <span>&#8211;<\/span>\n                        \n                        <span>\n                            2026-10-01                        <\/span>\n                    <\/div>\n\n                    \n                    <div>\n                        Meet us at Krandagarna in Gothenburg                    <\/div>\n\n                                            <a class=\"button button--primary events-list__button\" href=\"https:\/\/www.kiwa.com\/se\/sv\/tjanster\/utbildning\/krandagarna\/\" target=\"_blank\">\n                            Read more                        <\/a>\n                                    <\/div>\n            <\/div>\n\n                    <div class=\"events-list__single\">\n                <div>\n                    <img loading=\"lazy\" decoding=\"async\" width=\"660\" height=\"400\" src=\"https:\/\/akerstroms.se\/app\/uploads\/2024\/09\/baumachina_logo_two-line_RGB-2.jpg\" class=\"attachment-post-thumbnail size-post-thumbnail wp-post-image\" alt=\"\" srcset=\"https:\/\/akerstroms.se\/app\/uploads\/2024\/09\/baumachina_logo_two-line_RGB-2.jpg 660w, https:\/\/akerstroms.se\/app\/uploads\/2024\/09\/baumachina_logo_two-line_RGB-2-250x152.jpg 250w, https:\/\/akerstroms.se\/app\/uploads\/2024\/09\/baumachina_logo_two-line_RGB-2-120x73.jpg 120w, https:\/\/akerstroms.se\/app\/uploads\/2024\/09\/baumachina_logo_two-line_RGB-2-540x327.jpg 540w, https:\/\/akerstroms.se\/app\/uploads\/2024\/09\/baumachina_logo_two-line_RGB-2-300x182.jpg 300w, https:\/\/akerstroms.se\/app\/uploads\/2024\/09\/baumachina_logo_two-line_RGB-2-600x364.jpg 600w\" sizes=\"auto, (max-width: 660px) 100vw, 660px\" \/>                <\/div>\n                <div class=\"events-list__info\">\n                    <h3 class=\"events-list__heading\">Bauma China, Shanghai<\/h3>\n                    <div class=\"events-list__date\">\n\n                                                    2026-11-24                            <span>&#8211;<\/span>\n                        \n                        <span>\n                            2026-11-27                        <\/span>\n                    <\/div>\n\n                                            <div class=\"events-list__location\">\n                            Shanghai                        <\/div>\n                    \n                    <div>\n                        We are exhibiting at Bauma China, Shanghai, 24 &#8211; 27 november                    <\/div>\n\n                                            <a class=\"button button--primary events-list__button\" href=\"https:\/\/bauma-china.com\/en\/\" target=\"_blank\">\n                            Read more                        <\/a>\n                                    <\/div>\n            <\/div>\n\n        \n        <\/section>\n","protected":false},"excerpt":{"rendered":"","protected":false},"author":1,"featured_media":0,"parent":0,"menu_order":0,"comment_status":"closed","ping_status":"closed","template":"","meta":{"_acf_changed":false,"footnotes":""},"class_list":["post-17727","page","type-page","status-publish","hentry"],"acf":[],"yoast_head":"<!-- This site is optimized with the Yoast SEO plugin v27.4 - https:\/\/yoast.com\/product\/yoast-seo-wordpress\/ -->\n<title>Upcoming events - \u00c5kerstr\u00f6ms Bj\u00f6rbo<\/title>\n<meta name=\"robots\" content=\"index, follow, max-snippet:-1, max-image-preview:large, max-video-preview:-1\" \/>\n<link rel=\"canonical\" href=\"https:\/\/akerstroms.se\/en\/upcoming-events\/\" \/>\n<meta property=\"og:locale\" content=\"en_US\" \/>\n<meta property=\"og:type\" content=\"article\" \/>\n<meta property=\"og:title\" content=\"Upcoming events - \u00c5kerstr\u00f6ms Bj\u00f6rbo\" \/>\n<meta property=\"og:url\" content=\"https:\/\/akerstroms.se\/en\/upcoming-events\/\" \/>\n<meta property=\"og:site_name\" content=\"\u00c5kerstr\u00f6ms Bj\u00f6rbo\" \/>\n<meta property=\"article:publisher\" content=\"https:\/\/www.facebook.com\/akerstroms.se\" \/>\n<meta property=\"og:image\" content=\"https:\/\/akerstroms.se\/app\/uploads\/2021\/09\/Akerstroms-remote-controls.jpg\" \/>\n\t<meta property=\"og:image:width\" content=\"1200\" \/>\n\t<meta property=\"og:image:height\" content=\"675\" \/>\n\t<meta property=\"og:image:type\" content=\"image\/jpeg\" \/>\n<meta name=\"twitter:card\" content=\"summary_large_image\" \/>\n<script type=\"application\/ld+json\" class=\"yoast-schema-graph\">{\"@context\":\"https:\\\/\\\/schema.org\",\"@graph\":[{\"@type\":\"WebPage\",\"@id\":\"https:\\\/\\\/akerstroms.se\\\/en\\\/upcoming-events\\\/\",\"url\":\"https:\\\/\\\/akerstroms.se\\\/en\\\/upcoming-events\\\/\",\"name\":\"Upcoming events - \u00c5kerstr\u00f6ms Bj\u00f6rbo\",\"isPartOf\":{\"@id\":\"https:\\\/\\\/akerstroms.se\\\/#website\"},\"datePublished\":\"2023-05-11T14:42:58+00:00\",\"breadcrumb\":{\"@id\":\"https:\\\/\\\/akerstroms.se\\\/en\\\/upcoming-events\\\/#breadcrumb\"},\"inLanguage\":\"en-US\",\"potentialAction\":[{\"@type\":\"ReadAction\",\"target\":[\"https:\\\/\\\/akerstroms.se\\\/en\\\/upcoming-events\\\/\"]}]},{\"@type\":\"BreadcrumbList\",\"@id\":\"https:\\\/\\\/akerstroms.se\\\/en\\\/upcoming-events\\\/#breadcrumb\",\"itemListElement\":[{\"@type\":\"ListItem\",\"position\":1,\"name\":\"Home\",\"item\":\"https:\\\/\\\/akerstroms.se\\\/en\\\/\"},{\"@type\":\"ListItem\",\"position\":2,\"name\":\"Upcoming events\"}]},{\"@type\":\"WebSite\",\"@id\":\"https:\\\/\\\/akerstroms.se\\\/#website\",\"url\":\"https:\\\/\\\/akerstroms.se\\\/\",\"name\":\"\u00c5kerstr\u00f6ms Bj\u00f6rbo\",\"description\":\"Radiostyrning f\u00f6r industriella och mobila applikationer\",\"publisher\":{\"@id\":\"https:\\\/\\\/akerstroms.se\\\/#organization\"},\"potentialAction\":[{\"@type\":\"SearchAction\",\"target\":{\"@type\":\"EntryPoint\",\"urlTemplate\":\"https:\\\/\\\/akerstroms.se\\\/?s={search_term_string}\"},\"query-input\":{\"@type\":\"PropertyValueSpecification\",\"valueRequired\":true,\"valueName\":\"search_term_string\"}}],\"inLanguage\":\"en-US\"},{\"@type\":\"Organization\",\"@id\":\"https:\\\/\\\/akerstroms.se\\\/#organization\",\"name\":\"\u00c5kerstr\u00f6ms AB\",\"url\":\"https:\\\/\\\/akerstroms.se\\\/\",\"logo\":{\"@type\":\"ImageObject\",\"inLanguage\":\"en-US\",\"@id\":\"https:\\\/\\\/akerstroms.se\\\/#\\\/schema\\\/logo\\\/image\\\/\",\"url\":\"https:\\\/\\\/akerstroms.se\\\/app\\\/uploads\\\/2021\\\/10\\\/akerstroms-logo.png\",\"contentUrl\":\"https:\\\/\\\/akerstroms.se\\\/app\\\/uploads\\\/2021\\\/10\\\/akerstroms-logo.png\",\"width\":400,\"height\":86,\"caption\":\"\u00c5kerstr\u00f6ms AB\"},\"image\":{\"@id\":\"https:\\\/\\\/akerstroms.se\\\/#\\\/schema\\\/logo\\\/image\\\/\"},\"sameAs\":[\"https:\\\/\\\/www.facebook.com\\\/akerstroms.se\",\"https:\\\/\\\/www.linkedin.com\\\/company\\\/akerstroms\\\/\",\"https:\\\/\\\/www.youtube.com\\\/channel\\\/UC8S-jX9nA8c9qBaTlgqg1CQ\"]}]}<\/script>\n<!-- \/ Yoast SEO plugin. -->","yoast_head_json":{"title":"Upcoming events - \u00c5kerstr\u00f6ms Bj\u00f6rbo","robots":{"index":"index","follow":"follow","max-snippet":"max-snippet:-1","max-image-preview":"max-image-preview:large","max-video-preview":"max-video-preview:-1"},"canonical":"https:\/\/akerstroms.se\/en\/upcoming-events\/","og_locale":"en_US","og_type":"article","og_title":"Upcoming events - \u00c5kerstr\u00f6ms Bj\u00f6rbo","og_url":"https:\/\/akerstroms.se\/en\/upcoming-events\/","og_site_name":"\u00c5kerstr\u00f6ms Bj\u00f6rbo","article_publisher":"https:\/\/www.facebook.com\/akerstroms.se","og_image":[{"width":1200,"height":675,"url":"https:\/\/akerstroms.se\/app\/uploads\/2021\/09\/Akerstroms-remote-controls.jpg","type":"image\/jpeg"}],"twitter_card":"summary_large_image","schema":{"@context":"https:\/\/schema.org","@graph":[{"@type":"WebPage","@id":"https:\/\/akerstroms.se\/en\/upcoming-events\/","url":"https:\/\/akerstroms.se\/en\/upcoming-events\/","name":"Upcoming events - \u00c5kerstr\u00f6ms Bj\u00f6rbo","isPartOf":{"@id":"https:\/\/akerstroms.se\/#website"},"datePublished":"2023-05-11T14:42:58+00:00","breadcrumb":{"@id":"https:\/\/akerstroms.se\/en\/upcoming-events\/#breadcrumb"},"inLanguage":"en-US","potentialAction":[{"@type":"ReadAction","target":["https:\/\/akerstroms.se\/en\/upcoming-events\/"]}]},{"@type":"BreadcrumbList","@id":"https:\/\/akerstroms.se\/en\/upcoming-events\/#breadcrumb","itemListElement":[{"@type":"ListItem","position":1,"name":"Home","item":"https:\/\/akerstroms.se\/en\/"},{"@type":"ListItem","position":2,"name":"Upcoming events"}]},{"@type":"WebSite","@id":"https:\/\/akerstroms.se\/#website","url":"https:\/\/akerstroms.se\/","name":"\u00c5kerstr\u00f6ms Bj\u00f6rbo","description":"Radiostyrning f\u00f6r industriella och mobila applikationer","publisher":{"@id":"https:\/\/akerstroms.se\/#organization"},"potentialAction":[{"@type":"SearchAction","target":{"@type":"EntryPoint","urlTemplate":"https:\/\/akerstroms.se\/?s={search_term_string}"},"query-input":{"@type":"PropertyValueSpecification","valueRequired":true,"valueName":"search_term_string"}}],"inLanguage":"en-US"},{"@type":"Organization","@id":"https:\/\/akerstroms.se\/#organization","name":"\u00c5kerstr\u00f6ms AB","url":"https:\/\/akerstroms.se\/","logo":{"@type":"ImageObject","inLanguage":"en-US","@id":"https:\/\/akerstroms.se\/#\/schema\/logo\/image\/","url":"https:\/\/akerstroms.se\/app\/uploads\/2021\/10\/akerstroms-logo.png","contentUrl":"https:\/\/akerstroms.se\/app\/uploads\/2021\/10\/akerstroms-logo.png","width":400,"height":86,"caption":"\u00c5kerstr\u00f6ms AB"},"image":{"@id":"https:\/\/akerstroms.se\/#\/schema\/logo\/image\/"},"sameAs":["https:\/\/www.facebook.com\/akerstroms.se","https:\/\/www.linkedin.com\/company\/akerstroms\/","https:\/\/www.youtube.com\/channel\/UC8S-jX9nA8c9qBaTlgqg1CQ"]}]}},"_links":{"self":[{"href":"https:\/\/akerstroms.se\/en\/wp-json\/wp\/v2\/pages\/17727","targetHints":{"allow":["GET"]}}],"collection":[{"href":"https:\/\/akerstroms.se\/en\/wp-json\/wp\/v2\/pages"}],"about":[{"href":"https:\/\/akerstroms.se\/en\/wp-json\/wp\/v2\/types\/page"}],"author":[{"embeddable":true,"href":"https:\/\/akerstroms.se\/en\/wp-json\/wp\/v2\/users\/1"}],"replies":[{"embeddable":true,"href":"https:\/\/akerstroms.se\/en\/wp-json\/wp\/v2\/comments?post=17727"}],"version-history":[{"count":3,"href":"https:\/\/akerstroms.se\/en\/wp-json\/wp\/v2\/pages\/17727\/revisions"}],"predecessor-version":[{"id":17730,"href":"https:\/\/akerstroms.se\/en\/wp-json\/wp\/v2\/pages\/17727\/revisions\/17730"}],"wp:attachment":[{"href":"https:\/\/akerstroms.se\/en\/wp-json\/wp\/v2\/media?parent=17727"}],"curies":[{"name":"wp","href":"https:\/\/api.w.org\/{rel}","templated":true}]}}