{"id":16035,"date":"2022-09-29T14:50:50","date_gmt":"2022-09-29T12:50:50","guid":{"rendered":"https:\/\/akerstroms.se\/husqvarna-remote-controlled-heavyweight\/"},"modified":"2023-06-02T12:49:26","modified_gmt":"2023-06-02T10:49:26","slug":"rolba","status":"publish","type":"page","link":"https:\/\/akerstroms.se\/en\/rolba\/","title":{"rendered":"Rolba \u2013 Proximity and service are vital for us"},"content":{"rendered":"<section class=\"hero alignfull tone \" style=\"background-image: url(https:\/\/akerstroms.se\/app\/uploads\/2022\/09\/Spolbil_web-2022.png);\">\r\n        <div class=\"hero__text container\">\r\n        <h1 class=\"hero__title\">Rolba &#8211; <strong>Proximity<\/strong> and <strong>service<\/strong> are vital for us<\/h1>\r\n                    <p class=\"hero__excerpt\">A successful collaboration is not just a matter of offering powerful and sustainable products that produce a high economic value. Service and an understanding of the customer\u2019s business are also crucial.<\/p>\r\n            <\/div>\r\n<\/section>\r\n\n\n\n<div style=\"height:71px\" aria-hidden=\"true\" class=\"wp-block-spacer\"><\/div>\n\n\n\n<p><strong>\u00c5kerstr\u00f6ms has undergone major growth in the area of remote control of vacuum trucks in the Nordic market. This has been achieved through a customised solution for our customers that has helped position us and the product Remotus as the market\u2019s most powerful and sustainable remote control system. However, none of this would have been possible without successful collaboration.<\/strong><\/p>\n\n\n\n<p>Patrik Str\u00f6mgren works in sales at Rolba in Hedesunda, which builds different varieties of vacuum trucks, and has collaborated with \u00c5kerstr\u00f6ms for many years. For him, proximity to the customer and collaboration were important aspects of good business relationships.<\/p>\n\n\n\n<p>\u201cWe have customers from Sk\u00e5ne all the way up to Haparanda, and proximity can mean different things to them. In Sk\u00e5ne, people want us to be based at a service workshop, while in Haparanda people value the fact that we answer when they call us,\u201d explains Patrik.<\/p>\n\n\n\n<p><strong>\u00c5kerstr\u00f6ms delivers on performance<\/strong><\/p>\n\n\n\n<p>Vacuum truck entrepreneurs work mostly with municipalities and industry. Their vehicles operate for 8\u201314 hours a day, generating a daily average revenue of some SEK 22,000. It is, therefore, of utmost importance that costly downtime is avoided.<\/p>\n\n\n\n<p>\u201cAnyone can sell a vacuum truck, but to sell 10 trucks you need to keep to delivery times and offer a reliable quality of equipment that performs well. This is where \u00c5kerstr\u00f6ms plays a decisive role in our collaboration, as they constantly develop and improve the products,\u201d notes Patrik.<\/p>\n\n\n\n<p><strong>From blank paper to standard solution<\/strong><\/p>\n\n\n\n<p>When Patrik started working, he would drive out to meet a customer with a blank sheet of paper, ask what they wanted and then sketch a solution \u2013 a method that led to Rolba developing standardisation.<\/p>\n\n\n\n<p>\u201cWe never built two trucks that were alike, and it was difficult to get any return. So, after 2010, we produced five different product groups with a plethora of variants for each group. It\u2019s now easier for us to estimate volumes,\u201d Patrik explains.<\/p>\n\n\n\n<p>\u201cThrough our collaboration with \u00c5kerstr\u00f6ms, we have produced several standardised radio-controlled solutions for Rolba. This means that if one unit fails, we can easily lend customers a new unit while the other one undergoes repair. This solution means minimal downtime for the customer.\u201d<\/p>\n\n\n\n<p><strong>Robust remote control systems reduce downtime<\/strong><\/p>\n\n\n\n<p>The strength of \u00c5kerstr\u00f6ms\u2019 Remotus system is in its quality, design and ergonomics, as well as the high output power of the radio waves. We offer fast service and repairs if anything should arise and spare parts with short delivery times.<\/p>\n\n\n\n<p>\u201cRemotus is robust and reliable, which leads to less downtime in our customers\u2019 day-to-day work. I also feel that \u00c5kerstr\u00f6ms\u2019 remote-control system has a modern and fresh feel compared to competitors,\u201d adds Patrik.<\/p>\n\n\n\n<p><strong>Responsiveness and service are decisive factors<\/strong><\/p>\n\n\n\n<p>A successful collaboration is not just a matter of offering powerful and sustainable products that produce a high economic value. Service and an understanding of the customer\u2019s business are also crucial.<\/p>\n\n\n\n<p>\u201cProximity, service and reliability are vital for us. Our customers select a chassis supplier based on how things work in the area in which they operate. In the past, people had to come to us in Hedesunda for service, but now we\u2019ve moved our service from the north to the south,\u201d says Patrik.<\/p>\n\n\n\n<p>\u201cAnd in terms of contact with \u00c5kerstr\u00f6ms, that\u2019s been really excellent \u2013 they are only ever one phone call away. Andreas is our contact person and he keeps us constantly informed about any components that are delayed, for example. After all, everything is fine and dandy as long as the products are working. It\u2019s only when something happens that you have to be on the ball, and I feel that \u00c5kerstr\u00f6ms are.<\/p>\n\n\n\n<p>\u201cIt\u2019s the same when our customers call us. We maybe can\u2019t always solve their problem, but the most important thing is they can speak to someone who can refer them to the right workshop.\u201d<\/p>\n\n\n\n<p>There is much left to achieve in the collaboration between \u00c5kerstr\u00f6ms and Rolba. Cities are growing and the pipeline networks are ageing and in need of maintenance.<\/p>\n\n\n\n<p>\u201cWe look forward to many rewarding years of collaboration together and welcome any new customers to us here at Rolba,\u201d concludes Patrik.<\/p>\n\n\n\n<div style=\"height:30px\" aria-hidden=\"true\" class=\"wp-block-spacer\"><\/div>\n\n\n\n<figure class=\"wp-block-embed is-type-video is-provider-youtube wp-block-embed-youtube wp-embed-aspect-16-9 wp-has-aspect-ratio\"><div class=\"wp-block-embed__wrapper\">\n<iframe loading=\"lazy\" title=\"Rolba Akerstroms cooperation\" width=\"500\" height=\"281\" src=\"https:\/\/www.youtube.com\/embed\/atkeEJ16wPc?feature=oembed\" frameborder=\"0\" allow=\"accelerometer; autoplay; clipboard-write; encrypted-media; gyroscope; picture-in-picture; web-share\" referrerpolicy=\"strict-origin-when-cross-origin\" allowfullscreen><\/iframe>\n<\/div><\/figure>\n","protected":false},"excerpt":{"rendered":"<p>\u00c5kerstr\u00f6ms has undergone major growth in the area of remote control of vacuum trucks in the Nordic market. This has been achieved through a customised&#8230;<\/p>\n","protected":false},"author":7,"featured_media":16050,"parent":0,"menu_order":0,"comment_status":"closed","ping_status":"closed","template":"","meta":{"_acf_changed":false,"footnotes":""},"class_list":["post-16035","page","type-page","status-publish","has-post-thumbnail","hentry"],"acf":[],"yoast_head":"<!-- This site is optimized with the Yoast SEO plugin v27.4 - https:\/\/yoast.com\/product\/yoast-seo-wordpress\/ -->\n<title>Rolba \u2013 Proximity and service are vital for us - \u00c5kerstr\u00f6ms Bj\u00f6rbo<\/title>\n<meta name=\"robots\" content=\"index, follow, max-snippet:-1, max-image-preview:large, max-video-preview:-1\" \/>\n<link rel=\"canonical\" href=\"https:\/\/akerstroms.se\/en\/rolba\/\" \/>\n<meta property=\"og:locale\" content=\"en_US\" \/>\n<meta property=\"og:type\" content=\"article\" \/>\n<meta property=\"og:title\" content=\"Rolba \u2013 Proximity and service are vital for us - \u00c5kerstr\u00f6ms Bj\u00f6rbo\" \/>\n<meta property=\"og:description\" content=\"\u00c5kerstr\u00f6ms has undergone major growth in the area of remote control of vacuum trucks in the Nordic market. This has been achieved through a customised...\" \/>\n<meta property=\"og:url\" content=\"https:\/\/akerstroms.se\/en\/rolba\/\" \/>\n<meta property=\"og:site_name\" content=\"\u00c5kerstr\u00f6ms Bj\u00f6rbo\" \/>\n<meta property=\"article:publisher\" content=\"https:\/\/www.facebook.com\/akerstroms.se\" \/>\n<meta property=\"article:modified_time\" content=\"2023-06-02T10:49:26+00:00\" \/>\n<meta property=\"og:image\" content=\"https:\/\/akerstroms.se\/app\/uploads\/2022\/09\/Spolbil_web-2022-700x467.png\" \/>\n\t<meta property=\"og:image:width\" content=\"700\" \/>\n\t<meta property=\"og:image:height\" content=\"467\" \/>\n\t<meta property=\"og:image:type\" content=\"image\/png\" \/>\n<meta name=\"twitter:card\" content=\"summary_large_image\" \/>\n<meta name=\"twitter:label1\" content=\"Est. reading time\" \/>\n\t<meta name=\"twitter:data1\" content=\"4 minutes\" \/>\n<script type=\"application\/ld+json\" class=\"yoast-schema-graph\">{\"@context\":\"https:\\\/\\\/schema.org\",\"@graph\":[{\"@type\":\"WebPage\",\"@id\":\"https:\\\/\\\/akerstroms.se\\\/en\\\/rolba\\\/\",\"url\":\"https:\\\/\\\/akerstroms.se\\\/en\\\/rolba\\\/\",\"name\":\"Rolba \u2013 Proximity and service are vital for us - \u00c5kerstr\u00f6ms Bj\u00f6rbo\",\"isPartOf\":{\"@id\":\"https:\\\/\\\/akerstroms.se\\\/#website\"},\"primaryImageOfPage\":{\"@id\":\"https:\\\/\\\/akerstroms.se\\\/en\\\/rolba\\\/#primaryimage\"},\"image\":{\"@id\":\"https:\\\/\\\/akerstroms.se\\\/en\\\/rolba\\\/#primaryimage\"},\"thumbnailUrl\":\"https:\\\/\\\/akerstroms.se\\\/app\\\/uploads\\\/2022\\\/09\\\/Spolbil_web-2022.png\",\"datePublished\":\"2022-09-29T12:50:50+00:00\",\"dateModified\":\"2023-06-02T10:49:26+00:00\",\"breadcrumb\":{\"@id\":\"https:\\\/\\\/akerstroms.se\\\/en\\\/rolba\\\/#breadcrumb\"},\"inLanguage\":\"en-US\",\"potentialAction\":[{\"@type\":\"ReadAction\",\"target\":[\"https:\\\/\\\/akerstroms.se\\\/en\\\/rolba\\\/\"]}]},{\"@type\":\"ImageObject\",\"inLanguage\":\"en-US\",\"@id\":\"https:\\\/\\\/akerstroms.se\\\/en\\\/rolba\\\/#primaryimage\",\"url\":\"https:\\\/\\\/akerstroms.se\\\/app\\\/uploads\\\/2022\\\/09\\\/Spolbil_web-2022.png\",\"contentUrl\":\"https:\\\/\\\/akerstroms.se\\\/app\\\/uploads\\\/2022\\\/09\\\/Spolbil_web-2022.png\",\"width\":1440,\"height\":960,\"caption\":\"vacuum truck remote control\"},{\"@type\":\"BreadcrumbList\",\"@id\":\"https:\\\/\\\/akerstroms.se\\\/en\\\/rolba\\\/#breadcrumb\",\"itemListElement\":[{\"@type\":\"ListItem\",\"position\":1,\"name\":\"Home\",\"item\":\"https:\\\/\\\/akerstroms.se\\\/en\\\/\"},{\"@type\":\"ListItem\",\"position\":2,\"name\":\"Rolba \u2013 Proximity and service are vital for us\"}]},{\"@type\":\"WebSite\",\"@id\":\"https:\\\/\\\/akerstroms.se\\\/#website\",\"url\":\"https:\\\/\\\/akerstroms.se\\\/\",\"name\":\"\u00c5kerstr\u00f6ms Bj\u00f6rbo\",\"description\":\"Radiostyrning f\u00f6r industriella och mobila applikationer\",\"publisher\":{\"@id\":\"https:\\\/\\\/akerstroms.se\\\/#organization\"},\"potentialAction\":[{\"@type\":\"SearchAction\",\"target\":{\"@type\":\"EntryPoint\",\"urlTemplate\":\"https:\\\/\\\/akerstroms.se\\\/?s={search_term_string}\"},\"query-input\":{\"@type\":\"PropertyValueSpecification\",\"valueRequired\":true,\"valueName\":\"search_term_string\"}}],\"inLanguage\":\"en-US\"},{\"@type\":\"Organization\",\"@id\":\"https:\\\/\\\/akerstroms.se\\\/#organization\",\"name\":\"\u00c5kerstr\u00f6ms AB\",\"url\":\"https:\\\/\\\/akerstroms.se\\\/\",\"logo\":{\"@type\":\"ImageObject\",\"inLanguage\":\"en-US\",\"@id\":\"https:\\\/\\\/akerstroms.se\\\/#\\\/schema\\\/logo\\\/image\\\/\",\"url\":\"https:\\\/\\\/akerstroms.se\\\/app\\\/uploads\\\/2021\\\/10\\\/akerstroms-logo.png\",\"contentUrl\":\"https:\\\/\\\/akerstroms.se\\\/app\\\/uploads\\\/2021\\\/10\\\/akerstroms-logo.png\",\"width\":400,\"height\":86,\"caption\":\"\u00c5kerstr\u00f6ms AB\"},\"image\":{\"@id\":\"https:\\\/\\\/akerstroms.se\\\/#\\\/schema\\\/logo\\\/image\\\/\"},\"sameAs\":[\"https:\\\/\\\/www.facebook.com\\\/akerstroms.se\",\"https:\\\/\\\/www.linkedin.com\\\/company\\\/akerstroms\\\/\",\"https:\\\/\\\/www.youtube.com\\\/channel\\\/UC8S-jX9nA8c9qBaTlgqg1CQ\"]}]}<\/script>\n<!-- \/ Yoast SEO plugin. -->","yoast_head_json":{"title":"Rolba \u2013 Proximity and service are vital for us - \u00c5kerstr\u00f6ms Bj\u00f6rbo","robots":{"index":"index","follow":"follow","max-snippet":"max-snippet:-1","max-image-preview":"max-image-preview:large","max-video-preview":"max-video-preview:-1"},"canonical":"https:\/\/akerstroms.se\/en\/rolba\/","og_locale":"en_US","og_type":"article","og_title":"Rolba \u2013 Proximity and service are vital for us - \u00c5kerstr\u00f6ms Bj\u00f6rbo","og_description":"\u00c5kerstr\u00f6ms has undergone major growth in the area of remote control of vacuum trucks in the Nordic market. This has been achieved through a customised...","og_url":"https:\/\/akerstroms.se\/en\/rolba\/","og_site_name":"\u00c5kerstr\u00f6ms Bj\u00f6rbo","article_publisher":"https:\/\/www.facebook.com\/akerstroms.se","article_modified_time":"2023-06-02T10:49:26+00:00","og_image":[{"width":700,"height":467,"url":"https:\/\/akerstroms.se\/app\/uploads\/2022\/09\/Spolbil_web-2022-700x467.png","type":"image\/png"}],"twitter_card":"summary_large_image","twitter_misc":{"Est. reading time":"4 minutes"},"schema":{"@context":"https:\/\/schema.org","@graph":[{"@type":"WebPage","@id":"https:\/\/akerstroms.se\/en\/rolba\/","url":"https:\/\/akerstroms.se\/en\/rolba\/","name":"Rolba \u2013 Proximity and service are vital for us - \u00c5kerstr\u00f6ms Bj\u00f6rbo","isPartOf":{"@id":"https:\/\/akerstroms.se\/#website"},"primaryImageOfPage":{"@id":"https:\/\/akerstroms.se\/en\/rolba\/#primaryimage"},"image":{"@id":"https:\/\/akerstroms.se\/en\/rolba\/#primaryimage"},"thumbnailUrl":"https:\/\/akerstroms.se\/app\/uploads\/2022\/09\/Spolbil_web-2022.png","datePublished":"2022-09-29T12:50:50+00:00","dateModified":"2023-06-02T10:49:26+00:00","breadcrumb":{"@id":"https:\/\/akerstroms.se\/en\/rolba\/#breadcrumb"},"inLanguage":"en-US","potentialAction":[{"@type":"ReadAction","target":["https:\/\/akerstroms.se\/en\/rolba\/"]}]},{"@type":"ImageObject","inLanguage":"en-US","@id":"https:\/\/akerstroms.se\/en\/rolba\/#primaryimage","url":"https:\/\/akerstroms.se\/app\/uploads\/2022\/09\/Spolbil_web-2022.png","contentUrl":"https:\/\/akerstroms.se\/app\/uploads\/2022\/09\/Spolbil_web-2022.png","width":1440,"height":960,"caption":"vacuum truck remote control"},{"@type":"BreadcrumbList","@id":"https:\/\/akerstroms.se\/en\/rolba\/#breadcrumb","itemListElement":[{"@type":"ListItem","position":1,"name":"Home","item":"https:\/\/akerstroms.se\/en\/"},{"@type":"ListItem","position":2,"name":"Rolba \u2013 Proximity and service are vital for us"}]},{"@type":"WebSite","@id":"https:\/\/akerstroms.se\/#website","url":"https:\/\/akerstroms.se\/","name":"\u00c5kerstr\u00f6ms Bj\u00f6rbo","description":"Radiostyrning f\u00f6r industriella och mobila applikationer","publisher":{"@id":"https:\/\/akerstroms.se\/#organization"},"potentialAction":[{"@type":"SearchAction","target":{"@type":"EntryPoint","urlTemplate":"https:\/\/akerstroms.se\/?s={search_term_string}"},"query-input":{"@type":"PropertyValueSpecification","valueRequired":true,"valueName":"search_term_string"}}],"inLanguage":"en-US"},{"@type":"Organization","@id":"https:\/\/akerstroms.se\/#organization","name":"\u00c5kerstr\u00f6ms AB","url":"https:\/\/akerstroms.se\/","logo":{"@type":"ImageObject","inLanguage":"en-US","@id":"https:\/\/akerstroms.se\/#\/schema\/logo\/image\/","url":"https:\/\/akerstroms.se\/app\/uploads\/2021\/10\/akerstroms-logo.png","contentUrl":"https:\/\/akerstroms.se\/app\/uploads\/2021\/10\/akerstroms-logo.png","width":400,"height":86,"caption":"\u00c5kerstr\u00f6ms AB"},"image":{"@id":"https:\/\/akerstroms.se\/#\/schema\/logo\/image\/"},"sameAs":["https:\/\/www.facebook.com\/akerstroms.se","https:\/\/www.linkedin.com\/company\/akerstroms\/","https:\/\/www.youtube.com\/channel\/UC8S-jX9nA8c9qBaTlgqg1CQ"]}]}},"_links":{"self":[{"href":"https:\/\/akerstroms.se\/en\/wp-json\/wp\/v2\/pages\/16035","targetHints":{"allow":["GET"]}}],"collection":[{"href":"https:\/\/akerstroms.se\/en\/wp-json\/wp\/v2\/pages"}],"about":[{"href":"https:\/\/akerstroms.se\/en\/wp-json\/wp\/v2\/types\/page"}],"author":[{"embeddable":true,"href":"https:\/\/akerstroms.se\/en\/wp-json\/wp\/v2\/users\/7"}],"replies":[{"embeddable":true,"href":"https:\/\/akerstroms.se\/en\/wp-json\/wp\/v2\/comments?post=16035"}],"version-history":[{"count":5,"href":"https:\/\/akerstroms.se\/en\/wp-json\/wp\/v2\/pages\/16035\/revisions"}],"predecessor-version":[{"id":18116,"href":"https:\/\/akerstroms.se\/en\/wp-json\/wp\/v2\/pages\/16035\/revisions\/18116"}],"wp:featuredmedia":[{"embeddable":true,"href":"https:\/\/akerstroms.se\/en\/wp-json\/wp\/v2\/media\/16050"}],"wp:attachment":[{"href":"https:\/\/akerstroms.se\/en\/wp-json\/wp\/v2\/media?parent=16035"}],"curies":[{"name":"wp","href":"https:\/\/api.w.org\/{rel}","templated":true}]}}