{"id":11889,"date":"2021-10-12T14:12:43","date_gmt":"2021-10-12T12:12:43","guid":{"rendered":"https:\/\/akerstroms.se\/reparationer\/"},"modified":"2026-04-02T13:18:34","modified_gmt":"2026-04-02T11:18:34","slug":"repairs","status":"publish","type":"page","link":"https:\/\/akerstroms.se\/en\/support\/repairs\/","title":{"rendered":"Repairs"},"content":{"rendered":"<section class=\"hero alignfull  \" style=\"background-image: url(https:\/\/akerstroms.se\/app\/uploads\/2022\/05\/77A2226_LO.jpg);\">\r\n        <div class=\"hero__text container\">\r\n        <h1 class=\"hero__title\"><strong>Our responsibility<\/strong> &#8211; \u00c5kerstr\u00f6ms Service and Repair<\/h1>\r\n                    <p class=\"hero__excerpt\">\u00c5kerstr\u00f6ms offers exceptional service. That, together with unfailing quality, means that our products are built to last. Year in, year out.<\/p>\r\n            <\/div>\r\n<\/section>\r\n\n\n\n<h2 class=\"wp-block-heading has-text-align-center\" id=\"h-we-make-sure-that-your-business-functions\">We make sure that your <strong>business functions<\/strong><\/h2>\n\n\n\n<p class=\"has-text-align-center\">With many years of experience in remote control, we have learned a thing or two. Like making products and solutions that work. And work. And work. Quality that lasts. We take responsibility from start to finish. <br><br>With our well-developed service organisation, you can be confident that our systems will work for many years to come. We stand for reliable <a href=\"https:\/\/akerstroms.se\/en\/delivery-and-purchase-terms\/\">deliveries<\/a> and thorough follow-up.<br><br> The need for service and maintenance differs depending on the environment in which the equipment is used and what the customer\u2019s business is like, so we offer everything from simple telephone consultations to tailor-made service agreements with customer-specific content. We offer several different service packages so you can choose which type fits your wishes and needs best.<\/p>\n\n\n\n<div class=\"wp-block-columns is-layout-flex wp-container-core-columns-is-layout-9d6595d7 wp-block-columns-is-layout-flex\">\n<div class=\"wp-block-column is-layout-flow wp-block-column-is-layout-flow\" style=\"flex-basis:25%\"><\/div>\n\n\n\n<div class=\"wp-block-column is-layout-flow wp-block-column-is-layout-flow\" style=\"flex-basis:50%\">\n<ul class=\"wp-block-list\">\n<li>Preventive inspection and maintenance<\/li>\n\n\n\n<li>Installation and commissioning<\/li>\n\n\n\n<li>Repair\/service workshop in Bj\u00f6rbo<\/li>\n\n\n\n<li>Fully equipped service bus for on-site service and repair<\/li>\n<\/ul>\n<\/div>\n<\/div>\n\n\n\n<p class=\"has-text-align-center\"><strong>Contact us to discuss your service and maintenance requirements.<\/strong><\/p>\n\n\n\n<p class=\"has-text-align-center\">Tel +46 (0)241-250 80  email <a href=\"mailto:repair@akerstroms.se\">repair@akerstroms.se<\/a><\/p>\n\n\n\n<div style=\"height:30px\" aria-hidden=\"true\" class=\"wp-block-spacer\"><\/div>\n\n\n\n<div class=\"wp-block-cover alignfull is-light\"><span aria-hidden=\"true\" class=\"wp-block-cover__background has-background-dim-100 has-background-dim\" style=\"background-color:#ef7f00\"><\/span><div class=\"wp-block-cover__inner-container is-layout-flow wp-block-cover-is-layout-flow\">\n<h2 class=\"wp-block-heading has-text-align-center has-black-color has-text-color\" id=\"h-do-you-have-any-questions-for-us-phone-or-call-us\">Do you have any <strong>questions for us?<\/strong><br>Phone or call us<\/h2>\n\n\n\n<div style=\"height:20px\" aria-hidden=\"true\" class=\"wp-block-spacer\"><\/div>\n\n\n\n<div class=\"wp-block-buttons is-horizontal is-content-justification-center is-layout-flex wp-container-core-buttons-is-layout-499968f5 wp-block-buttons-is-layout-flex\">\n<div class=\"wp-block-button wp-block-buttons is-content-justification-center\"><a class=\"wp-block-button__link has-white-color has-black-background-color has-text-color has-background wp-element-button\" href=\"https:\/\/akerstroms.se\/en\/technical-support\/\" style=\"border-radius:3px\">CONTACT US<\/a><\/div>\n<\/div>\n<\/div><\/div>\n\n\n\n<div style=\"height:30px\" aria-hidden=\"true\" class=\"wp-block-spacer\"><\/div>\n","protected":false},"excerpt":{"rendered":"<p>We make sure that your business functions With many years of experience in remote control, we have learned a thing or two. Like making products&#8230;<\/p>\n","protected":false},"author":1,"featured_media":0,"parent":11898,"menu_order":0,"comment_status":"closed","ping_status":"closed","template":"","meta":{"_acf_changed":false,"footnotes":""},"class_list":["post-11889","page","type-page","status-publish","hentry"],"acf":[],"yoast_head":"<!-- This site is optimized with the Yoast SEO plugin v27.4 - https:\/\/yoast.com\/product\/yoast-seo-wordpress\/ -->\n<title>\u00c5kerstr\u00f6ms Service and Repair | Our Responsibility<\/title>\n<meta name=\"description\" content=\"\u00c5kerstr\u00f6ms service and repair for Remotus and Sesam remote control systems. Preventive maintenance, on-site service, and repair workshop.\" \/>\n<meta name=\"robots\" content=\"index, follow, max-snippet:-1, max-image-preview:large, max-video-preview:-1\" \/>\n<link rel=\"canonical\" href=\"https:\/\/akerstroms.se\/en\/support\/repairs\/\" \/>\n<meta property=\"og:locale\" content=\"en_US\" \/>\n<meta property=\"og:type\" content=\"article\" \/>\n<meta property=\"og:title\" content=\"\u00c5kerstr\u00f6ms Service and Repair | Our Responsibility\" \/>\n<meta property=\"og:description\" content=\"\u00c5kerstr\u00f6ms service and repair for Remotus and Sesam remote control systems. Preventive maintenance, on-site service, and repair workshop.\" \/>\n<meta property=\"og:url\" content=\"https:\/\/akerstroms.se\/en\/support\/repairs\/\" \/>\n<meta property=\"og:site_name\" content=\"\u00c5kerstr\u00f6ms Bj\u00f6rbo\" \/>\n<meta property=\"article:publisher\" content=\"https:\/\/www.facebook.com\/akerstroms.se\" \/>\n<meta property=\"article:modified_time\" content=\"2026-04-02T11:18:34+00:00\" \/>\n<meta property=\"og:image\" content=\"https:\/\/akerstroms.se\/app\/uploads\/2021\/09\/Akerstroms-remote-controls.jpg\" \/>\n\t<meta property=\"og:image:width\" content=\"1200\" \/>\n\t<meta property=\"og:image:height\" content=\"675\" \/>\n\t<meta property=\"og:image:type\" content=\"image\/jpeg\" \/>\n<meta name=\"twitter:card\" content=\"summary_large_image\" \/>\n<meta name=\"twitter:label1\" content=\"Est. reading time\" \/>\n\t<meta name=\"twitter:data1\" content=\"1 minute\" \/>\n<script type=\"application\/ld+json\" class=\"yoast-schema-graph\">{\"@context\":\"https:\\\/\\\/schema.org\",\"@graph\":[{\"@type\":\"WebPage\",\"@id\":\"https:\\\/\\\/akerstroms.se\\\/en\\\/support\\\/repairs\\\/\",\"url\":\"https:\\\/\\\/akerstroms.se\\\/en\\\/support\\\/repairs\\\/\",\"name\":\"\u00c5kerstr\u00f6ms Service and Repair | Our Responsibility\",\"isPartOf\":{\"@id\":\"https:\\\/\\\/akerstroms.se\\\/#website\"},\"datePublished\":\"2021-10-12T12:12:43+00:00\",\"dateModified\":\"2026-04-02T11:18:34+00:00\",\"description\":\"\u00c5kerstr\u00f6ms service and repair for Remotus and Sesam remote control systems. Preventive maintenance, on-site service, and repair workshop.\",\"breadcrumb\":{\"@id\":\"https:\\\/\\\/akerstroms.se\\\/en\\\/support\\\/repairs\\\/#breadcrumb\"},\"inLanguage\":\"en-US\",\"potentialAction\":[{\"@type\":\"ReadAction\",\"target\":[\"https:\\\/\\\/akerstroms.se\\\/en\\\/support\\\/repairs\\\/\"]}]},{\"@type\":\"BreadcrumbList\",\"@id\":\"https:\\\/\\\/akerstroms.se\\\/en\\\/support\\\/repairs\\\/#breadcrumb\",\"itemListElement\":[{\"@type\":\"ListItem\",\"position\":1,\"name\":\"Home\",\"item\":\"https:\\\/\\\/akerstroms.se\\\/en\\\/\"},{\"@type\":\"ListItem\",\"position\":2,\"name\":\"Support\",\"item\":\"https:\\\/\\\/akerstroms.se\\\/en\\\/support\\\/\"},{\"@type\":\"ListItem\",\"position\":3,\"name\":\"Repairs\"}]},{\"@type\":\"WebSite\",\"@id\":\"https:\\\/\\\/akerstroms.se\\\/#website\",\"url\":\"https:\\\/\\\/akerstroms.se\\\/\",\"name\":\"\u00c5kerstr\u00f6ms Bj\u00f6rbo\",\"description\":\"Radiostyrning f\u00f6r industriella och mobila applikationer\",\"publisher\":{\"@id\":\"https:\\\/\\\/akerstroms.se\\\/#organization\"},\"potentialAction\":[{\"@type\":\"SearchAction\",\"target\":{\"@type\":\"EntryPoint\",\"urlTemplate\":\"https:\\\/\\\/akerstroms.se\\\/?s={search_term_string}\"},\"query-input\":{\"@type\":\"PropertyValueSpecification\",\"valueRequired\":true,\"valueName\":\"search_term_string\"}}],\"inLanguage\":\"en-US\"},{\"@type\":\"Organization\",\"@id\":\"https:\\\/\\\/akerstroms.se\\\/#organization\",\"name\":\"\u00c5kerstr\u00f6ms AB\",\"url\":\"https:\\\/\\\/akerstroms.se\\\/\",\"logo\":{\"@type\":\"ImageObject\",\"inLanguage\":\"en-US\",\"@id\":\"https:\\\/\\\/akerstroms.se\\\/#\\\/schema\\\/logo\\\/image\\\/\",\"url\":\"https:\\\/\\\/akerstroms.se\\\/app\\\/uploads\\\/2021\\\/10\\\/akerstroms-logo.png\",\"contentUrl\":\"https:\\\/\\\/akerstroms.se\\\/app\\\/uploads\\\/2021\\\/10\\\/akerstroms-logo.png\",\"width\":400,\"height\":86,\"caption\":\"\u00c5kerstr\u00f6ms AB\"},\"image\":{\"@id\":\"https:\\\/\\\/akerstroms.se\\\/#\\\/schema\\\/logo\\\/image\\\/\"},\"sameAs\":[\"https:\\\/\\\/www.facebook.com\\\/akerstroms.se\",\"https:\\\/\\\/www.linkedin.com\\\/company\\\/akerstroms\\\/\",\"https:\\\/\\\/www.youtube.com\\\/channel\\\/UC8S-jX9nA8c9qBaTlgqg1CQ\"]}]}<\/script>\n<!-- \/ Yoast SEO plugin. -->","yoast_head_json":{"title":"\u00c5kerstr\u00f6ms Service and Repair | Our Responsibility","description":"\u00c5kerstr\u00f6ms service and repair for Remotus and Sesam remote control systems. Preventive maintenance, on-site service, and repair workshop.","robots":{"index":"index","follow":"follow","max-snippet":"max-snippet:-1","max-image-preview":"max-image-preview:large","max-video-preview":"max-video-preview:-1"},"canonical":"https:\/\/akerstroms.se\/en\/support\/repairs\/","og_locale":"en_US","og_type":"article","og_title":"\u00c5kerstr\u00f6ms Service and Repair | Our Responsibility","og_description":"\u00c5kerstr\u00f6ms service and repair for Remotus and Sesam remote control systems. Preventive maintenance, on-site service, and repair workshop.","og_url":"https:\/\/akerstroms.se\/en\/support\/repairs\/","og_site_name":"\u00c5kerstr\u00f6ms Bj\u00f6rbo","article_publisher":"https:\/\/www.facebook.com\/akerstroms.se","article_modified_time":"2026-04-02T11:18:34+00:00","og_image":[{"width":1200,"height":675,"url":"https:\/\/akerstroms.se\/app\/uploads\/2021\/09\/Akerstroms-remote-controls.jpg","type":"image\/jpeg"}],"twitter_card":"summary_large_image","twitter_misc":{"Est. reading time":"1 minute"},"schema":{"@context":"https:\/\/schema.org","@graph":[{"@type":"WebPage","@id":"https:\/\/akerstroms.se\/en\/support\/repairs\/","url":"https:\/\/akerstroms.se\/en\/support\/repairs\/","name":"\u00c5kerstr\u00f6ms Service and Repair | Our Responsibility","isPartOf":{"@id":"https:\/\/akerstroms.se\/#website"},"datePublished":"2021-10-12T12:12:43+00:00","dateModified":"2026-04-02T11:18:34+00:00","description":"\u00c5kerstr\u00f6ms service and repair for Remotus and Sesam remote control systems. Preventive maintenance, on-site service, and repair workshop.","breadcrumb":{"@id":"https:\/\/akerstroms.se\/en\/support\/repairs\/#breadcrumb"},"inLanguage":"en-US","potentialAction":[{"@type":"ReadAction","target":["https:\/\/akerstroms.se\/en\/support\/repairs\/"]}]},{"@type":"BreadcrumbList","@id":"https:\/\/akerstroms.se\/en\/support\/repairs\/#breadcrumb","itemListElement":[{"@type":"ListItem","position":1,"name":"Home","item":"https:\/\/akerstroms.se\/en\/"},{"@type":"ListItem","position":2,"name":"Support","item":"https:\/\/akerstroms.se\/en\/support\/"},{"@type":"ListItem","position":3,"name":"Repairs"}]},{"@type":"WebSite","@id":"https:\/\/akerstroms.se\/#website","url":"https:\/\/akerstroms.se\/","name":"\u00c5kerstr\u00f6ms Bj\u00f6rbo","description":"Radiostyrning f\u00f6r industriella och mobila applikationer","publisher":{"@id":"https:\/\/akerstroms.se\/#organization"},"potentialAction":[{"@type":"SearchAction","target":{"@type":"EntryPoint","urlTemplate":"https:\/\/akerstroms.se\/?s={search_term_string}"},"query-input":{"@type":"PropertyValueSpecification","valueRequired":true,"valueName":"search_term_string"}}],"inLanguage":"en-US"},{"@type":"Organization","@id":"https:\/\/akerstroms.se\/#organization","name":"\u00c5kerstr\u00f6ms AB","url":"https:\/\/akerstroms.se\/","logo":{"@type":"ImageObject","inLanguage":"en-US","@id":"https:\/\/akerstroms.se\/#\/schema\/logo\/image\/","url":"https:\/\/akerstroms.se\/app\/uploads\/2021\/10\/akerstroms-logo.png","contentUrl":"https:\/\/akerstroms.se\/app\/uploads\/2021\/10\/akerstroms-logo.png","width":400,"height":86,"caption":"\u00c5kerstr\u00f6ms AB"},"image":{"@id":"https:\/\/akerstroms.se\/#\/schema\/logo\/image\/"},"sameAs":["https:\/\/www.facebook.com\/akerstroms.se","https:\/\/www.linkedin.com\/company\/akerstroms\/","https:\/\/www.youtube.com\/channel\/UC8S-jX9nA8c9qBaTlgqg1CQ"]}]}},"_links":{"self":[{"href":"https:\/\/akerstroms.se\/en\/wp-json\/wp\/v2\/pages\/11889","targetHints":{"allow":["GET"]}}],"collection":[{"href":"https:\/\/akerstroms.se\/en\/wp-json\/wp\/v2\/pages"}],"about":[{"href":"https:\/\/akerstroms.se\/en\/wp-json\/wp\/v2\/types\/page"}],"author":[{"embeddable":true,"href":"https:\/\/akerstroms.se\/en\/wp-json\/wp\/v2\/users\/1"}],"replies":[{"embeddable":true,"href":"https:\/\/akerstroms.se\/en\/wp-json\/wp\/v2\/comments?post=11889"}],"version-history":[{"count":19,"href":"https:\/\/akerstroms.se\/en\/wp-json\/wp\/v2\/pages\/11889\/revisions"}],"predecessor-version":[{"id":24421,"href":"https:\/\/akerstroms.se\/en\/wp-json\/wp\/v2\/pages\/11889\/revisions\/24421"}],"up":[{"embeddable":true,"href":"https:\/\/akerstroms.se\/en\/wp-json\/wp\/v2\/pages\/11898"}],"wp:attachment":[{"href":"https:\/\/akerstroms.se\/en\/wp-json\/wp\/v2\/media?parent=11889"}],"curies":[{"name":"wp","href":"https:\/\/api.w.org\/{rel}","templated":true}]}}