{"id":11849,"date":"2021-10-12T14:09:59","date_gmt":"2021-10-12T12:09:59","guid":{"rendered":"https:\/\/akerstroms.se\/rensning-av-avlopp-med-radiostyning-fran-akerstroms\/"},"modified":"2021-10-20T19:32:34","modified_gmt":"2021-10-20T17:32:34","slug":"drain-cleaning-with-remote-control-from-akerstroms","status":"publish","type":"page","link":"https:\/\/akerstroms.se\/en\/drain-cleaning-with-remote-control-from-akerstroms\/","title":{"rendered":"Drain cleaning with remote control from \u00c5kerstr\u00f6ms"},"content":{"rendered":"<section class=\"hero alignfull tone \" style=\"background-image: url(https:\/\/akerstroms.se\/app\/uploads\/2021\/08\/rensning-snabbt-och-effektivt-med-radiostyrning-fran-Akerstroms.jpg);\">\r\n        <div class=\"hero__text container\">\r\n        <h1 class=\"hero__title\">Professional cleaning <strong>with full control<\/strong> using the Remotus system<\/h1>\r\n            <\/div>\r\n<\/section>\r\n\n\n\n<div style=\"height:75px\" aria-hidden=\"true\" class=\"wp-block-spacer\"><\/div>\n\n\n\n<p><a href=\"https:\/\/www.renzorato.com\/\">Renzorato AB<\/a> is a successful company in V\u00e4ster\u00e5s, Sweden, that has been developing professional, industrial cleaning equipment for drains, vents and chimneys since 2008. \u00c5kerstr\u00f6ms has had the honour of delivering customized robust remote control solutions based on the <a href=\"https:\/\/akerstroms.se\/en\/produkter-tjanster\/remotus\/\">Remotus system<\/a> for their cleaning machines for many years, with operational safety, flexibility and efficiency as the highest priorities.<\/p>\n\n\n\n<p>Remote control provides complete control over speed and actions, and the operator can easily change these values while the device is in use with the help of the buttons on the transmitter. Operation and milling procedures are very safe, easy to understand and efficient.<\/p>\n\n\n\n<blockquote class=\"wp-block-quote is-layout-flow wp-block-quote-is-layout-flow\"><p>\u201cRemote control is worth its weight in gold, according to a satisfied user of Renzorato\u2019s cleaning machinery. It has never been easier to remove grease, lime deposits and rust from pipes.\u201d<\/p><cite>Renzorato employee<\/cite><\/blockquote>\n\n\n\n<p>Renzorato originally developed products for the ventilation and chimney markets but over time focus changed to drains and milling machines for cleaning drainpipes before relining. Relining is a method of making a new pipe inside an existing pipe instead of doing a traditional plumbing overhaul.<\/p>\n\n\n\n<p>Development of a smaller, more versatile machine began in 2017 and two years later, in 2019, an entirely new compact machine was launched for adapted use in apartments: the RZ1. The machine is flexible, quiet and powerful, easily cleaning and milling drainpipes in the kitchen and bathroom as well as mainlines. A <a href=\"https:\/\/akerstroms.se\/en\/custom-products\/\">custom remote control solution<\/a> was also developed together with \u00c5kerstr\u00f6ms. A remote control comes standard with the machine.<\/p>\n\n\n\n<p>Over the last year, Renzorato has been launching its latest machine internationally, which has already borne fruit.<\/p>\n\n\n\n<blockquote class=\"wp-block-quote is-layout-flow wp-block-quote-is-layout-flow\"><p>\u201cWe are seeing great interest in our machines in the Netherlands and Germany and have delivered the first machines there via a retailer. Obviously using \u00c5kerstr\u00f6ms\u2019 robust and safe remote control.\u201d<\/p><cite>Philip Grip, Sales Manager, Renzorato.<\/cite><\/blockquote>\n\n\n<section class=\"slider\">\r\n    <div class=\"glide\">\r\n        <div class=\"glide__track\" data-glide-el=\"track\">\r\n            <div class=\"glide__slides\">\r\n                                    <div class=\"glide__slide\">\r\n                        <img decoding=\"async\" src=\"https:\/\/akerstroms.se\/app\/uploads\/2021\/08\/rensning-snabbt-och-effektivt-med-radiostyrning-fran-Akerstroms_1.jpg\" alt=\"radiostyrning f\u00f6r rensning av r\u00f6r\">\r\n                    <\/div>\r\n                                    <div class=\"glide__slide\">\r\n                        <img decoding=\"async\" src=\"https:\/\/akerstroms.se\/app\/uploads\/2021\/08\/rensning-snabbt-och-effektivt-med-radiostyrning-fran-Akerstroms_2.jpg\" alt=\"\">\r\n                    <\/div>\r\n                                    <div class=\"glide__slide\">\r\n                        <img decoding=\"async\" src=\"https:\/\/akerstroms.se\/app\/uploads\/2021\/08\/rensning-snabbt-och-effektivt-med-radiostyrning-fran-Akerstroms_3-3.jpg\" alt=\"\">\r\n                    <\/div>\r\n                            <\/div>\r\n        <\/div>\r\n        <div class=\"controls flex-row-wrapper\" data-glide-el=\"controls\">\r\n            <button class=\"btn prev\" data-glide-dir=\"&lt;\"><i class=\"far fa-angle-left\"><\/i><\/button>\r\n            <button class=\"btn next\" data-glide-dir=\"&gt;\"><i class=\"far fa-angle-right\"><\/i><\/button>\r\n        <\/div>\r\n    <\/div>\r\n<\/section>\r\n\n\n\n<div style=\"height:100px\" aria-hidden=\"true\" class=\"wp-block-spacer\"><\/div>\n\n\n\n<p><\/p>\n","protected":false},"excerpt":{"rendered":"<p>Renzorato AB is a successful company in V\u00e4ster\u00e5s, Sweden, that has been developing professional, industrial cleaning equipment for drains, vents and chimneys since 2008. \u00c5kerstr\u00f6ms&#8230;<\/p>\n","protected":false},"author":1,"featured_media":0,"parent":0,"menu_order":0,"comment_status":"closed","ping_status":"closed","template":"","meta":{"_acf_changed":false,"footnotes":""},"class_list":["post-11849","page","type-page","status-publish","hentry"],"acf":[],"yoast_head":"<!-- This site is optimized with the Yoast SEO plugin v27.4 - https:\/\/yoast.com\/product\/yoast-seo-wordpress\/ -->\n<title>Drain cleaning with remote control from \u00c5kerstr\u00f6ms - \u00c5kerstr\u00f6ms Bj\u00f6rbo<\/title>\n<meta name=\"robots\" content=\"index, follow, max-snippet:-1, max-image-preview:large, max-video-preview:-1\" \/>\n<link rel=\"canonical\" href=\"https:\/\/akerstroms.se\/en\/drain-cleaning-with-remote-control-from-akerstroms\/\" \/>\n<meta property=\"og:locale\" content=\"en_US\" \/>\n<meta property=\"og:type\" content=\"article\" \/>\n<meta property=\"og:title\" content=\"Drain cleaning with remote control from \u00c5kerstr\u00f6ms - \u00c5kerstr\u00f6ms Bj\u00f6rbo\" \/>\n<meta property=\"og:description\" content=\"Renzorato AB is a successful company in V\u00e4ster\u00e5s, Sweden, that has been developing professional, industrial cleaning equipment for drains, vents and chimneys since 2008. \u00c5kerstr\u00f6ms...\" \/>\n<meta property=\"og:url\" content=\"https:\/\/akerstroms.se\/en\/drain-cleaning-with-remote-control-from-akerstroms\/\" \/>\n<meta property=\"og:site_name\" content=\"\u00c5kerstr\u00f6ms Bj\u00f6rbo\" \/>\n<meta property=\"article:publisher\" content=\"https:\/\/www.facebook.com\/akerstroms.se\" \/>\n<meta property=\"article:modified_time\" content=\"2021-10-20T17:32:34+00:00\" \/>\n<meta property=\"og:image\" content=\"https:\/\/akerstroms.se\/app\/uploads\/2021\/09\/Akerstroms-remote-controls.jpg\" \/>\n\t<meta property=\"og:image:width\" content=\"1200\" \/>\n\t<meta property=\"og:image:height\" content=\"675\" \/>\n\t<meta property=\"og:image:type\" content=\"image\/jpeg\" \/>\n<meta name=\"twitter:card\" content=\"summary_large_image\" \/>\n<meta name=\"twitter:label1\" content=\"Est. reading time\" \/>\n\t<meta name=\"twitter:data1\" content=\"2 minutes\" \/>\n<script type=\"application\/ld+json\" class=\"yoast-schema-graph\">{\"@context\":\"https:\\\/\\\/schema.org\",\"@graph\":[{\"@type\":\"WebPage\",\"@id\":\"https:\\\/\\\/akerstroms.se\\\/en\\\/drain-cleaning-with-remote-control-from-akerstroms\\\/\",\"url\":\"https:\\\/\\\/akerstroms.se\\\/en\\\/drain-cleaning-with-remote-control-from-akerstroms\\\/\",\"name\":\"Drain cleaning with remote control from \u00c5kerstr\u00f6ms - \u00c5kerstr\u00f6ms Bj\u00f6rbo\",\"isPartOf\":{\"@id\":\"https:\\\/\\\/akerstroms.se\\\/#website\"},\"datePublished\":\"2021-10-12T12:09:59+00:00\",\"dateModified\":\"2021-10-20T17:32:34+00:00\",\"breadcrumb\":{\"@id\":\"https:\\\/\\\/akerstroms.se\\\/en\\\/drain-cleaning-with-remote-control-from-akerstroms\\\/#breadcrumb\"},\"inLanguage\":\"en-US\",\"potentialAction\":[{\"@type\":\"ReadAction\",\"target\":[\"https:\\\/\\\/akerstroms.se\\\/en\\\/drain-cleaning-with-remote-control-from-akerstroms\\\/\"]}]},{\"@type\":\"BreadcrumbList\",\"@id\":\"https:\\\/\\\/akerstroms.se\\\/en\\\/drain-cleaning-with-remote-control-from-akerstroms\\\/#breadcrumb\",\"itemListElement\":[{\"@type\":\"ListItem\",\"position\":1,\"name\":\"Home\",\"item\":\"https:\\\/\\\/akerstroms.se\\\/en\\\/\"},{\"@type\":\"ListItem\",\"position\":2,\"name\":\"Drain cleaning with remote control from \u00c5kerstr\u00f6ms\"}]},{\"@type\":\"WebSite\",\"@id\":\"https:\\\/\\\/akerstroms.se\\\/#website\",\"url\":\"https:\\\/\\\/akerstroms.se\\\/\",\"name\":\"\u00c5kerstr\u00f6ms Bj\u00f6rbo\",\"description\":\"Radiostyrning f\u00f6r industriella och mobila applikationer\",\"publisher\":{\"@id\":\"https:\\\/\\\/akerstroms.se\\\/#organization\"},\"potentialAction\":[{\"@type\":\"SearchAction\",\"target\":{\"@type\":\"EntryPoint\",\"urlTemplate\":\"https:\\\/\\\/akerstroms.se\\\/?s={search_term_string}\"},\"query-input\":{\"@type\":\"PropertyValueSpecification\",\"valueRequired\":true,\"valueName\":\"search_term_string\"}}],\"inLanguage\":\"en-US\"},{\"@type\":\"Organization\",\"@id\":\"https:\\\/\\\/akerstroms.se\\\/#organization\",\"name\":\"\u00c5kerstr\u00f6ms AB\",\"url\":\"https:\\\/\\\/akerstroms.se\\\/\",\"logo\":{\"@type\":\"ImageObject\",\"inLanguage\":\"en-US\",\"@id\":\"https:\\\/\\\/akerstroms.se\\\/#\\\/schema\\\/logo\\\/image\\\/\",\"url\":\"https:\\\/\\\/akerstroms.se\\\/app\\\/uploads\\\/2021\\\/10\\\/akerstroms-logo.png\",\"contentUrl\":\"https:\\\/\\\/akerstroms.se\\\/app\\\/uploads\\\/2021\\\/10\\\/akerstroms-logo.png\",\"width\":400,\"height\":86,\"caption\":\"\u00c5kerstr\u00f6ms AB\"},\"image\":{\"@id\":\"https:\\\/\\\/akerstroms.se\\\/#\\\/schema\\\/logo\\\/image\\\/\"},\"sameAs\":[\"https:\\\/\\\/www.facebook.com\\\/akerstroms.se\",\"https:\\\/\\\/www.linkedin.com\\\/company\\\/akerstroms\\\/\",\"https:\\\/\\\/www.youtube.com\\\/channel\\\/UC8S-jX9nA8c9qBaTlgqg1CQ\"]}]}<\/script>\n<!-- \/ Yoast SEO plugin. -->","yoast_head_json":{"title":"Drain cleaning with remote control from \u00c5kerstr\u00f6ms - \u00c5kerstr\u00f6ms Bj\u00f6rbo","robots":{"index":"index","follow":"follow","max-snippet":"max-snippet:-1","max-image-preview":"max-image-preview:large","max-video-preview":"max-video-preview:-1"},"canonical":"https:\/\/akerstroms.se\/en\/drain-cleaning-with-remote-control-from-akerstroms\/","og_locale":"en_US","og_type":"article","og_title":"Drain cleaning with remote control from \u00c5kerstr\u00f6ms - \u00c5kerstr\u00f6ms Bj\u00f6rbo","og_description":"Renzorato AB is a successful company in V\u00e4ster\u00e5s, Sweden, that has been developing professional, industrial cleaning equipment for drains, vents and chimneys since 2008. \u00c5kerstr\u00f6ms...","og_url":"https:\/\/akerstroms.se\/en\/drain-cleaning-with-remote-control-from-akerstroms\/","og_site_name":"\u00c5kerstr\u00f6ms Bj\u00f6rbo","article_publisher":"https:\/\/www.facebook.com\/akerstroms.se","article_modified_time":"2021-10-20T17:32:34+00:00","og_image":[{"width":1200,"height":675,"url":"https:\/\/akerstroms.se\/app\/uploads\/2021\/09\/Akerstroms-remote-controls.jpg","type":"image\/jpeg"}],"twitter_card":"summary_large_image","twitter_misc":{"Est. reading time":"2 minutes"},"schema":{"@context":"https:\/\/schema.org","@graph":[{"@type":"WebPage","@id":"https:\/\/akerstroms.se\/en\/drain-cleaning-with-remote-control-from-akerstroms\/","url":"https:\/\/akerstroms.se\/en\/drain-cleaning-with-remote-control-from-akerstroms\/","name":"Drain cleaning with remote control from \u00c5kerstr\u00f6ms - \u00c5kerstr\u00f6ms Bj\u00f6rbo","isPartOf":{"@id":"https:\/\/akerstroms.se\/#website"},"datePublished":"2021-10-12T12:09:59+00:00","dateModified":"2021-10-20T17:32:34+00:00","breadcrumb":{"@id":"https:\/\/akerstroms.se\/en\/drain-cleaning-with-remote-control-from-akerstroms\/#breadcrumb"},"inLanguage":"en-US","potentialAction":[{"@type":"ReadAction","target":["https:\/\/akerstroms.se\/en\/drain-cleaning-with-remote-control-from-akerstroms\/"]}]},{"@type":"BreadcrumbList","@id":"https:\/\/akerstroms.se\/en\/drain-cleaning-with-remote-control-from-akerstroms\/#breadcrumb","itemListElement":[{"@type":"ListItem","position":1,"name":"Home","item":"https:\/\/akerstroms.se\/en\/"},{"@type":"ListItem","position":2,"name":"Drain cleaning with remote control from \u00c5kerstr\u00f6ms"}]},{"@type":"WebSite","@id":"https:\/\/akerstroms.se\/#website","url":"https:\/\/akerstroms.se\/","name":"\u00c5kerstr\u00f6ms Bj\u00f6rbo","description":"Radiostyrning f\u00f6r industriella och mobila applikationer","publisher":{"@id":"https:\/\/akerstroms.se\/#organization"},"potentialAction":[{"@type":"SearchAction","target":{"@type":"EntryPoint","urlTemplate":"https:\/\/akerstroms.se\/?s={search_term_string}"},"query-input":{"@type":"PropertyValueSpecification","valueRequired":true,"valueName":"search_term_string"}}],"inLanguage":"en-US"},{"@type":"Organization","@id":"https:\/\/akerstroms.se\/#organization","name":"\u00c5kerstr\u00f6ms AB","url":"https:\/\/akerstroms.se\/","logo":{"@type":"ImageObject","inLanguage":"en-US","@id":"https:\/\/akerstroms.se\/#\/schema\/logo\/image\/","url":"https:\/\/akerstroms.se\/app\/uploads\/2021\/10\/akerstroms-logo.png","contentUrl":"https:\/\/akerstroms.se\/app\/uploads\/2021\/10\/akerstroms-logo.png","width":400,"height":86,"caption":"\u00c5kerstr\u00f6ms AB"},"image":{"@id":"https:\/\/akerstroms.se\/#\/schema\/logo\/image\/"},"sameAs":["https:\/\/www.facebook.com\/akerstroms.se","https:\/\/www.linkedin.com\/company\/akerstroms\/","https:\/\/www.youtube.com\/channel\/UC8S-jX9nA8c9qBaTlgqg1CQ"]}]}},"_links":{"self":[{"href":"https:\/\/akerstroms.se\/en\/wp-json\/wp\/v2\/pages\/11849","targetHints":{"allow":["GET"]}}],"collection":[{"href":"https:\/\/akerstroms.se\/en\/wp-json\/wp\/v2\/pages"}],"about":[{"href":"https:\/\/akerstroms.se\/en\/wp-json\/wp\/v2\/types\/page"}],"author":[{"embeddable":true,"href":"https:\/\/akerstroms.se\/en\/wp-json\/wp\/v2\/users\/1"}],"replies":[{"embeddable":true,"href":"https:\/\/akerstroms.se\/en\/wp-json\/wp\/v2\/comments?post=11849"}],"version-history":[{"count":8,"href":"https:\/\/akerstroms.se\/en\/wp-json\/wp\/v2\/pages\/11849\/revisions"}],"predecessor-version":[{"id":13213,"href":"https:\/\/akerstroms.se\/en\/wp-json\/wp\/v2\/pages\/11849\/revisions\/13213"}],"wp:attachment":[{"href":"https:\/\/akerstroms.se\/en\/wp-json\/wp\/v2\/media?parent=11849"}],"curies":[{"name":"wp","href":"https:\/\/api.w.org\/{rel}","templated":true}]}}