{"id":11827,"date":"2021-10-12T14:05:51","date_gmt":"2021-10-12T12:05:51","guid":{"rendered":"https:\/\/akerstroms.se\/polerade-golv-med-radiostyrning-fran-akerstroms\/"},"modified":"2021-10-20T19:43:16","modified_gmt":"2021-10-20T17:43:16","slug":"polished-floors-with-remote-control-from-akerstroms","status":"publish","type":"page","link":"https:\/\/akerstroms.se\/en\/polished-floors-with-remote-control-from-akerstroms\/","title":{"rendered":"Polished floors with remote control from \u00c5kerstr\u00f6ms"},"content":{"rendered":"<section class=\"hero alignfull tone \" style=\"background-image: url(https:\/\/akerstroms.se\/app\/uploads\/2021\/08\/radiostyrning-scanmaskin-remotus.jpg);\">\r\n        <div class=\"hero__text container\">\r\n        <h1 class=\"hero__title\">Scanmaskin polishes with <strong>precision and clarity<\/strong> using the Remotus system<\/h1>\r\n            <\/div>\r\n<\/section>\r\n\n\n\n<div style=\"height:75px\" aria-hidden=\"true\" class=\"wp-block-spacer\"><\/div>\n\n\n\n<p>\u00c5kerstr\u00f6ms has collaborated with the floor machine manufacturer <a href=\"https:\/\/scanmaskin.com\/sv\/\" target=\"_blank\" rel=\"noreferrer noopener\">Scanmaskin<\/a> for more than 10 years. During this time, \u00c5kerstr\u00f6ms has supplied many <a href=\"https:\/\/akerstroms.se\/en\/products-services\/remotus\/\">Remotus systems<\/a> for their large floor polishing machines. The remote systems that control the movements of the floor machine simplify and streamline work on large floor surfaces, making the operator\u2019s work more flexible, clearer and ergonomic. Instead of operating the heavy machine manually, its movements are controlled wirelessly from a <a href=\"https:\/\/akerstroms.se\/en\/product\/remotus-era-150\/\">Remotus ERA 150<\/a> transmitter fitted to a waist belt.<\/p>\n\n\n\n<p>From its headquarters in Sweden, Scanmaskin has been manufacturing market leading floor, surface treatment and polishing equipment since 1975. All manufacturing is done at their plant in Lindome on the outskirts of Gothenburg. Scanmaskin products are supplied worldwide, with the USA being the biggest and most important market.<\/p>\n\n\n\n<blockquote class=\"wp-block-quote is-layout-flow wp-block-quote-is-layout-flow\"><p>\u201cOur collaboration with Scanmaskin began back in 2007 and over the years we have supplied many remote systems to this customer. Working closely with the customer, we have developed custom solutions to meet their machinery needs. One of our strongest points. By always putting the customer and safety first, we can supply the most optimal, robust remote solutions for our customers.\u201d<\/p><cite>Anna Stiwne, CEO, \u00c5kerstr\u00f6ms<\/cite><\/blockquote>\n\n\n\n<p>Listen to Scanmaskin telling us in their own words why they use \u00c5kerstr\u00f6ms remote controls:<\/p>\n\n\n\n<div style=\"height:50px\" aria-hidden=\"true\" class=\"wp-block-spacer\"><\/div>\n\n\n\n<figure class=\"wp-block-embed is-type-video is-provider-youtube wp-block-embed-youtube wp-embed-aspect-16-9 wp-has-aspect-ratio\"><div class=\"wp-block-embed__wrapper\">\n<iframe loading=\"lazy\" title=\"\u00c5kerstr\u00f6ms och Scanmaskin\" width=\"500\" height=\"281\" src=\"https:\/\/www.youtube.com\/embed\/aFgwcDfGvX8?feature=oembed\" frameborder=\"0\" allow=\"accelerometer; autoplay; clipboard-write; encrypted-media; gyroscope; picture-in-picture; web-share\" referrerpolicy=\"strict-origin-when-cross-origin\" allowfullscreen><\/iframe>\n<\/div><\/figure>\n\n\n\n<p><\/p>\n\n\n\n<div style=\"height:100px\" aria-hidden=\"true\" class=\"wp-block-spacer\"><\/div>\n\n\n\n<p><\/p>\n","protected":false},"excerpt":{"rendered":"<p>\u00c5kerstr\u00f6ms has collaborated with the floor machine manufacturer Scanmaskin for more than 10 years. During this time, \u00c5kerstr\u00f6ms has supplied many Remotus systems for their&#8230;<\/p>\n","protected":false},"author":1,"featured_media":0,"parent":0,"menu_order":0,"comment_status":"closed","ping_status":"closed","template":"","meta":{"_acf_changed":false,"footnotes":""},"class_list":["post-11827","page","type-page","status-publish","hentry"],"acf":[],"yoast_head":"<!-- This site is optimized with the Yoast SEO plugin v27.4 - https:\/\/yoast.com\/product\/yoast-seo-wordpress\/ -->\n<title>Polished floors with remote control from \u00c5kerstr\u00f6ms - \u00c5kerstr\u00f6ms Bj\u00f6rbo<\/title>\n<meta name=\"robots\" content=\"index, follow, max-snippet:-1, max-image-preview:large, max-video-preview:-1\" \/>\n<link rel=\"canonical\" href=\"https:\/\/akerstroms.se\/en\/polished-floors-with-remote-control-from-akerstroms\/\" \/>\n<meta property=\"og:locale\" content=\"en_US\" \/>\n<meta property=\"og:type\" content=\"article\" \/>\n<meta property=\"og:title\" content=\"Polished floors with remote control from \u00c5kerstr\u00f6ms - \u00c5kerstr\u00f6ms Bj\u00f6rbo\" \/>\n<meta property=\"og:description\" content=\"\u00c5kerstr\u00f6ms has collaborated with the floor machine manufacturer Scanmaskin for more than 10 years. During this time, \u00c5kerstr\u00f6ms has supplied many Remotus systems for their...\" \/>\n<meta property=\"og:url\" content=\"https:\/\/akerstroms.se\/en\/polished-floors-with-remote-control-from-akerstroms\/\" \/>\n<meta property=\"og:site_name\" content=\"\u00c5kerstr\u00f6ms Bj\u00f6rbo\" \/>\n<meta property=\"article:publisher\" content=\"https:\/\/www.facebook.com\/akerstroms.se\" \/>\n<meta property=\"article:modified_time\" content=\"2021-10-20T17:43:16+00:00\" \/>\n<meta property=\"og:image\" content=\"https:\/\/akerstroms.se\/app\/uploads\/2021\/09\/Akerstroms-remote-controls.jpg\" \/>\n\t<meta property=\"og:image:width\" content=\"1200\" \/>\n\t<meta property=\"og:image:height\" content=\"675\" \/>\n\t<meta property=\"og:image:type\" content=\"image\/jpeg\" \/>\n<meta name=\"twitter:card\" content=\"summary_large_image\" \/>\n<meta name=\"twitter:label1\" content=\"Est. reading time\" \/>\n\t<meta name=\"twitter:data1\" content=\"1 minute\" \/>\n<script type=\"application\/ld+json\" class=\"yoast-schema-graph\">{\"@context\":\"https:\\\/\\\/schema.org\",\"@graph\":[{\"@type\":\"WebPage\",\"@id\":\"https:\\\/\\\/akerstroms.se\\\/en\\\/polished-floors-with-remote-control-from-akerstroms\\\/\",\"url\":\"https:\\\/\\\/akerstroms.se\\\/en\\\/polished-floors-with-remote-control-from-akerstroms\\\/\",\"name\":\"Polished floors with remote control from \u00c5kerstr\u00f6ms - \u00c5kerstr\u00f6ms Bj\u00f6rbo\",\"isPartOf\":{\"@id\":\"https:\\\/\\\/akerstroms.se\\\/#website\"},\"datePublished\":\"2021-10-12T12:05:51+00:00\",\"dateModified\":\"2021-10-20T17:43:16+00:00\",\"breadcrumb\":{\"@id\":\"https:\\\/\\\/akerstroms.se\\\/en\\\/polished-floors-with-remote-control-from-akerstroms\\\/#breadcrumb\"},\"inLanguage\":\"en-US\",\"potentialAction\":[{\"@type\":\"ReadAction\",\"target\":[\"https:\\\/\\\/akerstroms.se\\\/en\\\/polished-floors-with-remote-control-from-akerstroms\\\/\"]}]},{\"@type\":\"BreadcrumbList\",\"@id\":\"https:\\\/\\\/akerstroms.se\\\/en\\\/polished-floors-with-remote-control-from-akerstroms\\\/#breadcrumb\",\"itemListElement\":[{\"@type\":\"ListItem\",\"position\":1,\"name\":\"Home\",\"item\":\"https:\\\/\\\/akerstroms.se\\\/en\\\/\"},{\"@type\":\"ListItem\",\"position\":2,\"name\":\"Polished floors with remote control from \u00c5kerstr\u00f6ms\"}]},{\"@type\":\"WebSite\",\"@id\":\"https:\\\/\\\/akerstroms.se\\\/#website\",\"url\":\"https:\\\/\\\/akerstroms.se\\\/\",\"name\":\"\u00c5kerstr\u00f6ms Bj\u00f6rbo\",\"description\":\"Radiostyrning f\u00f6r industriella och mobila applikationer\",\"publisher\":{\"@id\":\"https:\\\/\\\/akerstroms.se\\\/#organization\"},\"potentialAction\":[{\"@type\":\"SearchAction\",\"target\":{\"@type\":\"EntryPoint\",\"urlTemplate\":\"https:\\\/\\\/akerstroms.se\\\/?s={search_term_string}\"},\"query-input\":{\"@type\":\"PropertyValueSpecification\",\"valueRequired\":true,\"valueName\":\"search_term_string\"}}],\"inLanguage\":\"en-US\"},{\"@type\":\"Organization\",\"@id\":\"https:\\\/\\\/akerstroms.se\\\/#organization\",\"name\":\"\u00c5kerstr\u00f6ms AB\",\"url\":\"https:\\\/\\\/akerstroms.se\\\/\",\"logo\":{\"@type\":\"ImageObject\",\"inLanguage\":\"en-US\",\"@id\":\"https:\\\/\\\/akerstroms.se\\\/#\\\/schema\\\/logo\\\/image\\\/\",\"url\":\"https:\\\/\\\/akerstroms.se\\\/app\\\/uploads\\\/2021\\\/10\\\/akerstroms-logo.png\",\"contentUrl\":\"https:\\\/\\\/akerstroms.se\\\/app\\\/uploads\\\/2021\\\/10\\\/akerstroms-logo.png\",\"width\":400,\"height\":86,\"caption\":\"\u00c5kerstr\u00f6ms AB\"},\"image\":{\"@id\":\"https:\\\/\\\/akerstroms.se\\\/#\\\/schema\\\/logo\\\/image\\\/\"},\"sameAs\":[\"https:\\\/\\\/www.facebook.com\\\/akerstroms.se\",\"https:\\\/\\\/www.linkedin.com\\\/company\\\/akerstroms\\\/\",\"https:\\\/\\\/www.youtube.com\\\/channel\\\/UC8S-jX9nA8c9qBaTlgqg1CQ\"]}]}<\/script>\n<!-- \/ Yoast SEO plugin. -->","yoast_head_json":{"title":"Polished floors with remote control from \u00c5kerstr\u00f6ms - \u00c5kerstr\u00f6ms Bj\u00f6rbo","robots":{"index":"index","follow":"follow","max-snippet":"max-snippet:-1","max-image-preview":"max-image-preview:large","max-video-preview":"max-video-preview:-1"},"canonical":"https:\/\/akerstroms.se\/en\/polished-floors-with-remote-control-from-akerstroms\/","og_locale":"en_US","og_type":"article","og_title":"Polished floors with remote control from \u00c5kerstr\u00f6ms - \u00c5kerstr\u00f6ms Bj\u00f6rbo","og_description":"\u00c5kerstr\u00f6ms has collaborated with the floor machine manufacturer Scanmaskin for more than 10 years. During this time, \u00c5kerstr\u00f6ms has supplied many Remotus systems for their...","og_url":"https:\/\/akerstroms.se\/en\/polished-floors-with-remote-control-from-akerstroms\/","og_site_name":"\u00c5kerstr\u00f6ms Bj\u00f6rbo","article_publisher":"https:\/\/www.facebook.com\/akerstroms.se","article_modified_time":"2021-10-20T17:43:16+00:00","og_image":[{"width":1200,"height":675,"url":"https:\/\/akerstroms.se\/app\/uploads\/2021\/09\/Akerstroms-remote-controls.jpg","type":"image\/jpeg"}],"twitter_card":"summary_large_image","twitter_misc":{"Est. reading time":"1 minute"},"schema":{"@context":"https:\/\/schema.org","@graph":[{"@type":"WebPage","@id":"https:\/\/akerstroms.se\/en\/polished-floors-with-remote-control-from-akerstroms\/","url":"https:\/\/akerstroms.se\/en\/polished-floors-with-remote-control-from-akerstroms\/","name":"Polished floors with remote control from \u00c5kerstr\u00f6ms - \u00c5kerstr\u00f6ms Bj\u00f6rbo","isPartOf":{"@id":"https:\/\/akerstroms.se\/#website"},"datePublished":"2021-10-12T12:05:51+00:00","dateModified":"2021-10-20T17:43:16+00:00","breadcrumb":{"@id":"https:\/\/akerstroms.se\/en\/polished-floors-with-remote-control-from-akerstroms\/#breadcrumb"},"inLanguage":"en-US","potentialAction":[{"@type":"ReadAction","target":["https:\/\/akerstroms.se\/en\/polished-floors-with-remote-control-from-akerstroms\/"]}]},{"@type":"BreadcrumbList","@id":"https:\/\/akerstroms.se\/en\/polished-floors-with-remote-control-from-akerstroms\/#breadcrumb","itemListElement":[{"@type":"ListItem","position":1,"name":"Home","item":"https:\/\/akerstroms.se\/en\/"},{"@type":"ListItem","position":2,"name":"Polished floors with remote control from \u00c5kerstr\u00f6ms"}]},{"@type":"WebSite","@id":"https:\/\/akerstroms.se\/#website","url":"https:\/\/akerstroms.se\/","name":"\u00c5kerstr\u00f6ms Bj\u00f6rbo","description":"Radiostyrning f\u00f6r industriella och mobila applikationer","publisher":{"@id":"https:\/\/akerstroms.se\/#organization"},"potentialAction":[{"@type":"SearchAction","target":{"@type":"EntryPoint","urlTemplate":"https:\/\/akerstroms.se\/?s={search_term_string}"},"query-input":{"@type":"PropertyValueSpecification","valueRequired":true,"valueName":"search_term_string"}}],"inLanguage":"en-US"},{"@type":"Organization","@id":"https:\/\/akerstroms.se\/#organization","name":"\u00c5kerstr\u00f6ms AB","url":"https:\/\/akerstroms.se\/","logo":{"@type":"ImageObject","inLanguage":"en-US","@id":"https:\/\/akerstroms.se\/#\/schema\/logo\/image\/","url":"https:\/\/akerstroms.se\/app\/uploads\/2021\/10\/akerstroms-logo.png","contentUrl":"https:\/\/akerstroms.se\/app\/uploads\/2021\/10\/akerstroms-logo.png","width":400,"height":86,"caption":"\u00c5kerstr\u00f6ms AB"},"image":{"@id":"https:\/\/akerstroms.se\/#\/schema\/logo\/image\/"},"sameAs":["https:\/\/www.facebook.com\/akerstroms.se","https:\/\/www.linkedin.com\/company\/akerstroms\/","https:\/\/www.youtube.com\/channel\/UC8S-jX9nA8c9qBaTlgqg1CQ"]}]}},"_links":{"self":[{"href":"https:\/\/akerstroms.se\/en\/wp-json\/wp\/v2\/pages\/11827","targetHints":{"allow":["GET"]}}],"collection":[{"href":"https:\/\/akerstroms.se\/en\/wp-json\/wp\/v2\/pages"}],"about":[{"href":"https:\/\/akerstroms.se\/en\/wp-json\/wp\/v2\/types\/page"}],"author":[{"embeddable":true,"href":"https:\/\/akerstroms.se\/en\/wp-json\/wp\/v2\/users\/1"}],"replies":[{"embeddable":true,"href":"https:\/\/akerstroms.se\/en\/wp-json\/wp\/v2\/comments?post=11827"}],"version-history":[{"count":6,"href":"https:\/\/akerstroms.se\/en\/wp-json\/wp\/v2\/pages\/11827\/revisions"}],"predecessor-version":[{"id":13220,"href":"https:\/\/akerstroms.se\/en\/wp-json\/wp\/v2\/pages\/11827\/revisions\/13220"}],"wp:attachment":[{"href":"https:\/\/akerstroms.se\/en\/wp-json\/wp\/v2\/media?parent=11827"}],"curies":[{"name":"wp","href":"https:\/\/api.w.org\/{rel}","templated":true}]}}