{"id":11801,"date":"2021-10-12T14:02:06","date_gmt":"2021-10-12T12:02:06","guid":{"rendered":"https:\/\/akerstroms.se\/maskinfabrik-med-radiostyrning-fran-akerstroms\/"},"modified":"2021-10-21T15:12:20","modified_gmt":"2021-10-21T13:12:20","slug":"machine-factory-with-remote-control-from-akerstroms","status":"publish","type":"page","link":"https:\/\/akerstroms.se\/en\/machine-factory-with-remote-control-from-akerstroms\/","title":{"rendered":"Machine factory with remote control from \u00c5kerstr\u00f6ms"},"content":{"rendered":"<section class=\"hero alignfull tone \" style=\"background-image: url(https:\/\/akerstroms.se\/app\/uploads\/2021\/08\/radiostyrning-vaderstad-sesam-remotus.jpg);\">\r\n        <div class=\"hero__text container\">\r\n        <h1 class=\"hero__title\">V\u00e4derstad <strong>safely controls<\/strong> cranes and doors with \u00c5kerstr\u00f6ms&#8217; remote controls<\/h1>\r\n            <\/div>\r\n<\/section>\r\n\n\n\n<div style=\"height:75px\" aria-hidden=\"true\" class=\"wp-block-spacer\"><\/div>\n\n\n\n<p>We visited V\u00e4derstad, a family owned company that manufactures agricultural machinery used for seeding and tillage. There we met Magnus Karlsson in the maintenance department, who gave us a guided tour through the company\u2019s plant in V\u00e4derstad.<\/p>\n\n\n\n<p>V\u00e4derstad controls about 60 <a href=\"https:\/\/akerstroms.se\/en\/cranes-lifts\/\">overhead cranes<\/a> with \u00c5kerstr\u00f6ms safe and robust <a href=\"https:\/\/akerstroms.se\/en\/produkter-tjanster\/remotus\/\">Remotus<\/a> remote control system. They also have over 50 <a href=\"https:\/\/akerstroms.se\/en\/doors-gates-barriers\/\">doors<\/a> that are opened and closed using \u00c5kerstr\u00f6ms flexible and easy to handle <a href=\"https:\/\/akerstroms.se\/en\/produkter-tjanster\/sesam\/\">Sesam 800<\/a> system.<\/p>\n\n\n\n<div class=\"wp-block-image\"><figure class=\"aligncenter size-large\"><img loading=\"lazy\" decoding=\"async\" width=\"700\" height=\"394\" src=\"https:\/\/akerstroms.se\/app\/uploads\/2021\/08\/portstyrning-med-sesam-700x394.jpg\" alt=\"\" class=\"wp-image-8432\" srcset=\"https:\/\/akerstroms.se\/app\/uploads\/2021\/08\/portstyrning-med-sesam-700x394.jpg 700w, https:\/\/akerstroms.se\/app\/uploads\/2021\/08\/portstyrning-med-sesam-300x169.jpg 300w, https:\/\/akerstroms.se\/app\/uploads\/2021\/08\/portstyrning-med-sesam-600x338.jpg 600w, https:\/\/akerstroms.se\/app\/uploads\/2021\/08\/portstyrning-med-sesam-250x141.jpg 250w, https:\/\/akerstroms.se\/app\/uploads\/2021\/08\/portstyrning-med-sesam-768x432.jpg 768w, https:\/\/akerstroms.se\/app\/uploads\/2021\/08\/portstyrning-med-sesam-120x68.jpg 120w, https:\/\/akerstroms.se\/app\/uploads\/2021\/08\/portstyrning-med-sesam-540x304.jpg 540w, https:\/\/akerstroms.se\/app\/uploads\/2021\/08\/portstyrning-med-sesam.jpg 1200w\" sizes=\"auto, (max-width: 700px) 100vw, 700px\" \/><figcaption>Opening and closing doors by remote control increases flexibility<\/figcaption><\/figure><\/div>\n\n\n\n<p>The family owned company from southern Sweden is one of the world\u2019s leading suppliers of tillage and seeding equipment with over 1,500 employees worldwide.<br><br>A satisfied customer we have worked with for over 20 years.<\/p>\n\n\n\n<div style=\"height:100px\" aria-hidden=\"true\" class=\"wp-block-spacer\"><\/div>\n","protected":false},"excerpt":{"rendered":"<p>We visited V\u00e4derstad, a family owned company that manufactures agricultural machinery used for seeding and tillage. There we met Magnus Karlsson in the maintenance department,&#8230;<\/p>\n","protected":false},"author":1,"featured_media":0,"parent":0,"menu_order":0,"comment_status":"closed","ping_status":"closed","template":"","meta":{"_acf_changed":false,"footnotes":""},"class_list":["post-11801","page","type-page","status-publish","hentry"],"acf":[],"yoast_head":"<!-- This site is optimized with the Yoast SEO plugin v27.4 - https:\/\/yoast.com\/product\/yoast-seo-wordpress\/ -->\n<title>Machine factory with remote control from \u00c5kerstr\u00f6ms - \u00c5kerstr\u00f6ms Bj\u00f6rbo<\/title>\n<meta name=\"robots\" content=\"index, follow, max-snippet:-1, max-image-preview:large, max-video-preview:-1\" \/>\n<link rel=\"canonical\" href=\"https:\/\/akerstroms.se\/en\/machine-factory-with-remote-control-from-akerstroms\/\" \/>\n<meta property=\"og:locale\" content=\"en_US\" \/>\n<meta property=\"og:type\" content=\"article\" \/>\n<meta property=\"og:title\" content=\"Machine factory with remote control from \u00c5kerstr\u00f6ms - \u00c5kerstr\u00f6ms Bj\u00f6rbo\" \/>\n<meta property=\"og:description\" content=\"We visited V\u00e4derstad, a family owned company that manufactures agricultural machinery used for seeding and tillage. There we met Magnus Karlsson in the maintenance department,...\" \/>\n<meta property=\"og:url\" content=\"https:\/\/akerstroms.se\/en\/machine-factory-with-remote-control-from-akerstroms\/\" \/>\n<meta property=\"og:site_name\" content=\"\u00c5kerstr\u00f6ms Bj\u00f6rbo\" \/>\n<meta property=\"article:publisher\" content=\"https:\/\/www.facebook.com\/akerstroms.se\" \/>\n<meta property=\"article:modified_time\" content=\"2021-10-21T13:12:20+00:00\" \/>\n<meta property=\"og:image\" content=\"https:\/\/akerstroms.se\/app\/uploads\/2021\/08\/portstyrning-med-sesam-700x394.jpg\" \/>\n<meta name=\"twitter:card\" content=\"summary_large_image\" \/>\n<meta name=\"twitter:label1\" content=\"Est. reading time\" \/>\n\t<meta name=\"twitter:data1\" content=\"1 minute\" \/>\n<script type=\"application\/ld+json\" class=\"yoast-schema-graph\">{\"@context\":\"https:\\\/\\\/schema.org\",\"@graph\":[{\"@type\":\"WebPage\",\"@id\":\"https:\\\/\\\/akerstroms.se\\\/en\\\/machine-factory-with-remote-control-from-akerstroms\\\/\",\"url\":\"https:\\\/\\\/akerstroms.se\\\/en\\\/machine-factory-with-remote-control-from-akerstroms\\\/\",\"name\":\"Machine factory with remote control from \u00c5kerstr\u00f6ms - \u00c5kerstr\u00f6ms Bj\u00f6rbo\",\"isPartOf\":{\"@id\":\"https:\\\/\\\/akerstroms.se\\\/#website\"},\"primaryImageOfPage\":{\"@id\":\"https:\\\/\\\/akerstroms.se\\\/en\\\/machine-factory-with-remote-control-from-akerstroms\\\/#primaryimage\"},\"image\":{\"@id\":\"https:\\\/\\\/akerstroms.se\\\/en\\\/machine-factory-with-remote-control-from-akerstroms\\\/#primaryimage\"},\"thumbnailUrl\":\"https:\\\/\\\/akerstroms.se\\\/app\\\/uploads\\\/2021\\\/08\\\/portstyrning-med-sesam-700x394.jpg\",\"datePublished\":\"2021-10-12T12:02:06+00:00\",\"dateModified\":\"2021-10-21T13:12:20+00:00\",\"breadcrumb\":{\"@id\":\"https:\\\/\\\/akerstroms.se\\\/en\\\/machine-factory-with-remote-control-from-akerstroms\\\/#breadcrumb\"},\"inLanguage\":\"en-US\",\"potentialAction\":[{\"@type\":\"ReadAction\",\"target\":[\"https:\\\/\\\/akerstroms.se\\\/en\\\/machine-factory-with-remote-control-from-akerstroms\\\/\"]}]},{\"@type\":\"ImageObject\",\"inLanguage\":\"en-US\",\"@id\":\"https:\\\/\\\/akerstroms.se\\\/en\\\/machine-factory-with-remote-control-from-akerstroms\\\/#primaryimage\",\"url\":\"https:\\\/\\\/akerstroms.se\\\/app\\\/uploads\\\/2021\\\/08\\\/portstyrning-med-sesam-700x394.jpg\",\"contentUrl\":\"https:\\\/\\\/akerstroms.se\\\/app\\\/uploads\\\/2021\\\/08\\\/portstyrning-med-sesam-700x394.jpg\"},{\"@type\":\"BreadcrumbList\",\"@id\":\"https:\\\/\\\/akerstroms.se\\\/en\\\/machine-factory-with-remote-control-from-akerstroms\\\/#breadcrumb\",\"itemListElement\":[{\"@type\":\"ListItem\",\"position\":1,\"name\":\"Home\",\"item\":\"https:\\\/\\\/akerstroms.se\\\/en\\\/\"},{\"@type\":\"ListItem\",\"position\":2,\"name\":\"Machine factory with remote control from \u00c5kerstr\u00f6ms\"}]},{\"@type\":\"WebSite\",\"@id\":\"https:\\\/\\\/akerstroms.se\\\/#website\",\"url\":\"https:\\\/\\\/akerstroms.se\\\/\",\"name\":\"\u00c5kerstr\u00f6ms Bj\u00f6rbo\",\"description\":\"Radiostyrning f\u00f6r industriella och mobila applikationer\",\"publisher\":{\"@id\":\"https:\\\/\\\/akerstroms.se\\\/#organization\"},\"potentialAction\":[{\"@type\":\"SearchAction\",\"target\":{\"@type\":\"EntryPoint\",\"urlTemplate\":\"https:\\\/\\\/akerstroms.se\\\/?s={search_term_string}\"},\"query-input\":{\"@type\":\"PropertyValueSpecification\",\"valueRequired\":true,\"valueName\":\"search_term_string\"}}],\"inLanguage\":\"en-US\"},{\"@type\":\"Organization\",\"@id\":\"https:\\\/\\\/akerstroms.se\\\/#organization\",\"name\":\"\u00c5kerstr\u00f6ms AB\",\"url\":\"https:\\\/\\\/akerstroms.se\\\/\",\"logo\":{\"@type\":\"ImageObject\",\"inLanguage\":\"en-US\",\"@id\":\"https:\\\/\\\/akerstroms.se\\\/#\\\/schema\\\/logo\\\/image\\\/\",\"url\":\"https:\\\/\\\/akerstroms.se\\\/app\\\/uploads\\\/2021\\\/10\\\/akerstroms-logo.png\",\"contentUrl\":\"https:\\\/\\\/akerstroms.se\\\/app\\\/uploads\\\/2021\\\/10\\\/akerstroms-logo.png\",\"width\":400,\"height\":86,\"caption\":\"\u00c5kerstr\u00f6ms AB\"},\"image\":{\"@id\":\"https:\\\/\\\/akerstroms.se\\\/#\\\/schema\\\/logo\\\/image\\\/\"},\"sameAs\":[\"https:\\\/\\\/www.facebook.com\\\/akerstroms.se\",\"https:\\\/\\\/www.linkedin.com\\\/company\\\/akerstroms\\\/\",\"https:\\\/\\\/www.youtube.com\\\/channel\\\/UC8S-jX9nA8c9qBaTlgqg1CQ\"]}]}<\/script>\n<!-- \/ Yoast SEO plugin. -->","yoast_head_json":{"title":"Machine factory with remote control from \u00c5kerstr\u00f6ms - \u00c5kerstr\u00f6ms Bj\u00f6rbo","robots":{"index":"index","follow":"follow","max-snippet":"max-snippet:-1","max-image-preview":"max-image-preview:large","max-video-preview":"max-video-preview:-1"},"canonical":"https:\/\/akerstroms.se\/en\/machine-factory-with-remote-control-from-akerstroms\/","og_locale":"en_US","og_type":"article","og_title":"Machine factory with remote control from \u00c5kerstr\u00f6ms - \u00c5kerstr\u00f6ms Bj\u00f6rbo","og_description":"We visited V\u00e4derstad, a family owned company that manufactures agricultural machinery used for seeding and tillage. There we met Magnus Karlsson in the maintenance department,...","og_url":"https:\/\/akerstroms.se\/en\/machine-factory-with-remote-control-from-akerstroms\/","og_site_name":"\u00c5kerstr\u00f6ms Bj\u00f6rbo","article_publisher":"https:\/\/www.facebook.com\/akerstroms.se","article_modified_time":"2021-10-21T13:12:20+00:00","og_image":[{"url":"https:\/\/akerstroms.se\/app\/uploads\/2021\/08\/portstyrning-med-sesam-700x394.jpg","type":"","width":"","height":""}],"twitter_card":"summary_large_image","twitter_misc":{"Est. reading time":"1 minute"},"schema":{"@context":"https:\/\/schema.org","@graph":[{"@type":"WebPage","@id":"https:\/\/akerstroms.se\/en\/machine-factory-with-remote-control-from-akerstroms\/","url":"https:\/\/akerstroms.se\/en\/machine-factory-with-remote-control-from-akerstroms\/","name":"Machine factory with remote control from \u00c5kerstr\u00f6ms - \u00c5kerstr\u00f6ms Bj\u00f6rbo","isPartOf":{"@id":"https:\/\/akerstroms.se\/#website"},"primaryImageOfPage":{"@id":"https:\/\/akerstroms.se\/en\/machine-factory-with-remote-control-from-akerstroms\/#primaryimage"},"image":{"@id":"https:\/\/akerstroms.se\/en\/machine-factory-with-remote-control-from-akerstroms\/#primaryimage"},"thumbnailUrl":"https:\/\/akerstroms.se\/app\/uploads\/2021\/08\/portstyrning-med-sesam-700x394.jpg","datePublished":"2021-10-12T12:02:06+00:00","dateModified":"2021-10-21T13:12:20+00:00","breadcrumb":{"@id":"https:\/\/akerstroms.se\/en\/machine-factory-with-remote-control-from-akerstroms\/#breadcrumb"},"inLanguage":"en-US","potentialAction":[{"@type":"ReadAction","target":["https:\/\/akerstroms.se\/en\/machine-factory-with-remote-control-from-akerstroms\/"]}]},{"@type":"ImageObject","inLanguage":"en-US","@id":"https:\/\/akerstroms.se\/en\/machine-factory-with-remote-control-from-akerstroms\/#primaryimage","url":"https:\/\/akerstroms.se\/app\/uploads\/2021\/08\/portstyrning-med-sesam-700x394.jpg","contentUrl":"https:\/\/akerstroms.se\/app\/uploads\/2021\/08\/portstyrning-med-sesam-700x394.jpg"},{"@type":"BreadcrumbList","@id":"https:\/\/akerstroms.se\/en\/machine-factory-with-remote-control-from-akerstroms\/#breadcrumb","itemListElement":[{"@type":"ListItem","position":1,"name":"Home","item":"https:\/\/akerstroms.se\/en\/"},{"@type":"ListItem","position":2,"name":"Machine factory with remote control from \u00c5kerstr\u00f6ms"}]},{"@type":"WebSite","@id":"https:\/\/akerstroms.se\/#website","url":"https:\/\/akerstroms.se\/","name":"\u00c5kerstr\u00f6ms Bj\u00f6rbo","description":"Radiostyrning f\u00f6r industriella och mobila applikationer","publisher":{"@id":"https:\/\/akerstroms.se\/#organization"},"potentialAction":[{"@type":"SearchAction","target":{"@type":"EntryPoint","urlTemplate":"https:\/\/akerstroms.se\/?s={search_term_string}"},"query-input":{"@type":"PropertyValueSpecification","valueRequired":true,"valueName":"search_term_string"}}],"inLanguage":"en-US"},{"@type":"Organization","@id":"https:\/\/akerstroms.se\/#organization","name":"\u00c5kerstr\u00f6ms AB","url":"https:\/\/akerstroms.se\/","logo":{"@type":"ImageObject","inLanguage":"en-US","@id":"https:\/\/akerstroms.se\/#\/schema\/logo\/image\/","url":"https:\/\/akerstroms.se\/app\/uploads\/2021\/10\/akerstroms-logo.png","contentUrl":"https:\/\/akerstroms.se\/app\/uploads\/2021\/10\/akerstroms-logo.png","width":400,"height":86,"caption":"\u00c5kerstr\u00f6ms AB"},"image":{"@id":"https:\/\/akerstroms.se\/#\/schema\/logo\/image\/"},"sameAs":["https:\/\/www.facebook.com\/akerstroms.se","https:\/\/www.linkedin.com\/company\/akerstroms\/","https:\/\/www.youtube.com\/channel\/UC8S-jX9nA8c9qBaTlgqg1CQ"]}]}},"_links":{"self":[{"href":"https:\/\/akerstroms.se\/en\/wp-json\/wp\/v2\/pages\/11801","targetHints":{"allow":["GET"]}}],"collection":[{"href":"https:\/\/akerstroms.se\/en\/wp-json\/wp\/v2\/pages"}],"about":[{"href":"https:\/\/akerstroms.se\/en\/wp-json\/wp\/v2\/types\/page"}],"author":[{"embeddable":true,"href":"https:\/\/akerstroms.se\/en\/wp-json\/wp\/v2\/users\/1"}],"replies":[{"embeddable":true,"href":"https:\/\/akerstroms.se\/en\/wp-json\/wp\/v2\/comments?post=11801"}],"version-history":[{"count":7,"href":"https:\/\/akerstroms.se\/en\/wp-json\/wp\/v2\/pages\/11801\/revisions"}],"predecessor-version":[{"id":13312,"href":"https:\/\/akerstroms.se\/en\/wp-json\/wp\/v2\/pages\/11801\/revisions\/13312"}],"wp:attachment":[{"href":"https:\/\/akerstroms.se\/en\/wp-json\/wp\/v2\/media?parent=11801"}],"curies":[{"name":"wp","href":"https:\/\/api.w.org\/{rel}","templated":true}]}}