{"id":11775,"date":"2021-10-12T13:55:38","date_gmt":"2021-10-12T11:55:38","guid":{"rendered":"https:\/\/akerstroms.se\/husqvarna-radiostyrd-tungviktare\/"},"modified":"2021-10-21T15:05:12","modified_gmt":"2021-10-21T13:05:12","slug":"husqvarna-remote-controlled-heavyweight","status":"publish","type":"page","link":"https:\/\/akerstroms.se\/en\/husqvarna-remote-controlled-heavyweight\/","title":{"rendered":"Husqvarna \u2013 Remote controlled heavyweight"},"content":{"rendered":"<section class=\"hero alignfull tone \" style=\"background-image: url(https:\/\/akerstroms.se\/app\/uploads\/2021\/04\/Remotus-radio-remote-control-mobile-1140x400x150-e1776147537522.jpg);\">\r\n        <div class=\"hero__text container\">\r\n        <h1 class=\"hero__title\">Husqvarna &#8211; <strong>Remote controlled heavyweight<\/strong><\/h1>\r\n                    <p class=\"hero__excerpt\">Husqvarna\u2019s LP 9505, a relatively heavy packing machine designed for situations where manned vehicles would be unsuitable due to hazardous working conditions. Controlled via a unique solution from \u00c5kerstr\u00f6ms.<\/p>\r\n            <\/div>\r\n<\/section>\r\n\n\n\n<div style=\"height:71px\" aria-hidden=\"true\" class=\"wp-block-spacer\"><\/div>\n\n\n\n<p>When Husqvarna developed its own <a href=\"https:\/\/www.husqvarnacp.com\/int\/machines\/compaction-equipment\/lp-9505\/967950801\/\">LP 9505 packing machine<\/a>, they quickly realized that it would also need to be remote controlled. The LP 9505 is a relatively heavy packing machine designed for situations where manned vehicles would be unsuitable due to hazardous working conditions. The new packing machine\u2019s remote control increases operator safety with precision control from a distance, completely freeing the operator from vibrations and poor working positions. \u00c5kerstr\u00f6ms worked a long time with Husqvarna in Bulgaria to develop a customized solution based on&nbsp;\u00c5kerstr\u00f6ms&nbsp;remote control system <a href=\"https:\/\/akerstroms.se\/en\/produkter-tjanster\/remotus\/\">Remotus<\/a>.<\/p>\n\n\n\n<p>The new packing machine has a series of technical features, such as a radar-like system to prevent collisions with objects or other people and a triangulation system that prevents the operator from controlling the machine from too far a distance. The heavy weight combined with good roller grip makes it suitable for working in hazardous environments, such as verges and ditches.<\/p>\n\n\n\n<p>The machine was adapted specifically for \u00c5kerstr\u00f6ms remote controls with an integrated compartment for the remote control, which also allows the transmitter battery to be charged by the machine.<\/p>\n\n\n\n<div class=\"wp-block-image\"><figure class=\"aligncenter size-large\"><img loading=\"lazy\" decoding=\"async\" width=\"700\" height=\"493\" src=\"https:\/\/akerstroms.se\/app\/uploads\/2021\/09\/LP-9505-700x493.jpg\" alt=\"\" class=\"wp-image-8954\" srcset=\"https:\/\/akerstroms.se\/app\/uploads\/2021\/09\/LP-9505-700x493.jpg 700w, https:\/\/akerstroms.se\/app\/uploads\/2021\/09\/LP-9505-300x211.jpg 300w, https:\/\/akerstroms.se\/app\/uploads\/2021\/09\/LP-9505-600x423.jpg 600w, https:\/\/akerstroms.se\/app\/uploads\/2021\/09\/LP-9505-250x176.jpg 250w, https:\/\/akerstroms.se\/app\/uploads\/2021\/09\/LP-9505-768x541.jpg 768w, https:\/\/akerstroms.se\/app\/uploads\/2021\/09\/LP-9505-120x85.jpg 120w, https:\/\/akerstroms.se\/app\/uploads\/2021\/09\/LP-9505-540x381.jpg 540w, https:\/\/akerstroms.se\/app\/uploads\/2021\/09\/LP-9505.jpg 992w\" sizes=\"auto, (max-width: 700px) 100vw, 700px\" \/><figcaption>The remote control can be stored in a smart compartment inside the roller when not in use.<\/figcaption><\/figure><\/div>\n\n\n\n<p>Husqvarna Construction Products is a world leader in the building industry, supplying a wide range of construction machinery and tools to a global market.<\/p>\n\n\n\n<div style=\"height:30px\" aria-hidden=\"true\" class=\"wp-block-spacer\"><\/div>\n","protected":false},"excerpt":{"rendered":"<p>When Husqvarna developed its own LP 9505 packing machine, they quickly realized that it would also need to be remote controlled. The LP 9505 is&#8230;<\/p>\n","protected":false},"author":1,"featured_media":6541,"parent":0,"menu_order":0,"comment_status":"closed","ping_status":"closed","template":"","meta":{"_acf_changed":false,"footnotes":""},"class_list":["post-11775","page","type-page","status-publish","has-post-thumbnail","hentry"],"acf":[],"yoast_head":"<!-- This site is optimized with the Yoast SEO plugin v27.4 - https:\/\/yoast.com\/product\/yoast-seo-wordpress\/ -->\n<title>Husqvarna \u2013 Remote controlled heavyweight - \u00c5kerstr\u00f6ms Bj\u00f6rbo<\/title>\n<meta name=\"robots\" content=\"index, follow, max-snippet:-1, max-image-preview:large, max-video-preview:-1\" \/>\n<link rel=\"canonical\" href=\"https:\/\/akerstroms.se\/en\/husqvarna-remote-controlled-heavyweight\/\" \/>\n<meta property=\"og:locale\" content=\"en_US\" \/>\n<meta property=\"og:type\" content=\"article\" \/>\n<meta property=\"og:title\" content=\"Husqvarna \u2013 Remote controlled heavyweight - \u00c5kerstr\u00f6ms Bj\u00f6rbo\" \/>\n<meta property=\"og:description\" content=\"When Husqvarna developed its own LP 9505 packing machine, they quickly realized that it would also need to be remote controlled. The LP 9505 is...\" \/>\n<meta property=\"og:url\" content=\"https:\/\/akerstroms.se\/en\/husqvarna-remote-controlled-heavyweight\/\" \/>\n<meta property=\"og:site_name\" content=\"\u00c5kerstr\u00f6ms Bj\u00f6rbo\" \/>\n<meta property=\"article:publisher\" content=\"https:\/\/www.facebook.com\/akerstroms.se\" \/>\n<meta property=\"article:modified_time\" content=\"2021-10-21T13:05:12+00:00\" \/>\n<meta property=\"og:image\" content=\"https:\/\/akerstroms.se\/app\/uploads\/2021\/04\/Remotus-radio-remote-control-mobile-1140x400x150.jpg\" \/>\n\t<meta property=\"og:image:width\" content=\"1140\" \/>\n\t<meta property=\"og:image:height\" content=\"400\" \/>\n\t<meta property=\"og:image:type\" content=\"image\/jpeg\" \/>\n<meta name=\"twitter:card\" content=\"summary_large_image\" \/>\n<meta name=\"twitter:label1\" content=\"Est. reading time\" \/>\n\t<meta name=\"twitter:data1\" content=\"2 minutes\" \/>\n<script type=\"application\/ld+json\" class=\"yoast-schema-graph\">{\"@context\":\"https:\\\/\\\/schema.org\",\"@graph\":[{\"@type\":\"WebPage\",\"@id\":\"https:\\\/\\\/akerstroms.se\\\/en\\\/husqvarna-remote-controlled-heavyweight\\\/\",\"url\":\"https:\\\/\\\/akerstroms.se\\\/en\\\/husqvarna-remote-controlled-heavyweight\\\/\",\"name\":\"Husqvarna \u2013 Remote controlled heavyweight - \u00c5kerstr\u00f6ms Bj\u00f6rbo\",\"isPartOf\":{\"@id\":\"https:\\\/\\\/akerstroms.se\\\/#website\"},\"primaryImageOfPage\":{\"@id\":\"https:\\\/\\\/akerstroms.se\\\/en\\\/husqvarna-remote-controlled-heavyweight\\\/#primaryimage\"},\"image\":{\"@id\":\"https:\\\/\\\/akerstroms.se\\\/en\\\/husqvarna-remote-controlled-heavyweight\\\/#primaryimage\"},\"thumbnailUrl\":\"https:\\\/\\\/akerstroms.se\\\/app\\\/uploads\\\/2021\\\/04\\\/Remotus-radio-remote-control-mobile-1140x400x150-e1776147537522.jpg\",\"datePublished\":\"2021-10-12T11:55:38+00:00\",\"dateModified\":\"2021-10-21T13:05:12+00:00\",\"breadcrumb\":{\"@id\":\"https:\\\/\\\/akerstroms.se\\\/en\\\/husqvarna-remote-controlled-heavyweight\\\/#breadcrumb\"},\"inLanguage\":\"en-US\",\"potentialAction\":[{\"@type\":\"ReadAction\",\"target\":[\"https:\\\/\\\/akerstroms.se\\\/en\\\/husqvarna-remote-controlled-heavyweight\\\/\"]}]},{\"@type\":\"ImageObject\",\"inLanguage\":\"en-US\",\"@id\":\"https:\\\/\\\/akerstroms.se\\\/en\\\/husqvarna-remote-controlled-heavyweight\\\/#primaryimage\",\"url\":\"https:\\\/\\\/akerstroms.se\\\/app\\\/uploads\\\/2021\\\/04\\\/Remotus-radio-remote-control-mobile-1140x400x150-e1776147537522.jpg\",\"contentUrl\":\"https:\\\/\\\/akerstroms.se\\\/app\\\/uploads\\\/2021\\\/04\\\/Remotus-radio-remote-control-mobile-1140x400x150-e1776147537522.jpg\",\"width\":635,\"height\":400},{\"@type\":\"BreadcrumbList\",\"@id\":\"https:\\\/\\\/akerstroms.se\\\/en\\\/husqvarna-remote-controlled-heavyweight\\\/#breadcrumb\",\"itemListElement\":[{\"@type\":\"ListItem\",\"position\":1,\"name\":\"Home\",\"item\":\"https:\\\/\\\/akerstroms.se\\\/en\\\/\"},{\"@type\":\"ListItem\",\"position\":2,\"name\":\"Husqvarna \u2013 Remote controlled heavyweight\"}]},{\"@type\":\"WebSite\",\"@id\":\"https:\\\/\\\/akerstroms.se\\\/#website\",\"url\":\"https:\\\/\\\/akerstroms.se\\\/\",\"name\":\"\u00c5kerstr\u00f6ms Bj\u00f6rbo\",\"description\":\"Radiostyrning f\u00f6r industriella och mobila applikationer\",\"publisher\":{\"@id\":\"https:\\\/\\\/akerstroms.se\\\/#organization\"},\"potentialAction\":[{\"@type\":\"SearchAction\",\"target\":{\"@type\":\"EntryPoint\",\"urlTemplate\":\"https:\\\/\\\/akerstroms.se\\\/?s={search_term_string}\"},\"query-input\":{\"@type\":\"PropertyValueSpecification\",\"valueRequired\":true,\"valueName\":\"search_term_string\"}}],\"inLanguage\":\"en-US\"},{\"@type\":\"Organization\",\"@id\":\"https:\\\/\\\/akerstroms.se\\\/#organization\",\"name\":\"\u00c5kerstr\u00f6ms AB\",\"url\":\"https:\\\/\\\/akerstroms.se\\\/\",\"logo\":{\"@type\":\"ImageObject\",\"inLanguage\":\"en-US\",\"@id\":\"https:\\\/\\\/akerstroms.se\\\/#\\\/schema\\\/logo\\\/image\\\/\",\"url\":\"https:\\\/\\\/akerstroms.se\\\/app\\\/uploads\\\/2021\\\/10\\\/akerstroms-logo.png\",\"contentUrl\":\"https:\\\/\\\/akerstroms.se\\\/app\\\/uploads\\\/2021\\\/10\\\/akerstroms-logo.png\",\"width\":400,\"height\":86,\"caption\":\"\u00c5kerstr\u00f6ms AB\"},\"image\":{\"@id\":\"https:\\\/\\\/akerstroms.se\\\/#\\\/schema\\\/logo\\\/image\\\/\"},\"sameAs\":[\"https:\\\/\\\/www.facebook.com\\\/akerstroms.se\",\"https:\\\/\\\/www.linkedin.com\\\/company\\\/akerstroms\\\/\",\"https:\\\/\\\/www.youtube.com\\\/channel\\\/UC8S-jX9nA8c9qBaTlgqg1CQ\"]}]}<\/script>\n<!-- \/ Yoast SEO plugin. -->","yoast_head_json":{"title":"Husqvarna \u2013 Remote controlled heavyweight - \u00c5kerstr\u00f6ms Bj\u00f6rbo","robots":{"index":"index","follow":"follow","max-snippet":"max-snippet:-1","max-image-preview":"max-image-preview:large","max-video-preview":"max-video-preview:-1"},"canonical":"https:\/\/akerstroms.se\/en\/husqvarna-remote-controlled-heavyweight\/","og_locale":"en_US","og_type":"article","og_title":"Husqvarna \u2013 Remote controlled heavyweight - \u00c5kerstr\u00f6ms Bj\u00f6rbo","og_description":"When Husqvarna developed its own LP 9505 packing machine, they quickly realized that it would also need to be remote controlled. The LP 9505 is...","og_url":"https:\/\/akerstroms.se\/en\/husqvarna-remote-controlled-heavyweight\/","og_site_name":"\u00c5kerstr\u00f6ms Bj\u00f6rbo","article_publisher":"https:\/\/www.facebook.com\/akerstroms.se","article_modified_time":"2021-10-21T13:05:12+00:00","og_image":[{"width":1140,"height":400,"url":"https:\/\/akerstroms.se\/app\/uploads\/2021\/04\/Remotus-radio-remote-control-mobile-1140x400x150.jpg","type":"image\/jpeg"}],"twitter_card":"summary_large_image","twitter_misc":{"Est. reading time":"2 minutes"},"schema":{"@context":"https:\/\/schema.org","@graph":[{"@type":"WebPage","@id":"https:\/\/akerstroms.se\/en\/husqvarna-remote-controlled-heavyweight\/","url":"https:\/\/akerstroms.se\/en\/husqvarna-remote-controlled-heavyweight\/","name":"Husqvarna \u2013 Remote controlled heavyweight - \u00c5kerstr\u00f6ms Bj\u00f6rbo","isPartOf":{"@id":"https:\/\/akerstroms.se\/#website"},"primaryImageOfPage":{"@id":"https:\/\/akerstroms.se\/en\/husqvarna-remote-controlled-heavyweight\/#primaryimage"},"image":{"@id":"https:\/\/akerstroms.se\/en\/husqvarna-remote-controlled-heavyweight\/#primaryimage"},"thumbnailUrl":"https:\/\/akerstroms.se\/app\/uploads\/2021\/04\/Remotus-radio-remote-control-mobile-1140x400x150-e1776147537522.jpg","datePublished":"2021-10-12T11:55:38+00:00","dateModified":"2021-10-21T13:05:12+00:00","breadcrumb":{"@id":"https:\/\/akerstroms.se\/en\/husqvarna-remote-controlled-heavyweight\/#breadcrumb"},"inLanguage":"en-US","potentialAction":[{"@type":"ReadAction","target":["https:\/\/akerstroms.se\/en\/husqvarna-remote-controlled-heavyweight\/"]}]},{"@type":"ImageObject","inLanguage":"en-US","@id":"https:\/\/akerstroms.se\/en\/husqvarna-remote-controlled-heavyweight\/#primaryimage","url":"https:\/\/akerstroms.se\/app\/uploads\/2021\/04\/Remotus-radio-remote-control-mobile-1140x400x150-e1776147537522.jpg","contentUrl":"https:\/\/akerstroms.se\/app\/uploads\/2021\/04\/Remotus-radio-remote-control-mobile-1140x400x150-e1776147537522.jpg","width":635,"height":400},{"@type":"BreadcrumbList","@id":"https:\/\/akerstroms.se\/en\/husqvarna-remote-controlled-heavyweight\/#breadcrumb","itemListElement":[{"@type":"ListItem","position":1,"name":"Home","item":"https:\/\/akerstroms.se\/en\/"},{"@type":"ListItem","position":2,"name":"Husqvarna \u2013 Remote controlled heavyweight"}]},{"@type":"WebSite","@id":"https:\/\/akerstroms.se\/#website","url":"https:\/\/akerstroms.se\/","name":"\u00c5kerstr\u00f6ms Bj\u00f6rbo","description":"Radiostyrning f\u00f6r industriella och mobila applikationer","publisher":{"@id":"https:\/\/akerstroms.se\/#organization"},"potentialAction":[{"@type":"SearchAction","target":{"@type":"EntryPoint","urlTemplate":"https:\/\/akerstroms.se\/?s={search_term_string}"},"query-input":{"@type":"PropertyValueSpecification","valueRequired":true,"valueName":"search_term_string"}}],"inLanguage":"en-US"},{"@type":"Organization","@id":"https:\/\/akerstroms.se\/#organization","name":"\u00c5kerstr\u00f6ms AB","url":"https:\/\/akerstroms.se\/","logo":{"@type":"ImageObject","inLanguage":"en-US","@id":"https:\/\/akerstroms.se\/#\/schema\/logo\/image\/","url":"https:\/\/akerstroms.se\/app\/uploads\/2021\/10\/akerstroms-logo.png","contentUrl":"https:\/\/akerstroms.se\/app\/uploads\/2021\/10\/akerstroms-logo.png","width":400,"height":86,"caption":"\u00c5kerstr\u00f6ms AB"},"image":{"@id":"https:\/\/akerstroms.se\/#\/schema\/logo\/image\/"},"sameAs":["https:\/\/www.facebook.com\/akerstroms.se","https:\/\/www.linkedin.com\/company\/akerstroms\/","https:\/\/www.youtube.com\/channel\/UC8S-jX9nA8c9qBaTlgqg1CQ"]}]}},"_links":{"self":[{"href":"https:\/\/akerstroms.se\/en\/wp-json\/wp\/v2\/pages\/11775","targetHints":{"allow":["GET"]}}],"collection":[{"href":"https:\/\/akerstroms.se\/en\/wp-json\/wp\/v2\/pages"}],"about":[{"href":"https:\/\/akerstroms.se\/en\/wp-json\/wp\/v2\/types\/page"}],"author":[{"embeddable":true,"href":"https:\/\/akerstroms.se\/en\/wp-json\/wp\/v2\/users\/1"}],"replies":[{"embeddable":true,"href":"https:\/\/akerstroms.se\/en\/wp-json\/wp\/v2\/comments?post=11775"}],"version-history":[{"count":8,"href":"https:\/\/akerstroms.se\/en\/wp-json\/wp\/v2\/pages\/11775\/revisions"}],"predecessor-version":[{"id":13305,"href":"https:\/\/akerstroms.se\/en\/wp-json\/wp\/v2\/pages\/11775\/revisions\/13305"}],"wp:featuredmedia":[{"embeddable":true,"href":"https:\/\/akerstroms.se\/en\/wp-json\/wp\/v2\/media\/6541"}],"wp:attachment":[{"href":"https:\/\/akerstroms.se\/en\/wp-json\/wp\/v2\/media?parent=11775"}],"curies":[{"name":"wp","href":"https:\/\/api.w.org\/{rel}","templated":true}]}}