{"id":11764,"date":"2021-10-12T13:52:07","date_gmt":"2021-10-12T11:52:07","guid":{"rendered":"https:\/\/akerstroms.se\/hallbarhet\/"},"modified":"2026-04-02T13:31:13","modified_gmt":"2026-04-02T11:31:13","slug":"sustainability","status":"publish","type":"page","link":"https:\/\/akerstroms.se\/en\/sustainability\/","title":{"rendered":"Sustainability"},"content":{"rendered":"<section class=\"hero alignfull  \" style=\"background-image: url(https:\/\/akerstroms.se\/app\/uploads\/2021\/05\/Planet-earth-elements-scaled.jpg);\">\r\n        <div class=\"hero__text container\">\r\n        <h1 class=\"hero__title\">Sustainability at \u00c5kerstr\u00f6ms<\/h1>\r\n                    <p class=\"hero__excerpt\">Careful use of the earth\u2019s resources is the greatest challenge we face on a global scale. \u00c5kerstr\u00f6ms is committed to doing our share to contribute to our future together. By adhering to the UN\u2019s 17 global goals for sustainable development, we take a stand from an economic, social and ecological sustainability perspective. The future begins with the choices we make today. Since its establishment in 1918, \u00c5kerstr\u00f6ms has done business making sustainable decisions. We intend to continue on this path, driven by innovation and with sustainability as the goal at all levels.<\/p>\r\n            <\/div>\r\n<\/section>\r\n\n\n\n<div style=\"height:20px\" aria-hidden=\"true\" class=\"wp-block-spacer\"><\/div>\n\n\n\n<div style=\"height:10px\" aria-hidden=\"true\" class=\"wp-block-spacer\"><\/div>\n\n\n\n<h2 class=\"wp-block-heading has-text-align-center\" id=\"h-together-we-can-make-a-difference\">The future begins today &#8211; Together we can make a difference<\/h2>\n\n\n\n<div style=\"height:20px\" aria-hidden=\"true\" class=\"wp-block-spacer\"><\/div>\n\n\n\n<p class=\"has-text-align-center\">All companies have an impact on society, through their business model, their products and services, and not least through how the company behaves towards its employees. The word \u2018Sustainability\u2019 is now part of every company\u2019s CSR policy. But working with sustainability as a guiding principle is much more than an item on an agenda. It is about protecting the environment in everything we do, creating good working conditions, being innovative and developing sustainable products. There are also global guidelines that must be accepted and monitored. <\/p>\n\n\n\n<p class=\"has-text-align-center\">In our industry, there is still a lot to do to improve the conditions for sustainable business models. \u00c5kerstr\u00f6ms has always done its utmost to be an example to the industry. By working together, we will see the benefits, opportunities and necessity of reformulating business models, processes and strategies to become as sustainable as we possibly can. Together we make a difference. The entire industry needs to take responsibility for sustainable development.<\/p>\n\n\n\n<div style=\"height:50px\" aria-hidden=\"true\" class=\"wp-block-spacer\"><\/div>\n\n\n\n<div class=\"wp-block-columns is-layout-flex wp-container-core-columns-is-layout-9d6595d7 wp-block-columns-is-layout-flex\">\n<div class=\"wp-block-column is-layout-flow wp-block-column-is-layout-flow\"><a class=\"imagelink\" href=\"https:\/\/akerstroms.se\/en\/collaboration\/\" title=\"Collaborations\" target=\"\">\r\n            <img decoding=\"async\" class=\"imagelink__image\" src=\"https:\/\/akerstroms.se\/app\/uploads\/2021\/06\/handshake-of-people-with-different-ethnicity-540x437.jpg\" alt=\"Samarbeten\">\r\n            <h2 class=\"imagelink__title\">Collaborations<\/h2>\r\n    <\/a>\r\n<\/div>\n\n\n\n<div class=\"wp-block-column is-layout-flow wp-block-column-is-layout-flow\"><a class=\"imagelink\" href=\"https:\/\/akerstroms.se\/en\/support\/repairs\/\" title=\"Repair more\" target=\"\">\r\n            <img decoding=\"async\" class=\"imagelink__image\" src=\"https:\/\/akerstroms.se\/app\/uploads\/2021\/05\/IMG_3436-540x720.jpg\" alt=\"Genuina\">\r\n            <h2 class=\"imagelink__title\">Repair more<\/h2>\r\n    <\/a>\r\n<\/div>\n<\/div>\n\n\n\n<div style=\"height:20px\" aria-hidden=\"true\" class=\"wp-block-spacer\"><\/div>\n\n\n\n<h2 class=\"wp-block-heading has-text-align-center\" id=\"h-sustainability-is-in-our-dna\">Sustainability is in our DNA<\/h2>\n\n\n\n<div style=\"height:20px\" aria-hidden=\"true\" class=\"wp-block-spacer\"><\/div>\n\n\n\n<p class=\"has-text-align-center\">For over 100 years, \u00c5kerstr\u00f6ms has worked for and contributed to a safer working environment by supplying safe and robust solutions for communication and remote control.<br><br>Everyone has the right to come home in the same healthy condition that they were in when they arrived at work. We believe they have the same right when it comes to the <a href=\"https:\/\/akerstroms.se\/en\/kvalitet\/\">quality<\/a> of their remote control. \u00c5kerstr\u00f6ms has a long history of service and repair, which saves resources and gives our products a longer life. This is an ecological benefit for the environment and an economical benefit for the customer.<\/p>\n\n\n\n<div style=\"height:50px\" aria-hidden=\"true\" class=\"wp-block-spacer\"><\/div>\n\n\n    <section class=\"linkables container\" data-color=\"gray\">\r\n                    <div class=\"linkables__block flex-row-wrapper\" id=\"\">\r\n                <div class=\"linkables__block__img\">\r\n                                        <img decoding=\"async\" src=\"https:\/\/akerstroms.se\/app\/uploads\/2021\/06\/150dpi-heavy-construction-concept-mixed-media.jpg\" alt=\"\">\r\n                <\/div>\r\n                <div class=\"linkables__block__text\">\r\n                    <h3 class=\"linkables__block__title\">Our Sustainability Report<\/h3>\r\n                    <p class=\"linkables__block__excerpt\">We aim to consistently make sustainable choices for our business. As part of the Allgon Group, we work together to create an environmentally friendly, fair and equal business for our clients, suppliers and employees. Read more about our work in Allgon\u2019s sustainability report.<\/p>\r\n                                            <a class=\"linkables__block__button button button--primary\" href=\"https:\/\/allgon.com\/app\/uploads\/2024\/06\/AR_Allgon_2023_SE.pdf\" title=\"Read our Sustainability Report\" target=\"_blank\">\r\n                            Read our Sustainability Report                        <\/a>\r\n                                    <\/div>\r\n            <\/div>\r\n                    <div class=\"linkables__block flex-row-wrapper\" id=\"\">\r\n                <div class=\"linkables__block__img\">\r\n                                        <img decoding=\"async\" src=\"https:\/\/akerstroms.se\/app\/uploads\/2021\/07\/miljo-ute-kanalen_mattad.jpg\" alt=\"Milj\u00f6bild fr\u00e5n \u00c5kerstr\u00f6ms\">\r\n                <\/div>\r\n                <div class=\"linkables__block__text\">\r\n                    <h3 class=\"linkables__block__title\">Our Environmental Policy<\/h3>\r\n                    <p class=\"linkables__block__excerpt\">\u00c5kerstr\u00f6ms is part of Allgon&#8217;s multisite certification, of which we are covered by Allgon&#8217;s environmental policy.<\/p>\r\n                                            <a class=\"linkables__block__button button button--primary\" href=\"https:\/\/akerstroms.se\/app\/uploads\/2024\/06\/Environmental-policy-Allgon_v5_240513.pdf\" title=\"Read our Environmental Policy\" target=\"_blank\">\r\n                            Read our Environmental Policy                        <\/a>\r\n                                    <\/div>\r\n            <\/div>\r\n            <\/section>\r\n\n\n\n<div style=\"height:30px\" aria-hidden=\"true\" class=\"wp-block-spacer\"><\/div>\n\n\n\n<div style=\"height:30px\" aria-hidden=\"true\" class=\"wp-block-spacer\"><\/div>\n\n\n\n<div style=\"height:50px\" aria-hidden=\"true\" class=\"wp-block-spacer\"><\/div>\n","protected":false},"excerpt":{"rendered":"<p>The future begins today &#8211; Together we can make a difference All companies have an impact on society, through their business model, their products and&#8230;<\/p>\n","protected":false},"author":1,"featured_media":0,"parent":0,"menu_order":0,"comment_status":"closed","ping_status":"closed","template":"","meta":{"_acf_changed":false,"footnotes":""},"class_list":["post-11764","page","type-page","status-publish","hentry"],"acf":[],"yoast_head":"<!-- This site is optimized with the Yoast SEO plugin v27.4 - https:\/\/yoast.com\/product\/yoast-seo-wordpress\/ -->\n<title>Sustainable Industrial Solutions | \u00c5kerstr\u00f6ms<\/title>\n<meta name=\"description\" content=\"Sustainability is a guiding principle, not just a policy. We develop robust, long-lasting solutions with people and environment in mind.\" \/>\n<meta name=\"robots\" content=\"index, follow, max-snippet:-1, max-image-preview:large, max-video-preview:-1\" \/>\n<link rel=\"canonical\" href=\"https:\/\/akerstroms.se\/en\/sustainability\/\" \/>\n<meta property=\"og:locale\" content=\"en_US\" \/>\n<meta property=\"og:type\" content=\"article\" \/>\n<meta property=\"og:title\" content=\"Sustainable Industrial Solutions | \u00c5kerstr\u00f6ms\" \/>\n<meta property=\"og:description\" content=\"Sustainability is a guiding principle, not just a policy. We develop robust, long-lasting solutions with people and environment in mind.\" \/>\n<meta property=\"og:url\" content=\"https:\/\/akerstroms.se\/en\/sustainability\/\" \/>\n<meta property=\"og:site_name\" content=\"\u00c5kerstr\u00f6ms Bj\u00f6rbo\" \/>\n<meta property=\"article:publisher\" content=\"https:\/\/www.facebook.com\/akerstroms.se\" \/>\n<meta property=\"article:modified_time\" content=\"2026-04-02T11:31:13+00:00\" \/>\n<meta property=\"og:image\" content=\"https:\/\/akerstroms.se\/app\/uploads\/2021\/09\/Akerstroms-remote-controls.jpg\" \/>\n\t<meta property=\"og:image:width\" content=\"1200\" \/>\n\t<meta property=\"og:image:height\" content=\"675\" \/>\n\t<meta property=\"og:image:type\" content=\"image\/jpeg\" \/>\n<meta name=\"twitter:card\" content=\"summary_large_image\" \/>\n<meta name=\"twitter:label1\" content=\"Est. reading time\" \/>\n\t<meta name=\"twitter:data1\" content=\"2 minutes\" \/>\n<script type=\"application\/ld+json\" class=\"yoast-schema-graph\">{\"@context\":\"https:\\\/\\\/schema.org\",\"@graph\":[{\"@type\":\"WebPage\",\"@id\":\"https:\\\/\\\/akerstroms.se\\\/en\\\/sustainability\\\/\",\"url\":\"https:\\\/\\\/akerstroms.se\\\/en\\\/sustainability\\\/\",\"name\":\"Sustainable Industrial Solutions | \u00c5kerstr\u00f6ms\",\"isPartOf\":{\"@id\":\"https:\\\/\\\/akerstroms.se\\\/#website\"},\"datePublished\":\"2021-10-12T11:52:07+00:00\",\"dateModified\":\"2026-04-02T11:31:13+00:00\",\"description\":\"Sustainability is a guiding principle, not just a policy. We develop robust, long-lasting solutions with people and environment in mind.\",\"breadcrumb\":{\"@id\":\"https:\\\/\\\/akerstroms.se\\\/en\\\/sustainability\\\/#breadcrumb\"},\"inLanguage\":\"en-US\",\"potentialAction\":[{\"@type\":\"ReadAction\",\"target\":[\"https:\\\/\\\/akerstroms.se\\\/en\\\/sustainability\\\/\"]}]},{\"@type\":\"BreadcrumbList\",\"@id\":\"https:\\\/\\\/akerstroms.se\\\/en\\\/sustainability\\\/#breadcrumb\",\"itemListElement\":[{\"@type\":\"ListItem\",\"position\":1,\"name\":\"Home\",\"item\":\"https:\\\/\\\/akerstroms.se\\\/en\\\/\"},{\"@type\":\"ListItem\",\"position\":2,\"name\":\"Sustainability\"}]},{\"@type\":\"WebSite\",\"@id\":\"https:\\\/\\\/akerstroms.se\\\/#website\",\"url\":\"https:\\\/\\\/akerstroms.se\\\/\",\"name\":\"\u00c5kerstr\u00f6ms Bj\u00f6rbo\",\"description\":\"Radiostyrning f\u00f6r industriella och mobila applikationer\",\"publisher\":{\"@id\":\"https:\\\/\\\/akerstroms.se\\\/#organization\"},\"potentialAction\":[{\"@type\":\"SearchAction\",\"target\":{\"@type\":\"EntryPoint\",\"urlTemplate\":\"https:\\\/\\\/akerstroms.se\\\/?s={search_term_string}\"},\"query-input\":{\"@type\":\"PropertyValueSpecification\",\"valueRequired\":true,\"valueName\":\"search_term_string\"}}],\"inLanguage\":\"en-US\"},{\"@type\":\"Organization\",\"@id\":\"https:\\\/\\\/akerstroms.se\\\/#organization\",\"name\":\"\u00c5kerstr\u00f6ms AB\",\"url\":\"https:\\\/\\\/akerstroms.se\\\/\",\"logo\":{\"@type\":\"ImageObject\",\"inLanguage\":\"en-US\",\"@id\":\"https:\\\/\\\/akerstroms.se\\\/#\\\/schema\\\/logo\\\/image\\\/\",\"url\":\"https:\\\/\\\/akerstroms.se\\\/app\\\/uploads\\\/2021\\\/10\\\/akerstroms-logo.png\",\"contentUrl\":\"https:\\\/\\\/akerstroms.se\\\/app\\\/uploads\\\/2021\\\/10\\\/akerstroms-logo.png\",\"width\":400,\"height\":86,\"caption\":\"\u00c5kerstr\u00f6ms AB\"},\"image\":{\"@id\":\"https:\\\/\\\/akerstroms.se\\\/#\\\/schema\\\/logo\\\/image\\\/\"},\"sameAs\":[\"https:\\\/\\\/www.facebook.com\\\/akerstroms.se\",\"https:\\\/\\\/www.linkedin.com\\\/company\\\/akerstroms\\\/\",\"https:\\\/\\\/www.youtube.com\\\/channel\\\/UC8S-jX9nA8c9qBaTlgqg1CQ\"]}]}<\/script>\n<!-- \/ Yoast SEO plugin. -->","yoast_head_json":{"title":"Sustainable Industrial Solutions | \u00c5kerstr\u00f6ms","description":"Sustainability is a guiding principle, not just a policy. We develop robust, long-lasting solutions with people and environment in mind.","robots":{"index":"index","follow":"follow","max-snippet":"max-snippet:-1","max-image-preview":"max-image-preview:large","max-video-preview":"max-video-preview:-1"},"canonical":"https:\/\/akerstroms.se\/en\/sustainability\/","og_locale":"en_US","og_type":"article","og_title":"Sustainable Industrial Solutions | \u00c5kerstr\u00f6ms","og_description":"Sustainability is a guiding principle, not just a policy. We develop robust, long-lasting solutions with people and environment in mind.","og_url":"https:\/\/akerstroms.se\/en\/sustainability\/","og_site_name":"\u00c5kerstr\u00f6ms Bj\u00f6rbo","article_publisher":"https:\/\/www.facebook.com\/akerstroms.se","article_modified_time":"2026-04-02T11:31:13+00:00","og_image":[{"width":1200,"height":675,"url":"https:\/\/akerstroms.se\/app\/uploads\/2021\/09\/Akerstroms-remote-controls.jpg","type":"image\/jpeg"}],"twitter_card":"summary_large_image","twitter_misc":{"Est. reading time":"2 minutes"},"schema":{"@context":"https:\/\/schema.org","@graph":[{"@type":"WebPage","@id":"https:\/\/akerstroms.se\/en\/sustainability\/","url":"https:\/\/akerstroms.se\/en\/sustainability\/","name":"Sustainable Industrial Solutions | \u00c5kerstr\u00f6ms","isPartOf":{"@id":"https:\/\/akerstroms.se\/#website"},"datePublished":"2021-10-12T11:52:07+00:00","dateModified":"2026-04-02T11:31:13+00:00","description":"Sustainability is a guiding principle, not just a policy. We develop robust, long-lasting solutions with people and environment in mind.","breadcrumb":{"@id":"https:\/\/akerstroms.se\/en\/sustainability\/#breadcrumb"},"inLanguage":"en-US","potentialAction":[{"@type":"ReadAction","target":["https:\/\/akerstroms.se\/en\/sustainability\/"]}]},{"@type":"BreadcrumbList","@id":"https:\/\/akerstroms.se\/en\/sustainability\/#breadcrumb","itemListElement":[{"@type":"ListItem","position":1,"name":"Home","item":"https:\/\/akerstroms.se\/en\/"},{"@type":"ListItem","position":2,"name":"Sustainability"}]},{"@type":"WebSite","@id":"https:\/\/akerstroms.se\/#website","url":"https:\/\/akerstroms.se\/","name":"\u00c5kerstr\u00f6ms Bj\u00f6rbo","description":"Radiostyrning f\u00f6r industriella och mobila applikationer","publisher":{"@id":"https:\/\/akerstroms.se\/#organization"},"potentialAction":[{"@type":"SearchAction","target":{"@type":"EntryPoint","urlTemplate":"https:\/\/akerstroms.se\/?s={search_term_string}"},"query-input":{"@type":"PropertyValueSpecification","valueRequired":true,"valueName":"search_term_string"}}],"inLanguage":"en-US"},{"@type":"Organization","@id":"https:\/\/akerstroms.se\/#organization","name":"\u00c5kerstr\u00f6ms AB","url":"https:\/\/akerstroms.se\/","logo":{"@type":"ImageObject","inLanguage":"en-US","@id":"https:\/\/akerstroms.se\/#\/schema\/logo\/image\/","url":"https:\/\/akerstroms.se\/app\/uploads\/2021\/10\/akerstroms-logo.png","contentUrl":"https:\/\/akerstroms.se\/app\/uploads\/2021\/10\/akerstroms-logo.png","width":400,"height":86,"caption":"\u00c5kerstr\u00f6ms AB"},"image":{"@id":"https:\/\/akerstroms.se\/#\/schema\/logo\/image\/"},"sameAs":["https:\/\/www.facebook.com\/akerstroms.se","https:\/\/www.linkedin.com\/company\/akerstroms\/","https:\/\/www.youtube.com\/channel\/UC8S-jX9nA8c9qBaTlgqg1CQ"]}]}},"_links":{"self":[{"href":"https:\/\/akerstroms.se\/en\/wp-json\/wp\/v2\/pages\/11764","targetHints":{"allow":["GET"]}}],"collection":[{"href":"https:\/\/akerstroms.se\/en\/wp-json\/wp\/v2\/pages"}],"about":[{"href":"https:\/\/akerstroms.se\/en\/wp-json\/wp\/v2\/types\/page"}],"author":[{"embeddable":true,"href":"https:\/\/akerstroms.se\/en\/wp-json\/wp\/v2\/users\/1"}],"replies":[{"embeddable":true,"href":"https:\/\/akerstroms.se\/en\/wp-json\/wp\/v2\/comments?post=11764"}],"version-history":[{"count":30,"href":"https:\/\/akerstroms.se\/en\/wp-json\/wp\/v2\/pages\/11764\/revisions"}],"predecessor-version":[{"id":24425,"href":"https:\/\/akerstroms.se\/en\/wp-json\/wp\/v2\/pages\/11764\/revisions\/24425"}],"wp:attachment":[{"href":"https:\/\/akerstroms.se\/en\/wp-json\/wp\/v2\/media?parent=11764"}],"curies":[{"name":"wp","href":"https:\/\/api.w.org\/{rel}","templated":true}]}}