{"id":11751,"date":"2021-10-12T13:48:56","date_gmt":"2021-10-12T11:48:56","guid":{"rendered":"https:\/\/akerstroms.se\/effektiv-och-palitlig-radiostyrning-for-pallhantering\/"},"modified":"2021-10-20T19:10:46","modified_gmt":"2021-10-20T17:10:46","slug":"efficient-and-reliable-remote-control-of-pallet-handling","status":"publish","type":"page","link":"https:\/\/akerstroms.se\/en\/efficient-and-reliable-remote-control-of-pallet-handling\/","title":{"rendered":"Efficient and reliable remote control of pallet handling"},"content":{"rendered":"<section class=\"hero alignfull tone \" style=\"background-image: url(https:\/\/akerstroms.se\/app\/uploads\/2021\/08\/eab-kundcase_sesam.jpg);\">\r\n        <div class=\"hero__text container\">\r\n        <h1 class=\"hero__title\"><strong>Efficient<\/strong> and reliable remote control of <strong>pallet handling<\/strong><\/h1>\r\n            <\/div>\r\n<\/section>\r\n\n\n\n<div style=\"height:60px\" aria-hidden=\"true\" class=\"wp-block-spacer\"><\/div>\n\n\n\n<p><a href=\"http:\/\/www.eab.se\" target=\"_blank\" rel=\"noreferrer noopener\">EAB<\/a> is a Swedish family-owned company, founded in 1957, that designs, manufactures and assembles warehouse storage systems, gates and steel structures that are adapted to the customer\u2019s specific needs. The company is in Sm\u00e5landsstenar, where all design, production and development are done. Today, EAB\u2019s market is worldwide. \u00c5kerstr\u00f6ms has collaborated with EAB since 1989 \u2013 for over 30 years.<\/p>\n\n\n\n<blockquote class=\"wp-block-quote is-layout-flow wp-block-quote-is-layout-flow\"><p>\u201cToday and for the last 30 years we have had a solid and close partnership \u2013 which is still holding strong,\u201d says Andreas Hedstr\u00f6m, Customer Account Manager for EAB at \u00c5kerstr\u00f6ms. \u201cWe are now looking ahead and reviewing future needs for next generation control, together with EAB of course,\u201d says Andreas, who also notes that working closely with customers and listening to their needs and wishes is one of \u00c5kerstr\u00f6ms\u2019 strengths.<\/p><cite>Andreas Hedstr\u00f6m, Account Manager, \u00c5kerstr\u00f6ms<\/cite><\/blockquote>\n\n\n\n<p><a href=\"https:\/\/www.eab.se\/produkt\/radioshuttle\/\" target=\"_blank\" rel=\"noreferrer noopener\">Radioshuttle<\/a>\u2122 is EAB\u2019s patented system for efficient volume management of high-density pallet racking. Unlike other high-density racking where you must drive into the racking with the forklift, you can let EAB\u2019s Radioshuttle\u2122 pick or place the desired pallet. The system allows for optimal use of your warehouse volume in all temperature zones from -30\u00b0C to +40\u00b0C. In 2017, EAB launched its sixth generation of Radioshuttle\u2122 \u2013 a success with experience from over 1,200 installations worldwide.<\/p>\n\n\n\n<p>EAB\u2019s Radioshuttle\u2122 is wireless and is controlled by \u00c5kerstr\u00f6ms\u2019 radio transmitter, which is installed in the forklift. and is a custom variant of \u00c5kerstr\u00f6ms\u2019 Sesam 6000 system. Several machines can be controlled with the same radio transmitter so the forklift does not have to stand idle and wait for the machine. It is free to work elsewhere, which makes for efficient forklift utilization.<\/p>\n\n\n\n<blockquote class=\"wp-block-quote is-layout-flow wp-block-quote-is-layout-flow\"><p>\u201cIn 1990, EAB launched its first Radioshuttle\u2122, which was called Maxipacker at the time. The machine was a real warehouse management success,\u201d says Christer Larsson, technician at EAB who has been working at the company for 40 years. Christer has been involved in the development of EAB\u2019s Radioshuttle\u2122 from the start and in the adaptation of \u00c5kerstr\u00f6ms\u2019 remote control.<br>Drawing on his many years of experience, Christer notes that \u00c5kerstr\u00f6ms\u2019 remote control is like an iron bar. It is reliable, easy to use and always works.<\/p><cite>Christer Larsson, Technician, EAB<\/cite><\/blockquote>\n\n\n\n<p>\u00c5kerstr\u00f6ms also has other remote-control solutions installed in EAB\u2019s plant in Sm\u00e5landsstenar. The flexible <a href=\"https:\/\/akerstroms.se\/en\/produkter-tjanster\/sesam\/\">Sesam 800<\/a> system is used to open and close the gates and several of the overhead cranes use \u00c5kerstr\u00f6ms\u2019 rugged <a href=\"https:\/\/akerstroms.se\/en\/produkter-tjanster\/remotus\/\">Remotus<\/a> system.<\/p>\n\n\n\n<div style=\"height:30px\" aria-hidden=\"true\" class=\"wp-block-spacer\"><\/div>\n\n\n<section class=\"slider\">\r\n    <div class=\"glide\">\r\n        <div class=\"glide__track\" data-glide-el=\"track\">\r\n            <div class=\"glide__slides\">\r\n                                    <div class=\"glide__slide\">\r\n                        <img decoding=\"async\" src=\"https:\/\/akerstroms.se\/app\/uploads\/2021\/08\/eab-kundcase.jpg\" alt=\"EAB kundcase\">\r\n                    <\/div>\r\n                                    <div class=\"glide__slide\">\r\n                        <img decoding=\"async\" src=\"https:\/\/akerstroms.se\/app\/uploads\/2021\/08\/IMG_2741_LO.jpg\" alt=\"\">\r\n                    <\/div>\r\n                                    <div class=\"glide__slide\">\r\n                        <img decoding=\"async\" src=\"https:\/\/akerstroms.se\/app\/uploads\/2021\/08\/IMG_2745_LO.jpg\" alt=\"\">\r\n                    <\/div>\r\n                                    <div class=\"glide__slide\">\r\n                        <img decoding=\"async\" src=\"https:\/\/akerstroms.se\/app\/uploads\/2021\/08\/IMG_2734_LO.jpg\" alt=\"\">\r\n                    <\/div>\r\n                            <\/div>\r\n        <\/div>\r\n        <div class=\"controls flex-row-wrapper\" data-glide-el=\"controls\">\r\n            <button class=\"btn prev\" data-glide-dir=\"&lt;\"><i class=\"far fa-angle-left\"><\/i><\/button>\r\n            <button class=\"btn next\" data-glide-dir=\"&gt;\"><i class=\"far fa-angle-right\"><\/i><\/button>\r\n        <\/div>\r\n    <\/div>\r\n<\/section>\r\n\n\n\n<div style=\"height:75px\" aria-hidden=\"true\" class=\"wp-block-spacer\"><\/div>\n","protected":false},"excerpt":{"rendered":"<p>EAB is a Swedish family-owned company, founded in 1957, that designs, manufactures and assembles warehouse storage systems, gates and steel structures that are adapted to&#8230;<\/p>\n","protected":false},"author":7,"featured_media":0,"parent":0,"menu_order":0,"comment_status":"closed","ping_status":"closed","template":"","meta":{"_acf_changed":false,"footnotes":""},"class_list":["post-11751","page","type-page","status-publish","hentry"],"acf":[],"yoast_head":"<!-- This site is optimized with the Yoast SEO plugin v27.4 - https:\/\/yoast.com\/product\/yoast-seo-wordpress\/ -->\n<title>Efficient and reliable remote control of pallet handling - \u00c5kerstr\u00f6ms Bj\u00f6rbo<\/title>\n<meta name=\"robots\" content=\"index, follow, max-snippet:-1, max-image-preview:large, max-video-preview:-1\" \/>\n<link rel=\"canonical\" href=\"https:\/\/akerstroms.se\/en\/efficient-and-reliable-remote-control-of-pallet-handling\/\" \/>\n<meta property=\"og:locale\" content=\"en_US\" \/>\n<meta property=\"og:type\" content=\"article\" \/>\n<meta property=\"og:title\" content=\"Efficient and reliable remote control of pallet handling - \u00c5kerstr\u00f6ms Bj\u00f6rbo\" \/>\n<meta property=\"og:description\" content=\"EAB is a Swedish family-owned company, founded in 1957, that designs, manufactures and assembles warehouse storage systems, gates and steel structures that are adapted to...\" \/>\n<meta property=\"og:url\" content=\"https:\/\/akerstroms.se\/en\/efficient-and-reliable-remote-control-of-pallet-handling\/\" \/>\n<meta property=\"og:site_name\" content=\"\u00c5kerstr\u00f6ms Bj\u00f6rbo\" \/>\n<meta property=\"article:publisher\" content=\"https:\/\/www.facebook.com\/akerstroms.se\" \/>\n<meta property=\"article:modified_time\" content=\"2021-10-20T17:10:46+00:00\" \/>\n<meta property=\"og:image\" content=\"https:\/\/akerstroms.se\/app\/uploads\/2021\/09\/Akerstroms-remote-controls.jpg\" \/>\n\t<meta property=\"og:image:width\" content=\"1200\" \/>\n\t<meta property=\"og:image:height\" content=\"675\" \/>\n\t<meta property=\"og:image:type\" content=\"image\/jpeg\" \/>\n<meta name=\"twitter:card\" content=\"summary_large_image\" \/>\n<meta name=\"twitter:label1\" content=\"Est. reading time\" \/>\n\t<meta name=\"twitter:data1\" content=\"2 minutes\" \/>\n<script type=\"application\/ld+json\" class=\"yoast-schema-graph\">{\"@context\":\"https:\\\/\\\/schema.org\",\"@graph\":[{\"@type\":\"WebPage\",\"@id\":\"https:\\\/\\\/akerstroms.se\\\/en\\\/efficient-and-reliable-remote-control-of-pallet-handling\\\/\",\"url\":\"https:\\\/\\\/akerstroms.se\\\/en\\\/efficient-and-reliable-remote-control-of-pallet-handling\\\/\",\"name\":\"Efficient and reliable remote control of pallet handling - \u00c5kerstr\u00f6ms Bj\u00f6rbo\",\"isPartOf\":{\"@id\":\"https:\\\/\\\/akerstroms.se\\\/#website\"},\"datePublished\":\"2021-10-12T11:48:56+00:00\",\"dateModified\":\"2021-10-20T17:10:46+00:00\",\"breadcrumb\":{\"@id\":\"https:\\\/\\\/akerstroms.se\\\/en\\\/efficient-and-reliable-remote-control-of-pallet-handling\\\/#breadcrumb\"},\"inLanguage\":\"en-US\",\"potentialAction\":[{\"@type\":\"ReadAction\",\"target\":[\"https:\\\/\\\/akerstroms.se\\\/en\\\/efficient-and-reliable-remote-control-of-pallet-handling\\\/\"]}]},{\"@type\":\"BreadcrumbList\",\"@id\":\"https:\\\/\\\/akerstroms.se\\\/en\\\/efficient-and-reliable-remote-control-of-pallet-handling\\\/#breadcrumb\",\"itemListElement\":[{\"@type\":\"ListItem\",\"position\":1,\"name\":\"Home\",\"item\":\"https:\\\/\\\/akerstroms.se\\\/en\\\/\"},{\"@type\":\"ListItem\",\"position\":2,\"name\":\"Efficient and reliable remote control of pallet handling\"}]},{\"@type\":\"WebSite\",\"@id\":\"https:\\\/\\\/akerstroms.se\\\/#website\",\"url\":\"https:\\\/\\\/akerstroms.se\\\/\",\"name\":\"\u00c5kerstr\u00f6ms Bj\u00f6rbo\",\"description\":\"Radiostyrning f\u00f6r industriella och mobila applikationer\",\"publisher\":{\"@id\":\"https:\\\/\\\/akerstroms.se\\\/#organization\"},\"potentialAction\":[{\"@type\":\"SearchAction\",\"target\":{\"@type\":\"EntryPoint\",\"urlTemplate\":\"https:\\\/\\\/akerstroms.se\\\/?s={search_term_string}\"},\"query-input\":{\"@type\":\"PropertyValueSpecification\",\"valueRequired\":true,\"valueName\":\"search_term_string\"}}],\"inLanguage\":\"en-US\"},{\"@type\":\"Organization\",\"@id\":\"https:\\\/\\\/akerstroms.se\\\/#organization\",\"name\":\"\u00c5kerstr\u00f6ms AB\",\"url\":\"https:\\\/\\\/akerstroms.se\\\/\",\"logo\":{\"@type\":\"ImageObject\",\"inLanguage\":\"en-US\",\"@id\":\"https:\\\/\\\/akerstroms.se\\\/#\\\/schema\\\/logo\\\/image\\\/\",\"url\":\"https:\\\/\\\/akerstroms.se\\\/app\\\/uploads\\\/2021\\\/10\\\/akerstroms-logo.png\",\"contentUrl\":\"https:\\\/\\\/akerstroms.se\\\/app\\\/uploads\\\/2021\\\/10\\\/akerstroms-logo.png\",\"width\":400,\"height\":86,\"caption\":\"\u00c5kerstr\u00f6ms AB\"},\"image\":{\"@id\":\"https:\\\/\\\/akerstroms.se\\\/#\\\/schema\\\/logo\\\/image\\\/\"},\"sameAs\":[\"https:\\\/\\\/www.facebook.com\\\/akerstroms.se\",\"https:\\\/\\\/www.linkedin.com\\\/company\\\/akerstroms\\\/\",\"https:\\\/\\\/www.youtube.com\\\/channel\\\/UC8S-jX9nA8c9qBaTlgqg1CQ\"]}]}<\/script>\n<!-- \/ Yoast SEO plugin. -->","yoast_head_json":{"title":"Efficient and reliable remote control of pallet handling - \u00c5kerstr\u00f6ms Bj\u00f6rbo","robots":{"index":"index","follow":"follow","max-snippet":"max-snippet:-1","max-image-preview":"max-image-preview:large","max-video-preview":"max-video-preview:-1"},"canonical":"https:\/\/akerstroms.se\/en\/efficient-and-reliable-remote-control-of-pallet-handling\/","og_locale":"en_US","og_type":"article","og_title":"Efficient and reliable remote control of pallet handling - \u00c5kerstr\u00f6ms Bj\u00f6rbo","og_description":"EAB is a Swedish family-owned company, founded in 1957, that designs, manufactures and assembles warehouse storage systems, gates and steel structures that are adapted to...","og_url":"https:\/\/akerstroms.se\/en\/efficient-and-reliable-remote-control-of-pallet-handling\/","og_site_name":"\u00c5kerstr\u00f6ms Bj\u00f6rbo","article_publisher":"https:\/\/www.facebook.com\/akerstroms.se","article_modified_time":"2021-10-20T17:10:46+00:00","og_image":[{"width":1200,"height":675,"url":"https:\/\/akerstroms.se\/app\/uploads\/2021\/09\/Akerstroms-remote-controls.jpg","type":"image\/jpeg"}],"twitter_card":"summary_large_image","twitter_misc":{"Est. reading time":"2 minutes"},"schema":{"@context":"https:\/\/schema.org","@graph":[{"@type":"WebPage","@id":"https:\/\/akerstroms.se\/en\/efficient-and-reliable-remote-control-of-pallet-handling\/","url":"https:\/\/akerstroms.se\/en\/efficient-and-reliable-remote-control-of-pallet-handling\/","name":"Efficient and reliable remote control of pallet handling - \u00c5kerstr\u00f6ms Bj\u00f6rbo","isPartOf":{"@id":"https:\/\/akerstroms.se\/#website"},"datePublished":"2021-10-12T11:48:56+00:00","dateModified":"2021-10-20T17:10:46+00:00","breadcrumb":{"@id":"https:\/\/akerstroms.se\/en\/efficient-and-reliable-remote-control-of-pallet-handling\/#breadcrumb"},"inLanguage":"en-US","potentialAction":[{"@type":"ReadAction","target":["https:\/\/akerstroms.se\/en\/efficient-and-reliable-remote-control-of-pallet-handling\/"]}]},{"@type":"BreadcrumbList","@id":"https:\/\/akerstroms.se\/en\/efficient-and-reliable-remote-control-of-pallet-handling\/#breadcrumb","itemListElement":[{"@type":"ListItem","position":1,"name":"Home","item":"https:\/\/akerstroms.se\/en\/"},{"@type":"ListItem","position":2,"name":"Efficient and reliable remote control of pallet handling"}]},{"@type":"WebSite","@id":"https:\/\/akerstroms.se\/#website","url":"https:\/\/akerstroms.se\/","name":"\u00c5kerstr\u00f6ms Bj\u00f6rbo","description":"Radiostyrning f\u00f6r industriella och mobila applikationer","publisher":{"@id":"https:\/\/akerstroms.se\/#organization"},"potentialAction":[{"@type":"SearchAction","target":{"@type":"EntryPoint","urlTemplate":"https:\/\/akerstroms.se\/?s={search_term_string}"},"query-input":{"@type":"PropertyValueSpecification","valueRequired":true,"valueName":"search_term_string"}}],"inLanguage":"en-US"},{"@type":"Organization","@id":"https:\/\/akerstroms.se\/#organization","name":"\u00c5kerstr\u00f6ms AB","url":"https:\/\/akerstroms.se\/","logo":{"@type":"ImageObject","inLanguage":"en-US","@id":"https:\/\/akerstroms.se\/#\/schema\/logo\/image\/","url":"https:\/\/akerstroms.se\/app\/uploads\/2021\/10\/akerstroms-logo.png","contentUrl":"https:\/\/akerstroms.se\/app\/uploads\/2021\/10\/akerstroms-logo.png","width":400,"height":86,"caption":"\u00c5kerstr\u00f6ms AB"},"image":{"@id":"https:\/\/akerstroms.se\/#\/schema\/logo\/image\/"},"sameAs":["https:\/\/www.facebook.com\/akerstroms.se","https:\/\/www.linkedin.com\/company\/akerstroms\/","https:\/\/www.youtube.com\/channel\/UC8S-jX9nA8c9qBaTlgqg1CQ"]}]}},"_links":{"self":[{"href":"https:\/\/akerstroms.se\/en\/wp-json\/wp\/v2\/pages\/11751","targetHints":{"allow":["GET"]}}],"collection":[{"href":"https:\/\/akerstroms.se\/en\/wp-json\/wp\/v2\/pages"}],"about":[{"href":"https:\/\/akerstroms.se\/en\/wp-json\/wp\/v2\/types\/page"}],"author":[{"embeddable":true,"href":"https:\/\/akerstroms.se\/en\/wp-json\/wp\/v2\/users\/7"}],"replies":[{"embeddable":true,"href":"https:\/\/akerstroms.se\/en\/wp-json\/wp\/v2\/comments?post=11751"}],"version-history":[{"count":6,"href":"https:\/\/akerstroms.se\/en\/wp-json\/wp\/v2\/pages\/11751\/revisions"}],"predecessor-version":[{"id":13205,"href":"https:\/\/akerstroms.se\/en\/wp-json\/wp\/v2\/pages\/11751\/revisions\/13205"}],"wp:attachment":[{"href":"https:\/\/akerstroms.se\/en\/wp-json\/wp\/v2\/media?parent=11751"}],"curies":[{"name":"wp","href":"https:\/\/api.w.org\/{rel}","templated":true}]}}