{"id":11226,"date":"2021-10-05T15:29:26","date_gmt":"2021-10-05T13:29:26","guid":{"rendered":"https:\/\/akerstroms.se\/ovako-equips-all-doors-with-sesam\/"},"modified":"2021-10-20T19:15:53","modified_gmt":"2021-10-20T17:15:53","slug":"ovako-equips-all-doors-with-sesam","status":"publish","type":"page","link":"https:\/\/akerstroms.se\/en\/ovako-equips-all-doors-with-sesam\/","title":{"rendered":"Ovako equips all doors with Sesam"},"content":{"rendered":"<section class=\"hero alignfull  \" style=\"background-image: url(https:\/\/akerstroms.se\/app\/uploads\/2021\/08\/ovako-hofors-web-e1630420932611.jpg);\">\r\n        <div class=\"hero__text container\">\r\n        <h1 class=\"hero__title\">The <strong>reliable<\/strong> Sesam system opens the doors at Ovako in Hofors<\/h1>\r\n            <\/div>\r\n<\/section>\r\n\n\n\n<div style=\"height:60px\" aria-hidden=\"true\" class=\"wp-block-spacer\"><\/div>\n\n\n\n<p>Ovako rests on a 300-year-old foundation of solid Nordic expertise in steel production. By the 17th century, the early traditions of iron forges had been formed in Hofors, followed by Boxholm and H\u00e4llefors in the 18th century and Smedjebacken in 1856. Over the centuries, the forges grew into large industries and eventually became some of the companies that later developed into today\u2019s Ovako.<\/p>\n\n\n\n<p>Ovako is now a leading European manufacturer of component steel for customers in the ball bearing, transport and manufacturing industries. Production is based on recycled scrap and includes bars, tubes and pre-components. Ovako is represented in more than 30 countries and has sales offices in Europe, North America and Asia. The entire Ovako Group employs around 3,000 people, of which about 1,000 are in Hofors.<br><\/p>\n\n\n\n<h3 class=\"wp-block-heading\" id=\"h-preferred-supplier\">Preferred supplier<\/h3>\n\n\n\n<p>In 1958, \u00c5kerstr\u00f6ms became a preferred supplier to heavy industry, including Ovako in Hofors. \u00c5kerstr\u00f6ms has for many years had the honour of supplying remote control of traverses, cranes and various controls for boom gates and machinery to Ovako in Hofors, and since last year also for doors.<\/p>\n\n\n\n<h3 class=\"wp-block-heading\" id=\"h-sesam-controls-80-industrial-doors\">Sesam controls 80 industrial doors<\/h3>\n\n\n\n<p>Just over 20 years ago, the first Sesam systems were installed at Ovako in Hofors. The systems were used to control train barriers and various machinery. When the Sesam 800 system was introduced, the older units were eventually replaced. All Ovako\u2019s doors used another brand of remote control until last year when work began to replace all the controls with the Sesam 800. Today, about 80 industrial doors in the facility are controlled by the Sesam 800 system, consisting of the Large 99 transmitter and wall-mounted receivers.<\/p>\n\n\n\n<h3 class=\"wp-block-heading\" id=\"h-many-applications\">Many applications<\/h3>\n\n\n\n<p>The Sesam system has since been expanded to opening and closing furnace doors and to controlling a so-called scrap carousel where cut-up scrap is placed in different bins, which are then picked up by a loader. For flexible and secure control of the large-scale installation and all users, Ovako has limited the application areas and organised its transmitters in groups, called group IDs*. The aim is to easily assign access to one or more users so they can only control selected doors and machinery in a specified area.<\/p>\n\n\n\n<p>One day in early May we visit Robin Pussinen, who has been working as maintenance developer for a few months at Ovako in Hofors, and Lars Jansson, head of process control since 2017. Robin has a 10-year history as an electrical engineer at Ovako and Lars started his career as head electrician at the rolling mill in 1988.<\/p>\n\n\n\n<h3 class=\"wp-block-heading\" id=\"h-like-being-on-the-set-of-an-action-film\">Like being on the set of an action film<\/h3>\n\n\n\n<p>We get a guided tour of the impressive large facility, starting in a completely new science centre intended for meetings and visits by customers, suppliers and the public. We get a modern presentation of Ovako, its manufacturing and its products through film and VR technology. We get a modern presentation of Ovako, its manufacturing and products through film and VR technology.<\/p>\n\n\n\n<p>We then step into reality through the steel and rolling mill, where we are greeted by heat from molten scrap that is being processed into steel of the highest quality. The muffled sound and darkness are lit up by fire and sparks and the heavy process gives us an exciting feeling of stepping into the American science fiction\/action film The Terminator.<br>High up in the ceiling sit massive traverses and cranes that lift heavy, hot vessels and incipient steel structures, but the operator simply and easily lifts the heavy objects using our remote control from the floor via a waist transmitter or from a high-placed control booth. Impressive!<\/p>\n\n\n\n<h3 class=\"wp-block-heading\" id=\"h-kerstr-ms-a-safe-supplier\">\u00c5kerstr\u00f6ms \u2013 a safe supplier<\/h3>\n\n\n\n<p>After we exit, Robin demonstrates how opening and closing one of the doors is handled smoothly by our Sesam 800 system. Naturally, we are curious about what made Ovako in Hofors chose \u00c5kerstr\u00f6ms as its door-control supplier.<\/p>\n\n\n\n<blockquote class=\"wp-block-quote is-layout-flow wp-block-quote-is-layout-flow\"><p>We see the Sesam 800 as a rugged, user-friendly, safe and secure remote-control system for our doors and other applications in our process. Choosing \u00c5kerstr\u00f6ms as the supplier for door control was obvious to us, since we have had a good relationship with \u00c5kerstr\u00f6ms for several years regarding remote control of our traverses, says Robin.<\/p><p>As we work with maintenance, aftermarket is very important. \u00c5kerstr\u00f6ms provides us with security, which in turn provides security to our operators. We hope our partnership continues for many more years,\u201d concludes Robin.<\/p><cite>Robin Pussinen, Maintenance Developer, Ovako<\/cite><\/blockquote>\n\n\n\n<div style=\"height:40px\" aria-hidden=\"true\" class=\"wp-block-spacer\"><\/div>\n","protected":false},"excerpt":{"rendered":"<p>Ovako rests on a 300-year-old foundation of solid Nordic expertise in steel production. By the 17th century, the early traditions of iron forges had been&#8230;<\/p>\n","protected":false},"author":7,"featured_media":0,"parent":0,"menu_order":0,"comment_status":"closed","ping_status":"closed","template":"","meta":{"_acf_changed":false,"footnotes":""},"class_list":["post-11226","page","type-page","status-publish","hentry"],"acf":[],"yoast_head":"<!-- This site is optimized with the Yoast SEO plugin v27.4 - https:\/\/yoast.com\/product\/yoast-seo-wordpress\/ -->\n<title>Ovako equips all doors with Sesam - \u00c5kerstr\u00f6ms Bj\u00f6rbo<\/title>\n<meta name=\"robots\" content=\"index, follow, max-snippet:-1, max-image-preview:large, max-video-preview:-1\" \/>\n<link rel=\"canonical\" href=\"https:\/\/akerstroms.se\/en\/ovako-equips-all-doors-with-sesam\/\" \/>\n<meta property=\"og:locale\" content=\"en_US\" \/>\n<meta property=\"og:type\" content=\"article\" \/>\n<meta property=\"og:title\" content=\"Ovako equips all doors with Sesam - \u00c5kerstr\u00f6ms Bj\u00f6rbo\" \/>\n<meta property=\"og:description\" content=\"Ovako rests on a 300-year-old foundation of solid Nordic expertise in steel production. By the 17th century, the early traditions of iron forges had been...\" \/>\n<meta property=\"og:url\" content=\"https:\/\/akerstroms.se\/en\/ovako-equips-all-doors-with-sesam\/\" \/>\n<meta property=\"og:site_name\" content=\"\u00c5kerstr\u00f6ms Bj\u00f6rbo\" \/>\n<meta property=\"article:publisher\" content=\"https:\/\/www.facebook.com\/akerstroms.se\" \/>\n<meta property=\"article:modified_time\" content=\"2021-10-20T17:15:53+00:00\" \/>\n<meta property=\"og:image\" content=\"https:\/\/akerstroms.se\/app\/uploads\/2021\/09\/Akerstroms-remote-controls.jpg\" \/>\n\t<meta property=\"og:image:width\" content=\"1200\" \/>\n\t<meta property=\"og:image:height\" content=\"675\" \/>\n\t<meta property=\"og:image:type\" content=\"image\/jpeg\" \/>\n<meta name=\"twitter:card\" content=\"summary_large_image\" \/>\n<meta name=\"twitter:label1\" content=\"Est. reading time\" \/>\n\t<meta name=\"twitter:data1\" content=\"4 minutes\" \/>\n<script type=\"application\/ld+json\" class=\"yoast-schema-graph\">{\"@context\":\"https:\\\/\\\/schema.org\",\"@graph\":[{\"@type\":\"WebPage\",\"@id\":\"https:\\\/\\\/akerstroms.se\\\/en\\\/ovako-equips-all-doors-with-sesam\\\/\",\"url\":\"https:\\\/\\\/akerstroms.se\\\/en\\\/ovako-equips-all-doors-with-sesam\\\/\",\"name\":\"Ovako equips all doors with Sesam - \u00c5kerstr\u00f6ms Bj\u00f6rbo\",\"isPartOf\":{\"@id\":\"https:\\\/\\\/akerstroms.se\\\/#website\"},\"datePublished\":\"2021-10-05T13:29:26+00:00\",\"dateModified\":\"2021-10-20T17:15:53+00:00\",\"breadcrumb\":{\"@id\":\"https:\\\/\\\/akerstroms.se\\\/en\\\/ovako-equips-all-doors-with-sesam\\\/#breadcrumb\"},\"inLanguage\":\"en-US\",\"potentialAction\":[{\"@type\":\"ReadAction\",\"target\":[\"https:\\\/\\\/akerstroms.se\\\/en\\\/ovako-equips-all-doors-with-sesam\\\/\"]}]},{\"@type\":\"BreadcrumbList\",\"@id\":\"https:\\\/\\\/akerstroms.se\\\/en\\\/ovako-equips-all-doors-with-sesam\\\/#breadcrumb\",\"itemListElement\":[{\"@type\":\"ListItem\",\"position\":1,\"name\":\"Home\",\"item\":\"https:\\\/\\\/akerstroms.se\\\/en\\\/\"},{\"@type\":\"ListItem\",\"position\":2,\"name\":\"Ovako equips all doors with Sesam\"}]},{\"@type\":\"WebSite\",\"@id\":\"https:\\\/\\\/akerstroms.se\\\/#website\",\"url\":\"https:\\\/\\\/akerstroms.se\\\/\",\"name\":\"\u00c5kerstr\u00f6ms Bj\u00f6rbo\",\"description\":\"Radiostyrning f\u00f6r industriella och mobila applikationer\",\"publisher\":{\"@id\":\"https:\\\/\\\/akerstroms.se\\\/#organization\"},\"potentialAction\":[{\"@type\":\"SearchAction\",\"target\":{\"@type\":\"EntryPoint\",\"urlTemplate\":\"https:\\\/\\\/akerstroms.se\\\/?s={search_term_string}\"},\"query-input\":{\"@type\":\"PropertyValueSpecification\",\"valueRequired\":true,\"valueName\":\"search_term_string\"}}],\"inLanguage\":\"en-US\"},{\"@type\":\"Organization\",\"@id\":\"https:\\\/\\\/akerstroms.se\\\/#organization\",\"name\":\"\u00c5kerstr\u00f6ms AB\",\"url\":\"https:\\\/\\\/akerstroms.se\\\/\",\"logo\":{\"@type\":\"ImageObject\",\"inLanguage\":\"en-US\",\"@id\":\"https:\\\/\\\/akerstroms.se\\\/#\\\/schema\\\/logo\\\/image\\\/\",\"url\":\"https:\\\/\\\/akerstroms.se\\\/app\\\/uploads\\\/2021\\\/10\\\/akerstroms-logo.png\",\"contentUrl\":\"https:\\\/\\\/akerstroms.se\\\/app\\\/uploads\\\/2021\\\/10\\\/akerstroms-logo.png\",\"width\":400,\"height\":86,\"caption\":\"\u00c5kerstr\u00f6ms AB\"},\"image\":{\"@id\":\"https:\\\/\\\/akerstroms.se\\\/#\\\/schema\\\/logo\\\/image\\\/\"},\"sameAs\":[\"https:\\\/\\\/www.facebook.com\\\/akerstroms.se\",\"https:\\\/\\\/www.linkedin.com\\\/company\\\/akerstroms\\\/\",\"https:\\\/\\\/www.youtube.com\\\/channel\\\/UC8S-jX9nA8c9qBaTlgqg1CQ\"]}]}<\/script>\n<!-- \/ Yoast SEO plugin. -->","yoast_head_json":{"title":"Ovako equips all doors with Sesam - \u00c5kerstr\u00f6ms Bj\u00f6rbo","robots":{"index":"index","follow":"follow","max-snippet":"max-snippet:-1","max-image-preview":"max-image-preview:large","max-video-preview":"max-video-preview:-1"},"canonical":"https:\/\/akerstroms.se\/en\/ovako-equips-all-doors-with-sesam\/","og_locale":"en_US","og_type":"article","og_title":"Ovako equips all doors with Sesam - \u00c5kerstr\u00f6ms Bj\u00f6rbo","og_description":"Ovako rests on a 300-year-old foundation of solid Nordic expertise in steel production. By the 17th century, the early traditions of iron forges had been...","og_url":"https:\/\/akerstroms.se\/en\/ovako-equips-all-doors-with-sesam\/","og_site_name":"\u00c5kerstr\u00f6ms Bj\u00f6rbo","article_publisher":"https:\/\/www.facebook.com\/akerstroms.se","article_modified_time":"2021-10-20T17:15:53+00:00","og_image":[{"width":1200,"height":675,"url":"https:\/\/akerstroms.se\/app\/uploads\/2021\/09\/Akerstroms-remote-controls.jpg","type":"image\/jpeg"}],"twitter_card":"summary_large_image","twitter_misc":{"Est. reading time":"4 minutes"},"schema":{"@context":"https:\/\/schema.org","@graph":[{"@type":"WebPage","@id":"https:\/\/akerstroms.se\/en\/ovako-equips-all-doors-with-sesam\/","url":"https:\/\/akerstroms.se\/en\/ovako-equips-all-doors-with-sesam\/","name":"Ovako equips all doors with Sesam - \u00c5kerstr\u00f6ms Bj\u00f6rbo","isPartOf":{"@id":"https:\/\/akerstroms.se\/#website"},"datePublished":"2021-10-05T13:29:26+00:00","dateModified":"2021-10-20T17:15:53+00:00","breadcrumb":{"@id":"https:\/\/akerstroms.se\/en\/ovako-equips-all-doors-with-sesam\/#breadcrumb"},"inLanguage":"en-US","potentialAction":[{"@type":"ReadAction","target":["https:\/\/akerstroms.se\/en\/ovako-equips-all-doors-with-sesam\/"]}]},{"@type":"BreadcrumbList","@id":"https:\/\/akerstroms.se\/en\/ovako-equips-all-doors-with-sesam\/#breadcrumb","itemListElement":[{"@type":"ListItem","position":1,"name":"Home","item":"https:\/\/akerstroms.se\/en\/"},{"@type":"ListItem","position":2,"name":"Ovako equips all doors with Sesam"}]},{"@type":"WebSite","@id":"https:\/\/akerstroms.se\/#website","url":"https:\/\/akerstroms.se\/","name":"\u00c5kerstr\u00f6ms Bj\u00f6rbo","description":"Radiostyrning f\u00f6r industriella och mobila applikationer","publisher":{"@id":"https:\/\/akerstroms.se\/#organization"},"potentialAction":[{"@type":"SearchAction","target":{"@type":"EntryPoint","urlTemplate":"https:\/\/akerstroms.se\/?s={search_term_string}"},"query-input":{"@type":"PropertyValueSpecification","valueRequired":true,"valueName":"search_term_string"}}],"inLanguage":"en-US"},{"@type":"Organization","@id":"https:\/\/akerstroms.se\/#organization","name":"\u00c5kerstr\u00f6ms AB","url":"https:\/\/akerstroms.se\/","logo":{"@type":"ImageObject","inLanguage":"en-US","@id":"https:\/\/akerstroms.se\/#\/schema\/logo\/image\/","url":"https:\/\/akerstroms.se\/app\/uploads\/2021\/10\/akerstroms-logo.png","contentUrl":"https:\/\/akerstroms.se\/app\/uploads\/2021\/10\/akerstroms-logo.png","width":400,"height":86,"caption":"\u00c5kerstr\u00f6ms AB"},"image":{"@id":"https:\/\/akerstroms.se\/#\/schema\/logo\/image\/"},"sameAs":["https:\/\/www.facebook.com\/akerstroms.se","https:\/\/www.linkedin.com\/company\/akerstroms\/","https:\/\/www.youtube.com\/channel\/UC8S-jX9nA8c9qBaTlgqg1CQ"]}]}},"_links":{"self":[{"href":"https:\/\/akerstroms.se\/en\/wp-json\/wp\/v2\/pages\/11226","targetHints":{"allow":["GET"]}}],"collection":[{"href":"https:\/\/akerstroms.se\/en\/wp-json\/wp\/v2\/pages"}],"about":[{"href":"https:\/\/akerstroms.se\/en\/wp-json\/wp\/v2\/types\/page"}],"author":[{"embeddable":true,"href":"https:\/\/akerstroms.se\/en\/wp-json\/wp\/v2\/users\/7"}],"replies":[{"embeddable":true,"href":"https:\/\/akerstroms.se\/en\/wp-json\/wp\/v2\/comments?post=11226"}],"version-history":[{"count":7,"href":"https:\/\/akerstroms.se\/en\/wp-json\/wp\/v2\/pages\/11226\/revisions"}],"predecessor-version":[{"id":13209,"href":"https:\/\/akerstroms.se\/en\/wp-json\/wp\/v2\/pages\/11226\/revisions\/13209"}],"wp:attachment":[{"href":"https:\/\/akerstroms.se\/en\/wp-json\/wp\/v2\/media?parent=11226"}],"curies":[{"name":"wp","href":"https:\/\/api.w.org\/{rel}","templated":true}]}}