{"id":11224,"date":"2021-10-05T15:29:18","date_gmt":"2021-10-05T13:29:18","guid":{"rendered":"https:\/\/akerstroms.se\/product-overview\/"},"modified":"2024-02-20T10:16:35","modified_gmt":"2024-02-20T09:16:35","slug":"product-overview","status":"publish","type":"page","link":"https:\/\/akerstroms.se\/en\/product-overview\/","title":{"rendered":"Product overview"},"content":{"rendered":"<section class=\"hero alignfull tone \" style=\"background-image: url(https:\/\/akerstroms.se\/app\/uploads\/2024\/02\/LKAB_MK3_MG_1305.jpg);\">\r\n        <div class=\"hero__text container\">\r\n        <h1 class=\"hero__title\">Reliable <strong>radio remote control<\/strong> for increased control and safety<\/h1>\r\n                    <p class=\"hero__excerpt\">For more than 100 years, we have developed products and services adapted to meet both current and future needs. We offer our customers control and safety in their workplace thanks to our safe and robust remote control systems. We offer a wide range of products and services that includes a variety of transmitters, receivers and other equipment to create complete systems.<\/p>\r\n            <\/div>\r\n<\/section>\r\n\n\n\n<div class=\"wp-block-cover alignfull is-light\"><span aria-hidden=\"true\" class=\"wp-block-cover__background has-white-background-color has-background-dim-100 has-background-dim\"><\/span><div class=\"wp-block-cover__inner-container is-layout-flow wp-block-cover-is-layout-flow\">\n<div style=\"height:75px\" aria-hidden=\"true\" class=\"wp-block-spacer\"><\/div>\n\n\n\n<h2 class=\"wp-block-heading has-text-align-center has-black-color has-text-color\" id=\"h-product-overview-what-we-do\"><strong>Product overview \u2013 <\/strong>What we do<\/h2>\n\n\n\n<p class=\"has-black-color has-text-color\">\u00c5kerstr\u00f6ms offers safe solutions in the field of remote control and digital services for industrial processes. <strong>High quality remote control<\/strong> and customized solutions make the difference between a problem-free working day and long downtimes and accidents in the workplace. Our range includes solutions for every customer, regardless of their size, industry or application.<\/p>\n\n\n\n<div style=\"height:30px\" aria-hidden=\"true\" class=\"wp-block-spacer\"><\/div>\n\n\n\n<div class=\"wp-block-columns is-layout-flex wp-container-core-columns-is-layout-9d6595d7 wp-block-columns-is-layout-flex\">\n<div class=\"wp-block-column is-layout-flow wp-block-column-is-layout-flow\">\n<figure class=\"wp-block-image size-large\"><img loading=\"lazy\" decoding=\"async\" width=\"700\" height=\"700\" src=\"https:\/\/akerstroms.se\/app\/uploads\/2024\/02\/remotus-grupp-web-700x700.png\" alt=\"\" class=\"wp-image-19891\" srcset=\"https:\/\/akerstroms.se\/app\/uploads\/2024\/02\/remotus-grupp-web-700x700.png 700w, https:\/\/akerstroms.se\/app\/uploads\/2024\/02\/remotus-grupp-web-250x250.png 250w, https:\/\/akerstroms.se\/app\/uploads\/2024\/02\/remotus-grupp-web-150x150.png 150w, https:\/\/akerstroms.se\/app\/uploads\/2024\/02\/remotus-grupp-web-768x768.png 768w, https:\/\/akerstroms.se\/app\/uploads\/2024\/02\/remotus-grupp-web-120x120.png 120w, https:\/\/akerstroms.se\/app\/uploads\/2024\/02\/remotus-grupp-web-540x540.png 540w, https:\/\/akerstroms.se\/app\/uploads\/2024\/02\/remotus-grupp-web-300x300.png 300w, https:\/\/akerstroms.se\/app\/uploads\/2024\/02\/remotus-grupp-web-600x600.png 600w, https:\/\/akerstroms.se\/app\/uploads\/2024\/02\/remotus-grupp-web-100x100.png 100w, https:\/\/akerstroms.se\/app\/uploads\/2024\/02\/remotus-grupp-web.png 1181w\" sizes=\"auto, (max-width: 700px) 100vw, 700px\" \/><\/figure>\n\n\n\n<h3 class=\"wp-block-heading has-black-color has-text-color\" id=\"h-remotus\"><strong>Remotus<\/strong><\/h3>\n\n\n\n<p class=\"has-black-color has-text-color\">Remotus is our range of robust products and solutions for the remote control of <strong>safety critical<\/strong> applications.<\/p>\n\n\n\n<div class=\"wp-block-buttons is-layout-flex wp-block-buttons-is-layout-flex\">\n<div class=\"wp-block-button is-style-fill\"><a class=\"wp-block-button__link has-white-color has-orange-background-color has-text-color has-background has-link-color wp-element-button\" href=\"https:\/\/akerstroms.se\/en\/product-overview\/#remotus\" style=\"border-radius:6px\">Read more about Remotus<\/a><\/div>\n<\/div>\n<\/div>\n\n\n\n<div class=\"wp-block-column is-layout-flow wp-block-column-is-layout-flow\">\n<figure class=\"wp-block-image size-large\"><img loading=\"lazy\" decoding=\"async\" width=\"700\" height=\"700\" src=\"https:\/\/akerstroms.se\/app\/uploads\/2024\/02\/sesam-geupp-web-700x700.png\" alt=\"\" class=\"wp-image-19888\" srcset=\"https:\/\/akerstroms.se\/app\/uploads\/2024\/02\/sesam-geupp-web-700x700.png 700w, https:\/\/akerstroms.se\/app\/uploads\/2024\/02\/sesam-geupp-web-250x250.png 250w, https:\/\/akerstroms.se\/app\/uploads\/2024\/02\/sesam-geupp-web-150x150.png 150w, https:\/\/akerstroms.se\/app\/uploads\/2024\/02\/sesam-geupp-web-768x768.png 768w, https:\/\/akerstroms.se\/app\/uploads\/2024\/02\/sesam-geupp-web-120x120.png 120w, https:\/\/akerstroms.se\/app\/uploads\/2024\/02\/sesam-geupp-web-540x540.png 540w, https:\/\/akerstroms.se\/app\/uploads\/2024\/02\/sesam-geupp-web-300x300.png 300w, https:\/\/akerstroms.se\/app\/uploads\/2024\/02\/sesam-geupp-web-600x600.png 600w, https:\/\/akerstroms.se\/app\/uploads\/2024\/02\/sesam-geupp-web-100x100.png 100w, https:\/\/akerstroms.se\/app\/uploads\/2024\/02\/sesam-geupp-web.png 1181w\" sizes=\"auto, (max-width: 700px) 100vw, 700px\" \/><\/figure>\n\n\n\n<h3 class=\"wp-block-heading has-black-color has-text-color\" id=\"h-sesam\"><strong>Sesam<\/strong><\/h3>\n\n\n\n<p class=\"has-black-color has-text-color\">Sesam is our robust product family for the remote control of <strong>non-safety critical<\/strong> applications.<\/p>\n\n\n\n<div class=\"wp-block-buttons is-layout-flex wp-block-buttons-is-layout-flex\">\n<div class=\"wp-block-button\"><a class=\"wp-block-button__link has-white-color has-orange-background-color has-text-color has-background has-link-color wp-element-button\" href=\"https:\/\/akerstroms.se\/en\/product-overview\/#sesam\" style=\"border-radius:6px\">Read more about Sesam<\/a><\/div>\n<\/div>\n<\/div>\n\n\n\n<div class=\"wp-block-column is-layout-flow wp-block-column-is-layout-flow\">\n<figure class=\"wp-block-image size-large\"><img loading=\"lazy\" decoding=\"async\" width=\"700\" height=\"700\" src=\"https:\/\/akerstroms.se\/app\/uploads\/2024\/02\/webshop-acess-700x700.png\" alt=\"\" class=\"wp-image-19885\" srcset=\"https:\/\/akerstroms.se\/app\/uploads\/2024\/02\/webshop-acess-700x700.png 700w, https:\/\/akerstroms.se\/app\/uploads\/2024\/02\/webshop-acess-250x250.png 250w, https:\/\/akerstroms.se\/app\/uploads\/2024\/02\/webshop-acess-150x150.png 150w, https:\/\/akerstroms.se\/app\/uploads\/2024\/02\/webshop-acess-768x768.png 768w, https:\/\/akerstroms.se\/app\/uploads\/2024\/02\/webshop-acess-120x120.png 120w, https:\/\/akerstroms.se\/app\/uploads\/2024\/02\/webshop-acess-540x540.png 540w, https:\/\/akerstroms.se\/app\/uploads\/2024\/02\/webshop-acess-300x300.png 300w, https:\/\/akerstroms.se\/app\/uploads\/2024\/02\/webshop-acess-600x600.png 600w, https:\/\/akerstroms.se\/app\/uploads\/2024\/02\/webshop-acess-100x100.png 100w, https:\/\/akerstroms.se\/app\/uploads\/2024\/02\/webshop-acess.png 1181w\" sizes=\"auto, (max-width: 700px) 100vw, 700px\" \/><\/figure>\n\n\n\n<h3 class=\"wp-block-heading has-black-color has-text-color\" id=\"h-access-ctrl\"><strong>Access_Ctrl<\/strong><\/h3>\n\n\n\n<p class=\"has-black-color has-text-color\">Access_Ctrl is the name of our business area for <strong>connected services<\/strong> for access management and logging.<\/p>\n\n\n\n<div class=\"wp-block-buttons is-layout-flex wp-block-buttons-is-layout-flex\">\n<div class=\"wp-block-button\"><a class=\"wp-block-button__link has-orange-background-color has-background wp-element-button\" style=\"border-radius:6px\">Read more about Access_Ctrl<\/a><\/div>\n<\/div>\n<\/div>\n<\/div>\n\n\n\n<div style=\"height:75px\" aria-hidden=\"true\" class=\"wp-block-spacer\"><\/div>\n\n\n    <section class=\"linkables container\" data-color=\"black\">\r\n                    <div class=\"linkables__block flex-row-wrapper\" id=\"remotus\">\r\n                <div class=\"linkables__block__img\">\r\n                                        <img decoding=\"async\" src=\"https:\/\/akerstroms.se\/app\/uploads\/2024\/02\/Spolbil-BKGR-Gabriel-Alenius-2354-scaled.jpg\" alt=\"\">\r\n                <\/div>\r\n                <div class=\"linkables__block__text\">\r\n                    <h3 class=\"linkables__block__title\">Remotus &#8211; Safety critical applications<\/h3>\r\n                    <p class=\"linkables__block__excerpt\">Remotus is the name of our family of robust radio controlled products for safety-critical industrial applications. Several of the products in this range are safety classed as PL d., Cat 3, EN ISO 13849-1. The waist transmitters have dual CPUs, which means superior safety, even with movements\/functions. They have an active stop function, which means the receiver will stop in less than 100\u00a0ms. Transmitters with displays can show function data and system alarms.  Remotus is ordinarily used for cranes, vehicles, machinery, harbour equipment and other equipment with high safety requirements. The system can control multiple cranes from one transmitter or several transmitters can control one crane, i.e. tandem operation.<br \/>\r\n<br \/>\r\n Remotus can also be tailored to the customer\u2019s specific needs.<\/p>\r\n                                            <a class=\"linkables__block__button button button--primary\" href=\"https:\/\/akerstroms.se\/en\/products-services\/remotus\/\" title=\"Go to the Remotus family of products\" target=\"\">\r\n                            Go to the Remotus family of products                        <\/a>\r\n                                    <\/div>\r\n            <\/div>\r\n                    <div class=\"linkables__block flex-row-wrapper\" id=\"sesam\">\r\n                <div class=\"linkables__block__img\">\r\n                                        <img decoding=\"async\" src=\"https:\/\/akerstroms.se\/app\/uploads\/2024\/02\/sesam-miljobild-2.png\" alt=\"\">\r\n                <\/div>\r\n                <div class=\"linkables__block__text\">\r\n                    <h3 class=\"linkables__block__title\">Sesam &#8211; For non-safety critical applications<\/h3>\r\n                    <p class=\"linkables__block__excerpt\">The Sesam family is used for controlling applications such as doors and gates, fans, lights and other non-safety-critical functions. The Sesam family offers different sizes of pushbutton transmitters, from small on\/off varieties to large ones that can control up to a thousand different receivers, which is practical for facilities with many doors, for example. The receivers are available for wall or DIN mounting, and we also offer a model for mounting on machinery or wagons in demanding environments. There is also a software solution for easy configuration of large-scale facilities,  which is practical when installing many transmitters and receivers that often need to be managed.<\/p>\r\n                                            <a class=\"linkables__block__button button button--primary\" href=\"https:\/\/akerstroms.se\/en\/products-services\/sesam\/\" title=\"Go to the Sesam family of products\" target=\"\">\r\n                            Go to the Sesam family of products                        <\/a>\r\n                                    <\/div>\r\n            <\/div>\r\n                    <div class=\"linkables__block flex-row-wrapper\" id=\"accessctrl\">\r\n                <div class=\"linkables__block__img\">\r\n                                        <img decoding=\"async\" src=\"https:\/\/akerstroms.se\/app\/uploads\/2024\/02\/Bakground_6128-2-scaled.jpg\" alt=\"\">\r\n                <\/div>\r\n                <div class=\"linkables__block__text\">\r\n                    <h3 class=\"linkables__block__title\">Access_Ctrl &#8211; Access management and production data log<\/h3>\r\n                    <p class=\"linkables__block__excerpt\">To limit accidents and injuries in the workplace, it is extremely important for the employer to control who can use the equipment and in what way. The most common cause of accidents is mismanagement of equipment and untrained personnel having access to the application. With Access_Ctrl, we can help you reduce these problems through managed access to the remote control with an optional RFID tag. As an administrator, you can then easily control when and how the equipment may be used with our system. You have access to logs that show how the equipment was used and by whom as well as any unauthorized login attempts.  All easily accessed via a web interface.<\/p>\r\n                                            <a class=\"linkables__block__button button button--primary\" href=\"https:\/\/akerstroms.se\/en\/products-services\/access_ctrl\/\" title=\"Go to Access_Ctrl\" target=\"\">\r\n                            Go to Access_Ctrl                        <\/a>\r\n                                    <\/div>\r\n            <\/div>\r\n            <\/section>\r\n\n\n\n<div style=\"height:56px\" aria-hidden=\"true\" class=\"wp-block-spacer\"><\/div>\n\n\n\n<div class=\"wp-block-cover alignfull has-background-dim\" style=\"background-color:#ef7f00\"><div class=\"wp-block-cover__inner-container is-layout-flow wp-block-cover-is-layout-flow\">\n<h2 class=\"has-text-align-center has-black-color has-text-color wp-block-heading\" id=\"h-har-du-fr-gor-till-oss-skriv-till-oss\">Do you have any <strong>questions for us?<\/strong><br\/>Contact us <\/h2>\n\n\n\n<div style=\"height:20px\" aria-hidden=\"true\" class=\"wp-block-spacer\"><\/div>\n\n\n\n<div class=\"wp-block-buttons is-content-justification-center is-layout-flex wp-block-buttons-is-layout-flex\">\n<div class=\"wp-block-button is-style-fill\"><a class=\"wp-block-button__link has-white-color has-black-background-color has-text-color has-background\" href=\"https:\/\/akerstroms.se\/en\/contact\/\" style=\"border-radius:3px\">CONTACT US<\/a><\/div>\n<\/div>\n<\/div><\/div>\n<\/div><\/div>\n","protected":false},"excerpt":{"rendered":"","protected":false},"author":1,"featured_media":0,"parent":0,"menu_order":0,"comment_status":"closed","ping_status":"closed","template":"","meta":{"_acf_changed":false,"footnotes":""},"class_list":["post-11224","page","type-page","status-publish","hentry"],"acf":[],"yoast_head":"<!-- This site is optimized with the Yoast SEO plugin v27.4 - https:\/\/yoast.com\/product\/yoast-seo-wordpress\/ -->\n<title>Product overview - \u00c5kerstr\u00f6ms Bj\u00f6rbo<\/title>\n<meta name=\"robots\" content=\"index, follow, max-snippet:-1, max-image-preview:large, max-video-preview:-1\" \/>\n<link rel=\"canonical\" href=\"https:\/\/akerstroms.se\/en\/product-overview\/\" \/>\n<meta property=\"og:locale\" content=\"en_US\" \/>\n<meta property=\"og:type\" content=\"article\" \/>\n<meta property=\"og:title\" content=\"Product overview - \u00c5kerstr\u00f6ms Bj\u00f6rbo\" \/>\n<meta property=\"og:url\" content=\"https:\/\/akerstroms.se\/en\/product-overview\/\" \/>\n<meta property=\"og:site_name\" content=\"\u00c5kerstr\u00f6ms Bj\u00f6rbo\" \/>\n<meta property=\"article:publisher\" content=\"https:\/\/www.facebook.com\/akerstroms.se\" \/>\n<meta property=\"article:modified_time\" content=\"2024-02-20T09:16:35+00:00\" \/>\n<meta property=\"og:image\" content=\"https:\/\/akerstroms.se\/app\/uploads\/2024\/02\/remotus-grupp-web-700x700.png\" \/>\n<meta name=\"twitter:card\" content=\"summary_large_image\" \/>\n<meta name=\"twitter:label1\" content=\"Est. reading time\" \/>\n\t<meta name=\"twitter:data1\" content=\"3 minutes\" \/>\n<script type=\"application\/ld+json\" class=\"yoast-schema-graph\">{\"@context\":\"https:\\\/\\\/schema.org\",\"@graph\":[{\"@type\":\"WebPage\",\"@id\":\"https:\\\/\\\/akerstroms.se\\\/en\\\/product-overview\\\/\",\"url\":\"https:\\\/\\\/akerstroms.se\\\/en\\\/product-overview\\\/\",\"name\":\"Product overview - \u00c5kerstr\u00f6ms Bj\u00f6rbo\",\"isPartOf\":{\"@id\":\"https:\\\/\\\/akerstroms.se\\\/#website\"},\"primaryImageOfPage\":{\"@id\":\"https:\\\/\\\/akerstroms.se\\\/en\\\/product-overview\\\/#primaryimage\"},\"image\":{\"@id\":\"https:\\\/\\\/akerstroms.se\\\/en\\\/product-overview\\\/#primaryimage\"},\"thumbnailUrl\":\"https:\\\/\\\/akerstroms.se\\\/app\\\/uploads\\\/2024\\\/02\\\/remotus-grupp-web-700x700.png\",\"datePublished\":\"2021-10-05T13:29:18+00:00\",\"dateModified\":\"2024-02-20T09:16:35+00:00\",\"breadcrumb\":{\"@id\":\"https:\\\/\\\/akerstroms.se\\\/en\\\/product-overview\\\/#breadcrumb\"},\"inLanguage\":\"en-US\",\"potentialAction\":[{\"@type\":\"ReadAction\",\"target\":[\"https:\\\/\\\/akerstroms.se\\\/en\\\/product-overview\\\/\"]}]},{\"@type\":\"ImageObject\",\"inLanguage\":\"en-US\",\"@id\":\"https:\\\/\\\/akerstroms.se\\\/en\\\/product-overview\\\/#primaryimage\",\"url\":\"https:\\\/\\\/akerstroms.se\\\/app\\\/uploads\\\/2024\\\/02\\\/remotus-grupp-web-700x700.png\",\"contentUrl\":\"https:\\\/\\\/akerstroms.se\\\/app\\\/uploads\\\/2024\\\/02\\\/remotus-grupp-web-700x700.png\"},{\"@type\":\"BreadcrumbList\",\"@id\":\"https:\\\/\\\/akerstroms.se\\\/en\\\/product-overview\\\/#breadcrumb\",\"itemListElement\":[{\"@type\":\"ListItem\",\"position\":1,\"name\":\"Home\",\"item\":\"https:\\\/\\\/akerstroms.se\\\/en\\\/\"},{\"@type\":\"ListItem\",\"position\":2,\"name\":\"Product overview\"}]},{\"@type\":\"WebSite\",\"@id\":\"https:\\\/\\\/akerstroms.se\\\/#website\",\"url\":\"https:\\\/\\\/akerstroms.se\\\/\",\"name\":\"\u00c5kerstr\u00f6ms Bj\u00f6rbo\",\"description\":\"Radiostyrning f\u00f6r industriella och mobila applikationer\",\"publisher\":{\"@id\":\"https:\\\/\\\/akerstroms.se\\\/#organization\"},\"potentialAction\":[{\"@type\":\"SearchAction\",\"target\":{\"@type\":\"EntryPoint\",\"urlTemplate\":\"https:\\\/\\\/akerstroms.se\\\/?s={search_term_string}\"},\"query-input\":{\"@type\":\"PropertyValueSpecification\",\"valueRequired\":true,\"valueName\":\"search_term_string\"}}],\"inLanguage\":\"en-US\"},{\"@type\":\"Organization\",\"@id\":\"https:\\\/\\\/akerstroms.se\\\/#organization\",\"name\":\"\u00c5kerstr\u00f6ms AB\",\"url\":\"https:\\\/\\\/akerstroms.se\\\/\",\"logo\":{\"@type\":\"ImageObject\",\"inLanguage\":\"en-US\",\"@id\":\"https:\\\/\\\/akerstroms.se\\\/#\\\/schema\\\/logo\\\/image\\\/\",\"url\":\"https:\\\/\\\/akerstroms.se\\\/app\\\/uploads\\\/2021\\\/10\\\/akerstroms-logo.png\",\"contentUrl\":\"https:\\\/\\\/akerstroms.se\\\/app\\\/uploads\\\/2021\\\/10\\\/akerstroms-logo.png\",\"width\":400,\"height\":86,\"caption\":\"\u00c5kerstr\u00f6ms AB\"},\"image\":{\"@id\":\"https:\\\/\\\/akerstroms.se\\\/#\\\/schema\\\/logo\\\/image\\\/\"},\"sameAs\":[\"https:\\\/\\\/www.facebook.com\\\/akerstroms.se\",\"https:\\\/\\\/www.linkedin.com\\\/company\\\/akerstroms\\\/\",\"https:\\\/\\\/www.youtube.com\\\/channel\\\/UC8S-jX9nA8c9qBaTlgqg1CQ\"]}]}<\/script>\n<!-- \/ Yoast SEO plugin. -->","yoast_head_json":{"title":"Product overview - \u00c5kerstr\u00f6ms Bj\u00f6rbo","robots":{"index":"index","follow":"follow","max-snippet":"max-snippet:-1","max-image-preview":"max-image-preview:large","max-video-preview":"max-video-preview:-1"},"canonical":"https:\/\/akerstroms.se\/en\/product-overview\/","og_locale":"en_US","og_type":"article","og_title":"Product overview - \u00c5kerstr\u00f6ms Bj\u00f6rbo","og_url":"https:\/\/akerstroms.se\/en\/product-overview\/","og_site_name":"\u00c5kerstr\u00f6ms Bj\u00f6rbo","article_publisher":"https:\/\/www.facebook.com\/akerstroms.se","article_modified_time":"2024-02-20T09:16:35+00:00","og_image":[{"url":"https:\/\/akerstroms.se\/app\/uploads\/2024\/02\/remotus-grupp-web-700x700.png","type":"","width":"","height":""}],"twitter_card":"summary_large_image","twitter_misc":{"Est. reading time":"3 minutes"},"schema":{"@context":"https:\/\/schema.org","@graph":[{"@type":"WebPage","@id":"https:\/\/akerstroms.se\/en\/product-overview\/","url":"https:\/\/akerstroms.se\/en\/product-overview\/","name":"Product overview - \u00c5kerstr\u00f6ms Bj\u00f6rbo","isPartOf":{"@id":"https:\/\/akerstroms.se\/#website"},"primaryImageOfPage":{"@id":"https:\/\/akerstroms.se\/en\/product-overview\/#primaryimage"},"image":{"@id":"https:\/\/akerstroms.se\/en\/product-overview\/#primaryimage"},"thumbnailUrl":"https:\/\/akerstroms.se\/app\/uploads\/2024\/02\/remotus-grupp-web-700x700.png","datePublished":"2021-10-05T13:29:18+00:00","dateModified":"2024-02-20T09:16:35+00:00","breadcrumb":{"@id":"https:\/\/akerstroms.se\/en\/product-overview\/#breadcrumb"},"inLanguage":"en-US","potentialAction":[{"@type":"ReadAction","target":["https:\/\/akerstroms.se\/en\/product-overview\/"]}]},{"@type":"ImageObject","inLanguage":"en-US","@id":"https:\/\/akerstroms.se\/en\/product-overview\/#primaryimage","url":"https:\/\/akerstroms.se\/app\/uploads\/2024\/02\/remotus-grupp-web-700x700.png","contentUrl":"https:\/\/akerstroms.se\/app\/uploads\/2024\/02\/remotus-grupp-web-700x700.png"},{"@type":"BreadcrumbList","@id":"https:\/\/akerstroms.se\/en\/product-overview\/#breadcrumb","itemListElement":[{"@type":"ListItem","position":1,"name":"Home","item":"https:\/\/akerstroms.se\/en\/"},{"@type":"ListItem","position":2,"name":"Product overview"}]},{"@type":"WebSite","@id":"https:\/\/akerstroms.se\/#website","url":"https:\/\/akerstroms.se\/","name":"\u00c5kerstr\u00f6ms Bj\u00f6rbo","description":"Radiostyrning f\u00f6r industriella och mobila applikationer","publisher":{"@id":"https:\/\/akerstroms.se\/#organization"},"potentialAction":[{"@type":"SearchAction","target":{"@type":"EntryPoint","urlTemplate":"https:\/\/akerstroms.se\/?s={search_term_string}"},"query-input":{"@type":"PropertyValueSpecification","valueRequired":true,"valueName":"search_term_string"}}],"inLanguage":"en-US"},{"@type":"Organization","@id":"https:\/\/akerstroms.se\/#organization","name":"\u00c5kerstr\u00f6ms AB","url":"https:\/\/akerstroms.se\/","logo":{"@type":"ImageObject","inLanguage":"en-US","@id":"https:\/\/akerstroms.se\/#\/schema\/logo\/image\/","url":"https:\/\/akerstroms.se\/app\/uploads\/2021\/10\/akerstroms-logo.png","contentUrl":"https:\/\/akerstroms.se\/app\/uploads\/2021\/10\/akerstroms-logo.png","width":400,"height":86,"caption":"\u00c5kerstr\u00f6ms AB"},"image":{"@id":"https:\/\/akerstroms.se\/#\/schema\/logo\/image\/"},"sameAs":["https:\/\/www.facebook.com\/akerstroms.se","https:\/\/www.linkedin.com\/company\/akerstroms\/","https:\/\/www.youtube.com\/channel\/UC8S-jX9nA8c9qBaTlgqg1CQ"]}]}},"_links":{"self":[{"href":"https:\/\/akerstroms.se\/en\/wp-json\/wp\/v2\/pages\/11224","targetHints":{"allow":["GET"]}}],"collection":[{"href":"https:\/\/akerstroms.se\/en\/wp-json\/wp\/v2\/pages"}],"about":[{"href":"https:\/\/akerstroms.se\/en\/wp-json\/wp\/v2\/types\/page"}],"author":[{"embeddable":true,"href":"https:\/\/akerstroms.se\/en\/wp-json\/wp\/v2\/users\/1"}],"replies":[{"embeddable":true,"href":"https:\/\/akerstroms.se\/en\/wp-json\/wp\/v2\/comments?post=11224"}],"version-history":[{"count":13,"href":"https:\/\/akerstroms.se\/en\/wp-json\/wp\/v2\/pages\/11224\/revisions"}],"predecessor-version":[{"id":19912,"href":"https:\/\/akerstroms.se\/en\/wp-json\/wp\/v2\/pages\/11224\/revisions\/19912"}],"wp:attachment":[{"href":"https:\/\/akerstroms.se\/en\/wp-json\/wp\/v2\/media?parent=11224"}],"curies":[{"name":"wp","href":"https:\/\/api.w.org\/{rel}","templated":true}]}}