{"id":11145,"date":"2021-10-05T08:28:24","date_gmt":"2021-10-05T06:28:24","guid":{"rendered":"https:\/\/akerstroms.se\/technical-support\/"},"modified":"2026-04-02T11:57:05","modified_gmt":"2026-04-02T09:57:05","slug":"technical-support","status":"publish","type":"page","link":"https:\/\/akerstroms.se\/en\/technical-support\/","title":{"rendered":"Technical support"},"content":{"rendered":"\n<h2 class=\"wp-block-heading has-text-align-center\" id=\"h-technical-support\">\u00c5kerstr\u00f6ms Technical Support<\/h2>\n\n\n\n<p class=\"has-text-align-center\">Our experienced and well-trained service and support organisation ensures that \u00c5kerstr\u00f6ms customers always get the best possible support, the correct spare parts, and necessary repairs carried out by our own competent service team.<\/p>\n\n\n\n<p class=\"has-text-align-center\"><strong>Our opening hours are Monday \u2013 Friday 07:30\u201316:10<\/strong><br><br>For questions regarding <br><strong>Technical Support<\/strong> tel +46 (0)241-250 50 email <a href=\"mailto:support@akerstroms.se\">support@akerstroms.se<\/a><br><strong>Access_Ctrl<\/strong> +46 (0)241-250 10 email <a href=\"mailto:support@akerstroms.se\">support@akerstroms.se<\/a><br><strong>Service\/Repairs<\/strong> tel +46 (0)241-250 80 email <a href=\"mailto:repair@akerstroms.se\">repair@akerstroms.se<\/a><br><strong>Spare Parts<\/strong> tel +46 (0)241-250 60 email <a href=\"mailto:frontoffice@akerstroms.se\">frontoffice@akerstroms.se<\/a><\/p>\n\n\n\n<div style=\"height:15px\" aria-hidden=\"true\" class=\"wp-block-spacer\"><\/div>\n\n\n\n<h4 class=\"wp-block-heading has-text-align-center\" id=\"h-we-are-always-at-your-disposal-don-t-hesitate-to-contact-us\">We are always at your disposal. Don\u2019t hesitate to contact us.<\/h4>\n\n\n\n<div style=\"height:15px\" aria-hidden=\"true\" class=\"wp-block-spacer\"><\/div>\n\n\n<section class=\"persons flex-row-wrapper wrap\">\r\n            <div class=\"persons__person\">\r\n            <div class=\"persons__person__image\">\r\n                <img loading=\"lazy\" decoding=\"async\" width=\"800\" height=\"600\" src=\"https:\/\/akerstroms.se\/app\/uploads\/2021\/05\/p-hermansson-800x600x150-dpi.jpg\" class=\"attachment-post-thumbnail size-post-thumbnail wp-post-image\" alt=\"\" srcset=\"https:\/\/akerstroms.se\/app\/uploads\/2021\/05\/p-hermansson-800x600x150-dpi.jpg 800w, https:\/\/akerstroms.se\/app\/uploads\/2021\/05\/p-hermansson-800x600x150-dpi-300x225.jpg 300w, https:\/\/akerstroms.se\/app\/uploads\/2021\/05\/p-hermansson-800x600x150-dpi-600x450.jpg 600w, https:\/\/akerstroms.se\/app\/uploads\/2021\/05\/p-hermansson-800x600x150-dpi-250x188.jpg 250w, https:\/\/akerstroms.se\/app\/uploads\/2021\/05\/p-hermansson-800x600x150-dpi-700x525.jpg 700w, https:\/\/akerstroms.se\/app\/uploads\/2021\/05\/p-hermansson-800x600x150-dpi-768x576.jpg 768w, https:\/\/akerstroms.se\/app\/uploads\/2021\/05\/p-hermansson-800x600x150-dpi-120x90.jpg 120w, https:\/\/akerstroms.se\/app\/uploads\/2021\/05\/p-hermansson-800x600x150-dpi-540x405.jpg 540w\" sizes=\"auto, (max-width: 800px) 100vw, 800px\" \/>            <\/div>\r\n            <div class=\"persons__person__text\">\r\n                <p class=\"name\">P\u00e4r Hermansson<\/p>\r\n                <p class=\"role\">Teamleader aftermarket<\/p>\r\n                <p>Phone <a href=\"tel: +46 241-250 50\">+46 241-250 50<\/a><\/p>\r\n                <p>Mobile <a href=\"tel: \"><\/a><\/p>\r\n                <a class=\"mail\" href=\"mailto:support@akerstroms.se\" title=\"support@akerstroms.se\"><i class=\"far fa-envelope\"><\/i><\/a>\r\n            <\/div>\r\n        <\/div>\r\n            <div class=\"persons__person\">\r\n            <div class=\"persons__person__image\">\r\n                <img loading=\"lazy\" decoding=\"async\" width=\"800\" height=\"600\" src=\"https:\/\/akerstroms.se\/app\/uploads\/2021\/05\/j-enmalm-800x600x150-dpi.jpg\" class=\"attachment-post-thumbnail size-post-thumbnail wp-post-image\" alt=\"\" srcset=\"https:\/\/akerstroms.se\/app\/uploads\/2021\/05\/j-enmalm-800x600x150-dpi.jpg 800w, https:\/\/akerstroms.se\/app\/uploads\/2021\/05\/j-enmalm-800x600x150-dpi-300x225.jpg 300w, https:\/\/akerstroms.se\/app\/uploads\/2021\/05\/j-enmalm-800x600x150-dpi-600x450.jpg 600w, https:\/\/akerstroms.se\/app\/uploads\/2021\/05\/j-enmalm-800x600x150-dpi-250x188.jpg 250w, https:\/\/akerstroms.se\/app\/uploads\/2021\/05\/j-enmalm-800x600x150-dpi-700x525.jpg 700w, https:\/\/akerstroms.se\/app\/uploads\/2021\/05\/j-enmalm-800x600x150-dpi-768x576.jpg 768w, https:\/\/akerstroms.se\/app\/uploads\/2021\/05\/j-enmalm-800x600x150-dpi-120x90.jpg 120w, https:\/\/akerstroms.se\/app\/uploads\/2021\/05\/j-enmalm-800x600x150-dpi-540x405.jpg 540w\" sizes=\"auto, (max-width: 800px) 100vw, 800px\" \/>            <\/div>\r\n            <div class=\"persons__person__text\">\r\n                <p class=\"name\">Johan Enmalm<\/p>\r\n                <p class=\"role\">Service technician<\/p>\r\n                <p>Phone <a href=\"tel: +46 241-250 50\">+46 241-250 50<\/a><\/p>\r\n                <p>Mobile <a href=\"tel: \"><\/a><\/p>\r\n                <a class=\"mail\" href=\"mailto:support@akerstroms.se\" title=\"support@akerstroms.se\"><i class=\"far fa-envelope\"><\/i><\/a>\r\n            <\/div>\r\n        <\/div>\r\n            <div class=\"persons__person\">\r\n            <div class=\"persons__person__image\">\r\n                <img loading=\"lazy\" decoding=\"async\" width=\"800\" height=\"600\" src=\"https:\/\/akerstroms.se\/app\/uploads\/2021\/05\/s-bossfall-800x600x150-dpi.jpg\" class=\"attachment-post-thumbnail size-post-thumbnail wp-post-image\" alt=\"\" srcset=\"https:\/\/akerstroms.se\/app\/uploads\/2021\/05\/s-bossfall-800x600x150-dpi.jpg 800w, https:\/\/akerstroms.se\/app\/uploads\/2021\/05\/s-bossfall-800x600x150-dpi-300x225.jpg 300w, https:\/\/akerstroms.se\/app\/uploads\/2021\/05\/s-bossfall-800x600x150-dpi-600x450.jpg 600w, https:\/\/akerstroms.se\/app\/uploads\/2021\/05\/s-bossfall-800x600x150-dpi-250x188.jpg 250w, https:\/\/akerstroms.se\/app\/uploads\/2021\/05\/s-bossfall-800x600x150-dpi-700x525.jpg 700w, https:\/\/akerstroms.se\/app\/uploads\/2021\/05\/s-bossfall-800x600x150-dpi-768x576.jpg 768w, https:\/\/akerstroms.se\/app\/uploads\/2021\/05\/s-bossfall-800x600x150-dpi-120x90.jpg 120w, https:\/\/akerstroms.se\/app\/uploads\/2021\/05\/s-bossfall-800x600x150-dpi-540x405.jpg 540w\" sizes=\"auto, (max-width: 800px) 100vw, 800px\" \/>            <\/div>\r\n            <div class=\"persons__person__text\">\r\n                <p class=\"name\">Stefan B\u00f6ssfall<\/p>\r\n                <p class=\"role\">Service technician<\/p>\r\n                <p>Phone <a href=\"tel: +46 241-250 50\">+46 241-250 50<\/a><\/p>\r\n                <p>Mobile <a href=\"tel: \"><\/a><\/p>\r\n                <a class=\"mail\" href=\"mailto:support@akerstroms.se\" title=\"support@akerstroms.se\"><i class=\"far fa-envelope\"><\/i><\/a>\r\n            <\/div>\r\n        <\/div>\r\n            <div class=\"persons__person\">\r\n            <div class=\"persons__person__image\">\r\n                <img loading=\"lazy\" decoding=\"async\" width=\"800\" height=\"600\" src=\"https:\/\/akerstroms.se\/app\/uploads\/2021\/05\/s-bustad-800x600x150-dpi.jpg\" class=\"attachment-post-thumbnail size-post-thumbnail wp-post-image\" alt=\"\" srcset=\"https:\/\/akerstroms.se\/app\/uploads\/2021\/05\/s-bustad-800x600x150-dpi.jpg 800w, https:\/\/akerstroms.se\/app\/uploads\/2021\/05\/s-bustad-800x600x150-dpi-300x225.jpg 300w, https:\/\/akerstroms.se\/app\/uploads\/2021\/05\/s-bustad-800x600x150-dpi-600x450.jpg 600w, https:\/\/akerstroms.se\/app\/uploads\/2021\/05\/s-bustad-800x600x150-dpi-250x188.jpg 250w, https:\/\/akerstroms.se\/app\/uploads\/2021\/05\/s-bustad-800x600x150-dpi-700x525.jpg 700w, https:\/\/akerstroms.se\/app\/uploads\/2021\/05\/s-bustad-800x600x150-dpi-768x576.jpg 768w, https:\/\/akerstroms.se\/app\/uploads\/2021\/05\/s-bustad-800x600x150-dpi-120x90.jpg 120w, https:\/\/akerstroms.se\/app\/uploads\/2021\/05\/s-bustad-800x600x150-dpi-540x405.jpg 540w\" sizes=\"auto, (max-width: 800px) 100vw, 800px\" \/>            <\/div>\r\n            <div class=\"persons__person__text\">\r\n                <p class=\"name\">Stefan Bustad<\/p>\r\n                <p class=\"role\">Service technician<\/p>\r\n                <p>Phone <a href=\"tel: +46 241-250 80\">+46 241-250 80<\/a><\/p>\r\n                <p>Mobile <a href=\"tel: \"><\/a><\/p>\r\n                <a class=\"mail\" href=\"mailto:repair@akerstroms.se\" title=\"repair@akerstroms.se\"><i class=\"far fa-envelope\"><\/i><\/a>\r\n            <\/div>\r\n        <\/div>\r\n            <div class=\"persons__person\">\r\n            <div class=\"persons__person__image\">\r\n                <img loading=\"lazy\" decoding=\"async\" width=\"800\" height=\"600\" src=\"https:\/\/akerstroms.se\/app\/uploads\/2021\/05\/erik-o-hedman-800x600x150-dpi.jpg\" class=\"attachment-post-thumbnail size-post-thumbnail wp-post-image\" alt=\"Erik Odens Hedman servicetekniker\" srcset=\"https:\/\/akerstroms.se\/app\/uploads\/2021\/05\/erik-o-hedman-800x600x150-dpi.jpg 800w, https:\/\/akerstroms.se\/app\/uploads\/2021\/05\/erik-o-hedman-800x600x150-dpi-300x225.jpg 300w, https:\/\/akerstroms.se\/app\/uploads\/2021\/05\/erik-o-hedman-800x600x150-dpi-600x450.jpg 600w, https:\/\/akerstroms.se\/app\/uploads\/2021\/05\/erik-o-hedman-800x600x150-dpi-250x188.jpg 250w, https:\/\/akerstroms.se\/app\/uploads\/2021\/05\/erik-o-hedman-800x600x150-dpi-700x525.jpg 700w, https:\/\/akerstroms.se\/app\/uploads\/2021\/05\/erik-o-hedman-800x600x150-dpi-768x576.jpg 768w, https:\/\/akerstroms.se\/app\/uploads\/2021\/05\/erik-o-hedman-800x600x150-dpi-120x90.jpg 120w, https:\/\/akerstroms.se\/app\/uploads\/2021\/05\/erik-o-hedman-800x600x150-dpi-540x405.jpg 540w\" sizes=\"auto, (max-width: 800px) 100vw, 800px\" \/>            <\/div>\r\n            <div class=\"persons__person__text\">\r\n                <p class=\"name\">Erik Odens Hedman<\/p>\r\n                <p class=\"role\">Service technician<\/p>\r\n                <p>Phone <a href=\"tel: +46 241-250 80\">+46 241-250 80<\/a><\/p>\r\n                <p>Mobile <a href=\"tel: \"><\/a><\/p>\r\n                <a class=\"mail\" href=\"mailto:repair@akerstroms.se\" title=\"repair@akerstroms.se\"><i class=\"far fa-envelope\"><\/i><\/a>\r\n            <\/div>\r\n        <\/div>\r\n            <div class=\"persons__person\">\r\n            <div class=\"persons__person__image\">\r\n                <img loading=\"lazy\" decoding=\"async\" width=\"800\" height=\"600\" src=\"https:\/\/akerstroms.se\/app\/uploads\/2021\/05\/b-sjoberg-800x600x150-dpi.jpg\" class=\"attachment-post-thumbnail size-post-thumbnail wp-post-image\" alt=\"\" srcset=\"https:\/\/akerstroms.se\/app\/uploads\/2021\/05\/b-sjoberg-800x600x150-dpi.jpg 800w, https:\/\/akerstroms.se\/app\/uploads\/2021\/05\/b-sjoberg-800x600x150-dpi-300x225.jpg 300w, https:\/\/akerstroms.se\/app\/uploads\/2021\/05\/b-sjoberg-800x600x150-dpi-600x450.jpg 600w, https:\/\/akerstroms.se\/app\/uploads\/2021\/05\/b-sjoberg-800x600x150-dpi-250x188.jpg 250w, https:\/\/akerstroms.se\/app\/uploads\/2021\/05\/b-sjoberg-800x600x150-dpi-700x525.jpg 700w, https:\/\/akerstroms.se\/app\/uploads\/2021\/05\/b-sjoberg-800x600x150-dpi-768x576.jpg 768w, https:\/\/akerstroms.se\/app\/uploads\/2021\/05\/b-sjoberg-800x600x150-dpi-120x90.jpg 120w, https:\/\/akerstroms.se\/app\/uploads\/2021\/05\/b-sjoberg-800x600x150-dpi-540x405.jpg 540w\" sizes=\"auto, (max-width: 800px) 100vw, 800px\" \/>            <\/div>\r\n            <div class=\"persons__person__text\">\r\n                <p class=\"name\">Bj\u00f6rn Sj\u00f6berg<\/p>\r\n                <p class=\"role\">Service technician<\/p>\r\n                <p>Phone <a href=\"tel: +46 241 250 80\">+46 241 250 80<\/a><\/p>\r\n                <p>Mobile <a href=\"tel: \"><\/a><\/p>\r\n                <a class=\"mail\" href=\"mailto:repair@akerstroms.se\" title=\"repair@akerstroms.se\"><i class=\"far fa-envelope\"><\/i><\/a>\r\n            <\/div>\r\n        <\/div>\r\n            <div class=\"persons__person\">\r\n            <div class=\"persons__person__image\">\r\n                <img loading=\"lazy\" decoding=\"async\" width=\"800\" height=\"600\" src=\"https:\/\/akerstroms.se\/app\/uploads\/2022\/05\/jocke-gruhs.png\" class=\"attachment-post-thumbnail size-post-thumbnail wp-post-image\" alt=\"joacim gruhs\" srcset=\"https:\/\/akerstroms.se\/app\/uploads\/2022\/05\/jocke-gruhs.png 800w, https:\/\/akerstroms.se\/app\/uploads\/2022\/05\/jocke-gruhs-250x188.png 250w, https:\/\/akerstroms.se\/app\/uploads\/2022\/05\/jocke-gruhs-700x525.png 700w, https:\/\/akerstroms.se\/app\/uploads\/2022\/05\/jocke-gruhs-768x576.png 768w, https:\/\/akerstroms.se\/app\/uploads\/2022\/05\/jocke-gruhs-120x90.png 120w, https:\/\/akerstroms.se\/app\/uploads\/2022\/05\/jocke-gruhs-540x405.png 540w, https:\/\/akerstroms.se\/app\/uploads\/2022\/05\/jocke-gruhs-300x225.png 300w, https:\/\/akerstroms.se\/app\/uploads\/2022\/05\/jocke-gruhs-600x450.png 600w\" sizes=\"auto, (max-width: 800px) 100vw, 800px\" \/>            <\/div>\r\n            <div class=\"persons__person__text\">\r\n                <p class=\"name\">Joacim Gruhs<\/p>\r\n                <p class=\"role\">Service technician<\/p>\r\n                <p>Phone <a href=\"tel: +46 241 250 80\">+46 241 250 80<\/a><\/p>\r\n                <p>Mobile <a href=\"tel: \"><\/a><\/p>\r\n                <a class=\"mail\" href=\"mailto:repair@akerstroms.se\" title=\"repair@akerstroms.se\"><i class=\"far fa-envelope\"><\/i><\/a>\r\n            <\/div>\r\n        <\/div>\r\n            <div class=\"persons__person\">\r\n            <div class=\"persons__person__image\">\r\n                <img loading=\"lazy\" decoding=\"async\" width=\"800\" height=\"600\" src=\"https:\/\/akerstroms.se\/app\/uploads\/2023\/09\/p-linds-800x600x150-dpi.jpg\" class=\"attachment-post-thumbnail size-post-thumbnail wp-post-image\" alt=\"\" srcset=\"https:\/\/akerstroms.se\/app\/uploads\/2023\/09\/p-linds-800x600x150-dpi.jpg 800w, https:\/\/akerstroms.se\/app\/uploads\/2023\/09\/p-linds-800x600x150-dpi-250x188.jpg 250w, https:\/\/akerstroms.se\/app\/uploads\/2023\/09\/p-linds-800x600x150-dpi-700x525.jpg 700w, https:\/\/akerstroms.se\/app\/uploads\/2023\/09\/p-linds-800x600x150-dpi-768x576.jpg 768w, https:\/\/akerstroms.se\/app\/uploads\/2023\/09\/p-linds-800x600x150-dpi-120x90.jpg 120w, https:\/\/akerstroms.se\/app\/uploads\/2023\/09\/p-linds-800x600x150-dpi-540x405.jpg 540w, https:\/\/akerstroms.se\/app\/uploads\/2023\/09\/p-linds-800x600x150-dpi-300x225.jpg 300w, https:\/\/akerstroms.se\/app\/uploads\/2023\/09\/p-linds-800x600x150-dpi-600x450.jpg 600w\" sizes=\"auto, (max-width: 800px) 100vw, 800px\" \/>            <\/div>\r\n            <div class=\"persons__person__text\">\r\n                <p class=\"name\">Per Linds<\/p>\r\n                <p class=\"role\">Service technician<\/p>\r\n                <p>Phone <a href=\"tel: +46 241 250 80\">+46 241 250 80<\/a><\/p>\r\n                <p>Mobile <a href=\"tel: \"><\/a><\/p>\r\n                <a class=\"mail\" href=\"mailto:repair@akerstroms.se\" title=\"repair@akerstroms.se\"><i class=\"far fa-envelope\"><\/i><\/a>\r\n            <\/div>\r\n        <\/div>\r\n            <div class=\"persons__person\">\r\n            <div class=\"persons__person__image\">\r\n                <img loading=\"lazy\" decoding=\"async\" width=\"800\" height=\"600\" src=\"https:\/\/akerstroms.se\/app\/uploads\/2025\/05\/Johan-Eriksson-800x600x150-dpi.jpg\" class=\"attachment-post-thumbnail size-post-thumbnail wp-post-image\" alt=\"\" srcset=\"https:\/\/akerstroms.se\/app\/uploads\/2025\/05\/Johan-Eriksson-800x600x150-dpi.jpg 800w, https:\/\/akerstroms.se\/app\/uploads\/2025\/05\/Johan-Eriksson-800x600x150-dpi-250x188.jpg 250w, https:\/\/akerstroms.se\/app\/uploads\/2025\/05\/Johan-Eriksson-800x600x150-dpi-700x525.jpg 700w, https:\/\/akerstroms.se\/app\/uploads\/2025\/05\/Johan-Eriksson-800x600x150-dpi-768x576.jpg 768w, https:\/\/akerstroms.se\/app\/uploads\/2025\/05\/Johan-Eriksson-800x600x150-dpi-120x90.jpg 120w, https:\/\/akerstroms.se\/app\/uploads\/2025\/05\/Johan-Eriksson-800x600x150-dpi-540x405.jpg 540w, https:\/\/akerstroms.se\/app\/uploads\/2025\/05\/Johan-Eriksson-800x600x150-dpi-300x225.jpg 300w, https:\/\/akerstroms.se\/app\/uploads\/2025\/05\/Johan-Eriksson-800x600x150-dpi-600x450.jpg 600w\" sizes=\"auto, (max-width: 800px) 100vw, 800px\" \/>            <\/div>\r\n            <div class=\"persons__person__text\">\r\n                <p class=\"name\">Johan Eriksson<\/p>\r\n                <p class=\"role\">Service technician<\/p>\r\n                <p>Phone <a href=\"tel: +46 241-250 26\">+46 241-250 26<\/a><\/p>\r\n                <p>Mobile <a href=\"tel: \"><\/a><\/p>\r\n                <a class=\"mail\" href=\"mailto:johan.eriksson@akerstroms.se\" title=\"johan.eriksson@akerstroms.se\"><i class=\"far fa-envelope\"><\/i><\/a>\r\n            <\/div>\r\n        <\/div>\r\n    <\/section>\r\n\n\n\n<p><\/p>\n","protected":false},"excerpt":{"rendered":"<p>\u00c5kerstr\u00f6ms Technical Support Our experienced and well-trained service and support organisation ensures that \u00c5kerstr\u00f6ms customers always get the best possible support, the correct spare parts,&#8230;<\/p>\n","protected":false},"author":1,"featured_media":0,"parent":0,"menu_order":0,"comment_status":"closed","ping_status":"closed","template":"","meta":{"_acf_changed":false,"footnotes":""},"class_list":["post-11145","page","type-page","status-publish","hentry"],"acf":[],"yoast_head":"<!-- This site is optimized with the Yoast SEO plugin v27.4 - https:\/\/yoast.com\/product\/yoast-seo-wordpress\/ -->\n<title>\u00c5kerstr\u00f6ms Technical Support | \u00c5kerstr\u00f6ms<\/title>\n<meta name=\"description\" content=\"\u00c5kerstr\u00f6ms technical support for Remotus, Sesam, and Access_Ctrl. Spare parts, repairs, and expert guidance. Mon-Fri 07:30-16:10.\" \/>\n<meta name=\"robots\" content=\"index, follow, max-snippet:-1, max-image-preview:large, max-video-preview:-1\" \/>\n<link rel=\"canonical\" href=\"https:\/\/akerstroms.se\/en\/technical-support\/\" \/>\n<meta property=\"og:locale\" content=\"en_US\" \/>\n<meta property=\"og:type\" content=\"article\" \/>\n<meta property=\"og:title\" content=\"\u00c5kerstr\u00f6ms Technical Support | \u00c5kerstr\u00f6ms\" \/>\n<meta property=\"og:description\" content=\"\u00c5kerstr\u00f6ms technical support for Remotus, Sesam, and Access_Ctrl. Spare parts, repairs, and expert guidance. Mon-Fri 07:30-16:10.\" \/>\n<meta property=\"og:url\" content=\"https:\/\/akerstroms.se\/en\/technical-support\/\" \/>\n<meta property=\"og:site_name\" content=\"\u00c5kerstr\u00f6ms Bj\u00f6rbo\" \/>\n<meta property=\"article:publisher\" content=\"https:\/\/www.facebook.com\/akerstroms.se\" \/>\n<meta property=\"article:modified_time\" content=\"2026-04-02T09:57:05+00:00\" \/>\n<meta property=\"og:image\" content=\"https:\/\/akerstroms.se\/app\/uploads\/2021\/09\/Akerstroms-remote-controls.jpg\" \/>\n\t<meta property=\"og:image:width\" content=\"1200\" \/>\n\t<meta property=\"og:image:height\" content=\"675\" \/>\n\t<meta property=\"og:image:type\" content=\"image\/jpeg\" \/>\n<meta name=\"twitter:card\" content=\"summary_large_image\" \/>\n<meta name=\"twitter:label1\" content=\"Est. reading time\" \/>\n\t<meta name=\"twitter:data1\" content=\"1 minute\" \/>\n<script type=\"application\/ld+json\" class=\"yoast-schema-graph\">{\"@context\":\"https:\\\/\\\/schema.org\",\"@graph\":[{\"@type\":\"WebPage\",\"@id\":\"https:\\\/\\\/akerstroms.se\\\/en\\\/technical-support\\\/\",\"url\":\"https:\\\/\\\/akerstroms.se\\\/en\\\/technical-support\\\/\",\"name\":\"\u00c5kerstr\u00f6ms Technical Support | \u00c5kerstr\u00f6ms\",\"isPartOf\":{\"@id\":\"https:\\\/\\\/akerstroms.se\\\/#website\"},\"datePublished\":\"2021-10-05T06:28:24+00:00\",\"dateModified\":\"2026-04-02T09:57:05+00:00\",\"description\":\"\u00c5kerstr\u00f6ms technical support for Remotus, Sesam, and Access_Ctrl. Spare parts, repairs, and expert guidance. Mon-Fri 07:30-16:10.\",\"breadcrumb\":{\"@id\":\"https:\\\/\\\/akerstroms.se\\\/en\\\/technical-support\\\/#breadcrumb\"},\"inLanguage\":\"en-US\",\"potentialAction\":[{\"@type\":\"ReadAction\",\"target\":[\"https:\\\/\\\/akerstroms.se\\\/en\\\/technical-support\\\/\"]}]},{\"@type\":\"BreadcrumbList\",\"@id\":\"https:\\\/\\\/akerstroms.se\\\/en\\\/technical-support\\\/#breadcrumb\",\"itemListElement\":[{\"@type\":\"ListItem\",\"position\":1,\"name\":\"Home\",\"item\":\"https:\\\/\\\/akerstroms.se\\\/en\\\/\"},{\"@type\":\"ListItem\",\"position\":2,\"name\":\"Technical support\"}]},{\"@type\":\"WebSite\",\"@id\":\"https:\\\/\\\/akerstroms.se\\\/#website\",\"url\":\"https:\\\/\\\/akerstroms.se\\\/\",\"name\":\"\u00c5kerstr\u00f6ms Bj\u00f6rbo\",\"description\":\"Radiostyrning f\u00f6r industriella och mobila applikationer\",\"publisher\":{\"@id\":\"https:\\\/\\\/akerstroms.se\\\/#organization\"},\"potentialAction\":[{\"@type\":\"SearchAction\",\"target\":{\"@type\":\"EntryPoint\",\"urlTemplate\":\"https:\\\/\\\/akerstroms.se\\\/?s={search_term_string}\"},\"query-input\":{\"@type\":\"PropertyValueSpecification\",\"valueRequired\":true,\"valueName\":\"search_term_string\"}}],\"inLanguage\":\"en-US\"},{\"@type\":\"Organization\",\"@id\":\"https:\\\/\\\/akerstroms.se\\\/#organization\",\"name\":\"\u00c5kerstr\u00f6ms AB\",\"url\":\"https:\\\/\\\/akerstroms.se\\\/\",\"logo\":{\"@type\":\"ImageObject\",\"inLanguage\":\"en-US\",\"@id\":\"https:\\\/\\\/akerstroms.se\\\/#\\\/schema\\\/logo\\\/image\\\/\",\"url\":\"https:\\\/\\\/akerstroms.se\\\/app\\\/uploads\\\/2021\\\/10\\\/akerstroms-logo.png\",\"contentUrl\":\"https:\\\/\\\/akerstroms.se\\\/app\\\/uploads\\\/2021\\\/10\\\/akerstroms-logo.png\",\"width\":400,\"height\":86,\"caption\":\"\u00c5kerstr\u00f6ms AB\"},\"image\":{\"@id\":\"https:\\\/\\\/akerstroms.se\\\/#\\\/schema\\\/logo\\\/image\\\/\"},\"sameAs\":[\"https:\\\/\\\/www.facebook.com\\\/akerstroms.se\",\"https:\\\/\\\/www.linkedin.com\\\/company\\\/akerstroms\\\/\",\"https:\\\/\\\/www.youtube.com\\\/channel\\\/UC8S-jX9nA8c9qBaTlgqg1CQ\"]}]}<\/script>\n<!-- \/ Yoast SEO plugin. -->","yoast_head_json":{"title":"\u00c5kerstr\u00f6ms Technical Support | \u00c5kerstr\u00f6ms","description":"\u00c5kerstr\u00f6ms technical support for Remotus, Sesam, and Access_Ctrl. Spare parts, repairs, and expert guidance. Mon-Fri 07:30-16:10.","robots":{"index":"index","follow":"follow","max-snippet":"max-snippet:-1","max-image-preview":"max-image-preview:large","max-video-preview":"max-video-preview:-1"},"canonical":"https:\/\/akerstroms.se\/en\/technical-support\/","og_locale":"en_US","og_type":"article","og_title":"\u00c5kerstr\u00f6ms Technical Support | \u00c5kerstr\u00f6ms","og_description":"\u00c5kerstr\u00f6ms technical support for Remotus, Sesam, and Access_Ctrl. Spare parts, repairs, and expert guidance. Mon-Fri 07:30-16:10.","og_url":"https:\/\/akerstroms.se\/en\/technical-support\/","og_site_name":"\u00c5kerstr\u00f6ms Bj\u00f6rbo","article_publisher":"https:\/\/www.facebook.com\/akerstroms.se","article_modified_time":"2026-04-02T09:57:05+00:00","og_image":[{"width":1200,"height":675,"url":"https:\/\/akerstroms.se\/app\/uploads\/2021\/09\/Akerstroms-remote-controls.jpg","type":"image\/jpeg"}],"twitter_card":"summary_large_image","twitter_misc":{"Est. reading time":"1 minute"},"schema":{"@context":"https:\/\/schema.org","@graph":[{"@type":"WebPage","@id":"https:\/\/akerstroms.se\/en\/technical-support\/","url":"https:\/\/akerstroms.se\/en\/technical-support\/","name":"\u00c5kerstr\u00f6ms Technical Support | \u00c5kerstr\u00f6ms","isPartOf":{"@id":"https:\/\/akerstroms.se\/#website"},"datePublished":"2021-10-05T06:28:24+00:00","dateModified":"2026-04-02T09:57:05+00:00","description":"\u00c5kerstr\u00f6ms technical support for Remotus, Sesam, and Access_Ctrl. Spare parts, repairs, and expert guidance. Mon-Fri 07:30-16:10.","breadcrumb":{"@id":"https:\/\/akerstroms.se\/en\/technical-support\/#breadcrumb"},"inLanguage":"en-US","potentialAction":[{"@type":"ReadAction","target":["https:\/\/akerstroms.se\/en\/technical-support\/"]}]},{"@type":"BreadcrumbList","@id":"https:\/\/akerstroms.se\/en\/technical-support\/#breadcrumb","itemListElement":[{"@type":"ListItem","position":1,"name":"Home","item":"https:\/\/akerstroms.se\/en\/"},{"@type":"ListItem","position":2,"name":"Technical support"}]},{"@type":"WebSite","@id":"https:\/\/akerstroms.se\/#website","url":"https:\/\/akerstroms.se\/","name":"\u00c5kerstr\u00f6ms Bj\u00f6rbo","description":"Radiostyrning f\u00f6r industriella och mobila applikationer","publisher":{"@id":"https:\/\/akerstroms.se\/#organization"},"potentialAction":[{"@type":"SearchAction","target":{"@type":"EntryPoint","urlTemplate":"https:\/\/akerstroms.se\/?s={search_term_string}"},"query-input":{"@type":"PropertyValueSpecification","valueRequired":true,"valueName":"search_term_string"}}],"inLanguage":"en-US"},{"@type":"Organization","@id":"https:\/\/akerstroms.se\/#organization","name":"\u00c5kerstr\u00f6ms AB","url":"https:\/\/akerstroms.se\/","logo":{"@type":"ImageObject","inLanguage":"en-US","@id":"https:\/\/akerstroms.se\/#\/schema\/logo\/image\/","url":"https:\/\/akerstroms.se\/app\/uploads\/2021\/10\/akerstroms-logo.png","contentUrl":"https:\/\/akerstroms.se\/app\/uploads\/2021\/10\/akerstroms-logo.png","width":400,"height":86,"caption":"\u00c5kerstr\u00f6ms AB"},"image":{"@id":"https:\/\/akerstroms.se\/#\/schema\/logo\/image\/"},"sameAs":["https:\/\/www.facebook.com\/akerstroms.se","https:\/\/www.linkedin.com\/company\/akerstroms\/","https:\/\/www.youtube.com\/channel\/UC8S-jX9nA8c9qBaTlgqg1CQ"]}]}},"_links":{"self":[{"href":"https:\/\/akerstroms.se\/en\/wp-json\/wp\/v2\/pages\/11145","targetHints":{"allow":["GET"]}}],"collection":[{"href":"https:\/\/akerstroms.se\/en\/wp-json\/wp\/v2\/pages"}],"about":[{"href":"https:\/\/akerstroms.se\/en\/wp-json\/wp\/v2\/types\/page"}],"author":[{"embeddable":true,"href":"https:\/\/akerstroms.se\/en\/wp-json\/wp\/v2\/users\/1"}],"replies":[{"embeddable":true,"href":"https:\/\/akerstroms.se\/en\/wp-json\/wp\/v2\/comments?post=11145"}],"version-history":[{"count":22,"href":"https:\/\/akerstroms.se\/en\/wp-json\/wp\/v2\/pages\/11145\/revisions"}],"predecessor-version":[{"id":24417,"href":"https:\/\/akerstroms.se\/en\/wp-json\/wp\/v2\/pages\/11145\/revisions\/24417"}],"wp:attachment":[{"href":"https:\/\/akerstroms.se\/en\/wp-json\/wp\/v2\/media?parent=11145"}],"curies":[{"name":"wp","href":"https:\/\/api.w.org\/{rel}","templated":true}]}}