{"id":11137,"date":"2021-10-05T08:27:39","date_gmt":"2021-10-05T06:27:39","guid":{"rendered":"https:\/\/akerstroms.se\/training\/"},"modified":"2026-04-02T13:22:56","modified_gmt":"2026-04-02T11:22:56","slug":"training","status":"publish","type":"page","link":"https:\/\/akerstroms.se\/en\/support\/training\/","title":{"rendered":"Training"},"content":{"rendered":"<section class=\"hero alignfull tone \" style=\"background-image: url(https:\/\/akerstroms.se\/app\/uploads\/2021\/07\/utbildning.jpg);\">\r\n        <div class=\"hero__text container\">\r\n        <h1 class=\"hero__title\">\u00c5kerstr\u00f6ms Remote Academy<\/h1>\r\n                    <p class=\"hero__excerpt\">\u00c5kerstr\u00f6m&#8217;s Remote Academy conveys basic and more advanced knowledge within radio control and associated services. We organize workshops and seminars in sustainable and safe working environment, advanced and new technology, technical issues and inspiration how to improve, streamline and help your business.<\/p>\r\n            <\/div>\r\n<\/section>\r\n\n\n\n<div style=\"height:30px\" aria-hidden=\"true\" class=\"wp-block-spacer\"><\/div>\n\n\n\n<h2 class=\"wp-block-heading has-text-align-left\" id=\"h-akerstroms-remote-academy\">We <strong>love<\/strong> sharing our knowledge<\/h2>\n\n\n\n<h3 class=\"wp-block-heading\" id=\"h-an-easy-way-to-share-basic-and-advanced-knowledge-about-our-remote-control-solutions-and-supplementary-services\">\u2013 an easy way to share basic and advanced knowledge about our remote control solutions and supplementary services<\/h3>\n\n\n\n<div style=\"height:15px\" aria-hidden=\"true\" class=\"wp-block-spacer\"><\/div>\n\n\n\n<p>A safe workplace is an efficient workplace. At \u00c5kerst\u00f6ms, we are always working to improve personal and operational safety for our customers,so that they can feel safe and secure when installing and maintaining our products.    <\/p>\n\n\n\n<h3 class=\"wp-block-heading\" id=\"h-our-training-concept\">Our training concept<\/h3>\n\n\n\n<p>Our training concept consists of various levels of technical training for our entire line of products and services. The courses include installation and commissioning, simple troubleshooting and preventive service and maintenance. We organise seminars, webinars and workshops on how to improve, streamline and safeguard our customer\u2019s personnel and production processes. <\/p>\n\n\n\n<p>The courses are intended for users, installers, technicians, maintenance personnel, management and retail dealers of our solutions. <\/p>\n\n\n\n<h3 class=\"wp-block-heading\" id=\"h-our-training-facilities-and-sites\">Our training facilities and sites <\/h3>\n\n\n\n<p>Courses are held in Bj\u00f6rbo, online or in our facilities in Borl\u00e4nge. We can also tailor them to meet your specific needs and conduct them at your workplace. You are more than welcome to make an inquiry, and be sure to look for updates on our upcoming courses and webinars here on our website and on our social media channels. <\/p>\n\n\n\n<p>Documentation and certification will be awarded on completion of a course.    <\/p>\n\n\n\n<div style=\"height:30px\" aria-hidden=\"true\" class=\"wp-block-spacer\"><\/div>\n\n\n    <section class=\"linkables container\" data-color=\"black\">\r\n                    <div class=\"linkables__block flex-row-wrapper\" id=\"\">\r\n                <div class=\"linkables__block__img\">\r\n                                        <img decoding=\"async\" src=\"https:\/\/akerstroms.se\/app\/uploads\/2021\/05\/p-hermansson-800x600x150-dpi.jpg\" alt=\"\">\r\n                <\/div>\r\n                <div class=\"linkables__block__text\">\r\n                    <h3 class=\"linkables__block__title\">H\u00f6r av dig till oss!<\/h3>\r\n                    <p class=\"linkables__block__excerpt\">What are your current needs? We can tailor training courses and workshops to your needs and requirements. Courses can be held in Bj\u00f6rbo, at your workplace or online. Contact P\u00e4r Hermansson, our training coordinator.<br \/>\r\n<br \/>\r\nP\u00e4r Hermansson<br \/>\r\nTraining Coordinator, \u00c5kerstr\u00f6ms Remote Academy<br \/>\r\n<a href=\"mailto:training@akerstroms.se\">training@akerstroms.se<\/a><br \/>\r\n<br \/>\r\nDepartment telephone: +46 (0)241-250 80<br \/>\r\nDirect telephone: +46 (0)241-250 87<\/p>\r\n                                    <\/div>\r\n            <\/div>\r\n            <\/section>\r\n\n\n\n<h2 class=\"wp-block-heading has-text-align-left\" id=\"h-instructional-films\">Instructional films<\/h2>\n\n\n\n<p class=\"has-text-align-left\">Did you know that you can also find some solutions and tricks in our short instructional films here on our website? You will find them in the main menu under Support, divided into our product groups <a href=\"https:\/\/akerstroms.se\/en\/video-instructions-for-remotus\/\" target=\"_blank\" rel=\"noreferrer noopener\">REMOTUS<\/a> and <a href=\"https:\/\/akerstroms.se\/en\/video-instructions-for-sesam\/\" target=\"_blank\" rel=\"noreferrer noopener\">SESAM<\/a>. <\/p>\n\n\n\n<p class=\"has-text-align-left\"><\/p>\n\n\n\n<div style=\"height:50px\" aria-hidden=\"true\" class=\"wp-block-spacer\"><\/div>\n\n\n\n<div style=\"height:50px\" aria-hidden=\"true\" class=\"wp-block-spacer\"><\/div>\n","protected":false},"excerpt":{"rendered":"<p>We love sharing our knowledge \u2013 an easy way to share basic and advanced knowledge about our remote control solutions and supplementary services A safe&#8230;<\/p>\n","protected":false},"author":1,"featured_media":0,"parent":11898,"menu_order":0,"comment_status":"closed","ping_status":"closed","template":"","meta":{"_acf_changed":false,"footnotes":""},"class_list":["post-11137","page","type-page","status-publish","hentry"],"acf":[],"yoast_head":"<!-- This site is optimized with the Yoast SEO plugin v27.4 - https:\/\/yoast.com\/product\/yoast-seo-wordpress\/ -->\n<title>\u00c5kerstr\u00f6ms Training - Remote Academy | Support<\/title>\n<meta name=\"description\" content=\"\u00c5kerstr\u00f6ms Remote Academy - training for installers, technicians, and operators. Courses in Bj\u00f6rbo, Borl\u00e4nge, online, or at your workplace.\" \/>\n<meta name=\"robots\" content=\"index, follow, max-snippet:-1, max-image-preview:large, max-video-preview:-1\" \/>\n<link rel=\"canonical\" href=\"https:\/\/akerstroms.se\/en\/support\/training\/\" \/>\n<meta property=\"og:locale\" content=\"en_US\" \/>\n<meta property=\"og:type\" content=\"article\" \/>\n<meta property=\"og:title\" content=\"\u00c5kerstr\u00f6ms Training - Remote Academy | Support\" \/>\n<meta property=\"og:description\" content=\"\u00c5kerstr\u00f6ms Remote Academy - training for installers, technicians, and operators. Courses in Bj\u00f6rbo, Borl\u00e4nge, online, or at your workplace.\" \/>\n<meta property=\"og:url\" content=\"https:\/\/akerstroms.se\/en\/support\/training\/\" \/>\n<meta property=\"og:site_name\" content=\"\u00c5kerstr\u00f6ms Bj\u00f6rbo\" \/>\n<meta property=\"article:publisher\" content=\"https:\/\/www.facebook.com\/akerstroms.se\" \/>\n<meta property=\"article:modified_time\" content=\"2026-04-02T11:22:56+00:00\" \/>\n<meta property=\"og:image\" content=\"https:\/\/akerstroms.se\/app\/uploads\/2021\/09\/Akerstroms-remote-controls.jpg\" \/>\n\t<meta property=\"og:image:width\" content=\"1200\" \/>\n\t<meta property=\"og:image:height\" content=\"675\" \/>\n\t<meta property=\"og:image:type\" content=\"image\/jpeg\" \/>\n<meta name=\"twitter:card\" content=\"summary_large_image\" \/>\n<meta name=\"twitter:label1\" content=\"Est. reading time\" \/>\n\t<meta name=\"twitter:data1\" content=\"2 minutes\" \/>\n<script type=\"application\/ld+json\" class=\"yoast-schema-graph\">{\"@context\":\"https:\\\/\\\/schema.org\",\"@graph\":[{\"@type\":\"WebPage\",\"@id\":\"https:\\\/\\\/akerstroms.se\\\/en\\\/support\\\/training\\\/\",\"url\":\"https:\\\/\\\/akerstroms.se\\\/en\\\/support\\\/training\\\/\",\"name\":\"\u00c5kerstr\u00f6ms Training - Remote Academy | Support\",\"isPartOf\":{\"@id\":\"https:\\\/\\\/akerstroms.se\\\/#website\"},\"datePublished\":\"2021-10-05T06:27:39+00:00\",\"dateModified\":\"2026-04-02T11:22:56+00:00\",\"description\":\"\u00c5kerstr\u00f6ms Remote Academy - training for installers, technicians, and operators. Courses in Bj\u00f6rbo, Borl\u00e4nge, online, or at your workplace.\",\"breadcrumb\":{\"@id\":\"https:\\\/\\\/akerstroms.se\\\/en\\\/support\\\/training\\\/#breadcrumb\"},\"inLanguage\":\"en-US\",\"potentialAction\":[{\"@type\":\"ReadAction\",\"target\":[\"https:\\\/\\\/akerstroms.se\\\/en\\\/support\\\/training\\\/\"]}]},{\"@type\":\"BreadcrumbList\",\"@id\":\"https:\\\/\\\/akerstroms.se\\\/en\\\/support\\\/training\\\/#breadcrumb\",\"itemListElement\":[{\"@type\":\"ListItem\",\"position\":1,\"name\":\"Home\",\"item\":\"https:\\\/\\\/akerstroms.se\\\/en\\\/\"},{\"@type\":\"ListItem\",\"position\":2,\"name\":\"Support\",\"item\":\"https:\\\/\\\/akerstroms.se\\\/en\\\/support\\\/\"},{\"@type\":\"ListItem\",\"position\":3,\"name\":\"Training\"}]},{\"@type\":\"WebSite\",\"@id\":\"https:\\\/\\\/akerstroms.se\\\/#website\",\"url\":\"https:\\\/\\\/akerstroms.se\\\/\",\"name\":\"\u00c5kerstr\u00f6ms Bj\u00f6rbo\",\"description\":\"Radiostyrning f\u00f6r industriella och mobila applikationer\",\"publisher\":{\"@id\":\"https:\\\/\\\/akerstroms.se\\\/#organization\"},\"potentialAction\":[{\"@type\":\"SearchAction\",\"target\":{\"@type\":\"EntryPoint\",\"urlTemplate\":\"https:\\\/\\\/akerstroms.se\\\/?s={search_term_string}\"},\"query-input\":{\"@type\":\"PropertyValueSpecification\",\"valueRequired\":true,\"valueName\":\"search_term_string\"}}],\"inLanguage\":\"en-US\"},{\"@type\":\"Organization\",\"@id\":\"https:\\\/\\\/akerstroms.se\\\/#organization\",\"name\":\"\u00c5kerstr\u00f6ms AB\",\"url\":\"https:\\\/\\\/akerstroms.se\\\/\",\"logo\":{\"@type\":\"ImageObject\",\"inLanguage\":\"en-US\",\"@id\":\"https:\\\/\\\/akerstroms.se\\\/#\\\/schema\\\/logo\\\/image\\\/\",\"url\":\"https:\\\/\\\/akerstroms.se\\\/app\\\/uploads\\\/2021\\\/10\\\/akerstroms-logo.png\",\"contentUrl\":\"https:\\\/\\\/akerstroms.se\\\/app\\\/uploads\\\/2021\\\/10\\\/akerstroms-logo.png\",\"width\":400,\"height\":86,\"caption\":\"\u00c5kerstr\u00f6ms AB\"},\"image\":{\"@id\":\"https:\\\/\\\/akerstroms.se\\\/#\\\/schema\\\/logo\\\/image\\\/\"},\"sameAs\":[\"https:\\\/\\\/www.facebook.com\\\/akerstroms.se\",\"https:\\\/\\\/www.linkedin.com\\\/company\\\/akerstroms\\\/\",\"https:\\\/\\\/www.youtube.com\\\/channel\\\/UC8S-jX9nA8c9qBaTlgqg1CQ\"]}]}<\/script>\n<!-- \/ Yoast SEO plugin. -->","yoast_head_json":{"title":"\u00c5kerstr\u00f6ms Training - Remote Academy | Support","description":"\u00c5kerstr\u00f6ms Remote Academy - training for installers, technicians, and operators. Courses in Bj\u00f6rbo, Borl\u00e4nge, online, or at your workplace.","robots":{"index":"index","follow":"follow","max-snippet":"max-snippet:-1","max-image-preview":"max-image-preview:large","max-video-preview":"max-video-preview:-1"},"canonical":"https:\/\/akerstroms.se\/en\/support\/training\/","og_locale":"en_US","og_type":"article","og_title":"\u00c5kerstr\u00f6ms Training - Remote Academy | Support","og_description":"\u00c5kerstr\u00f6ms Remote Academy - training for installers, technicians, and operators. Courses in Bj\u00f6rbo, Borl\u00e4nge, online, or at your workplace.","og_url":"https:\/\/akerstroms.se\/en\/support\/training\/","og_site_name":"\u00c5kerstr\u00f6ms Bj\u00f6rbo","article_publisher":"https:\/\/www.facebook.com\/akerstroms.se","article_modified_time":"2026-04-02T11:22:56+00:00","og_image":[{"width":1200,"height":675,"url":"https:\/\/akerstroms.se\/app\/uploads\/2021\/09\/Akerstroms-remote-controls.jpg","type":"image\/jpeg"}],"twitter_card":"summary_large_image","twitter_misc":{"Est. reading time":"2 minutes"},"schema":{"@context":"https:\/\/schema.org","@graph":[{"@type":"WebPage","@id":"https:\/\/akerstroms.se\/en\/support\/training\/","url":"https:\/\/akerstroms.se\/en\/support\/training\/","name":"\u00c5kerstr\u00f6ms Training - Remote Academy | Support","isPartOf":{"@id":"https:\/\/akerstroms.se\/#website"},"datePublished":"2021-10-05T06:27:39+00:00","dateModified":"2026-04-02T11:22:56+00:00","description":"\u00c5kerstr\u00f6ms Remote Academy - training for installers, technicians, and operators. Courses in Bj\u00f6rbo, Borl\u00e4nge, online, or at your workplace.","breadcrumb":{"@id":"https:\/\/akerstroms.se\/en\/support\/training\/#breadcrumb"},"inLanguage":"en-US","potentialAction":[{"@type":"ReadAction","target":["https:\/\/akerstroms.se\/en\/support\/training\/"]}]},{"@type":"BreadcrumbList","@id":"https:\/\/akerstroms.se\/en\/support\/training\/#breadcrumb","itemListElement":[{"@type":"ListItem","position":1,"name":"Home","item":"https:\/\/akerstroms.se\/en\/"},{"@type":"ListItem","position":2,"name":"Support","item":"https:\/\/akerstroms.se\/en\/support\/"},{"@type":"ListItem","position":3,"name":"Training"}]},{"@type":"WebSite","@id":"https:\/\/akerstroms.se\/#website","url":"https:\/\/akerstroms.se\/","name":"\u00c5kerstr\u00f6ms Bj\u00f6rbo","description":"Radiostyrning f\u00f6r industriella och mobila applikationer","publisher":{"@id":"https:\/\/akerstroms.se\/#organization"},"potentialAction":[{"@type":"SearchAction","target":{"@type":"EntryPoint","urlTemplate":"https:\/\/akerstroms.se\/?s={search_term_string}"},"query-input":{"@type":"PropertyValueSpecification","valueRequired":true,"valueName":"search_term_string"}}],"inLanguage":"en-US"},{"@type":"Organization","@id":"https:\/\/akerstroms.se\/#organization","name":"\u00c5kerstr\u00f6ms AB","url":"https:\/\/akerstroms.se\/","logo":{"@type":"ImageObject","inLanguage":"en-US","@id":"https:\/\/akerstroms.se\/#\/schema\/logo\/image\/","url":"https:\/\/akerstroms.se\/app\/uploads\/2021\/10\/akerstroms-logo.png","contentUrl":"https:\/\/akerstroms.se\/app\/uploads\/2021\/10\/akerstroms-logo.png","width":400,"height":86,"caption":"\u00c5kerstr\u00f6ms AB"},"image":{"@id":"https:\/\/akerstroms.se\/#\/schema\/logo\/image\/"},"sameAs":["https:\/\/www.facebook.com\/akerstroms.se","https:\/\/www.linkedin.com\/company\/akerstroms\/","https:\/\/www.youtube.com\/channel\/UC8S-jX9nA8c9qBaTlgqg1CQ"]}]}},"_links":{"self":[{"href":"https:\/\/akerstroms.se\/en\/wp-json\/wp\/v2\/pages\/11137","targetHints":{"allow":["GET"]}}],"collection":[{"href":"https:\/\/akerstroms.se\/en\/wp-json\/wp\/v2\/pages"}],"about":[{"href":"https:\/\/akerstroms.se\/en\/wp-json\/wp\/v2\/types\/page"}],"author":[{"embeddable":true,"href":"https:\/\/akerstroms.se\/en\/wp-json\/wp\/v2\/users\/1"}],"replies":[{"embeddable":true,"href":"https:\/\/akerstroms.se\/en\/wp-json\/wp\/v2\/comments?post=11137"}],"version-history":[{"count":21,"href":"https:\/\/akerstroms.se\/en\/wp-json\/wp\/v2\/pages\/11137\/revisions"}],"predecessor-version":[{"id":24423,"href":"https:\/\/akerstroms.se\/en\/wp-json\/wp\/v2\/pages\/11137\/revisions\/24423"}],"up":[{"embeddable":true,"href":"https:\/\/akerstroms.se\/en\/wp-json\/wp\/v2\/pages\/11898"}],"wp:attachment":[{"href":"https:\/\/akerstroms.se\/en\/wp-json\/wp\/v2\/media?parent=11137"}],"curies":[{"name":"wp","href":"https:\/\/api.w.org\/{rel}","templated":true}]}}