{"id":11127,"date":"2021-10-05T08:27:23","date_gmt":"2021-10-05T06:27:23","guid":{"rendered":"https:\/\/akerstroms.se\/mobile-applications\/"},"modified":"2026-04-02T11:35:06","modified_gmt":"2026-04-02T09:35:06","slug":"mobile-applications","status":"publish","type":"page","link":"https:\/\/akerstroms.se\/en\/mobile-applications\/","title":{"rendered":"Mobile applications"},"content":{"rendered":"<section class=\"hero alignfull tone \" style=\"background-image: url(https:\/\/akerstroms.se\/app\/uploads\/2021\/04\/Remotus-radio-remote-control-mobile-1140x400x150-e1776147537522.jpg);\">\r\n        <div class=\"hero__text container\">\r\n        <h1 class=\"hero__title\">Mobile applications<\/h1>\r\n                    <p class=\"hero__excerpt\">\u00c5kerstr\u00f6ms offers safe and robust solutions for a range of different mobile applications, including vehicles and superstructures such as sludge tankers, recovery vehicles and tail lifts. We offer custom and standard systems for a range of different machines for road building and construction, as well as for winches on ATVs and off-road vehicles.<\/p>\r\n            <\/div>\r\n<\/section>\r\n\n\n\n<div class=\"wp-block-cover alignfull has-background-dim\" style=\"background-color:#ef7f00\"><div class=\"wp-block-cover__inner-container is-layout-flow wp-block-cover-is-layout-flow\">    <section class=\"linkables container bleed\" data-color=\"black\">\r\n                    <div class=\"linkables__block flex-row-wrapper\" id=\"fordon\">\r\n                <div class=\"linkables__block__img\">\r\n                                        <img decoding=\"async\" src=\"https:\/\/akerstroms.se\/app\/uploads\/2021\/05\/fordon-och-pabyggare_2-scaled.jpg\" alt=\"Radiostyrning f\u00f6r fordon p\u00e5byggare\">\r\n                <\/div>\r\n                <div class=\"linkables__block__text\">\r\n                    <h3 class=\"linkables__block__title\">Vehicles &amp; Superstructures<\/h3>\r\n                    <p class=\"linkables__block__excerpt\">Sludge tankers, recovery vehicles, side loaders and wood chip trucks are a few examples. <\/p>\r\n                                            <a class=\"linkables__block__button button button--primary\" href=\"https:\/\/akerstroms.se\/en\/vehicles-superstructures\/\" title=\"Read more\" target=\"\">\r\n                            Read more                        <\/a>\r\n                                    <\/div>\r\n            <\/div>\r\n                    <div class=\"linkables__block flex-row-wrapper\" id=\"maskiner\">\r\n                <div class=\"linkables__block__img\">\r\n                                        <img decoding=\"async\" src=\"https:\/\/akerstroms.se\/app\/uploads\/2021\/05\/maskiner_1.jpg\" alt=\"Radiostyrning f\u00f6r maskiner\">\r\n                <\/div>\r\n                <div class=\"linkables__block__text\">\r\n                    <h3 class=\"linkables__block__title\">Machinery<\/h3>\r\n                    <p class=\"linkables__block__excerpt\">A range of machinery for road and building construction or pumps. <\/p>\r\n                                            <a class=\"linkables__block__button button button--primary\" href=\"https:\/\/akerstroms.se\/en\/machinery\/\" title=\"Read more\" target=\"\">\r\n                            Read more                        <\/a>\r\n                                    <\/div>\r\n            <\/div>\r\n                    <div class=\"linkables__block flex-row-wrapper\" id=\"vinschar\">\r\n                <div class=\"linkables__block__img\">\r\n                                        <img decoding=\"async\" src=\"https:\/\/akerstroms.se\/app\/uploads\/2021\/05\/vinchar.jpg\" alt=\"Radiostyrning f\u00f6r vinschar\">\r\n                <\/div>\r\n                <div class=\"linkables__block__text\">\r\n                    <h3 class=\"linkables__block__title\">Winches<\/h3>\r\n                    <p class=\"linkables__block__excerpt\">Control of winches for ATVs, off-road vehicles, ferries and boats. <\/p>\r\n                                            <a class=\"linkables__block__button button button--primary\" href=\"https:\/\/akerstroms.se\/en\/winches\/\" title=\"Read more\" target=\"\">\r\n                            Read more                        <\/a>\r\n                                    <\/div>\r\n            <\/div>\r\n                    <div class=\"linkables__block flex-row-wrapper\" id=\"bakgavellyftar\">\r\n                <div class=\"linkables__block__img\">\r\n                                        <img decoding=\"async\" src=\"https:\/\/akerstroms.se\/app\/uploads\/2021\/05\/bakgavellyftar.jpg\" alt=\"\">\r\n                <\/div>\r\n                <div class=\"linkables__block__text\">\r\n                    <h3 class=\"linkables__block__title\">Tail lifts<\/h3>\r\n                    <p class=\"linkables__block__excerpt\">Safe, complete solutions for all tail lift functions.<\/p>\r\n                                            <a class=\"linkables__block__button button button--primary\" href=\"https:\/\/akerstroms.se\/en\/tail-lifts\/\" title=\"Read more\" target=\"\">\r\n                            Read more                        <\/a>\r\n                                    <\/div>\r\n            <\/div>\r\n            <\/section>\r\n<\/div><\/div>\n\n\n\n<div style=\"height:120px\" aria-hidden=\"true\" class=\"wp-block-spacer\"><\/div>\n\n\n\n<h2 class=\"has-text-align-center wp-block-heading\" id=\"h-not-finding-your-specificapplication\">Not finding your specific<br>application?<\/h2>\n\n\n\n<p class=\"has-text-align-center\"><strong>We have years of experience and expertise in adapting and developing the optimal solution for your specific application and use. We are experts in streamlining and safeguarding your processes. Contact us!<\/strong><\/p>\n\n\n\n<div style=\"height:40px\" aria-hidden=\"true\" class=\"wp-block-spacer\"><\/div>\n\n\n\n<div class=\"wp-block-columns is-layout-flex wp-container-core-columns-is-layout-9d6595d7 wp-block-columns-is-layout-flex\">\n<div class=\"wp-block-column is-layout-flow wp-block-column-is-layout-flow\"><a class=\"imagelink\" href=\"https:\/\/akerstroms.se\/en\/contact\/\" title=\"Contact an expert\" target=\"\">\r\n            <img decoding=\"async\" class=\"imagelink__image\" src=\"https:\/\/akerstroms.se\/app\/uploads\/2021\/02\/and-hedstrom-800x600x150-dpi-540x405.jpg\" alt=\"\">\r\n            <h2 class=\"imagelink__title\">Contact an expert<\/h2>\r\n    <\/a>\r\n<\/div>\n\n\n\n<div class=\"wp-block-column is-layout-flow wp-block-column-is-layout-flow\"><a class=\"imagelink\" href=\"https:\/\/akerstroms.se\/en\/custom-products\/\" title=\"Custom solutions\" target=\"\">\r\n            <img decoding=\"async\" class=\"imagelink__image\" src=\"https:\/\/akerstroms.se\/app\/uploads\/2021\/06\/IMG_6493-540x720.jpg\" alt=\"\">\r\n            <h2 class=\"imagelink__title\">Custom solutions<\/h2>\r\n    <\/a>\r\n<\/div>\n<\/div>\n\n\n\n<div style=\"height:50px\" aria-hidden=\"true\" class=\"wp-block-spacer\"><\/div>\n\n\n\n<h2 class=\"has-text-align-center wp-block-heading\" id=\"h-our-offer\">Our offer<\/h2>\n\n\n\n<p class=\"has-text-align-center\"><strong>For more than 100 years, we have developed products and services adapted to meet both current and future needs. We offer our customers control and safety in their workplace thanks to our safe and robust remote control systems.<\/strong><\/p>\n\n\n\n<div style=\"height:30px\" aria-hidden=\"true\" class=\"wp-block-spacer\"><\/div>\n\n\n    <section class=\"linkables container\" data-color=\"black\">\r\n                    <div class=\"linkables__block flex-row-wrapper\" id=\"produkter\">\r\n                <div class=\"linkables__block__img\">\r\n                                        <img decoding=\"async\" src=\"https:\/\/akerstroms.se\/app\/uploads\/2021\/09\/Akerstroms_Remotus_joystick_sandare.jpg\" alt=\"\u00c5kerstr\u00f6ms gruppbild Remotus\">\r\n                <\/div>\r\n                <div class=\"linkables__block__text\">\r\n                    <h3 class=\"linkables__block__title\">Products and services<\/h3>\r\n                    <p class=\"linkables__block__excerpt\">For more than 100 years, we have developed products and services adapted to meet both current and future needs.<\/p>\r\n                                            <a class=\"linkables__block__button button button--primary\" href=\"https:\/\/akerstroms.se\/en\/product-overview\/\" title=\"Read more\" target=\"\">\r\n                            Read more                        <\/a>\r\n                                    <\/div>\r\n            <\/div>\r\n                    <div class=\"linkables__block flex-row-wrapper\" id=\"referenser\">\r\n                <div class=\"linkables__block__img\">\r\n                                        <img decoding=\"async\" src=\"https:\/\/akerstroms.se\/app\/uploads\/2021\/04\/LKAB_MK3_MG_1305.jpg\" alt=\"\">\r\n                <\/div>\r\n                <div class=\"linkables__block__text\">\r\n                    <h3 class=\"linkables__block__title\">Customer references<\/h3>\r\n                    <p class=\"linkables__block__excerpt\">Come meet our customers<\/p>\r\n                                            <a class=\"linkables__block__button button button--primary\" href=\"https:\/\/akerstroms.se\/en\/customer-references\/\" title=\"Read more\" target=\"\">\r\n                            Read more                        <\/a>\r\n                                    <\/div>\r\n            <\/div>\r\n            <\/section>\r\n\n\n\n<div style=\"height:70px\" aria-hidden=\"true\" class=\"wp-block-spacer\"><\/div>\n\n\n\n<div class=\"wp-block-cover alignfull has-background-dim\" style=\"background-color:#ef7f00\"><div class=\"wp-block-cover__inner-container is-layout-flow wp-block-cover-is-layout-flow\">\n<h2 class=\"has-text-align-center has-black-color has-text-color wp-block-heading\" id=\"h-do-you-need-a-spare-partor-an-accessory\">Do you need a <strong>spare part<\/strong><br>or an <strong>accessory<\/strong>?<\/h2>\n\n\n\n<div class=\"wp-block-buttons is-content-justification-center is-layout-flex wp-block-buttons-is-layout-flex\">\n<div class=\"wp-block-button\"><a class=\"wp-block-button__link has-white-color has-black-background-color has-text-color has-background\" href=\"https:\/\/akerstroms.se\/shop\/\" style=\"border-radius:3px\">WEB SHOP<\/a><\/div>\n<\/div>\n<\/div><\/div>\n\n\n\n<p><\/p>\n","protected":false},"excerpt":{"rendered":"<p>Not finding your specificapplication? We have years of experience and expertise in adapting and developing the optimal solution for your specific application and use. We&#8230;<\/p>\n","protected":false},"author":1,"featured_media":0,"parent":0,"menu_order":0,"comment_status":"closed","ping_status":"closed","template":"","meta":{"_acf_changed":false,"footnotes":""},"class_list":["post-11127","page","type-page","status-publish","hentry"],"acf":[],"yoast_head":"<!-- This site is optimized with the Yoast SEO plugin v27.4 - https:\/\/yoast.com\/product\/yoast-seo-wordpress\/ -->\n<title>Mobile Machinery Remote Control | \u00c5kerstr\u00f6ms<\/title>\n<meta name=\"description\" content=\"\u00c5kerstr\u00f6ms mobile machinery remote control for vehicles, superstructures, ATVs, and construction machinery. Contact us today.\" \/>\n<meta name=\"robots\" content=\"index, follow, max-snippet:-1, max-image-preview:large, max-video-preview:-1\" \/>\n<link rel=\"canonical\" href=\"https:\/\/akerstroms.se\/en\/mobile-applications\/\" \/>\n<meta property=\"og:locale\" content=\"en_US\" \/>\n<meta property=\"og:type\" content=\"article\" \/>\n<meta property=\"og:title\" content=\"Mobile Machinery Remote Control | \u00c5kerstr\u00f6ms\" \/>\n<meta property=\"og:description\" content=\"\u00c5kerstr\u00f6ms mobile machinery remote control for vehicles, superstructures, ATVs, and construction machinery. Contact us today.\" \/>\n<meta property=\"og:url\" content=\"https:\/\/akerstroms.se\/en\/mobile-applications\/\" \/>\n<meta property=\"og:site_name\" content=\"\u00c5kerstr\u00f6ms Bj\u00f6rbo\" \/>\n<meta property=\"article:publisher\" content=\"https:\/\/www.facebook.com\/akerstroms.se\" \/>\n<meta property=\"article:modified_time\" content=\"2026-04-02T09:35:06+00:00\" \/>\n<meta property=\"og:image\" content=\"https:\/\/akerstroms.se\/app\/uploads\/2021\/09\/Akerstroms-remote-controls.jpg\" \/>\n\t<meta property=\"og:image:width\" content=\"1200\" \/>\n\t<meta property=\"og:image:height\" content=\"675\" \/>\n\t<meta property=\"og:image:type\" content=\"image\/jpeg\" \/>\n<meta name=\"twitter:card\" content=\"summary_large_image\" \/>\n<meta name=\"twitter:label1\" content=\"Est. reading time\" \/>\n\t<meta name=\"twitter:data1\" content=\"1 minute\" \/>\n<script type=\"application\/ld+json\" class=\"yoast-schema-graph\">{\"@context\":\"https:\\\/\\\/schema.org\",\"@graph\":[{\"@type\":\"WebPage\",\"@id\":\"https:\\\/\\\/akerstroms.se\\\/en\\\/mobile-applications\\\/\",\"url\":\"https:\\\/\\\/akerstroms.se\\\/en\\\/mobile-applications\\\/\",\"name\":\"Mobile Machinery Remote Control | \u00c5kerstr\u00f6ms\",\"isPartOf\":{\"@id\":\"https:\\\/\\\/akerstroms.se\\\/#website\"},\"datePublished\":\"2021-10-05T06:27:23+00:00\",\"dateModified\":\"2026-04-02T09:35:06+00:00\",\"description\":\"\u00c5kerstr\u00f6ms mobile machinery remote control for vehicles, superstructures, ATVs, and construction machinery. Contact us today.\",\"breadcrumb\":{\"@id\":\"https:\\\/\\\/akerstroms.se\\\/en\\\/mobile-applications\\\/#breadcrumb\"},\"inLanguage\":\"en-US\",\"potentialAction\":[{\"@type\":\"ReadAction\",\"target\":[\"https:\\\/\\\/akerstroms.se\\\/en\\\/mobile-applications\\\/\"]}]},{\"@type\":\"BreadcrumbList\",\"@id\":\"https:\\\/\\\/akerstroms.se\\\/en\\\/mobile-applications\\\/#breadcrumb\",\"itemListElement\":[{\"@type\":\"ListItem\",\"position\":1,\"name\":\"Home\",\"item\":\"https:\\\/\\\/akerstroms.se\\\/en\\\/\"},{\"@type\":\"ListItem\",\"position\":2,\"name\":\"Mobile applications\"}]},{\"@type\":\"WebSite\",\"@id\":\"https:\\\/\\\/akerstroms.se\\\/#website\",\"url\":\"https:\\\/\\\/akerstroms.se\\\/\",\"name\":\"\u00c5kerstr\u00f6ms Bj\u00f6rbo\",\"description\":\"Radiostyrning f\u00f6r industriella och mobila applikationer\",\"publisher\":{\"@id\":\"https:\\\/\\\/akerstroms.se\\\/#organization\"},\"potentialAction\":[{\"@type\":\"SearchAction\",\"target\":{\"@type\":\"EntryPoint\",\"urlTemplate\":\"https:\\\/\\\/akerstroms.se\\\/?s={search_term_string}\"},\"query-input\":{\"@type\":\"PropertyValueSpecification\",\"valueRequired\":true,\"valueName\":\"search_term_string\"}}],\"inLanguage\":\"en-US\"},{\"@type\":\"Organization\",\"@id\":\"https:\\\/\\\/akerstroms.se\\\/#organization\",\"name\":\"\u00c5kerstr\u00f6ms AB\",\"url\":\"https:\\\/\\\/akerstroms.se\\\/\",\"logo\":{\"@type\":\"ImageObject\",\"inLanguage\":\"en-US\",\"@id\":\"https:\\\/\\\/akerstroms.se\\\/#\\\/schema\\\/logo\\\/image\\\/\",\"url\":\"https:\\\/\\\/akerstroms.se\\\/app\\\/uploads\\\/2021\\\/10\\\/akerstroms-logo.png\",\"contentUrl\":\"https:\\\/\\\/akerstroms.se\\\/app\\\/uploads\\\/2021\\\/10\\\/akerstroms-logo.png\",\"width\":400,\"height\":86,\"caption\":\"\u00c5kerstr\u00f6ms AB\"},\"image\":{\"@id\":\"https:\\\/\\\/akerstroms.se\\\/#\\\/schema\\\/logo\\\/image\\\/\"},\"sameAs\":[\"https:\\\/\\\/www.facebook.com\\\/akerstroms.se\",\"https:\\\/\\\/www.linkedin.com\\\/company\\\/akerstroms\\\/\",\"https:\\\/\\\/www.youtube.com\\\/channel\\\/UC8S-jX9nA8c9qBaTlgqg1CQ\"]}]}<\/script>\n<!-- \/ Yoast SEO plugin. -->","yoast_head_json":{"title":"Mobile Machinery Remote Control | \u00c5kerstr\u00f6ms","description":"\u00c5kerstr\u00f6ms mobile machinery remote control for vehicles, superstructures, ATVs, and construction machinery. Contact us today.","robots":{"index":"index","follow":"follow","max-snippet":"max-snippet:-1","max-image-preview":"max-image-preview:large","max-video-preview":"max-video-preview:-1"},"canonical":"https:\/\/akerstroms.se\/en\/mobile-applications\/","og_locale":"en_US","og_type":"article","og_title":"Mobile Machinery Remote Control | \u00c5kerstr\u00f6ms","og_description":"\u00c5kerstr\u00f6ms mobile machinery remote control for vehicles, superstructures, ATVs, and construction machinery. Contact us today.","og_url":"https:\/\/akerstroms.se\/en\/mobile-applications\/","og_site_name":"\u00c5kerstr\u00f6ms Bj\u00f6rbo","article_publisher":"https:\/\/www.facebook.com\/akerstroms.se","article_modified_time":"2026-04-02T09:35:06+00:00","og_image":[{"width":1200,"height":675,"url":"https:\/\/akerstroms.se\/app\/uploads\/2021\/09\/Akerstroms-remote-controls.jpg","type":"image\/jpeg"}],"twitter_card":"summary_large_image","twitter_misc":{"Est. reading time":"1 minute"},"schema":{"@context":"https:\/\/schema.org","@graph":[{"@type":"WebPage","@id":"https:\/\/akerstroms.se\/en\/mobile-applications\/","url":"https:\/\/akerstroms.se\/en\/mobile-applications\/","name":"Mobile Machinery Remote Control | \u00c5kerstr\u00f6ms","isPartOf":{"@id":"https:\/\/akerstroms.se\/#website"},"datePublished":"2021-10-05T06:27:23+00:00","dateModified":"2026-04-02T09:35:06+00:00","description":"\u00c5kerstr\u00f6ms mobile machinery remote control for vehicles, superstructures, ATVs, and construction machinery. Contact us today.","breadcrumb":{"@id":"https:\/\/akerstroms.se\/en\/mobile-applications\/#breadcrumb"},"inLanguage":"en-US","potentialAction":[{"@type":"ReadAction","target":["https:\/\/akerstroms.se\/en\/mobile-applications\/"]}]},{"@type":"BreadcrumbList","@id":"https:\/\/akerstroms.se\/en\/mobile-applications\/#breadcrumb","itemListElement":[{"@type":"ListItem","position":1,"name":"Home","item":"https:\/\/akerstroms.se\/en\/"},{"@type":"ListItem","position":2,"name":"Mobile applications"}]},{"@type":"WebSite","@id":"https:\/\/akerstroms.se\/#website","url":"https:\/\/akerstroms.se\/","name":"\u00c5kerstr\u00f6ms Bj\u00f6rbo","description":"Radiostyrning f\u00f6r industriella och mobila applikationer","publisher":{"@id":"https:\/\/akerstroms.se\/#organization"},"potentialAction":[{"@type":"SearchAction","target":{"@type":"EntryPoint","urlTemplate":"https:\/\/akerstroms.se\/?s={search_term_string}"},"query-input":{"@type":"PropertyValueSpecification","valueRequired":true,"valueName":"search_term_string"}}],"inLanguage":"en-US"},{"@type":"Organization","@id":"https:\/\/akerstroms.se\/#organization","name":"\u00c5kerstr\u00f6ms AB","url":"https:\/\/akerstroms.se\/","logo":{"@type":"ImageObject","inLanguage":"en-US","@id":"https:\/\/akerstroms.se\/#\/schema\/logo\/image\/","url":"https:\/\/akerstroms.se\/app\/uploads\/2021\/10\/akerstroms-logo.png","contentUrl":"https:\/\/akerstroms.se\/app\/uploads\/2021\/10\/akerstroms-logo.png","width":400,"height":86,"caption":"\u00c5kerstr\u00f6ms AB"},"image":{"@id":"https:\/\/akerstroms.se\/#\/schema\/logo\/image\/"},"sameAs":["https:\/\/www.facebook.com\/akerstroms.se","https:\/\/www.linkedin.com\/company\/akerstroms\/","https:\/\/www.youtube.com\/channel\/UC8S-jX9nA8c9qBaTlgqg1CQ"]}]}},"_links":{"self":[{"href":"https:\/\/akerstroms.se\/en\/wp-json\/wp\/v2\/pages\/11127","targetHints":{"allow":["GET"]}}],"collection":[{"href":"https:\/\/akerstroms.se\/en\/wp-json\/wp\/v2\/pages"}],"about":[{"href":"https:\/\/akerstroms.se\/en\/wp-json\/wp\/v2\/types\/page"}],"author":[{"embeddable":true,"href":"https:\/\/akerstroms.se\/en\/wp-json\/wp\/v2\/users\/1"}],"replies":[{"embeddable":true,"href":"https:\/\/akerstroms.se\/en\/wp-json\/wp\/v2\/comments?post=11127"}],"version-history":[{"count":10,"href":"https:\/\/akerstroms.se\/en\/wp-json\/wp\/v2\/pages\/11127\/revisions"}],"predecessor-version":[{"id":24405,"href":"https:\/\/akerstroms.se\/en\/wp-json\/wp\/v2\/pages\/11127\/revisions\/24405"}],"wp:attachment":[{"href":"https:\/\/akerstroms.se\/en\/wp-json\/wp\/v2\/media?parent=11127"}],"curies":[{"name":"wp","href":"https:\/\/api.w.org\/{rel}","templated":true}]}}