{"id":11103,"date":"2021-10-05T08:26:19","date_gmt":"2021-10-05T06:26:19","guid":{"rendered":"https:\/\/akerstroms.se\/guarantee-terms\/"},"modified":"2023-08-07T11:19:44","modified_gmt":"2023-08-07T09:19:44","slug":"guarantee-terms","status":"publish","type":"page","link":"https:\/\/akerstroms.se\/en\/guarantee-terms\/","title":{"rendered":"Guarantee terms"},"content":{"rendered":"<section class=\"hero alignfull tone \" style=\"background-image: url(https:\/\/akerstroms.se\/app\/uploads\/2023\/08\/Ovako.jpg);\">\r\n        <div class=\"hero__text container\">\r\n        <h1 class=\"hero__title\">Guarantee terms<\/h1>\r\n                    <p class=\"hero__excerpt\">Our products are tested thoroughly and function perfectly for the applications and environments they have been designed for. But however careful we are, errors can still occur in the manufacturing process. We aim to ensure that our customers get the best possible user experience and therefore apply delivery terms NL09 and NPV09 within Scandinavia and Orgalime S2012 and SW\u00a014 in other countries, along with the clarification of guarantees as stated here.<\/p>\r\n            <\/div>\r\n<\/section>\r\n\n\n\n<div style=\"height:50px\" aria-hidden=\"true\" class=\"wp-block-spacer\"><\/div>\n\n\n\n<h3 class=\"wp-block-heading\" id=\"h-general-delivery-terms\">General delivery terms<\/h3>\n\n\n\n<p>\u00c5kerstr\u00f6ms Bj\u00f6rbo AB\u2019s product guarantees cover materials and workmanship. We apply delivery terms NL09 and NPV09 within the Nordics and Orgalime S2012 and SW&nbsp;14 in other countries, along with the clarification of guarantees as stated here. These terms may be superseded by separate terms or agreements.<br><br>Claims must be submitted in writing promptly with a description of where and how the defect first appeared, your contact information, and reference to our order number and the product\u2019s serial number or delivery number (del.no.). Products must always be returned to \u00c5kerstr\u00f6ms Bj\u00f6rbo AB for assessment unless otherwise stated.<br><br>During the guarantee period, \u00c5kerstr\u00f6ms Bj\u00f6rbo AB is entitled to repair, replace or issue whole or partial credit as per the price of the product when purchased.<br><br>The guarantee terms apply from the date the product is delivered according to EXW \u00c5kerstr\u00f6ms Bj\u00f6rbo AB Incoterms 2011.<\/p>\n\n\n\n<div style=\"height:50px\" aria-hidden=\"true\" class=\"wp-block-spacer\"><\/div>\n\n\n\n<figure class=\"wp-block-table is-style-stripes\"><table><thead><tr><th class=\"has-text-align-left\" data-align=\"left\">Product category<\/th><th class=\"has-text-align-right\" data-align=\"right\">Guarantee period<\/th><\/tr><\/thead><tbody><tr><td class=\"has-text-align-left\" data-align=\"left\">\u00c5kerstr\u00f6ms Remotus radio system or separate transmitter and\/or receiver<\/td><td class=\"has-text-align-right\" data-align=\"right\">2 years<\/td><\/tr><tr><td class=\"has-text-align-left\" data-align=\"left\">Wear parts* for radio system<\/td><td class=\"has-text-align-right\" data-align=\"right\">1 year<\/td><\/tr><tr><td class=\"has-text-align-left\" data-align=\"left\">\u00c5kerstr\u00f6ms Sesam radio system or separate transmitter and\/or receiver<\/td><td class=\"has-text-align-right\" data-align=\"right\">2 years<\/td><\/tr><\/tbody><\/table><\/figure>\n\n\n\n<div style=\"height:50px\" aria-hidden=\"true\" class=\"wp-block-spacer\"><\/div>\n\n\n\n<p><strong>*Wear parts include the following:<\/strong><\/p>\n\n\n\n<ul class=\"wp-block-list\">\n<li>Antennas<\/li>\n\n\n\n<li>Batteries<\/li>\n\n\n\n<li>Gaskets<\/li>\n\n\n\n<li>Rubber bellows<\/li>\n\n\n\n<li>Toggle switches<\/li>\n\n\n\n<li>Push-button switches<\/li>\n\n\n\n<li>Key switches<\/li>\n\n\n\n<li>Bags, belts, fasteners\/belt clips, holsters<\/li>\n<\/ul>\n\n\n\n<div style=\"height:40px\" aria-hidden=\"true\" class=\"wp-block-spacer\"><\/div>\n\n\n\n<h3 class=\"wp-block-heading\" id=\"h-garantier-t-cker-inte\">Guarantees do not cover:<\/h3>\n\n\n\n<ul class=\"wp-block-list\">\n<li>Damage that originates from erroneous use or installation, including damages caused by dropping the product or other physical damage<\/li>\n\n\n\n<li>Damage that arises from abnormal wear, and the guarantee can be limited by using the product in an unsuitable environment (such as corrosive\/caustic, damp, dusty, maritime or colder\/warmer than recommended)<\/li>\n\n\n\n<li>Damage caused by inadequate maintenance<\/li>\n\n\n\n<li>Damage arising from worn rubber bellows, gaskets, rubber caps, such as humidity and water damage<\/li>\n\n\n\n<li>Damage arising from the use of bad or non-specified batteries<\/li>\n\n\n\n<li>Products that have been altered without the permission of \u00c5kerstr\u00f6ms or where non-approved components have been used<\/li>\n\n\n\n<li>Products from claimants with unpaid invoices<\/li>\n<\/ul>\n\n\n\n<div style=\"height:50px\" aria-hidden=\"true\" class=\"wp-block-spacer\"><\/div>\n\n\n\n<h3 class=\"wp-block-heading\" id=\"h-contact\">Contact<\/h3>\n\n\n\n<p>Please refer enquiries regarding products purchased through retailers to the seller initially, otherwise to \u00c5kerstr\u00f6ms sales division.&nbsp;<\/p>\n\n\n\n<p><strong><a href=\"https:\/\/akerstroms.se\/en\/contact\/#frontoffice\">Front Office<\/a><\/strong><\/p>\n\n\n\n<p>Direct telephone: <strong>+46 (0)241-250 70<\/strong><br>Email: <a href=\"mailto:frontoffice@akerstroms.se?subject=&amp;body=\" target=\"_blank\" rel=\"noreferrer noopener\">frontoffice@akerstroms.se<\/a><\/p>\n\n\n\n<div style=\"height:40px\" aria-hidden=\"true\" class=\"wp-block-spacer\"><\/div>\n\n\n\n<div class=\"wp-block-cover alignfull is-light\"><span aria-hidden=\"true\" class=\"wp-block-cover__background has-background-dim-100 has-background-dim\" style=\"background-color:#ef7f00\"><\/span><div class=\"wp-block-cover__inner-container is-layout-flow wp-block-cover-is-layout-flow\">\n<h2 class=\"wp-block-heading has-text-align-center has-black-color has-text-color\" id=\"h-do-you-have-any-questions-for-us-phone-or-email-us\">Do you have any <strong>questions for us?<\/strong><br>Phone or email us<\/h2>\n\n\n\n<div style=\"height:20px\" aria-hidden=\"true\" class=\"wp-block-spacer\"><\/div>\n\n\n\n<div class=\"wp-block-buttons is-horizontal is-content-justification-center is-layout-flex wp-container-core-buttons-is-layout-499968f5 wp-block-buttons-is-layout-flex\">\n<div class=\"wp-block-button wp-block-buttons is-content-justification-center\"><a class=\"wp-block-button__link has-white-color has-black-background-color has-text-color has-background wp-element-button\" href=\"https:\/\/akerstroms.se\/en\/contact\/#frontoffice\" style=\"border-radius:3px\">CONTACT US<\/a><\/div>\n<\/div>\n<\/div><\/div>\n\n\n\n<div style=\"height:30px\" aria-hidden=\"true\" class=\"wp-block-spacer\"><\/div>\n","protected":false},"excerpt":{"rendered":"<p>General delivery terms \u00c5kerstr\u00f6ms Bj\u00f6rbo AB\u2019s product guarantees cover materials and workmanship. We apply delivery terms NL09 and NPV09 within the Nordics and Orgalime S2012&#8230;<\/p>\n","protected":false},"author":1,"featured_media":0,"parent":0,"menu_order":0,"comment_status":"closed","ping_status":"closed","template":"templates\/page-text-page.php","meta":{"_acf_changed":false,"footnotes":""},"class_list":["post-11103","page","type-page","status-publish","hentry"],"acf":[],"yoast_head":"<!-- This site is optimized with the Yoast SEO plugin v27.4 - https:\/\/yoast.com\/product\/yoast-seo-wordpress\/ -->\n<title>Guarantee terms - \u00c5kerstr\u00f6ms Bj\u00f6rbo<\/title>\n<meta name=\"robots\" content=\"index, follow, max-snippet:-1, max-image-preview:large, max-video-preview:-1\" \/>\n<link rel=\"canonical\" href=\"https:\/\/akerstroms.se\/en\/guarantee-terms\/\" \/>\n<meta property=\"og:locale\" content=\"en_US\" \/>\n<meta property=\"og:type\" content=\"article\" \/>\n<meta property=\"og:title\" content=\"Guarantee terms - \u00c5kerstr\u00f6ms Bj\u00f6rbo\" \/>\n<meta property=\"og:description\" content=\"General delivery terms \u00c5kerstr\u00f6ms Bj\u00f6rbo AB\u2019s product guarantees cover materials and workmanship. We apply delivery terms NL09 and NPV09 within the Nordics and Orgalime S2012...\" \/>\n<meta property=\"og:url\" content=\"https:\/\/akerstroms.se\/en\/guarantee-terms\/\" \/>\n<meta property=\"og:site_name\" content=\"\u00c5kerstr\u00f6ms Bj\u00f6rbo\" \/>\n<meta property=\"article:publisher\" content=\"https:\/\/www.facebook.com\/akerstroms.se\" \/>\n<meta property=\"article:modified_time\" content=\"2023-08-07T09:19:44+00:00\" \/>\n<meta property=\"og:image\" content=\"https:\/\/akerstroms.se\/app\/uploads\/2021\/09\/Akerstroms-remote-controls.jpg\" \/>\n\t<meta property=\"og:image:width\" content=\"1200\" \/>\n\t<meta property=\"og:image:height\" content=\"675\" \/>\n\t<meta property=\"og:image:type\" content=\"image\/jpeg\" \/>\n<meta name=\"twitter:card\" content=\"summary_large_image\" \/>\n<meta name=\"twitter:label1\" content=\"Est. reading time\" \/>\n\t<meta name=\"twitter:data1\" content=\"2 minutes\" \/>\n<script type=\"application\/ld+json\" class=\"yoast-schema-graph\">{\"@context\":\"https:\\\/\\\/schema.org\",\"@graph\":[{\"@type\":\"WebPage\",\"@id\":\"https:\\\/\\\/akerstroms.se\\\/en\\\/guarantee-terms\\\/\",\"url\":\"https:\\\/\\\/akerstroms.se\\\/en\\\/guarantee-terms\\\/\",\"name\":\"Guarantee terms - \u00c5kerstr\u00f6ms Bj\u00f6rbo\",\"isPartOf\":{\"@id\":\"https:\\\/\\\/akerstroms.se\\\/#website\"},\"datePublished\":\"2021-10-05T06:26:19+00:00\",\"dateModified\":\"2023-08-07T09:19:44+00:00\",\"breadcrumb\":{\"@id\":\"https:\\\/\\\/akerstroms.se\\\/en\\\/guarantee-terms\\\/#breadcrumb\"},\"inLanguage\":\"en-US\",\"potentialAction\":[{\"@type\":\"ReadAction\",\"target\":[\"https:\\\/\\\/akerstroms.se\\\/en\\\/guarantee-terms\\\/\"]}]},{\"@type\":\"BreadcrumbList\",\"@id\":\"https:\\\/\\\/akerstroms.se\\\/en\\\/guarantee-terms\\\/#breadcrumb\",\"itemListElement\":[{\"@type\":\"ListItem\",\"position\":1,\"name\":\"Home\",\"item\":\"https:\\\/\\\/akerstroms.se\\\/en\\\/\"},{\"@type\":\"ListItem\",\"position\":2,\"name\":\"Guarantee terms\"}]},{\"@type\":\"WebSite\",\"@id\":\"https:\\\/\\\/akerstroms.se\\\/#website\",\"url\":\"https:\\\/\\\/akerstroms.se\\\/\",\"name\":\"\u00c5kerstr\u00f6ms Bj\u00f6rbo\",\"description\":\"Radiostyrning f\u00f6r industriella och mobila applikationer\",\"publisher\":{\"@id\":\"https:\\\/\\\/akerstroms.se\\\/#organization\"},\"potentialAction\":[{\"@type\":\"SearchAction\",\"target\":{\"@type\":\"EntryPoint\",\"urlTemplate\":\"https:\\\/\\\/akerstroms.se\\\/?s={search_term_string}\"},\"query-input\":{\"@type\":\"PropertyValueSpecification\",\"valueRequired\":true,\"valueName\":\"search_term_string\"}}],\"inLanguage\":\"en-US\"},{\"@type\":\"Organization\",\"@id\":\"https:\\\/\\\/akerstroms.se\\\/#organization\",\"name\":\"\u00c5kerstr\u00f6ms AB\",\"url\":\"https:\\\/\\\/akerstroms.se\\\/\",\"logo\":{\"@type\":\"ImageObject\",\"inLanguage\":\"en-US\",\"@id\":\"https:\\\/\\\/akerstroms.se\\\/#\\\/schema\\\/logo\\\/image\\\/\",\"url\":\"https:\\\/\\\/akerstroms.se\\\/app\\\/uploads\\\/2021\\\/10\\\/akerstroms-logo.png\",\"contentUrl\":\"https:\\\/\\\/akerstroms.se\\\/app\\\/uploads\\\/2021\\\/10\\\/akerstroms-logo.png\",\"width\":400,\"height\":86,\"caption\":\"\u00c5kerstr\u00f6ms AB\"},\"image\":{\"@id\":\"https:\\\/\\\/akerstroms.se\\\/#\\\/schema\\\/logo\\\/image\\\/\"},\"sameAs\":[\"https:\\\/\\\/www.facebook.com\\\/akerstroms.se\",\"https:\\\/\\\/www.linkedin.com\\\/company\\\/akerstroms\\\/\",\"https:\\\/\\\/www.youtube.com\\\/channel\\\/UC8S-jX9nA8c9qBaTlgqg1CQ\"]}]}<\/script>\n<!-- \/ Yoast SEO plugin. -->","yoast_head_json":{"title":"Guarantee terms - \u00c5kerstr\u00f6ms Bj\u00f6rbo","robots":{"index":"index","follow":"follow","max-snippet":"max-snippet:-1","max-image-preview":"max-image-preview:large","max-video-preview":"max-video-preview:-1"},"canonical":"https:\/\/akerstroms.se\/en\/guarantee-terms\/","og_locale":"en_US","og_type":"article","og_title":"Guarantee terms - \u00c5kerstr\u00f6ms Bj\u00f6rbo","og_description":"General delivery terms \u00c5kerstr\u00f6ms Bj\u00f6rbo AB\u2019s product guarantees cover materials and workmanship. We apply delivery terms NL09 and NPV09 within the Nordics and Orgalime S2012...","og_url":"https:\/\/akerstroms.se\/en\/guarantee-terms\/","og_site_name":"\u00c5kerstr\u00f6ms Bj\u00f6rbo","article_publisher":"https:\/\/www.facebook.com\/akerstroms.se","article_modified_time":"2023-08-07T09:19:44+00:00","og_image":[{"width":1200,"height":675,"url":"https:\/\/akerstroms.se\/app\/uploads\/2021\/09\/Akerstroms-remote-controls.jpg","type":"image\/jpeg"}],"twitter_card":"summary_large_image","twitter_misc":{"Est. reading time":"2 minutes"},"schema":{"@context":"https:\/\/schema.org","@graph":[{"@type":"WebPage","@id":"https:\/\/akerstroms.se\/en\/guarantee-terms\/","url":"https:\/\/akerstroms.se\/en\/guarantee-terms\/","name":"Guarantee terms - \u00c5kerstr\u00f6ms Bj\u00f6rbo","isPartOf":{"@id":"https:\/\/akerstroms.se\/#website"},"datePublished":"2021-10-05T06:26:19+00:00","dateModified":"2023-08-07T09:19:44+00:00","breadcrumb":{"@id":"https:\/\/akerstroms.se\/en\/guarantee-terms\/#breadcrumb"},"inLanguage":"en-US","potentialAction":[{"@type":"ReadAction","target":["https:\/\/akerstroms.se\/en\/guarantee-terms\/"]}]},{"@type":"BreadcrumbList","@id":"https:\/\/akerstroms.se\/en\/guarantee-terms\/#breadcrumb","itemListElement":[{"@type":"ListItem","position":1,"name":"Home","item":"https:\/\/akerstroms.se\/en\/"},{"@type":"ListItem","position":2,"name":"Guarantee terms"}]},{"@type":"WebSite","@id":"https:\/\/akerstroms.se\/#website","url":"https:\/\/akerstroms.se\/","name":"\u00c5kerstr\u00f6ms Bj\u00f6rbo","description":"Radiostyrning f\u00f6r industriella och mobila applikationer","publisher":{"@id":"https:\/\/akerstroms.se\/#organization"},"potentialAction":[{"@type":"SearchAction","target":{"@type":"EntryPoint","urlTemplate":"https:\/\/akerstroms.se\/?s={search_term_string}"},"query-input":{"@type":"PropertyValueSpecification","valueRequired":true,"valueName":"search_term_string"}}],"inLanguage":"en-US"},{"@type":"Organization","@id":"https:\/\/akerstroms.se\/#organization","name":"\u00c5kerstr\u00f6ms AB","url":"https:\/\/akerstroms.se\/","logo":{"@type":"ImageObject","inLanguage":"en-US","@id":"https:\/\/akerstroms.se\/#\/schema\/logo\/image\/","url":"https:\/\/akerstroms.se\/app\/uploads\/2021\/10\/akerstroms-logo.png","contentUrl":"https:\/\/akerstroms.se\/app\/uploads\/2021\/10\/akerstroms-logo.png","width":400,"height":86,"caption":"\u00c5kerstr\u00f6ms AB"},"image":{"@id":"https:\/\/akerstroms.se\/#\/schema\/logo\/image\/"},"sameAs":["https:\/\/www.facebook.com\/akerstroms.se","https:\/\/www.linkedin.com\/company\/akerstroms\/","https:\/\/www.youtube.com\/channel\/UC8S-jX9nA8c9qBaTlgqg1CQ"]}]}},"_links":{"self":[{"href":"https:\/\/akerstroms.se\/en\/wp-json\/wp\/v2\/pages\/11103","targetHints":{"allow":["GET"]}}],"collection":[{"href":"https:\/\/akerstroms.se\/en\/wp-json\/wp\/v2\/pages"}],"about":[{"href":"https:\/\/akerstroms.se\/en\/wp-json\/wp\/v2\/types\/page"}],"author":[{"embeddable":true,"href":"https:\/\/akerstroms.se\/en\/wp-json\/wp\/v2\/users\/1"}],"replies":[{"embeddable":true,"href":"https:\/\/akerstroms.se\/en\/wp-json\/wp\/v2\/comments?post=11103"}],"version-history":[{"count":19,"href":"https:\/\/akerstroms.se\/en\/wp-json\/wp\/v2\/pages\/11103\/revisions"}],"predecessor-version":[{"id":18886,"href":"https:\/\/akerstroms.se\/en\/wp-json\/wp\/v2\/pages\/11103\/revisions\/18886"}],"wp:attachment":[{"href":"https:\/\/akerstroms.se\/en\/wp-json\/wp\/v2\/media?parent=11103"}],"curies":[{"name":"wp","href":"https:\/\/api.w.org\/{rel}","templated":true}]}}