{"id":11094,"date":"2021-10-05T08:25:45","date_gmt":"2021-10-05T06:25:45","guid":{"rendered":"https:\/\/akerstroms.se\/info\/"},"modified":"2021-10-05T08:25:45","modified_gmt":"2021-10-05T06:25:45","slug":"info","status":"publish","type":"page","link":"https:\/\/akerstroms.se\/en\/support\/info\/","title":{"rendered":"Info"},"content":{"rendered":"\n<div class=\"wp-block-media-text alignfull is-stacked-on-mobile is-vertically-aligned-center has-white-color has-black-background-color has-text-color has-background\"><figure class=\"wp-block-media-text__media\"><img decoding=\"async\" src=\"https:\/\/akerstroms.se\/app\/uploads\/2021\/02\/Skarmklipp1-e1615197104170.png\" alt=\"\" class=\"wp-image-138 size-full\"\/><\/figure><div class=\"wp-block-media-text__content\">\n<h2 class=\"wp-block-heading\"><strong>Here you will find a brief description of our support services<\/strong><\/h2>\n\n\n\n<p>Our expertise in the field of radio technology for industrial and mobile applications is unique. We combine it with a wide range of products that includes a variety of transmitters, receivers and other equipment to create complete systems.<\/p>\n\n\n\n<div style=\"height:20px\" aria-hidden=\"true\" class=\"wp-block-spacer\"><\/div>\n\n\n\n<ul class=\"wp-block-list\"><li>Our expertise is unique<\/li><li>Our expertise is unique<\/li><li>Our expertise is unique<\/li><li>Our expertise is unique<\/li><\/ul>\n<\/div><\/div>\n\n\n\n<div style=\"height:50px\" aria-hidden=\"true\" class=\"wp-block-spacer\"><\/div>\n\n\n\n<h2 class=\"has-text-align-center wp-block-heading\">Place for header<\/h2>\n\n\n\n<p class=\"has-text-align-center\"><strong>\u00c5kerstr\u00f6ms is an international company founded in 1918 that develops, produces, markets, and services products and services for communication with and remote control of industrial and mobile applications.<\/strong><\/p>\n\n\n\n<div style=\"height:20px\" aria-hidden=\"true\" class=\"wp-block-spacer\"><\/div>\n\n\n<section class=\"slider\">\r\n    <div class=\"glide\">\r\n        <div class=\"glide__track\" data-glide-el=\"track\">\r\n            <div class=\"glide__slides\">\r\n                                    <div class=\"glide__slide\">\r\n                        <img decoding=\"async\" src=\"https:\/\/akerstroms.se\/app\/uploads\/2021\/02\/ee0da80818aeada8d227141c565669a6.jpg\" alt=\"\">\r\n                    <\/div>\r\n                                    <div class=\"glide__slide\">\r\n                        <img decoding=\"async\" src=\"https:\/\/akerstroms.se\/app\/uploads\/2021\/02\/bagger-bulldozer-constructing-14651-scaled.jpg\" alt=\"\">\r\n                    <\/div>\r\n                                    <div class=\"glide__slide\">\r\n                        <img decoding=\"async\" src=\"https:\/\/akerstroms.se\/app\/uploads\/2021\/02\/constructing-construction-construction-site-12255-scaled.jpg\" alt=\"\">\r\n                    <\/div>\r\n                                    <div class=\"glide__slide\">\r\n                        <img decoding=\"async\" src=\"https:\/\/akerstroms.se\/app\/uploads\/2021\/02\/adult-business-computer-2182974-scaled.jpg\" alt=\"Industriella anv\u00e4ndningsomr\u00e5den\">\r\n                    <\/div>\r\n                                    <div class=\"glide__slide\">\r\n                        <img decoding=\"async\" src=\"https:\/\/akerstroms.se\/app\/uploads\/2021\/02\/claudio-hirschberger-576973-unsplash-scaled.jpg\" alt=\"\">\r\n                    <\/div>\r\n                            <\/div>\r\n        <\/div>\r\n        <div class=\"controls flex-row-wrapper\" data-glide-el=\"controls\">\r\n            <button class=\"btn prev\" data-glide-dir=\"&lt;\"><i class=\"far fa-angle-left\"><\/i><\/button>\r\n            <button class=\"btn next\" data-glide-dir=\"&gt;\"><i class=\"far fa-angle-right\"><\/i><\/button>\r\n        <\/div>\r\n    <\/div>\r\n<\/section>\r\n\n\n\n<div style=\"height:30px\" aria-hidden=\"true\" class=\"wp-block-spacer\"><\/div>\n\n\n\n<p>Lorem ipsum dolor sit amet, consectetur adipiscing elit. Sit hoc ultimum bonorum, quod nunc a me defenditur; Tu enim ista lenius, hic Stoicorum more nos vexat. Atque hoc loco similitudines eas, quibus illi uti solent, dissimillimas proferebas. Hoc ille tuus non vult omnibusque ex rebus voluptatem quasi mercedem exigit. Ad corpus diceres pertinere-, sed ea, quae dixi, ad corpusne refers? Quis istud, quaeso, nesciebat? Duo Reges: constructio interrete. Ratio enim nostra consentit, pugnat oratio.<\/p>\n\n\n\n<p>Et nemo nimium beatus est;\u00a0<em>Quid autem habent admirationis, cum prope accesseris?<\/em>\u00a0Quod quidem iam fit etiam in Academia. Quamquam ab iis philosophiam et omnes ingenuas disciplinas habemus;<\/p>\n\n\n\n<p>Non est ista, inquam, Piso, magna dissensio. Sic, et quidem diligentius saepiusque ista loquemur inter nos agemusque communiter. Nihil minus, contraque illa hereditate dives ob eamque rem laetus.\u00a0<strong>An nisi populari fama?<\/strong>\u00a0Venit enim mihi Platonis in mentem, quem accepimus primum hic disputare solitum; Quae qui non vident, nihil umquam magnum ac cognitione dignum amaverunt.<\/p>\n\n\n\n<div style=\"height:40px\" aria-hidden=\"true\" class=\"wp-block-spacer\"><\/div>\n\n\n\n<h2 class=\"has-text-align-center wp-block-heading\">Place for header<\/h2>\n\n\n\n<p class=\"has-text-align-center\"><strong>\u00c5kerstr\u00f6ms is an international company founded in 1918 that develops, produces, markets, and services products and services for communication with and remote control of industrial and mobile applications.<\/strong><\/p>\n\n\n\n<div style=\"height:30px\" aria-hidden=\"true\" class=\"wp-block-spacer\"><\/div>\n\n\n<section class=\"full-vw-images alignfull flex-row-wrapper\">\r\n                        <div class=\"image flex-column-wrapper\">\r\n                <div class=\"image__image\">\r\n                    <img decoding=\"async\" src=\"https:\/\/akerstroms.se\/app\/uploads\/2021\/02\/adult-business-computer-2182974-scaled.jpg\" alt=\"Industriella anv\u00e4ndningsomr\u00e5den\">\r\n                <\/div>\r\n                                    <div class=\"image__text\">\r\n                                                <h3 class=\"image__text__heading\">Kontakt A<\/h3>\r\n                        <p class=\"image__text__text\">Et nemo nimium beatus est; Quid autem habent admirationis, cum prope accesseris? Quod quidem iam fit etiam in Academia. Quamquam ab iis philosophiam et omnes ingenuas disciplinas habemus;<\/p>\r\n                                                    <a href=\"http:\/\/akerstroms.se\/kontakt\/lamna-cv\/\" target=\"\">L\u00e4s mer<\/a>\r\n                                            <\/div>\r\n                            <\/div>\r\n                    <div class=\"image flex-column-wrapper\">\r\n                <div class=\"image__image\">\r\n                    <img decoding=\"async\" src=\"https:\/\/akerstroms.se\/app\/uploads\/2021\/02\/constructing-construction-construction-site-12255-scaled.jpg\" alt=\"\">\r\n                <\/div>\r\n                                    <div class=\"image__text\">\r\n                                                <h3 class=\"image__text__heading\">Kontakt B<\/h3>\r\n                        <p class=\"image__text__text\">Et nemo nimium beatus est; Quid autem habent admirationis, cum prope accesseris? Quod quidem iam fit etiam in Academia. Quamquam ab iis philosophiam et omnes ingenuas disciplinas habemus;<\/p>\r\n                                                    <a href=\"http:\/\/akerstroms.se\/applikationer\/\" target=\"\">L\u00e4s mer<\/a>\r\n                                            <\/div>\r\n                            <\/div>\r\n                    <div class=\"image flex-column-wrapper\">\r\n                <div class=\"image__image\">\r\n                    <img decoding=\"async\" src=\"https:\/\/akerstroms.se\/app\/uploads\/2021\/02\/bagger-bulldozer-constructing-14651-scaled.jpg\" alt=\"\">\r\n                <\/div>\r\n                                    <div class=\"image__text\">\r\n                                                <h3 class=\"image__text__heading\">Kontakt C<\/h3>\r\n                        <p class=\"image__text__text\">Et nemo nimium beatus est; Quid autem habent admirationis, cum prope accesseris? Quod quidem iam fit etiam in Academia. Quamquam ab iis philosophiam et omnes ingenuas disciplinas habemus;<\/p>\r\n                                                    <a href=\"http:\/\/akerstroms.se\/shop\/remotus\/\" target=\"\">L\u00e4s mer<\/a>\r\n                                            <\/div>\r\n                            <\/div>\r\n            \r\n<\/section>\r\n","protected":false},"excerpt":{"rendered":"<p>Place for header \u00c5kerstr\u00f6ms is an international company founded in 1918 that develops, produces, markets, and services products and services for communication with and remote&#8230;<\/p>\n","protected":false},"author":1,"featured_media":0,"parent":11898,"menu_order":0,"comment_status":"closed","ping_status":"closed","template":"","meta":{"_acf_changed":false,"footnotes":""},"class_list":["post-11094","page","type-page","status-publish","hentry"],"acf":[],"yoast_head":"<!-- This site is optimized with the Yoast SEO plugin v27.4 - https:\/\/yoast.com\/product\/yoast-seo-wordpress\/ -->\n<title>Info - \u00c5kerstr\u00f6ms Bj\u00f6rbo<\/title>\n<meta name=\"robots\" content=\"index, follow, max-snippet:-1, max-image-preview:large, max-video-preview:-1\" \/>\n<link rel=\"canonical\" href=\"https:\/\/akerstroms.se\/en\/support\/info\/\" \/>\n<meta property=\"og:locale\" content=\"en_US\" \/>\n<meta property=\"og:type\" content=\"article\" \/>\n<meta property=\"og:title\" content=\"Info - \u00c5kerstr\u00f6ms Bj\u00f6rbo\" \/>\n<meta property=\"og:description\" content=\"Place for header \u00c5kerstr\u00f6ms is an international company founded in 1918 that develops, produces, markets, and services products and services for communication with and remote...\" \/>\n<meta property=\"og:url\" content=\"https:\/\/akerstroms.se\/en\/support\/info\/\" \/>\n<meta property=\"og:site_name\" content=\"\u00c5kerstr\u00f6ms Bj\u00f6rbo\" \/>\n<meta property=\"article:publisher\" content=\"https:\/\/www.facebook.com\/akerstroms.se\" \/>\n<meta property=\"og:image\" content=\"https:\/\/akerstroms.se\/app\/uploads\/2021\/02\/Skarmklipp1-e1615197104170.png\" \/>\n<meta name=\"twitter:card\" content=\"summary_large_image\" \/>\n<meta name=\"twitter:label1\" content=\"Est. reading time\" \/>\n\t<meta name=\"twitter:data1\" content=\"1 minute\" \/>\n<script type=\"application\/ld+json\" class=\"yoast-schema-graph\">{\"@context\":\"https:\\\/\\\/schema.org\",\"@graph\":[{\"@type\":\"WebPage\",\"@id\":\"https:\\\/\\\/akerstroms.se\\\/en\\\/support\\\/info\\\/\",\"url\":\"https:\\\/\\\/akerstroms.se\\\/en\\\/support\\\/info\\\/\",\"name\":\"Info - \u00c5kerstr\u00f6ms Bj\u00f6rbo\",\"isPartOf\":{\"@id\":\"https:\\\/\\\/akerstroms.se\\\/#website\"},\"primaryImageOfPage\":{\"@id\":\"https:\\\/\\\/akerstroms.se\\\/en\\\/support\\\/info\\\/#primaryimage\"},\"image\":{\"@id\":\"https:\\\/\\\/akerstroms.se\\\/en\\\/support\\\/info\\\/#primaryimage\"},\"thumbnailUrl\":\"https:\\\/\\\/akerstroms.se\\\/app\\\/uploads\\\/2021\\\/02\\\/Skarmklipp1-e1615197104170.png\",\"datePublished\":\"2021-10-05T06:25:45+00:00\",\"breadcrumb\":{\"@id\":\"https:\\\/\\\/akerstroms.se\\\/en\\\/support\\\/info\\\/#breadcrumb\"},\"inLanguage\":\"en-US\",\"potentialAction\":[{\"@type\":\"ReadAction\",\"target\":[\"https:\\\/\\\/akerstroms.se\\\/en\\\/support\\\/info\\\/\"]}]},{\"@type\":\"ImageObject\",\"inLanguage\":\"en-US\",\"@id\":\"https:\\\/\\\/akerstroms.se\\\/en\\\/support\\\/info\\\/#primaryimage\",\"url\":\"https:\\\/\\\/akerstroms.se\\\/app\\\/uploads\\\/2021\\\/02\\\/Skarmklipp1-e1615197104170.png\",\"contentUrl\":\"https:\\\/\\\/akerstroms.se\\\/app\\\/uploads\\\/2021\\\/02\\\/Skarmklipp1-e1615197104170.png\"},{\"@type\":\"BreadcrumbList\",\"@id\":\"https:\\\/\\\/akerstroms.se\\\/en\\\/support\\\/info\\\/#breadcrumb\",\"itemListElement\":[{\"@type\":\"ListItem\",\"position\":1,\"name\":\"Home\",\"item\":\"https:\\\/\\\/akerstroms.se\\\/en\\\/\"},{\"@type\":\"ListItem\",\"position\":2,\"name\":\"Support\",\"item\":\"https:\\\/\\\/akerstroms.se\\\/en\\\/support\\\/\"},{\"@type\":\"ListItem\",\"position\":3,\"name\":\"Info\"}]},{\"@type\":\"WebSite\",\"@id\":\"https:\\\/\\\/akerstroms.se\\\/#website\",\"url\":\"https:\\\/\\\/akerstroms.se\\\/\",\"name\":\"\u00c5kerstr\u00f6ms Bj\u00f6rbo\",\"description\":\"Radiostyrning f\u00f6r industriella och mobila applikationer\",\"publisher\":{\"@id\":\"https:\\\/\\\/akerstroms.se\\\/#organization\"},\"potentialAction\":[{\"@type\":\"SearchAction\",\"target\":{\"@type\":\"EntryPoint\",\"urlTemplate\":\"https:\\\/\\\/akerstroms.se\\\/?s={search_term_string}\"},\"query-input\":{\"@type\":\"PropertyValueSpecification\",\"valueRequired\":true,\"valueName\":\"search_term_string\"}}],\"inLanguage\":\"en-US\"},{\"@type\":\"Organization\",\"@id\":\"https:\\\/\\\/akerstroms.se\\\/#organization\",\"name\":\"\u00c5kerstr\u00f6ms AB\",\"url\":\"https:\\\/\\\/akerstroms.se\\\/\",\"logo\":{\"@type\":\"ImageObject\",\"inLanguage\":\"en-US\",\"@id\":\"https:\\\/\\\/akerstroms.se\\\/#\\\/schema\\\/logo\\\/image\\\/\",\"url\":\"https:\\\/\\\/akerstroms.se\\\/app\\\/uploads\\\/2021\\\/10\\\/akerstroms-logo.png\",\"contentUrl\":\"https:\\\/\\\/akerstroms.se\\\/app\\\/uploads\\\/2021\\\/10\\\/akerstroms-logo.png\",\"width\":400,\"height\":86,\"caption\":\"\u00c5kerstr\u00f6ms AB\"},\"image\":{\"@id\":\"https:\\\/\\\/akerstroms.se\\\/#\\\/schema\\\/logo\\\/image\\\/\"},\"sameAs\":[\"https:\\\/\\\/www.facebook.com\\\/akerstroms.se\",\"https:\\\/\\\/www.linkedin.com\\\/company\\\/akerstroms\\\/\",\"https:\\\/\\\/www.youtube.com\\\/channel\\\/UC8S-jX9nA8c9qBaTlgqg1CQ\"]}]}<\/script>\n<!-- \/ Yoast SEO plugin. -->","yoast_head_json":{"title":"Info - \u00c5kerstr\u00f6ms Bj\u00f6rbo","robots":{"index":"index","follow":"follow","max-snippet":"max-snippet:-1","max-image-preview":"max-image-preview:large","max-video-preview":"max-video-preview:-1"},"canonical":"https:\/\/akerstroms.se\/en\/support\/info\/","og_locale":"en_US","og_type":"article","og_title":"Info - \u00c5kerstr\u00f6ms Bj\u00f6rbo","og_description":"Place for header \u00c5kerstr\u00f6ms is an international company founded in 1918 that develops, produces, markets, and services products and services for communication with and remote...","og_url":"https:\/\/akerstroms.se\/en\/support\/info\/","og_site_name":"\u00c5kerstr\u00f6ms Bj\u00f6rbo","article_publisher":"https:\/\/www.facebook.com\/akerstroms.se","og_image":[{"url":"https:\/\/akerstroms.se\/app\/uploads\/2021\/02\/Skarmklipp1-e1615197104170.png","type":"","width":"","height":""}],"twitter_card":"summary_large_image","twitter_misc":{"Est. reading time":"1 minute"},"schema":{"@context":"https:\/\/schema.org","@graph":[{"@type":"WebPage","@id":"https:\/\/akerstroms.se\/en\/support\/info\/","url":"https:\/\/akerstroms.se\/en\/support\/info\/","name":"Info - \u00c5kerstr\u00f6ms Bj\u00f6rbo","isPartOf":{"@id":"https:\/\/akerstroms.se\/#website"},"primaryImageOfPage":{"@id":"https:\/\/akerstroms.se\/en\/support\/info\/#primaryimage"},"image":{"@id":"https:\/\/akerstroms.se\/en\/support\/info\/#primaryimage"},"thumbnailUrl":"https:\/\/akerstroms.se\/app\/uploads\/2021\/02\/Skarmklipp1-e1615197104170.png","datePublished":"2021-10-05T06:25:45+00:00","breadcrumb":{"@id":"https:\/\/akerstroms.se\/en\/support\/info\/#breadcrumb"},"inLanguage":"en-US","potentialAction":[{"@type":"ReadAction","target":["https:\/\/akerstroms.se\/en\/support\/info\/"]}]},{"@type":"ImageObject","inLanguage":"en-US","@id":"https:\/\/akerstroms.se\/en\/support\/info\/#primaryimage","url":"https:\/\/akerstroms.se\/app\/uploads\/2021\/02\/Skarmklipp1-e1615197104170.png","contentUrl":"https:\/\/akerstroms.se\/app\/uploads\/2021\/02\/Skarmklipp1-e1615197104170.png"},{"@type":"BreadcrumbList","@id":"https:\/\/akerstroms.se\/en\/support\/info\/#breadcrumb","itemListElement":[{"@type":"ListItem","position":1,"name":"Home","item":"https:\/\/akerstroms.se\/en\/"},{"@type":"ListItem","position":2,"name":"Support","item":"https:\/\/akerstroms.se\/en\/support\/"},{"@type":"ListItem","position":3,"name":"Info"}]},{"@type":"WebSite","@id":"https:\/\/akerstroms.se\/#website","url":"https:\/\/akerstroms.se\/","name":"\u00c5kerstr\u00f6ms Bj\u00f6rbo","description":"Radiostyrning f\u00f6r industriella och mobila applikationer","publisher":{"@id":"https:\/\/akerstroms.se\/#organization"},"potentialAction":[{"@type":"SearchAction","target":{"@type":"EntryPoint","urlTemplate":"https:\/\/akerstroms.se\/?s={search_term_string}"},"query-input":{"@type":"PropertyValueSpecification","valueRequired":true,"valueName":"search_term_string"}}],"inLanguage":"en-US"},{"@type":"Organization","@id":"https:\/\/akerstroms.se\/#organization","name":"\u00c5kerstr\u00f6ms AB","url":"https:\/\/akerstroms.se\/","logo":{"@type":"ImageObject","inLanguage":"en-US","@id":"https:\/\/akerstroms.se\/#\/schema\/logo\/image\/","url":"https:\/\/akerstroms.se\/app\/uploads\/2021\/10\/akerstroms-logo.png","contentUrl":"https:\/\/akerstroms.se\/app\/uploads\/2021\/10\/akerstroms-logo.png","width":400,"height":86,"caption":"\u00c5kerstr\u00f6ms AB"},"image":{"@id":"https:\/\/akerstroms.se\/#\/schema\/logo\/image\/"},"sameAs":["https:\/\/www.facebook.com\/akerstroms.se","https:\/\/www.linkedin.com\/company\/akerstroms\/","https:\/\/www.youtube.com\/channel\/UC8S-jX9nA8c9qBaTlgqg1CQ"]}]}},"_links":{"self":[{"href":"https:\/\/akerstroms.se\/en\/wp-json\/wp\/v2\/pages\/11094","targetHints":{"allow":["GET"]}}],"collection":[{"href":"https:\/\/akerstroms.se\/en\/wp-json\/wp\/v2\/pages"}],"about":[{"href":"https:\/\/akerstroms.se\/en\/wp-json\/wp\/v2\/types\/page"}],"author":[{"embeddable":true,"href":"https:\/\/akerstroms.se\/en\/wp-json\/wp\/v2\/users\/1"}],"replies":[{"embeddable":true,"href":"https:\/\/akerstroms.se\/en\/wp-json\/wp\/v2\/comments?post=11094"}],"version-history":[{"count":0,"href":"https:\/\/akerstroms.se\/en\/wp-json\/wp\/v2\/pages\/11094\/revisions"}],"up":[{"embeddable":true,"href":"https:\/\/akerstroms.se\/en\/wp-json\/wp\/v2\/pages\/11898"}],"wp:attachment":[{"href":"https:\/\/akerstroms.se\/en\/wp-json\/wp\/v2\/media?parent=11094"}],"curies":[{"name":"wp","href":"https:\/\/api.w.org\/{rel}","templated":true}]}}