{"id":11092,"date":"2021-10-05T08:25:36","date_gmt":"2021-10-05T06:25:36","guid":{"rendered":"https:\/\/akerstroms.se\/privacy-policy\/"},"modified":"2021-10-19T14:38:07","modified_gmt":"2021-10-19T12:38:07","slug":"privacy-policy","status":"publish","type":"page","link":"https:\/\/akerstroms.se\/en\/privacy-policy\/","title":{"rendered":"Privacy policy"},"content":{"rendered":"\n<h1 class=\"wp-block-heading\" id=\"h-integritetspolicy\">Privacy policy<\/h1>\n\n<h4 class=\"wp-block-heading\" id=\"h-behandling-av-personuppgiftergrundl-ggande-principer\"><strong>Processing of personal data<br\/>Fundamental principles<\/strong><\/h4>\n\n<p><strong>\u00c5KERSTR\u00d6MS BJ\u00d6RBO AB<\/strong> and its Group companies pledge to respect and protect your personal data and your privacy, in accordance with applicable law,<\/p>\n\n<p>codes of conduct and other relevant standards. The following is an explanation of our fundamental principles for the processing of personal data to help you understand how we process information about you.<br\/><\/p>\n\n<p><strong>Collection of information<\/strong><br\/>\u00c5KERSTR\u00d6MS BJ\u00d6RBO AB and its Group companies offer you the opportunity to order products and services, make inquiries or sign up to receive various types of materials, via our website, the telephone or email. This provides us with information such as your name, how to reach you and information that is necessary for invoicing and delivery. We also receive information about the business transaction. Besides the information above, we also ask you to provide information that may concern your professional interests, so we can improve our products and services and customise our communication with you.<br\/><\/p>\n\n<p><strong>Cookies<br\/><\/strong>A cookie file is part of a text that can be placed on your computer\u2019s hardware. If you accept the cookie, your browser will add the text in a separate file.<\/p>\n\n<p>\u00c5KERSTR\u00d6MS BJ\u00d6RBO AB and its Group companies use cookie files to facilitate analyses of the traffic on our websites, since they provide us with information about who has visited a website at a given time. You can indicate in your browser\u2019s settings whether you accept cookie files being placed on your device or not. You can also choose to remove the cookie files that were placed on your computer at any time.<\/p>\n\n<p>When you visit the pages of the websites of \u00c5KERSTR\u00d6MS BJ\u00d6RBO AB or its Group companies that can be customised to your user profile or that require you to log in, your browser must be set to accept cookies. Otherwise, you can visit all our website pages without accepting cookie files and without revealing your identity.<\/p>\n\n<p>We use Google Analytics as well as Linkedin insights, YouTube and language settings.<br\/><\/p>\n\n<p><strong>Security<\/strong><br\/>\u00c5KERSTR\u00d6MS BJ\u00d6RBO AB and its Group companies protect your personal data through technical and organisational security measures to prevent unauthorised access.<\/p>\n\n<p><br\/><strong>Use of the information<br\/><\/strong>\u00c5KERSTR\u00d6MS BJ\u00d6RBO AB and its Group companies manage and use the information you have provided to better meet your needs and to provide you with better service, including as much personalisation of the website as possible. Your personal data are processed in \u00c5KERSTR\u00d6MS BJ\u00d6RBO AB\u2019s customer database with the support of the order agreement, legal obligations and legitimate interest. In the case of legitimate interest, we use your data to customise our communications to you based on your purchases, for example. We may also contact you for market research purposes, or through various offers via direct marketing. If you do not want your data used for marketing, profiling for marketing purposes or shared with our partners, please contact customer service via email at <a href=\"mailto:privacy@akerstroms.se\">privacy@akerstroms.se<\/a>.<br\/><\/p>\n\n<p>\u00c5KERSTR\u00d6MS BJ\u00d6RBO AB and its Group companies will not forward information about you without your consent, unless this is stipulated by law or required when you purchase a product or service. An example would be providing necessary information to a freight company. Your data may be managed by a so-called \u201cprocessor\u201d, who assists us with our communications with you or the operation of our systems. This processor will then only process the data according to the purposes for which they were collected. \u00c5KERSTR\u00d6MS BJ\u00d6RBO AB and its Group companies do not intentionally utilise information from children or minors, and do not market to children or minors.<br\/><\/p>\n\n<p><strong>Correction and transparency<\/strong><br\/>\u00c5KERSTR\u00d6MS BJ\u00d6RBO AB and its Group companies endeavour to ensure that all the information that we process is correct. This also applies to the personal data we collect. If any information proves to be incorrect, we will correct it without delay. Naturally you have the right to access the data that we have recorded about you. If you wish to access these data or have other questions concerning our processing of personal data, please contact us at one of the following addresses:<\/p>\n\n<p>Mailing address: Box 7, SE-785 21 Gagnef, Sweden<\/p>\n\n<p>Delivery and street address: Bj\u00f6rbov\u00e4gen 143, SE-785 45 Bj\u00f6rbo, Sweden<br\/>Phone +46 (0)241 250 00<\/p>\n\n<p>Email address: <a href=\"mailto:privacy@akerstroms.se\">privacy@akerstroms.se<\/a><\/p>\n\n<p><strong><br\/>Links to other websites<br\/><\/strong>Please note that the links from this website to other websites may lead you to other websites with privacy protection rules that differ from those stated herein.<\/p>\n","protected":false},"excerpt":{"rendered":"<p>Privacy policy Processing of personal dataFundamental principles \u00c5KERSTR\u00d6MS BJ\u00d6RBO AB and its Group companies pledge to respect and protect your personal data and your privacy,&#8230;<\/p>\n","protected":false},"author":1,"featured_media":0,"parent":0,"menu_order":0,"comment_status":"closed","ping_status":"open","template":"templates\/page-text-page.php","meta":{"_acf_changed":false,"footnotes":""},"class_list":["post-11092","page","type-page","status-publish","hentry"],"acf":[],"yoast_head":"<!-- This site is optimized with the Yoast SEO plugin v27.4 - https:\/\/yoast.com\/product\/yoast-seo-wordpress\/ -->\n<title>Privacy policy - \u00c5kerstr\u00f6ms Bj\u00f6rbo<\/title>\n<meta name=\"robots\" content=\"index, follow, max-snippet:-1, max-image-preview:large, max-video-preview:-1\" \/>\n<link rel=\"canonical\" href=\"https:\/\/akerstroms.se\/en\/privacy-policy\/\" \/>\n<meta property=\"og:locale\" content=\"en_US\" \/>\n<meta property=\"og:type\" content=\"article\" \/>\n<meta property=\"og:title\" content=\"Privacy policy - \u00c5kerstr\u00f6ms Bj\u00f6rbo\" \/>\n<meta property=\"og:description\" content=\"Privacy policy Processing of personal dataFundamental principles \u00c5KERSTR\u00d6MS BJ\u00d6RBO AB and its Group companies pledge to respect and protect your personal data and your privacy,...\" \/>\n<meta property=\"og:url\" content=\"https:\/\/akerstroms.se\/en\/privacy-policy\/\" \/>\n<meta property=\"og:site_name\" content=\"\u00c5kerstr\u00f6ms Bj\u00f6rbo\" \/>\n<meta property=\"article:publisher\" content=\"https:\/\/www.facebook.com\/akerstroms.se\" \/>\n<meta property=\"article:modified_time\" content=\"2021-10-19T12:38:07+00:00\" \/>\n<meta property=\"og:image\" content=\"https:\/\/akerstroms.se\/app\/uploads\/2021\/09\/Akerstroms-remote-controls.jpg\" \/>\n\t<meta property=\"og:image:width\" content=\"1200\" \/>\n\t<meta property=\"og:image:height\" content=\"675\" \/>\n\t<meta property=\"og:image:type\" content=\"image\/jpeg\" \/>\n<meta name=\"twitter:card\" content=\"summary_large_image\" \/>\n<meta name=\"twitter:label1\" content=\"Est. reading time\" \/>\n\t<meta name=\"twitter:data1\" content=\"4 minutes\" \/>\n<script type=\"application\/ld+json\" class=\"yoast-schema-graph\">{\"@context\":\"https:\\\/\\\/schema.org\",\"@graph\":[{\"@type\":\"WebPage\",\"@id\":\"https:\\\/\\\/akerstroms.se\\\/en\\\/privacy-policy\\\/\",\"url\":\"https:\\\/\\\/akerstroms.se\\\/en\\\/privacy-policy\\\/\",\"name\":\"Privacy policy - \u00c5kerstr\u00f6ms Bj\u00f6rbo\",\"isPartOf\":{\"@id\":\"https:\\\/\\\/akerstroms.se\\\/#website\"},\"datePublished\":\"2021-10-05T06:25:36+00:00\",\"dateModified\":\"2021-10-19T12:38:07+00:00\",\"breadcrumb\":{\"@id\":\"https:\\\/\\\/akerstroms.se\\\/en\\\/privacy-policy\\\/#breadcrumb\"},\"inLanguage\":\"en-US\",\"potentialAction\":[{\"@type\":\"ReadAction\",\"target\":[\"https:\\\/\\\/akerstroms.se\\\/en\\\/privacy-policy\\\/\"]}]},{\"@type\":\"BreadcrumbList\",\"@id\":\"https:\\\/\\\/akerstroms.se\\\/en\\\/privacy-policy\\\/#breadcrumb\",\"itemListElement\":[{\"@type\":\"ListItem\",\"position\":1,\"name\":\"Home\",\"item\":\"https:\\\/\\\/akerstroms.se\\\/en\\\/\"},{\"@type\":\"ListItem\",\"position\":2,\"name\":\"Privacy policy\"}]},{\"@type\":\"WebSite\",\"@id\":\"https:\\\/\\\/akerstroms.se\\\/#website\",\"url\":\"https:\\\/\\\/akerstroms.se\\\/\",\"name\":\"\u00c5kerstr\u00f6ms Bj\u00f6rbo\",\"description\":\"Radiostyrning f\u00f6r industriella och mobila applikationer\",\"publisher\":{\"@id\":\"https:\\\/\\\/akerstroms.se\\\/#organization\"},\"potentialAction\":[{\"@type\":\"SearchAction\",\"target\":{\"@type\":\"EntryPoint\",\"urlTemplate\":\"https:\\\/\\\/akerstroms.se\\\/?s={search_term_string}\"},\"query-input\":{\"@type\":\"PropertyValueSpecification\",\"valueRequired\":true,\"valueName\":\"search_term_string\"}}],\"inLanguage\":\"en-US\"},{\"@type\":\"Organization\",\"@id\":\"https:\\\/\\\/akerstroms.se\\\/#organization\",\"name\":\"\u00c5kerstr\u00f6ms AB\",\"url\":\"https:\\\/\\\/akerstroms.se\\\/\",\"logo\":{\"@type\":\"ImageObject\",\"inLanguage\":\"en-US\",\"@id\":\"https:\\\/\\\/akerstroms.se\\\/#\\\/schema\\\/logo\\\/image\\\/\",\"url\":\"https:\\\/\\\/akerstroms.se\\\/app\\\/uploads\\\/2021\\\/10\\\/akerstroms-logo.png\",\"contentUrl\":\"https:\\\/\\\/akerstroms.se\\\/app\\\/uploads\\\/2021\\\/10\\\/akerstroms-logo.png\",\"width\":400,\"height\":86,\"caption\":\"\u00c5kerstr\u00f6ms AB\"},\"image\":{\"@id\":\"https:\\\/\\\/akerstroms.se\\\/#\\\/schema\\\/logo\\\/image\\\/\"},\"sameAs\":[\"https:\\\/\\\/www.facebook.com\\\/akerstroms.se\",\"https:\\\/\\\/www.linkedin.com\\\/company\\\/akerstroms\\\/\",\"https:\\\/\\\/www.youtube.com\\\/channel\\\/UC8S-jX9nA8c9qBaTlgqg1CQ\"]}]}<\/script>\n<!-- \/ Yoast SEO plugin. -->","yoast_head_json":{"title":"Privacy policy - \u00c5kerstr\u00f6ms Bj\u00f6rbo","robots":{"index":"index","follow":"follow","max-snippet":"max-snippet:-1","max-image-preview":"max-image-preview:large","max-video-preview":"max-video-preview:-1"},"canonical":"https:\/\/akerstroms.se\/en\/privacy-policy\/","og_locale":"en_US","og_type":"article","og_title":"Privacy policy - \u00c5kerstr\u00f6ms Bj\u00f6rbo","og_description":"Privacy policy Processing of personal dataFundamental principles \u00c5KERSTR\u00d6MS BJ\u00d6RBO AB and its Group companies pledge to respect and protect your personal data and your privacy,...","og_url":"https:\/\/akerstroms.se\/en\/privacy-policy\/","og_site_name":"\u00c5kerstr\u00f6ms Bj\u00f6rbo","article_publisher":"https:\/\/www.facebook.com\/akerstroms.se","article_modified_time":"2021-10-19T12:38:07+00:00","og_image":[{"width":1200,"height":675,"url":"https:\/\/akerstroms.se\/app\/uploads\/2021\/09\/Akerstroms-remote-controls.jpg","type":"image\/jpeg"}],"twitter_card":"summary_large_image","twitter_misc":{"Est. reading time":"4 minutes"},"schema":{"@context":"https:\/\/schema.org","@graph":[{"@type":"WebPage","@id":"https:\/\/akerstroms.se\/en\/privacy-policy\/","url":"https:\/\/akerstroms.se\/en\/privacy-policy\/","name":"Privacy policy - \u00c5kerstr\u00f6ms Bj\u00f6rbo","isPartOf":{"@id":"https:\/\/akerstroms.se\/#website"},"datePublished":"2021-10-05T06:25:36+00:00","dateModified":"2021-10-19T12:38:07+00:00","breadcrumb":{"@id":"https:\/\/akerstroms.se\/en\/privacy-policy\/#breadcrumb"},"inLanguage":"en-US","potentialAction":[{"@type":"ReadAction","target":["https:\/\/akerstroms.se\/en\/privacy-policy\/"]}]},{"@type":"BreadcrumbList","@id":"https:\/\/akerstroms.se\/en\/privacy-policy\/#breadcrumb","itemListElement":[{"@type":"ListItem","position":1,"name":"Home","item":"https:\/\/akerstroms.se\/en\/"},{"@type":"ListItem","position":2,"name":"Privacy policy"}]},{"@type":"WebSite","@id":"https:\/\/akerstroms.se\/#website","url":"https:\/\/akerstroms.se\/","name":"\u00c5kerstr\u00f6ms Bj\u00f6rbo","description":"Radiostyrning f\u00f6r industriella och mobila applikationer","publisher":{"@id":"https:\/\/akerstroms.se\/#organization"},"potentialAction":[{"@type":"SearchAction","target":{"@type":"EntryPoint","urlTemplate":"https:\/\/akerstroms.se\/?s={search_term_string}"},"query-input":{"@type":"PropertyValueSpecification","valueRequired":true,"valueName":"search_term_string"}}],"inLanguage":"en-US"},{"@type":"Organization","@id":"https:\/\/akerstroms.se\/#organization","name":"\u00c5kerstr\u00f6ms AB","url":"https:\/\/akerstroms.se\/","logo":{"@type":"ImageObject","inLanguage":"en-US","@id":"https:\/\/akerstroms.se\/#\/schema\/logo\/image\/","url":"https:\/\/akerstroms.se\/app\/uploads\/2021\/10\/akerstroms-logo.png","contentUrl":"https:\/\/akerstroms.se\/app\/uploads\/2021\/10\/akerstroms-logo.png","width":400,"height":86,"caption":"\u00c5kerstr\u00f6ms AB"},"image":{"@id":"https:\/\/akerstroms.se\/#\/schema\/logo\/image\/"},"sameAs":["https:\/\/www.facebook.com\/akerstroms.se","https:\/\/www.linkedin.com\/company\/akerstroms\/","https:\/\/www.youtube.com\/channel\/UC8S-jX9nA8c9qBaTlgqg1CQ"]}]}},"_links":{"self":[{"href":"https:\/\/akerstroms.se\/en\/wp-json\/wp\/v2\/pages\/11092","targetHints":{"allow":["GET"]}}],"collection":[{"href":"https:\/\/akerstroms.se\/en\/wp-json\/wp\/v2\/pages"}],"about":[{"href":"https:\/\/akerstroms.se\/en\/wp-json\/wp\/v2\/types\/page"}],"author":[{"embeddable":true,"href":"https:\/\/akerstroms.se\/en\/wp-json\/wp\/v2\/users\/1"}],"replies":[{"embeddable":true,"href":"https:\/\/akerstroms.se\/en\/wp-json\/wp\/v2\/comments?post=11092"}],"version-history":[{"count":7,"href":"https:\/\/akerstroms.se\/en\/wp-json\/wp\/v2\/pages\/11092\/revisions"}],"predecessor-version":[{"id":12929,"href":"https:\/\/akerstroms.se\/en\/wp-json\/wp\/v2\/pages\/11092\/revisions\/12929"}],"wp:attachment":[{"href":"https:\/\/akerstroms.se\/en\/wp-json\/wp\/v2\/media?parent=11092"}],"curies":[{"name":"wp","href":"https:\/\/api.w.org\/{rel}","templated":true}]}}