{"id":11082,"date":"2021-10-05T08:24:58","date_gmt":"2021-10-05T06:24:58","guid":{"rendered":"https:\/\/akerstroms.se\/warehouse-management\/"},"modified":"2026-04-02T11:23:31","modified_gmt":"2026-04-02T09:23:31","slug":"warehouse-management","status":"publish","type":"page","link":"https:\/\/akerstroms.se\/en\/warehouse-management\/","title":{"rendered":"Warehouse management"},"content":{"rendered":"<section class=\"hero alignfull  \" style=\"background-image: url(https:\/\/akerstroms.se\/app\/uploads\/2021\/08\/lagerhantering_web.jpg);\">\r\n        <div class=\"hero__text container\">\r\n        <h1 class=\"hero__title\">Warehouse management<\/h1>\r\n                    <p class=\"hero__excerpt\">Pallet handling systems and transfer of storage racks<\/p>\r\n            <\/div>\r\n<\/section>\r\n\n\n\n<div style=\"height:50px\" aria-hidden=\"true\" class=\"wp-block-spacer\"><\/div>\n\n\n\n<h2 class=\"has-text-align-center wp-block-heading\" id=\"h-smooth-and-optimized-warehouse-management\">Smooth and optimized warehouse management<\/h2>\n\n\n\n<p class=\"has-text-align-center\">We offer radio control solutions for optimal warehouse management, automated picking of goods and the transfer of storage racks. We have cooperated closely with our customers to develop safe and flexible radio control solutions in <a href=\"https:\/\/akerstroms.se\/en\/efficient-and-reliable-remote-control-of-pallet-handling\/\">fully automated pallet handling systems<\/a> to create efficient and optimized operations in large warehouses. Contact us to hear more about the solutions we offer.<\/p>\n\n\n\n<div style=\"height:60px\" aria-hidden=\"true\" class=\"wp-block-spacer\"><\/div>\n","protected":false},"excerpt":{"rendered":"<p>Smooth and optimized warehouse management We offer radio control solutions for optimal warehouse management, automated picking of goods and the transfer of storage racks. We&#8230;<\/p>\n","protected":false},"author":1,"featured_media":0,"parent":0,"menu_order":0,"comment_status":"closed","ping_status":"closed","template":"","meta":{"_acf_changed":false,"footnotes":""},"class_list":["post-11082","page","type-page","status-publish","hentry"],"acf":[],"yoast_head":"<!-- This site is optimized with the Yoast SEO plugin v27.4 - https:\/\/yoast.com\/product\/yoast-seo-wordpress\/ -->\n<title>Warehouse Radio Control Systems \u2013 Automation | \u00c5kerstr\u00f6ms<\/title>\n<meta name=\"description\" content=\"\u00c5kerstr\u00f6ms warehouse radio control systems. Flexible warehouse automation solutions for modern logistics. Contact us today.\" \/>\n<meta name=\"robots\" content=\"index, follow, max-snippet:-1, max-image-preview:large, max-video-preview:-1\" \/>\n<link rel=\"canonical\" href=\"https:\/\/akerstroms.se\/en\/warehouse-management\/\" \/>\n<meta property=\"og:locale\" content=\"en_US\" \/>\n<meta property=\"og:type\" content=\"article\" \/>\n<meta property=\"og:title\" content=\"Warehouse Radio Control Systems \u2013 Automation | \u00c5kerstr\u00f6ms\" \/>\n<meta property=\"og:description\" content=\"\u00c5kerstr\u00f6ms warehouse radio control systems. Flexible warehouse automation solutions for modern logistics. Contact us today.\" \/>\n<meta property=\"og:url\" content=\"https:\/\/akerstroms.se\/en\/warehouse-management\/\" \/>\n<meta property=\"og:site_name\" content=\"\u00c5kerstr\u00f6ms Bj\u00f6rbo\" \/>\n<meta property=\"article:publisher\" content=\"https:\/\/www.facebook.com\/akerstroms.se\" \/>\n<meta property=\"article:modified_time\" content=\"2026-04-02T09:23:31+00:00\" \/>\n<meta property=\"og:image\" content=\"https:\/\/akerstroms.se\/app\/uploads\/2021\/09\/Akerstroms-remote-controls.jpg\" \/>\n\t<meta property=\"og:image:width\" content=\"1200\" \/>\n\t<meta property=\"og:image:height\" content=\"675\" \/>\n\t<meta property=\"og:image:type\" content=\"image\/jpeg\" \/>\n<meta name=\"twitter:card\" content=\"summary_large_image\" \/>\n<meta name=\"twitter:label1\" content=\"Est. reading time\" \/>\n\t<meta name=\"twitter:data1\" content=\"1 minute\" \/>\n<script type=\"application\/ld+json\" class=\"yoast-schema-graph\">{\"@context\":\"https:\\\/\\\/schema.org\",\"@graph\":[{\"@type\":\"WebPage\",\"@id\":\"https:\\\/\\\/akerstroms.se\\\/en\\\/warehouse-management\\\/\",\"url\":\"https:\\\/\\\/akerstroms.se\\\/en\\\/warehouse-management\\\/\",\"name\":\"Warehouse Radio Control Systems \u2013 Automation | \u00c5kerstr\u00f6ms\",\"isPartOf\":{\"@id\":\"https:\\\/\\\/akerstroms.se\\\/#website\"},\"datePublished\":\"2021-10-05T06:24:58+00:00\",\"dateModified\":\"2026-04-02T09:23:31+00:00\",\"description\":\"\u00c5kerstr\u00f6ms warehouse radio control systems. Flexible warehouse automation solutions for modern logistics. Contact us today.\",\"breadcrumb\":{\"@id\":\"https:\\\/\\\/akerstroms.se\\\/en\\\/warehouse-management\\\/#breadcrumb\"},\"inLanguage\":\"en-US\",\"potentialAction\":[{\"@type\":\"ReadAction\",\"target\":[\"https:\\\/\\\/akerstroms.se\\\/en\\\/warehouse-management\\\/\"]}]},{\"@type\":\"BreadcrumbList\",\"@id\":\"https:\\\/\\\/akerstroms.se\\\/en\\\/warehouse-management\\\/#breadcrumb\",\"itemListElement\":[{\"@type\":\"ListItem\",\"position\":1,\"name\":\"Home\",\"item\":\"https:\\\/\\\/akerstroms.se\\\/en\\\/\"},{\"@type\":\"ListItem\",\"position\":2,\"name\":\"Warehouse management\"}]},{\"@type\":\"WebSite\",\"@id\":\"https:\\\/\\\/akerstroms.se\\\/#website\",\"url\":\"https:\\\/\\\/akerstroms.se\\\/\",\"name\":\"\u00c5kerstr\u00f6ms Bj\u00f6rbo\",\"description\":\"Radiostyrning f\u00f6r industriella och mobila applikationer\",\"publisher\":{\"@id\":\"https:\\\/\\\/akerstroms.se\\\/#organization\"},\"potentialAction\":[{\"@type\":\"SearchAction\",\"target\":{\"@type\":\"EntryPoint\",\"urlTemplate\":\"https:\\\/\\\/akerstroms.se\\\/?s={search_term_string}\"},\"query-input\":{\"@type\":\"PropertyValueSpecification\",\"valueRequired\":true,\"valueName\":\"search_term_string\"}}],\"inLanguage\":\"en-US\"},{\"@type\":\"Organization\",\"@id\":\"https:\\\/\\\/akerstroms.se\\\/#organization\",\"name\":\"\u00c5kerstr\u00f6ms AB\",\"url\":\"https:\\\/\\\/akerstroms.se\\\/\",\"logo\":{\"@type\":\"ImageObject\",\"inLanguage\":\"en-US\",\"@id\":\"https:\\\/\\\/akerstroms.se\\\/#\\\/schema\\\/logo\\\/image\\\/\",\"url\":\"https:\\\/\\\/akerstroms.se\\\/app\\\/uploads\\\/2021\\\/10\\\/akerstroms-logo.png\",\"contentUrl\":\"https:\\\/\\\/akerstroms.se\\\/app\\\/uploads\\\/2021\\\/10\\\/akerstroms-logo.png\",\"width\":400,\"height\":86,\"caption\":\"\u00c5kerstr\u00f6ms AB\"},\"image\":{\"@id\":\"https:\\\/\\\/akerstroms.se\\\/#\\\/schema\\\/logo\\\/image\\\/\"},\"sameAs\":[\"https:\\\/\\\/www.facebook.com\\\/akerstroms.se\",\"https:\\\/\\\/www.linkedin.com\\\/company\\\/akerstroms\\\/\",\"https:\\\/\\\/www.youtube.com\\\/channel\\\/UC8S-jX9nA8c9qBaTlgqg1CQ\"]}]}<\/script>\n<!-- \/ Yoast SEO plugin. -->","yoast_head_json":{"title":"Warehouse Radio Control Systems \u2013 Automation | \u00c5kerstr\u00f6ms","description":"\u00c5kerstr\u00f6ms warehouse radio control systems. Flexible warehouse automation solutions for modern logistics. Contact us today.","robots":{"index":"index","follow":"follow","max-snippet":"max-snippet:-1","max-image-preview":"max-image-preview:large","max-video-preview":"max-video-preview:-1"},"canonical":"https:\/\/akerstroms.se\/en\/warehouse-management\/","og_locale":"en_US","og_type":"article","og_title":"Warehouse Radio Control Systems \u2013 Automation | \u00c5kerstr\u00f6ms","og_description":"\u00c5kerstr\u00f6ms warehouse radio control systems. Flexible warehouse automation solutions for modern logistics. Contact us today.","og_url":"https:\/\/akerstroms.se\/en\/warehouse-management\/","og_site_name":"\u00c5kerstr\u00f6ms Bj\u00f6rbo","article_publisher":"https:\/\/www.facebook.com\/akerstroms.se","article_modified_time":"2026-04-02T09:23:31+00:00","og_image":[{"width":1200,"height":675,"url":"https:\/\/akerstroms.se\/app\/uploads\/2021\/09\/Akerstroms-remote-controls.jpg","type":"image\/jpeg"}],"twitter_card":"summary_large_image","twitter_misc":{"Est. reading time":"1 minute"},"schema":{"@context":"https:\/\/schema.org","@graph":[{"@type":"WebPage","@id":"https:\/\/akerstroms.se\/en\/warehouse-management\/","url":"https:\/\/akerstroms.se\/en\/warehouse-management\/","name":"Warehouse Radio Control Systems \u2013 Automation | \u00c5kerstr\u00f6ms","isPartOf":{"@id":"https:\/\/akerstroms.se\/#website"},"datePublished":"2021-10-05T06:24:58+00:00","dateModified":"2026-04-02T09:23:31+00:00","description":"\u00c5kerstr\u00f6ms warehouse radio control systems. Flexible warehouse automation solutions for modern logistics. Contact us today.","breadcrumb":{"@id":"https:\/\/akerstroms.se\/en\/warehouse-management\/#breadcrumb"},"inLanguage":"en-US","potentialAction":[{"@type":"ReadAction","target":["https:\/\/akerstroms.se\/en\/warehouse-management\/"]}]},{"@type":"BreadcrumbList","@id":"https:\/\/akerstroms.se\/en\/warehouse-management\/#breadcrumb","itemListElement":[{"@type":"ListItem","position":1,"name":"Home","item":"https:\/\/akerstroms.se\/en\/"},{"@type":"ListItem","position":2,"name":"Warehouse management"}]},{"@type":"WebSite","@id":"https:\/\/akerstroms.se\/#website","url":"https:\/\/akerstroms.se\/","name":"\u00c5kerstr\u00f6ms Bj\u00f6rbo","description":"Radiostyrning f\u00f6r industriella och mobila applikationer","publisher":{"@id":"https:\/\/akerstroms.se\/#organization"},"potentialAction":[{"@type":"SearchAction","target":{"@type":"EntryPoint","urlTemplate":"https:\/\/akerstroms.se\/?s={search_term_string}"},"query-input":{"@type":"PropertyValueSpecification","valueRequired":true,"valueName":"search_term_string"}}],"inLanguage":"en-US"},{"@type":"Organization","@id":"https:\/\/akerstroms.se\/#organization","name":"\u00c5kerstr\u00f6ms AB","url":"https:\/\/akerstroms.se\/","logo":{"@type":"ImageObject","inLanguage":"en-US","@id":"https:\/\/akerstroms.se\/#\/schema\/logo\/image\/","url":"https:\/\/akerstroms.se\/app\/uploads\/2021\/10\/akerstroms-logo.png","contentUrl":"https:\/\/akerstroms.se\/app\/uploads\/2021\/10\/akerstroms-logo.png","width":400,"height":86,"caption":"\u00c5kerstr\u00f6ms AB"},"image":{"@id":"https:\/\/akerstroms.se\/#\/schema\/logo\/image\/"},"sameAs":["https:\/\/www.facebook.com\/akerstroms.se","https:\/\/www.linkedin.com\/company\/akerstroms\/","https:\/\/www.youtube.com\/channel\/UC8S-jX9nA8c9qBaTlgqg1CQ"]}]}},"_links":{"self":[{"href":"https:\/\/akerstroms.se\/en\/wp-json\/wp\/v2\/pages\/11082","targetHints":{"allow":["GET"]}}],"collection":[{"href":"https:\/\/akerstroms.se\/en\/wp-json\/wp\/v2\/pages"}],"about":[{"href":"https:\/\/akerstroms.se\/en\/wp-json\/wp\/v2\/types\/page"}],"author":[{"embeddable":true,"href":"https:\/\/akerstroms.se\/en\/wp-json\/wp\/v2\/users\/1"}],"replies":[{"embeddable":true,"href":"https:\/\/akerstroms.se\/en\/wp-json\/wp\/v2\/comments?post=11082"}],"version-history":[{"count":10,"href":"https:\/\/akerstroms.se\/en\/wp-json\/wp\/v2\/pages\/11082\/revisions"}],"predecessor-version":[{"id":24400,"href":"https:\/\/akerstroms.se\/en\/wp-json\/wp\/v2\/pages\/11082\/revisions\/24400"}],"wp:attachment":[{"href":"https:\/\/akerstroms.se\/en\/wp-json\/wp\/v2\/media?parent=11082"}],"curies":[{"name":"wp","href":"https:\/\/api.w.org\/{rel}","templated":true}]}}