{"id":11070,"date":"2021-10-05T08:24:41","date_gmt":"2021-10-05T06:24:41","guid":{"rendered":"https:\/\/akerstroms.se\/custom-products\/"},"modified":"2026-04-02T10:50:14","modified_gmt":"2026-04-02T08:50:14","slug":"custom-products","status":"publish","type":"page","link":"https:\/\/akerstroms.se\/en\/custom-products\/","title":{"rendered":"Custom products"},"content":{"rendered":"\n<h1 class=\"wp-block-heading has-text-align-center\" id=\"h-customized-solutions\">Customized Industrial Remote Control Solutions<\/h1>\n\n\n\n<p class=\"has-text-align-center\"><strong>Creating solutions for industrial communication that provide added value to our customers is ingrained in our DNA. With extensive and solid experience and expertise in industrial communication, we develop the most optimal solution based on your needs and preferences.<br>Our technical sales team works full-time on tailored, complex, and unique solutions and is always available, ready to meet your needs and desires.<\/strong><\/p>\n\n\n\n<p class=\"has-text-align-center\">Customized remote control systems from \u00c5kerstr\u00f6ms can cover everything from modified transmitter button layouts and custom housing designs to entirely bespoke radio control architectures integrating multiple safety protocols. We adapt frequency planning, output configurations, communication protocols, and ergonomic design to match your specific use case, whether for cranes, vehicles, port equipment, machinery, or specialized industrial processes.<\/p>\n\n\n\n<p class=\"has-text-align-center\">Our tailor-made industrial remote control solutions are developed on the robust foundation of our established<a href=\"https:\/\/akerstroms.se\/en\/products-services\/remotus\/\"> Remotus<\/a> Mercury and <a href=\"https:\/\/akerstroms.se\/en\/products-services\/sesam\/\">Sesam<\/a> platforms, ensuring that customization never compromises proven reliability and safety performance.<\/p>\n\n\n\n<p><\/p>\n\n\n<section class=\"slider\">\r\n    <div class=\"glide\">\r\n        <div class=\"glide__track\" data-glide-el=\"track\">\r\n            <div class=\"glide__slides\">\r\n                                    <div class=\"glide__slide\">\r\n                        <img decoding=\"async\" src=\"https:\/\/akerstroms.se\/app\/uploads\/2021\/06\/IMG_4666-scaled.jpg\" alt=\"\">\r\n                    <\/div>\r\n                                    <div class=\"glide__slide\">\r\n                        <img decoding=\"async\" src=\"https:\/\/akerstroms.se\/app\/uploads\/2021\/06\/ragnsells-sandare-scaled.jpg\" alt=\"\">\r\n                    <\/div>\r\n                                    <div class=\"glide__slide\">\r\n                        <img decoding=\"async\" src=\"https:\/\/akerstroms.se\/app\/uploads\/2021\/06\/IMG_7071-scaled.jpg\" alt=\"\">\r\n                    <\/div>\r\n                                    <div class=\"glide__slide\">\r\n                        <img decoding=\"async\" src=\"https:\/\/akerstroms.se\/app\/uploads\/2021\/06\/volvo-trucks-sandare-1-scaled.jpg\" alt=\"\">\r\n                    <\/div>\r\n                            <\/div>\r\n        <\/div>\r\n        <div class=\"controls flex-row-wrapper\" data-glide-el=\"controls\">\r\n            <button class=\"btn prev\" data-glide-dir=\"&lt;\"><i class=\"far fa-angle-left\"><\/i><\/button>\r\n            <button class=\"btn next\" data-glide-dir=\"&gt;\"><i class=\"far fa-angle-right\"><\/i><\/button>\r\n        <\/div>\r\n    <\/div>\r\n<\/section>\r\n\n\n\n<div style=\"height:25px\" aria-hidden=\"true\" class=\"wp-block-spacer\"><\/div>\n\n\n\n<h3 class=\"wp-block-heading has-text-align-center\" id=\"h-our-mission-is-to-excel-as-experts\">Our mission is to excel as experts<\/h3>\n\n\n\n<p class=\"has-text-align-center\">At \u00c5kerstr\u00f6ms, &#8220;nothing is impossible&#8221;, and our goal is to develop the best, most efficient, and sustainable solution for each of our <a href=\"https:\/\/akerstroms.se\/en\/customer-references\/\" target=\"_blank\" rel=\"noreferrer noopener\">customers<\/a>, regardless of your needs. As a customer, you can be confident that we take responsibility for delivering from start to finish.<\/p>\n\n\n\n<p class=\"has-text-align-center\"><strong>Get in touch with us today!<\/strong><\/p>\n\n\n\n<div style=\"height:50px\" aria-hidden=\"true\" class=\"wp-block-spacer\"><\/div>\n\n\n\n<div class=\"wp-block-columns is-layout-flex wp-container-core-columns-is-layout-9d6595d7 wp-block-columns-is-layout-flex\">\n<div class=\"wp-block-column is-layout-flow wp-block-column-is-layout-flow\"><a class=\"imagelink\" href=\"https:\/\/akerstroms.se\/en\/contact\/#techincalsales\" title=\"Contact an expert\" target=\"\">\r\n            <img decoding=\"async\" class=\"imagelink__image\" src=\"https:\/\/akerstroms.se\/app\/uploads\/2021\/04\/j-eklund-800x600x150-dpi-540x405.jpg\" alt=\"\">\r\n            <h2 class=\"imagelink__title\">Contact an expert<\/h2>\r\n    <\/a>\r\n<\/div>\n\n\n\n<div class=\"wp-block-column is-layout-flow wp-block-column-is-layout-flow\"><a class=\"imagelink\" href=\"https:\/\/akerstroms.se\/en\/industrial-applications\/\" title=\"Case study\" target=\"\">\r\n            <img decoding=\"async\" class=\"imagelink__image\" src=\"https:\/\/akerstroms.se\/app\/uploads\/2021\/06\/IMG_6493-540x720.jpg\" alt=\"\">\r\n            <h2 class=\"imagelink__title\">Case study<\/h2>\r\n    <\/a>\r\n<\/div>\n<\/div>\n\n\n\n<div class=\"wp-block-cover alignfull is-light\"><span aria-hidden=\"true\" class=\"wp-block-cover__background has-background-dim-100 has-background-dim\" style=\"background-color:#ef7f00\"><\/span><div class=\"wp-block-cover__inner-container is-layout-flow wp-block-cover-is-layout-flow\">\n<h2 class=\"wp-block-heading has-text-align-center has-black-color has-text-color\" id=\"h-do-you-have-questions-for-us-contact-us\">Do you have <strong>questions for us?<\/strong><br>Contact us<\/h2>\n\n\n\n<div style=\"height:20px\" aria-hidden=\"true\" class=\"wp-block-spacer\"><\/div>\n\n\n\n<div class=\"wp-block-buttons is-horizontal is-content-justification-center is-layout-flex wp-container-core-buttons-is-layout-499968f5 wp-block-buttons-is-layout-flex\">\n<div class=\"wp-block-button is-style-fill\"><a class=\"wp-block-button__link has-white-color has-black-background-color has-text-color has-background wp-element-button\" href=\"https:\/\/akerstroms.se\/en\/contact\/\" style=\"border-radius:3px\">CONTACT US<\/a><\/div>\n<\/div>\n<\/div><\/div>\n","protected":false},"excerpt":{"rendered":"<p>Customized Industrial Remote Control Solutions Creating solutions for industrial communication that provide added value to our customers is ingrained in our DNA. With extensive and&#8230;<\/p>\n","protected":false},"author":1,"featured_media":0,"parent":0,"menu_order":0,"comment_status":"closed","ping_status":"closed","template":"","meta":{"_acf_changed":false,"footnotes":""},"class_list":["post-11070","page","type-page","status-publish","hentry"],"acf":[],"yoast_head":"<!-- This site is optimized with the Yoast SEO plugin v27.4 - https:\/\/yoast.com\/product\/yoast-seo-wordpress\/ -->\n<title>Customized Industrial Remote Control | \u00c5kerstr\u00f6ms<\/title>\n<meta name=\"description\" content=\"Customized industrial remote control solutions, from modified transmitter layouts to fully bespoke radio control architectures. Contact us.\" \/>\n<meta name=\"robots\" content=\"index, follow, max-snippet:-1, max-image-preview:large, max-video-preview:-1\" \/>\n<link rel=\"canonical\" href=\"https:\/\/akerstroms.se\/en\/custom-products\/\" \/>\n<meta property=\"og:locale\" content=\"en_US\" \/>\n<meta property=\"og:type\" content=\"article\" \/>\n<meta property=\"og:title\" content=\"Customized Industrial Remote Control | \u00c5kerstr\u00f6ms\" \/>\n<meta property=\"og:description\" content=\"Customized industrial remote control solutions, from modified transmitter layouts to fully bespoke radio control architectures. Contact us.\" \/>\n<meta property=\"og:url\" content=\"https:\/\/akerstroms.se\/en\/custom-products\/\" \/>\n<meta property=\"og:site_name\" content=\"\u00c5kerstr\u00f6ms Bj\u00f6rbo\" \/>\n<meta property=\"article:publisher\" content=\"https:\/\/www.facebook.com\/akerstroms.se\" \/>\n<meta property=\"article:modified_time\" content=\"2026-04-02T08:50:14+00:00\" \/>\n<meta property=\"og:image\" content=\"https:\/\/akerstroms.se\/app\/uploads\/2021\/09\/Akerstroms-remote-controls.jpg\" \/>\n\t<meta property=\"og:image:width\" content=\"1200\" \/>\n\t<meta property=\"og:image:height\" content=\"675\" \/>\n\t<meta property=\"og:image:type\" content=\"image\/jpeg\" \/>\n<meta name=\"twitter:card\" content=\"summary_large_image\" \/>\n<meta name=\"twitter:label1\" content=\"Est. reading time\" \/>\n\t<meta name=\"twitter:data1\" content=\"2 minutes\" \/>\n<script type=\"application\/ld+json\" class=\"yoast-schema-graph\">{\"@context\":\"https:\\\/\\\/schema.org\",\"@graph\":[{\"@type\":\"WebPage\",\"@id\":\"https:\\\/\\\/akerstroms.se\\\/en\\\/custom-products\\\/\",\"url\":\"https:\\\/\\\/akerstroms.se\\\/en\\\/custom-products\\\/\",\"name\":\"Customized Industrial Remote Control | \u00c5kerstr\u00f6ms\",\"isPartOf\":{\"@id\":\"https:\\\/\\\/akerstroms.se\\\/#website\"},\"datePublished\":\"2021-10-05T06:24:41+00:00\",\"dateModified\":\"2026-04-02T08:50:14+00:00\",\"description\":\"Customized industrial remote control solutions, from modified transmitter layouts to fully bespoke radio control architectures. Contact us.\",\"breadcrumb\":{\"@id\":\"https:\\\/\\\/akerstroms.se\\\/en\\\/custom-products\\\/#breadcrumb\"},\"inLanguage\":\"en-US\",\"potentialAction\":[{\"@type\":\"ReadAction\",\"target\":[\"https:\\\/\\\/akerstroms.se\\\/en\\\/custom-products\\\/\"]}]},{\"@type\":\"BreadcrumbList\",\"@id\":\"https:\\\/\\\/akerstroms.se\\\/en\\\/custom-products\\\/#breadcrumb\",\"itemListElement\":[{\"@type\":\"ListItem\",\"position\":1,\"name\":\"Home\",\"item\":\"https:\\\/\\\/akerstroms.se\\\/en\\\/\"},{\"@type\":\"ListItem\",\"position\":2,\"name\":\"Custom products\"}]},{\"@type\":\"WebSite\",\"@id\":\"https:\\\/\\\/akerstroms.se\\\/#website\",\"url\":\"https:\\\/\\\/akerstroms.se\\\/\",\"name\":\"\u00c5kerstr\u00f6ms Bj\u00f6rbo\",\"description\":\"Radiostyrning f\u00f6r industriella och mobila applikationer\",\"publisher\":{\"@id\":\"https:\\\/\\\/akerstroms.se\\\/#organization\"},\"potentialAction\":[{\"@type\":\"SearchAction\",\"target\":{\"@type\":\"EntryPoint\",\"urlTemplate\":\"https:\\\/\\\/akerstroms.se\\\/?s={search_term_string}\"},\"query-input\":{\"@type\":\"PropertyValueSpecification\",\"valueRequired\":true,\"valueName\":\"search_term_string\"}}],\"inLanguage\":\"en-US\"},{\"@type\":\"Organization\",\"@id\":\"https:\\\/\\\/akerstroms.se\\\/#organization\",\"name\":\"\u00c5kerstr\u00f6ms AB\",\"url\":\"https:\\\/\\\/akerstroms.se\\\/\",\"logo\":{\"@type\":\"ImageObject\",\"inLanguage\":\"en-US\",\"@id\":\"https:\\\/\\\/akerstroms.se\\\/#\\\/schema\\\/logo\\\/image\\\/\",\"url\":\"https:\\\/\\\/akerstroms.se\\\/app\\\/uploads\\\/2021\\\/10\\\/akerstroms-logo.png\",\"contentUrl\":\"https:\\\/\\\/akerstroms.se\\\/app\\\/uploads\\\/2021\\\/10\\\/akerstroms-logo.png\",\"width\":400,\"height\":86,\"caption\":\"\u00c5kerstr\u00f6ms AB\"},\"image\":{\"@id\":\"https:\\\/\\\/akerstroms.se\\\/#\\\/schema\\\/logo\\\/image\\\/\"},\"sameAs\":[\"https:\\\/\\\/www.facebook.com\\\/akerstroms.se\",\"https:\\\/\\\/www.linkedin.com\\\/company\\\/akerstroms\\\/\",\"https:\\\/\\\/www.youtube.com\\\/channel\\\/UC8S-jX9nA8c9qBaTlgqg1CQ\"]}]}<\/script>\n<!-- \/ Yoast SEO plugin. -->","yoast_head_json":{"title":"Customized Industrial Remote Control | \u00c5kerstr\u00f6ms","description":"Customized industrial remote control solutions, from modified transmitter layouts to fully bespoke radio control architectures. Contact us.","robots":{"index":"index","follow":"follow","max-snippet":"max-snippet:-1","max-image-preview":"max-image-preview:large","max-video-preview":"max-video-preview:-1"},"canonical":"https:\/\/akerstroms.se\/en\/custom-products\/","og_locale":"en_US","og_type":"article","og_title":"Customized Industrial Remote Control | \u00c5kerstr\u00f6ms","og_description":"Customized industrial remote control solutions, from modified transmitter layouts to fully bespoke radio control architectures. Contact us.","og_url":"https:\/\/akerstroms.se\/en\/custom-products\/","og_site_name":"\u00c5kerstr\u00f6ms Bj\u00f6rbo","article_publisher":"https:\/\/www.facebook.com\/akerstroms.se","article_modified_time":"2026-04-02T08:50:14+00:00","og_image":[{"width":1200,"height":675,"url":"https:\/\/akerstroms.se\/app\/uploads\/2021\/09\/Akerstroms-remote-controls.jpg","type":"image\/jpeg"}],"twitter_card":"summary_large_image","twitter_misc":{"Est. reading time":"2 minutes"},"schema":{"@context":"https:\/\/schema.org","@graph":[{"@type":"WebPage","@id":"https:\/\/akerstroms.se\/en\/custom-products\/","url":"https:\/\/akerstroms.se\/en\/custom-products\/","name":"Customized Industrial Remote Control | \u00c5kerstr\u00f6ms","isPartOf":{"@id":"https:\/\/akerstroms.se\/#website"},"datePublished":"2021-10-05T06:24:41+00:00","dateModified":"2026-04-02T08:50:14+00:00","description":"Customized industrial remote control solutions, from modified transmitter layouts to fully bespoke radio control architectures. Contact us.","breadcrumb":{"@id":"https:\/\/akerstroms.se\/en\/custom-products\/#breadcrumb"},"inLanguage":"en-US","potentialAction":[{"@type":"ReadAction","target":["https:\/\/akerstroms.se\/en\/custom-products\/"]}]},{"@type":"BreadcrumbList","@id":"https:\/\/akerstroms.se\/en\/custom-products\/#breadcrumb","itemListElement":[{"@type":"ListItem","position":1,"name":"Home","item":"https:\/\/akerstroms.se\/en\/"},{"@type":"ListItem","position":2,"name":"Custom products"}]},{"@type":"WebSite","@id":"https:\/\/akerstroms.se\/#website","url":"https:\/\/akerstroms.se\/","name":"\u00c5kerstr\u00f6ms Bj\u00f6rbo","description":"Radiostyrning f\u00f6r industriella och mobila applikationer","publisher":{"@id":"https:\/\/akerstroms.se\/#organization"},"potentialAction":[{"@type":"SearchAction","target":{"@type":"EntryPoint","urlTemplate":"https:\/\/akerstroms.se\/?s={search_term_string}"},"query-input":{"@type":"PropertyValueSpecification","valueRequired":true,"valueName":"search_term_string"}}],"inLanguage":"en-US"},{"@type":"Organization","@id":"https:\/\/akerstroms.se\/#organization","name":"\u00c5kerstr\u00f6ms AB","url":"https:\/\/akerstroms.se\/","logo":{"@type":"ImageObject","inLanguage":"en-US","@id":"https:\/\/akerstroms.se\/#\/schema\/logo\/image\/","url":"https:\/\/akerstroms.se\/app\/uploads\/2021\/10\/akerstroms-logo.png","contentUrl":"https:\/\/akerstroms.se\/app\/uploads\/2021\/10\/akerstroms-logo.png","width":400,"height":86,"caption":"\u00c5kerstr\u00f6ms AB"},"image":{"@id":"https:\/\/akerstroms.se\/#\/schema\/logo\/image\/"},"sameAs":["https:\/\/www.facebook.com\/akerstroms.se","https:\/\/www.linkedin.com\/company\/akerstroms\/","https:\/\/www.youtube.com\/channel\/UC8S-jX9nA8c9qBaTlgqg1CQ"]}]}},"_links":{"self":[{"href":"https:\/\/akerstroms.se\/en\/wp-json\/wp\/v2\/pages\/11070","targetHints":{"allow":["GET"]}}],"collection":[{"href":"https:\/\/akerstroms.se\/en\/wp-json\/wp\/v2\/pages"}],"about":[{"href":"https:\/\/akerstroms.se\/en\/wp-json\/wp\/v2\/types\/page"}],"author":[{"embeddable":true,"href":"https:\/\/akerstroms.se\/en\/wp-json\/wp\/v2\/users\/1"}],"replies":[{"embeddable":true,"href":"https:\/\/akerstroms.se\/en\/wp-json\/wp\/v2\/comments?post=11070"}],"version-history":[{"count":10,"href":"https:\/\/akerstroms.se\/en\/wp-json\/wp\/v2\/pages\/11070\/revisions"}],"predecessor-version":[{"id":24384,"href":"https:\/\/akerstroms.se\/en\/wp-json\/wp\/v2\/pages\/11070\/revisions\/24384"}],"wp:attachment":[{"href":"https:\/\/akerstroms.se\/en\/wp-json\/wp\/v2\/media?parent=11070"}],"curies":[{"name":"wp","href":"https:\/\/api.w.org\/{rel}","templated":true}]}}