{"id":11069,"date":"2021-10-05T08:24:37","date_gmt":"2021-10-05T06:24:37","guid":{"rendered":"https:\/\/akerstroms.se\/customer-references\/"},"modified":"2026-04-15T09:53:07","modified_gmt":"2026-04-15T07:53:07","slug":"customer-references","status":"publish","type":"page","link":"https:\/\/akerstroms.se\/en\/customer-references\/","title":{"rendered":"Customer references"},"content":{"rendered":"\n<div class=\"wp-block-cover alignfull\" style=\"min-height:908px;aspect-ratio:unset;\"><img loading=\"lazy\" decoding=\"async\" width=\"2560\" height=\"1707\" class=\"wp-block-cover__image-background wp-image-24556 size-full\" alt=\"\" src=\"https:\/\/akerstroms.se\/app\/uploads\/2026\/04\/IMG_0272-WEB-1-scaled.jpg\" data-object-fit=\"cover\" srcset=\"https:\/\/akerstroms.se\/app\/uploads\/2026\/04\/IMG_0272-WEB-1-scaled.jpg 2560w, https:\/\/akerstroms.se\/app\/uploads\/2026\/04\/IMG_0272-WEB-1-250x167.jpg 250w, https:\/\/akerstroms.se\/app\/uploads\/2026\/04\/IMG_0272-WEB-1-700x467.jpg 700w, https:\/\/akerstroms.se\/app\/uploads\/2026\/04\/IMG_0272-WEB-1-768x512.jpg 768w, https:\/\/akerstroms.se\/app\/uploads\/2026\/04\/IMG_0272-WEB-1-1536x1024.jpg 1536w, https:\/\/akerstroms.se\/app\/uploads\/2026\/04\/IMG_0272-WEB-1-2048x1365.jpg 2048w, https:\/\/akerstroms.se\/app\/uploads\/2026\/04\/IMG_0272-WEB-1-120x80.jpg 120w, https:\/\/akerstroms.se\/app\/uploads\/2026\/04\/IMG_0272-WEB-1-540x360.jpg 540w, https:\/\/akerstroms.se\/app\/uploads\/2026\/04\/IMG_0272-WEB-1-300x200.jpg 300w, https:\/\/akerstroms.se\/app\/uploads\/2026\/04\/IMG_0272-WEB-1-600x400.jpg 600w\" sizes=\"auto, (max-width: 2560px) 100vw, 2560px\" \/><span aria-hidden=\"true\" class=\"wp-block-cover__background has-black-background-color has-background-dim\"><\/span><div class=\"wp-block-cover__inner-container is-layout-constrained wp-block-cover-is-layout-constrained\">\n<p class=\"has-text-align-center has-large-font-size\"><\/p>\n\n\n\n<h1 class=\"wp-block-heading has-text-align-center\">Industrial Remote Control Customer References<\/h1>\n\n\n\n<p class=\"has-text-align-center\">\u00c5kerstr\u00f6ms has built long-lasting partnerships with industrial customers across a wide range of sectors. Our references reflect decades of delivering reliable remote control solutions that genuinely improve safety, efficiency, and operational control at real-world facilities.<\/p>\n\n\n\n<p class=\"has-text-align-center\">Our customer base includes some of Scandinavia&#8217;s most demanding industrial operators &#8211; steel producers, logistics companies, port authorities, paper mills, and specialty vehicle manufacturers. Here is a selection.<\/p>\n<\/div><\/div>\n\n\n\n<div style=\"height:23px\" aria-hidden=\"true\" class=\"wp-block-spacer\"><\/div>\n\n\n\n<div class=\"wp-block-cover alignfull is-light\" style=\"min-height:57px;aspect-ratio:unset;\"><span aria-hidden=\"true\" class=\"wp-block-cover__background has-white-background-color has-background-dim-100 has-background-dim\"><\/span><div class=\"wp-block-cover__inner-container is-layout-flow wp-block-cover-is-layout-flow\">    <section class=\"linkables container\" data-color=\"black\">\r\n                    <div class=\"linkables__block flex-row-wrapper\" id=\"husqvarna\">\r\n                <div class=\"linkables__block__img\">\r\n                                        <img decoding=\"async\" src=\"https:\/\/akerstroms.se\/app\/uploads\/2021\/04\/Remotus-radio-remote-control-mobile-1140x400x150-e1776147537522.jpg\" alt=\"\">\r\n                <\/div>\r\n                <div class=\"linkables__block__text\">\r\n                    <h3 class=\"linkables__block__title\">Husqvarna \u2013 Remote controlled heavyweight<\/h3>\r\n                    <p class=\"linkables__block__excerpt\">A precision controlled tandem drum roller with remote control from \u00c5kerstr\u00f6ms for a safer working environment.<\/p>\r\n                                            <a class=\"linkables__block__button button button--primary\" href=\"https:\/\/akerstroms.se\/en\/husqvarna-remote-controlled-heavyweight\" title=\"Read more\" target=\"\">\r\n                            Read more                        <\/a>\r\n                                    <\/div>\r\n            <\/div>\r\n                    <div class=\"linkables__block flex-row-wrapper\" id=\"\">\r\n                <div class=\"linkables__block__img\">\r\n                                        <img decoding=\"async\" src=\"https:\/\/akerstroms.se\/app\/uploads\/2026\/04\/sandare-bangardsutsikt-scaled.jpg\" alt=\"\">\r\n                <\/div>\r\n                <div class=\"linkables__block__text\">\r\n                    <h3 class=\"linkables__block__title\">Green Cargo &#8211; An Aftermarket That Keeps Operations Running<\/h3>\r\n                    <p class=\"linkables__block__excerpt\">Today, the locomotive business is fully focused on the aftermarket, where we ensure that Green Cargo\u2019s radio\u2011controlled locomotives continue to operate reliably.<\/p>\r\n                                            <a class=\"linkables__block__button button button--primary\" href=\"https:\/\/akerstroms.se\/en\/green-cargo-aftermarket\/\" title=\"Read more\" target=\"_blank\">\r\n                            Read more                        <\/a>\r\n                                    <\/div>\r\n            <\/div>\r\n                    <div class=\"linkables__block flex-row-wrapper\" id=\"rolba\">\r\n                <div class=\"linkables__block__img\">\r\n                                        <img decoding=\"async\" src=\"https:\/\/akerstroms.se\/app\/uploads\/2022\/09\/ROLBA.jpg\" alt=\"\">\r\n                <\/div>\r\n                <div class=\"linkables__block__text\">\r\n                    <h3 class=\"linkables__block__title\">Rolba &#8211; Proximity and service are vital for us<\/h3>\r\n                    <p class=\"linkables__block__excerpt\">Remotus is robust and reliable, which leads to less downtime in Rolba&#8217;s customers\u2019 day-to-day work.<\/p>\r\n                                            <a class=\"linkables__block__button button button--primary\" href=\"https:\/\/akerstroms.se\/en\/rolba\/\" title=\"Read more\" target=\"\">\r\n                            Read more                        <\/a>\r\n                                    <\/div>\r\n            <\/div>\r\n                    <div class=\"linkables__block flex-row-wrapper\" id=\"eab\">\r\n                <div class=\"linkables__block__img\">\r\n                                        <img decoding=\"async\" src=\"https:\/\/akerstroms.se\/app\/uploads\/2021\/09\/eab-kundcase-lagerhantering-e1630589559344.jpg\" alt=\"EAB radiostyrning pallhantering\">\r\n                <\/div>\r\n                <div class=\"linkables__block__text\">\r\n                    <h3 class=\"linkables__block__title\">EAB \u2013 Optimized pallet handling<\/h3>\r\n                    <p class=\"linkables__block__excerpt\">\u00c5kerstr\u00f6ms has collaborated with EAB since 1989.<\/p>\r\n                                            <a class=\"linkables__block__button button button--primary\" href=\"https:\/\/akerstroms.se\/en\/efficient-and-reliable-remote-control-of-pallet-handling\" title=\"Read more\" target=\"\">\r\n                            Read more                        <\/a>\r\n                                    <\/div>\r\n            <\/div>\r\n                    <div class=\"linkables__block flex-row-wrapper\" id=\"itab\">\r\n                <div class=\"linkables__block__img\">\r\n                                        <img decoding=\"async\" src=\"https:\/\/akerstroms.se\/app\/uploads\/2021\/08\/Sesam-open-gate-ITAB-scaled.jpg\" alt=\"radiostyrda butiksgrindar\">\r\n                <\/div>\r\n                <div class=\"linkables__block__text\">\r\n                    <h3 class=\"linkables__block__title\">ITAB \u2013 Supports the work of maintenance personnel<\/h3>\r\n                    <p class=\"linkables__block__excerpt\">\u00c5kerstr\u00f6ms has been delivering Sesam remote control for ITAB\u2019s store entrance gates for many years.<\/p>\r\n                                            <a class=\"linkables__block__button button button--primary\" href=\"https:\/\/akerstroms.se\/en\/smooth-opening-of-store-entrance-gates\/\" title=\"Read more\" target=\"\">\r\n                            Read more                        <\/a>\r\n                                    <\/div>\r\n            <\/div>\r\n                    <div class=\"linkables__block flex-row-wrapper\" id=\"vaderstad\">\r\n                <div class=\"linkables__block__img\">\r\n                                        <img decoding=\"async\" src=\"https:\/\/akerstroms.se\/app\/uploads\/2021\/08\/radiostyrning-vaderstad-sesam-remotus.jpg\" alt=\"V\u00e4derstad radiostyrning\">\r\n                <\/div>\r\n                <div class=\"linkables__block__text\">\r\n                    <h3 class=\"linkables__block__title\">V\u00e4derstad \u2013 Control and safety in the machine factory<\/h3>\r\n                    <p class=\"linkables__block__excerpt\">V\u00e4derstad controls more than 60 overhead cranes with \u00c5kerstr\u00f6ms\u2019 safe and robust remote control system.<\/p>\r\n                                            <a class=\"linkables__block__button button button--primary\" href=\"https:\/\/akerstroms.se\/en\/machine-factory-with-remote-control-from-akerstroms\/\" title=\"Read more\" target=\"\">\r\n                            Read more                        <\/a>\r\n                                    <\/div>\r\n            <\/div>\r\n                    <div class=\"linkables__block flex-row-wrapper\" id=\"renzorato\">\r\n                <div class=\"linkables__block__img\">\r\n                                        <img decoding=\"async\" src=\"https:\/\/akerstroms.se\/app\/uploads\/2021\/08\/rensning-snabbt-och-effektivt-med-radiostyrning-fran-Akerstroms_1.jpg\" alt=\"radiostyrning f\u00f6r rensning av r\u00f6r\">\r\n                <\/div>\r\n                <div class=\"linkables__block__text\">\r\n                    <h3 class=\"linkables__block__title\">Renzorato \u2013 Professional pipe cleaning<\/h3>\r\n                    <p class=\"linkables__block__excerpt\">Renzorato chooses \u00c5kerstr\u00f6ms as supplier to its machines for professional pipe cleaning.<\/p>\r\n                                            <a class=\"linkables__block__button button button--primary\" href=\"https:\/\/akerstroms.se\/en\/drain-cleaning-with-remote-control-from-akerstroms\/\" title=\"Read more\" target=\"\">\r\n                            Read more                        <\/a>\r\n                                    <\/div>\r\n            <\/div>\r\n                    <div class=\"linkables__block flex-row-wrapper\" id=\"scanmaskin\">\r\n                <div class=\"linkables__block__img\">\r\n                                        <img decoding=\"async\" src=\"https:\/\/akerstroms.se\/app\/uploads\/2021\/08\/radiostyrning-scanmaskin-remotus.jpg\" alt=\"Remotus radiostyrning Scanmaskin\">\r\n                <\/div>\r\n                <div class=\"linkables__block__text\">\r\n                    <h3 class=\"linkables__block__title\">Scanmaskin \u2013 Precision polishing<\/h3>\r\n                    <p class=\"linkables__block__excerpt\">\u00c5kerstr\u00f6ms has collaborated with the floor machine manufacturer Scanmaskin for more than 10 years.<\/p>\r\n                                            <a class=\"linkables__block__button button button--primary\" href=\"https:\/\/akerstroms.se\/en\/polished-floors-with-remote-control-from-akerstroms\/\" title=\"Read more\" target=\"\">\r\n                            Read more                        <\/a>\r\n                                    <\/div>\r\n            <\/div>\r\n                    <div class=\"linkables__block flex-row-wrapper\" id=\"ovako\">\r\n                <div class=\"linkables__block__img\">\r\n                                        <img decoding=\"async\" src=\"https:\/\/akerstroms.se\/app\/uploads\/2021\/05\/IMG_3454-web.jpg\" alt=\"radiostyrning hos ovako\">\r\n                <\/div>\r\n                <div class=\"linkables__block__text\">\r\n                    <h3 class=\"linkables__block__title\">Ovako Sweden \u2013 Sesam opens more than 80 doors<\/h3>\r\n                    <p class=\"linkables__block__excerpt\">In 1958, \u00c5kerstr\u00f6ms became a preferred supplier to heavy industry, including Ovako in Hofors.<\/p>\r\n                                            <a class=\"linkables__block__button button button--primary\" href=\"https:\/\/akerstroms.se\/en\/ovako-equips-all-doors-with-sesam\/\" title=\"Read more\" target=\"\">\r\n                            Read more                        <\/a>\r\n                                    <\/div>\r\n            <\/div>\r\n            <\/section>\r\n\n\n\n<p class=\"has-text-align-center has-large-font-size\"><\/p>\n<\/div><\/div>\n\n\n\n<div style=\"height:60px\" aria-hidden=\"true\" class=\"wp-block-spacer\"><\/div>\n\n\n\n<p><\/p>\n","protected":false},"excerpt":{"rendered":"","protected":false},"author":7,"featured_media":0,"parent":0,"menu_order":0,"comment_status":"closed","ping_status":"closed","template":"","meta":{"_acf_changed":false,"footnotes":""},"class_list":["post-11069","page","type-page","status-publish","hentry"],"acf":[],"yoast_head":"<!-- This site is optimized with the Yoast SEO plugin v27.4 - https:\/\/yoast.com\/product\/yoast-seo-wordpress\/ -->\n<title>Industrial Remote Control References | \u00c5kerstr\u00f6ms<\/title>\n<meta name=\"description\" content=\"Explore \u00c5kerstr\u00f6ms&#039; customer references including Ovako, EAB, KSU, and Scandinavian ferry operators. 100+ years of trusted partnerships.\" \/>\n<meta name=\"robots\" content=\"index, follow, max-snippet:-1, max-image-preview:large, max-video-preview:-1\" \/>\n<link rel=\"canonical\" href=\"https:\/\/akerstroms.se\/en\/customer-references\/\" \/>\n<meta property=\"og:locale\" content=\"en_US\" \/>\n<meta property=\"og:type\" content=\"article\" \/>\n<meta property=\"og:title\" content=\"Industrial Remote Control References | \u00c5kerstr\u00f6ms\" \/>\n<meta property=\"og:description\" content=\"Explore \u00c5kerstr\u00f6ms&#039; customer references including Ovako, EAB, KSU, and Scandinavian ferry operators. 100+ years of trusted partnerships.\" \/>\n<meta property=\"og:url\" content=\"https:\/\/akerstroms.se\/en\/customer-references\/\" \/>\n<meta property=\"og:site_name\" content=\"\u00c5kerstr\u00f6ms Bj\u00f6rbo\" \/>\n<meta property=\"article:publisher\" content=\"https:\/\/www.facebook.com\/akerstroms.se\" \/>\n<meta property=\"article:modified_time\" content=\"2026-04-15T07:53:07+00:00\" \/>\n<meta property=\"og:image\" content=\"https:\/\/akerstroms.se\/app\/uploads\/2026\/04\/IMG_0272-WEB-1-scaled.jpg\" \/>\n\t<meta property=\"og:image:width\" content=\"2560\" \/>\n\t<meta property=\"og:image:height\" content=\"1707\" \/>\n\t<meta property=\"og:image:type\" content=\"image\/jpeg\" \/>\n<meta name=\"twitter:card\" content=\"summary_large_image\" \/>\n<meta name=\"twitter:label1\" content=\"Est. reading time\" \/>\n\t<meta name=\"twitter:data1\" content=\"1 minute\" \/>\n<script type=\"application\/ld+json\" class=\"yoast-schema-graph\">{\"@context\":\"https:\\\/\\\/schema.org\",\"@graph\":[{\"@type\":\"WebPage\",\"@id\":\"https:\\\/\\\/akerstroms.se\\\/en\\\/customer-references\\\/\",\"url\":\"https:\\\/\\\/akerstroms.se\\\/en\\\/customer-references\\\/\",\"name\":\"Industrial Remote Control References | \u00c5kerstr\u00f6ms\",\"isPartOf\":{\"@id\":\"https:\\\/\\\/akerstroms.se\\\/#website\"},\"primaryImageOfPage\":{\"@id\":\"https:\\\/\\\/akerstroms.se\\\/en\\\/customer-references\\\/#primaryimage\"},\"image\":{\"@id\":\"https:\\\/\\\/akerstroms.se\\\/en\\\/customer-references\\\/#primaryimage\"},\"thumbnailUrl\":\"https:\\\/\\\/akerstroms.se\\\/app\\\/uploads\\\/2026\\\/04\\\/IMG_0272-WEB-1-scaled.jpg\",\"datePublished\":\"2021-10-05T06:24:37+00:00\",\"dateModified\":\"2026-04-15T07:53:07+00:00\",\"description\":\"Explore \u00c5kerstr\u00f6ms' customer references including Ovako, EAB, KSU, and Scandinavian ferry operators. 100+ years of trusted partnerships.\",\"breadcrumb\":{\"@id\":\"https:\\\/\\\/akerstroms.se\\\/en\\\/customer-references\\\/#breadcrumb\"},\"inLanguage\":\"en-US\",\"potentialAction\":[{\"@type\":\"ReadAction\",\"target\":[\"https:\\\/\\\/akerstroms.se\\\/en\\\/customer-references\\\/\"]}]},{\"@type\":\"ImageObject\",\"inLanguage\":\"en-US\",\"@id\":\"https:\\\/\\\/akerstroms.se\\\/en\\\/customer-references\\\/#primaryimage\",\"url\":\"https:\\\/\\\/akerstroms.se\\\/app\\\/uploads\\\/2026\\\/04\\\/IMG_0272-WEB-1-scaled.jpg\",\"contentUrl\":\"https:\\\/\\\/akerstroms.se\\\/app\\\/uploads\\\/2026\\\/04\\\/IMG_0272-WEB-1-scaled.jpg\"},{\"@type\":\"BreadcrumbList\",\"@id\":\"https:\\\/\\\/akerstroms.se\\\/en\\\/customer-references\\\/#breadcrumb\",\"itemListElement\":[{\"@type\":\"ListItem\",\"position\":1,\"name\":\"Home\",\"item\":\"https:\\\/\\\/akerstroms.se\\\/en\\\/\"},{\"@type\":\"ListItem\",\"position\":2,\"name\":\"Customer references\"}]},{\"@type\":\"WebSite\",\"@id\":\"https:\\\/\\\/akerstroms.se\\\/#website\",\"url\":\"https:\\\/\\\/akerstroms.se\\\/\",\"name\":\"\u00c5kerstr\u00f6ms Bj\u00f6rbo\",\"description\":\"Radiostyrning f\u00f6r industriella och mobila applikationer\",\"publisher\":{\"@id\":\"https:\\\/\\\/akerstroms.se\\\/#organization\"},\"potentialAction\":[{\"@type\":\"SearchAction\",\"target\":{\"@type\":\"EntryPoint\",\"urlTemplate\":\"https:\\\/\\\/akerstroms.se\\\/?s={search_term_string}\"},\"query-input\":{\"@type\":\"PropertyValueSpecification\",\"valueRequired\":true,\"valueName\":\"search_term_string\"}}],\"inLanguage\":\"en-US\"},{\"@type\":\"Organization\",\"@id\":\"https:\\\/\\\/akerstroms.se\\\/#organization\",\"name\":\"\u00c5kerstr\u00f6ms AB\",\"url\":\"https:\\\/\\\/akerstroms.se\\\/\",\"logo\":{\"@type\":\"ImageObject\",\"inLanguage\":\"en-US\",\"@id\":\"https:\\\/\\\/akerstroms.se\\\/#\\\/schema\\\/logo\\\/image\\\/\",\"url\":\"https:\\\/\\\/akerstroms.se\\\/app\\\/uploads\\\/2021\\\/10\\\/akerstroms-logo.png\",\"contentUrl\":\"https:\\\/\\\/akerstroms.se\\\/app\\\/uploads\\\/2021\\\/10\\\/akerstroms-logo.png\",\"width\":400,\"height\":86,\"caption\":\"\u00c5kerstr\u00f6ms AB\"},\"image\":{\"@id\":\"https:\\\/\\\/akerstroms.se\\\/#\\\/schema\\\/logo\\\/image\\\/\"},\"sameAs\":[\"https:\\\/\\\/www.facebook.com\\\/akerstroms.se\",\"https:\\\/\\\/www.linkedin.com\\\/company\\\/akerstroms\\\/\",\"https:\\\/\\\/www.youtube.com\\\/channel\\\/UC8S-jX9nA8c9qBaTlgqg1CQ\"]}]}<\/script>\n<!-- \/ Yoast SEO plugin. -->","yoast_head_json":{"title":"Industrial Remote Control References | \u00c5kerstr\u00f6ms","description":"Explore \u00c5kerstr\u00f6ms' customer references including Ovako, EAB, KSU, and Scandinavian ferry operators. 100+ years of trusted partnerships.","robots":{"index":"index","follow":"follow","max-snippet":"max-snippet:-1","max-image-preview":"max-image-preview:large","max-video-preview":"max-video-preview:-1"},"canonical":"https:\/\/akerstroms.se\/en\/customer-references\/","og_locale":"en_US","og_type":"article","og_title":"Industrial Remote Control References | \u00c5kerstr\u00f6ms","og_description":"Explore \u00c5kerstr\u00f6ms' customer references including Ovako, EAB, KSU, and Scandinavian ferry operators. 100+ years of trusted partnerships.","og_url":"https:\/\/akerstroms.se\/en\/customer-references\/","og_site_name":"\u00c5kerstr\u00f6ms Bj\u00f6rbo","article_publisher":"https:\/\/www.facebook.com\/akerstroms.se","article_modified_time":"2026-04-15T07:53:07+00:00","og_image":[{"width":2560,"height":1707,"url":"https:\/\/akerstroms.se\/app\/uploads\/2026\/04\/IMG_0272-WEB-1-scaled.jpg","type":"image\/jpeg"}],"twitter_card":"summary_large_image","twitter_misc":{"Est. reading time":"1 minute"},"schema":{"@context":"https:\/\/schema.org","@graph":[{"@type":"WebPage","@id":"https:\/\/akerstroms.se\/en\/customer-references\/","url":"https:\/\/akerstroms.se\/en\/customer-references\/","name":"Industrial Remote Control References | \u00c5kerstr\u00f6ms","isPartOf":{"@id":"https:\/\/akerstroms.se\/#website"},"primaryImageOfPage":{"@id":"https:\/\/akerstroms.se\/en\/customer-references\/#primaryimage"},"image":{"@id":"https:\/\/akerstroms.se\/en\/customer-references\/#primaryimage"},"thumbnailUrl":"https:\/\/akerstroms.se\/app\/uploads\/2026\/04\/IMG_0272-WEB-1-scaled.jpg","datePublished":"2021-10-05T06:24:37+00:00","dateModified":"2026-04-15T07:53:07+00:00","description":"Explore \u00c5kerstr\u00f6ms' customer references including Ovako, EAB, KSU, and Scandinavian ferry operators. 100+ years of trusted partnerships.","breadcrumb":{"@id":"https:\/\/akerstroms.se\/en\/customer-references\/#breadcrumb"},"inLanguage":"en-US","potentialAction":[{"@type":"ReadAction","target":["https:\/\/akerstroms.se\/en\/customer-references\/"]}]},{"@type":"ImageObject","inLanguage":"en-US","@id":"https:\/\/akerstroms.se\/en\/customer-references\/#primaryimage","url":"https:\/\/akerstroms.se\/app\/uploads\/2026\/04\/IMG_0272-WEB-1-scaled.jpg","contentUrl":"https:\/\/akerstroms.se\/app\/uploads\/2026\/04\/IMG_0272-WEB-1-scaled.jpg"},{"@type":"BreadcrumbList","@id":"https:\/\/akerstroms.se\/en\/customer-references\/#breadcrumb","itemListElement":[{"@type":"ListItem","position":1,"name":"Home","item":"https:\/\/akerstroms.se\/en\/"},{"@type":"ListItem","position":2,"name":"Customer references"}]},{"@type":"WebSite","@id":"https:\/\/akerstroms.se\/#website","url":"https:\/\/akerstroms.se\/","name":"\u00c5kerstr\u00f6ms Bj\u00f6rbo","description":"Radiostyrning f\u00f6r industriella och mobila applikationer","publisher":{"@id":"https:\/\/akerstroms.se\/#organization"},"potentialAction":[{"@type":"SearchAction","target":{"@type":"EntryPoint","urlTemplate":"https:\/\/akerstroms.se\/?s={search_term_string}"},"query-input":{"@type":"PropertyValueSpecification","valueRequired":true,"valueName":"search_term_string"}}],"inLanguage":"en-US"},{"@type":"Organization","@id":"https:\/\/akerstroms.se\/#organization","name":"\u00c5kerstr\u00f6ms AB","url":"https:\/\/akerstroms.se\/","logo":{"@type":"ImageObject","inLanguage":"en-US","@id":"https:\/\/akerstroms.se\/#\/schema\/logo\/image\/","url":"https:\/\/akerstroms.se\/app\/uploads\/2021\/10\/akerstroms-logo.png","contentUrl":"https:\/\/akerstroms.se\/app\/uploads\/2021\/10\/akerstroms-logo.png","width":400,"height":86,"caption":"\u00c5kerstr\u00f6ms AB"},"image":{"@id":"https:\/\/akerstroms.se\/#\/schema\/logo\/image\/"},"sameAs":["https:\/\/www.facebook.com\/akerstroms.se","https:\/\/www.linkedin.com\/company\/akerstroms\/","https:\/\/www.youtube.com\/channel\/UC8S-jX9nA8c9qBaTlgqg1CQ"]}]}},"_links":{"self":[{"href":"https:\/\/akerstroms.se\/en\/wp-json\/wp\/v2\/pages\/11069","targetHints":{"allow":["GET"]}}],"collection":[{"href":"https:\/\/akerstroms.se\/en\/wp-json\/wp\/v2\/pages"}],"about":[{"href":"https:\/\/akerstroms.se\/en\/wp-json\/wp\/v2\/types\/page"}],"author":[{"embeddable":true,"href":"https:\/\/akerstroms.se\/en\/wp-json\/wp\/v2\/users\/7"}],"replies":[{"embeddable":true,"href":"https:\/\/akerstroms.se\/en\/wp-json\/wp\/v2\/comments?post=11069"}],"version-history":[{"count":15,"href":"https:\/\/akerstroms.se\/en\/wp-json\/wp\/v2\/pages\/11069\/revisions"}],"predecessor-version":[{"id":24571,"href":"https:\/\/akerstroms.se\/en\/wp-json\/wp\/v2\/pages\/11069\/revisions\/24571"}],"wp:attachment":[{"href":"https:\/\/akerstroms.se\/en\/wp-json\/wp\/v2\/media?parent=11069"}],"curies":[{"name":"wp","href":"https:\/\/api.w.org\/{rel}","templated":true}]}}