{"id":11058,"date":"2021-10-05T08:23:58","date_gmt":"2021-10-05T06:23:58","guid":{"rendered":"https:\/\/akerstroms.se\/delivery-and-purchase-terms\/"},"modified":"2024-01-04T15:09:57","modified_gmt":"2024-01-04T14:09:57","slug":"delivery-and-purchase-terms","status":"publish","type":"page","link":"https:\/\/akerstroms.se\/en\/delivery-and-purchase-terms\/","title":{"rendered":"Delivery and purchase terms"},"content":{"rendered":"<section class=\"hero alignfull tone \" style=\"background-image: url(https:\/\/akerstroms.se\/app\/uploads\/2021\/09\/frakt-kopvillkor.jpg);\">\r\n        <div class=\"hero__text container\">\r\n        <h1 class=\"hero__title\">Delivery and purchase terms<\/h1>\r\n                    <p class=\"hero__excerpt\">What terms apply when you purchase our remote control solutions? Information about freight, delivery and purchase terms can be found here. Please contact us if you can\u2019t find what you need.<\/p>\r\n            <\/div>\r\n<\/section>\r\n\n\n\n<div style=\"height:50px\" aria-hidden=\"true\" class=\"wp-block-spacer\"><\/div>\n\n\n\n<h3 class=\"wp-block-heading\" id=\"h-freight-and-delivery-terms\">Freight and delivery terms<\/h3>\n\n\n\n<p>For deliveries within Scandinavia, we apply NL17 and deliver according to INCOTERMS FCA Bj\u00f6rbo, unless otherwise agreed. For deliveries outside Scandinavia Orgalime 2012 and SW14 are applied. Contact us if you would like to view the terms. <\/p>\n\n\n\n<p>Our deliveries are normally shipped via DHL. Our aim is to deliver spare parts the same day and standard products (stock items) within 1-2 days. We cannot always guarantee that the product will be available in stock.<\/p>\n\n\n\n<div style=\"height:50px\" aria-hidden=\"true\" class=\"wp-block-spacer\"><\/div>\n\n\n\n<figure class=\"wp-block-table is-style-stripes\"><table class=\"has-fixed-layout\"><thead><tr><th class=\"has-text-align-left\" data-align=\"left\">Booking method<\/th><th class=\"has-text-align-left\" data-align=\"left\">Terms<\/th><\/tr><\/thead><tbody><tr><td class=\"has-text-align-left\" data-align=\"left\">The customer books the shipment via their own recipient account.<\/td><td class=\"has-text-align-left\" data-align=\"left\">Ready for collection after notification from \u00c5kerstr\u00f6ms. Confirmation of collection must reach us within three (3) days.<\/td><\/tr><tr><td class=\"has-text-align-left\" data-align=\"left\">Express freight<\/td><td class=\"has-text-align-left\" data-align=\"left\">As agreed, contact <a href=\"mailto:frontoffice@akerstroms.se\">frontoffice@akerstroms.se<\/a> for more information.<\/td><\/tr><\/tbody><\/table><\/figure>\n\n\n\n<div style=\"height:50px\" aria-hidden=\"true\" class=\"wp-block-spacer\"><\/div>\n\n\n\n<h3 class=\"wp-block-heading\" id=\"h-customs-documentation-and-dangerous-goods\">Customs documentation and dangerous goods<\/h3>\n\n\n\n<p>We guarantee that the management of all dangerous goods deliveries and customs documentation will be correct according to applicable laws and regulations.<\/p>\n\n\n\n<p>Deliveries of Li-ion batteries are regulated by <a href=\"https:\/\/unece.org\/DAM\/trans\/doc\/2007\/ac10\/ST-SG-AC10-34a1e.pdf\">UN3480<\/a> and <a href=\"https:\/\/unece.org\/DAM\/trans\/doc\/2007\/ac10\/ST-SG-AC10-34a1e.pdf\">UN3481<\/a>. Our personnel are specially trained and authorised to manage dangerous goods. To ensure a smooth and safe delivery, we always arrange and manage all deliveries that include Li-ion batteries.<\/p>\n\n\n\n<p>Contact <a href=\"mailto:frontoffice@akerstroms.se\">frontoffice@akerstroms.se<\/a> for more information.<\/p>\n\n\n\n<div style=\"height:50px\" aria-hidden=\"true\" class=\"wp-block-spacer\"><\/div>\n\n\n\n<h3 class=\"wp-block-heading\" id=\"h-purchase-terms\">Purchase terms<\/h3>\n\n\n\n<p>\u00c5kerstr\u00f6ms Bj\u00f6rbo AB only sells B2B. For deliveries within Scandinavia, we apply NL17 and deliver according to INCOTERMS FCA Bj\u00f6rbo, unless otherwise agreed. For deliveries outside Scandinavia Orgalime 2012 and SW14 are applied.<\/p>\n\n\n\n<div style=\"height:50px\" aria-hidden=\"true\" class=\"wp-block-spacer\"><\/div>\n\n\n\n<h3 class=\"wp-block-heading\" id=\"h-returns-and-right-of-withdrawal\">Returns and right of withdrawal<\/h3>\n\n\n\n<p>When purchasing products that are part of our standard range, there is a right of withdrawal period of two (2) weeks from date of invoice. The standard range only includes Sesam 800 and Remotus Jupiter without additional work, such as fitting a cable. <strong>Custom Remotus Mercury <u>products are not included<\/u> in the right of withdrawal.<\/strong><\/p>\n\n\n\n<p>Each return must be agreed with us in advance by emailing <a href=\"mailto:frontoffice@akerstroms.se\">frontoffice@akerstroms.se<\/a>. Approved returns will be credited with 80% of the product value. Freight and packaging will not be credited. The purchaser is responsible for all return freight costs.<br><br><strong>The following terms must apply for the right of withdrawal to be approved:<\/strong><\/p>\n\n\n\n<ul class=\"wp-block-list\">\n<li>The product must have been purchased directly from \u00c5kerstr\u00f6ms Bj\u00f6rbo AB. The purchaser must provide the relevant order or invoice number.<\/li>\n\n\n\n<li>The product must be unused and still be in the original, undamaged packaging. Missing or damaged packaging will be charged for according to the price list.<\/li>\n\n\n\n<li>The product must be packaged to prevent damage during transport. Damaged products will not be credited<em>.<\/em><\/li>\n\n\n\n<li>A fee of SEK&nbsp;500 will be charged for the return shipment or rejection of non-approved returns.<\/li>\n<\/ul>\n\n\n\n<div style=\"height:50px\" aria-hidden=\"true\" class=\"wp-block-spacer\"><\/div>\n\n\n\n<h3 class=\"wp-block-heading\" id=\"h-e-billing\">E-billing<\/h3>\n\n\n\n<p>\u00c5kerstr\u00f6ms customers can choose how they wish to receive and pay their invoices. Most customers use the digital option, which is much more sustainable than the paper invoice.<\/p>\n\n\n\n<p>We encourage you to make the environmentally friendly choice and to reject paper invoices, which will otherwise come to your mailbox.<\/p>\n\n\n\n<p>Your invoice will be sent to the email address you have specified. Contact our customer service to activate e-billing, either by<br>phone on <strong>+46 (0)241-250 70<\/strong> or via email <a href=\"mailto:frontoffice@akerstroms.se\">frontoffice@akerstroms.se<\/a><\/p>\n\n\n\n<p>Contact our <a href=\"https:\/\/akerstroms.se\/en\/contact\/#frontoffice\">customer service<\/a> if you already use e-billing but wish to change your email address.<\/p>\n\n\n\n<div style=\"height:50px\" aria-hidden=\"true\" class=\"wp-block-spacer\"><\/div>\n\n\n\n<h3 class=\"wp-block-heading\" id=\"h-paper-billing\">Paper billing<\/h3>\n\n\n\n<p>There is an additional environmental fee of SEK&nbsp;50 per invoice.<\/p>\n\n\n\n<div style=\"height:50px\" aria-hidden=\"true\" class=\"wp-block-spacer\"><\/div>\n\n\n\n<h3 class=\"wp-block-heading\" id=\"h-payment\">Payment<\/h3>\n\n\n\n<p>Bankgiro: 794-3087<\/p>\n\n\n\n<p><strong>Bank account (SEK)<\/strong><br>Bank: Nordea<br>Clearing number: 9960<br>Account number: 1818719211<br>BIC: NDEASESS<br>IBAN: SE46 9500 0099 6018 1871 9211<\/p>\n\n\n\n<p><strong>Bank account (EUR)<\/strong><br>Bank: Nordea<br>Clearing number: 9960<br>Account number: 3418719229<br>BIC: NDEASESS<br>IBAN: SE70 9500 0099 6034 1871 9229<\/p>\n\n\n\n<div style=\"height:60px\" aria-hidden=\"true\" class=\"wp-block-spacer\"><\/div>\n\n\n\n<div class=\"wp-block-cover alignfull is-light\"><span aria-hidden=\"true\" class=\"wp-block-cover__background has-background-dim-100 has-background-dim\" style=\"background-color:#ef7f00\"><\/span><div class=\"wp-block-cover__inner-container is-layout-flow wp-block-cover-is-layout-flow\">\n<h2 class=\"wp-block-heading has-text-align-center has-black-color has-text-color\" id=\"h-do-you-have-any-questions-for-us-phone-or-email-us\">Do you have any <strong>questions for us?<\/strong><br>Phone or email us<\/h2>\n\n\n\n<div style=\"height:20px\" aria-hidden=\"true\" class=\"wp-block-spacer\"><\/div>\n\n\n\n<div class=\"wp-block-buttons is-horizontal is-content-justification-center is-layout-flex wp-container-core-buttons-is-layout-499968f5 wp-block-buttons-is-layout-flex\">\n<div class=\"wp-block-button wp-block-buttons is-content-justification-center\"><a class=\"wp-block-button__link has-white-color has-black-background-color has-text-color has-background wp-element-button\" href=\"https:\/\/akerstroms.se\/en\/contact\/#frontoffice\" style=\"border-radius:3px\">CONTACT US<\/a><\/div>\n<\/div>\n<\/div><\/div>\n\n\n\n<div style=\"height:20px\" aria-hidden=\"true\" class=\"wp-block-spacer\"><\/div>\n","protected":false},"excerpt":{"rendered":"<p>Freight and delivery terms For deliveries within Scandinavia, we apply NL17 and deliver according to INCOTERMS FCA Bj\u00f6rbo, unless otherwise agreed. For deliveries outside Scandinavia&#8230;<\/p>\n","protected":false},"author":1,"featured_media":0,"parent":0,"menu_order":0,"comment_status":"closed","ping_status":"closed","template":"templates\/page-text-page.php","meta":{"_acf_changed":false,"footnotes":""},"class_list":["post-11058","page","type-page","status-publish","hentry"],"acf":[],"yoast_head":"<!-- This site is optimized with the Yoast SEO plugin v27.4 - https:\/\/yoast.com\/product\/yoast-seo-wordpress\/ -->\n<title>Delivery and purchase terms - \u00c5kerstr\u00f6ms Bj\u00f6rbo<\/title>\n<meta name=\"robots\" content=\"index, follow, max-snippet:-1, max-image-preview:large, max-video-preview:-1\" \/>\n<link rel=\"canonical\" href=\"https:\/\/akerstroms.se\/en\/delivery-and-purchase-terms\/\" \/>\n<meta property=\"og:locale\" content=\"en_US\" \/>\n<meta property=\"og:type\" content=\"article\" \/>\n<meta property=\"og:title\" content=\"Delivery and purchase terms - \u00c5kerstr\u00f6ms Bj\u00f6rbo\" \/>\n<meta property=\"og:description\" content=\"Freight and delivery terms For deliveries within Scandinavia, we apply NL17 and deliver according to INCOTERMS FCA Bj\u00f6rbo, unless otherwise agreed. For deliveries outside Scandinavia...\" \/>\n<meta property=\"og:url\" content=\"https:\/\/akerstroms.se\/en\/delivery-and-purchase-terms\/\" \/>\n<meta property=\"og:site_name\" content=\"\u00c5kerstr\u00f6ms Bj\u00f6rbo\" \/>\n<meta property=\"article:publisher\" content=\"https:\/\/www.facebook.com\/akerstroms.se\" \/>\n<meta property=\"article:modified_time\" content=\"2024-01-04T14:09:57+00:00\" \/>\n<meta property=\"og:image\" content=\"https:\/\/akerstroms.se\/app\/uploads\/2021\/09\/Akerstroms-remote-controls.jpg\" \/>\n\t<meta property=\"og:image:width\" content=\"1200\" \/>\n\t<meta property=\"og:image:height\" content=\"675\" \/>\n\t<meta property=\"og:image:type\" content=\"image\/jpeg\" \/>\n<meta name=\"twitter:card\" content=\"summary_large_image\" \/>\n<meta name=\"twitter:label1\" content=\"Est. reading time\" \/>\n\t<meta name=\"twitter:data1\" content=\"3 minutes\" \/>\n<script type=\"application\/ld+json\" class=\"yoast-schema-graph\">{\"@context\":\"https:\\\/\\\/schema.org\",\"@graph\":[{\"@type\":\"WebPage\",\"@id\":\"https:\\\/\\\/akerstroms.se\\\/en\\\/delivery-and-purchase-terms\\\/\",\"url\":\"https:\\\/\\\/akerstroms.se\\\/en\\\/delivery-and-purchase-terms\\\/\",\"name\":\"Delivery and purchase terms - \u00c5kerstr\u00f6ms Bj\u00f6rbo\",\"isPartOf\":{\"@id\":\"https:\\\/\\\/akerstroms.se\\\/#website\"},\"datePublished\":\"2021-10-05T06:23:58+00:00\",\"dateModified\":\"2024-01-04T14:09:57+00:00\",\"breadcrumb\":{\"@id\":\"https:\\\/\\\/akerstroms.se\\\/en\\\/delivery-and-purchase-terms\\\/#breadcrumb\"},\"inLanguage\":\"en-US\",\"potentialAction\":[{\"@type\":\"ReadAction\",\"target\":[\"https:\\\/\\\/akerstroms.se\\\/en\\\/delivery-and-purchase-terms\\\/\"]}]},{\"@type\":\"BreadcrumbList\",\"@id\":\"https:\\\/\\\/akerstroms.se\\\/en\\\/delivery-and-purchase-terms\\\/#breadcrumb\",\"itemListElement\":[{\"@type\":\"ListItem\",\"position\":1,\"name\":\"Home\",\"item\":\"https:\\\/\\\/akerstroms.se\\\/en\\\/\"},{\"@type\":\"ListItem\",\"position\":2,\"name\":\"Delivery and purchase terms\"}]},{\"@type\":\"WebSite\",\"@id\":\"https:\\\/\\\/akerstroms.se\\\/#website\",\"url\":\"https:\\\/\\\/akerstroms.se\\\/\",\"name\":\"\u00c5kerstr\u00f6ms Bj\u00f6rbo\",\"description\":\"Radiostyrning f\u00f6r industriella och mobila applikationer\",\"publisher\":{\"@id\":\"https:\\\/\\\/akerstroms.se\\\/#organization\"},\"potentialAction\":[{\"@type\":\"SearchAction\",\"target\":{\"@type\":\"EntryPoint\",\"urlTemplate\":\"https:\\\/\\\/akerstroms.se\\\/?s={search_term_string}\"},\"query-input\":{\"@type\":\"PropertyValueSpecification\",\"valueRequired\":true,\"valueName\":\"search_term_string\"}}],\"inLanguage\":\"en-US\"},{\"@type\":\"Organization\",\"@id\":\"https:\\\/\\\/akerstroms.se\\\/#organization\",\"name\":\"\u00c5kerstr\u00f6ms AB\",\"url\":\"https:\\\/\\\/akerstroms.se\\\/\",\"logo\":{\"@type\":\"ImageObject\",\"inLanguage\":\"en-US\",\"@id\":\"https:\\\/\\\/akerstroms.se\\\/#\\\/schema\\\/logo\\\/image\\\/\",\"url\":\"https:\\\/\\\/akerstroms.se\\\/app\\\/uploads\\\/2021\\\/10\\\/akerstroms-logo.png\",\"contentUrl\":\"https:\\\/\\\/akerstroms.se\\\/app\\\/uploads\\\/2021\\\/10\\\/akerstroms-logo.png\",\"width\":400,\"height\":86,\"caption\":\"\u00c5kerstr\u00f6ms AB\"},\"image\":{\"@id\":\"https:\\\/\\\/akerstroms.se\\\/#\\\/schema\\\/logo\\\/image\\\/\"},\"sameAs\":[\"https:\\\/\\\/www.facebook.com\\\/akerstroms.se\",\"https:\\\/\\\/www.linkedin.com\\\/company\\\/akerstroms\\\/\",\"https:\\\/\\\/www.youtube.com\\\/channel\\\/UC8S-jX9nA8c9qBaTlgqg1CQ\"]}]}<\/script>\n<!-- \/ Yoast SEO plugin. -->","yoast_head_json":{"title":"Delivery and purchase terms - \u00c5kerstr\u00f6ms Bj\u00f6rbo","robots":{"index":"index","follow":"follow","max-snippet":"max-snippet:-1","max-image-preview":"max-image-preview:large","max-video-preview":"max-video-preview:-1"},"canonical":"https:\/\/akerstroms.se\/en\/delivery-and-purchase-terms\/","og_locale":"en_US","og_type":"article","og_title":"Delivery and purchase terms - \u00c5kerstr\u00f6ms Bj\u00f6rbo","og_description":"Freight and delivery terms For deliveries within Scandinavia, we apply NL17 and deliver according to INCOTERMS FCA Bj\u00f6rbo, unless otherwise agreed. For deliveries outside Scandinavia...","og_url":"https:\/\/akerstroms.se\/en\/delivery-and-purchase-terms\/","og_site_name":"\u00c5kerstr\u00f6ms Bj\u00f6rbo","article_publisher":"https:\/\/www.facebook.com\/akerstroms.se","article_modified_time":"2024-01-04T14:09:57+00:00","og_image":[{"width":1200,"height":675,"url":"https:\/\/akerstroms.se\/app\/uploads\/2021\/09\/Akerstroms-remote-controls.jpg","type":"image\/jpeg"}],"twitter_card":"summary_large_image","twitter_misc":{"Est. reading time":"3 minutes"},"schema":{"@context":"https:\/\/schema.org","@graph":[{"@type":"WebPage","@id":"https:\/\/akerstroms.se\/en\/delivery-and-purchase-terms\/","url":"https:\/\/akerstroms.se\/en\/delivery-and-purchase-terms\/","name":"Delivery and purchase terms - \u00c5kerstr\u00f6ms Bj\u00f6rbo","isPartOf":{"@id":"https:\/\/akerstroms.se\/#website"},"datePublished":"2021-10-05T06:23:58+00:00","dateModified":"2024-01-04T14:09:57+00:00","breadcrumb":{"@id":"https:\/\/akerstroms.se\/en\/delivery-and-purchase-terms\/#breadcrumb"},"inLanguage":"en-US","potentialAction":[{"@type":"ReadAction","target":["https:\/\/akerstroms.se\/en\/delivery-and-purchase-terms\/"]}]},{"@type":"BreadcrumbList","@id":"https:\/\/akerstroms.se\/en\/delivery-and-purchase-terms\/#breadcrumb","itemListElement":[{"@type":"ListItem","position":1,"name":"Home","item":"https:\/\/akerstroms.se\/en\/"},{"@type":"ListItem","position":2,"name":"Delivery and purchase terms"}]},{"@type":"WebSite","@id":"https:\/\/akerstroms.se\/#website","url":"https:\/\/akerstroms.se\/","name":"\u00c5kerstr\u00f6ms Bj\u00f6rbo","description":"Radiostyrning f\u00f6r industriella och mobila applikationer","publisher":{"@id":"https:\/\/akerstroms.se\/#organization"},"potentialAction":[{"@type":"SearchAction","target":{"@type":"EntryPoint","urlTemplate":"https:\/\/akerstroms.se\/?s={search_term_string}"},"query-input":{"@type":"PropertyValueSpecification","valueRequired":true,"valueName":"search_term_string"}}],"inLanguage":"en-US"},{"@type":"Organization","@id":"https:\/\/akerstroms.se\/#organization","name":"\u00c5kerstr\u00f6ms AB","url":"https:\/\/akerstroms.se\/","logo":{"@type":"ImageObject","inLanguage":"en-US","@id":"https:\/\/akerstroms.se\/#\/schema\/logo\/image\/","url":"https:\/\/akerstroms.se\/app\/uploads\/2021\/10\/akerstroms-logo.png","contentUrl":"https:\/\/akerstroms.se\/app\/uploads\/2021\/10\/akerstroms-logo.png","width":400,"height":86,"caption":"\u00c5kerstr\u00f6ms AB"},"image":{"@id":"https:\/\/akerstroms.se\/#\/schema\/logo\/image\/"},"sameAs":["https:\/\/www.facebook.com\/akerstroms.se","https:\/\/www.linkedin.com\/company\/akerstroms\/","https:\/\/www.youtube.com\/channel\/UC8S-jX9nA8c9qBaTlgqg1CQ"]}]}},"_links":{"self":[{"href":"https:\/\/akerstroms.se\/en\/wp-json\/wp\/v2\/pages\/11058","targetHints":{"allow":["GET"]}}],"collection":[{"href":"https:\/\/akerstroms.se\/en\/wp-json\/wp\/v2\/pages"}],"about":[{"href":"https:\/\/akerstroms.se\/en\/wp-json\/wp\/v2\/types\/page"}],"author":[{"embeddable":true,"href":"https:\/\/akerstroms.se\/en\/wp-json\/wp\/v2\/users\/1"}],"replies":[{"embeddable":true,"href":"https:\/\/akerstroms.se\/en\/wp-json\/wp\/v2\/comments?post=11058"}],"version-history":[{"count":18,"href":"https:\/\/akerstroms.se\/en\/wp-json\/wp\/v2\/pages\/11058\/revisions"}],"predecessor-version":[{"id":19555,"href":"https:\/\/akerstroms.se\/en\/wp-json\/wp\/v2\/pages\/11058\/revisions\/19555"}],"wp:attachment":[{"href":"https:\/\/akerstroms.se\/en\/wp-json\/wp\/v2\/media?parent=11058"}],"curies":[{"name":"wp","href":"https:\/\/api.w.org\/{rel}","templated":true}]}}