{"id":10662,"date":"2021-10-01T14:59:04","date_gmt":"2021-10-01T12:59:04","guid":{"rendered":"https:\/\/akerstroms.se\/vehicles-superstructures\/"},"modified":"2026-04-02T11:39:39","modified_gmt":"2026-04-02T09:39:39","slug":"vehicles-superstructures","status":"publish","type":"page","link":"https:\/\/akerstroms.se\/en\/vehicles-superstructures\/","title":{"rendered":"Vehicles &#038; Superstructures"},"content":{"rendered":"<section class=\"hero alignfull  \" style=\"background-image: url(https:\/\/akerstroms.se\/app\/uploads\/2024\/11\/Spolbil-BKGR-Gabriel-Alenius-2236-scaled.jpg);\">\r\n        <div class=\"hero__text container\">\r\n        <h1 class=\"hero__title\">Vehicles and Superstructures<\/h1>\r\n                    <p class=\"hero__excerpt\">Vacuum trucks, tow trucks, side loaders, wood chiptrucks, roll-off trucks, trailers, etc.<\/p>\r\n            <\/div>\r\n<\/section>\r\n\n\n\n<div style=\"height:50px\" aria-hidden=\"true\" class=\"wp-block-spacer\"><\/div>\n\n\n\n<h2 class=\"wp-block-heading has-text-align-center\" id=\"h-effortless-operations-at-a-safe-distance\">Remote Control for Vehicles and Superstructures<\/h2>\n\n\n\n<p>Working as a vehicle operator &#8211; whether on a vacuum truck, tow truck, container truck, or other roll-off vehicle &#8211; it is of utmost importance to perform your work as safely and controlled as possible. With remote control for vehicles, operations are carried out smoothly using buttons or joysticks via a wireless transmitter, handheld or worn on a belt around the waist. Tangled cables and fixed control panels on the vehicle are a thing of the past.<\/p>\n\n\n\n<p>You move freely and can conduct operations at a safe distance and with good oversight. Our systems are robust, designed to withstand tough outdoor environments and large temperature variations &#8211; and adaptable to both standard and specialist vehicle builds.<\/p>\n\n\n\n<p class=\"has-text-align-center\">With our expertise and close customer relationships, we listen to your needs and tailor a solution specifically designed for you. Contact us to discuss your requirements.<\/p>\n\n\n\n<div style=\"height:60px\" aria-hidden=\"true\" class=\"wp-block-spacer\"><\/div>\n\n\n\n<h3 class=\"wp-block-heading\" id=\"h-matching-products\">Matching products<\/h3>\n\n\n<section class=\"products_module woocommerce slide\" data-post-type=\"product\">\r\n                                                            <div class=\"products flex-row-wrapper glide-products\">\r\n                        <div class=\"glide__track\" data-glide-el=\"track\">\r\n                        <div class=\"glide__slides\" id=\"product_container\">\r\n                                            <div class=\"glide__slide\">\r\n                            <li class=\"product type-product post-10913 status-publish first instock product_cat-receivers-en product_cat-sesam-en product_tag-other-controls-en product_tag-pumps-en product_tag-tail-lifts-en product_tag-vehicles-superstructures-en product_tag-winches-en has-post-thumbnail shipping-taxable product-type-simple\">\n\t<a href=\"https:\/\/akerstroms.se\/en\/product\/sesam-800-mobile-rx\/\" class=\"woocommerce-LoopProduct-link woocommerce-loop-product__link\"><div class='img-container'><img loading=\"lazy\" decoding=\"async\" width=\"300\" height=\"446\" src=\"https:\/\/akerstroms.se\/app\/uploads\/2021\/05\/Sesam-800-Mobile-RX-300x446.jpg\" class=\"attachment-woocommerce_thumbnail size-woocommerce_thumbnail\" alt=\"SESAM 800 Mobile RX\" srcset=\"https:\/\/akerstroms.se\/app\/uploads\/2021\/05\/Sesam-800-Mobile-RX-300x446.jpg 300w, https:\/\/akerstroms.se\/app\/uploads\/2021\/05\/Sesam-800-Mobile-RX-600x893.jpg 600w, https:\/\/akerstroms.se\/app\/uploads\/2021\/05\/Sesam-800-Mobile-RX-250x372.jpg 250w, https:\/\/akerstroms.se\/app\/uploads\/2021\/05\/Sesam-800-Mobile-RX-700x1042.jpg 700w, https:\/\/akerstroms.se\/app\/uploads\/2021\/05\/Sesam-800-Mobile-RX-768x1143.jpg 768w, https:\/\/akerstroms.se\/app\/uploads\/2021\/05\/Sesam-800-Mobile-RX-120x179.jpg 120w, https:\/\/akerstroms.se\/app\/uploads\/2021\/05\/Sesam-800-Mobile-RX-540x804.jpg 540w, https:\/\/akerstroms.se\/app\/uploads\/2021\/05\/Sesam-800-Mobile-RX.jpg 930w\" sizes=\"auto, (max-width: 300px) 100vw, 300px\" \/><\/div><h2 class=\"woocommerce-loop-product__title\">SESAM 800 Mobile RX<\/h2><\/a><div class=\"product-loop-item-info\"><\/div><\/li>\n<\/div>                        <div class=\"glide__slide\">\r\n                            <li class=\"product type-product post-10865 status-publish instock product_cat-receivers-en-remotus-en product_cat-remotus-en product_tag-machinery-en product_tag-ports-ferries-en product_tag-vehicles-superstructures-en product_tag-winches-en has-post-thumbnail product-type-simple\">\n\t<a href=\"https:\/\/akerstroms.se\/en\/product\/remotus-t-rx-1500\/\" class=\"woocommerce-LoopProduct-link woocommerce-loop-product__link\"><div class='img-container'><img loading=\"lazy\" decoding=\"async\" width=\"300\" height=\"400\" src=\"https:\/\/akerstroms.se\/app\/uploads\/2021\/05\/T-RX1500-2-300x400.jpg\" class=\"attachment-woocommerce_thumbnail size-woocommerce_thumbnail\" alt=\"Remotus T-RX1500\" srcset=\"https:\/\/akerstroms.se\/app\/uploads\/2021\/05\/T-RX1500-2-300x400.jpg 300w, https:\/\/akerstroms.se\/app\/uploads\/2021\/05\/T-RX1500-2-600x800.jpg 600w, https:\/\/akerstroms.se\/app\/uploads\/2021\/05\/T-RX1500-2-250x333.jpg 250w, https:\/\/akerstroms.se\/app\/uploads\/2021\/05\/T-RX1500-2-700x933.jpg 700w, https:\/\/akerstroms.se\/app\/uploads\/2021\/05\/T-RX1500-2-768x1024.jpg 768w, https:\/\/akerstroms.se\/app\/uploads\/2021\/05\/T-RX1500-2-120x160.jpg 120w, https:\/\/akerstroms.se\/app\/uploads\/2021\/05\/T-RX1500-2-540x720.jpg 540w, https:\/\/akerstroms.se\/app\/uploads\/2021\/05\/T-RX1500-2.jpg 930w\" sizes=\"auto, (max-width: 300px) 100vw, 300px\" \/><\/div><h2 class=\"woocommerce-loop-product__title\">Remotus T-Rx 1500<\/h2><\/a><div class=\"product-loop-item-info\"><\/div><\/li>\n<\/div>                        <div class=\"glide__slide\">\r\n                            <li class=\"product type-product post-10835 status-publish instock product_cat-remotus-en product_cat-waist-transmitters-en product_tag-cranes-lifts-en product_tag-machinery-en product_tag-ports-ferries-en product_tag-pumps-en product_tag-vehicles-superstructures-en product_tag-winches-en has-post-thumbnail product-type-simple\">\n\t<a href=\"https:\/\/akerstroms.se\/en\/product\/remotus-500jd\/\" class=\"woocommerce-LoopProduct-link woocommerce-loop-product__link\"><div class='img-container'><img loading=\"lazy\" decoding=\"async\" width=\"300\" height=\"400\" src=\"https:\/\/akerstroms.se\/app\/uploads\/2021\/04\/Remotus-500-1-300x400.jpg\" class=\"attachment-woocommerce_thumbnail size-woocommerce_thumbnail\" alt=\"Remotus 500 waist transmitter\" srcset=\"https:\/\/akerstroms.se\/app\/uploads\/2021\/04\/Remotus-500-1-300x400.jpg 300w, https:\/\/akerstroms.se\/app\/uploads\/2021\/04\/Remotus-500-1-600x800.jpg 600w, https:\/\/akerstroms.se\/app\/uploads\/2021\/04\/Remotus-500-1-250x333.jpg 250w, https:\/\/akerstroms.se\/app\/uploads\/2021\/04\/Remotus-500-1-700x933.jpg 700w, https:\/\/akerstroms.se\/app\/uploads\/2021\/04\/Remotus-500-1-768x1024.jpg 768w, https:\/\/akerstroms.se\/app\/uploads\/2021\/04\/Remotus-500-1-120x160.jpg 120w, https:\/\/akerstroms.se\/app\/uploads\/2021\/04\/Remotus-500-1-540x720.jpg 540w, https:\/\/akerstroms.se\/app\/uploads\/2021\/04\/Remotus-500-1.jpg 930w\" sizes=\"auto, (max-width: 300px) 100vw, 300px\" \/><\/div><h2 class=\"woocommerce-loop-product__title\">Remotus 500JD<\/h2><\/a><div class=\"product-loop-item-info\"><\/div><\/li>\n<\/div>                        <div class=\"glide__slide\">\r\n                            <li class=\"product type-product post-10837 status-publish last instock product_cat-remotus-en product_cat-waist-transmitters-en product_tag-cranes-lifts-en product_tag-machinery-en product_tag-ports-ferries-en product_tag-pumps-en product_tag-vehicles-superstructures-en product_tag-winches-en has-post-thumbnail product-type-simple\">\n\t<a href=\"https:\/\/akerstroms.se\/en\/product\/remotus-300jd\/\" class=\"woocommerce-LoopProduct-link woocommerce-loop-product__link\"><div class='img-container'><img loading=\"lazy\" decoding=\"async\" width=\"300\" height=\"400\" src=\"https:\/\/akerstroms.se\/app\/uploads\/2021\/04\/Remotus-300JD-1-300x400.jpg\" class=\"attachment-woocommerce_thumbnail size-woocommerce_thumbnail\" alt=\"Remotus 300JD\" srcset=\"https:\/\/akerstroms.se\/app\/uploads\/2021\/04\/Remotus-300JD-1-300x400.jpg 300w, https:\/\/akerstroms.se\/app\/uploads\/2021\/04\/Remotus-300JD-1-600x800.jpg 600w, https:\/\/akerstroms.se\/app\/uploads\/2021\/04\/Remotus-300JD-1-250x333.jpg 250w, https:\/\/akerstroms.se\/app\/uploads\/2021\/04\/Remotus-300JD-1-700x933.jpg 700w, https:\/\/akerstroms.se\/app\/uploads\/2021\/04\/Remotus-300JD-1-768x1024.jpg 768w, https:\/\/akerstroms.se\/app\/uploads\/2021\/04\/Remotus-300JD-1-120x160.jpg 120w, https:\/\/akerstroms.se\/app\/uploads\/2021\/04\/Remotus-300JD-1-540x720.jpg 540w, https:\/\/akerstroms.se\/app\/uploads\/2021\/04\/Remotus-300JD-1.jpg 930w\" sizes=\"auto, (max-width: 300px) 100vw, 300px\" \/><\/div><h2 class=\"woocommerce-loop-product__title\">Remotus 300JD<\/h2><\/a><div class=\"product-loop-item-info\"><\/div><\/li>\n<\/div>                        <div class=\"glide__slide\">\r\n                            <li class=\"product type-product post-10840 status-publish first instock product_cat-handheld-transmitters-en product_cat-remotus-en product_tag-machinery-en product_tag-ports-ferries-en product_tag-vehicles-superstructures-en product_tag-winches-en has-post-thumbnail product-type-simple\">\n\t<a href=\"https:\/\/akerstroms.se\/en\/product\/remotus-28jbd\/\" class=\"woocommerce-LoopProduct-link woocommerce-loop-product__link\"><div class='img-container'><img loading=\"lazy\" decoding=\"async\" width=\"300\" height=\"410\" src=\"https:\/\/akerstroms.se\/app\/uploads\/2021\/04\/Remotus-28JBD-300x410.jpg\" class=\"attachment-woocommerce_thumbnail size-woocommerce_thumbnail\" alt=\"Remotus 28JBD\" srcset=\"https:\/\/akerstroms.se\/app\/uploads\/2021\/04\/Remotus-28JBD-300x410.jpg 300w, https:\/\/akerstroms.se\/app\/uploads\/2021\/04\/Remotus-28JBD-600x820.jpg 600w, https:\/\/akerstroms.se\/app\/uploads\/2021\/04\/Remotus-28JBD-250x342.jpg 250w, https:\/\/akerstroms.se\/app\/uploads\/2021\/04\/Remotus-28JBD-700x957.jpg 700w, https:\/\/akerstroms.se\/app\/uploads\/2021\/04\/Remotus-28JBD-768x1050.jpg 768w, https:\/\/akerstroms.se\/app\/uploads\/2021\/04\/Remotus-28JBD-120x164.jpg 120w, https:\/\/akerstroms.se\/app\/uploads\/2021\/04\/Remotus-28JBD-540x738.jpg 540w, https:\/\/akerstroms.se\/app\/uploads\/2021\/04\/Remotus-28JBD.jpg 930w\" sizes=\"auto, (max-width: 300px) 100vw, 300px\" \/><\/div><h2 class=\"woocommerce-loop-product__title\">Remotus 28JBD<\/h2><\/a><div class=\"product-loop-item-info\"><\/div><\/li>\n<\/div>                        <div class=\"glide__slide\">\r\n                            <li class=\"product type-product post-10836 status-publish instock product_cat-remotus-en product_cat-waist-transmitters-en product_tag-cranes-lifts-en product_tag-machinery-en product_tag-vehicles-superstructures-en has-post-thumbnail product-type-simple\">\n\t<a href=\"https:\/\/akerstroms.se\/en\/product\/remotus-era-100\/\" class=\"woocommerce-LoopProduct-link woocommerce-loop-product__link\"><div class='img-container'><img loading=\"lazy\" decoding=\"async\" width=\"300\" height=\"400\" src=\"https:\/\/akerstroms.se\/app\/uploads\/2021\/04\/Mercury-Era-100-300x400.jpg\" class=\"attachment-woocommerce_thumbnail size-woocommerce_thumbnail\" alt=\"Mercury Era 100\" srcset=\"https:\/\/akerstroms.se\/app\/uploads\/2021\/04\/Mercury-Era-100-300x400.jpg 300w, https:\/\/akerstroms.se\/app\/uploads\/2021\/04\/Mercury-Era-100-600x800.jpg 600w, https:\/\/akerstroms.se\/app\/uploads\/2021\/04\/Mercury-Era-100-250x333.jpg 250w, https:\/\/akerstroms.se\/app\/uploads\/2021\/04\/Mercury-Era-100-700x933.jpg 700w, https:\/\/akerstroms.se\/app\/uploads\/2021\/04\/Mercury-Era-100-768x1024.jpg 768w, https:\/\/akerstroms.se\/app\/uploads\/2021\/04\/Mercury-Era-100-120x160.jpg 120w, https:\/\/akerstroms.se\/app\/uploads\/2021\/04\/Mercury-Era-100-540x720.jpg 540w, https:\/\/akerstroms.se\/app\/uploads\/2021\/04\/Mercury-Era-100.jpg 930w\" sizes=\"auto, (max-width: 300px) 100vw, 300px\" \/><\/div><h2 class=\"woocommerce-loop-product__title\">Remotus ERA 100<\/h2><\/a><div class=\"product-loop-item-info\"><\/div><\/li>\n<\/div>                        <div class=\"glide__slide\">\r\n                            <li class=\"product type-product post-10869 status-publish instock product_cat-receivers-en-remotus-en product_cat-remotus-en product_tag-machinery-en product_tag-ports-ferries-en product_tag-vehicles-superstructures-en product_tag-winches-en has-post-thumbnail product-type-simple\">\n\t<a href=\"https:\/\/akerstroms.se\/en\/product\/remotus-t-rx100\/\" class=\"woocommerce-LoopProduct-link woocommerce-loop-product__link\"><div class='img-container'><img loading=\"lazy\" decoding=\"async\" width=\"300\" height=\"400\" src=\"https:\/\/akerstroms.se\/app\/uploads\/2021\/04\/T-RX100-300x400.jpg\" class=\"attachment-woocommerce_thumbnail size-woocommerce_thumbnail\" alt=\"T-RX 100\" srcset=\"https:\/\/akerstroms.se\/app\/uploads\/2021\/04\/T-RX100-300x400.jpg 300w, https:\/\/akerstroms.se\/app\/uploads\/2021\/04\/T-RX100-600x800.jpg 600w, https:\/\/akerstroms.se\/app\/uploads\/2021\/04\/T-RX100-250x333.jpg 250w, https:\/\/akerstroms.se\/app\/uploads\/2021\/04\/T-RX100-700x933.jpg 700w, https:\/\/akerstroms.se\/app\/uploads\/2021\/04\/T-RX100-768x1024.jpg 768w, https:\/\/akerstroms.se\/app\/uploads\/2021\/04\/T-RX100-120x160.jpg 120w, https:\/\/akerstroms.se\/app\/uploads\/2021\/04\/T-RX100-540x720.jpg 540w, https:\/\/akerstroms.se\/app\/uploads\/2021\/04\/T-RX100.jpg 930w\" sizes=\"auto, (max-width: 300px) 100vw, 300px\" \/><\/div><h2 class=\"woocommerce-loop-product__title\">Remotus T-Rx 100<\/h2><\/a><div class=\"product-loop-item-info\"><\/div><\/li>\n<\/div>                        <div class=\"glide__slide\">\r\n                            <li class=\"product type-product post-10871 status-publish last instock product_cat-receivers-en-remotus-en product_cat-remotus-en product_tag-machinery-en product_tag-ports-ferries-en product_tag-vehicles-superstructures-en product_tag-winches-en has-post-thumbnail product-type-simple\">\n\t<a href=\"https:\/\/akerstroms.se\/en\/product\/remotus-t-rx-500\/\" class=\"woocommerce-LoopProduct-link woocommerce-loop-product__link\"><div class='img-container'><img loading=\"lazy\" decoding=\"async\" width=\"300\" height=\"386\" src=\"https:\/\/akerstroms.se\/app\/uploads\/2021\/04\/T-RX500-1-300x386.jpg\" class=\"attachment-woocommerce_thumbnail size-woocommerce_thumbnail\" alt=\"Remotus T-RX500\" srcset=\"https:\/\/akerstroms.se\/app\/uploads\/2021\/04\/T-RX500-1-300x386.jpg 300w, https:\/\/akerstroms.se\/app\/uploads\/2021\/04\/T-RX500-1-600x772.jpg 600w, https:\/\/akerstroms.se\/app\/uploads\/2021\/04\/T-RX500-1-250x322.jpg 250w, https:\/\/akerstroms.se\/app\/uploads\/2021\/04\/T-RX500-1-700x900.jpg 700w, https:\/\/akerstroms.se\/app\/uploads\/2021\/04\/T-RX500-1-768x988.jpg 768w, https:\/\/akerstroms.se\/app\/uploads\/2021\/04\/T-RX500-1-120x154.jpg 120w, https:\/\/akerstroms.se\/app\/uploads\/2021\/04\/T-RX500-1-540x694.jpg 540w, https:\/\/akerstroms.se\/app\/uploads\/2021\/04\/T-RX500-1.jpg 930w\" sizes=\"auto, (max-width: 300px) 100vw, 300px\" \/><\/div><h2 class=\"woocommerce-loop-product__title\">Remotus T-Rx 500<\/h2><\/a><div class=\"product-loop-item-info\"><\/div><\/li>\n<\/div>                        <div class=\"glide__slide\">\r\n                            <li class=\"product type-product post-10839 status-publish first instock product_cat-handheld-transmitters-en product_cat-remotus-en product_tag-cranes-lifts-en product_tag-machinery-en product_tag-other-controls-en product_tag-ports-ferries-en product_tag-pumps-en product_tag-vehicles-superstructures-en product_tag-winches-en has-post-thumbnail product-type-simple\">\n\t<a href=\"https:\/\/akerstroms.se\/en\/product\/remotus-12bd\/\" class=\"woocommerce-LoopProduct-link woocommerce-loop-product__link\"><div class='img-container'><img loading=\"lazy\" decoding=\"async\" width=\"300\" height=\"410\" src=\"https:\/\/akerstroms.se\/app\/uploads\/2021\/04\/Remotus-12BD-300x410.jpg\" class=\"attachment-woocommerce_thumbnail size-woocommerce_thumbnail\" alt=\"Remotus 12BD\" srcset=\"https:\/\/akerstroms.se\/app\/uploads\/2021\/04\/Remotus-12BD-300x410.jpg 300w, https:\/\/akerstroms.se\/app\/uploads\/2021\/04\/Remotus-12BD-600x820.jpg 600w, https:\/\/akerstroms.se\/app\/uploads\/2021\/04\/Remotus-12BD-250x342.jpg 250w, https:\/\/akerstroms.se\/app\/uploads\/2021\/04\/Remotus-12BD-700x957.jpg 700w, https:\/\/akerstroms.se\/app\/uploads\/2021\/04\/Remotus-12BD-768x1050.jpg 768w, https:\/\/akerstroms.se\/app\/uploads\/2021\/04\/Remotus-12BD-120x164.jpg 120w, https:\/\/akerstroms.se\/app\/uploads\/2021\/04\/Remotus-12BD-540x738.jpg 540w, https:\/\/akerstroms.se\/app\/uploads\/2021\/04\/Remotus-12BD.jpg 930w\" sizes=\"auto, (max-width: 300px) 100vw, 300px\" \/><\/div><h2 class=\"woocommerce-loop-product__title\">Remotus 12BD<\/h2><\/a><div class=\"product-loop-item-info\"><\/div><\/li>\n<\/div><\/div><\/div>\r\n                        <div class=\"controls flex-row-wrapper\" data-glide-el=\"controls\">\r\n                            <button class=\"controls--btn prev\" data-glide-dir=\"&lt;\"><i class=\"far fa-angle-left\"><\/i><\/button>\r\n                            <button class=\"controls--btn next\" data-glide-dir=\"&gt;\"><i class=\"far fa-angle-right\"><\/i><\/button>\r\n                        <\/div>\r\n                                        <\/div>\r\n                            <\/div>\r\n        <\/div>\r\n    <\/section>\r\n\n\n\n<div style=\"height:100px\" aria-hidden=\"true\" class=\"wp-block-spacer\"><\/div>\n","protected":false},"excerpt":{"rendered":"<p>Remote Control for Vehicles and Superstructures Working as a vehicle operator &#8211; whether on a vacuum truck, tow truck, container truck, or other roll-off vehicle&#8230;<\/p>\n","protected":false},"author":1,"featured_media":0,"parent":0,"menu_order":0,"comment_status":"closed","ping_status":"closed","template":"","meta":{"_acf_changed":false,"footnotes":""},"class_list":["post-10662","page","type-page","status-publish","hentry"],"acf":[],"yoast_head":"<!-- This site is optimized with the Yoast SEO plugin v27.4 - https:\/\/yoast.com\/product\/yoast-seo-wordpress\/ -->\n<title>Remote Control for Vehicles and Superstructures | \u00c5kerstr\u00f6ms<\/title>\n<meta name=\"description\" content=\"\u00c5kerstr\u00f6ms remote control for vehicles and superstructures - vacuum trucks, tow trucks, and more. Tailored to your needs. Contact us today.\" \/>\n<meta name=\"robots\" content=\"index, follow, max-snippet:-1, max-image-preview:large, max-video-preview:-1\" \/>\n<link rel=\"canonical\" href=\"https:\/\/akerstroms.se\/en\/vehicles-superstructures\/\" \/>\n<meta property=\"og:locale\" content=\"en_US\" \/>\n<meta property=\"og:type\" content=\"article\" \/>\n<meta property=\"og:title\" content=\"Remote Control for Vehicles and Superstructures | \u00c5kerstr\u00f6ms\" \/>\n<meta property=\"og:description\" content=\"\u00c5kerstr\u00f6ms remote control for vehicles and superstructures - vacuum trucks, tow trucks, and more. Tailored to your needs. Contact us today.\" \/>\n<meta property=\"og:url\" content=\"https:\/\/akerstroms.se\/en\/vehicles-superstructures\/\" \/>\n<meta property=\"og:site_name\" content=\"\u00c5kerstr\u00f6ms Bj\u00f6rbo\" \/>\n<meta property=\"article:publisher\" content=\"https:\/\/www.facebook.com\/akerstroms.se\" \/>\n<meta property=\"article:modified_time\" content=\"2026-04-02T09:39:39+00:00\" \/>\n<meta property=\"og:image\" content=\"https:\/\/akerstroms.se\/app\/uploads\/2021\/09\/Akerstroms-remote-controls.jpg\" \/>\n\t<meta property=\"og:image:width\" content=\"1200\" \/>\n\t<meta property=\"og:image:height\" content=\"675\" \/>\n\t<meta property=\"og:image:type\" content=\"image\/jpeg\" \/>\n<meta name=\"twitter:card\" content=\"summary_large_image\" \/>\n<meta name=\"twitter:label1\" content=\"Est. reading time\" \/>\n\t<meta name=\"twitter:data1\" content=\"1 minute\" \/>\n<script type=\"application\/ld+json\" class=\"yoast-schema-graph\">{\"@context\":\"https:\\\/\\\/schema.org\",\"@graph\":[{\"@type\":\"WebPage\",\"@id\":\"https:\\\/\\\/akerstroms.se\\\/en\\\/vehicles-superstructures\\\/\",\"url\":\"https:\\\/\\\/akerstroms.se\\\/en\\\/vehicles-superstructures\\\/\",\"name\":\"Remote Control for Vehicles and Superstructures | \u00c5kerstr\u00f6ms\",\"isPartOf\":{\"@id\":\"https:\\\/\\\/akerstroms.se\\\/#website\"},\"datePublished\":\"2021-10-01T12:59:04+00:00\",\"dateModified\":\"2026-04-02T09:39:39+00:00\",\"description\":\"\u00c5kerstr\u00f6ms remote control for vehicles and superstructures - vacuum trucks, tow trucks, and more. Tailored to your needs. Contact us today.\",\"breadcrumb\":{\"@id\":\"https:\\\/\\\/akerstroms.se\\\/en\\\/vehicles-superstructures\\\/#breadcrumb\"},\"inLanguage\":\"en-US\",\"potentialAction\":[{\"@type\":\"ReadAction\",\"target\":[\"https:\\\/\\\/akerstroms.se\\\/en\\\/vehicles-superstructures\\\/\"]}]},{\"@type\":\"BreadcrumbList\",\"@id\":\"https:\\\/\\\/akerstroms.se\\\/en\\\/vehicles-superstructures\\\/#breadcrumb\",\"itemListElement\":[{\"@type\":\"ListItem\",\"position\":1,\"name\":\"Home\",\"item\":\"https:\\\/\\\/akerstroms.se\\\/en\\\/\"},{\"@type\":\"ListItem\",\"position\":2,\"name\":\"Vehicles &#038; Superstructures\"}]},{\"@type\":\"WebSite\",\"@id\":\"https:\\\/\\\/akerstroms.se\\\/#website\",\"url\":\"https:\\\/\\\/akerstroms.se\\\/\",\"name\":\"\u00c5kerstr\u00f6ms Bj\u00f6rbo\",\"description\":\"Radiostyrning f\u00f6r industriella och mobila applikationer\",\"publisher\":{\"@id\":\"https:\\\/\\\/akerstroms.se\\\/#organization\"},\"potentialAction\":[{\"@type\":\"SearchAction\",\"target\":{\"@type\":\"EntryPoint\",\"urlTemplate\":\"https:\\\/\\\/akerstroms.se\\\/?s={search_term_string}\"},\"query-input\":{\"@type\":\"PropertyValueSpecification\",\"valueRequired\":true,\"valueName\":\"search_term_string\"}}],\"inLanguage\":\"en-US\"},{\"@type\":\"Organization\",\"@id\":\"https:\\\/\\\/akerstroms.se\\\/#organization\",\"name\":\"\u00c5kerstr\u00f6ms AB\",\"url\":\"https:\\\/\\\/akerstroms.se\\\/\",\"logo\":{\"@type\":\"ImageObject\",\"inLanguage\":\"en-US\",\"@id\":\"https:\\\/\\\/akerstroms.se\\\/#\\\/schema\\\/logo\\\/image\\\/\",\"url\":\"https:\\\/\\\/akerstroms.se\\\/app\\\/uploads\\\/2021\\\/10\\\/akerstroms-logo.png\",\"contentUrl\":\"https:\\\/\\\/akerstroms.se\\\/app\\\/uploads\\\/2021\\\/10\\\/akerstroms-logo.png\",\"width\":400,\"height\":86,\"caption\":\"\u00c5kerstr\u00f6ms AB\"},\"image\":{\"@id\":\"https:\\\/\\\/akerstroms.se\\\/#\\\/schema\\\/logo\\\/image\\\/\"},\"sameAs\":[\"https:\\\/\\\/www.facebook.com\\\/akerstroms.se\",\"https:\\\/\\\/www.linkedin.com\\\/company\\\/akerstroms\\\/\",\"https:\\\/\\\/www.youtube.com\\\/channel\\\/UC8S-jX9nA8c9qBaTlgqg1CQ\"]}]}<\/script>\n<!-- \/ Yoast SEO plugin. -->","yoast_head_json":{"title":"Remote Control for Vehicles and Superstructures | \u00c5kerstr\u00f6ms","description":"\u00c5kerstr\u00f6ms remote control for vehicles and superstructures - vacuum trucks, tow trucks, and more. Tailored to your needs. Contact us today.","robots":{"index":"index","follow":"follow","max-snippet":"max-snippet:-1","max-image-preview":"max-image-preview:large","max-video-preview":"max-video-preview:-1"},"canonical":"https:\/\/akerstroms.se\/en\/vehicles-superstructures\/","og_locale":"en_US","og_type":"article","og_title":"Remote Control for Vehicles and Superstructures | \u00c5kerstr\u00f6ms","og_description":"\u00c5kerstr\u00f6ms remote control for vehicles and superstructures - vacuum trucks, tow trucks, and more. Tailored to your needs. Contact us today.","og_url":"https:\/\/akerstroms.se\/en\/vehicles-superstructures\/","og_site_name":"\u00c5kerstr\u00f6ms Bj\u00f6rbo","article_publisher":"https:\/\/www.facebook.com\/akerstroms.se","article_modified_time":"2026-04-02T09:39:39+00:00","og_image":[{"width":1200,"height":675,"url":"https:\/\/akerstroms.se\/app\/uploads\/2021\/09\/Akerstroms-remote-controls.jpg","type":"image\/jpeg"}],"twitter_card":"summary_large_image","twitter_misc":{"Est. reading time":"1 minute"},"schema":{"@context":"https:\/\/schema.org","@graph":[{"@type":"WebPage","@id":"https:\/\/akerstroms.se\/en\/vehicles-superstructures\/","url":"https:\/\/akerstroms.se\/en\/vehicles-superstructures\/","name":"Remote Control for Vehicles and Superstructures | \u00c5kerstr\u00f6ms","isPartOf":{"@id":"https:\/\/akerstroms.se\/#website"},"datePublished":"2021-10-01T12:59:04+00:00","dateModified":"2026-04-02T09:39:39+00:00","description":"\u00c5kerstr\u00f6ms remote control for vehicles and superstructures - vacuum trucks, tow trucks, and more. Tailored to your needs. Contact us today.","breadcrumb":{"@id":"https:\/\/akerstroms.se\/en\/vehicles-superstructures\/#breadcrumb"},"inLanguage":"en-US","potentialAction":[{"@type":"ReadAction","target":["https:\/\/akerstroms.se\/en\/vehicles-superstructures\/"]}]},{"@type":"BreadcrumbList","@id":"https:\/\/akerstroms.se\/en\/vehicles-superstructures\/#breadcrumb","itemListElement":[{"@type":"ListItem","position":1,"name":"Home","item":"https:\/\/akerstroms.se\/en\/"},{"@type":"ListItem","position":2,"name":"Vehicles &#038; Superstructures"}]},{"@type":"WebSite","@id":"https:\/\/akerstroms.se\/#website","url":"https:\/\/akerstroms.se\/","name":"\u00c5kerstr\u00f6ms Bj\u00f6rbo","description":"Radiostyrning f\u00f6r industriella och mobila applikationer","publisher":{"@id":"https:\/\/akerstroms.se\/#organization"},"potentialAction":[{"@type":"SearchAction","target":{"@type":"EntryPoint","urlTemplate":"https:\/\/akerstroms.se\/?s={search_term_string}"},"query-input":{"@type":"PropertyValueSpecification","valueRequired":true,"valueName":"search_term_string"}}],"inLanguage":"en-US"},{"@type":"Organization","@id":"https:\/\/akerstroms.se\/#organization","name":"\u00c5kerstr\u00f6ms AB","url":"https:\/\/akerstroms.se\/","logo":{"@type":"ImageObject","inLanguage":"en-US","@id":"https:\/\/akerstroms.se\/#\/schema\/logo\/image\/","url":"https:\/\/akerstroms.se\/app\/uploads\/2021\/10\/akerstroms-logo.png","contentUrl":"https:\/\/akerstroms.se\/app\/uploads\/2021\/10\/akerstroms-logo.png","width":400,"height":86,"caption":"\u00c5kerstr\u00f6ms AB"},"image":{"@id":"https:\/\/akerstroms.se\/#\/schema\/logo\/image\/"},"sameAs":["https:\/\/www.facebook.com\/akerstroms.se","https:\/\/www.linkedin.com\/company\/akerstroms\/","https:\/\/www.youtube.com\/channel\/UC8S-jX9nA8c9qBaTlgqg1CQ"]}]}},"_links":{"self":[{"href":"https:\/\/akerstroms.se\/en\/wp-json\/wp\/v2\/pages\/10662","targetHints":{"allow":["GET"]}}],"collection":[{"href":"https:\/\/akerstroms.se\/en\/wp-json\/wp\/v2\/pages"}],"about":[{"href":"https:\/\/akerstroms.se\/en\/wp-json\/wp\/v2\/types\/page"}],"author":[{"embeddable":true,"href":"https:\/\/akerstroms.se\/en\/wp-json\/wp\/v2\/users\/1"}],"replies":[{"embeddable":true,"href":"https:\/\/akerstroms.se\/en\/wp-json\/wp\/v2\/comments?post=10662"}],"version-history":[{"count":16,"href":"https:\/\/akerstroms.se\/en\/wp-json\/wp\/v2\/pages\/10662\/revisions"}],"predecessor-version":[{"id":24407,"href":"https:\/\/akerstroms.se\/en\/wp-json\/wp\/v2\/pages\/10662\/revisions\/24407"}],"wp:attachment":[{"href":"https:\/\/akerstroms.se\/en\/wp-json\/wp\/v2\/media?parent=10662"}],"curies":[{"name":"wp","href":"https:\/\/api.w.org\/{rel}","templated":true}]}}