{"id":10659,"date":"2021-10-01T14:58:50","date_gmt":"2021-10-01T12:58:50","guid":{"rendered":"https:\/\/akerstroms.se\/user-manuals-for-remotus\/"},"modified":"2025-10-15T10:46:46","modified_gmt":"2025-10-15T08:46:46","slug":"user-manuals-for-remotus","status":"publish","type":"page","link":"https:\/\/akerstroms.se\/en\/user-manuals-for-remotus\/","title":{"rendered":"User manuals for Remotus"},"content":{"rendered":"\n<figure class=\"wp-block-image alignwide size-large\"><img loading=\"lazy\" decoding=\"async\" width=\"700\" height=\"255\" src=\"https:\/\/akerstroms.se\/app\/uploads\/2021\/05\/miljobild-industriell-radiostyrning-bildspel-1-700x255.jpg\" alt=\"\" class=\"wp-image-7711\" srcset=\"https:\/\/akerstroms.se\/app\/uploads\/2021\/05\/miljobild-industriell-radiostyrning-bildspel-1-700x255.jpg 700w, https:\/\/akerstroms.se\/app\/uploads\/2021\/05\/miljobild-industriell-radiostyrning-bildspel-1-300x109.jpg 300w, https:\/\/akerstroms.se\/app\/uploads\/2021\/05\/miljobild-industriell-radiostyrning-bildspel-1-600x218.jpg 600w, https:\/\/akerstroms.se\/app\/uploads\/2021\/05\/miljobild-industriell-radiostyrning-bildspel-1-250x91.jpg 250w, https:\/\/akerstroms.se\/app\/uploads\/2021\/05\/miljobild-industriell-radiostyrning-bildspel-1-768x279.jpg 768w, https:\/\/akerstroms.se\/app\/uploads\/2021\/05\/miljobild-industriell-radiostyrning-bildspel-1-120x44.jpg 120w, https:\/\/akerstroms.se\/app\/uploads\/2021\/05\/miljobild-industriell-radiostyrning-bildspel-1-540x196.jpg 540w, https:\/\/akerstroms.se\/app\/uploads\/2021\/05\/miljobild-industriell-radiostyrning-bildspel-1.jpg 1100w\" sizes=\"auto, (max-width: 700px) 100vw, 700px\" \/><\/figure>\n\n\n\n<h1 class=\"wp-block-heading has-text-align-center\" id=\"h-manuals-for-remotus\">Manuals for Remotus<\/h1>\n\n\n\n<p class=\"has-text-align-center\"><strong>Here you will find the latest operating manuals for standard Remotus and accessories.<\/strong><\/p>\n\n\n\n<div style=\"height:46px\" aria-hidden=\"true\" class=\"wp-block-spacer\"><\/div>\n\n\n\n<div class=\"wp-block-group\"><div class=\"wp-block-group__inner-container is-layout-constrained wp-block-group-is-layout-constrained\">\n<div class=\"wp-block-group\"><div class=\"wp-block-group__inner-container is-layout-constrained wp-block-group-is-layout-constrained\"><\/div><\/div>\n<\/div><\/div>\n\n\n\n<h2 class=\"wp-block-heading has-large-font-size\" id=\"h-remotus-standard-system-jupiter-fsk16\"><mark style=\"background-color:rgba(0, 0, 0, 0)\" class=\"has-inline-color has-black-color\">Remotus standard system<\/mark><\/h2>\n\n\n\n<p class=\"has-medium-font-size\"><mark style=\"background-color:rgba(0, 0, 0, 0)\" class=\"has-inline-color has-black-color\"><strong>Operating manuals (Jupiter FSK16)<\/strong><\/mark><\/p>\n\n\n\n<p class=\"has-small-font-size\">Applies to products with the following part.no: <strong>MC110\/Era100<\/strong> (953949-000, 953950-000, 959003-000), <strong>AQ80\/Era4\/6\/8B<\/strong> (954124-000, 954125-000, 953948-000), <strong>TX50\/10BD<\/strong> (954286-000).<\/p>\n\n\n\n<h3 class=\"wp-block-heading has-black-color has-text-color has-small-font-size\"><strong>Era 100 (MC110)<\/strong> &#8211; 959125-300 version A0<\/h3>\n\n\n\n<div class=\"wp-block-buttons has-custom-font-size has-small-font-size is-horizontal is-content-justification-left is-layout-flex wp-container-core-buttons-is-layout-7e5fce0a wp-block-buttons-is-layout-flex\">\n<div class=\"wp-block-button\"><a class=\"wp-block-button__link wp-element-button\" href=\"https:\/\/akerstroms.se\/app\/uploads\/2023\/04\/959125-300-EN-SV-J-ERA-100-FSK16-A0.pdf\" target=\"_blank\" rel=\"noreferrer noopener\">EN\/SV<\/a><\/div>\n\n\n\n<div class=\"wp-block-button\"><a class=\"wp-block-button__link wp-element-button\" href=\"https:\/\/akerstroms.se\/app\/uploads\/2023\/04\/959125-300-DE-J-ERA-100-FSK16-A0.pdf\" target=\"_blank\" rel=\"noreferrer noopener\">DE<\/a><\/div>\n\n\n\n<div class=\"wp-block-button\"><a class=\"wp-block-button__link wp-element-button\" href=\"https:\/\/akerstroms.se\/app\/uploads\/2024\/03\/959125-300-ES-J-ERA-100-FSK16-A0.pdf\" target=\"_blank\" rel=\"noreferrer noopener\">ES<\/a><\/div>\n\n\n\n<div class=\"wp-block-button\"><a class=\"wp-block-button__link wp-element-button\" href=\"https:\/\/akerstroms.se\/app\/uploads\/2024\/08\/959125-300-CZ-J-ERA-100-FSK16-A0.pdf\" target=\"_blank\" rel=\"noreferrer noopener\">CZ<\/a><\/div>\n<\/div>\n\n\n\n<h3 class=\"wp-block-heading has-black-color has-text-color has-small-font-size\"><strong>Era 100 (MC110) Configurable<\/strong>  &#8211; 959125-301 version A0<\/h3>\n\n\n\n<div class=\"wp-block-buttons has-custom-font-size has-small-font-size is-horizontal is-content-justification-left is-layout-flex wp-container-core-buttons-is-layout-7e5fce0a wp-block-buttons-is-layout-flex\">\n<div class=\"wp-block-button\"><a class=\"wp-block-button__link wp-element-button\" href=\"https:\/\/akerstroms.se\/app\/uploads\/2023\/04\/959125-301-EN-SV-J-ERA-100-Configurable-FSK16-A0.pdf\" target=\"_blank\" rel=\"noreferrer noopener\">EN\/SV<\/a><\/div>\n\n\n\n<div class=\"wp-block-button\"><a class=\"wp-block-button__link wp-element-button\" href=\"https:\/\/akerstroms.se\/app\/uploads\/2023\/04\/959125-301-DE-J-ERA-100-Configurable-FSK16-A0.pdf\" target=\"_blank\" rel=\"noreferrer noopener\">DE<\/a><\/div>\n\n\n\n<div class=\"wp-block-button\"><a class=\"wp-block-button__link wp-element-button\" href=\"https:\/\/akerstroms.se\/app\/uploads\/2024\/08\/959125-301-CZ-J-ERA-100-Configurable-FSK16-A0.pdf\" target=\"_blank\" rel=\"noreferrer noopener\">CZ<\/a><\/div>\n<\/div>\n\n\n\n<h3 class=\"wp-block-heading has-black-color has-text-color has-small-font-size\"><strong>Era 4\/6\/8B (AQ80), 10BD (TX50)<\/strong> &#8211; 959125-302 version A1<\/h3>\n\n\n\n<div class=\"wp-block-buttons has-custom-font-size has-small-font-size is-horizontal is-content-justification-left is-layout-flex wp-container-core-buttons-is-layout-7e5fce0a wp-block-buttons-is-layout-flex\">\n<div class=\"wp-block-button\"><a class=\"wp-block-button__link wp-element-button\" href=\"https:\/\/akerstroms.se\/app\/uploads\/2023\/09\/959125-302-EN-SV-J-ERA-4-6-8B_10BD-FSK16-A1.pdf\" target=\"_blank\" rel=\"noreferrer noopener\">EN\/SV<\/a><\/div>\n\n\n\n<div class=\"wp-block-button\"><a class=\"wp-block-button__link wp-element-button\" href=\"https:\/\/akerstroms.se\/app\/uploads\/2023\/09\/959125-302-DA-J-ERA-4-6-8B_10BD-FSK16-A1.pdf\" target=\"_blank\" rel=\"noreferrer noopener\">DA<\/a><\/div>\n\n\n\n<div class=\"wp-block-button\"><a class=\"wp-block-button__link wp-element-button\" href=\"https:\/\/akerstroms.se\/app\/uploads\/2023\/09\/959125-302-DE-J-ERA-4-6-8B_10BD-FSK16-A1.pdf\" target=\"_blank\" rel=\"noreferrer noopener\">DE<\/a><\/div>\n\n\n\n<div class=\"wp-block-button\"><a class=\"wp-block-button__link wp-element-button\" href=\"https:\/\/akerstroms.se\/app\/uploads\/2023\/09\/959125-302-NL-J-ERA-4-6-8B_10BD-FSK16-A1.pdf\" target=\"_blank\" rel=\"noreferrer noopener\">NL<\/a><\/div>\n\n\n\n<div class=\"wp-block-button\"><a class=\"wp-block-button__link wp-element-button\" href=\"https:\/\/akerstroms.se\/app\/uploads\/2023\/11\/959125-302-LV-J-ERA-4-6-8B_10BD-FSK16-A1.pdf\" target=\"_blank\" rel=\"noreferrer noopener\">LV<\/a><\/div>\n\n\n\n<div class=\"wp-block-button\"><a class=\"wp-block-button__link wp-element-button\" href=\"https:\/\/akerstroms.se\/app\/uploads\/2024\/02\/959125-302-PL-J-ERA-4-6-8B_10BD-FSK16-A1.pdf\" target=\"_blank\" rel=\"noreferrer noopener\">PL<\/a><\/div>\n\n\n\n<div class=\"wp-block-button\"><a class=\"wp-block-button__link wp-element-button\" href=\"https:\/\/akerstroms.se\/app\/uploads\/2024\/02\/959125-302-FR-J-ERA-4-6-8B_10BD-FSK16-A1.pdf\" target=\"_blank\" rel=\"noreferrer noopener\">FR<\/a><\/div>\n\n\n\n<div class=\"wp-block-button\"><a class=\"wp-block-button__link wp-element-button\" href=\"https:\/\/akerstroms.se\/app\/uploads\/2024\/03\/959125-302-ES-J-ERA-4-6-8B_10BD-FSK16-A1-1.pdf\" target=\"_blank\" rel=\"noreferrer noopener\">ES<\/a><\/div>\n\n\n\n<div class=\"wp-block-button\"><a class=\"wp-block-button__link wp-element-button\" href=\"https:\/\/akerstroms.se\/app\/uploads\/2024\/08\/959125-302-CZ-J-ERA-4-6-8B_10BD-FSK16-A1.pdf\" target=\"_blank\" rel=\"noreferrer noopener\">CZ<\/a><\/div>\n<\/div>\n\n\n\n<p><br><mark style=\"background-color:rgba(0, 0, 0, 0)\" class=\"has-inline-color has-black-color\"><strong>Operating manuals (T-Rx Std. FSK16)<\/strong><\/mark><\/p>\n\n\n\n<p class=\"has-small-font-size\">Applies to products with the following part.no: <strong>AQ80\/Era 6\/8B<\/strong> (960360-000, 960365-000, 960082-433, 960383-433), <strong>TX55\/12BD<\/strong> (960367-000, 960381-433), <strong>TX52\/12B<\/strong> (960368-000, 960385-433).<\/p>\n\n\n\n<p class=\"has-small-font-size\"><strong><strong>Era 6\/8B (AQ80), 12BD (TX55), 12B (TX52)<\/strong><\/strong> &#8211; 960200-100 version B1<\/p>\n\n\n\n<div class=\"wp-block-buttons has-custom-font-size has-small-font-size is-horizontal is-content-justification-left is-layout-flex wp-container-core-buttons-is-layout-7e5fce0a wp-block-buttons-is-layout-flex\">\n<div class=\"wp-block-button\"><a class=\"wp-block-button__link wp-element-button\" href=\"https:\/\/akerstroms.se\/app\/uploads\/2025\/08\/960200-100-Oper-man-T-Rx-Std-EN-SV-B1.pdf\" target=\"_blank\" rel=\"noreferrer noopener\">EN\/SV<\/a><\/div>\n\n\n\n<div class=\"wp-block-button\"><a class=\"wp-block-button__link wp-element-button\" href=\"https:\/\/akerstroms.se\/app\/uploads\/2025\/08\/960200-100-Oper-man-T-Rx-Std-DA-B1.pdf\" target=\"_blank\" rel=\"noreferrer noopener\">DA<\/a><\/div>\n\n\n\n<div class=\"wp-block-button\"><a class=\"wp-block-button__link wp-element-button\" href=\"https:\/\/akerstroms.se\/app\/uploads\/2025\/08\/960200-100-Oper-man-T-Rx-Std-DE-B1.pdf\" target=\"_blank\" rel=\"noreferrer noopener\">DE<\/a><\/div>\n\n\n\n<div class=\"wp-block-button\"><a class=\"wp-block-button__link wp-element-button\" href=\"https:\/\/akerstroms.se\/app\/uploads\/2025\/08\/960200-100-Oper-man-T-Rx-Std-NL-B1.pdf\" target=\"_blank\" rel=\"noreferrer noopener\">NL<\/a><\/div>\n\n\n\n<div class=\"wp-block-button\"><a class=\"wp-block-button__link wp-element-button\" href=\"https:\/\/akerstroms.se\/app\/uploads\/2025\/08\/960200-100-Oper-man-T-Rx-Std-FI-B1-1.pdf\" target=\"_blank\" rel=\"noreferrer noopener\">FI<\/a><\/div>\n\n\n\n<div class=\"wp-block-button\"><a class=\"wp-block-button__link wp-element-button\" href=\"https:\/\/akerstroms.se\/app\/uploads\/2025\/08\/960200-100-Oper-man-T-Rx-Std-PL-B1.pdf\" target=\"_blank\" rel=\"noreferrer noopener\">PL<\/a><\/div>\n\n\n\n<div class=\"wp-block-button\"><a class=\"wp-block-button__link wp-element-button\" href=\"https:\/\/akerstroms.se\/app\/uploads\/2025\/08\/960200-100-Oper-man-T-Rx-Std-FR-B1.pdf\" target=\"_blank\" rel=\"noreferrer noopener\">FR<\/a><\/div>\n<\/div>\n\n\n\n<div style=\"height:30px\" aria-hidden=\"true\" class=\"wp-block-spacer\"><\/div>\n\n\n\n<p><mark style=\"background-color:rgba(0, 0, 0, 0)\" class=\"has-inline-color has-black-color\"><strong>User manuals (Jupiter FSK12)<\/strong><\/mark><\/p>\n\n\n\n<div class=\"wp-block-file\"><a id=\"wp-block-file--media-5efab760-61ec-45e8-b04e-c1df2b639708\" href=\"https:\/\/akerstroms.se\/app\/uploads\/2021\/08\/OPERATING_MANUAL_ANVANDARMANUAL_JUPITER_ERA_468B_2270_-_950455-000_ENSV_PDF_-_C0.pdf\">User manual REMOTUS JUPITER ERA 8B\/6B\/4B &#8211; 950455-000 ver C0 (2.3 Mb)<\/a><\/div>\n\n\n\n<div class=\"wp-block-file\"><a id=\"wp-block-file--media-58793442-49dc-4844-b116-79070232fb26\" href=\"https:\/\/akerstroms.se\/app\/uploads\/2021\/08\/OPERATING_MANUAL_J_Era_90-100-150J_engelska-svenska_2270_-_950457-000_ENSV_PDF_-_A0.pdf\">User manual REMOTUS JUPITER ERA 90\/100\/150 &#8211; 950457-000 ver A0 (2.3 Mb)<\/a><\/div>\n\n\n\n<div class=\"wp-block-file\"><a id=\"wp-block-file--media-2d61b841-9e2b-4f47-b123-ca796ded7760\" href=\"https:\/\/akerstroms.se\/app\/uploads\/2021\/08\/Operating_manual_JUPITER_800900_8B9BRS10B_FSK12_2270_-_948682-000_ENSV_PDF_-_B0.pdf\">User manual REMOTUS JUPITER 8B\/9B\/10B &#8211; 948682-000 (2.7 Mb)<\/a><\/div>\n\n\n\n<div class=\"wp-block-file\"><a id=\"wp-block-file--media-a3e47be0-fc47-435d-8a66-146186a1c48f\" href=\"https:\/\/akerstroms.se\/app\/uploads\/2021\/08\/Operating_manual_Anvandarmanual_JUPITER_800900_100J150J_FSK12_2270_-_948681-000_ENSV_PDF_-_A2.pdf\">User manual REMOTUS JUPITER 100\/150 &#8211; 948681-000 (1.9 Mb)<\/a><\/div>\n\n\n\n<p><br><strong>User manuals for chargers and batteries<\/strong><\/p>\n\n\n\n<div class=\"wp-block-file\"><a id=\"wp-block-file--media-e034a8be-a35c-4153-b4f7-704420169e7e\" href=\"https:\/\/akerstroms.se\/app\/uploads\/2023\/01\/Remotus-CH650-949035-MANUAL-A1.pdf\">User manual REMOTUS CHARGER-CH650-949035-MANUAL-A1<\/a><\/div>\n\n\n\n<div class=\"wp-block-file\"><a id=\"wp-block-file--media-62a6e606-7cf8-4440-9c4a-1b552b1d14d7\" href=\"https:\/\/akerstroms.se\/app\/uploads\/2023\/03\/946635-000-Charger_instructions-ENSV-C1.pdf\">Charger instruction 946635-000-EN SV-C1<\/a><\/div>\n\n\n\n<div style=\"height:100px\" aria-hidden=\"true\" class=\"wp-block-spacer\"><\/div>\n\n\n\n<p>There are also user manuals for <a href=\"https:\/\/akerstroms.se\/en\/user-manuals-for-sesam\/\">SESAM<\/a>, our family of robust radio controlled products for industrial and mobile use.<\/p>\n","protected":false},"excerpt":{"rendered":"<p>Manuals for Remotus Here you will find the latest operating manuals for standard Remotus and accessories. Remotus standard system Operating manuals (Jupiter FSK16) Applies to&#8230;<\/p>\n","protected":false},"author":1,"featured_media":0,"parent":0,"menu_order":0,"comment_status":"closed","ping_status":"closed","template":"templates\/page-text-page.php","meta":{"_acf_changed":false,"footnotes":""},"class_list":["post-10659","page","type-page","status-publish","hentry"],"acf":[],"yoast_head":"<!-- This site is optimized with the Yoast SEO plugin v27.4 - https:\/\/yoast.com\/product\/yoast-seo-wordpress\/ -->\n<title>User manuals for Remotus - \u00c5kerstr\u00f6ms Bj\u00f6rbo<\/title>\n<meta name=\"description\" content=\"Here you will find the latest manuals and instructions for Remotus. These documents explain installation, configuration and more.\" \/>\n<meta name=\"robots\" content=\"index, follow, max-snippet:-1, max-image-preview:large, max-video-preview:-1\" \/>\n<link rel=\"canonical\" href=\"https:\/\/akerstroms.se\/en\/user-manuals-for-remotus\/\" \/>\n<meta property=\"og:locale\" content=\"en_US\" \/>\n<meta property=\"og:type\" content=\"article\" \/>\n<meta property=\"og:title\" content=\"User manuals for Remotus - \u00c5kerstr\u00f6ms Bj\u00f6rbo\" \/>\n<meta property=\"og:description\" content=\"Here you will find the latest manuals and instructions for Remotus. These documents explain installation, configuration and more.\" \/>\n<meta property=\"og:url\" content=\"https:\/\/akerstroms.se\/en\/user-manuals-for-remotus\/\" \/>\n<meta property=\"og:site_name\" content=\"\u00c5kerstr\u00f6ms Bj\u00f6rbo\" \/>\n<meta property=\"article:publisher\" content=\"https:\/\/www.facebook.com\/akerstroms.se\" \/>\n<meta property=\"article:modified_time\" content=\"2025-10-15T08:46:46+00:00\" \/>\n<meta property=\"og:image\" content=\"https:\/\/akerstroms.se\/app\/uploads\/2021\/05\/miljobild-industriell-radiostyrning-bildspel-1.jpg\" \/>\n\t<meta property=\"og:image:width\" content=\"1100\" \/>\n\t<meta property=\"og:image:height\" content=\"400\" \/>\n\t<meta property=\"og:image:type\" content=\"image\/jpeg\" \/>\n<meta name=\"twitter:card\" content=\"summary_large_image\" \/>\n<meta name=\"twitter:label1\" content=\"Est. reading time\" \/>\n\t<meta name=\"twitter:data1\" content=\"2 minutes\" \/>\n<script type=\"application\/ld+json\" class=\"yoast-schema-graph\">{\"@context\":\"https:\\\/\\\/schema.org\",\"@graph\":[{\"@type\":\"WebPage\",\"@id\":\"https:\\\/\\\/akerstroms.se\\\/en\\\/user-manuals-for-remotus\\\/\",\"url\":\"https:\\\/\\\/akerstroms.se\\\/en\\\/user-manuals-for-remotus\\\/\",\"name\":\"User manuals for Remotus - \u00c5kerstr\u00f6ms Bj\u00f6rbo\",\"isPartOf\":{\"@id\":\"https:\\\/\\\/akerstroms.se\\\/#website\"},\"primaryImageOfPage\":{\"@id\":\"https:\\\/\\\/akerstroms.se\\\/en\\\/user-manuals-for-remotus\\\/#primaryimage\"},\"image\":{\"@id\":\"https:\\\/\\\/akerstroms.se\\\/en\\\/user-manuals-for-remotus\\\/#primaryimage\"},\"thumbnailUrl\":\"https:\\\/\\\/akerstroms.se\\\/app\\\/uploads\\\/2021\\\/05\\\/miljobild-industriell-radiostyrning-bildspel-1-700x255.jpg\",\"datePublished\":\"2021-10-01T12:58:50+00:00\",\"dateModified\":\"2025-10-15T08:46:46+00:00\",\"description\":\"Here you will find the latest manuals and instructions for Remotus. These documents explain installation, configuration and more.\",\"breadcrumb\":{\"@id\":\"https:\\\/\\\/akerstroms.se\\\/en\\\/user-manuals-for-remotus\\\/#breadcrumb\"},\"inLanguage\":\"en-US\",\"potentialAction\":[{\"@type\":\"ReadAction\",\"target\":[\"https:\\\/\\\/akerstroms.se\\\/en\\\/user-manuals-for-remotus\\\/\"]}]},{\"@type\":\"ImageObject\",\"inLanguage\":\"en-US\",\"@id\":\"https:\\\/\\\/akerstroms.se\\\/en\\\/user-manuals-for-remotus\\\/#primaryimage\",\"url\":\"https:\\\/\\\/akerstroms.se\\\/app\\\/uploads\\\/2021\\\/05\\\/miljobild-industriell-radiostyrning-bildspel-1-700x255.jpg\",\"contentUrl\":\"https:\\\/\\\/akerstroms.se\\\/app\\\/uploads\\\/2021\\\/05\\\/miljobild-industriell-radiostyrning-bildspel-1-700x255.jpg\"},{\"@type\":\"BreadcrumbList\",\"@id\":\"https:\\\/\\\/akerstroms.se\\\/en\\\/user-manuals-for-remotus\\\/#breadcrumb\",\"itemListElement\":[{\"@type\":\"ListItem\",\"position\":1,\"name\":\"Home\",\"item\":\"https:\\\/\\\/akerstroms.se\\\/en\\\/\"},{\"@type\":\"ListItem\",\"position\":2,\"name\":\"User manuals for Remotus\"}]},{\"@type\":\"WebSite\",\"@id\":\"https:\\\/\\\/akerstroms.se\\\/#website\",\"url\":\"https:\\\/\\\/akerstroms.se\\\/\",\"name\":\"\u00c5kerstr\u00f6ms Bj\u00f6rbo\",\"description\":\"Radiostyrning f\u00f6r industriella och mobila applikationer\",\"publisher\":{\"@id\":\"https:\\\/\\\/akerstroms.se\\\/#organization\"},\"potentialAction\":[{\"@type\":\"SearchAction\",\"target\":{\"@type\":\"EntryPoint\",\"urlTemplate\":\"https:\\\/\\\/akerstroms.se\\\/?s={search_term_string}\"},\"query-input\":{\"@type\":\"PropertyValueSpecification\",\"valueRequired\":true,\"valueName\":\"search_term_string\"}}],\"inLanguage\":\"en-US\"},{\"@type\":\"Organization\",\"@id\":\"https:\\\/\\\/akerstroms.se\\\/#organization\",\"name\":\"\u00c5kerstr\u00f6ms AB\",\"url\":\"https:\\\/\\\/akerstroms.se\\\/\",\"logo\":{\"@type\":\"ImageObject\",\"inLanguage\":\"en-US\",\"@id\":\"https:\\\/\\\/akerstroms.se\\\/#\\\/schema\\\/logo\\\/image\\\/\",\"url\":\"https:\\\/\\\/akerstroms.se\\\/app\\\/uploads\\\/2021\\\/10\\\/akerstroms-logo.png\",\"contentUrl\":\"https:\\\/\\\/akerstroms.se\\\/app\\\/uploads\\\/2021\\\/10\\\/akerstroms-logo.png\",\"width\":400,\"height\":86,\"caption\":\"\u00c5kerstr\u00f6ms AB\"},\"image\":{\"@id\":\"https:\\\/\\\/akerstroms.se\\\/#\\\/schema\\\/logo\\\/image\\\/\"},\"sameAs\":[\"https:\\\/\\\/www.facebook.com\\\/akerstroms.se\",\"https:\\\/\\\/www.linkedin.com\\\/company\\\/akerstroms\\\/\",\"https:\\\/\\\/www.youtube.com\\\/channel\\\/UC8S-jX9nA8c9qBaTlgqg1CQ\"]}]}<\/script>\n<!-- \/ Yoast SEO plugin. -->","yoast_head_json":{"title":"User manuals for Remotus - \u00c5kerstr\u00f6ms Bj\u00f6rbo","description":"Here you will find the latest manuals and instructions for Remotus. These documents explain installation, configuration and more.","robots":{"index":"index","follow":"follow","max-snippet":"max-snippet:-1","max-image-preview":"max-image-preview:large","max-video-preview":"max-video-preview:-1"},"canonical":"https:\/\/akerstroms.se\/en\/user-manuals-for-remotus\/","og_locale":"en_US","og_type":"article","og_title":"User manuals for Remotus - \u00c5kerstr\u00f6ms Bj\u00f6rbo","og_description":"Here you will find the latest manuals and instructions for Remotus. These documents explain installation, configuration and more.","og_url":"https:\/\/akerstroms.se\/en\/user-manuals-for-remotus\/","og_site_name":"\u00c5kerstr\u00f6ms Bj\u00f6rbo","article_publisher":"https:\/\/www.facebook.com\/akerstroms.se","article_modified_time":"2025-10-15T08:46:46+00:00","og_image":[{"width":1100,"height":400,"url":"https:\/\/akerstroms.se\/app\/uploads\/2021\/05\/miljobild-industriell-radiostyrning-bildspel-1.jpg","type":"image\/jpeg"}],"twitter_card":"summary_large_image","twitter_misc":{"Est. reading time":"2 minutes"},"schema":{"@context":"https:\/\/schema.org","@graph":[{"@type":"WebPage","@id":"https:\/\/akerstroms.se\/en\/user-manuals-for-remotus\/","url":"https:\/\/akerstroms.se\/en\/user-manuals-for-remotus\/","name":"User manuals for Remotus - \u00c5kerstr\u00f6ms Bj\u00f6rbo","isPartOf":{"@id":"https:\/\/akerstroms.se\/#website"},"primaryImageOfPage":{"@id":"https:\/\/akerstroms.se\/en\/user-manuals-for-remotus\/#primaryimage"},"image":{"@id":"https:\/\/akerstroms.se\/en\/user-manuals-for-remotus\/#primaryimage"},"thumbnailUrl":"https:\/\/akerstroms.se\/app\/uploads\/2021\/05\/miljobild-industriell-radiostyrning-bildspel-1-700x255.jpg","datePublished":"2021-10-01T12:58:50+00:00","dateModified":"2025-10-15T08:46:46+00:00","description":"Here you will find the latest manuals and instructions for Remotus. These documents explain installation, configuration and more.","breadcrumb":{"@id":"https:\/\/akerstroms.se\/en\/user-manuals-for-remotus\/#breadcrumb"},"inLanguage":"en-US","potentialAction":[{"@type":"ReadAction","target":["https:\/\/akerstroms.se\/en\/user-manuals-for-remotus\/"]}]},{"@type":"ImageObject","inLanguage":"en-US","@id":"https:\/\/akerstroms.se\/en\/user-manuals-for-remotus\/#primaryimage","url":"https:\/\/akerstroms.se\/app\/uploads\/2021\/05\/miljobild-industriell-radiostyrning-bildspel-1-700x255.jpg","contentUrl":"https:\/\/akerstroms.se\/app\/uploads\/2021\/05\/miljobild-industriell-radiostyrning-bildspel-1-700x255.jpg"},{"@type":"BreadcrumbList","@id":"https:\/\/akerstroms.se\/en\/user-manuals-for-remotus\/#breadcrumb","itemListElement":[{"@type":"ListItem","position":1,"name":"Home","item":"https:\/\/akerstroms.se\/en\/"},{"@type":"ListItem","position":2,"name":"User manuals for Remotus"}]},{"@type":"WebSite","@id":"https:\/\/akerstroms.se\/#website","url":"https:\/\/akerstroms.se\/","name":"\u00c5kerstr\u00f6ms Bj\u00f6rbo","description":"Radiostyrning f\u00f6r industriella och mobila applikationer","publisher":{"@id":"https:\/\/akerstroms.se\/#organization"},"potentialAction":[{"@type":"SearchAction","target":{"@type":"EntryPoint","urlTemplate":"https:\/\/akerstroms.se\/?s={search_term_string}"},"query-input":{"@type":"PropertyValueSpecification","valueRequired":true,"valueName":"search_term_string"}}],"inLanguage":"en-US"},{"@type":"Organization","@id":"https:\/\/akerstroms.se\/#organization","name":"\u00c5kerstr\u00f6ms AB","url":"https:\/\/akerstroms.se\/","logo":{"@type":"ImageObject","inLanguage":"en-US","@id":"https:\/\/akerstroms.se\/#\/schema\/logo\/image\/","url":"https:\/\/akerstroms.se\/app\/uploads\/2021\/10\/akerstroms-logo.png","contentUrl":"https:\/\/akerstroms.se\/app\/uploads\/2021\/10\/akerstroms-logo.png","width":400,"height":86,"caption":"\u00c5kerstr\u00f6ms AB"},"image":{"@id":"https:\/\/akerstroms.se\/#\/schema\/logo\/image\/"},"sameAs":["https:\/\/www.facebook.com\/akerstroms.se","https:\/\/www.linkedin.com\/company\/akerstroms\/","https:\/\/www.youtube.com\/channel\/UC8S-jX9nA8c9qBaTlgqg1CQ"]}]}},"_links":{"self":[{"href":"https:\/\/akerstroms.se\/en\/wp-json\/wp\/v2\/pages\/10659","targetHints":{"allow":["GET"]}}],"collection":[{"href":"https:\/\/akerstroms.se\/en\/wp-json\/wp\/v2\/pages"}],"about":[{"href":"https:\/\/akerstroms.se\/en\/wp-json\/wp\/v2\/types\/page"}],"author":[{"embeddable":true,"href":"https:\/\/akerstroms.se\/en\/wp-json\/wp\/v2\/users\/1"}],"replies":[{"embeddable":true,"href":"https:\/\/akerstroms.se\/en\/wp-json\/wp\/v2\/comments?post=10659"}],"version-history":[{"count":33,"href":"https:\/\/akerstroms.se\/en\/wp-json\/wp\/v2\/pages\/10659\/revisions"}],"predecessor-version":[{"id":23065,"href":"https:\/\/akerstroms.se\/en\/wp-json\/wp\/v2\/pages\/10659\/revisions\/23065"}],"wp:attachment":[{"href":"https:\/\/akerstroms.se\/en\/wp-json\/wp\/v2\/media?parent=10659"}],"curies":[{"name":"wp","href":"https:\/\/api.w.org\/{rel}","templated":true}]}}