{"id":10658,"date":"2021-10-01T14:58:46","date_gmt":"2021-10-01T12:58:46","guid":{"rendered":"https:\/\/akerstroms.se\/user-manuals-for-sesam\/"},"modified":"2026-04-01T10:41:42","modified_gmt":"2026-04-01T08:41:42","slug":"user-manuals-for-sesam","status":"publish","type":"page","link":"https:\/\/akerstroms.se\/en\/user-manuals-for-sesam\/","title":{"rendered":"User manuals for Sesam"},"content":{"rendered":"\n<figure class=\"wp-block-image alignwide size-large\"><img loading=\"lazy\" decoding=\"async\" width=\"700\" height=\"243\" src=\"https:\/\/akerstroms.se\/app\/uploads\/2021\/06\/L99-distribution-warehouse-700x243.jpg\" alt=\"Sesam for industrial gates\" class=\"wp-image-8054\" srcset=\"https:\/\/akerstroms.se\/app\/uploads\/2021\/06\/L99-distribution-warehouse-700x243.jpg 700w, https:\/\/akerstroms.se\/app\/uploads\/2021\/06\/L99-distribution-warehouse-300x104.jpg 300w, https:\/\/akerstroms.se\/app\/uploads\/2021\/06\/L99-distribution-warehouse-600x209.jpg 600w, https:\/\/akerstroms.se\/app\/uploads\/2021\/06\/L99-distribution-warehouse-250x87.jpg 250w, https:\/\/akerstroms.se\/app\/uploads\/2021\/06\/L99-distribution-warehouse-768x267.jpg 768w, https:\/\/akerstroms.se\/app\/uploads\/2021\/06\/L99-distribution-warehouse-120x42.jpg 120w, https:\/\/akerstroms.se\/app\/uploads\/2021\/06\/L99-distribution-warehouse-540x188.jpg 540w, https:\/\/akerstroms.se\/app\/uploads\/2021\/06\/L99-distribution-warehouse.jpg 1150w\" sizes=\"auto, (max-width: 700px) 100vw, 700px\" \/><\/figure>\n\n\n\n<h1 class=\"wp-block-heading has-text-align-center\" id=\"h-user-manuals-for-sesam\">User manuals for Sesam<\/h1>\n\n\n\n<p class=\"has-text-align-center\"><strong>Here you will find the latest manuals and instructions for Sesam 800. These documents explain how to install a Sesam system, set up a basic configuration, learn how to operate and delete transmitters, and much more.<\/strong> <strong>Select language, the manual in PDF will open in a new tab.<\/strong><\/p>\n\n\n\n<div style=\"height:53px\" aria-hidden=\"true\" class=\"wp-block-spacer\"><\/div>\n\n\n\n<div style=\"height:30px\" aria-hidden=\"true\" class=\"wp-block-spacer\"><\/div>\n\n\n\n<h3 class=\"wp-block-heading\" id=\"h-general-user-manuals\">General user manuals<\/h3>\n\n\n\n<p>User manual Sesam 800 &#8211; 941211-000 version E3<\/p>\n\n\n\n<div class=\"wp-block-buttons has-custom-font-size has-small-font-size is-horizontal is-content-justification-left is-layout-flex wp-container-core-buttons-is-layout-7e5fce0a wp-block-buttons-is-layout-flex\">\n<div class=\"wp-block-button\"><a class=\"wp-block-button__link wp-element-button\" href=\"https:\/\/akerstroms.se\/app\/uploads\/2023\/05\/941211-000-EN-Sesam-800-E3-1.pdf\" target=\"_blank\" rel=\"noreferrer noopener\">EN<\/a><\/div>\n\n\n\n<div class=\"wp-block-button\"><a class=\"wp-block-button__link wp-element-button\" href=\"https:\/\/akerstroms.se\/app\/uploads\/2023\/05\/941211-000-SV-Sesam-800-E3.pdf\" target=\"_blank\" rel=\"noreferrer noopener\">SV<\/a><\/div>\n\n\n\n<div class=\"wp-block-button\"><a class=\"wp-block-button__link wp-element-button\" href=\"https:\/\/akerstroms.se\/app\/uploads\/2023\/05\/941211-000-DA-Sesam-800-E3.pdf\" target=\"_blank\" rel=\"noreferrer noopener\">DA<\/a><\/div>\n\n\n\n<div class=\"wp-block-button\"><a class=\"wp-block-button__link wp-element-button\" href=\"https:\/\/akerstroms.se\/app\/uploads\/2023\/05\/941211-000-DE-Sesam-800-E3.pdf\" target=\"_blank\" rel=\"noreferrer noopener\">DE<\/a><\/div>\n\n\n\n<div class=\"wp-block-button\"><a class=\"wp-block-button__link wp-element-button\" href=\"https:\/\/akerstroms.se\/app\/uploads\/2023\/05\/941211-000-CS-Sesam-800-E3.pdf\" target=\"_blank\" rel=\"noreferrer noopener\">CS<\/a><\/div>\n\n\n\n<div class=\"wp-block-button\"><a class=\"wp-block-button__link wp-element-button\" href=\"https:\/\/akerstroms.se\/app\/uploads\/2023\/05\/941211-000-FR-Sesam-800-E3.pdf\" target=\"_blank\" rel=\"noreferrer noopener\">FR<\/a><\/div>\n\n\n\n<div class=\"wp-block-button\"><a class=\"wp-block-button__link wp-element-button\" href=\"https:\/\/akerstroms.se\/app\/uploads\/2023\/05\/941211-000-NL-Sesam-800-E3.pdf\" target=\"_blank\" rel=\"noreferrer noopener\">NL<\/a><\/div>\n\n\n\n<div class=\"wp-block-button\"><a class=\"wp-block-button__link wp-element-button\" href=\"https:\/\/akerstroms.se\/app\/uploads\/2023\/05\/941211-000-PL-Sesam-800-E3.pdf\" target=\"_blank\" rel=\"noreferrer noopener\">PL<\/a><\/div>\n<\/div>\n\n\n\n<div style=\"height:27px\" aria-hidden=\"true\" class=\"wp-block-spacer\"><\/div>\n\n\n\n<p>User manual Sesam 800 L99 &#8211; 942858-000 version C2<\/p>\n\n\n\n<div class=\"wp-block-buttons has-custom-font-size has-small-font-size is-layout-flex wp-block-buttons-is-layout-flex\">\n<div class=\"wp-block-button is-style-fill\"><a class=\"wp-block-button__link wp-element-button\" href=\"https:\/\/akerstroms.se\/app\/uploads\/2023\/05\/942858-000-EN-S800L99-C2.pdf\" target=\"_blank\" rel=\"noreferrer noopener\">EN<\/a><\/div>\n\n\n\n<div class=\"wp-block-button\"><a class=\"wp-block-button__link wp-element-button\" href=\"https:\/\/akerstroms.se\/app\/uploads\/2023\/05\/942858-000-SV-S800L99-C2.pdf\" target=\"_blank\" rel=\"noreferrer noopener\">SV<\/a><\/div>\n\n\n\n<div class=\"wp-block-button\"><a class=\"wp-block-button__link wp-element-button\" href=\"https:\/\/akerstroms.se\/app\/uploads\/2023\/05\/942858-000-DA-S800-L99-C2.pdf\" target=\"_blank\" rel=\"noreferrer noopener\">DA<\/a><\/div>\n\n\n\n<div class=\"wp-block-button\"><a class=\"wp-block-button__link wp-element-button\" href=\"https:\/\/akerstroms.se\/app\/uploads\/2023\/05\/942858-000-DE-S800-L99-C2.pdf\" target=\"_blank\" rel=\"noreferrer noopener\">DE<\/a><\/div>\n<\/div>\n\n\n\n<div style=\"height:27px\" aria-hidden=\"true\" class=\"wp-block-spacer\"><\/div>\n\n\n\n<p>User manual Sesam 800 L99 PIN &#8211; 948203-000 version B0<\/p>\n\n\n\n<div class=\"wp-block-buttons has-custom-font-size has-small-font-size is-layout-flex wp-block-buttons-is-layout-flex\">\n<div class=\"wp-block-button is-style-fill\"><a class=\"wp-block-button__link wp-element-button\" href=\"https:\/\/akerstroms.se\/app\/uploads\/2026\/04\/948203-000-EN-S800-L99-PIN-B0.pdf\">EN<\/a><\/div>\n\n\n\n<div class=\"wp-block-button\"><a class=\"wp-block-button__link wp-element-button\" href=\"https:\/\/akerstroms.se\/app\/uploads\/2026\/04\/948203-000-SV-S800-L99-PIN-B0.pdf\">SV<\/a><\/div>\n\n\n\n<div class=\"wp-block-button\"><a class=\"wp-block-button__link wp-element-button\" href=\"https:\/\/akerstroms.se\/app\/uploads\/2026\/04\/948203-000-DA-S800-L99-PIN-B0.pdf\">DA<\/a><\/div>\n\n\n\n<div class=\"wp-block-button\"><a class=\"wp-block-button__link wp-element-button\" href=\"https:\/\/akerstroms.se\/app\/uploads\/2026\/04\/948203-000-DE-S800-L99-PIN-B0.pdf\">DE<\/a><\/div>\n<\/div>\n\n\n\n<div style=\"height:27px\" aria-hidden=\"true\" class=\"wp-block-spacer\"><\/div>\n\n\n\n<p>User manual Sesam 800 Range Extender &#8211; 956363-000 version B1<\/p>\n\n\n\n<div class=\"wp-block-buttons has-custom-font-size has-small-font-size is-layout-flex wp-block-buttons-is-layout-flex\">\n<div class=\"wp-block-button\"><a class=\"wp-block-button__link wp-element-button\" href=\"https:\/\/akerstroms.se\/app\/uploads\/2026\/04\/956363-000-EN-S800-RXD-RANGE-EXTENDER-B1.pdf\">EN<\/a><\/div>\n\n\n\n<div class=\"wp-block-button\"><a class=\"wp-block-button__link wp-element-button\" href=\"https:\/\/akerstroms.se\/app\/uploads\/2026\/04\/956363-000-SV-S800-RXD-RANGE-EXTENDER-B1.pdf\">SV<\/a><\/div>\n\n\n\n<div class=\"wp-block-button\"><a class=\"wp-block-button__link wp-element-button\" href=\"https:\/\/akerstroms.se\/app\/uploads\/2026\/04\/956363-000-DE-S800-RXD-RANGE-EXTENDER-B1.pdf\">DE<\/a><\/div>\n<\/div>\n\n\n\n<div style=\"height:27px\" aria-hidden=\"true\" class=\"wp-block-spacer\"><\/div>\n\n\n\n<p>User manual Sesam 800 MC Manager &#8211; 943686-000 version B1<\/p>\n\n\n\n<div class=\"wp-block-buttons has-custom-font-size has-small-font-size is-layout-flex wp-block-buttons-is-layout-flex\">\n<div class=\"wp-block-button\"><a class=\"wp-block-button__link wp-element-button\" href=\"https:\/\/akerstroms.se\/app\/uploads\/2023\/05\/943686-000-S800-RX-MC-Manager-EN-B1.pdf\" target=\"_blank\" rel=\"noreferrer noopener\">EN<\/a><\/div>\n\n\n\n<div class=\"wp-block-button\"><a class=\"wp-block-button__link wp-element-button\" href=\"https:\/\/akerstroms.se\/app\/uploads\/2023\/05\/943686-000-S800-RX-MC-Manager-SV-B1.pdf\" target=\"_blank\" rel=\"noreferrer noopener\">SV<\/a><\/div>\n\n\n\n<div class=\"wp-block-button\"><a class=\"wp-block-button__link wp-element-button\" href=\"https:\/\/akerstroms.se\/app\/uploads\/2023\/05\/943686-000-S800-RX-MC-Manager-DE-B1.pdf\" target=\"_blank\" rel=\"noreferrer noopener\">DE<\/a><\/div>\n<\/div>\n\n\n\n<div style=\"height:27px\" aria-hidden=\"true\" class=\"wp-block-spacer\"><\/div>\n\n\n\n<p>User manual Sesam 800 Configurable &#8211; 947422-000 version D0<\/p>\n\n\n\n<div class=\"wp-block-buttons has-custom-font-size has-small-font-size is-horizontal is-content-justification-left is-layout-flex wp-container-core-buttons-is-layout-7e5fce0a wp-block-buttons-is-layout-flex\">\n<div class=\"wp-block-button\"><a class=\"wp-block-button__link wp-element-button\" href=\"https:\/\/akerstroms.se\/app\/uploads\/2025\/04\/947422-000-S800-Config-EN-D0.pdf\" target=\"_blank\" rel=\"noreferrer noopener\">EN<\/a><\/div>\n\n\n\n<div class=\"wp-block-button\"><a class=\"wp-block-button__link wp-element-button\" href=\"https:\/\/akerstroms.se\/app\/uploads\/2025\/04\/947422-000-S800-Config-SV-D0.pdf\" target=\"_blank\" rel=\"noreferrer noopener\">SV<\/a><\/div>\n\n\n\n<div class=\"wp-block-button\"><a class=\"wp-block-button__link wp-element-button\" href=\"https:\/\/akerstroms.se\/app\/uploads\/2025\/04\/947422-000-S800-Config-DA-D0.pdf\" target=\"_blank\" rel=\"noreferrer noopener\">DA<\/a><\/div>\n\n\n\n<div class=\"wp-block-button\"><a class=\"wp-block-button__link wp-element-button\" href=\"https:\/\/akerstroms.se\/app\/uploads\/2025\/04\/947422-000-S800-Config-DE-D0.pdf\" target=\"_blank\" rel=\"noreferrer noopener\">DE<\/a><\/div>\n\n\n\n<div class=\"wp-block-button\"><a class=\"wp-block-button__link wp-element-button\" href=\"https:\/\/akerstroms.se\/app\/uploads\/2025\/04\/947422-000-S800-Config-CZ-D0.pdf\" target=\"_blank\" rel=\"noreferrer noopener\">CZ<\/a><\/div>\n\n\n\n<div class=\"wp-block-button\"><a class=\"wp-block-button__link wp-element-button\" href=\"https:\/\/akerstroms.se\/app\/uploads\/2025\/04\/947422-000-S800-Config-FR-D0.pdf\" target=\"_blank\" rel=\"noreferrer noopener\">FR<\/a><\/div>\n\n\n\n<div class=\"wp-block-button\"><a class=\"wp-block-button__link wp-element-button\" href=\"https:\/\/akerstroms.se\/app\/uploads\/2025\/04\/947422-000-S800-Config-NL-D0.pdf\" target=\"_blank\" rel=\"noreferrer noopener\">NL<\/a><\/div>\n\n\n\n<div class=\"wp-block-button\"><a class=\"wp-block-button__link wp-element-button\" href=\"https:\/\/akerstroms.se\/app\/uploads\/2025\/04\/947422-000-S800-Config-PL-D0.pdf\" target=\"_blank\" rel=\"noreferrer noopener\">PL<\/a><\/div>\n\n\n\n<div class=\"wp-block-button\"><a class=\"wp-block-button__link wp-element-button\" href=\"https:\/\/akerstroms.se\/app\/uploads\/2025\/04\/947422-000-S800-Config-SK-D0.pdf\" target=\"_blank\" rel=\"noreferrer noopener\">SK<\/a><\/div>\n<\/div>\n\n\n\n<div style=\"height:27px\" aria-hidden=\"true\" class=\"wp-block-spacer\"><\/div>\n\n\n\n<h3 class=\"wp-block-heading\" id=\"h-tail-lift\">Tail lift<\/h3>\n\n\n\n<p>User manual Sesam 800 Tail lift &#8211; 942913-000 version D2<\/p>\n\n\n\n<div class=\"wp-block-buttons has-custom-font-size has-small-font-size is-layout-flex wp-block-buttons-is-layout-flex\">\n<div class=\"wp-block-button is-style-fill\"><a class=\"wp-block-button__link wp-element-button\" href=\"https:\/\/akerstroms.se\/app\/uploads\/2023\/05\/942913-000-EN-S800-Taillift-D2.pdf\" target=\"_blank\" rel=\"noreferrer noopener\">EN<\/a><\/div>\n\n\n\n<div class=\"wp-block-button\"><a class=\"wp-block-button__link wp-element-button\" href=\"https:\/\/akerstroms.se\/app\/uploads\/2023\/05\/942913-000-SV-S800-Bakgavellyft-D2.pdf\" target=\"_blank\" rel=\"noreferrer noopener\">SV<\/a><\/div>\n\n\n\n<div class=\"wp-block-button\"><a class=\"wp-block-button__link wp-element-button\" href=\"https:\/\/akerstroms.se\/app\/uploads\/2023\/05\/942913-000-DA-S800-Bagklaplift-D2.pdf\" target=\"_blank\" rel=\"noreferrer noopener\">DA<\/a><\/div>\n\n\n\n<div class=\"wp-block-button\"><a class=\"wp-block-button__link wp-element-button\" href=\"https:\/\/akerstroms.se\/app\/uploads\/2023\/05\/942913-000-DE-S800-Taillift-D2.pdf\" target=\"_blank\" rel=\"noreferrer noopener\">DE<\/a><\/div>\n\n\n\n<div class=\"wp-block-button\"><a class=\"wp-block-button__link wp-element-button\" href=\"https:\/\/akerstroms.se\/app\/uploads\/2023\/05\/942913-000-NL-S800-Laad-klep-D2.pdf\" target=\"_blank\" rel=\"noreferrer noopener\">NL<\/a><\/div>\n<\/div>\n\n\n\n<h3 class=\"wp-block-heading\" id=\"h-winch\">Winch<\/h3>\n\n\n\n<p>User manual Sesam 800 Winch &#8211; 943549-000 version F2<\/p>\n\n\n\n<div class=\"wp-block-buttons has-custom-font-size has-small-font-size is-layout-flex wp-block-buttons-is-layout-flex\">\n<div class=\"wp-block-button is-style-fill\"><a class=\"wp-block-button__link wp-element-button\" href=\"https:\/\/akerstroms.se\/app\/uploads\/2023\/05\/943549-000-EN-S800-Mobile-Winch-F2.pdf\" target=\"_blank\" rel=\"noreferrer noopener\">EN<\/a><\/div>\n\n\n\n<div class=\"wp-block-button\"><a class=\"wp-block-button__link wp-element-button\" href=\"https:\/\/akerstroms.se\/app\/uploads\/2023\/05\/943549-000-SV-S800-Mobile-Vinsch-F2.pdf\" target=\"_blank\" rel=\"noreferrer noopener\">SV<\/a><\/div>\n\n\n\n<div class=\"wp-block-button\"><a class=\"wp-block-button__link wp-element-button\" href=\"https:\/\/akerstroms.se\/app\/uploads\/2023\/05\/943549-000-DA-S800-Mobile-Spil-F2.pdf\" target=\"_blank\" rel=\"noreferrer noopener\">DA<\/a><\/div>\n\n\n\n<div class=\"wp-block-button\"><a class=\"wp-block-button__link wp-element-button\" href=\"https:\/\/akerstroms.se\/app\/uploads\/2023\/05\/943549-000-DE-S800-Mobile-Winden-F2.pdf\" target=\"_blank\" rel=\"noreferrer noopener\">DE<\/a><\/div>\n\n\n\n<div class=\"wp-block-button\"><a class=\"wp-block-button__link wp-element-button\" href=\"https:\/\/akerstroms.se\/app\/uploads\/2023\/05\/943549-000-NL-S800-Mobile-Lieren-F2.pdf\" target=\"_blank\" rel=\"noreferrer noopener\">NL<\/a><\/div>\n\n\n\n<div class=\"wp-block-button\"><a class=\"wp-block-button__link wp-element-button\" href=\"https:\/\/akerstroms.se\/app\/uploads\/2023\/05\/943549-000-FI-S800-Mobile-Winch-F2.pdf\" target=\"_blank\" rel=\"noreferrer noopener\">FI<\/a><\/div>\n<\/div>\n\n\n\n<div style=\"height:100px\" aria-hidden=\"true\" class=\"wp-block-spacer\"><\/div>\n\n\n\n<p>There are also user manuals for <a href=\"https:\/\/akerstroms.se\/en\/user-manuals-for-remotus\/\">REMOTUS<\/a>, our advanced family of radio controlled products for safety critical systems.<\/p>\n","protected":false},"excerpt":{"rendered":"<p>User manuals for Sesam Here you will find the latest manuals and instructions for Sesam 800. These documents explain how to install a Sesam system,&#8230;<\/p>\n","protected":false},"author":1,"featured_media":0,"parent":0,"menu_order":0,"comment_status":"closed","ping_status":"closed","template":"templates\/page-text-page.php","meta":{"_acf_changed":false,"footnotes":""},"class_list":["post-10658","page","type-page","status-publish","hentry"],"acf":[],"yoast_head":"<!-- This site is optimized with the Yoast SEO plugin v27.4 - https:\/\/yoast.com\/product\/yoast-seo-wordpress\/ -->\n<title>User manuals for Sesam - \u00c5kerstr\u00f6ms Bj\u00f6rbo<\/title>\n<meta name=\"description\" content=\"Here you will find the latest manuals and instructions for Sesam 800. These documents explain installation, configuration and more.\" \/>\n<meta name=\"robots\" content=\"index, follow, max-snippet:-1, max-image-preview:large, max-video-preview:-1\" \/>\n<link rel=\"canonical\" href=\"https:\/\/akerstroms.se\/en\/user-manuals-for-sesam\/\" \/>\n<meta property=\"og:locale\" content=\"en_US\" \/>\n<meta property=\"og:type\" content=\"article\" \/>\n<meta property=\"og:title\" content=\"User manuals for Sesam - \u00c5kerstr\u00f6ms Bj\u00f6rbo\" \/>\n<meta property=\"og:description\" content=\"Here you will find the latest manuals and instructions for Sesam 800. These documents explain installation, configuration and more.\" \/>\n<meta property=\"og:url\" content=\"https:\/\/akerstroms.se\/en\/user-manuals-for-sesam\/\" \/>\n<meta property=\"og:site_name\" content=\"\u00c5kerstr\u00f6ms Bj\u00f6rbo\" \/>\n<meta property=\"article:publisher\" content=\"https:\/\/www.facebook.com\/akerstroms.se\" \/>\n<meta property=\"article:modified_time\" content=\"2026-04-01T08:41:42+00:00\" \/>\n<meta property=\"og:image\" content=\"https:\/\/akerstroms.se\/app\/uploads\/2021\/06\/L99-distribution-warehouse.jpg\" \/>\n\t<meta property=\"og:image:width\" content=\"1150\" \/>\n\t<meta property=\"og:image:height\" content=\"400\" \/>\n\t<meta property=\"og:image:type\" content=\"image\/jpeg\" \/>\n<meta name=\"twitter:card\" content=\"summary_large_image\" \/>\n<meta name=\"twitter:label1\" content=\"Est. reading time\" \/>\n\t<meta name=\"twitter:data1\" content=\"2 minutes\" \/>\n<script type=\"application\/ld+json\" class=\"yoast-schema-graph\">{\"@context\":\"https:\\\/\\\/schema.org\",\"@graph\":[{\"@type\":\"WebPage\",\"@id\":\"https:\\\/\\\/akerstroms.se\\\/en\\\/user-manuals-for-sesam\\\/\",\"url\":\"https:\\\/\\\/akerstroms.se\\\/en\\\/user-manuals-for-sesam\\\/\",\"name\":\"User manuals for Sesam - \u00c5kerstr\u00f6ms Bj\u00f6rbo\",\"isPartOf\":{\"@id\":\"https:\\\/\\\/akerstroms.se\\\/#website\"},\"primaryImageOfPage\":{\"@id\":\"https:\\\/\\\/akerstroms.se\\\/en\\\/user-manuals-for-sesam\\\/#primaryimage\"},\"image\":{\"@id\":\"https:\\\/\\\/akerstroms.se\\\/en\\\/user-manuals-for-sesam\\\/#primaryimage\"},\"thumbnailUrl\":\"https:\\\/\\\/akerstroms.se\\\/app\\\/uploads\\\/2021\\\/06\\\/L99-distribution-warehouse-700x243.jpg\",\"datePublished\":\"2021-10-01T12:58:46+00:00\",\"dateModified\":\"2026-04-01T08:41:42+00:00\",\"description\":\"Here you will find the latest manuals and instructions for Sesam 800. These documents explain installation, configuration and more.\",\"breadcrumb\":{\"@id\":\"https:\\\/\\\/akerstroms.se\\\/en\\\/user-manuals-for-sesam\\\/#breadcrumb\"},\"inLanguage\":\"en-US\",\"potentialAction\":[{\"@type\":\"ReadAction\",\"target\":[\"https:\\\/\\\/akerstroms.se\\\/en\\\/user-manuals-for-sesam\\\/\"]}]},{\"@type\":\"ImageObject\",\"inLanguage\":\"en-US\",\"@id\":\"https:\\\/\\\/akerstroms.se\\\/en\\\/user-manuals-for-sesam\\\/#primaryimage\",\"url\":\"https:\\\/\\\/akerstroms.se\\\/app\\\/uploads\\\/2021\\\/06\\\/L99-distribution-warehouse-700x243.jpg\",\"contentUrl\":\"https:\\\/\\\/akerstroms.se\\\/app\\\/uploads\\\/2021\\\/06\\\/L99-distribution-warehouse-700x243.jpg\"},{\"@type\":\"BreadcrumbList\",\"@id\":\"https:\\\/\\\/akerstroms.se\\\/en\\\/user-manuals-for-sesam\\\/#breadcrumb\",\"itemListElement\":[{\"@type\":\"ListItem\",\"position\":1,\"name\":\"Home\",\"item\":\"https:\\\/\\\/akerstroms.se\\\/en\\\/\"},{\"@type\":\"ListItem\",\"position\":2,\"name\":\"User manuals for Sesam\"}]},{\"@type\":\"WebSite\",\"@id\":\"https:\\\/\\\/akerstroms.se\\\/#website\",\"url\":\"https:\\\/\\\/akerstroms.se\\\/\",\"name\":\"\u00c5kerstr\u00f6ms Bj\u00f6rbo\",\"description\":\"Radiostyrning f\u00f6r industriella och mobila applikationer\",\"publisher\":{\"@id\":\"https:\\\/\\\/akerstroms.se\\\/#organization\"},\"potentialAction\":[{\"@type\":\"SearchAction\",\"target\":{\"@type\":\"EntryPoint\",\"urlTemplate\":\"https:\\\/\\\/akerstroms.se\\\/?s={search_term_string}\"},\"query-input\":{\"@type\":\"PropertyValueSpecification\",\"valueRequired\":true,\"valueName\":\"search_term_string\"}}],\"inLanguage\":\"en-US\"},{\"@type\":\"Organization\",\"@id\":\"https:\\\/\\\/akerstroms.se\\\/#organization\",\"name\":\"\u00c5kerstr\u00f6ms AB\",\"url\":\"https:\\\/\\\/akerstroms.se\\\/\",\"logo\":{\"@type\":\"ImageObject\",\"inLanguage\":\"en-US\",\"@id\":\"https:\\\/\\\/akerstroms.se\\\/#\\\/schema\\\/logo\\\/image\\\/\",\"url\":\"https:\\\/\\\/akerstroms.se\\\/app\\\/uploads\\\/2021\\\/10\\\/akerstroms-logo.png\",\"contentUrl\":\"https:\\\/\\\/akerstroms.se\\\/app\\\/uploads\\\/2021\\\/10\\\/akerstroms-logo.png\",\"width\":400,\"height\":86,\"caption\":\"\u00c5kerstr\u00f6ms AB\"},\"image\":{\"@id\":\"https:\\\/\\\/akerstroms.se\\\/#\\\/schema\\\/logo\\\/image\\\/\"},\"sameAs\":[\"https:\\\/\\\/www.facebook.com\\\/akerstroms.se\",\"https:\\\/\\\/www.linkedin.com\\\/company\\\/akerstroms\\\/\",\"https:\\\/\\\/www.youtube.com\\\/channel\\\/UC8S-jX9nA8c9qBaTlgqg1CQ\"]}]}<\/script>\n<!-- \/ Yoast SEO plugin. -->","yoast_head_json":{"title":"User manuals for Sesam - \u00c5kerstr\u00f6ms Bj\u00f6rbo","description":"Here you will find the latest manuals and instructions for Sesam 800. These documents explain installation, configuration and more.","robots":{"index":"index","follow":"follow","max-snippet":"max-snippet:-1","max-image-preview":"max-image-preview:large","max-video-preview":"max-video-preview:-1"},"canonical":"https:\/\/akerstroms.se\/en\/user-manuals-for-sesam\/","og_locale":"en_US","og_type":"article","og_title":"User manuals for Sesam - \u00c5kerstr\u00f6ms Bj\u00f6rbo","og_description":"Here you will find the latest manuals and instructions for Sesam 800. These documents explain installation, configuration and more.","og_url":"https:\/\/akerstroms.se\/en\/user-manuals-for-sesam\/","og_site_name":"\u00c5kerstr\u00f6ms Bj\u00f6rbo","article_publisher":"https:\/\/www.facebook.com\/akerstroms.se","article_modified_time":"2026-04-01T08:41:42+00:00","og_image":[{"width":1150,"height":400,"url":"https:\/\/akerstroms.se\/app\/uploads\/2021\/06\/L99-distribution-warehouse.jpg","type":"image\/jpeg"}],"twitter_card":"summary_large_image","twitter_misc":{"Est. reading time":"2 minutes"},"schema":{"@context":"https:\/\/schema.org","@graph":[{"@type":"WebPage","@id":"https:\/\/akerstroms.se\/en\/user-manuals-for-sesam\/","url":"https:\/\/akerstroms.se\/en\/user-manuals-for-sesam\/","name":"User manuals for Sesam - \u00c5kerstr\u00f6ms Bj\u00f6rbo","isPartOf":{"@id":"https:\/\/akerstroms.se\/#website"},"primaryImageOfPage":{"@id":"https:\/\/akerstroms.se\/en\/user-manuals-for-sesam\/#primaryimage"},"image":{"@id":"https:\/\/akerstroms.se\/en\/user-manuals-for-sesam\/#primaryimage"},"thumbnailUrl":"https:\/\/akerstroms.se\/app\/uploads\/2021\/06\/L99-distribution-warehouse-700x243.jpg","datePublished":"2021-10-01T12:58:46+00:00","dateModified":"2026-04-01T08:41:42+00:00","description":"Here you will find the latest manuals and instructions for Sesam 800. These documents explain installation, configuration and more.","breadcrumb":{"@id":"https:\/\/akerstroms.se\/en\/user-manuals-for-sesam\/#breadcrumb"},"inLanguage":"en-US","potentialAction":[{"@type":"ReadAction","target":["https:\/\/akerstroms.se\/en\/user-manuals-for-sesam\/"]}]},{"@type":"ImageObject","inLanguage":"en-US","@id":"https:\/\/akerstroms.se\/en\/user-manuals-for-sesam\/#primaryimage","url":"https:\/\/akerstroms.se\/app\/uploads\/2021\/06\/L99-distribution-warehouse-700x243.jpg","contentUrl":"https:\/\/akerstroms.se\/app\/uploads\/2021\/06\/L99-distribution-warehouse-700x243.jpg"},{"@type":"BreadcrumbList","@id":"https:\/\/akerstroms.se\/en\/user-manuals-for-sesam\/#breadcrumb","itemListElement":[{"@type":"ListItem","position":1,"name":"Home","item":"https:\/\/akerstroms.se\/en\/"},{"@type":"ListItem","position":2,"name":"User manuals for Sesam"}]},{"@type":"WebSite","@id":"https:\/\/akerstroms.se\/#website","url":"https:\/\/akerstroms.se\/","name":"\u00c5kerstr\u00f6ms Bj\u00f6rbo","description":"Radiostyrning f\u00f6r industriella och mobila applikationer","publisher":{"@id":"https:\/\/akerstroms.se\/#organization"},"potentialAction":[{"@type":"SearchAction","target":{"@type":"EntryPoint","urlTemplate":"https:\/\/akerstroms.se\/?s={search_term_string}"},"query-input":{"@type":"PropertyValueSpecification","valueRequired":true,"valueName":"search_term_string"}}],"inLanguage":"en-US"},{"@type":"Organization","@id":"https:\/\/akerstroms.se\/#organization","name":"\u00c5kerstr\u00f6ms AB","url":"https:\/\/akerstroms.se\/","logo":{"@type":"ImageObject","inLanguage":"en-US","@id":"https:\/\/akerstroms.se\/#\/schema\/logo\/image\/","url":"https:\/\/akerstroms.se\/app\/uploads\/2021\/10\/akerstroms-logo.png","contentUrl":"https:\/\/akerstroms.se\/app\/uploads\/2021\/10\/akerstroms-logo.png","width":400,"height":86,"caption":"\u00c5kerstr\u00f6ms AB"},"image":{"@id":"https:\/\/akerstroms.se\/#\/schema\/logo\/image\/"},"sameAs":["https:\/\/www.facebook.com\/akerstroms.se","https:\/\/www.linkedin.com\/company\/akerstroms\/","https:\/\/www.youtube.com\/channel\/UC8S-jX9nA8c9qBaTlgqg1CQ"]}]}},"_links":{"self":[{"href":"https:\/\/akerstroms.se\/en\/wp-json\/wp\/v2\/pages\/10658","targetHints":{"allow":["GET"]}}],"collection":[{"href":"https:\/\/akerstroms.se\/en\/wp-json\/wp\/v2\/pages"}],"about":[{"href":"https:\/\/akerstroms.se\/en\/wp-json\/wp\/v2\/types\/page"}],"author":[{"embeddable":true,"href":"https:\/\/akerstroms.se\/en\/wp-json\/wp\/v2\/users\/1"}],"replies":[{"embeddable":true,"href":"https:\/\/akerstroms.se\/en\/wp-json\/wp\/v2\/comments?post=10658"}],"version-history":[{"count":16,"href":"https:\/\/akerstroms.se\/en\/wp-json\/wp\/v2\/pages\/10658\/revisions"}],"predecessor-version":[{"id":24353,"href":"https:\/\/akerstroms.se\/en\/wp-json\/wp\/v2\/pages\/10658\/revisions\/24353"}],"wp:attachment":[{"href":"https:\/\/akerstroms.se\/en\/wp-json\/wp\/v2\/media?parent=10658"}],"curies":[{"name":"wp","href":"https:\/\/api.w.org\/{rel}","templated":true}]}}