{"id":10656,"date":"2021-10-01T14:58:37","date_gmt":"2021-10-01T12:58:37","guid":{"rendered":"https:\/\/akerstroms.se\/tail-lifts\/"},"modified":"2026-04-02T11:54:26","modified_gmt":"2026-04-02T09:54:26","slug":"tail-lifts","status":"publish","type":"page","link":"https:\/\/akerstroms.se\/en\/tail-lifts\/","title":{"rendered":"Tail lifts"},"content":{"rendered":"\n<div class=\"wp-block-cover alignfull\" style=\"min-height:609px;aspect-ratio:unset;\"><img loading=\"lazy\" decoding=\"async\" width=\"2000\" height=\"1502\" class=\"wp-block-cover__image-background wp-image-23316 size-full\" alt=\"\" src=\"https:\/\/akerstroms.se\/app\/uploads\/2025\/12\/Bakgavellyft.jpg\" style=\"object-position:48% 82%\" data-object-fit=\"cover\" data-object-position=\"48% 82%\" srcset=\"https:\/\/akerstroms.se\/app\/uploads\/2025\/12\/Bakgavellyft.jpg 2000w, https:\/\/akerstroms.se\/app\/uploads\/2025\/12\/Bakgavellyft-250x188.jpg 250w, https:\/\/akerstroms.se\/app\/uploads\/2025\/12\/Bakgavellyft-700x526.jpg 700w, https:\/\/akerstroms.se\/app\/uploads\/2025\/12\/Bakgavellyft-768x577.jpg 768w, https:\/\/akerstroms.se\/app\/uploads\/2025\/12\/Bakgavellyft-1536x1154.jpg 1536w, https:\/\/akerstroms.se\/app\/uploads\/2025\/12\/Bakgavellyft-120x90.jpg 120w, https:\/\/akerstroms.se\/app\/uploads\/2025\/12\/Bakgavellyft-540x406.jpg 540w, https:\/\/akerstroms.se\/app\/uploads\/2025\/12\/Bakgavellyft-300x225.jpg 300w, https:\/\/akerstroms.se\/app\/uploads\/2025\/12\/Bakgavellyft-600x451.jpg 600w\" sizes=\"auto, (max-width: 2000px) 100vw, 2000px\" \/><span aria-hidden=\"true\" class=\"wp-block-cover__background has-black-background-color has-background-dim\"><\/span><div class=\"wp-block-cover__inner-container is-layout-constrained wp-block-cover-is-layout-constrained\">\n<p class=\"has-text-align-center has-white-color has-text-color has-link-color wp-elements-5a5b917964322253786dd2aa87bb8858\" style=\"font-size:58px\">Tail lifts<\/p>\n\n\n\n<p class=\"has-text-align-center has-white-color has-text-color has-link-color wp-elements-3ff24165a3bf2e6906fe88de7349dc9a\">We offer flexible and robust solutions for all functions of the tail lift.<\/p>\n<\/div><\/div>\n\n\n\n<div style=\"height:50px\" aria-hidden=\"true\" class=\"wp-block-spacer\"><\/div>\n\n\n\n<h2 class=\"wp-block-heading has-text-align-center\">Tail lift radio system &#8211; Flexible work at a safe distance<\/h2>\n\n\n\n<p>A tail lift should open and close smoothly and without any risk of crush injuries. With our extensive experience and many installations around the world, we have developed a flexible and robust tail lift radio system.<\/p>\n\n\n\n<p>Our motto is to make our customers&#8217; everyday work as safe and efficient as possible. Since we never compromise on quality, our systems are developed using carefully selected components and subjected to rigorous testing. A well-thought-out design with high-quality buttons and excellent tactile feel ensures the transmitter sits securely in the hand &#8211; and can additionally be mounted in a holster.<\/p>\n\n\n\n<p class=\"has-text-align-center\">We offer tail lift radio systems in various standard configurations, as well as options for easy customization to suit the functions of different manufacturers. Contact us to find the right solution for your vehicle fleet.<\/p>\n\n\n\n<div style=\"height:61px\" aria-hidden=\"true\" class=\"wp-block-spacer\"><\/div>\n\n\n\n<h3 class=\"wp-block-heading\">Matching products<\/h3>\n\n\n<section class=\"products_module woocommerce slide\" data-post-type=\"product\">\r\n                                                            <div class=\"products flex-row-wrapper glide-products\">\r\n                        <div class=\"glide__track\" data-glide-el=\"track\">\r\n                        <div class=\"glide__slides\" id=\"product_container\">\r\n                                            <div class=\"glide__slide\">\r\n                            <li class=\"product type-product post-10913 status-publish first instock product_cat-receivers-en product_cat-sesam-en product_tag-other-controls-en product_tag-pumps-en product_tag-tail-lifts-en product_tag-vehicles-superstructures-en product_tag-winches-en has-post-thumbnail shipping-taxable product-type-simple\">\n\t<a href=\"https:\/\/akerstroms.se\/en\/product\/sesam-800-mobile-rx\/\" class=\"woocommerce-LoopProduct-link woocommerce-loop-product__link\"><div class='img-container'><img loading=\"lazy\" decoding=\"async\" width=\"300\" height=\"446\" src=\"https:\/\/akerstroms.se\/app\/uploads\/2021\/05\/Sesam-800-Mobile-RX-300x446.jpg\" class=\"attachment-woocommerce_thumbnail size-woocommerce_thumbnail\" alt=\"SESAM 800 Mobile RX\" srcset=\"https:\/\/akerstroms.se\/app\/uploads\/2021\/05\/Sesam-800-Mobile-RX-300x446.jpg 300w, https:\/\/akerstroms.se\/app\/uploads\/2021\/05\/Sesam-800-Mobile-RX-600x893.jpg 600w, https:\/\/akerstroms.se\/app\/uploads\/2021\/05\/Sesam-800-Mobile-RX-250x372.jpg 250w, https:\/\/akerstroms.se\/app\/uploads\/2021\/05\/Sesam-800-Mobile-RX-700x1042.jpg 700w, https:\/\/akerstroms.se\/app\/uploads\/2021\/05\/Sesam-800-Mobile-RX-768x1143.jpg 768w, https:\/\/akerstroms.se\/app\/uploads\/2021\/05\/Sesam-800-Mobile-RX-120x179.jpg 120w, https:\/\/akerstroms.se\/app\/uploads\/2021\/05\/Sesam-800-Mobile-RX-540x804.jpg 540w, https:\/\/akerstroms.se\/app\/uploads\/2021\/05\/Sesam-800-Mobile-RX.jpg 930w\" sizes=\"auto, (max-width: 300px) 100vw, 300px\" \/><\/div><h2 class=\"woocommerce-loop-product__title\">SESAM 800 Mobile RX<\/h2><\/a><div class=\"product-loop-item-info\"><\/div><\/li>\n<\/div>                        <div class=\"glide__slide\">\r\n                            <li class=\"product type-product post-10874 status-publish instock product_cat-sesam-en product_cat-transmitters-en product_tag-tail-lifts-en has-post-thumbnail purchasable product-type-simple\">\n\t<a href=\"https:\/\/akerstroms.se\/en\/product\/sesam-800-mobile-tail-lift-6\/\" class=\"woocommerce-LoopProduct-link woocommerce-loop-product__link\"><div class='img-container'><img loading=\"lazy\" decoding=\"async\" width=\"300\" height=\"352\" src=\"https:\/\/akerstroms.se\/app\/uploads\/2021\/05\/Bakgavellyft-6-300x352.png\" class=\"attachment-woocommerce_thumbnail size-woocommerce_thumbnail\" alt=\"Sesam 800 Mobile Tail Lift 6\" srcset=\"https:\/\/akerstroms.se\/app\/uploads\/2021\/05\/Bakgavellyft-6-300x352.png 300w, https:\/\/akerstroms.se\/app\/uploads\/2021\/05\/Bakgavellyft-6-250x294.png 250w, https:\/\/akerstroms.se\/app\/uploads\/2021\/05\/Bakgavellyft-6-700x822.png 700w, https:\/\/akerstroms.se\/app\/uploads\/2021\/05\/Bakgavellyft-6-768x902.png 768w, https:\/\/akerstroms.se\/app\/uploads\/2021\/05\/Bakgavellyft-6-1308x1536.png 1308w, https:\/\/akerstroms.se\/app\/uploads\/2021\/05\/Bakgavellyft-6-1743x2048.png 1743w, https:\/\/akerstroms.se\/app\/uploads\/2021\/05\/Bakgavellyft-6-120x141.png 120w, https:\/\/akerstroms.se\/app\/uploads\/2021\/05\/Bakgavellyft-6-540x634.png 540w, https:\/\/akerstroms.se\/app\/uploads\/2021\/05\/Bakgavellyft-6-600x705.png 600w\" sizes=\"auto, (max-width: 300px) 100vw, 300px\" \/><\/div><h2 class=\"woocommerce-loop-product__title\">Sesam 800 Mobile Tail Lift 6<\/h2><\/a><div class=\"product-loop-item-info\"><span class=\"sku\">942413-000<\/span><\/div><\/li>\n<\/div>                        <div class=\"glide__slide\">\r\n                            <li class=\"product type-product post-10875 status-publish instock product_cat-sesam-en product_cat-transmitters-en product_tag-tail-lifts-en has-post-thumbnail purchasable product-type-simple\">\n\t<a href=\"https:\/\/akerstroms.se\/en\/product\/sesam-800-mobile-tail-lift-4\/\" class=\"woocommerce-LoopProduct-link woocommerce-loop-product__link\"><div class='img-container'><img loading=\"lazy\" decoding=\"async\" width=\"300\" height=\"352\" src=\"https:\/\/akerstroms.se\/app\/uploads\/2021\/05\/Sesam-bakgavellyft-4-300x352.png\" class=\"attachment-woocommerce_thumbnail size-woocommerce_thumbnail\" alt=\"Sesam 800 Mobile Tail Lift 4\" srcset=\"https:\/\/akerstroms.se\/app\/uploads\/2021\/05\/Sesam-bakgavellyft-4-300x352.png 300w, https:\/\/akerstroms.se\/app\/uploads\/2021\/05\/Sesam-bakgavellyft-4-250x294.png 250w, https:\/\/akerstroms.se\/app\/uploads\/2021\/05\/Sesam-bakgavellyft-4-700x822.png 700w, https:\/\/akerstroms.se\/app\/uploads\/2021\/05\/Sesam-bakgavellyft-4-768x902.png 768w, https:\/\/akerstroms.se\/app\/uploads\/2021\/05\/Sesam-bakgavellyft-4-1308x1536.png 1308w, https:\/\/akerstroms.se\/app\/uploads\/2021\/05\/Sesam-bakgavellyft-4-1743x2048.png 1743w, https:\/\/akerstroms.se\/app\/uploads\/2021\/05\/Sesam-bakgavellyft-4-120x141.png 120w, https:\/\/akerstroms.se\/app\/uploads\/2021\/05\/Sesam-bakgavellyft-4-540x634.png 540w, https:\/\/akerstroms.se\/app\/uploads\/2021\/05\/Sesam-bakgavellyft-4-600x705.png 600w\" sizes=\"auto, (max-width: 300px) 100vw, 300px\" \/><\/div><h2 class=\"woocommerce-loop-product__title\">Sesam 800 Mobile Tail Lift 4<\/h2><\/a><div class=\"product-loop-item-info\"><span class=\"sku\">942412-000<\/span><\/div><\/li>\n<\/div><\/div><\/div>\r\n                        <div class=\"controls flex-row-wrapper\" data-glide-el=\"controls\">\r\n                            <button class=\"controls--btn prev\" data-glide-dir=\"&lt;\"><i class=\"far fa-angle-left\"><\/i><\/button>\r\n                            <button class=\"controls--btn next\" data-glide-dir=\"&gt;\"><i class=\"far fa-angle-right\"><\/i><\/button>\r\n                        <\/div>\r\n                                        <\/div>\r\n                            <\/div>\r\n        <\/div>\r\n    <\/section>\r\n","protected":false},"excerpt":{"rendered":"<p>Tail lift radio system &#8211; Flexible work at a safe distance A tail lift should open and close smoothly and without any risk of crush&#8230;<\/p>\n","protected":false},"author":1,"featured_media":0,"parent":0,"menu_order":0,"comment_status":"closed","ping_status":"closed","template":"","meta":{"_acf_changed":false,"footnotes":""},"class_list":["post-10656","page","type-page","status-publish","hentry"],"acf":[],"yoast_head":"<!-- This site is optimized with the Yoast SEO plugin v27.4 - https:\/\/yoast.com\/product\/yoast-seo-wordpress\/ -->\n<title>Tail Lift Radio System | \u00c5kerstr\u00f6ms<\/title>\n<meta name=\"description\" content=\"\u00c5kerstr\u00f6ms tail lift radio systems - IP67-rated, ergonomic wireless control for delivery trucks and logistics vehicles. Explore now.\" \/>\n<meta name=\"robots\" content=\"index, follow, max-snippet:-1, max-image-preview:large, max-video-preview:-1\" \/>\n<link rel=\"canonical\" href=\"https:\/\/akerstroms.se\/en\/tail-lifts\/\" \/>\n<meta property=\"og:locale\" content=\"en_US\" \/>\n<meta property=\"og:type\" content=\"article\" \/>\n<meta property=\"og:title\" content=\"Tail Lift Radio System | \u00c5kerstr\u00f6ms\" \/>\n<meta property=\"og:description\" content=\"\u00c5kerstr\u00f6ms tail lift radio systems - IP67-rated, ergonomic wireless control for delivery trucks and logistics vehicles. Explore now.\" \/>\n<meta property=\"og:url\" content=\"https:\/\/akerstroms.se\/en\/tail-lifts\/\" \/>\n<meta property=\"og:site_name\" content=\"\u00c5kerstr\u00f6ms Bj\u00f6rbo\" \/>\n<meta property=\"article:publisher\" content=\"https:\/\/www.facebook.com\/akerstroms.se\" \/>\n<meta property=\"article:modified_time\" content=\"2026-04-02T09:54:26+00:00\" \/>\n<meta property=\"og:image\" content=\"https:\/\/akerstroms.se\/app\/uploads\/2025\/12\/Bakgavellyft.jpg\" \/>\n\t<meta property=\"og:image:width\" content=\"2000\" \/>\n\t<meta property=\"og:image:height\" content=\"1502\" \/>\n\t<meta property=\"og:image:type\" content=\"image\/jpeg\" \/>\n<meta name=\"twitter:card\" content=\"summary_large_image\" \/>\n<meta name=\"twitter:label1\" content=\"Est. reading time\" \/>\n\t<meta name=\"twitter:data1\" content=\"1 minute\" \/>\n<script type=\"application\/ld+json\" class=\"yoast-schema-graph\">{\"@context\":\"https:\\\/\\\/schema.org\",\"@graph\":[{\"@type\":\"WebPage\",\"@id\":\"https:\\\/\\\/akerstroms.se\\\/en\\\/tail-lifts\\\/\",\"url\":\"https:\\\/\\\/akerstroms.se\\\/en\\\/tail-lifts\\\/\",\"name\":\"Tail Lift Radio System | \u00c5kerstr\u00f6ms\",\"isPartOf\":{\"@id\":\"https:\\\/\\\/akerstroms.se\\\/#website\"},\"primaryImageOfPage\":{\"@id\":\"https:\\\/\\\/akerstroms.se\\\/en\\\/tail-lifts\\\/#primaryimage\"},\"image\":{\"@id\":\"https:\\\/\\\/akerstroms.se\\\/en\\\/tail-lifts\\\/#primaryimage\"},\"thumbnailUrl\":\"https:\\\/\\\/akerstroms.se\\\/app\\\/uploads\\\/2025\\\/12\\\/Bakgavellyft.jpg\",\"datePublished\":\"2021-10-01T12:58:37+00:00\",\"dateModified\":\"2026-04-02T09:54:26+00:00\",\"description\":\"\u00c5kerstr\u00f6ms tail lift radio systems - IP67-rated, ergonomic wireless control for delivery trucks and logistics vehicles. Explore now.\",\"breadcrumb\":{\"@id\":\"https:\\\/\\\/akerstroms.se\\\/en\\\/tail-lifts\\\/#breadcrumb\"},\"inLanguage\":\"en-US\",\"potentialAction\":[{\"@type\":\"ReadAction\",\"target\":[\"https:\\\/\\\/akerstroms.se\\\/en\\\/tail-lifts\\\/\"]}]},{\"@type\":\"ImageObject\",\"inLanguage\":\"en-US\",\"@id\":\"https:\\\/\\\/akerstroms.se\\\/en\\\/tail-lifts\\\/#primaryimage\",\"url\":\"https:\\\/\\\/akerstroms.se\\\/app\\\/uploads\\\/2025\\\/12\\\/Bakgavellyft.jpg\",\"contentUrl\":\"https:\\\/\\\/akerstroms.se\\\/app\\\/uploads\\\/2025\\\/12\\\/Bakgavellyft.jpg\"},{\"@type\":\"BreadcrumbList\",\"@id\":\"https:\\\/\\\/akerstroms.se\\\/en\\\/tail-lifts\\\/#breadcrumb\",\"itemListElement\":[{\"@type\":\"ListItem\",\"position\":1,\"name\":\"Home\",\"item\":\"https:\\\/\\\/akerstroms.se\\\/en\\\/\"},{\"@type\":\"ListItem\",\"position\":2,\"name\":\"Tail lifts\"}]},{\"@type\":\"WebSite\",\"@id\":\"https:\\\/\\\/akerstroms.se\\\/#website\",\"url\":\"https:\\\/\\\/akerstroms.se\\\/\",\"name\":\"\u00c5kerstr\u00f6ms Bj\u00f6rbo\",\"description\":\"Radiostyrning f\u00f6r industriella och mobila applikationer\",\"publisher\":{\"@id\":\"https:\\\/\\\/akerstroms.se\\\/#organization\"},\"potentialAction\":[{\"@type\":\"SearchAction\",\"target\":{\"@type\":\"EntryPoint\",\"urlTemplate\":\"https:\\\/\\\/akerstroms.se\\\/?s={search_term_string}\"},\"query-input\":{\"@type\":\"PropertyValueSpecification\",\"valueRequired\":true,\"valueName\":\"search_term_string\"}}],\"inLanguage\":\"en-US\"},{\"@type\":\"Organization\",\"@id\":\"https:\\\/\\\/akerstroms.se\\\/#organization\",\"name\":\"\u00c5kerstr\u00f6ms AB\",\"url\":\"https:\\\/\\\/akerstroms.se\\\/\",\"logo\":{\"@type\":\"ImageObject\",\"inLanguage\":\"en-US\",\"@id\":\"https:\\\/\\\/akerstroms.se\\\/#\\\/schema\\\/logo\\\/image\\\/\",\"url\":\"https:\\\/\\\/akerstroms.se\\\/app\\\/uploads\\\/2021\\\/10\\\/akerstroms-logo.png\",\"contentUrl\":\"https:\\\/\\\/akerstroms.se\\\/app\\\/uploads\\\/2021\\\/10\\\/akerstroms-logo.png\",\"width\":400,\"height\":86,\"caption\":\"\u00c5kerstr\u00f6ms AB\"},\"image\":{\"@id\":\"https:\\\/\\\/akerstroms.se\\\/#\\\/schema\\\/logo\\\/image\\\/\"},\"sameAs\":[\"https:\\\/\\\/www.facebook.com\\\/akerstroms.se\",\"https:\\\/\\\/www.linkedin.com\\\/company\\\/akerstroms\\\/\",\"https:\\\/\\\/www.youtube.com\\\/channel\\\/UC8S-jX9nA8c9qBaTlgqg1CQ\"]}]}<\/script>\n<!-- \/ Yoast SEO plugin. -->","yoast_head_json":{"title":"Tail Lift Radio System | \u00c5kerstr\u00f6ms","description":"\u00c5kerstr\u00f6ms tail lift radio systems - IP67-rated, ergonomic wireless control for delivery trucks and logistics vehicles. Explore now.","robots":{"index":"index","follow":"follow","max-snippet":"max-snippet:-1","max-image-preview":"max-image-preview:large","max-video-preview":"max-video-preview:-1"},"canonical":"https:\/\/akerstroms.se\/en\/tail-lifts\/","og_locale":"en_US","og_type":"article","og_title":"Tail Lift Radio System | \u00c5kerstr\u00f6ms","og_description":"\u00c5kerstr\u00f6ms tail lift radio systems - IP67-rated, ergonomic wireless control for delivery trucks and logistics vehicles. Explore now.","og_url":"https:\/\/akerstroms.se\/en\/tail-lifts\/","og_site_name":"\u00c5kerstr\u00f6ms Bj\u00f6rbo","article_publisher":"https:\/\/www.facebook.com\/akerstroms.se","article_modified_time":"2026-04-02T09:54:26+00:00","og_image":[{"width":2000,"height":1502,"url":"https:\/\/akerstroms.se\/app\/uploads\/2025\/12\/Bakgavellyft.jpg","type":"image\/jpeg"}],"twitter_card":"summary_large_image","twitter_misc":{"Est. reading time":"1 minute"},"schema":{"@context":"https:\/\/schema.org","@graph":[{"@type":"WebPage","@id":"https:\/\/akerstroms.se\/en\/tail-lifts\/","url":"https:\/\/akerstroms.se\/en\/tail-lifts\/","name":"Tail Lift Radio System | \u00c5kerstr\u00f6ms","isPartOf":{"@id":"https:\/\/akerstroms.se\/#website"},"primaryImageOfPage":{"@id":"https:\/\/akerstroms.se\/en\/tail-lifts\/#primaryimage"},"image":{"@id":"https:\/\/akerstroms.se\/en\/tail-lifts\/#primaryimage"},"thumbnailUrl":"https:\/\/akerstroms.se\/app\/uploads\/2025\/12\/Bakgavellyft.jpg","datePublished":"2021-10-01T12:58:37+00:00","dateModified":"2026-04-02T09:54:26+00:00","description":"\u00c5kerstr\u00f6ms tail lift radio systems - IP67-rated, ergonomic wireless control for delivery trucks and logistics vehicles. Explore now.","breadcrumb":{"@id":"https:\/\/akerstroms.se\/en\/tail-lifts\/#breadcrumb"},"inLanguage":"en-US","potentialAction":[{"@type":"ReadAction","target":["https:\/\/akerstroms.se\/en\/tail-lifts\/"]}]},{"@type":"ImageObject","inLanguage":"en-US","@id":"https:\/\/akerstroms.se\/en\/tail-lifts\/#primaryimage","url":"https:\/\/akerstroms.se\/app\/uploads\/2025\/12\/Bakgavellyft.jpg","contentUrl":"https:\/\/akerstroms.se\/app\/uploads\/2025\/12\/Bakgavellyft.jpg"},{"@type":"BreadcrumbList","@id":"https:\/\/akerstroms.se\/en\/tail-lifts\/#breadcrumb","itemListElement":[{"@type":"ListItem","position":1,"name":"Home","item":"https:\/\/akerstroms.se\/en\/"},{"@type":"ListItem","position":2,"name":"Tail lifts"}]},{"@type":"WebSite","@id":"https:\/\/akerstroms.se\/#website","url":"https:\/\/akerstroms.se\/","name":"\u00c5kerstr\u00f6ms Bj\u00f6rbo","description":"Radiostyrning f\u00f6r industriella och mobila applikationer","publisher":{"@id":"https:\/\/akerstroms.se\/#organization"},"potentialAction":[{"@type":"SearchAction","target":{"@type":"EntryPoint","urlTemplate":"https:\/\/akerstroms.se\/?s={search_term_string}"},"query-input":{"@type":"PropertyValueSpecification","valueRequired":true,"valueName":"search_term_string"}}],"inLanguage":"en-US"},{"@type":"Organization","@id":"https:\/\/akerstroms.se\/#organization","name":"\u00c5kerstr\u00f6ms AB","url":"https:\/\/akerstroms.se\/","logo":{"@type":"ImageObject","inLanguage":"en-US","@id":"https:\/\/akerstroms.se\/#\/schema\/logo\/image\/","url":"https:\/\/akerstroms.se\/app\/uploads\/2021\/10\/akerstroms-logo.png","contentUrl":"https:\/\/akerstroms.se\/app\/uploads\/2021\/10\/akerstroms-logo.png","width":400,"height":86,"caption":"\u00c5kerstr\u00f6ms AB"},"image":{"@id":"https:\/\/akerstroms.se\/#\/schema\/logo\/image\/"},"sameAs":["https:\/\/www.facebook.com\/akerstroms.se","https:\/\/www.linkedin.com\/company\/akerstroms\/","https:\/\/www.youtube.com\/channel\/UC8S-jX9nA8c9qBaTlgqg1CQ"]}]}},"_links":{"self":[{"href":"https:\/\/akerstroms.se\/en\/wp-json\/wp\/v2\/pages\/10656","targetHints":{"allow":["GET"]}}],"collection":[{"href":"https:\/\/akerstroms.se\/en\/wp-json\/wp\/v2\/pages"}],"about":[{"href":"https:\/\/akerstroms.se\/en\/wp-json\/wp\/v2\/types\/page"}],"author":[{"embeddable":true,"href":"https:\/\/akerstroms.se\/en\/wp-json\/wp\/v2\/users\/1"}],"replies":[{"embeddable":true,"href":"https:\/\/akerstroms.se\/en\/wp-json\/wp\/v2\/comments?post=10656"}],"version-history":[{"count":18,"href":"https:\/\/akerstroms.se\/en\/wp-json\/wp\/v2\/pages\/10656\/revisions"}],"predecessor-version":[{"id":24415,"href":"https:\/\/akerstroms.se\/en\/wp-json\/wp\/v2\/pages\/10656\/revisions\/24415"}],"wp:attachment":[{"href":"https:\/\/akerstroms.se\/en\/wp-json\/wp\/v2\/media?parent=10656"}],"curies":[{"name":"wp","href":"https:\/\/api.w.org\/{rel}","templated":true}]}}