{"id":9889,"date":"2021-04-08T12:23:58","date_gmt":"2021-09-27T06:11:44","guid":{"rendered":"https:\/\/akerstroms.se\/product\/remotus-12bd-2\/"},"modified":"2021-10-19T15:58:39","modified_gmt":"2021-10-19T13:58:39","slug":"remotus-12bd","status":"publish","type":"product","link":"https:\/\/akerstroms.se\/de\/produkt\/remotus-12bd\/","title":{"rendered":"Remotus 12BD"},"content":{"rendered":"","protected":false},"excerpt":{"rendered":"<h3>Remotus 12B ist ein robuster Handsender, der sowohl f\u00fcr den Innen- als auch f\u00fcr den Au\u00dfengebrauch geeignet ist.<\/h3>\n<p>Seine 12 zweistufigen Tasten bieten bis zu 24 Funktionsm\u00f6glichkeiten. Es gibt ihn als Modell mit oder ohne Display. Der Sender bietet viele M\u00f6glichkeiten einer individuellen Kundenanpassung und ist daher f\u00fcr eine Reihe verschiedener Anwendungsbereiche geeignet wie Kr\u00e4ne und Hebeb\u00fchnen, Fahrzeuge, Hafen- und F\u00e4hranlagen, Pumpen und Winden. Dank eines Membranventils, durch das eventuelles Kondensat entweichen kann, wird er auch mit schnellen und gro\u00dfen Temperaturunterschieden fertig. Der Remotus 12B kann sowohl allgemeine als auch individuelle Frequenzen nutzen und verf\u00fcgt \u00fcber deutlich sichtbare, austauschbare Symbole, die an die Kundenw\u00fcnsche angepasst werden k\u00f6nnen. Er kann mit einem grafischen Display ausger\u00fcstet werden (102&#215;64 Pixel), auf dem bis zu 4 Werte mit Einheiten gleichzeitig angezeigt werden k\u00f6nnen, entweder als Zahlen oder Stapel. Der Sender ist mit einem temperaturkompensierenden Akku-Indikator ausgestattet und warnt bei einer zu geringen Akkuladung. Seine Konfiguration wird auf einer CIM-Platine (Configuration Information Module) gespeichert. So kann die Konfiguration eines Senders ganz einfach auf einen anderen \u00fcberf\u00fchrt werden, z.\u00a0B. wenn er durch einen Reservesender ersetzt wird. W\u00e4hrend des Betriebs ist die CIM-Platine gesch\u00fctzt, aber \u00fcber eine Serviceklappe leicht zug\u00e4nglich.<\/p>\n","protected":false},"featured_media":10120,"template":"","meta":{"_acf_changed":false},"product_brand":[],"product_cat":[157,149],"product_tag":[171,175,170,178,179,177,172],"class_list":{"0":"post-9889","1":"product","2":"type-product","3":"status-publish","4":"has-post-thumbnail","6":"product_cat-handsender-de","7":"product_cat-remotus-de","8":"product_tag-fahrzeuge-und-aufbauten-de","9":"product_tag-hafen-und-fahren-de","10":"product_tag-krane-und-hebebuhnen-de","11":"product_tag-maschinen-de","12":"product_tag-pumpen-de","13":"product_tag-sonstige-steuerungen-de","14":"product_tag-winden-de","16":"first","17":"instock","18":"product-type-simple"},"acf":[],"yoast_head":"<!-- This site is optimized with the Yoast SEO plugin v27.4 - https:\/\/yoast.com\/product\/yoast-seo-wordpress\/ -->\n<title>Remotus 12BD - \u00c5kerstr\u00f6ms Bj\u00f6rbo<\/title>\n<meta name=\"description\" content=\"Remotus 12B ist ein robuster Handsender, der sowohl f\u00fcr den Innen- als auch f\u00fcr den Au\u00dfengebrauch geeignet ist. Die 12 zweistufigen Tasten bieten bis zu 24 Funktionsm\u00f6glichkeiten.\" \/>\n<meta name=\"robots\" content=\"index, follow, max-snippet:-1, max-image-preview:large, max-video-preview:-1\" \/>\n<link rel=\"canonical\" href=\"https:\/\/akerstroms.se\/de\/produkt\/remotus-12bd\/\" \/>\n<meta property=\"og:locale\" content=\"de_DE\" \/>\n<meta property=\"og:type\" content=\"article\" \/>\n<meta property=\"og:title\" content=\"Remotus 12BD - \u00c5kerstr\u00f6ms Bj\u00f6rbo\" \/>\n<meta property=\"og:description\" content=\"Remotus 12B ist ein robuster Handsender, der sowohl f\u00fcr den Innen- als auch f\u00fcr den Au\u00dfengebrauch geeignet ist. Die 12 zweistufigen Tasten bieten bis zu 24 Funktionsm\u00f6glichkeiten.\" \/>\n<meta property=\"og:url\" content=\"https:\/\/akerstroms.se\/de\/produkt\/remotus-12bd\/\" \/>\n<meta property=\"og:site_name\" content=\"\u00c5kerstr\u00f6ms Bj\u00f6rbo\" \/>\n<meta property=\"article:publisher\" content=\"https:\/\/www.facebook.com\/akerstroms.se\" \/>\n<meta property=\"article:modified_time\" content=\"2021-10-19T13:58:39+00:00\" \/>\n<meta property=\"og:image\" content=\"https:\/\/akerstroms.se\/app\/uploads\/2021\/04\/Remotus-12BD.jpg\" \/>\n\t<meta property=\"og:image:width\" content=\"930\" \/>\n\t<meta property=\"og:image:height\" content=\"1271\" \/>\n\t<meta property=\"og:image:type\" content=\"image\/jpeg\" \/>\n<meta name=\"twitter:card\" content=\"summary_large_image\" \/>\n<script type=\"application\/ld+json\" class=\"yoast-schema-graph\">{\"@context\":\"https:\\\/\\\/schema.org\",\"@graph\":[{\"@type\":\"WebPage\",\"@id\":\"https:\\\/\\\/akerstroms.se\\\/de\\\/produkt\\\/remotus-12bd\\\/\",\"url\":\"https:\\\/\\\/akerstroms.se\\\/de\\\/produkt\\\/remotus-12bd\\\/\",\"name\":\"Remotus 12BD - \u00c5kerstr\u00f6ms Bj\u00f6rbo\",\"isPartOf\":{\"@id\":\"https:\\\/\\\/akerstroms.se\\\/#website\"},\"primaryImageOfPage\":{\"@id\":\"https:\\\/\\\/akerstroms.se\\\/de\\\/produkt\\\/remotus-12bd\\\/#primaryimage\"},\"image\":{\"@id\":\"https:\\\/\\\/akerstroms.se\\\/de\\\/produkt\\\/remotus-12bd\\\/#primaryimage\"},\"thumbnailUrl\":\"https:\\\/\\\/akerstroms.se\\\/app\\\/uploads\\\/2021\\\/04\\\/Remotus-12BD.jpg\",\"datePublished\":\"2021-09-27T06:11:44+00:00\",\"dateModified\":\"2021-10-19T13:58:39+00:00\",\"description\":\"Remotus 12B ist ein robuster Handsender, der sowohl f\u00fcr den Innen- als auch f\u00fcr den Au\u00dfengebrauch geeignet ist. Die 12 zweistufigen Tasten bieten bis zu 24 Funktionsm\u00f6glichkeiten.\",\"breadcrumb\":{\"@id\":\"https:\\\/\\\/akerstroms.se\\\/de\\\/produkt\\\/remotus-12bd\\\/#breadcrumb\"},\"inLanguage\":\"de\",\"potentialAction\":[{\"@type\":\"ReadAction\",\"target\":[\"https:\\\/\\\/akerstroms.se\\\/de\\\/produkt\\\/remotus-12bd\\\/\"]}]},{\"@type\":\"ImageObject\",\"inLanguage\":\"de\",\"@id\":\"https:\\\/\\\/akerstroms.se\\\/de\\\/produkt\\\/remotus-12bd\\\/#primaryimage\",\"url\":\"https:\\\/\\\/akerstroms.se\\\/app\\\/uploads\\\/2021\\\/04\\\/Remotus-12BD.jpg\",\"contentUrl\":\"https:\\\/\\\/akerstroms.se\\\/app\\\/uploads\\\/2021\\\/04\\\/Remotus-12BD.jpg\",\"width\":930,\"height\":1271,\"caption\":\"Remotus 12BD\"},{\"@type\":\"BreadcrumbList\",\"@id\":\"https:\\\/\\\/akerstroms.se\\\/de\\\/produkt\\\/remotus-12bd\\\/#breadcrumb\",\"itemListElement\":[{\"@type\":\"ListItem\",\"position\":1,\"name\":\"Home\",\"item\":\"https:\\\/\\\/akerstroms.se\\\/de\\\/\"},{\"@type\":\"ListItem\",\"position\":2,\"name\":\"Shop\",\"item\":\"https:\\\/\\\/akerstroms.se\\\/de\\\/shop\\\/\"},{\"@type\":\"ListItem\",\"position\":3,\"name\":\"Remotus 12BD\"}]},{\"@type\":\"WebSite\",\"@id\":\"https:\\\/\\\/akerstroms.se\\\/#website\",\"url\":\"https:\\\/\\\/akerstroms.se\\\/\",\"name\":\"\u00c5kerstr\u00f6ms Bj\u00f6rbo\",\"description\":\"Radiostyrning f\u00f6r industriella och mobila applikationer\",\"publisher\":{\"@id\":\"https:\\\/\\\/akerstroms.se\\\/#organization\"},\"potentialAction\":[{\"@type\":\"SearchAction\",\"target\":{\"@type\":\"EntryPoint\",\"urlTemplate\":\"https:\\\/\\\/akerstroms.se\\\/?s={search_term_string}\"},\"query-input\":{\"@type\":\"PropertyValueSpecification\",\"valueRequired\":true,\"valueName\":\"search_term_string\"}}],\"inLanguage\":\"de\"},{\"@type\":\"Organization\",\"@id\":\"https:\\\/\\\/akerstroms.se\\\/#organization\",\"name\":\"\u00c5kerstr\u00f6ms AB\",\"url\":\"https:\\\/\\\/akerstroms.se\\\/\",\"logo\":{\"@type\":\"ImageObject\",\"inLanguage\":\"de\",\"@id\":\"https:\\\/\\\/akerstroms.se\\\/#\\\/schema\\\/logo\\\/image\\\/\",\"url\":\"https:\\\/\\\/akerstroms.se\\\/app\\\/uploads\\\/2021\\\/10\\\/akerstroms-logo.png\",\"contentUrl\":\"https:\\\/\\\/akerstroms.se\\\/app\\\/uploads\\\/2021\\\/10\\\/akerstroms-logo.png\",\"width\":400,\"height\":86,\"caption\":\"\u00c5kerstr\u00f6ms AB\"},\"image\":{\"@id\":\"https:\\\/\\\/akerstroms.se\\\/#\\\/schema\\\/logo\\\/image\\\/\"},\"sameAs\":[\"https:\\\/\\\/www.facebook.com\\\/akerstroms.se\",\"https:\\\/\\\/www.linkedin.com\\\/company\\\/akerstroms\\\/\",\"https:\\\/\\\/www.youtube.com\\\/channel\\\/UC8S-jX9nA8c9qBaTlgqg1CQ\"]}]}<\/script>\n<!-- \/ Yoast SEO plugin. -->","yoast_head_json":{"title":"Remotus 12BD - \u00c5kerstr\u00f6ms Bj\u00f6rbo","description":"Remotus 12B ist ein robuster Handsender, der sowohl f\u00fcr den Innen- als auch f\u00fcr den Au\u00dfengebrauch geeignet ist. Die 12 zweistufigen Tasten bieten bis zu 24 Funktionsm\u00f6glichkeiten.","robots":{"index":"index","follow":"follow","max-snippet":"max-snippet:-1","max-image-preview":"max-image-preview:large","max-video-preview":"max-video-preview:-1"},"canonical":"https:\/\/akerstroms.se\/de\/produkt\/remotus-12bd\/","og_locale":"de_DE","og_type":"article","og_title":"Remotus 12BD - \u00c5kerstr\u00f6ms Bj\u00f6rbo","og_description":"Remotus 12B ist ein robuster Handsender, der sowohl f\u00fcr den Innen- als auch f\u00fcr den Au\u00dfengebrauch geeignet ist. Die 12 zweistufigen Tasten bieten bis zu 24 Funktionsm\u00f6glichkeiten.","og_url":"https:\/\/akerstroms.se\/de\/produkt\/remotus-12bd\/","og_site_name":"\u00c5kerstr\u00f6ms Bj\u00f6rbo","article_publisher":"https:\/\/www.facebook.com\/akerstroms.se","article_modified_time":"2021-10-19T13:58:39+00:00","og_image":[{"width":930,"height":1271,"url":"https:\/\/akerstroms.se\/app\/uploads\/2021\/04\/Remotus-12BD.jpg","type":"image\/jpeg"}],"twitter_card":"summary_large_image","schema":{"@context":"https:\/\/schema.org","@graph":[{"@type":"WebPage","@id":"https:\/\/akerstroms.se\/de\/produkt\/remotus-12bd\/","url":"https:\/\/akerstroms.se\/de\/produkt\/remotus-12bd\/","name":"Remotus 12BD - \u00c5kerstr\u00f6ms Bj\u00f6rbo","isPartOf":{"@id":"https:\/\/akerstroms.se\/#website"},"primaryImageOfPage":{"@id":"https:\/\/akerstroms.se\/de\/produkt\/remotus-12bd\/#primaryimage"},"image":{"@id":"https:\/\/akerstroms.se\/de\/produkt\/remotus-12bd\/#primaryimage"},"thumbnailUrl":"https:\/\/akerstroms.se\/app\/uploads\/2021\/04\/Remotus-12BD.jpg","datePublished":"2021-09-27T06:11:44+00:00","dateModified":"2021-10-19T13:58:39+00:00","description":"Remotus 12B ist ein robuster Handsender, der sowohl f\u00fcr den Innen- als auch f\u00fcr den Au\u00dfengebrauch geeignet ist. Die 12 zweistufigen Tasten bieten bis zu 24 Funktionsm\u00f6glichkeiten.","breadcrumb":{"@id":"https:\/\/akerstroms.se\/de\/produkt\/remotus-12bd\/#breadcrumb"},"inLanguage":"de","potentialAction":[{"@type":"ReadAction","target":["https:\/\/akerstroms.se\/de\/produkt\/remotus-12bd\/"]}]},{"@type":"ImageObject","inLanguage":"de","@id":"https:\/\/akerstroms.se\/de\/produkt\/remotus-12bd\/#primaryimage","url":"https:\/\/akerstroms.se\/app\/uploads\/2021\/04\/Remotus-12BD.jpg","contentUrl":"https:\/\/akerstroms.se\/app\/uploads\/2021\/04\/Remotus-12BD.jpg","width":930,"height":1271,"caption":"Remotus 12BD"},{"@type":"BreadcrumbList","@id":"https:\/\/akerstroms.se\/de\/produkt\/remotus-12bd\/#breadcrumb","itemListElement":[{"@type":"ListItem","position":1,"name":"Home","item":"https:\/\/akerstroms.se\/de\/"},{"@type":"ListItem","position":2,"name":"Shop","item":"https:\/\/akerstroms.se\/de\/shop\/"},{"@type":"ListItem","position":3,"name":"Remotus 12BD"}]},{"@type":"WebSite","@id":"https:\/\/akerstroms.se\/#website","url":"https:\/\/akerstroms.se\/","name":"\u00c5kerstr\u00f6ms Bj\u00f6rbo","description":"Radiostyrning f\u00f6r industriella och mobila applikationer","publisher":{"@id":"https:\/\/akerstroms.se\/#organization"},"potentialAction":[{"@type":"SearchAction","target":{"@type":"EntryPoint","urlTemplate":"https:\/\/akerstroms.se\/?s={search_term_string}"},"query-input":{"@type":"PropertyValueSpecification","valueRequired":true,"valueName":"search_term_string"}}],"inLanguage":"de"},{"@type":"Organization","@id":"https:\/\/akerstroms.se\/#organization","name":"\u00c5kerstr\u00f6ms AB","url":"https:\/\/akerstroms.se\/","logo":{"@type":"ImageObject","inLanguage":"de","@id":"https:\/\/akerstroms.se\/#\/schema\/logo\/image\/","url":"https:\/\/akerstroms.se\/app\/uploads\/2021\/10\/akerstroms-logo.png","contentUrl":"https:\/\/akerstroms.se\/app\/uploads\/2021\/10\/akerstroms-logo.png","width":400,"height":86,"caption":"\u00c5kerstr\u00f6ms AB"},"image":{"@id":"https:\/\/akerstroms.se\/#\/schema\/logo\/image\/"},"sameAs":["https:\/\/www.facebook.com\/akerstroms.se","https:\/\/www.linkedin.com\/company\/akerstroms\/","https:\/\/www.youtube.com\/channel\/UC8S-jX9nA8c9qBaTlgqg1CQ"]}]}},"_links":{"self":[{"href":"https:\/\/akerstroms.se\/de\/wp-json\/wp\/v2\/product\/9889","targetHints":{"allow":["GET"]}}],"collection":[{"href":"https:\/\/akerstroms.se\/de\/wp-json\/wp\/v2\/product"}],"about":[{"href":"https:\/\/akerstroms.se\/de\/wp-json\/wp\/v2\/types\/product"}],"wp:featuredmedia":[{"embeddable":true,"href":"https:\/\/akerstroms.se\/de\/wp-json\/wp\/v2\/media\/10120"}],"wp:attachment":[{"href":"https:\/\/akerstroms.se\/de\/wp-json\/wp\/v2\/media?parent=9889"}],"wp:term":[{"taxonomy":"product_brand","embeddable":true,"href":"https:\/\/akerstroms.se\/de\/wp-json\/wp\/v2\/product_brand?post=9889"},{"taxonomy":"product_cat","embeddable":true,"href":"https:\/\/akerstroms.se\/de\/wp-json\/wp\/v2\/product_cat?post=9889"},{"taxonomy":"product_tag","embeddable":true,"href":"https:\/\/akerstroms.se\/de\/wp-json\/wp\/v2\/product_tag?post=9889"}],"curies":[{"name":"wp","href":"https:\/\/api.w.org\/{rel}","templated":true}]}}