{"id":9863,"date":"2021-05-06T11:09:25","date_gmt":"2021-09-27T06:09:28","guid":{"rendered":"https:\/\/akerstroms.se\/product\/remotus-100j\/"},"modified":"2021-10-22T13:55:19","modified_gmt":"2021-10-22T11:55:19","slug":"100jd","status":"publish","type":"product","link":"https:\/\/akerstroms.se\/de\/produkt\/100jd\/","title":{"rendered":"Remotus 100J"},"content":{"rendered":"","protected":false},"excerpt":{"rendered":"<h3>Beckengurtsender mit Joystick oder Paddles f\u00fcr Kr\u00e4ne, Maschinen und sonstige Steuerungen<\/h3>\n<p>Der Remotus 100 ist ein praktischer Beckengurtsender f\u00fcr Kr\u00e4ne und Hebeanwendungen, eignet sich aber genauso f\u00fcr Maschinen, Pumpen und andere Anwendungen. Er ist einfach in der Verwendung und sein Design ist gut durchdacht, robust und ergonomisch. Er kann sechs Bewegungen in zwei Geschwindigkeiten steuern oder stufenlos agieren und mit zwei Joysticks oder alternativ f\u00fcnf Paddles ausger\u00fcstet werden. Den Remotus 100 gibt es entweder mit oder ohne LCD, das Display hat 1 Zeile mit 8 Zeichen oder 1 bis 3 Zeilen mit 16 Zeichen\/Zeile. Die Notausfunktion von Remotus entspricht PLd, Cat 3, EN ISO 13849-1.<\/p>\n","protected":false},"featured_media":7083,"template":"","meta":{"_acf_changed":false},"product_brand":[],"product_cat":[158,149],"product_tag":[170,179,177],"class_list":{"0":"post-9863","1":"product","2":"type-product","3":"status-publish","4":"has-post-thumbnail","6":"product_cat-beckengurtsender-de","7":"product_cat-remotus-de","8":"product_tag-krane-und-hebebuhnen-de","9":"product_tag-pumpen-de","10":"product_tag-sonstige-steuerungen-de","12":"first","13":"instock","14":"product-type-simple"},"acf":[],"yoast_head":"<!-- This site is optimized with the Yoast SEO plugin v27.4 - https:\/\/yoast.com\/product\/yoast-seo-wordpress\/ -->\n<title>Remotus Remotus 100J - \u00c5kerstr\u00f6ms Bj\u00f6rbo<\/title>\n<meta name=\"robots\" content=\"index, follow, max-snippet:-1, max-image-preview:large, max-video-preview:-1\" \/>\n<link rel=\"canonical\" href=\"https:\/\/akerstroms.se\/de\/produkt\/100jd\/\" \/>\n<meta property=\"og:locale\" content=\"de_DE\" \/>\n<meta property=\"og:type\" content=\"article\" \/>\n<meta property=\"og:title\" content=\"Remotus Remotus 100J - \u00c5kerstr\u00f6ms Bj\u00f6rbo\" \/>\n<meta property=\"og:description\" content=\"Beckengurtsender mit Joystick oder Paddles f\u00fcr Kr\u00e4ne, Maschinen und sonstige Steuerungen Der Remotus 100 ist ein praktischer Beckengurtsender f\u00fcr Kr\u00e4ne und Hebeanwendungen, eignet sich aber genauso f\u00fcr Maschinen, Pumpen und andere Anwendungen. Er ist einfach in der Verwendung und sein Design ist gut durchdacht, robust und ergonomisch. Er kann sechs Bewegungen in zwei Geschwindigkeiten steuern oder stufenlos agieren und mit zwei Joysticks oder alternativ f\u00fcnf Paddles ausger\u00fcstet werden. Den Remotus 100 gibt es entweder mit oder ohne LCD, das Display hat 1 Zeile mit 8 Zeichen oder 1 bis 3 Zeilen mit 16 Zeichen\/Zeile. Die Notausfunktion von Remotus entspricht PLd, Cat 3, EN ISO 13849-1.\" \/>\n<meta property=\"og:url\" content=\"https:\/\/akerstroms.se\/de\/produkt\/100jd\/\" \/>\n<meta property=\"og:site_name\" content=\"\u00c5kerstr\u00f6ms Bj\u00f6rbo\" \/>\n<meta property=\"article:publisher\" content=\"https:\/\/www.facebook.com\/akerstroms.se\" \/>\n<meta property=\"article:modified_time\" content=\"2021-10-22T11:55:19+00:00\" \/>\n<meta property=\"og:image\" content=\"https:\/\/akerstroms.se\/app\/uploads\/2021\/05\/Remotus-100.jpg\" \/>\n\t<meta property=\"og:image:width\" content=\"930\" \/>\n\t<meta property=\"og:image:height\" content=\"1245\" \/>\n\t<meta property=\"og:image:type\" content=\"image\/jpeg\" \/>\n<meta name=\"twitter:card\" content=\"summary_large_image\" \/>\n<script type=\"application\/ld+json\" class=\"yoast-schema-graph\">{\"@context\":\"https:\\\/\\\/schema.org\",\"@graph\":[{\"@type\":\"WebPage\",\"@id\":\"https:\\\/\\\/akerstroms.se\\\/de\\\/produkt\\\/100jd\\\/\",\"url\":\"https:\\\/\\\/akerstroms.se\\\/de\\\/produkt\\\/100jd\\\/\",\"name\":\"Remotus Remotus 100J - \u00c5kerstr\u00f6ms Bj\u00f6rbo\",\"isPartOf\":{\"@id\":\"https:\\\/\\\/akerstroms.se\\\/#website\"},\"primaryImageOfPage\":{\"@id\":\"https:\\\/\\\/akerstroms.se\\\/de\\\/produkt\\\/100jd\\\/#primaryimage\"},\"image\":{\"@id\":\"https:\\\/\\\/akerstroms.se\\\/de\\\/produkt\\\/100jd\\\/#primaryimage\"},\"thumbnailUrl\":\"https:\\\/\\\/akerstroms.se\\\/app\\\/uploads\\\/2021\\\/05\\\/Remotus-100.jpg\",\"datePublished\":\"2021-09-27T06:09:28+00:00\",\"dateModified\":\"2021-10-22T11:55:19+00:00\",\"breadcrumb\":{\"@id\":\"https:\\\/\\\/akerstroms.se\\\/de\\\/produkt\\\/100jd\\\/#breadcrumb\"},\"inLanguage\":\"de\",\"potentialAction\":[{\"@type\":\"ReadAction\",\"target\":[\"https:\\\/\\\/akerstroms.se\\\/de\\\/produkt\\\/100jd\\\/\"]}]},{\"@type\":\"ImageObject\",\"inLanguage\":\"de\",\"@id\":\"https:\\\/\\\/akerstroms.se\\\/de\\\/produkt\\\/100jd\\\/#primaryimage\",\"url\":\"https:\\\/\\\/akerstroms.se\\\/app\\\/uploads\\\/2021\\\/05\\\/Remotus-100.jpg\",\"contentUrl\":\"https:\\\/\\\/akerstroms.se\\\/app\\\/uploads\\\/2021\\\/05\\\/Remotus-100.jpg\",\"width\":930,\"height\":1245,\"caption\":\"Remotus 100\"},{\"@type\":\"BreadcrumbList\",\"@id\":\"https:\\\/\\\/akerstroms.se\\\/de\\\/produkt\\\/100jd\\\/#breadcrumb\",\"itemListElement\":[{\"@type\":\"ListItem\",\"position\":1,\"name\":\"Home\",\"item\":\"https:\\\/\\\/akerstroms.se\\\/de\\\/\"},{\"@type\":\"ListItem\",\"position\":2,\"name\":\"Shop\",\"item\":\"https:\\\/\\\/akerstroms.se\\\/de\\\/shop\\\/\"},{\"@type\":\"ListItem\",\"position\":3,\"name\":\"Remotus 100J\"}]},{\"@type\":\"WebSite\",\"@id\":\"https:\\\/\\\/akerstroms.se\\\/#website\",\"url\":\"https:\\\/\\\/akerstroms.se\\\/\",\"name\":\"\u00c5kerstr\u00f6ms Bj\u00f6rbo\",\"description\":\"Radiostyrning f\u00f6r industriella och mobila applikationer\",\"publisher\":{\"@id\":\"https:\\\/\\\/akerstroms.se\\\/#organization\"},\"potentialAction\":[{\"@type\":\"SearchAction\",\"target\":{\"@type\":\"EntryPoint\",\"urlTemplate\":\"https:\\\/\\\/akerstroms.se\\\/?s={search_term_string}\"},\"query-input\":{\"@type\":\"PropertyValueSpecification\",\"valueRequired\":true,\"valueName\":\"search_term_string\"}}],\"inLanguage\":\"de\"},{\"@type\":\"Organization\",\"@id\":\"https:\\\/\\\/akerstroms.se\\\/#organization\",\"name\":\"\u00c5kerstr\u00f6ms AB\",\"url\":\"https:\\\/\\\/akerstroms.se\\\/\",\"logo\":{\"@type\":\"ImageObject\",\"inLanguage\":\"de\",\"@id\":\"https:\\\/\\\/akerstroms.se\\\/#\\\/schema\\\/logo\\\/image\\\/\",\"url\":\"https:\\\/\\\/akerstroms.se\\\/app\\\/uploads\\\/2021\\\/10\\\/akerstroms-logo.png\",\"contentUrl\":\"https:\\\/\\\/akerstroms.se\\\/app\\\/uploads\\\/2021\\\/10\\\/akerstroms-logo.png\",\"width\":400,\"height\":86,\"caption\":\"\u00c5kerstr\u00f6ms AB\"},\"image\":{\"@id\":\"https:\\\/\\\/akerstroms.se\\\/#\\\/schema\\\/logo\\\/image\\\/\"},\"sameAs\":[\"https:\\\/\\\/www.facebook.com\\\/akerstroms.se\",\"https:\\\/\\\/www.linkedin.com\\\/company\\\/akerstroms\\\/\",\"https:\\\/\\\/www.youtube.com\\\/channel\\\/UC8S-jX9nA8c9qBaTlgqg1CQ\"]}]}<\/script>\n<!-- \/ Yoast SEO plugin. -->","yoast_head_json":{"title":"Remotus Remotus 100J - \u00c5kerstr\u00f6ms Bj\u00f6rbo","robots":{"index":"index","follow":"follow","max-snippet":"max-snippet:-1","max-image-preview":"max-image-preview:large","max-video-preview":"max-video-preview:-1"},"canonical":"https:\/\/akerstroms.se\/de\/produkt\/100jd\/","og_locale":"de_DE","og_type":"article","og_title":"Remotus Remotus 100J - \u00c5kerstr\u00f6ms Bj\u00f6rbo","og_description":"Beckengurtsender mit Joystick oder Paddles f\u00fcr Kr\u00e4ne, Maschinen und sonstige Steuerungen Der Remotus 100 ist ein praktischer Beckengurtsender f\u00fcr Kr\u00e4ne und Hebeanwendungen, eignet sich aber genauso f\u00fcr Maschinen, Pumpen und andere Anwendungen. Er ist einfach in der Verwendung und sein Design ist gut durchdacht, robust und ergonomisch. Er kann sechs Bewegungen in zwei Geschwindigkeiten steuern oder stufenlos agieren und mit zwei Joysticks oder alternativ f\u00fcnf Paddles ausger\u00fcstet werden. Den Remotus 100 gibt es entweder mit oder ohne LCD, das Display hat 1 Zeile mit 8 Zeichen oder 1 bis 3 Zeilen mit 16 Zeichen\/Zeile. Die Notausfunktion von Remotus entspricht PLd, Cat 3, EN ISO 13849-1.","og_url":"https:\/\/akerstroms.se\/de\/produkt\/100jd\/","og_site_name":"\u00c5kerstr\u00f6ms Bj\u00f6rbo","article_publisher":"https:\/\/www.facebook.com\/akerstroms.se","article_modified_time":"2021-10-22T11:55:19+00:00","og_image":[{"width":930,"height":1245,"url":"https:\/\/akerstroms.se\/app\/uploads\/2021\/05\/Remotus-100.jpg","type":"image\/jpeg"}],"twitter_card":"summary_large_image","schema":{"@context":"https:\/\/schema.org","@graph":[{"@type":"WebPage","@id":"https:\/\/akerstroms.se\/de\/produkt\/100jd\/","url":"https:\/\/akerstroms.se\/de\/produkt\/100jd\/","name":"Remotus Remotus 100J - \u00c5kerstr\u00f6ms Bj\u00f6rbo","isPartOf":{"@id":"https:\/\/akerstroms.se\/#website"},"primaryImageOfPage":{"@id":"https:\/\/akerstroms.se\/de\/produkt\/100jd\/#primaryimage"},"image":{"@id":"https:\/\/akerstroms.se\/de\/produkt\/100jd\/#primaryimage"},"thumbnailUrl":"https:\/\/akerstroms.se\/app\/uploads\/2021\/05\/Remotus-100.jpg","datePublished":"2021-09-27T06:09:28+00:00","dateModified":"2021-10-22T11:55:19+00:00","breadcrumb":{"@id":"https:\/\/akerstroms.se\/de\/produkt\/100jd\/#breadcrumb"},"inLanguage":"de","potentialAction":[{"@type":"ReadAction","target":["https:\/\/akerstroms.se\/de\/produkt\/100jd\/"]}]},{"@type":"ImageObject","inLanguage":"de","@id":"https:\/\/akerstroms.se\/de\/produkt\/100jd\/#primaryimage","url":"https:\/\/akerstroms.se\/app\/uploads\/2021\/05\/Remotus-100.jpg","contentUrl":"https:\/\/akerstroms.se\/app\/uploads\/2021\/05\/Remotus-100.jpg","width":930,"height":1245,"caption":"Remotus 100"},{"@type":"BreadcrumbList","@id":"https:\/\/akerstroms.se\/de\/produkt\/100jd\/#breadcrumb","itemListElement":[{"@type":"ListItem","position":1,"name":"Home","item":"https:\/\/akerstroms.se\/de\/"},{"@type":"ListItem","position":2,"name":"Shop","item":"https:\/\/akerstroms.se\/de\/shop\/"},{"@type":"ListItem","position":3,"name":"Remotus 100J"}]},{"@type":"WebSite","@id":"https:\/\/akerstroms.se\/#website","url":"https:\/\/akerstroms.se\/","name":"\u00c5kerstr\u00f6ms Bj\u00f6rbo","description":"Radiostyrning f\u00f6r industriella och mobila applikationer","publisher":{"@id":"https:\/\/akerstroms.se\/#organization"},"potentialAction":[{"@type":"SearchAction","target":{"@type":"EntryPoint","urlTemplate":"https:\/\/akerstroms.se\/?s={search_term_string}"},"query-input":{"@type":"PropertyValueSpecification","valueRequired":true,"valueName":"search_term_string"}}],"inLanguage":"de"},{"@type":"Organization","@id":"https:\/\/akerstroms.se\/#organization","name":"\u00c5kerstr\u00f6ms AB","url":"https:\/\/akerstroms.se\/","logo":{"@type":"ImageObject","inLanguage":"de","@id":"https:\/\/akerstroms.se\/#\/schema\/logo\/image\/","url":"https:\/\/akerstroms.se\/app\/uploads\/2021\/10\/akerstroms-logo.png","contentUrl":"https:\/\/akerstroms.se\/app\/uploads\/2021\/10\/akerstroms-logo.png","width":400,"height":86,"caption":"\u00c5kerstr\u00f6ms AB"},"image":{"@id":"https:\/\/akerstroms.se\/#\/schema\/logo\/image\/"},"sameAs":["https:\/\/www.facebook.com\/akerstroms.se","https:\/\/www.linkedin.com\/company\/akerstroms\/","https:\/\/www.youtube.com\/channel\/UC8S-jX9nA8c9qBaTlgqg1CQ"]}]}},"_links":{"self":[{"href":"https:\/\/akerstroms.se\/de\/wp-json\/wp\/v2\/product\/9863","targetHints":{"allow":["GET"]}}],"collection":[{"href":"https:\/\/akerstroms.se\/de\/wp-json\/wp\/v2\/product"}],"about":[{"href":"https:\/\/akerstroms.se\/de\/wp-json\/wp\/v2\/types\/product"}],"wp:featuredmedia":[{"embeddable":true,"href":"https:\/\/akerstroms.se\/de\/wp-json\/wp\/v2\/media\/7083"}],"wp:attachment":[{"href":"https:\/\/akerstroms.se\/de\/wp-json\/wp\/v2\/media?parent=9863"}],"wp:term":[{"taxonomy":"product_brand","embeddable":true,"href":"https:\/\/akerstroms.se\/de\/wp-json\/wp\/v2\/product_brand?post=9863"},{"taxonomy":"product_cat","embeddable":true,"href":"https:\/\/akerstroms.se\/de\/wp-json\/wp\/v2\/product_cat?post=9863"},{"taxonomy":"product_tag","embeddable":true,"href":"https:\/\/akerstroms.se\/de\/wp-json\/wp\/v2\/product_tag?post=9863"}],"curies":[{"name":"wp","href":"https:\/\/api.w.org\/{rel}","templated":true}]}}