{"id":9862,"date":"2021-04-08T12:23:58","date_gmt":"2021-09-27T06:09:24","guid":{"rendered":"https:\/\/akerstroms.se\/product\/remotus-10bd-2\/"},"modified":"2021-10-19T15:58:36","modified_gmt":"2021-10-19T13:58:36","slug":"remotus-10bd","status":"publish","type":"product","link":"https:\/\/akerstroms.se\/de\/produkt\/remotus-10bd\/","title":{"rendered":"Remotus 10BD"},"content":{"rendered":"","protected":false},"excerpt":{"rendered":"<h3>Ein robuster Handsender f\u00fcr Kr\u00e4ne und Hebeb\u00fchnen.<\/h3>\n<p>Der Handsender Remotus 10BD ist ein robuster Sender, der sich sowohl f\u00fcr den Innen- als auch f\u00fcr den Au\u00dfengebrauch eignet und speziell f\u00fcr anspruchsvolle Kr\u00e4ne und schwere Hebevorg\u00e4nge entwickelt worden ist. Remotus 10BD besitzt 10 zweistufige Drucktasten, was jeder Drucktaste zwei Funktionen verleiht. Der Sender ist f\u00fcr Anwendungen angepasst, bei denen Mehrkran-\/Mehrfahrerbetrieb oder Katzwahl notwendig ist. Es gibt ihn als Modell mit oder ohne Display (102&#215;64 Pixel), auf dem bis zu 4 Zahlenwerte gleichzeitig angezeigt werden k\u00f6nnen. Die Tasten sind so gestaltet, dass sie sich auch mit Handschuhen leicht bedienen lassen. Leuchtdioden an jeder Taste zeigen die gew\u00e4hlte Funktion an. Eine separate Leuchtdiode signalisiert Akkustatus und Betrieb. Der Handsender wird mit standardisierten Kransymbolen oder anderen Symbolen nach Ihren W\u00fcnschen geliefert. Er ist mit einem sch\u00fctzenden Bumper aus Gummi ausger\u00fcstet, der ihn besonders sto\u00dfbest\u00e4ndig macht.<\/p>\n","protected":false},"featured_media":6811,"template":"","meta":{"_acf_changed":false},"product_brand":[],"product_cat":[157,149],"product_tag":[170],"class_list":{"0":"post-9862","1":"product","2":"type-product","3":"status-publish","4":"has-post-thumbnail","6":"product_cat-handsender-de","7":"product_cat-remotus-de","8":"product_tag-krane-und-hebebuhnen-de","10":"first","11":"instock","12":"product-type-simple"},"acf":[],"yoast_head":"<!-- This site is optimized with the Yoast SEO plugin v27.4 - https:\/\/yoast.com\/product\/yoast-seo-wordpress\/ -->\n<title>Remotus 10BD - \u00c5kerstr\u00f6ms Bj\u00f6rbo<\/title>\n<meta name=\"robots\" content=\"index, follow, max-snippet:-1, max-image-preview:large, max-video-preview:-1\" \/>\n<link rel=\"canonical\" href=\"https:\/\/akerstroms.se\/de\/produkt\/remotus-10bd\/\" \/>\n<meta property=\"og:locale\" content=\"de_DE\" \/>\n<meta property=\"og:type\" content=\"article\" \/>\n<meta property=\"og:title\" content=\"Remotus 10BD - \u00c5kerstr\u00f6ms Bj\u00f6rbo\" \/>\n<meta property=\"og:description\" content=\"Ein robuster Handsender f\u00fcr Kr\u00e4ne und Hebeb\u00fchnen. Der Handsender Remotus 10BD ist ein robuster Sender, der sich sowohl f\u00fcr den Innen- als auch f\u00fcr den Au\u00dfengebrauch eignet und speziell f\u00fcr anspruchsvolle Kr\u00e4ne und schwere Hebevorg\u00e4nge entwickelt worden ist. Remotus 10BD besitzt 10 zweistufige Drucktasten, was jeder Drucktaste zwei Funktionen verleiht. Der Sender ist f\u00fcr Anwendungen angepasst, bei denen Mehrkran-\/Mehrfahrerbetrieb oder Katzwahl notwendig ist. Es gibt ihn als Modell mit oder ohne Display (102x64 Pixel), auf dem bis zu 4 Zahlenwerte gleichzeitig angezeigt werden k\u00f6nnen. Die Tasten sind so gestaltet, dass sie sich auch mit Handschuhen leicht bedienen lassen. Leuchtdioden an jeder Taste zeigen die gew\u00e4hlte Funktion an. Eine separate Leuchtdiode signalisiert Akkustatus und Betrieb. Der Handsender wird mit standardisierten Kransymbolen oder anderen Symbolen nach Ihren W\u00fcnschen geliefert. Er ist mit einem sch\u00fctzenden Bumper aus Gummi ausger\u00fcstet, der ihn besonders sto\u00dfbest\u00e4ndig macht.\" \/>\n<meta property=\"og:url\" content=\"https:\/\/akerstroms.se\/de\/produkt\/remotus-10bd\/\" \/>\n<meta property=\"og:site_name\" content=\"\u00c5kerstr\u00f6ms Bj\u00f6rbo\" \/>\n<meta property=\"article:publisher\" content=\"https:\/\/www.facebook.com\/akerstroms.se\" \/>\n<meta property=\"article:modified_time\" content=\"2021-10-19T13:58:36+00:00\" \/>\n<meta property=\"og:image\" content=\"https:\/\/akerstroms.se\/app\/uploads\/2021\/04\/Jupiter-Mercurcy-10B-Display.jpg\" \/>\n\t<meta property=\"og:image:width\" content=\"930\" \/>\n\t<meta property=\"og:image:height\" content=\"1240\" \/>\n\t<meta property=\"og:image:type\" content=\"image\/jpeg\" \/>\n<meta name=\"twitter:card\" content=\"summary_large_image\" \/>\n<script type=\"application\/ld+json\" class=\"yoast-schema-graph\">{\"@context\":\"https:\\\/\\\/schema.org\",\"@graph\":[{\"@type\":\"WebPage\",\"@id\":\"https:\\\/\\\/akerstroms.se\\\/de\\\/produkt\\\/remotus-10bd\\\/\",\"url\":\"https:\\\/\\\/akerstroms.se\\\/de\\\/produkt\\\/remotus-10bd\\\/\",\"name\":\"Remotus 10BD - \u00c5kerstr\u00f6ms Bj\u00f6rbo\",\"isPartOf\":{\"@id\":\"https:\\\/\\\/akerstroms.se\\\/#website\"},\"primaryImageOfPage\":{\"@id\":\"https:\\\/\\\/akerstroms.se\\\/de\\\/produkt\\\/remotus-10bd\\\/#primaryimage\"},\"image\":{\"@id\":\"https:\\\/\\\/akerstroms.se\\\/de\\\/produkt\\\/remotus-10bd\\\/#primaryimage\"},\"thumbnailUrl\":\"https:\\\/\\\/akerstroms.se\\\/app\\\/uploads\\\/2021\\\/04\\\/Jupiter-Mercurcy-10B-Display.jpg\",\"datePublished\":\"2021-09-27T06:09:24+00:00\",\"dateModified\":\"2021-10-19T13:58:36+00:00\",\"breadcrumb\":{\"@id\":\"https:\\\/\\\/akerstroms.se\\\/de\\\/produkt\\\/remotus-10bd\\\/#breadcrumb\"},\"inLanguage\":\"de\",\"potentialAction\":[{\"@type\":\"ReadAction\",\"target\":[\"https:\\\/\\\/akerstroms.se\\\/de\\\/produkt\\\/remotus-10bd\\\/\"]}]},{\"@type\":\"ImageObject\",\"inLanguage\":\"de\",\"@id\":\"https:\\\/\\\/akerstroms.se\\\/de\\\/produkt\\\/remotus-10bd\\\/#primaryimage\",\"url\":\"https:\\\/\\\/akerstroms.se\\\/app\\\/uploads\\\/2021\\\/04\\\/Jupiter-Mercurcy-10B-Display.jpg\",\"contentUrl\":\"https:\\\/\\\/akerstroms.se\\\/app\\\/uploads\\\/2021\\\/04\\\/Jupiter-Mercurcy-10B-Display.jpg\",\"width\":930,\"height\":1240,\"caption\":\"Jupiter\\\/Mercury 10BD\"},{\"@type\":\"BreadcrumbList\",\"@id\":\"https:\\\/\\\/akerstroms.se\\\/de\\\/produkt\\\/remotus-10bd\\\/#breadcrumb\",\"itemListElement\":[{\"@type\":\"ListItem\",\"position\":1,\"name\":\"Home\",\"item\":\"https:\\\/\\\/akerstroms.se\\\/de\\\/\"},{\"@type\":\"ListItem\",\"position\":2,\"name\":\"Shop\",\"item\":\"https:\\\/\\\/akerstroms.se\\\/de\\\/shop\\\/\"},{\"@type\":\"ListItem\",\"position\":3,\"name\":\"Remotus 10BD\"}]},{\"@type\":\"WebSite\",\"@id\":\"https:\\\/\\\/akerstroms.se\\\/#website\",\"url\":\"https:\\\/\\\/akerstroms.se\\\/\",\"name\":\"\u00c5kerstr\u00f6ms Bj\u00f6rbo\",\"description\":\"Radiostyrning f\u00f6r industriella och mobila applikationer\",\"publisher\":{\"@id\":\"https:\\\/\\\/akerstroms.se\\\/#organization\"},\"potentialAction\":[{\"@type\":\"SearchAction\",\"target\":{\"@type\":\"EntryPoint\",\"urlTemplate\":\"https:\\\/\\\/akerstroms.se\\\/?s={search_term_string}\"},\"query-input\":{\"@type\":\"PropertyValueSpecification\",\"valueRequired\":true,\"valueName\":\"search_term_string\"}}],\"inLanguage\":\"de\"},{\"@type\":\"Organization\",\"@id\":\"https:\\\/\\\/akerstroms.se\\\/#organization\",\"name\":\"\u00c5kerstr\u00f6ms AB\",\"url\":\"https:\\\/\\\/akerstroms.se\\\/\",\"logo\":{\"@type\":\"ImageObject\",\"inLanguage\":\"de\",\"@id\":\"https:\\\/\\\/akerstroms.se\\\/#\\\/schema\\\/logo\\\/image\\\/\",\"url\":\"https:\\\/\\\/akerstroms.se\\\/app\\\/uploads\\\/2021\\\/10\\\/akerstroms-logo.png\",\"contentUrl\":\"https:\\\/\\\/akerstroms.se\\\/app\\\/uploads\\\/2021\\\/10\\\/akerstroms-logo.png\",\"width\":400,\"height\":86,\"caption\":\"\u00c5kerstr\u00f6ms AB\"},\"image\":{\"@id\":\"https:\\\/\\\/akerstroms.se\\\/#\\\/schema\\\/logo\\\/image\\\/\"},\"sameAs\":[\"https:\\\/\\\/www.facebook.com\\\/akerstroms.se\",\"https:\\\/\\\/www.linkedin.com\\\/company\\\/akerstroms\\\/\",\"https:\\\/\\\/www.youtube.com\\\/channel\\\/UC8S-jX9nA8c9qBaTlgqg1CQ\"]}]}<\/script>\n<!-- \/ Yoast SEO plugin. -->","yoast_head_json":{"title":"Remotus 10BD - \u00c5kerstr\u00f6ms Bj\u00f6rbo","robots":{"index":"index","follow":"follow","max-snippet":"max-snippet:-1","max-image-preview":"max-image-preview:large","max-video-preview":"max-video-preview:-1"},"canonical":"https:\/\/akerstroms.se\/de\/produkt\/remotus-10bd\/","og_locale":"de_DE","og_type":"article","og_title":"Remotus 10BD - \u00c5kerstr\u00f6ms Bj\u00f6rbo","og_description":"Ein robuster Handsender f\u00fcr Kr\u00e4ne und Hebeb\u00fchnen. Der Handsender Remotus 10BD ist ein robuster Sender, der sich sowohl f\u00fcr den Innen- als auch f\u00fcr den Au\u00dfengebrauch eignet und speziell f\u00fcr anspruchsvolle Kr\u00e4ne und schwere Hebevorg\u00e4nge entwickelt worden ist. Remotus 10BD besitzt 10 zweistufige Drucktasten, was jeder Drucktaste zwei Funktionen verleiht. Der Sender ist f\u00fcr Anwendungen angepasst, bei denen Mehrkran-\/Mehrfahrerbetrieb oder Katzwahl notwendig ist. Es gibt ihn als Modell mit oder ohne Display (102x64 Pixel), auf dem bis zu 4 Zahlenwerte gleichzeitig angezeigt werden k\u00f6nnen. Die Tasten sind so gestaltet, dass sie sich auch mit Handschuhen leicht bedienen lassen. Leuchtdioden an jeder Taste zeigen die gew\u00e4hlte Funktion an. Eine separate Leuchtdiode signalisiert Akkustatus und Betrieb. Der Handsender wird mit standardisierten Kransymbolen oder anderen Symbolen nach Ihren W\u00fcnschen geliefert. Er ist mit einem sch\u00fctzenden Bumper aus Gummi ausger\u00fcstet, der ihn besonders sto\u00dfbest\u00e4ndig macht.","og_url":"https:\/\/akerstroms.se\/de\/produkt\/remotus-10bd\/","og_site_name":"\u00c5kerstr\u00f6ms Bj\u00f6rbo","article_publisher":"https:\/\/www.facebook.com\/akerstroms.se","article_modified_time":"2021-10-19T13:58:36+00:00","og_image":[{"width":930,"height":1240,"url":"https:\/\/akerstroms.se\/app\/uploads\/2021\/04\/Jupiter-Mercurcy-10B-Display.jpg","type":"image\/jpeg"}],"twitter_card":"summary_large_image","schema":{"@context":"https:\/\/schema.org","@graph":[{"@type":"WebPage","@id":"https:\/\/akerstroms.se\/de\/produkt\/remotus-10bd\/","url":"https:\/\/akerstroms.se\/de\/produkt\/remotus-10bd\/","name":"Remotus 10BD - \u00c5kerstr\u00f6ms Bj\u00f6rbo","isPartOf":{"@id":"https:\/\/akerstroms.se\/#website"},"primaryImageOfPage":{"@id":"https:\/\/akerstroms.se\/de\/produkt\/remotus-10bd\/#primaryimage"},"image":{"@id":"https:\/\/akerstroms.se\/de\/produkt\/remotus-10bd\/#primaryimage"},"thumbnailUrl":"https:\/\/akerstroms.se\/app\/uploads\/2021\/04\/Jupiter-Mercurcy-10B-Display.jpg","datePublished":"2021-09-27T06:09:24+00:00","dateModified":"2021-10-19T13:58:36+00:00","breadcrumb":{"@id":"https:\/\/akerstroms.se\/de\/produkt\/remotus-10bd\/#breadcrumb"},"inLanguage":"de","potentialAction":[{"@type":"ReadAction","target":["https:\/\/akerstroms.se\/de\/produkt\/remotus-10bd\/"]}]},{"@type":"ImageObject","inLanguage":"de","@id":"https:\/\/akerstroms.se\/de\/produkt\/remotus-10bd\/#primaryimage","url":"https:\/\/akerstroms.se\/app\/uploads\/2021\/04\/Jupiter-Mercurcy-10B-Display.jpg","contentUrl":"https:\/\/akerstroms.se\/app\/uploads\/2021\/04\/Jupiter-Mercurcy-10B-Display.jpg","width":930,"height":1240,"caption":"Jupiter\/Mercury 10BD"},{"@type":"BreadcrumbList","@id":"https:\/\/akerstroms.se\/de\/produkt\/remotus-10bd\/#breadcrumb","itemListElement":[{"@type":"ListItem","position":1,"name":"Home","item":"https:\/\/akerstroms.se\/de\/"},{"@type":"ListItem","position":2,"name":"Shop","item":"https:\/\/akerstroms.se\/de\/shop\/"},{"@type":"ListItem","position":3,"name":"Remotus 10BD"}]},{"@type":"WebSite","@id":"https:\/\/akerstroms.se\/#website","url":"https:\/\/akerstroms.se\/","name":"\u00c5kerstr\u00f6ms Bj\u00f6rbo","description":"Radiostyrning f\u00f6r industriella och mobila applikationer","publisher":{"@id":"https:\/\/akerstroms.se\/#organization"},"potentialAction":[{"@type":"SearchAction","target":{"@type":"EntryPoint","urlTemplate":"https:\/\/akerstroms.se\/?s={search_term_string}"},"query-input":{"@type":"PropertyValueSpecification","valueRequired":true,"valueName":"search_term_string"}}],"inLanguage":"de"},{"@type":"Organization","@id":"https:\/\/akerstroms.se\/#organization","name":"\u00c5kerstr\u00f6ms AB","url":"https:\/\/akerstroms.se\/","logo":{"@type":"ImageObject","inLanguage":"de","@id":"https:\/\/akerstroms.se\/#\/schema\/logo\/image\/","url":"https:\/\/akerstroms.se\/app\/uploads\/2021\/10\/akerstroms-logo.png","contentUrl":"https:\/\/akerstroms.se\/app\/uploads\/2021\/10\/akerstroms-logo.png","width":400,"height":86,"caption":"\u00c5kerstr\u00f6ms AB"},"image":{"@id":"https:\/\/akerstroms.se\/#\/schema\/logo\/image\/"},"sameAs":["https:\/\/www.facebook.com\/akerstroms.se","https:\/\/www.linkedin.com\/company\/akerstroms\/","https:\/\/www.youtube.com\/channel\/UC8S-jX9nA8c9qBaTlgqg1CQ"]}]}},"_links":{"self":[{"href":"https:\/\/akerstroms.se\/de\/wp-json\/wp\/v2\/product\/9862","targetHints":{"allow":["GET"]}}],"collection":[{"href":"https:\/\/akerstroms.se\/de\/wp-json\/wp\/v2\/product"}],"about":[{"href":"https:\/\/akerstroms.se\/de\/wp-json\/wp\/v2\/types\/product"}],"wp:featuredmedia":[{"embeddable":true,"href":"https:\/\/akerstroms.se\/de\/wp-json\/wp\/v2\/media\/6811"}],"wp:attachment":[{"href":"https:\/\/akerstroms.se\/de\/wp-json\/wp\/v2\/media?parent=9862"}],"wp:term":[{"taxonomy":"product_brand","embeddable":true,"href":"https:\/\/akerstroms.se\/de\/wp-json\/wp\/v2\/product_brand?post=9862"},{"taxonomy":"product_cat","embeddable":true,"href":"https:\/\/akerstroms.se\/de\/wp-json\/wp\/v2\/product_cat?post=9862"},{"taxonomy":"product_tag","embeddable":true,"href":"https:\/\/akerstroms.se\/de\/wp-json\/wp\/v2\/product_tag?post=9862"}],"curies":[{"name":"wp","href":"https:\/\/api.w.org\/{rel}","templated":true}]}}