{"id":9856,"date":"2021-04-08T12:24:12","date_gmt":"2021-09-27T06:08:59","guid":{"rendered":"https:\/\/akerstroms.se\/product\/remotus-t-rx-100\/"},"modified":"2021-10-19T15:58:48","modified_gmt":"2021-10-19T13:58:48","slug":"remotus-t-rx100","status":"publish","type":"product","link":"https:\/\/akerstroms.se\/de\/produkt\/remotus-t-rx100\/","title":{"rendered":"Remotus T-RX 100"},"content":{"rendered":"","protected":false},"excerpt":{"rendered":"<h3>CANopen-Empf\u00e4nger f\u00fcr Steuerung via PLC<\/h3>\n<p>Remotus T-RX100 ist ein CANopen-Empf\u00e4nger f\u00fcr die Steuerung \u00fcber Kontrolleinheiten (PLC). Er ist auf schwere Bedingungen wie gro\u00dfe Temperaturunterschiede, Staub, Vibrationen, \u00d6l und Feuchtigkeit ausgelegt. Der Empf\u00e4nger ist mit doppelten Mikroprozessoren ausgestattet, die sich gegenseitig \u00fcberwachen. Jede Mitteilung wird vor dem Aktivieren der Funktion \u00fcberpr\u00fcft, w\u00e4hrend des Betriebs finden Diagnosetests statt. Die Notausfunktion entspricht PLd, Cat 3, EN ISO 13849-1.<\/p>\n<h4>Zus\u00e4tzliche Kabelsteuerung<\/h4>\n<p>Falls eine Funksteuerung nicht zugelassen ist oder kein geladener Akku vorhanden ist, kann das Steuerungssystem ein Kabel zwischen Beckengurtsender und Empf\u00e4nger nutzen. Bei einer Kabelsteuerung misst der Empf\u00e4nger die Spannung des Senders.<\/p>\n","protected":false},"featured_media":7059,"template":"","meta":{"_acf_changed":false},"product_brand":[],"product_cat":[155,149],"product_tag":[171,175,178,172],"class_list":{"0":"post-9856","1":"product","2":"type-product","3":"status-publish","4":"has-post-thumbnail","6":"product_cat-empfanger-de","7":"product_cat-remotus-de","8":"product_tag-fahrzeuge-und-aufbauten-de","9":"product_tag-hafen-und-fahren-de","10":"product_tag-maschinen-de","11":"product_tag-winden-de","13":"first","14":"instock","15":"product-type-simple"},"acf":[],"yoast_head":"<!-- This site is optimized with the Yoast SEO plugin v27.4 - https:\/\/yoast.com\/product\/yoast-seo-wordpress\/ -->\n<title>Remotus Remotus T-RX 100 PLC-Empf\u00e4nger - \u00c5kerstr\u00f6ms Bj\u00f6rbo<\/title>\n<meta name=\"description\" content=\"Remotus T-RX100 ist ein CANopen-Empf\u00e4nger f\u00fcr die Steuerung \u00fcber Kontrolleinheiten (PLC). Bis zu 8 analoge Bewegungen\" \/>\n<meta name=\"robots\" content=\"index, follow, max-snippet:-1, max-image-preview:large, max-video-preview:-1\" \/>\n<link rel=\"canonical\" href=\"https:\/\/akerstroms.se\/de\/produkt\/remotus-t-rx100\/\" \/>\n<meta property=\"og:locale\" content=\"de_DE\" \/>\n<meta property=\"og:type\" content=\"article\" \/>\n<meta property=\"og:title\" content=\"Remotus Remotus T-RX 100 PLC-Empf\u00e4nger - \u00c5kerstr\u00f6ms Bj\u00f6rbo\" \/>\n<meta property=\"og:description\" content=\"Remotus T-RX100 ist ein CANopen-Empf\u00e4nger f\u00fcr die Steuerung \u00fcber Kontrolleinheiten (PLC). Bis zu 8 analoge Bewegungen\" \/>\n<meta property=\"og:url\" content=\"https:\/\/akerstroms.se\/de\/produkt\/remotus-t-rx100\/\" \/>\n<meta property=\"og:site_name\" content=\"\u00c5kerstr\u00f6ms Bj\u00f6rbo\" \/>\n<meta property=\"article:publisher\" content=\"https:\/\/www.facebook.com\/akerstroms.se\" \/>\n<meta property=\"article:modified_time\" content=\"2021-10-19T13:58:48+00:00\" \/>\n<meta property=\"og:image\" content=\"https:\/\/akerstroms.se\/app\/uploads\/2021\/04\/T-RX100.jpg\" \/>\n\t<meta property=\"og:image:width\" content=\"930\" \/>\n\t<meta property=\"og:image:height\" content=\"1240\" \/>\n\t<meta property=\"og:image:type\" content=\"image\/jpeg\" \/>\n<meta name=\"twitter:card\" content=\"summary_large_image\" \/>\n<script type=\"application\/ld+json\" class=\"yoast-schema-graph\">{\"@context\":\"https:\\\/\\\/schema.org\",\"@graph\":[{\"@type\":\"WebPage\",\"@id\":\"https:\\\/\\\/akerstroms.se\\\/de\\\/produkt\\\/remotus-t-rx100\\\/\",\"url\":\"https:\\\/\\\/akerstroms.se\\\/de\\\/produkt\\\/remotus-t-rx100\\\/\",\"name\":\"Remotus Remotus T-RX 100 PLC-Empf\u00e4nger - \u00c5kerstr\u00f6ms Bj\u00f6rbo\",\"isPartOf\":{\"@id\":\"https:\\\/\\\/akerstroms.se\\\/#website\"},\"primaryImageOfPage\":{\"@id\":\"https:\\\/\\\/akerstroms.se\\\/de\\\/produkt\\\/remotus-t-rx100\\\/#primaryimage\"},\"image\":{\"@id\":\"https:\\\/\\\/akerstroms.se\\\/de\\\/produkt\\\/remotus-t-rx100\\\/#primaryimage\"},\"thumbnailUrl\":\"https:\\\/\\\/akerstroms.se\\\/app\\\/uploads\\\/2021\\\/04\\\/T-RX100.jpg\",\"datePublished\":\"2021-09-27T06:08:59+00:00\",\"dateModified\":\"2021-10-19T13:58:48+00:00\",\"description\":\"Remotus T-RX100 ist ein CANopen-Empf\u00e4nger f\u00fcr die Steuerung \u00fcber Kontrolleinheiten (PLC). Bis zu 8 analoge Bewegungen\",\"breadcrumb\":{\"@id\":\"https:\\\/\\\/akerstroms.se\\\/de\\\/produkt\\\/remotus-t-rx100\\\/#breadcrumb\"},\"inLanguage\":\"de\",\"potentialAction\":[{\"@type\":\"ReadAction\",\"target\":[\"https:\\\/\\\/akerstroms.se\\\/de\\\/produkt\\\/remotus-t-rx100\\\/\"]}]},{\"@type\":\"ImageObject\",\"inLanguage\":\"de\",\"@id\":\"https:\\\/\\\/akerstroms.se\\\/de\\\/produkt\\\/remotus-t-rx100\\\/#primaryimage\",\"url\":\"https:\\\/\\\/akerstroms.se\\\/app\\\/uploads\\\/2021\\\/04\\\/T-RX100.jpg\",\"contentUrl\":\"https:\\\/\\\/akerstroms.se\\\/app\\\/uploads\\\/2021\\\/04\\\/T-RX100.jpg\",\"width\":930,\"height\":1240,\"caption\":\"T-RX 100\"},{\"@type\":\"BreadcrumbList\",\"@id\":\"https:\\\/\\\/akerstroms.se\\\/de\\\/produkt\\\/remotus-t-rx100\\\/#breadcrumb\",\"itemListElement\":[{\"@type\":\"ListItem\",\"position\":1,\"name\":\"Home\",\"item\":\"https:\\\/\\\/akerstroms.se\\\/de\\\/\"},{\"@type\":\"ListItem\",\"position\":2,\"name\":\"Shop\",\"item\":\"https:\\\/\\\/akerstroms.se\\\/de\\\/shop\\\/\"},{\"@type\":\"ListItem\",\"position\":3,\"name\":\"Remotus T-RX 100\"}]},{\"@type\":\"WebSite\",\"@id\":\"https:\\\/\\\/akerstroms.se\\\/#website\",\"url\":\"https:\\\/\\\/akerstroms.se\\\/\",\"name\":\"\u00c5kerstr\u00f6ms Bj\u00f6rbo\",\"description\":\"Radiostyrning f\u00f6r industriella och mobila applikationer\",\"publisher\":{\"@id\":\"https:\\\/\\\/akerstroms.se\\\/#organization\"},\"potentialAction\":[{\"@type\":\"SearchAction\",\"target\":{\"@type\":\"EntryPoint\",\"urlTemplate\":\"https:\\\/\\\/akerstroms.se\\\/?s={search_term_string}\"},\"query-input\":{\"@type\":\"PropertyValueSpecification\",\"valueRequired\":true,\"valueName\":\"search_term_string\"}}],\"inLanguage\":\"de\"},{\"@type\":\"Organization\",\"@id\":\"https:\\\/\\\/akerstroms.se\\\/#organization\",\"name\":\"\u00c5kerstr\u00f6ms AB\",\"url\":\"https:\\\/\\\/akerstroms.se\\\/\",\"logo\":{\"@type\":\"ImageObject\",\"inLanguage\":\"de\",\"@id\":\"https:\\\/\\\/akerstroms.se\\\/#\\\/schema\\\/logo\\\/image\\\/\",\"url\":\"https:\\\/\\\/akerstroms.se\\\/app\\\/uploads\\\/2021\\\/10\\\/akerstroms-logo.png\",\"contentUrl\":\"https:\\\/\\\/akerstroms.se\\\/app\\\/uploads\\\/2021\\\/10\\\/akerstroms-logo.png\",\"width\":400,\"height\":86,\"caption\":\"\u00c5kerstr\u00f6ms AB\"},\"image\":{\"@id\":\"https:\\\/\\\/akerstroms.se\\\/#\\\/schema\\\/logo\\\/image\\\/\"},\"sameAs\":[\"https:\\\/\\\/www.facebook.com\\\/akerstroms.se\",\"https:\\\/\\\/www.linkedin.com\\\/company\\\/akerstroms\\\/\",\"https:\\\/\\\/www.youtube.com\\\/channel\\\/UC8S-jX9nA8c9qBaTlgqg1CQ\"]}]}<\/script>\n<!-- \/ Yoast SEO plugin. -->","yoast_head_json":{"title":"Remotus Remotus T-RX 100 PLC-Empf\u00e4nger - \u00c5kerstr\u00f6ms Bj\u00f6rbo","description":"Remotus T-RX100 ist ein CANopen-Empf\u00e4nger f\u00fcr die Steuerung \u00fcber Kontrolleinheiten (PLC). Bis zu 8 analoge Bewegungen","robots":{"index":"index","follow":"follow","max-snippet":"max-snippet:-1","max-image-preview":"max-image-preview:large","max-video-preview":"max-video-preview:-1"},"canonical":"https:\/\/akerstroms.se\/de\/produkt\/remotus-t-rx100\/","og_locale":"de_DE","og_type":"article","og_title":"Remotus Remotus T-RX 100 PLC-Empf\u00e4nger - \u00c5kerstr\u00f6ms Bj\u00f6rbo","og_description":"Remotus T-RX100 ist ein CANopen-Empf\u00e4nger f\u00fcr die Steuerung \u00fcber Kontrolleinheiten (PLC). Bis zu 8 analoge Bewegungen","og_url":"https:\/\/akerstroms.se\/de\/produkt\/remotus-t-rx100\/","og_site_name":"\u00c5kerstr\u00f6ms Bj\u00f6rbo","article_publisher":"https:\/\/www.facebook.com\/akerstroms.se","article_modified_time":"2021-10-19T13:58:48+00:00","og_image":[{"width":930,"height":1240,"url":"https:\/\/akerstroms.se\/app\/uploads\/2021\/04\/T-RX100.jpg","type":"image\/jpeg"}],"twitter_card":"summary_large_image","schema":{"@context":"https:\/\/schema.org","@graph":[{"@type":"WebPage","@id":"https:\/\/akerstroms.se\/de\/produkt\/remotus-t-rx100\/","url":"https:\/\/akerstroms.se\/de\/produkt\/remotus-t-rx100\/","name":"Remotus Remotus T-RX 100 PLC-Empf\u00e4nger - \u00c5kerstr\u00f6ms Bj\u00f6rbo","isPartOf":{"@id":"https:\/\/akerstroms.se\/#website"},"primaryImageOfPage":{"@id":"https:\/\/akerstroms.se\/de\/produkt\/remotus-t-rx100\/#primaryimage"},"image":{"@id":"https:\/\/akerstroms.se\/de\/produkt\/remotus-t-rx100\/#primaryimage"},"thumbnailUrl":"https:\/\/akerstroms.se\/app\/uploads\/2021\/04\/T-RX100.jpg","datePublished":"2021-09-27T06:08:59+00:00","dateModified":"2021-10-19T13:58:48+00:00","description":"Remotus T-RX100 ist ein CANopen-Empf\u00e4nger f\u00fcr die Steuerung \u00fcber Kontrolleinheiten (PLC). Bis zu 8 analoge Bewegungen","breadcrumb":{"@id":"https:\/\/akerstroms.se\/de\/produkt\/remotus-t-rx100\/#breadcrumb"},"inLanguage":"de","potentialAction":[{"@type":"ReadAction","target":["https:\/\/akerstroms.se\/de\/produkt\/remotus-t-rx100\/"]}]},{"@type":"ImageObject","inLanguage":"de","@id":"https:\/\/akerstroms.se\/de\/produkt\/remotus-t-rx100\/#primaryimage","url":"https:\/\/akerstroms.se\/app\/uploads\/2021\/04\/T-RX100.jpg","contentUrl":"https:\/\/akerstroms.se\/app\/uploads\/2021\/04\/T-RX100.jpg","width":930,"height":1240,"caption":"T-RX 100"},{"@type":"BreadcrumbList","@id":"https:\/\/akerstroms.se\/de\/produkt\/remotus-t-rx100\/#breadcrumb","itemListElement":[{"@type":"ListItem","position":1,"name":"Home","item":"https:\/\/akerstroms.se\/de\/"},{"@type":"ListItem","position":2,"name":"Shop","item":"https:\/\/akerstroms.se\/de\/shop\/"},{"@type":"ListItem","position":3,"name":"Remotus T-RX 100"}]},{"@type":"WebSite","@id":"https:\/\/akerstroms.se\/#website","url":"https:\/\/akerstroms.se\/","name":"\u00c5kerstr\u00f6ms Bj\u00f6rbo","description":"Radiostyrning f\u00f6r industriella och mobila applikationer","publisher":{"@id":"https:\/\/akerstroms.se\/#organization"},"potentialAction":[{"@type":"SearchAction","target":{"@type":"EntryPoint","urlTemplate":"https:\/\/akerstroms.se\/?s={search_term_string}"},"query-input":{"@type":"PropertyValueSpecification","valueRequired":true,"valueName":"search_term_string"}}],"inLanguage":"de"},{"@type":"Organization","@id":"https:\/\/akerstroms.se\/#organization","name":"\u00c5kerstr\u00f6ms AB","url":"https:\/\/akerstroms.se\/","logo":{"@type":"ImageObject","inLanguage":"de","@id":"https:\/\/akerstroms.se\/#\/schema\/logo\/image\/","url":"https:\/\/akerstroms.se\/app\/uploads\/2021\/10\/akerstroms-logo.png","contentUrl":"https:\/\/akerstroms.se\/app\/uploads\/2021\/10\/akerstroms-logo.png","width":400,"height":86,"caption":"\u00c5kerstr\u00f6ms AB"},"image":{"@id":"https:\/\/akerstroms.se\/#\/schema\/logo\/image\/"},"sameAs":["https:\/\/www.facebook.com\/akerstroms.se","https:\/\/www.linkedin.com\/company\/akerstroms\/","https:\/\/www.youtube.com\/channel\/UC8S-jX9nA8c9qBaTlgqg1CQ"]}]}},"_links":{"self":[{"href":"https:\/\/akerstroms.se\/de\/wp-json\/wp\/v2\/product\/9856","targetHints":{"allow":["GET"]}}],"collection":[{"href":"https:\/\/akerstroms.se\/de\/wp-json\/wp\/v2\/product"}],"about":[{"href":"https:\/\/akerstroms.se\/de\/wp-json\/wp\/v2\/types\/product"}],"wp:featuredmedia":[{"embeddable":true,"href":"https:\/\/akerstroms.se\/de\/wp-json\/wp\/v2\/media\/7059"}],"wp:attachment":[{"href":"https:\/\/akerstroms.se\/de\/wp-json\/wp\/v2\/media?parent=9856"}],"wp:term":[{"taxonomy":"product_brand","embeddable":true,"href":"https:\/\/akerstroms.se\/de\/wp-json\/wp\/v2\/product_brand?post=9856"},{"taxonomy":"product_cat","embeddable":true,"href":"https:\/\/akerstroms.se\/de\/wp-json\/wp\/v2\/product_cat?post=9856"},{"taxonomy":"product_tag","embeddable":true,"href":"https:\/\/akerstroms.se\/de\/wp-json\/wp\/v2\/product_tag?post=9856"}],"curies":[{"name":"wp","href":"https:\/\/api.w.org\/{rel}","templated":true}]}}