{"id":9852,"date":"2021-04-08T12:24:12","date_gmt":"2021-09-27T06:08:42","guid":{"rendered":"https:\/\/akerstroms.se\/product\/remotus-t-rx-500-2\/"},"modified":"2021-10-19T15:58:47","modified_gmt":"2021-10-19T13:58:47","slug":"remotus-t-rx-500","status":"publish","type":"product","link":"https:\/\/akerstroms.se\/de\/produkt\/remotus-t-rx-500\/","title":{"rendered":"Remotus T-RX 500"},"content":{"rendered":"","protected":false},"excerpt":{"rendered":"<h3>Empf\u00e4nger zur sicheren Steuerung unterschiedlicher mobiler Anwendungen.<\/h3>\n<p>T-RX 500 ist ein Empf\u00e4nger mit bis zu 24 Ein-\/Aus-Funktionen. Er ist auf schwere Bedingungen wie gro\u00dfe Temperaturunterschiede, Staub, Vibrationen, \u00d6l und Feuchtigkeit ausgelegt.<\/p>\n<h4>Hohe Sicherheit<\/h4>\n<p>Der Remotus T-RX 500 verf\u00fcgt \u00fcber ein sto\u00dffestes und wasserdichtes Aluminiumgeh\u00e4use. Dieses hat doppelte Sicherheitsausg\u00e4nge und bietet eine hohe Sicherheit der gesendeten Funkmitteilungen. Die Empf\u00e4nger sind mit doppelten Mikroprozessoren ausgestattet, die sich gegenseitig \u00fcberwachen. Jede Mitteilung wird vor dem Aktivieren der Funktion \u00fcberpr\u00fcft, w\u00e4hrend des Betriebs finden Diagnosetests statt. Die Notausfunktion entspricht EN ISO 13849-1, Cat 3 PLd.<\/p>\n","protected":false},"featured_media":10128,"template":"","meta":{"_acf_changed":false},"product_brand":[],"product_cat":[155,149],"product_tag":[171,175,178,172],"class_list":{"0":"post-9852","1":"product","2":"type-product","3":"status-publish","4":"has-post-thumbnail","6":"product_cat-empfanger-de","7":"product_cat-remotus-de","8":"product_tag-fahrzeuge-und-aufbauten-de","9":"product_tag-hafen-und-fahren-de","10":"product_tag-maschinen-de","11":"product_tag-winden-de","13":"first","14":"instock","15":"product-type-simple"},"acf":[],"yoast_head":"<!-- This site is optimized with the Yoast SEO plugin v27.4 - https:\/\/yoast.com\/product\/yoast-seo-wordpress\/ -->\n<title>Remotus T-RX 500 - \u00c5kerstr\u00f6ms Bj\u00f6rbo<\/title>\n<meta name=\"description\" content=\"Empf\u00e4nger zur sicheren Steuerung unterschiedlicher mobiler Anwendungen mit PWM. Auch zur Funksteuerung von z.\u00a0B. Radladern, Baggern und Mobilkr\u00e4nen geeignet.\" \/>\n<meta name=\"robots\" content=\"index, follow, max-snippet:-1, max-image-preview:large, max-video-preview:-1\" \/>\n<link rel=\"canonical\" href=\"https:\/\/akerstroms.se\/de\/produkt\/remotus-t-rx-500\/\" \/>\n<meta property=\"og:locale\" content=\"de_DE\" \/>\n<meta property=\"og:type\" content=\"article\" \/>\n<meta property=\"og:title\" content=\"Remotus T-RX 500 - \u00c5kerstr\u00f6ms Bj\u00f6rbo\" \/>\n<meta property=\"og:description\" content=\"Empf\u00e4nger zur sicheren Steuerung unterschiedlicher mobiler Anwendungen mit PWM. Auch zur Funksteuerung von z.\u00a0B. Radladern, Baggern und Mobilkr\u00e4nen geeignet.\" \/>\n<meta property=\"og:url\" content=\"https:\/\/akerstroms.se\/de\/produkt\/remotus-t-rx-500\/\" \/>\n<meta property=\"og:site_name\" content=\"\u00c5kerstr\u00f6ms Bj\u00f6rbo\" \/>\n<meta property=\"article:publisher\" content=\"https:\/\/www.facebook.com\/akerstroms.se\" \/>\n<meta property=\"article:modified_time\" content=\"2021-10-19T13:58:47+00:00\" \/>\n<meta property=\"og:image\" content=\"https:\/\/akerstroms.se\/app\/uploads\/2021\/04\/T-RX500-1.jpg\" \/>\n\t<meta property=\"og:image:width\" content=\"930\" \/>\n\t<meta property=\"og:image:height\" content=\"1196\" \/>\n\t<meta property=\"og:image:type\" content=\"image\/jpeg\" \/>\n<meta name=\"twitter:card\" content=\"summary_large_image\" \/>\n<script type=\"application\/ld+json\" class=\"yoast-schema-graph\">{\"@context\":\"https:\\\/\\\/schema.org\",\"@graph\":[{\"@type\":\"WebPage\",\"@id\":\"https:\\\/\\\/akerstroms.se\\\/de\\\/produkt\\\/remotus-t-rx-500\\\/\",\"url\":\"https:\\\/\\\/akerstroms.se\\\/de\\\/produkt\\\/remotus-t-rx-500\\\/\",\"name\":\"Remotus T-RX 500 - \u00c5kerstr\u00f6ms Bj\u00f6rbo\",\"isPartOf\":{\"@id\":\"https:\\\/\\\/akerstroms.se\\\/#website\"},\"primaryImageOfPage\":{\"@id\":\"https:\\\/\\\/akerstroms.se\\\/de\\\/produkt\\\/remotus-t-rx-500\\\/#primaryimage\"},\"image\":{\"@id\":\"https:\\\/\\\/akerstroms.se\\\/de\\\/produkt\\\/remotus-t-rx-500\\\/#primaryimage\"},\"thumbnailUrl\":\"https:\\\/\\\/akerstroms.se\\\/app\\\/uploads\\\/2021\\\/04\\\/T-RX500-1.jpg\",\"datePublished\":\"2021-09-27T06:08:42+00:00\",\"dateModified\":\"2021-10-19T13:58:47+00:00\",\"description\":\"Empf\u00e4nger zur sicheren Steuerung unterschiedlicher mobiler Anwendungen mit PWM. Auch zur Funksteuerung von z.\u00a0B. Radladern, Baggern und Mobilkr\u00e4nen geeignet.\",\"breadcrumb\":{\"@id\":\"https:\\\/\\\/akerstroms.se\\\/de\\\/produkt\\\/remotus-t-rx-500\\\/#breadcrumb\"},\"inLanguage\":\"de\",\"potentialAction\":[{\"@type\":\"ReadAction\",\"target\":[\"https:\\\/\\\/akerstroms.se\\\/de\\\/produkt\\\/remotus-t-rx-500\\\/\"]}]},{\"@type\":\"ImageObject\",\"inLanguage\":\"de\",\"@id\":\"https:\\\/\\\/akerstroms.se\\\/de\\\/produkt\\\/remotus-t-rx-500\\\/#primaryimage\",\"url\":\"https:\\\/\\\/akerstroms.se\\\/app\\\/uploads\\\/2021\\\/04\\\/T-RX500-1.jpg\",\"contentUrl\":\"https:\\\/\\\/akerstroms.se\\\/app\\\/uploads\\\/2021\\\/04\\\/T-RX500-1.jpg\",\"width\":930,\"height\":1196,\"caption\":\"Remotus T-RX500\"},{\"@type\":\"BreadcrumbList\",\"@id\":\"https:\\\/\\\/akerstroms.se\\\/de\\\/produkt\\\/remotus-t-rx-500\\\/#breadcrumb\",\"itemListElement\":[{\"@type\":\"ListItem\",\"position\":1,\"name\":\"Home\",\"item\":\"https:\\\/\\\/akerstroms.se\\\/de\\\/\"},{\"@type\":\"ListItem\",\"position\":2,\"name\":\"Shop\",\"item\":\"https:\\\/\\\/akerstroms.se\\\/de\\\/shop\\\/\"},{\"@type\":\"ListItem\",\"position\":3,\"name\":\"Remotus T-RX 500\"}]},{\"@type\":\"WebSite\",\"@id\":\"https:\\\/\\\/akerstroms.se\\\/#website\",\"url\":\"https:\\\/\\\/akerstroms.se\\\/\",\"name\":\"\u00c5kerstr\u00f6ms Bj\u00f6rbo\",\"description\":\"Radiostyrning f\u00f6r industriella och mobila applikationer\",\"publisher\":{\"@id\":\"https:\\\/\\\/akerstroms.se\\\/#organization\"},\"potentialAction\":[{\"@type\":\"SearchAction\",\"target\":{\"@type\":\"EntryPoint\",\"urlTemplate\":\"https:\\\/\\\/akerstroms.se\\\/?s={search_term_string}\"},\"query-input\":{\"@type\":\"PropertyValueSpecification\",\"valueRequired\":true,\"valueName\":\"search_term_string\"}}],\"inLanguage\":\"de\"},{\"@type\":\"Organization\",\"@id\":\"https:\\\/\\\/akerstroms.se\\\/#organization\",\"name\":\"\u00c5kerstr\u00f6ms AB\",\"url\":\"https:\\\/\\\/akerstroms.se\\\/\",\"logo\":{\"@type\":\"ImageObject\",\"inLanguage\":\"de\",\"@id\":\"https:\\\/\\\/akerstroms.se\\\/#\\\/schema\\\/logo\\\/image\\\/\",\"url\":\"https:\\\/\\\/akerstroms.se\\\/app\\\/uploads\\\/2021\\\/10\\\/akerstroms-logo.png\",\"contentUrl\":\"https:\\\/\\\/akerstroms.se\\\/app\\\/uploads\\\/2021\\\/10\\\/akerstroms-logo.png\",\"width\":400,\"height\":86,\"caption\":\"\u00c5kerstr\u00f6ms AB\"},\"image\":{\"@id\":\"https:\\\/\\\/akerstroms.se\\\/#\\\/schema\\\/logo\\\/image\\\/\"},\"sameAs\":[\"https:\\\/\\\/www.facebook.com\\\/akerstroms.se\",\"https:\\\/\\\/www.linkedin.com\\\/company\\\/akerstroms\\\/\",\"https:\\\/\\\/www.youtube.com\\\/channel\\\/UC8S-jX9nA8c9qBaTlgqg1CQ\"]}]}<\/script>\n<!-- \/ Yoast SEO plugin. -->","yoast_head_json":{"title":"Remotus T-RX 500 - \u00c5kerstr\u00f6ms Bj\u00f6rbo","description":"Empf\u00e4nger zur sicheren Steuerung unterschiedlicher mobiler Anwendungen mit PWM. Auch zur Funksteuerung von z.\u00a0B. Radladern, Baggern und Mobilkr\u00e4nen geeignet.","robots":{"index":"index","follow":"follow","max-snippet":"max-snippet:-1","max-image-preview":"max-image-preview:large","max-video-preview":"max-video-preview:-1"},"canonical":"https:\/\/akerstroms.se\/de\/produkt\/remotus-t-rx-500\/","og_locale":"de_DE","og_type":"article","og_title":"Remotus T-RX 500 - \u00c5kerstr\u00f6ms Bj\u00f6rbo","og_description":"Empf\u00e4nger zur sicheren Steuerung unterschiedlicher mobiler Anwendungen mit PWM. Auch zur Funksteuerung von z.\u00a0B. Radladern, Baggern und Mobilkr\u00e4nen geeignet.","og_url":"https:\/\/akerstroms.se\/de\/produkt\/remotus-t-rx-500\/","og_site_name":"\u00c5kerstr\u00f6ms Bj\u00f6rbo","article_publisher":"https:\/\/www.facebook.com\/akerstroms.se","article_modified_time":"2021-10-19T13:58:47+00:00","og_image":[{"width":930,"height":1196,"url":"https:\/\/akerstroms.se\/app\/uploads\/2021\/04\/T-RX500-1.jpg","type":"image\/jpeg"}],"twitter_card":"summary_large_image","schema":{"@context":"https:\/\/schema.org","@graph":[{"@type":"WebPage","@id":"https:\/\/akerstroms.se\/de\/produkt\/remotus-t-rx-500\/","url":"https:\/\/akerstroms.se\/de\/produkt\/remotus-t-rx-500\/","name":"Remotus T-RX 500 - \u00c5kerstr\u00f6ms Bj\u00f6rbo","isPartOf":{"@id":"https:\/\/akerstroms.se\/#website"},"primaryImageOfPage":{"@id":"https:\/\/akerstroms.se\/de\/produkt\/remotus-t-rx-500\/#primaryimage"},"image":{"@id":"https:\/\/akerstroms.se\/de\/produkt\/remotus-t-rx-500\/#primaryimage"},"thumbnailUrl":"https:\/\/akerstroms.se\/app\/uploads\/2021\/04\/T-RX500-1.jpg","datePublished":"2021-09-27T06:08:42+00:00","dateModified":"2021-10-19T13:58:47+00:00","description":"Empf\u00e4nger zur sicheren Steuerung unterschiedlicher mobiler Anwendungen mit PWM. Auch zur Funksteuerung von z.\u00a0B. Radladern, Baggern und Mobilkr\u00e4nen geeignet.","breadcrumb":{"@id":"https:\/\/akerstroms.se\/de\/produkt\/remotus-t-rx-500\/#breadcrumb"},"inLanguage":"de","potentialAction":[{"@type":"ReadAction","target":["https:\/\/akerstroms.se\/de\/produkt\/remotus-t-rx-500\/"]}]},{"@type":"ImageObject","inLanguage":"de","@id":"https:\/\/akerstroms.se\/de\/produkt\/remotus-t-rx-500\/#primaryimage","url":"https:\/\/akerstroms.se\/app\/uploads\/2021\/04\/T-RX500-1.jpg","contentUrl":"https:\/\/akerstroms.se\/app\/uploads\/2021\/04\/T-RX500-1.jpg","width":930,"height":1196,"caption":"Remotus T-RX500"},{"@type":"BreadcrumbList","@id":"https:\/\/akerstroms.se\/de\/produkt\/remotus-t-rx-500\/#breadcrumb","itemListElement":[{"@type":"ListItem","position":1,"name":"Home","item":"https:\/\/akerstroms.se\/de\/"},{"@type":"ListItem","position":2,"name":"Shop","item":"https:\/\/akerstroms.se\/de\/shop\/"},{"@type":"ListItem","position":3,"name":"Remotus T-RX 500"}]},{"@type":"WebSite","@id":"https:\/\/akerstroms.se\/#website","url":"https:\/\/akerstroms.se\/","name":"\u00c5kerstr\u00f6ms Bj\u00f6rbo","description":"Radiostyrning f\u00f6r industriella och mobila applikationer","publisher":{"@id":"https:\/\/akerstroms.se\/#organization"},"potentialAction":[{"@type":"SearchAction","target":{"@type":"EntryPoint","urlTemplate":"https:\/\/akerstroms.se\/?s={search_term_string}"},"query-input":{"@type":"PropertyValueSpecification","valueRequired":true,"valueName":"search_term_string"}}],"inLanguage":"de"},{"@type":"Organization","@id":"https:\/\/akerstroms.se\/#organization","name":"\u00c5kerstr\u00f6ms AB","url":"https:\/\/akerstroms.se\/","logo":{"@type":"ImageObject","inLanguage":"de","@id":"https:\/\/akerstroms.se\/#\/schema\/logo\/image\/","url":"https:\/\/akerstroms.se\/app\/uploads\/2021\/10\/akerstroms-logo.png","contentUrl":"https:\/\/akerstroms.se\/app\/uploads\/2021\/10\/akerstroms-logo.png","width":400,"height":86,"caption":"\u00c5kerstr\u00f6ms AB"},"image":{"@id":"https:\/\/akerstroms.se\/#\/schema\/logo\/image\/"},"sameAs":["https:\/\/www.facebook.com\/akerstroms.se","https:\/\/www.linkedin.com\/company\/akerstroms\/","https:\/\/www.youtube.com\/channel\/UC8S-jX9nA8c9qBaTlgqg1CQ"]}]}},"_links":{"self":[{"href":"https:\/\/akerstroms.se\/de\/wp-json\/wp\/v2\/product\/9852","targetHints":{"allow":["GET"]}}],"collection":[{"href":"https:\/\/akerstroms.se\/de\/wp-json\/wp\/v2\/product"}],"about":[{"href":"https:\/\/akerstroms.se\/de\/wp-json\/wp\/v2\/types\/product"}],"wp:featuredmedia":[{"embeddable":true,"href":"https:\/\/akerstroms.se\/de\/wp-json\/wp\/v2\/media\/10128"}],"wp:attachment":[{"href":"https:\/\/akerstroms.se\/de\/wp-json\/wp\/v2\/media?parent=9852"}],"wp:term":[{"taxonomy":"product_brand","embeddable":true,"href":"https:\/\/akerstroms.se\/de\/wp-json\/wp\/v2\/product_brand?post=9852"},{"taxonomy":"product_cat","embeddable":true,"href":"https:\/\/akerstroms.se\/de\/wp-json\/wp\/v2\/product_cat?post=9852"},{"taxonomy":"product_tag","embeddable":true,"href":"https:\/\/akerstroms.se\/de\/wp-json\/wp\/v2\/product_tag?post=9852"}],"curies":[{"name":"wp","href":"https:\/\/api.w.org\/{rel}","templated":true}]}}