{"id":9832,"date":"2021-09-02T16:37:18","date_gmt":"2021-09-02T14:37:18","guid":{"rendered":"https:\/\/akerstroms.se\/product\/sesam-800-konfigurationswerkzeug\/"},"modified":"2021-11-09T09:20:49","modified_gmt":"2021-11-09T08:20:49","slug":"sesam-800-konfigurationswerkzeug","status":"publish","type":"product","link":"https:\/\/akerstroms.se\/de\/produkt\/sesam-800-konfigurationswerkzeug\/","title":{"rendered":"Sesam 800 Konfigurationswerkzeug"},"content":{"rendered":"","protected":false},"excerpt":{"rendered":"<h3>Sesam 800 Konfigurationswerkzeug<\/h3>\n<p>Sie haben eine gro\u00dfe Anlage mit einem hohen Bedarf an Sendern? Der Sender <a href=\"https:\/\/akerstroms.se\/product\/sesam-800-large-99\/\">Large 99<\/a> unterst\u00fctzt eine Kodierung nach Gruppen-ID. Sender mit der gleichen Gruppen-ID werden als identisch betrachtet und der RXD-Empf\u00e4nger kann bis zu 500 unterschiedliche IDs speichern. Diese Funktion und die Software \u201eSesam MC Manager\u201c erleichtern die Installation, das Testen und die Wartung besonders von gro\u00dfen Anlagen. Mit der Software lassen sich die Konfigurationen aller Empf\u00e4nger zentral verwalten und leicht \u00fcber die jeweilige Speicherkarte auf die Empf\u00e4nger kopieren. So lassen sich alle Sesam-Empf\u00e4nger und -Sender in einem System voll kontrollieren und alle \u00c4nderungen k\u00f6nnen \u00fcber die Software eingespielt werden.<\/p>\n","protected":false},"featured_media":21623,"template":"","meta":{"_acf_changed":false},"product_brand":[],"product_cat":[156,166],"product_tag":[177,173],"class_list":{"0":"post-9832","1":"product","2":"type-product","3":"status-publish","4":"has-post-thumbnail","6":"product_cat-empfanger-de-2","7":"product_cat-sesam-de","8":"product_tag-sonstige-steuerungen-de","9":"product_tag-turen-tore-und-schranken-de","11":"first","12":"instock","13":"shipping-taxable","14":"purchasable","15":"product-type-simple"},"acf":[],"yoast_head":"<!-- This site is optimized with the Yoast SEO plugin v27.4 - https:\/\/yoast.com\/product\/yoast-seo-wordpress\/ -->\n<title>Sesam 800 Konfigurationswerkzeug + Software - \u00c5kerstr\u00f6ms Bj\u00f6rbo<\/title>\n<meta name=\"description\" content=\"Die Software Sesam MC Manager erleichtert die Installation, das Testen und die Wartung besonders von gro\u00dfen Anlagen. Einfache Verwaltung.\" \/>\n<meta name=\"robots\" content=\"index, follow, max-snippet:-1, max-image-preview:large, max-video-preview:-1\" \/>\n<link rel=\"canonical\" href=\"https:\/\/akerstroms.se\/de\/produkt\/sesam-800-konfigurationswerkzeug\/\" \/>\n<meta property=\"og:locale\" content=\"de_DE\" \/>\n<meta property=\"og:type\" content=\"article\" \/>\n<meta property=\"og:title\" content=\"Sesam 800 Konfigurationswerkzeug + Software - \u00c5kerstr\u00f6ms Bj\u00f6rbo\" \/>\n<meta property=\"og:description\" content=\"Die Software Sesam MC Manager erleichtert die Installation, das Testen und die Wartung besonders von gro\u00dfen Anlagen. Einfache Verwaltung.\" \/>\n<meta property=\"og:url\" content=\"https:\/\/akerstroms.se\/de\/produkt\/sesam-800-konfigurationswerkzeug\/\" \/>\n<meta property=\"og:site_name\" content=\"\u00c5kerstr\u00f6ms Bj\u00f6rbo\" \/>\n<meta property=\"article:publisher\" content=\"https:\/\/www.facebook.com\/akerstroms.se\" \/>\n<meta property=\"article:modified_time\" content=\"2021-11-09T08:20:49+00:00\" \/>\n<meta property=\"og:image\" content=\"https:\/\/akerstroms.se\/app\/uploads\/2021\/09\/Sesam-800-Konfigureringsverktyg.jpg\" \/>\n\t<meta property=\"og:image:width\" content=\"930\" \/>\n\t<meta property=\"og:image:height\" content=\"1385\" \/>\n\t<meta property=\"og:image:type\" content=\"image\/jpeg\" \/>\n<meta name=\"twitter:card\" content=\"summary_large_image\" \/>\n<script type=\"application\/ld+json\" class=\"yoast-schema-graph\">{\"@context\":\"https:\\\/\\\/schema.org\",\"@graph\":[{\"@type\":\"WebPage\",\"@id\":\"https:\\\/\\\/akerstroms.se\\\/de\\\/produkt\\\/sesam-800-konfigurationswerkzeug\\\/\",\"url\":\"https:\\\/\\\/akerstroms.se\\\/de\\\/produkt\\\/sesam-800-konfigurationswerkzeug\\\/\",\"name\":\"Sesam 800 Konfigurationswerkzeug + Software - \u00c5kerstr\u00f6ms Bj\u00f6rbo\",\"isPartOf\":{\"@id\":\"https:\\\/\\\/akerstroms.se\\\/#website\"},\"primaryImageOfPage\":{\"@id\":\"https:\\\/\\\/akerstroms.se\\\/de\\\/produkt\\\/sesam-800-konfigurationswerkzeug\\\/#primaryimage\"},\"image\":{\"@id\":\"https:\\\/\\\/akerstroms.se\\\/de\\\/produkt\\\/sesam-800-konfigurationswerkzeug\\\/#primaryimage\"},\"thumbnailUrl\":\"https:\\\/\\\/akerstroms.se\\\/app\\\/uploads\\\/2021\\\/09\\\/Sesam-MC-Manager.png\",\"datePublished\":\"2021-09-02T14:37:18+00:00\",\"dateModified\":\"2021-11-09T08:20:49+00:00\",\"description\":\"Die Software Sesam MC Manager erleichtert die Installation, das Testen und die Wartung besonders von gro\u00dfen Anlagen. Einfache Verwaltung.\",\"breadcrumb\":{\"@id\":\"https:\\\/\\\/akerstroms.se\\\/de\\\/produkt\\\/sesam-800-konfigurationswerkzeug\\\/#breadcrumb\"},\"inLanguage\":\"de\",\"potentialAction\":[{\"@type\":\"ReadAction\",\"target\":[\"https:\\\/\\\/akerstroms.se\\\/de\\\/produkt\\\/sesam-800-konfigurationswerkzeug\\\/\"]}]},{\"@type\":\"ImageObject\",\"inLanguage\":\"de\",\"@id\":\"https:\\\/\\\/akerstroms.se\\\/de\\\/produkt\\\/sesam-800-konfigurationswerkzeug\\\/#primaryimage\",\"url\":\"https:\\\/\\\/akerstroms.se\\\/app\\\/uploads\\\/2021\\\/09\\\/Sesam-MC-Manager.png\",\"contentUrl\":\"https:\\\/\\\/akerstroms.se\\\/app\\\/uploads\\\/2021\\\/09\\\/Sesam-MC-Manager.png\",\"width\":2560,\"height\":3007},{\"@type\":\"BreadcrumbList\",\"@id\":\"https:\\\/\\\/akerstroms.se\\\/de\\\/produkt\\\/sesam-800-konfigurationswerkzeug\\\/#breadcrumb\",\"itemListElement\":[{\"@type\":\"ListItem\",\"position\":1,\"name\":\"Home\",\"item\":\"https:\\\/\\\/akerstroms.se\\\/de\\\/\"},{\"@type\":\"ListItem\",\"position\":2,\"name\":\"Shop\",\"item\":\"https:\\\/\\\/akerstroms.se\\\/de\\\/shop\\\/\"},{\"@type\":\"ListItem\",\"position\":3,\"name\":\"Sesam 800 Konfigurationswerkzeug\"}]},{\"@type\":\"WebSite\",\"@id\":\"https:\\\/\\\/akerstroms.se\\\/#website\",\"url\":\"https:\\\/\\\/akerstroms.se\\\/\",\"name\":\"\u00c5kerstr\u00f6ms Bj\u00f6rbo\",\"description\":\"Radiostyrning f\u00f6r industriella och mobila applikationer\",\"publisher\":{\"@id\":\"https:\\\/\\\/akerstroms.se\\\/#organization\"},\"potentialAction\":[{\"@type\":\"SearchAction\",\"target\":{\"@type\":\"EntryPoint\",\"urlTemplate\":\"https:\\\/\\\/akerstroms.se\\\/?s={search_term_string}\"},\"query-input\":{\"@type\":\"PropertyValueSpecification\",\"valueRequired\":true,\"valueName\":\"search_term_string\"}}],\"inLanguage\":\"de\"},{\"@type\":\"Organization\",\"@id\":\"https:\\\/\\\/akerstroms.se\\\/#organization\",\"name\":\"\u00c5kerstr\u00f6ms AB\",\"url\":\"https:\\\/\\\/akerstroms.se\\\/\",\"logo\":{\"@type\":\"ImageObject\",\"inLanguage\":\"de\",\"@id\":\"https:\\\/\\\/akerstroms.se\\\/#\\\/schema\\\/logo\\\/image\\\/\",\"url\":\"https:\\\/\\\/akerstroms.se\\\/app\\\/uploads\\\/2021\\\/10\\\/akerstroms-logo.png\",\"contentUrl\":\"https:\\\/\\\/akerstroms.se\\\/app\\\/uploads\\\/2021\\\/10\\\/akerstroms-logo.png\",\"width\":400,\"height\":86,\"caption\":\"\u00c5kerstr\u00f6ms AB\"},\"image\":{\"@id\":\"https:\\\/\\\/akerstroms.se\\\/#\\\/schema\\\/logo\\\/image\\\/\"},\"sameAs\":[\"https:\\\/\\\/www.facebook.com\\\/akerstroms.se\",\"https:\\\/\\\/www.linkedin.com\\\/company\\\/akerstroms\\\/\",\"https:\\\/\\\/www.youtube.com\\\/channel\\\/UC8S-jX9nA8c9qBaTlgqg1CQ\"]}]}<\/script>\n<!-- \/ Yoast SEO plugin. -->","yoast_head_json":{"title":"Sesam 800 Konfigurationswerkzeug + Software - \u00c5kerstr\u00f6ms Bj\u00f6rbo","description":"Die Software Sesam MC Manager erleichtert die Installation, das Testen und die Wartung besonders von gro\u00dfen Anlagen. Einfache Verwaltung.","robots":{"index":"index","follow":"follow","max-snippet":"max-snippet:-1","max-image-preview":"max-image-preview:large","max-video-preview":"max-video-preview:-1"},"canonical":"https:\/\/akerstroms.se\/de\/produkt\/sesam-800-konfigurationswerkzeug\/","og_locale":"de_DE","og_type":"article","og_title":"Sesam 800 Konfigurationswerkzeug + Software - \u00c5kerstr\u00f6ms Bj\u00f6rbo","og_description":"Die Software Sesam MC Manager erleichtert die Installation, das Testen und die Wartung besonders von gro\u00dfen Anlagen. Einfache Verwaltung.","og_url":"https:\/\/akerstroms.se\/de\/produkt\/sesam-800-konfigurationswerkzeug\/","og_site_name":"\u00c5kerstr\u00f6ms Bj\u00f6rbo","article_publisher":"https:\/\/www.facebook.com\/akerstroms.se","article_modified_time":"2021-11-09T08:20:49+00:00","og_image":[{"width":930,"height":1385,"url":"https:\/\/akerstroms.se\/app\/uploads\/2021\/09\/Sesam-800-Konfigureringsverktyg.jpg","type":"image\/jpeg"}],"twitter_card":"summary_large_image","schema":{"@context":"https:\/\/schema.org","@graph":[{"@type":"WebPage","@id":"https:\/\/akerstroms.se\/de\/produkt\/sesam-800-konfigurationswerkzeug\/","url":"https:\/\/akerstroms.se\/de\/produkt\/sesam-800-konfigurationswerkzeug\/","name":"Sesam 800 Konfigurationswerkzeug + Software - \u00c5kerstr\u00f6ms Bj\u00f6rbo","isPartOf":{"@id":"https:\/\/akerstroms.se\/#website"},"primaryImageOfPage":{"@id":"https:\/\/akerstroms.se\/de\/produkt\/sesam-800-konfigurationswerkzeug\/#primaryimage"},"image":{"@id":"https:\/\/akerstroms.se\/de\/produkt\/sesam-800-konfigurationswerkzeug\/#primaryimage"},"thumbnailUrl":"https:\/\/akerstroms.se\/app\/uploads\/2021\/09\/Sesam-MC-Manager.png","datePublished":"2021-09-02T14:37:18+00:00","dateModified":"2021-11-09T08:20:49+00:00","description":"Die Software Sesam MC Manager erleichtert die Installation, das Testen und die Wartung besonders von gro\u00dfen Anlagen. Einfache Verwaltung.","breadcrumb":{"@id":"https:\/\/akerstroms.se\/de\/produkt\/sesam-800-konfigurationswerkzeug\/#breadcrumb"},"inLanguage":"de","potentialAction":[{"@type":"ReadAction","target":["https:\/\/akerstroms.se\/de\/produkt\/sesam-800-konfigurationswerkzeug\/"]}]},{"@type":"ImageObject","inLanguage":"de","@id":"https:\/\/akerstroms.se\/de\/produkt\/sesam-800-konfigurationswerkzeug\/#primaryimage","url":"https:\/\/akerstroms.se\/app\/uploads\/2021\/09\/Sesam-MC-Manager.png","contentUrl":"https:\/\/akerstroms.se\/app\/uploads\/2021\/09\/Sesam-MC-Manager.png","width":2560,"height":3007},{"@type":"BreadcrumbList","@id":"https:\/\/akerstroms.se\/de\/produkt\/sesam-800-konfigurationswerkzeug\/#breadcrumb","itemListElement":[{"@type":"ListItem","position":1,"name":"Home","item":"https:\/\/akerstroms.se\/de\/"},{"@type":"ListItem","position":2,"name":"Shop","item":"https:\/\/akerstroms.se\/de\/shop\/"},{"@type":"ListItem","position":3,"name":"Sesam 800 Konfigurationswerkzeug"}]},{"@type":"WebSite","@id":"https:\/\/akerstroms.se\/#website","url":"https:\/\/akerstroms.se\/","name":"\u00c5kerstr\u00f6ms Bj\u00f6rbo","description":"Radiostyrning f\u00f6r industriella och mobila applikationer","publisher":{"@id":"https:\/\/akerstroms.se\/#organization"},"potentialAction":[{"@type":"SearchAction","target":{"@type":"EntryPoint","urlTemplate":"https:\/\/akerstroms.se\/?s={search_term_string}"},"query-input":{"@type":"PropertyValueSpecification","valueRequired":true,"valueName":"search_term_string"}}],"inLanguage":"de"},{"@type":"Organization","@id":"https:\/\/akerstroms.se\/#organization","name":"\u00c5kerstr\u00f6ms AB","url":"https:\/\/akerstroms.se\/","logo":{"@type":"ImageObject","inLanguage":"de","@id":"https:\/\/akerstroms.se\/#\/schema\/logo\/image\/","url":"https:\/\/akerstroms.se\/app\/uploads\/2021\/10\/akerstroms-logo.png","contentUrl":"https:\/\/akerstroms.se\/app\/uploads\/2021\/10\/akerstroms-logo.png","width":400,"height":86,"caption":"\u00c5kerstr\u00f6ms AB"},"image":{"@id":"https:\/\/akerstroms.se\/#\/schema\/logo\/image\/"},"sameAs":["https:\/\/www.facebook.com\/akerstroms.se","https:\/\/www.linkedin.com\/company\/akerstroms\/","https:\/\/www.youtube.com\/channel\/UC8S-jX9nA8c9qBaTlgqg1CQ"]}]}},"_links":{"self":[{"href":"https:\/\/akerstroms.se\/de\/wp-json\/wp\/v2\/product\/9832","targetHints":{"allow":["GET"]}}],"collection":[{"href":"https:\/\/akerstroms.se\/de\/wp-json\/wp\/v2\/product"}],"about":[{"href":"https:\/\/akerstroms.se\/de\/wp-json\/wp\/v2\/types\/product"}],"wp:featuredmedia":[{"embeddable":true,"href":"https:\/\/akerstroms.se\/de\/wp-json\/wp\/v2\/media\/21623"}],"wp:attachment":[{"href":"https:\/\/akerstroms.se\/de\/wp-json\/wp\/v2\/media?parent=9832"}],"wp:term":[{"taxonomy":"product_brand","embeddable":true,"href":"https:\/\/akerstroms.se\/de\/wp-json\/wp\/v2\/product_brand?post=9832"},{"taxonomy":"product_cat","embeddable":true,"href":"https:\/\/akerstroms.se\/de\/wp-json\/wp\/v2\/product_cat?post=9832"},{"taxonomy":"product_tag","embeddable":true,"href":"https:\/\/akerstroms.se\/de\/wp-json\/wp\/v2\/product_tag?post=9832"}],"curies":[{"name":"wp","href":"https:\/\/api.w.org\/{rel}","templated":true}]}}