{"id":9731,"date":"2021-05-20T13:32:51","date_gmt":"2021-05-20T11:32:51","guid":{"rendered":"https:\/\/akerstroms.se\/product\/sesam-800-mobile-fur-winden-4\/"},"modified":"2021-10-22T13:55:14","modified_gmt":"2021-10-22T11:55:14","slug":"sesam-800-mobile-fur-winden-4","status":"publish","type":"product","link":"https:\/\/akerstroms.se\/de\/produkt\/sesam-800-mobile-fur-winden-4\/","title":{"rendered":"Sesam 800 Mobile f\u00fcr Winden \u2013 4"},"content":{"rendered":"","protected":false},"excerpt":{"rendered":"<h3>Ein robuster Sender, der sehr gut f\u00fcr Winden in mobilen Anwendungen geeignet ist<\/h3>\n<p>Sesam 800 Mobile f\u00fcr Winden \u2013 4 ist ein robuster Sender mit vier Funktionen\/Tasten (zwei Richtungen sowie Ein und Aus). Der Sender ist nach IP67 klassifiziert und sehr gut f\u00fcr den Betrieb von Winden bei kleinen Fahrzeugen geeignet. Deutliche, leicht benutzbare Tasten, die Millionen von Druckvorg\u00e4ngen aushalten. Durch seine IP67-Klassifizierung eignet sich der Sender f\u00fcr raue Bedingungen mit Staub, Feuchtigkeit und N\u00e4sse.<\/p>\n","protected":false},"featured_media":21603,"template":"","meta":{"_acf_changed":false},"product_brand":[],"product_cat":[163,166],"product_tag":[172],"class_list":{"0":"post-9731","1":"product","2":"type-product","3":"status-publish","4":"has-post-thumbnail","6":"product_cat-sender-de","7":"product_cat-sesam-de","8":"product_tag-winden-de","10":"first","11":"instock","12":"purchasable","13":"product-type-simple"},"acf":[],"yoast_head":"<!-- This site is optimized with the Yoast SEO plugin v27.4 - https:\/\/yoast.com\/product\/yoast-seo-wordpress\/ -->\n<title>Sesam 800 Mobile f\u00fcr Winden \u2013 4 f\u00fcr T\u00fcren, Tore und Schranken - \u00c5kerstr\u00f6ms Bj\u00f6rbo<\/title>\n<meta name=\"description\" content=\"Funksteuerung f\u00fcr die Industrie | Robuster Sender mit 6 Funktionen f\u00fcr T\u00fcren, Tore und Schranken | F\u00fcr raue Bedingungen | IP67\" \/>\n<meta name=\"robots\" content=\"index, follow, max-snippet:-1, max-image-preview:large, max-video-preview:-1\" \/>\n<link rel=\"canonical\" href=\"https:\/\/akerstroms.se\/de\/produkt\/sesam-800-mobile-fur-winden-4\/\" \/>\n<meta property=\"og:locale\" content=\"de_DE\" \/>\n<meta property=\"og:type\" content=\"article\" \/>\n<meta property=\"og:title\" content=\"Sesam 800 Mobile f\u00fcr Winden \u2013 4 f\u00fcr T\u00fcren, Tore und Schranken - \u00c5kerstr\u00f6ms Bj\u00f6rbo\" \/>\n<meta property=\"og:description\" content=\"Funksteuerung f\u00fcr die Industrie | Robuster Sender mit 6 Funktionen f\u00fcr T\u00fcren, Tore und Schranken | F\u00fcr raue Bedingungen | IP67\" \/>\n<meta property=\"og:url\" content=\"https:\/\/akerstroms.se\/de\/produkt\/sesam-800-mobile-fur-winden-4\/\" \/>\n<meta property=\"og:site_name\" content=\"\u00c5kerstr\u00f6ms Bj\u00f6rbo\" \/>\n<meta property=\"article:publisher\" content=\"https:\/\/www.facebook.com\/akerstroms.se\" \/>\n<meta property=\"article:modified_time\" content=\"2021-10-22T11:55:14+00:00\" \/>\n<meta property=\"og:image\" content=\"https:\/\/akerstroms.se\/app\/uploads\/2021\/05\/Sesam-800-Mobile-Vinsch-4-1.jpg\" \/>\n\t<meta property=\"og:image:width\" content=\"927\" \/>\n\t<meta property=\"og:image:height\" content=\"1016\" \/>\n\t<meta property=\"og:image:type\" content=\"image\/jpeg\" \/>\n<meta name=\"twitter:card\" content=\"summary_large_image\" \/>\n<script type=\"application\/ld+json\" class=\"yoast-schema-graph\">{\"@context\":\"https:\\\/\\\/schema.org\",\"@graph\":[{\"@type\":\"WebPage\",\"@id\":\"https:\\\/\\\/akerstroms.se\\\/de\\\/produkt\\\/sesam-800-mobile-fur-winden-4\\\/\",\"url\":\"https:\\\/\\\/akerstroms.se\\\/de\\\/produkt\\\/sesam-800-mobile-fur-winden-4\\\/\",\"name\":\"Sesam 800 Mobile f\u00fcr Winden \u2013 4 f\u00fcr T\u00fcren, Tore und Schranken - \u00c5kerstr\u00f6ms Bj\u00f6rbo\",\"isPartOf\":{\"@id\":\"https:\\\/\\\/akerstroms.se\\\/#website\"},\"primaryImageOfPage\":{\"@id\":\"https:\\\/\\\/akerstroms.se\\\/de\\\/produkt\\\/sesam-800-mobile-fur-winden-4\\\/#primaryimage\"},\"image\":{\"@id\":\"https:\\\/\\\/akerstroms.se\\\/de\\\/produkt\\\/sesam-800-mobile-fur-winden-4\\\/#primaryimage\"},\"thumbnailUrl\":\"https:\\\/\\\/akerstroms.se\\\/app\\\/uploads\\\/2021\\\/05\\\/Sesam-800-Vinsch-4.png\",\"datePublished\":\"2021-05-20T11:32:51+00:00\",\"dateModified\":\"2021-10-22T11:55:14+00:00\",\"description\":\"Funksteuerung f\u00fcr die Industrie | Robuster Sender mit 6 Funktionen f\u00fcr T\u00fcren, Tore und Schranken | F\u00fcr raue Bedingungen | IP67\",\"breadcrumb\":{\"@id\":\"https:\\\/\\\/akerstroms.se\\\/de\\\/produkt\\\/sesam-800-mobile-fur-winden-4\\\/#breadcrumb\"},\"inLanguage\":\"de\",\"potentialAction\":[{\"@type\":\"ReadAction\",\"target\":[\"https:\\\/\\\/akerstroms.se\\\/de\\\/produkt\\\/sesam-800-mobile-fur-winden-4\\\/\"]}]},{\"@type\":\"ImageObject\",\"inLanguage\":\"de\",\"@id\":\"https:\\\/\\\/akerstroms.se\\\/de\\\/produkt\\\/sesam-800-mobile-fur-winden-4\\\/#primaryimage\",\"url\":\"https:\\\/\\\/akerstroms.se\\\/app\\\/uploads\\\/2021\\\/05\\\/Sesam-800-Vinsch-4.png\",\"contentUrl\":\"https:\\\/\\\/akerstroms.se\\\/app\\\/uploads\\\/2021\\\/05\\\/Sesam-800-Vinsch-4.png\",\"width\":2560,\"height\":3007},{\"@type\":\"BreadcrumbList\",\"@id\":\"https:\\\/\\\/akerstroms.se\\\/de\\\/produkt\\\/sesam-800-mobile-fur-winden-4\\\/#breadcrumb\",\"itemListElement\":[{\"@type\":\"ListItem\",\"position\":1,\"name\":\"Home\",\"item\":\"https:\\\/\\\/akerstroms.se\\\/de\\\/\"},{\"@type\":\"ListItem\",\"position\":2,\"name\":\"Shop\",\"item\":\"https:\\\/\\\/akerstroms.se\\\/de\\\/shop\\\/\"},{\"@type\":\"ListItem\",\"position\":3,\"name\":\"Sesam 800 Mobile f\u00fcr Winden \u2013 4\"}]},{\"@type\":\"WebSite\",\"@id\":\"https:\\\/\\\/akerstroms.se\\\/#website\",\"url\":\"https:\\\/\\\/akerstroms.se\\\/\",\"name\":\"\u00c5kerstr\u00f6ms Bj\u00f6rbo\",\"description\":\"Radiostyrning f\u00f6r industriella och mobila applikationer\",\"publisher\":{\"@id\":\"https:\\\/\\\/akerstroms.se\\\/#organization\"},\"potentialAction\":[{\"@type\":\"SearchAction\",\"target\":{\"@type\":\"EntryPoint\",\"urlTemplate\":\"https:\\\/\\\/akerstroms.se\\\/?s={search_term_string}\"},\"query-input\":{\"@type\":\"PropertyValueSpecification\",\"valueRequired\":true,\"valueName\":\"search_term_string\"}}],\"inLanguage\":\"de\"},{\"@type\":\"Organization\",\"@id\":\"https:\\\/\\\/akerstroms.se\\\/#organization\",\"name\":\"\u00c5kerstr\u00f6ms AB\",\"url\":\"https:\\\/\\\/akerstroms.se\\\/\",\"logo\":{\"@type\":\"ImageObject\",\"inLanguage\":\"de\",\"@id\":\"https:\\\/\\\/akerstroms.se\\\/#\\\/schema\\\/logo\\\/image\\\/\",\"url\":\"https:\\\/\\\/akerstroms.se\\\/app\\\/uploads\\\/2021\\\/10\\\/akerstroms-logo.png\",\"contentUrl\":\"https:\\\/\\\/akerstroms.se\\\/app\\\/uploads\\\/2021\\\/10\\\/akerstroms-logo.png\",\"width\":400,\"height\":86,\"caption\":\"\u00c5kerstr\u00f6ms AB\"},\"image\":{\"@id\":\"https:\\\/\\\/akerstroms.se\\\/#\\\/schema\\\/logo\\\/image\\\/\"},\"sameAs\":[\"https:\\\/\\\/www.facebook.com\\\/akerstroms.se\",\"https:\\\/\\\/www.linkedin.com\\\/company\\\/akerstroms\\\/\",\"https:\\\/\\\/www.youtube.com\\\/channel\\\/UC8S-jX9nA8c9qBaTlgqg1CQ\"]}]}<\/script>\n<!-- \/ Yoast SEO plugin. -->","yoast_head_json":{"title":"Sesam 800 Mobile f\u00fcr Winden \u2013 4 f\u00fcr T\u00fcren, Tore und Schranken - \u00c5kerstr\u00f6ms Bj\u00f6rbo","description":"Funksteuerung f\u00fcr die Industrie | Robuster Sender mit 6 Funktionen f\u00fcr T\u00fcren, Tore und Schranken | F\u00fcr raue Bedingungen | IP67","robots":{"index":"index","follow":"follow","max-snippet":"max-snippet:-1","max-image-preview":"max-image-preview:large","max-video-preview":"max-video-preview:-1"},"canonical":"https:\/\/akerstroms.se\/de\/produkt\/sesam-800-mobile-fur-winden-4\/","og_locale":"de_DE","og_type":"article","og_title":"Sesam 800 Mobile f\u00fcr Winden \u2013 4 f\u00fcr T\u00fcren, Tore und Schranken - \u00c5kerstr\u00f6ms Bj\u00f6rbo","og_description":"Funksteuerung f\u00fcr die Industrie | Robuster Sender mit 6 Funktionen f\u00fcr T\u00fcren, Tore und Schranken | F\u00fcr raue Bedingungen | IP67","og_url":"https:\/\/akerstroms.se\/de\/produkt\/sesam-800-mobile-fur-winden-4\/","og_site_name":"\u00c5kerstr\u00f6ms Bj\u00f6rbo","article_publisher":"https:\/\/www.facebook.com\/akerstroms.se","article_modified_time":"2021-10-22T11:55:14+00:00","og_image":[{"width":927,"height":1016,"url":"https:\/\/akerstroms.se\/app\/uploads\/2021\/05\/Sesam-800-Mobile-Vinsch-4-1.jpg","type":"image\/jpeg"}],"twitter_card":"summary_large_image","schema":{"@context":"https:\/\/schema.org","@graph":[{"@type":"WebPage","@id":"https:\/\/akerstroms.se\/de\/produkt\/sesam-800-mobile-fur-winden-4\/","url":"https:\/\/akerstroms.se\/de\/produkt\/sesam-800-mobile-fur-winden-4\/","name":"Sesam 800 Mobile f\u00fcr Winden \u2013 4 f\u00fcr T\u00fcren, Tore und Schranken - \u00c5kerstr\u00f6ms Bj\u00f6rbo","isPartOf":{"@id":"https:\/\/akerstroms.se\/#website"},"primaryImageOfPage":{"@id":"https:\/\/akerstroms.se\/de\/produkt\/sesam-800-mobile-fur-winden-4\/#primaryimage"},"image":{"@id":"https:\/\/akerstroms.se\/de\/produkt\/sesam-800-mobile-fur-winden-4\/#primaryimage"},"thumbnailUrl":"https:\/\/akerstroms.se\/app\/uploads\/2021\/05\/Sesam-800-Vinsch-4.png","datePublished":"2021-05-20T11:32:51+00:00","dateModified":"2021-10-22T11:55:14+00:00","description":"Funksteuerung f\u00fcr die Industrie | Robuster Sender mit 6 Funktionen f\u00fcr T\u00fcren, Tore und Schranken | F\u00fcr raue Bedingungen | IP67","breadcrumb":{"@id":"https:\/\/akerstroms.se\/de\/produkt\/sesam-800-mobile-fur-winden-4\/#breadcrumb"},"inLanguage":"de","potentialAction":[{"@type":"ReadAction","target":["https:\/\/akerstroms.se\/de\/produkt\/sesam-800-mobile-fur-winden-4\/"]}]},{"@type":"ImageObject","inLanguage":"de","@id":"https:\/\/akerstroms.se\/de\/produkt\/sesam-800-mobile-fur-winden-4\/#primaryimage","url":"https:\/\/akerstroms.se\/app\/uploads\/2021\/05\/Sesam-800-Vinsch-4.png","contentUrl":"https:\/\/akerstroms.se\/app\/uploads\/2021\/05\/Sesam-800-Vinsch-4.png","width":2560,"height":3007},{"@type":"BreadcrumbList","@id":"https:\/\/akerstroms.se\/de\/produkt\/sesam-800-mobile-fur-winden-4\/#breadcrumb","itemListElement":[{"@type":"ListItem","position":1,"name":"Home","item":"https:\/\/akerstroms.se\/de\/"},{"@type":"ListItem","position":2,"name":"Shop","item":"https:\/\/akerstroms.se\/de\/shop\/"},{"@type":"ListItem","position":3,"name":"Sesam 800 Mobile f\u00fcr Winden \u2013 4"}]},{"@type":"WebSite","@id":"https:\/\/akerstroms.se\/#website","url":"https:\/\/akerstroms.se\/","name":"\u00c5kerstr\u00f6ms Bj\u00f6rbo","description":"Radiostyrning f\u00f6r industriella och mobila applikationer","publisher":{"@id":"https:\/\/akerstroms.se\/#organization"},"potentialAction":[{"@type":"SearchAction","target":{"@type":"EntryPoint","urlTemplate":"https:\/\/akerstroms.se\/?s={search_term_string}"},"query-input":{"@type":"PropertyValueSpecification","valueRequired":true,"valueName":"search_term_string"}}],"inLanguage":"de"},{"@type":"Organization","@id":"https:\/\/akerstroms.se\/#organization","name":"\u00c5kerstr\u00f6ms AB","url":"https:\/\/akerstroms.se\/","logo":{"@type":"ImageObject","inLanguage":"de","@id":"https:\/\/akerstroms.se\/#\/schema\/logo\/image\/","url":"https:\/\/akerstroms.se\/app\/uploads\/2021\/10\/akerstroms-logo.png","contentUrl":"https:\/\/akerstroms.se\/app\/uploads\/2021\/10\/akerstroms-logo.png","width":400,"height":86,"caption":"\u00c5kerstr\u00f6ms AB"},"image":{"@id":"https:\/\/akerstroms.se\/#\/schema\/logo\/image\/"},"sameAs":["https:\/\/www.facebook.com\/akerstroms.se","https:\/\/www.linkedin.com\/company\/akerstroms\/","https:\/\/www.youtube.com\/channel\/UC8S-jX9nA8c9qBaTlgqg1CQ"]}]}},"_links":{"self":[{"href":"https:\/\/akerstroms.se\/de\/wp-json\/wp\/v2\/product\/9731","targetHints":{"allow":["GET"]}}],"collection":[{"href":"https:\/\/akerstroms.se\/de\/wp-json\/wp\/v2\/product"}],"about":[{"href":"https:\/\/akerstroms.se\/de\/wp-json\/wp\/v2\/types\/product"}],"wp:featuredmedia":[{"embeddable":true,"href":"https:\/\/akerstroms.se\/de\/wp-json\/wp\/v2\/media\/21603"}],"wp:attachment":[{"href":"https:\/\/akerstroms.se\/de\/wp-json\/wp\/v2\/media?parent=9731"}],"wp:term":[{"taxonomy":"product_brand","embeddable":true,"href":"https:\/\/akerstroms.se\/de\/wp-json\/wp\/v2\/product_brand?post=9731"},{"taxonomy":"product_cat","embeddable":true,"href":"https:\/\/akerstroms.se\/de\/wp-json\/wp\/v2\/product_cat?post=9731"},{"taxonomy":"product_tag","embeddable":true,"href":"https:\/\/akerstroms.se\/de\/wp-json\/wp\/v2\/product_tag?post=9731"}],"curies":[{"name":"wp","href":"https:\/\/api.w.org\/{rel}","templated":true}]}}