{"id":9728,"date":"2021-05-27T15:00:42","date_gmt":"2021-09-27T06:00:15","guid":{"rendered":"https:\/\/akerstroms.se\/product\/sesam-800-mobile-rx-2\/"},"modified":"2021-10-22T19:04:04","modified_gmt":"2021-10-22T17:04:04","slug":"sesam-800-mobile-rx","status":"publish","type":"product","link":"https:\/\/akerstroms.se\/de\/produkt\/sesam-800-mobile-rx\/","title":{"rendered":"Sesam 800 Mobile RX"},"content":{"rendered":"<p>800<\/p>\n","protected":false},"excerpt":{"rendered":"<h3>Sesam 800 Mobile<\/h3>\n<p>Konfigurierbarer Empf\u00e4nger f\u00fcr den mobilen Betrieb mit sechs Solid-State-Switches f\u00fcr kontinuierliche 3\u00a0A. Das stabile, mit Glasfaser verst\u00e4rkte Kunststoffgeh\u00e4use h\u00e4lt auch starker Beanspruchung wie Vibrationen und St\u00f6\u00dfen stand. Das Geh\u00e4use hat die Schutzart IP67 und ein Membranventil, sodass es gegen Feuchtigkeit und Staub gesch\u00fctzt ist. Anschlussspannung 10-24\u00a0V DC. Mit interner Antenne und Unterst\u00fctzung f\u00fcr Duplexkommunikation. F\u00fcr noch gr\u00f6\u00dfere Reichweite ist eine externe Antenne erh\u00e4ltlich. Mit E\/e-Kennzeichnung.<\/p>\n","protected":false},"featured_media":10145,"template":"","meta":{"_acf_changed":false},"product_brand":[],"product_cat":[156,166],"product_tag":[171,174,179,177,172],"class_list":{"0":"post-9728","1":"product","2":"type-product","3":"status-publish","4":"has-post-thumbnail","6":"product_cat-empfanger-de-2","7":"product_cat-sesam-de","8":"product_tag-fahrzeuge-und-aufbauten-de","9":"product_tag-ladebordwande-de","10":"product_tag-pumpen-de","11":"product_tag-sonstige-steuerungen-de","12":"product_tag-winden-de","14":"first","15":"instock","16":"shipping-taxable","17":"product-type-simple"},"acf":[],"yoast_head":"<!-- This site is optimized with the Yoast SEO plugin v27.4 - https:\/\/yoast.com\/product\/yoast-seo-wordpress\/ -->\n<title>Sesam 800 Mobile RX - \u00c5kerstr\u00f6ms Bj\u00f6rbo<\/title>\n<meta name=\"description\" content=\"Empf\u00e4nger f\u00fcr den mobilen Betrieb mit sechs Solid-State-Switches f\u00fcr kontinuierliche 3\u00a0A. Schutzart IP67, mit Membranventil ausgestattet, 10-24\u00a0V DC.\" \/>\n<meta name=\"robots\" content=\"index, follow, max-snippet:-1, max-image-preview:large, max-video-preview:-1\" \/>\n<link rel=\"canonical\" href=\"https:\/\/akerstroms.se\/de\/produkt\/sesam-800-mobile-rx\/\" \/>\n<meta property=\"og:locale\" content=\"de_DE\" \/>\n<meta property=\"og:type\" content=\"article\" \/>\n<meta property=\"og:title\" content=\"Sesam 800 Mobile RX - \u00c5kerstr\u00f6ms Bj\u00f6rbo\" \/>\n<meta property=\"og:description\" content=\"Empf\u00e4nger f\u00fcr den mobilen Betrieb mit sechs Solid-State-Switches f\u00fcr kontinuierliche 3\u00a0A. Schutzart IP67, mit Membranventil ausgestattet, 10-24\u00a0V DC.\" \/>\n<meta property=\"og:url\" content=\"https:\/\/akerstroms.se\/de\/produkt\/sesam-800-mobile-rx\/\" \/>\n<meta property=\"og:site_name\" content=\"\u00c5kerstr\u00f6ms Bj\u00f6rbo\" \/>\n<meta property=\"article:publisher\" content=\"https:\/\/www.facebook.com\/akerstroms.se\" \/>\n<meta property=\"article:modified_time\" content=\"2021-10-22T17:04:04+00:00\" \/>\n<meta property=\"og:image\" content=\"https:\/\/akerstroms.se\/app\/uploads\/2021\/05\/Sesam-800-Mobile-RX.jpg\" \/>\n\t<meta property=\"og:image:width\" content=\"930\" \/>\n\t<meta property=\"og:image:height\" content=\"1384\" \/>\n\t<meta property=\"og:image:type\" content=\"image\/jpeg\" \/>\n<meta name=\"twitter:card\" content=\"summary_large_image\" \/>\n<meta name=\"twitter:label1\" content=\"Gesch\u00e4tzte Lesezeit\" \/>\n\t<meta name=\"twitter:data1\" content=\"1\u00a0Minute\" \/>\n<script type=\"application\/ld+json\" class=\"yoast-schema-graph\">{\"@context\":\"https:\\\/\\\/schema.org\",\"@graph\":[{\"@type\":\"WebPage\",\"@id\":\"https:\\\/\\\/akerstroms.se\\\/de\\\/produkt\\\/sesam-800-mobile-rx\\\/\",\"url\":\"https:\\\/\\\/akerstroms.se\\\/de\\\/produkt\\\/sesam-800-mobile-rx\\\/\",\"name\":\"Sesam 800 Mobile RX - \u00c5kerstr\u00f6ms Bj\u00f6rbo\",\"isPartOf\":{\"@id\":\"https:\\\/\\\/akerstroms.se\\\/#website\"},\"primaryImageOfPage\":{\"@id\":\"https:\\\/\\\/akerstroms.se\\\/de\\\/produkt\\\/sesam-800-mobile-rx\\\/#primaryimage\"},\"image\":{\"@id\":\"https:\\\/\\\/akerstroms.se\\\/de\\\/produkt\\\/sesam-800-mobile-rx\\\/#primaryimage\"},\"thumbnailUrl\":\"https:\\\/\\\/akerstroms.se\\\/app\\\/uploads\\\/2021\\\/05\\\/Sesam-800-Mobile-RX.jpg\",\"datePublished\":\"2021-09-27T06:00:15+00:00\",\"dateModified\":\"2021-10-22T17:04:04+00:00\",\"description\":\"Empf\u00e4nger f\u00fcr den mobilen Betrieb mit sechs Solid-State-Switches f\u00fcr kontinuierliche 3\u00a0A. Schutzart IP67, mit Membranventil ausgestattet, 10-24\u00a0V DC.\",\"breadcrumb\":{\"@id\":\"https:\\\/\\\/akerstroms.se\\\/de\\\/produkt\\\/sesam-800-mobile-rx\\\/#breadcrumb\"},\"inLanguage\":\"de\",\"potentialAction\":[{\"@type\":\"ReadAction\",\"target\":[\"https:\\\/\\\/akerstroms.se\\\/de\\\/produkt\\\/sesam-800-mobile-rx\\\/\"]}]},{\"@type\":\"ImageObject\",\"inLanguage\":\"de\",\"@id\":\"https:\\\/\\\/akerstroms.se\\\/de\\\/produkt\\\/sesam-800-mobile-rx\\\/#primaryimage\",\"url\":\"https:\\\/\\\/akerstroms.se\\\/app\\\/uploads\\\/2021\\\/05\\\/Sesam-800-Mobile-RX.jpg\",\"contentUrl\":\"https:\\\/\\\/akerstroms.se\\\/app\\\/uploads\\\/2021\\\/05\\\/Sesam-800-Mobile-RX.jpg\",\"width\":930,\"height\":1384,\"caption\":\"Sesam 800 Mobile RX\"},{\"@type\":\"BreadcrumbList\",\"@id\":\"https:\\\/\\\/akerstroms.se\\\/de\\\/produkt\\\/sesam-800-mobile-rx\\\/#breadcrumb\",\"itemListElement\":[{\"@type\":\"ListItem\",\"position\":1,\"name\":\"Home\",\"item\":\"https:\\\/\\\/akerstroms.se\\\/de\\\/\"},{\"@type\":\"ListItem\",\"position\":2,\"name\":\"Shop\",\"item\":\"https:\\\/\\\/akerstroms.se\\\/de\\\/shop\\\/\"},{\"@type\":\"ListItem\",\"position\":3,\"name\":\"Sesam 800 Mobile RX\"}]},{\"@type\":\"WebSite\",\"@id\":\"https:\\\/\\\/akerstroms.se\\\/#website\",\"url\":\"https:\\\/\\\/akerstroms.se\\\/\",\"name\":\"\u00c5kerstr\u00f6ms Bj\u00f6rbo\",\"description\":\"Radiostyrning f\u00f6r industriella och mobila applikationer\",\"publisher\":{\"@id\":\"https:\\\/\\\/akerstroms.se\\\/#organization\"},\"potentialAction\":[{\"@type\":\"SearchAction\",\"target\":{\"@type\":\"EntryPoint\",\"urlTemplate\":\"https:\\\/\\\/akerstroms.se\\\/?s={search_term_string}\"},\"query-input\":{\"@type\":\"PropertyValueSpecification\",\"valueRequired\":true,\"valueName\":\"search_term_string\"}}],\"inLanguage\":\"de\"},{\"@type\":\"Organization\",\"@id\":\"https:\\\/\\\/akerstroms.se\\\/#organization\",\"name\":\"\u00c5kerstr\u00f6ms AB\",\"url\":\"https:\\\/\\\/akerstroms.se\\\/\",\"logo\":{\"@type\":\"ImageObject\",\"inLanguage\":\"de\",\"@id\":\"https:\\\/\\\/akerstroms.se\\\/#\\\/schema\\\/logo\\\/image\\\/\",\"url\":\"https:\\\/\\\/akerstroms.se\\\/app\\\/uploads\\\/2021\\\/10\\\/akerstroms-logo.png\",\"contentUrl\":\"https:\\\/\\\/akerstroms.se\\\/app\\\/uploads\\\/2021\\\/10\\\/akerstroms-logo.png\",\"width\":400,\"height\":86,\"caption\":\"\u00c5kerstr\u00f6ms AB\"},\"image\":{\"@id\":\"https:\\\/\\\/akerstroms.se\\\/#\\\/schema\\\/logo\\\/image\\\/\"},\"sameAs\":[\"https:\\\/\\\/www.facebook.com\\\/akerstroms.se\",\"https:\\\/\\\/www.linkedin.com\\\/company\\\/akerstroms\\\/\",\"https:\\\/\\\/www.youtube.com\\\/channel\\\/UC8S-jX9nA8c9qBaTlgqg1CQ\"]}]}<\/script>\n<!-- \/ Yoast SEO plugin. -->","yoast_head_json":{"title":"Sesam 800 Mobile RX - \u00c5kerstr\u00f6ms Bj\u00f6rbo","description":"Empf\u00e4nger f\u00fcr den mobilen Betrieb mit sechs Solid-State-Switches f\u00fcr kontinuierliche 3\u00a0A. Schutzart IP67, mit Membranventil ausgestattet, 10-24\u00a0V DC.","robots":{"index":"index","follow":"follow","max-snippet":"max-snippet:-1","max-image-preview":"max-image-preview:large","max-video-preview":"max-video-preview:-1"},"canonical":"https:\/\/akerstroms.se\/de\/produkt\/sesam-800-mobile-rx\/","og_locale":"de_DE","og_type":"article","og_title":"Sesam 800 Mobile RX - \u00c5kerstr\u00f6ms Bj\u00f6rbo","og_description":"Empf\u00e4nger f\u00fcr den mobilen Betrieb mit sechs Solid-State-Switches f\u00fcr kontinuierliche 3\u00a0A. Schutzart IP67, mit Membranventil ausgestattet, 10-24\u00a0V DC.","og_url":"https:\/\/akerstroms.se\/de\/produkt\/sesam-800-mobile-rx\/","og_site_name":"\u00c5kerstr\u00f6ms Bj\u00f6rbo","article_publisher":"https:\/\/www.facebook.com\/akerstroms.se","article_modified_time":"2021-10-22T17:04:04+00:00","og_image":[{"width":930,"height":1384,"url":"https:\/\/akerstroms.se\/app\/uploads\/2021\/05\/Sesam-800-Mobile-RX.jpg","type":"image\/jpeg"}],"twitter_card":"summary_large_image","twitter_misc":{"Gesch\u00e4tzte Lesezeit":"1\u00a0Minute"},"schema":{"@context":"https:\/\/schema.org","@graph":[{"@type":"WebPage","@id":"https:\/\/akerstroms.se\/de\/produkt\/sesam-800-mobile-rx\/","url":"https:\/\/akerstroms.se\/de\/produkt\/sesam-800-mobile-rx\/","name":"Sesam 800 Mobile RX - \u00c5kerstr\u00f6ms Bj\u00f6rbo","isPartOf":{"@id":"https:\/\/akerstroms.se\/#website"},"primaryImageOfPage":{"@id":"https:\/\/akerstroms.se\/de\/produkt\/sesam-800-mobile-rx\/#primaryimage"},"image":{"@id":"https:\/\/akerstroms.se\/de\/produkt\/sesam-800-mobile-rx\/#primaryimage"},"thumbnailUrl":"https:\/\/akerstroms.se\/app\/uploads\/2021\/05\/Sesam-800-Mobile-RX.jpg","datePublished":"2021-09-27T06:00:15+00:00","dateModified":"2021-10-22T17:04:04+00:00","description":"Empf\u00e4nger f\u00fcr den mobilen Betrieb mit sechs Solid-State-Switches f\u00fcr kontinuierliche 3\u00a0A. Schutzart IP67, mit Membranventil ausgestattet, 10-24\u00a0V DC.","breadcrumb":{"@id":"https:\/\/akerstroms.se\/de\/produkt\/sesam-800-mobile-rx\/#breadcrumb"},"inLanguage":"de","potentialAction":[{"@type":"ReadAction","target":["https:\/\/akerstroms.se\/de\/produkt\/sesam-800-mobile-rx\/"]}]},{"@type":"ImageObject","inLanguage":"de","@id":"https:\/\/akerstroms.se\/de\/produkt\/sesam-800-mobile-rx\/#primaryimage","url":"https:\/\/akerstroms.se\/app\/uploads\/2021\/05\/Sesam-800-Mobile-RX.jpg","contentUrl":"https:\/\/akerstroms.se\/app\/uploads\/2021\/05\/Sesam-800-Mobile-RX.jpg","width":930,"height":1384,"caption":"Sesam 800 Mobile RX"},{"@type":"BreadcrumbList","@id":"https:\/\/akerstroms.se\/de\/produkt\/sesam-800-mobile-rx\/#breadcrumb","itemListElement":[{"@type":"ListItem","position":1,"name":"Home","item":"https:\/\/akerstroms.se\/de\/"},{"@type":"ListItem","position":2,"name":"Shop","item":"https:\/\/akerstroms.se\/de\/shop\/"},{"@type":"ListItem","position":3,"name":"Sesam 800 Mobile RX"}]},{"@type":"WebSite","@id":"https:\/\/akerstroms.se\/#website","url":"https:\/\/akerstroms.se\/","name":"\u00c5kerstr\u00f6ms Bj\u00f6rbo","description":"Radiostyrning f\u00f6r industriella och mobila applikationer","publisher":{"@id":"https:\/\/akerstroms.se\/#organization"},"potentialAction":[{"@type":"SearchAction","target":{"@type":"EntryPoint","urlTemplate":"https:\/\/akerstroms.se\/?s={search_term_string}"},"query-input":{"@type":"PropertyValueSpecification","valueRequired":true,"valueName":"search_term_string"}}],"inLanguage":"de"},{"@type":"Organization","@id":"https:\/\/akerstroms.se\/#organization","name":"\u00c5kerstr\u00f6ms AB","url":"https:\/\/akerstroms.se\/","logo":{"@type":"ImageObject","inLanguage":"de","@id":"https:\/\/akerstroms.se\/#\/schema\/logo\/image\/","url":"https:\/\/akerstroms.se\/app\/uploads\/2021\/10\/akerstroms-logo.png","contentUrl":"https:\/\/akerstroms.se\/app\/uploads\/2021\/10\/akerstroms-logo.png","width":400,"height":86,"caption":"\u00c5kerstr\u00f6ms AB"},"image":{"@id":"https:\/\/akerstroms.se\/#\/schema\/logo\/image\/"},"sameAs":["https:\/\/www.facebook.com\/akerstroms.se","https:\/\/www.linkedin.com\/company\/akerstroms\/","https:\/\/www.youtube.com\/channel\/UC8S-jX9nA8c9qBaTlgqg1CQ"]}]}},"_links":{"self":[{"href":"https:\/\/akerstroms.se\/de\/wp-json\/wp\/v2\/product\/9728","targetHints":{"allow":["GET"]}}],"collection":[{"href":"https:\/\/akerstroms.se\/de\/wp-json\/wp\/v2\/product"}],"about":[{"href":"https:\/\/akerstroms.se\/de\/wp-json\/wp\/v2\/types\/product"}],"wp:featuredmedia":[{"embeddable":true,"href":"https:\/\/akerstroms.se\/de\/wp-json\/wp\/v2\/media\/10145"}],"wp:attachment":[{"href":"https:\/\/akerstroms.se\/de\/wp-json\/wp\/v2\/media?parent=9728"}],"wp:term":[{"taxonomy":"product_brand","embeddable":true,"href":"https:\/\/akerstroms.se\/de\/wp-json\/wp\/v2\/product_brand?post=9728"},{"taxonomy":"product_cat","embeddable":true,"href":"https:\/\/akerstroms.se\/de\/wp-json\/wp\/v2\/product_cat?post=9728"},{"taxonomy":"product_tag","embeddable":true,"href":"https:\/\/akerstroms.se\/de\/wp-json\/wp\/v2\/product_tag?post=9728"}],"curies":[{"name":"wp","href":"https:\/\/api.w.org\/{rel}","templated":true}]}}