{"id":9709,"date":"2021-04-08T12:24:24","date_gmt":"2021-09-27T05:58:56","guid":{"rendered":"https:\/\/akerstroms.se\/product\/remotus-era-4b-2\/"},"modified":"2021-10-19T15:58:53","modified_gmt":"2021-10-19T13:58:53","slug":"remotus-era-4b","status":"publish","type":"product","link":"https:\/\/akerstroms.se\/de\/produkt\/remotus-era-4b\/","title":{"rendered":"Remotus ERA 4B"},"content":{"rendered":"","protected":false},"excerpt":{"rendered":"<h3>Robuster Sender, sowohl f\u00fcr den Innen- als auch f\u00fcr den Au\u00dfengebrauch.<\/h3>\n<p>Der Sender eignet sich besonders f\u00fcr einfache Hebevorg\u00e4nge, verschiedene Ein-\/Aus-Funktionen, Pumpen oder andere industrielle\/mobile Anwendungen. ERA 4B besitzt 4 zweistufige Drucktasten, was jeder Drucktaste zwei Funktionen verleiht. Die Tasten sind so gestaltet, dass sie sich auch mit Handschuhen leicht bedienen lassen. Leuchtdioden an jeder Taste zeigen die gew\u00e4hlte Funktion an. Eine separate Leuchtdiode signalisiert Akkustatus und Betrieb. HK-Anzeige im Display und per Leuchtdiode. Der Handsender ist sehr leicht, nur 265\u00a0g (inkl. Akku) und einfach mitzunehmen. Seine Ausgangsleistung ist adaptiv, d.\u00a0h. bei einer hohen Signalst\u00e4rke wechseln sowohl Sender als auch Empf\u00e4nger zu einer niedrigeren Ausgangsleistung, um andere so wenig wie m\u00f6glich zu st\u00f6ren. Die IP67-Klassifizierung bedeutet, dass ERA 4B komplett staub- und wasserdicht ist. Zum Sender geh\u00f6rt ein Blatt mit unterschiedlichen Symbolen, die auf den einzelnen Tasten befestigt werden. Grafisches Display, 128&#215;64 Pixel. Funkfrequenz: 433-434 MHz, 2.4 GHz<\/p>\n","protected":false},"featured_media":6804,"template":"","meta":{"_acf_changed":false},"product_brand":[],"product_cat":[157,149],"product_tag":[170,179,177],"class_list":{"0":"post-9709","1":"product","2":"type-product","3":"status-publish","4":"has-post-thumbnail","6":"product_cat-handsender-de","7":"product_cat-remotus-de","8":"product_tag-krane-und-hebebuhnen-de","9":"product_tag-pumpen-de","10":"product_tag-sonstige-steuerungen-de","12":"first","13":"instock","14":"product-type-simple"},"acf":[],"yoast_head":"<!-- This site is optimized with the Yoast SEO plugin v27.4 - https:\/\/yoast.com\/product\/yoast-seo-wordpress\/ -->\n<title>Remotus ERA 4B - \u00c5kerstr\u00f6ms Bj\u00f6rbo<\/title>\n<meta name=\"robots\" content=\"index, follow, max-snippet:-1, max-image-preview:large, max-video-preview:-1\" \/>\n<link rel=\"canonical\" href=\"https:\/\/akerstroms.se\/de\/produkt\/remotus-era-4b\/\" \/>\n<meta property=\"og:locale\" content=\"de_DE\" \/>\n<meta property=\"og:type\" content=\"article\" \/>\n<meta property=\"og:title\" content=\"Remotus ERA 4B - \u00c5kerstr\u00f6ms Bj\u00f6rbo\" \/>\n<meta property=\"og:description\" content=\"Robuster Sender, sowohl f\u00fcr den Innen- als auch f\u00fcr den Au\u00dfengebrauch. Der Sender eignet sich besonders f\u00fcr einfache Hebevorg\u00e4nge, verschiedene Ein-\/Aus-Funktionen, Pumpen oder andere industrielle\/mobile Anwendungen. ERA 4B besitzt 4 zweistufige Drucktasten, was jeder Drucktaste zwei Funktionen verleiht. Die Tasten sind so gestaltet, dass sie sich auch mit Handschuhen leicht bedienen lassen. Leuchtdioden an jeder Taste zeigen die gew\u00e4hlte Funktion an. Eine separate Leuchtdiode signalisiert Akkustatus und Betrieb. HK-Anzeige im Display und per Leuchtdiode. Der Handsender ist sehr leicht, nur 265\u00a0g (inkl. Akku) und einfach mitzunehmen. Seine Ausgangsleistung ist adaptiv, d.\u00a0h. bei einer hohen Signalst\u00e4rke wechseln sowohl Sender als auch Empf\u00e4nger zu einer niedrigeren Ausgangsleistung, um andere so wenig wie m\u00f6glich zu st\u00f6ren. Die IP67-Klassifizierung bedeutet, dass ERA 4B komplett staub- und wasserdicht ist. Zum Sender geh\u00f6rt ein Blatt mit unterschiedlichen Symbolen, die auf den einzelnen Tasten befestigt werden. Grafisches Display, 128x64 Pixel. Funkfrequenz: 433-434 MHz, 2.4 GHz\" \/>\n<meta property=\"og:url\" content=\"https:\/\/akerstroms.se\/de\/produkt\/remotus-era-4b\/\" \/>\n<meta property=\"og:site_name\" content=\"\u00c5kerstr\u00f6ms Bj\u00f6rbo\" \/>\n<meta property=\"article:publisher\" content=\"https:\/\/www.facebook.com\/akerstroms.se\" \/>\n<meta property=\"article:modified_time\" content=\"2021-10-19T13:58:53+00:00\" \/>\n<meta property=\"og:image\" content=\"https:\/\/akerstroms.se\/app\/uploads\/2021\/04\/Jupiter-Era-4B.jpg\" \/>\n\t<meta property=\"og:image:width\" content=\"930\" \/>\n\t<meta property=\"og:image:height\" content=\"1240\" \/>\n\t<meta property=\"og:image:type\" content=\"image\/jpeg\" \/>\n<meta name=\"twitter:card\" content=\"summary_large_image\" \/>\n<script type=\"application\/ld+json\" class=\"yoast-schema-graph\">{\"@context\":\"https:\\\/\\\/schema.org\",\"@graph\":[{\"@type\":\"WebPage\",\"@id\":\"https:\\\/\\\/akerstroms.se\\\/de\\\/produkt\\\/remotus-era-4b\\\/\",\"url\":\"https:\\\/\\\/akerstroms.se\\\/de\\\/produkt\\\/remotus-era-4b\\\/\",\"name\":\"Remotus ERA 4B - \u00c5kerstr\u00f6ms Bj\u00f6rbo\",\"isPartOf\":{\"@id\":\"https:\\\/\\\/akerstroms.se\\\/#website\"},\"primaryImageOfPage\":{\"@id\":\"https:\\\/\\\/akerstroms.se\\\/de\\\/produkt\\\/remotus-era-4b\\\/#primaryimage\"},\"image\":{\"@id\":\"https:\\\/\\\/akerstroms.se\\\/de\\\/produkt\\\/remotus-era-4b\\\/#primaryimage\"},\"thumbnailUrl\":\"https:\\\/\\\/akerstroms.se\\\/app\\\/uploads\\\/2021\\\/04\\\/Jupiter-Era-4B.jpg\",\"datePublished\":\"2021-09-27T05:58:56+00:00\",\"dateModified\":\"2021-10-19T13:58:53+00:00\",\"breadcrumb\":{\"@id\":\"https:\\\/\\\/akerstroms.se\\\/de\\\/produkt\\\/remotus-era-4b\\\/#breadcrumb\"},\"inLanguage\":\"de\",\"potentialAction\":[{\"@type\":\"ReadAction\",\"target\":[\"https:\\\/\\\/akerstroms.se\\\/de\\\/produkt\\\/remotus-era-4b\\\/\"]}]},{\"@type\":\"ImageObject\",\"inLanguage\":\"de\",\"@id\":\"https:\\\/\\\/akerstroms.se\\\/de\\\/produkt\\\/remotus-era-4b\\\/#primaryimage\",\"url\":\"https:\\\/\\\/akerstroms.se\\\/app\\\/uploads\\\/2021\\\/04\\\/Jupiter-Era-4B.jpg\",\"contentUrl\":\"https:\\\/\\\/akerstroms.se\\\/app\\\/uploads\\\/2021\\\/04\\\/Jupiter-Era-4B.jpg\",\"width\":930,\"height\":1240,\"caption\":\"Tastensender Jupiter-Era-4B\"},{\"@type\":\"BreadcrumbList\",\"@id\":\"https:\\\/\\\/akerstroms.se\\\/de\\\/produkt\\\/remotus-era-4b\\\/#breadcrumb\",\"itemListElement\":[{\"@type\":\"ListItem\",\"position\":1,\"name\":\"Home\",\"item\":\"https:\\\/\\\/akerstroms.se\\\/de\\\/\"},{\"@type\":\"ListItem\",\"position\":2,\"name\":\"Shop\",\"item\":\"https:\\\/\\\/akerstroms.se\\\/de\\\/shop\\\/\"},{\"@type\":\"ListItem\",\"position\":3,\"name\":\"Remotus ERA 4B\"}]},{\"@type\":\"WebSite\",\"@id\":\"https:\\\/\\\/akerstroms.se\\\/#website\",\"url\":\"https:\\\/\\\/akerstroms.se\\\/\",\"name\":\"\u00c5kerstr\u00f6ms Bj\u00f6rbo\",\"description\":\"Radiostyrning f\u00f6r industriella och mobila applikationer\",\"publisher\":{\"@id\":\"https:\\\/\\\/akerstroms.se\\\/#organization\"},\"potentialAction\":[{\"@type\":\"SearchAction\",\"target\":{\"@type\":\"EntryPoint\",\"urlTemplate\":\"https:\\\/\\\/akerstroms.se\\\/?s={search_term_string}\"},\"query-input\":{\"@type\":\"PropertyValueSpecification\",\"valueRequired\":true,\"valueName\":\"search_term_string\"}}],\"inLanguage\":\"de\"},{\"@type\":\"Organization\",\"@id\":\"https:\\\/\\\/akerstroms.se\\\/#organization\",\"name\":\"\u00c5kerstr\u00f6ms AB\",\"url\":\"https:\\\/\\\/akerstroms.se\\\/\",\"logo\":{\"@type\":\"ImageObject\",\"inLanguage\":\"de\",\"@id\":\"https:\\\/\\\/akerstroms.se\\\/#\\\/schema\\\/logo\\\/image\\\/\",\"url\":\"https:\\\/\\\/akerstroms.se\\\/app\\\/uploads\\\/2021\\\/10\\\/akerstroms-logo.png\",\"contentUrl\":\"https:\\\/\\\/akerstroms.se\\\/app\\\/uploads\\\/2021\\\/10\\\/akerstroms-logo.png\",\"width\":400,\"height\":86,\"caption\":\"\u00c5kerstr\u00f6ms AB\"},\"image\":{\"@id\":\"https:\\\/\\\/akerstroms.se\\\/#\\\/schema\\\/logo\\\/image\\\/\"},\"sameAs\":[\"https:\\\/\\\/www.facebook.com\\\/akerstroms.se\",\"https:\\\/\\\/www.linkedin.com\\\/company\\\/akerstroms\\\/\",\"https:\\\/\\\/www.youtube.com\\\/channel\\\/UC8S-jX9nA8c9qBaTlgqg1CQ\"]}]}<\/script>\n<!-- \/ Yoast SEO plugin. -->","yoast_head_json":{"title":"Remotus ERA 4B - \u00c5kerstr\u00f6ms Bj\u00f6rbo","robots":{"index":"index","follow":"follow","max-snippet":"max-snippet:-1","max-image-preview":"max-image-preview:large","max-video-preview":"max-video-preview:-1"},"canonical":"https:\/\/akerstroms.se\/de\/produkt\/remotus-era-4b\/","og_locale":"de_DE","og_type":"article","og_title":"Remotus ERA 4B - \u00c5kerstr\u00f6ms Bj\u00f6rbo","og_description":"Robuster Sender, sowohl f\u00fcr den Innen- als auch f\u00fcr den Au\u00dfengebrauch. Der Sender eignet sich besonders f\u00fcr einfache Hebevorg\u00e4nge, verschiedene Ein-\/Aus-Funktionen, Pumpen oder andere industrielle\/mobile Anwendungen. ERA 4B besitzt 4 zweistufige Drucktasten, was jeder Drucktaste zwei Funktionen verleiht. Die Tasten sind so gestaltet, dass sie sich auch mit Handschuhen leicht bedienen lassen. Leuchtdioden an jeder Taste zeigen die gew\u00e4hlte Funktion an. Eine separate Leuchtdiode signalisiert Akkustatus und Betrieb. HK-Anzeige im Display und per Leuchtdiode. Der Handsender ist sehr leicht, nur 265\u00a0g (inkl. Akku) und einfach mitzunehmen. Seine Ausgangsleistung ist adaptiv, d.\u00a0h. bei einer hohen Signalst\u00e4rke wechseln sowohl Sender als auch Empf\u00e4nger zu einer niedrigeren Ausgangsleistung, um andere so wenig wie m\u00f6glich zu st\u00f6ren. Die IP67-Klassifizierung bedeutet, dass ERA 4B komplett staub- und wasserdicht ist. Zum Sender geh\u00f6rt ein Blatt mit unterschiedlichen Symbolen, die auf den einzelnen Tasten befestigt werden. Grafisches Display, 128x64 Pixel. Funkfrequenz: 433-434 MHz, 2.4 GHz","og_url":"https:\/\/akerstroms.se\/de\/produkt\/remotus-era-4b\/","og_site_name":"\u00c5kerstr\u00f6ms Bj\u00f6rbo","article_publisher":"https:\/\/www.facebook.com\/akerstroms.se","article_modified_time":"2021-10-19T13:58:53+00:00","og_image":[{"width":930,"height":1240,"url":"https:\/\/akerstroms.se\/app\/uploads\/2021\/04\/Jupiter-Era-4B.jpg","type":"image\/jpeg"}],"twitter_card":"summary_large_image","schema":{"@context":"https:\/\/schema.org","@graph":[{"@type":"WebPage","@id":"https:\/\/akerstroms.se\/de\/produkt\/remotus-era-4b\/","url":"https:\/\/akerstroms.se\/de\/produkt\/remotus-era-4b\/","name":"Remotus ERA 4B - \u00c5kerstr\u00f6ms Bj\u00f6rbo","isPartOf":{"@id":"https:\/\/akerstroms.se\/#website"},"primaryImageOfPage":{"@id":"https:\/\/akerstroms.se\/de\/produkt\/remotus-era-4b\/#primaryimage"},"image":{"@id":"https:\/\/akerstroms.se\/de\/produkt\/remotus-era-4b\/#primaryimage"},"thumbnailUrl":"https:\/\/akerstroms.se\/app\/uploads\/2021\/04\/Jupiter-Era-4B.jpg","datePublished":"2021-09-27T05:58:56+00:00","dateModified":"2021-10-19T13:58:53+00:00","breadcrumb":{"@id":"https:\/\/akerstroms.se\/de\/produkt\/remotus-era-4b\/#breadcrumb"},"inLanguage":"de","potentialAction":[{"@type":"ReadAction","target":["https:\/\/akerstroms.se\/de\/produkt\/remotus-era-4b\/"]}]},{"@type":"ImageObject","inLanguage":"de","@id":"https:\/\/akerstroms.se\/de\/produkt\/remotus-era-4b\/#primaryimage","url":"https:\/\/akerstroms.se\/app\/uploads\/2021\/04\/Jupiter-Era-4B.jpg","contentUrl":"https:\/\/akerstroms.se\/app\/uploads\/2021\/04\/Jupiter-Era-4B.jpg","width":930,"height":1240,"caption":"Tastensender Jupiter-Era-4B"},{"@type":"BreadcrumbList","@id":"https:\/\/akerstroms.se\/de\/produkt\/remotus-era-4b\/#breadcrumb","itemListElement":[{"@type":"ListItem","position":1,"name":"Home","item":"https:\/\/akerstroms.se\/de\/"},{"@type":"ListItem","position":2,"name":"Shop","item":"https:\/\/akerstroms.se\/de\/shop\/"},{"@type":"ListItem","position":3,"name":"Remotus ERA 4B"}]},{"@type":"WebSite","@id":"https:\/\/akerstroms.se\/#website","url":"https:\/\/akerstroms.se\/","name":"\u00c5kerstr\u00f6ms Bj\u00f6rbo","description":"Radiostyrning f\u00f6r industriella och mobila applikationer","publisher":{"@id":"https:\/\/akerstroms.se\/#organization"},"potentialAction":[{"@type":"SearchAction","target":{"@type":"EntryPoint","urlTemplate":"https:\/\/akerstroms.se\/?s={search_term_string}"},"query-input":{"@type":"PropertyValueSpecification","valueRequired":true,"valueName":"search_term_string"}}],"inLanguage":"de"},{"@type":"Organization","@id":"https:\/\/akerstroms.se\/#organization","name":"\u00c5kerstr\u00f6ms AB","url":"https:\/\/akerstroms.se\/","logo":{"@type":"ImageObject","inLanguage":"de","@id":"https:\/\/akerstroms.se\/#\/schema\/logo\/image\/","url":"https:\/\/akerstroms.se\/app\/uploads\/2021\/10\/akerstroms-logo.png","contentUrl":"https:\/\/akerstroms.se\/app\/uploads\/2021\/10\/akerstroms-logo.png","width":400,"height":86,"caption":"\u00c5kerstr\u00f6ms AB"},"image":{"@id":"https:\/\/akerstroms.se\/#\/schema\/logo\/image\/"},"sameAs":["https:\/\/www.facebook.com\/akerstroms.se","https:\/\/www.linkedin.com\/company\/akerstroms\/","https:\/\/www.youtube.com\/channel\/UC8S-jX9nA8c9qBaTlgqg1CQ"]}]}},"_links":{"self":[{"href":"https:\/\/akerstroms.se\/de\/wp-json\/wp\/v2\/product\/9709","targetHints":{"allow":["GET"]}}],"collection":[{"href":"https:\/\/akerstroms.se\/de\/wp-json\/wp\/v2\/product"}],"about":[{"href":"https:\/\/akerstroms.se\/de\/wp-json\/wp\/v2\/types\/product"}],"wp:featuredmedia":[{"embeddable":true,"href":"https:\/\/akerstroms.se\/de\/wp-json\/wp\/v2\/media\/6804"}],"wp:attachment":[{"href":"https:\/\/akerstroms.se\/de\/wp-json\/wp\/v2\/media?parent=9709"}],"wp:term":[{"taxonomy":"product_brand","embeddable":true,"href":"https:\/\/akerstroms.se\/de\/wp-json\/wp\/v2\/product_brand?post=9709"},{"taxonomy":"product_cat","embeddable":true,"href":"https:\/\/akerstroms.se\/de\/wp-json\/wp\/v2\/product_cat?post=9709"},{"taxonomy":"product_tag","embeddable":true,"href":"https:\/\/akerstroms.se\/de\/wp-json\/wp\/v2\/product_tag?post=9709"}],"curies":[{"name":"wp","href":"https:\/\/api.w.org\/{rel}","templated":true}]}}