{"id":9708,"date":"2021-04-28T14:41:09","date_gmt":"2021-09-27T05:58:52","guid":{"rendered":"https:\/\/akerstroms.se\/product\/remotus-500jd-2\/"},"modified":"2022-09-16T13:04:08","modified_gmt":"2022-09-16T11:04:08","slug":"remotus-500jd","status":"publish","type":"product","link":"https:\/\/akerstroms.se\/de\/produkt\/remotus-500jd\/","title":{"rendered":"Remotus 500JD"},"content":{"rendered":"","protected":false},"excerpt":{"rendered":"<h3>Beckengurtsender mit Joystick f\u00fcr Kr\u00e4ne, Fahrzeuge und Maschinen<\/h3>\n<p>Der Remotus 500 ist unser gr\u00f6\u00dftes Sendermodell und f\u00fcr hochkomplexe Maschinenausstattungen vorgesehen. Er wird individuell an die W\u00fcnsche der Kunden angepasst und kann bis zu acht Bewegungen steuern. Insgesamt max. vier Joysticks, alternativ acht Paddles. Das Display ist dank seiner Hintergrundbeleuchtung auch bei starker Sonneneinstrahlung gut lesbar. Auch ohne Display erh\u00e4ltlich. Die Notausfunktion von Remotus entspricht PLd, Cat 3, EN ISO 13849-1.<\/p>\n","protected":false},"featured_media":9902,"template":"","meta":{"_acf_changed":false},"product_brand":[],"product_cat":[158,149],"product_tag":[171,175,170,178,179,172],"class_list":{"0":"post-9708","1":"product","2":"type-product","3":"status-publish","4":"has-post-thumbnail","6":"product_cat-beckengurtsender-de","7":"product_cat-remotus-de","8":"product_tag-fahrzeuge-und-aufbauten-de","9":"product_tag-hafen-und-fahren-de","10":"product_tag-krane-und-hebebuhnen-de","11":"product_tag-maschinen-de","12":"product_tag-pumpen-de","13":"product_tag-winden-de","15":"first","16":"instock","17":"product-type-simple"},"acf":[],"yoast_head":"<!-- This site is optimized with the Yoast SEO plugin v27.4 - https:\/\/yoast.com\/product\/yoast-seo-wordpress\/ -->\n<title>Remotus 500JD - \u00c5kerstr\u00f6ms Bj\u00f6rbo<\/title>\n<meta name=\"robots\" content=\"index, follow, max-snippet:-1, max-image-preview:large, max-video-preview:-1\" \/>\n<link rel=\"canonical\" href=\"https:\/\/akerstroms.se\/de\/produkt\/remotus-500jd\/\" \/>\n<meta property=\"og:locale\" content=\"de_DE\" \/>\n<meta property=\"og:type\" content=\"article\" \/>\n<meta property=\"og:title\" content=\"Remotus 500JD - \u00c5kerstr\u00f6ms Bj\u00f6rbo\" \/>\n<meta property=\"og:description\" content=\"Beckengurtsender mit Joystick f\u00fcr Kr\u00e4ne, Fahrzeuge und Maschinen Der Remotus 500 ist unser gr\u00f6\u00dftes Sendermodell und f\u00fcr hochkomplexe Maschinenausstattungen vorgesehen. Er wird individuell an die W\u00fcnsche der Kunden angepasst und kann bis zu acht Bewegungen steuern. Insgesamt max. vier Joysticks, alternativ acht Paddles. Das Display ist dank seiner Hintergrundbeleuchtung auch bei starker Sonneneinstrahlung gut lesbar. Auch ohne Display erh\u00e4ltlich. Die Notausfunktion von Remotus entspricht PLd, Cat 3, EN ISO 13849-1.\" \/>\n<meta property=\"og:url\" content=\"https:\/\/akerstroms.se\/de\/produkt\/remotus-500jd\/\" \/>\n<meta property=\"og:site_name\" content=\"\u00c5kerstr\u00f6ms Bj\u00f6rbo\" \/>\n<meta property=\"article:publisher\" content=\"https:\/\/www.facebook.com\/akerstroms.se\" \/>\n<meta property=\"article:modified_time\" content=\"2022-09-16T11:04:08+00:00\" \/>\n<meta property=\"og:image\" content=\"https:\/\/akerstroms.se\/app\/uploads\/2021\/04\/Remotus-500-1.jpg\" \/>\n\t<meta property=\"og:image:width\" content=\"930\" \/>\n\t<meta property=\"og:image:height\" content=\"1240\" \/>\n\t<meta property=\"og:image:type\" content=\"image\/jpeg\" \/>\n<meta name=\"twitter:card\" content=\"summary_large_image\" \/>\n<script type=\"application\/ld+json\" class=\"yoast-schema-graph\">{\"@context\":\"https:\\\/\\\/schema.org\",\"@graph\":[{\"@type\":\"WebPage\",\"@id\":\"https:\\\/\\\/akerstroms.se\\\/de\\\/produkt\\\/remotus-500jd\\\/\",\"url\":\"https:\\\/\\\/akerstroms.se\\\/de\\\/produkt\\\/remotus-500jd\\\/\",\"name\":\"Remotus 500JD - \u00c5kerstr\u00f6ms Bj\u00f6rbo\",\"isPartOf\":{\"@id\":\"https:\\\/\\\/akerstroms.se\\\/#website\"},\"primaryImageOfPage\":{\"@id\":\"https:\\\/\\\/akerstroms.se\\\/de\\\/produkt\\\/remotus-500jd\\\/#primaryimage\"},\"image\":{\"@id\":\"https:\\\/\\\/akerstroms.se\\\/de\\\/produkt\\\/remotus-500jd\\\/#primaryimage\"},\"thumbnailUrl\":\"https:\\\/\\\/akerstroms.se\\\/app\\\/uploads\\\/2021\\\/04\\\/Remotus-500-1.jpg\",\"datePublished\":\"2021-09-27T05:58:52+00:00\",\"dateModified\":\"2022-09-16T11:04:08+00:00\",\"breadcrumb\":{\"@id\":\"https:\\\/\\\/akerstroms.se\\\/de\\\/produkt\\\/remotus-500jd\\\/#breadcrumb\"},\"inLanguage\":\"de\",\"potentialAction\":[{\"@type\":\"ReadAction\",\"target\":[\"https:\\\/\\\/akerstroms.se\\\/de\\\/produkt\\\/remotus-500jd\\\/\"]}]},{\"@type\":\"ImageObject\",\"inLanguage\":\"de\",\"@id\":\"https:\\\/\\\/akerstroms.se\\\/de\\\/produkt\\\/remotus-500jd\\\/#primaryimage\",\"url\":\"https:\\\/\\\/akerstroms.se\\\/app\\\/uploads\\\/2021\\\/04\\\/Remotus-500-1.jpg\",\"contentUrl\":\"https:\\\/\\\/akerstroms.se\\\/app\\\/uploads\\\/2021\\\/04\\\/Remotus-500-1.jpg\",\"width\":930,\"height\":1240,\"caption\":\"Remotus 500 Beckengurtsender\"},{\"@type\":\"BreadcrumbList\",\"@id\":\"https:\\\/\\\/akerstroms.se\\\/de\\\/produkt\\\/remotus-500jd\\\/#breadcrumb\",\"itemListElement\":[{\"@type\":\"ListItem\",\"position\":1,\"name\":\"Home\",\"item\":\"https:\\\/\\\/akerstroms.se\\\/de\\\/\"},{\"@type\":\"ListItem\",\"position\":2,\"name\":\"Shop\",\"item\":\"https:\\\/\\\/akerstroms.se\\\/de\\\/shop\\\/\"},{\"@type\":\"ListItem\",\"position\":3,\"name\":\"Remotus 500JD\"}]},{\"@type\":\"WebSite\",\"@id\":\"https:\\\/\\\/akerstroms.se\\\/#website\",\"url\":\"https:\\\/\\\/akerstroms.se\\\/\",\"name\":\"\u00c5kerstr\u00f6ms Bj\u00f6rbo\",\"description\":\"Radiostyrning f\u00f6r industriella och mobila applikationer\",\"publisher\":{\"@id\":\"https:\\\/\\\/akerstroms.se\\\/#organization\"},\"potentialAction\":[{\"@type\":\"SearchAction\",\"target\":{\"@type\":\"EntryPoint\",\"urlTemplate\":\"https:\\\/\\\/akerstroms.se\\\/?s={search_term_string}\"},\"query-input\":{\"@type\":\"PropertyValueSpecification\",\"valueRequired\":true,\"valueName\":\"search_term_string\"}}],\"inLanguage\":\"de\"},{\"@type\":\"Organization\",\"@id\":\"https:\\\/\\\/akerstroms.se\\\/#organization\",\"name\":\"\u00c5kerstr\u00f6ms AB\",\"url\":\"https:\\\/\\\/akerstroms.se\\\/\",\"logo\":{\"@type\":\"ImageObject\",\"inLanguage\":\"de\",\"@id\":\"https:\\\/\\\/akerstroms.se\\\/#\\\/schema\\\/logo\\\/image\\\/\",\"url\":\"https:\\\/\\\/akerstroms.se\\\/app\\\/uploads\\\/2021\\\/10\\\/akerstroms-logo.png\",\"contentUrl\":\"https:\\\/\\\/akerstroms.se\\\/app\\\/uploads\\\/2021\\\/10\\\/akerstroms-logo.png\",\"width\":400,\"height\":86,\"caption\":\"\u00c5kerstr\u00f6ms AB\"},\"image\":{\"@id\":\"https:\\\/\\\/akerstroms.se\\\/#\\\/schema\\\/logo\\\/image\\\/\"},\"sameAs\":[\"https:\\\/\\\/www.facebook.com\\\/akerstroms.se\",\"https:\\\/\\\/www.linkedin.com\\\/company\\\/akerstroms\\\/\",\"https:\\\/\\\/www.youtube.com\\\/channel\\\/UC8S-jX9nA8c9qBaTlgqg1CQ\"]}]}<\/script>\n<!-- \/ Yoast SEO plugin. -->","yoast_head_json":{"title":"Remotus 500JD - \u00c5kerstr\u00f6ms Bj\u00f6rbo","robots":{"index":"index","follow":"follow","max-snippet":"max-snippet:-1","max-image-preview":"max-image-preview:large","max-video-preview":"max-video-preview:-1"},"canonical":"https:\/\/akerstroms.se\/de\/produkt\/remotus-500jd\/","og_locale":"de_DE","og_type":"article","og_title":"Remotus 500JD - \u00c5kerstr\u00f6ms Bj\u00f6rbo","og_description":"Beckengurtsender mit Joystick f\u00fcr Kr\u00e4ne, Fahrzeuge und Maschinen Der Remotus 500 ist unser gr\u00f6\u00dftes Sendermodell und f\u00fcr hochkomplexe Maschinenausstattungen vorgesehen. Er wird individuell an die W\u00fcnsche der Kunden angepasst und kann bis zu acht Bewegungen steuern. Insgesamt max. vier Joysticks, alternativ acht Paddles. Das Display ist dank seiner Hintergrundbeleuchtung auch bei starker Sonneneinstrahlung gut lesbar. Auch ohne Display erh\u00e4ltlich. Die Notausfunktion von Remotus entspricht PLd, Cat 3, EN ISO 13849-1.","og_url":"https:\/\/akerstroms.se\/de\/produkt\/remotus-500jd\/","og_site_name":"\u00c5kerstr\u00f6ms Bj\u00f6rbo","article_publisher":"https:\/\/www.facebook.com\/akerstroms.se","article_modified_time":"2022-09-16T11:04:08+00:00","og_image":[{"width":930,"height":1240,"url":"https:\/\/akerstroms.se\/app\/uploads\/2021\/04\/Remotus-500-1.jpg","type":"image\/jpeg"}],"twitter_card":"summary_large_image","schema":{"@context":"https:\/\/schema.org","@graph":[{"@type":"WebPage","@id":"https:\/\/akerstroms.se\/de\/produkt\/remotus-500jd\/","url":"https:\/\/akerstroms.se\/de\/produkt\/remotus-500jd\/","name":"Remotus 500JD - \u00c5kerstr\u00f6ms Bj\u00f6rbo","isPartOf":{"@id":"https:\/\/akerstroms.se\/#website"},"primaryImageOfPage":{"@id":"https:\/\/akerstroms.se\/de\/produkt\/remotus-500jd\/#primaryimage"},"image":{"@id":"https:\/\/akerstroms.se\/de\/produkt\/remotus-500jd\/#primaryimage"},"thumbnailUrl":"https:\/\/akerstroms.se\/app\/uploads\/2021\/04\/Remotus-500-1.jpg","datePublished":"2021-09-27T05:58:52+00:00","dateModified":"2022-09-16T11:04:08+00:00","breadcrumb":{"@id":"https:\/\/akerstroms.se\/de\/produkt\/remotus-500jd\/#breadcrumb"},"inLanguage":"de","potentialAction":[{"@type":"ReadAction","target":["https:\/\/akerstroms.se\/de\/produkt\/remotus-500jd\/"]}]},{"@type":"ImageObject","inLanguage":"de","@id":"https:\/\/akerstroms.se\/de\/produkt\/remotus-500jd\/#primaryimage","url":"https:\/\/akerstroms.se\/app\/uploads\/2021\/04\/Remotus-500-1.jpg","contentUrl":"https:\/\/akerstroms.se\/app\/uploads\/2021\/04\/Remotus-500-1.jpg","width":930,"height":1240,"caption":"Remotus 500 Beckengurtsender"},{"@type":"BreadcrumbList","@id":"https:\/\/akerstroms.se\/de\/produkt\/remotus-500jd\/#breadcrumb","itemListElement":[{"@type":"ListItem","position":1,"name":"Home","item":"https:\/\/akerstroms.se\/de\/"},{"@type":"ListItem","position":2,"name":"Shop","item":"https:\/\/akerstroms.se\/de\/shop\/"},{"@type":"ListItem","position":3,"name":"Remotus 500JD"}]},{"@type":"WebSite","@id":"https:\/\/akerstroms.se\/#website","url":"https:\/\/akerstroms.se\/","name":"\u00c5kerstr\u00f6ms Bj\u00f6rbo","description":"Radiostyrning f\u00f6r industriella och mobila applikationer","publisher":{"@id":"https:\/\/akerstroms.se\/#organization"},"potentialAction":[{"@type":"SearchAction","target":{"@type":"EntryPoint","urlTemplate":"https:\/\/akerstroms.se\/?s={search_term_string}"},"query-input":{"@type":"PropertyValueSpecification","valueRequired":true,"valueName":"search_term_string"}}],"inLanguage":"de"},{"@type":"Organization","@id":"https:\/\/akerstroms.se\/#organization","name":"\u00c5kerstr\u00f6ms AB","url":"https:\/\/akerstroms.se\/","logo":{"@type":"ImageObject","inLanguage":"de","@id":"https:\/\/akerstroms.se\/#\/schema\/logo\/image\/","url":"https:\/\/akerstroms.se\/app\/uploads\/2021\/10\/akerstroms-logo.png","contentUrl":"https:\/\/akerstroms.se\/app\/uploads\/2021\/10\/akerstroms-logo.png","width":400,"height":86,"caption":"\u00c5kerstr\u00f6ms AB"},"image":{"@id":"https:\/\/akerstroms.se\/#\/schema\/logo\/image\/"},"sameAs":["https:\/\/www.facebook.com\/akerstroms.se","https:\/\/www.linkedin.com\/company\/akerstroms\/","https:\/\/www.youtube.com\/channel\/UC8S-jX9nA8c9qBaTlgqg1CQ"]}]}},"_links":{"self":[{"href":"https:\/\/akerstroms.se\/de\/wp-json\/wp\/v2\/product\/9708","targetHints":{"allow":["GET"]}}],"collection":[{"href":"https:\/\/akerstroms.se\/de\/wp-json\/wp\/v2\/product"}],"about":[{"href":"https:\/\/akerstroms.se\/de\/wp-json\/wp\/v2\/types\/product"}],"wp:featuredmedia":[{"embeddable":true,"href":"https:\/\/akerstroms.se\/de\/wp-json\/wp\/v2\/media\/9902"}],"wp:attachment":[{"href":"https:\/\/akerstroms.se\/de\/wp-json\/wp\/v2\/media?parent=9708"}],"wp:term":[{"taxonomy":"product_brand","embeddable":true,"href":"https:\/\/akerstroms.se\/de\/wp-json\/wp\/v2\/product_brand?post=9708"},{"taxonomy":"product_cat","embeddable":true,"href":"https:\/\/akerstroms.se\/de\/wp-json\/wp\/v2\/product_cat?post=9708"},{"taxonomy":"product_tag","embeddable":true,"href":"https:\/\/akerstroms.se\/de\/wp-json\/wp\/v2\/product_tag?post=9708"}],"curies":[{"name":"wp","href":"https:\/\/api.w.org\/{rel}","templated":true}]}}