{"id":9706,"date":"2021-04-08T12:24:24","date_gmt":"2021-09-27T05:58:46","guid":{"rendered":"https:\/\/akerstroms.se\/product\/remotus-era-8b-2\/"},"modified":"2021-10-19T15:58:50","modified_gmt":"2021-10-19T13:58:50","slug":"remotus-era-8b","status":"publish","type":"product","link":"https:\/\/akerstroms.se\/de\/produkt\/remotus-era-8b\/","title":{"rendered":"Remotus ERA 8B"},"content":{"rendered":"","protected":false},"excerpt":{"rendered":"<h3>Ein robuster und praktischer Sender f\u00fcr einfache, schwere Hebevorg\u00e4nge oder andere industrielle\/mobile Anwendungen.<\/h3>\n<p>Der Sender eignet sich besonders gut f\u00fcr Hebeb\u00fchnen und Kr\u00e4ne, verschiedene Arten von Pumpen oder andere industrielle\/mobile Anwendungen. ERA 8B besitzt 8 zweistufige Drucktasten, was jeder Drucktaste zwei Funktionen verleiht. Die Tasten sind so gestaltet, dass sie sich auch mit Handschuhen leicht bedienen lassen. Leuchtdioden an jeder Taste zeigen die gew\u00e4hlte Funktion an. Eine separate Leuchtdiode signalisiert Akkustatus und Betrieb. Betriebsanzeige im Display und per Leuchtdiode. Der Handsender ist sehr leicht, nur 265\u00a0g (inkl. Akku) und einfach mitzunehmen. Seine Ausgangsleistung ist adaptiv, d.\u00a0h. bei einer hohen Signalst\u00e4rke wechseln sowohl Sender als auch Empf\u00e4nger zu einer niedrigeren Ausgangsleistung, um andere so wenig wie m\u00f6glich zu st\u00f6ren. Die IP67-Klassifizierung bedeutet, dass ERA 8B komplett staub- und wasserdicht ist. Es gibt unterschiedliche Varianten des Handsenders ERA 8B, Standard oder an Ihre W\u00fcnsche angepasst. Grafisches Display, 128&#215;64 Pixel. Funkfrequenz: 433 bis 434\u00a0MHz.<\/p>\n","protected":false},"featured_media":6692,"template":"","meta":{"_acf_changed":false},"product_brand":[],"product_cat":[157,149],"product_tag":[170,179,177],"class_list":{"0":"post-9706","1":"product","2":"type-product","3":"status-publish","4":"has-post-thumbnail","6":"product_cat-handsender-de","7":"product_cat-remotus-de","8":"product_tag-krane-und-hebebuhnen-de","9":"product_tag-pumpen-de","10":"product_tag-sonstige-steuerungen-de","12":"first","13":"instock","14":"product-type-simple"},"acf":[],"yoast_head":"<!-- This site is optimized with the Yoast SEO plugin v27.4 - https:\/\/yoast.com\/product\/yoast-seo-wordpress\/ -->\n<title>Remotus ERA 8B - \u00c5kerstr\u00f6ms Bj\u00f6rbo<\/title>\n<meta name=\"robots\" content=\"index, follow, max-snippet:-1, max-image-preview:large, max-video-preview:-1\" \/>\n<link rel=\"canonical\" href=\"https:\/\/akerstroms.se\/de\/produkt\/remotus-era-8b\/\" \/>\n<meta property=\"og:locale\" content=\"de_DE\" \/>\n<meta property=\"og:type\" content=\"article\" \/>\n<meta property=\"og:title\" content=\"Remotus ERA 8B - \u00c5kerstr\u00f6ms Bj\u00f6rbo\" \/>\n<meta property=\"og:description\" content=\"Ein robuster und praktischer Sender f\u00fcr einfache, schwere Hebevorg\u00e4nge oder andere industrielle\/mobile Anwendungen. Der Sender eignet sich besonders gut f\u00fcr Hebeb\u00fchnen und Kr\u00e4ne, verschiedene Arten von Pumpen oder andere industrielle\/mobile Anwendungen. ERA 8B besitzt 8 zweistufige Drucktasten, was jeder Drucktaste zwei Funktionen verleiht. Die Tasten sind so gestaltet, dass sie sich auch mit Handschuhen leicht bedienen lassen. Leuchtdioden an jeder Taste zeigen die gew\u00e4hlte Funktion an. Eine separate Leuchtdiode signalisiert Akkustatus und Betrieb. Betriebsanzeige im Display und per Leuchtdiode. Der Handsender ist sehr leicht, nur 265\u00a0g (inkl. Akku) und einfach mitzunehmen. Seine Ausgangsleistung ist adaptiv, d.\u00a0h. bei einer hohen Signalst\u00e4rke wechseln sowohl Sender als auch Empf\u00e4nger zu einer niedrigeren Ausgangsleistung, um andere so wenig wie m\u00f6glich zu st\u00f6ren. Die IP67-Klassifizierung bedeutet, dass ERA 8B komplett staub- und wasserdicht ist. Es gibt unterschiedliche Varianten des Handsenders ERA 8B, Standard oder an Ihre W\u00fcnsche angepasst. Grafisches Display, 128x64 Pixel. Funkfrequenz: 433 bis 434\u00a0MHz.\" \/>\n<meta property=\"og:url\" content=\"https:\/\/akerstroms.se\/de\/produkt\/remotus-era-8b\/\" \/>\n<meta property=\"og:site_name\" content=\"\u00c5kerstr\u00f6ms Bj\u00f6rbo\" \/>\n<meta property=\"article:publisher\" content=\"https:\/\/www.facebook.com\/akerstroms.se\" \/>\n<meta property=\"article:modified_time\" content=\"2021-10-19T13:58:50+00:00\" \/>\n<meta property=\"og:image\" content=\"https:\/\/akerstroms.se\/app\/uploads\/2021\/04\/Jupiter-Era-8B.jpg\" \/>\n\t<meta property=\"og:image:width\" content=\"930\" \/>\n\t<meta property=\"og:image:height\" content=\"1240\" \/>\n\t<meta property=\"og:image:type\" content=\"image\/jpeg\" \/>\n<meta name=\"twitter:card\" content=\"summary_large_image\" \/>\n<script type=\"application\/ld+json\" class=\"yoast-schema-graph\">{\"@context\":\"https:\\\/\\\/schema.org\",\"@graph\":[{\"@type\":\"WebPage\",\"@id\":\"https:\\\/\\\/akerstroms.se\\\/de\\\/produkt\\\/remotus-era-8b\\\/\",\"url\":\"https:\\\/\\\/akerstroms.se\\\/de\\\/produkt\\\/remotus-era-8b\\\/\",\"name\":\"Remotus ERA 8B - \u00c5kerstr\u00f6ms Bj\u00f6rbo\",\"isPartOf\":{\"@id\":\"https:\\\/\\\/akerstroms.se\\\/#website\"},\"primaryImageOfPage\":{\"@id\":\"https:\\\/\\\/akerstroms.se\\\/de\\\/produkt\\\/remotus-era-8b\\\/#primaryimage\"},\"image\":{\"@id\":\"https:\\\/\\\/akerstroms.se\\\/de\\\/produkt\\\/remotus-era-8b\\\/#primaryimage\"},\"thumbnailUrl\":\"https:\\\/\\\/akerstroms.se\\\/app\\\/uploads\\\/2021\\\/04\\\/Jupiter-Era-8B.jpg\",\"datePublished\":\"2021-09-27T05:58:46+00:00\",\"dateModified\":\"2021-10-19T13:58:50+00:00\",\"breadcrumb\":{\"@id\":\"https:\\\/\\\/akerstroms.se\\\/de\\\/produkt\\\/remotus-era-8b\\\/#breadcrumb\"},\"inLanguage\":\"de\",\"potentialAction\":[{\"@type\":\"ReadAction\",\"target\":[\"https:\\\/\\\/akerstroms.se\\\/de\\\/produkt\\\/remotus-era-8b\\\/\"]}]},{\"@type\":\"ImageObject\",\"inLanguage\":\"de\",\"@id\":\"https:\\\/\\\/akerstroms.se\\\/de\\\/produkt\\\/remotus-era-8b\\\/#primaryimage\",\"url\":\"https:\\\/\\\/akerstroms.se\\\/app\\\/uploads\\\/2021\\\/04\\\/Jupiter-Era-8B.jpg\",\"contentUrl\":\"https:\\\/\\\/akerstroms.se\\\/app\\\/uploads\\\/2021\\\/04\\\/Jupiter-Era-8B.jpg\",\"width\":930,\"height\":1240,\"caption\":\"Jupiter ERA 8B\"},{\"@type\":\"BreadcrumbList\",\"@id\":\"https:\\\/\\\/akerstroms.se\\\/de\\\/produkt\\\/remotus-era-8b\\\/#breadcrumb\",\"itemListElement\":[{\"@type\":\"ListItem\",\"position\":1,\"name\":\"Home\",\"item\":\"https:\\\/\\\/akerstroms.se\\\/de\\\/\"},{\"@type\":\"ListItem\",\"position\":2,\"name\":\"Shop\",\"item\":\"https:\\\/\\\/akerstroms.se\\\/de\\\/shop\\\/\"},{\"@type\":\"ListItem\",\"position\":3,\"name\":\"Remotus ERA 8B\"}]},{\"@type\":\"WebSite\",\"@id\":\"https:\\\/\\\/akerstroms.se\\\/#website\",\"url\":\"https:\\\/\\\/akerstroms.se\\\/\",\"name\":\"\u00c5kerstr\u00f6ms Bj\u00f6rbo\",\"description\":\"Radiostyrning f\u00f6r industriella och mobila applikationer\",\"publisher\":{\"@id\":\"https:\\\/\\\/akerstroms.se\\\/#organization\"},\"potentialAction\":[{\"@type\":\"SearchAction\",\"target\":{\"@type\":\"EntryPoint\",\"urlTemplate\":\"https:\\\/\\\/akerstroms.se\\\/?s={search_term_string}\"},\"query-input\":{\"@type\":\"PropertyValueSpecification\",\"valueRequired\":true,\"valueName\":\"search_term_string\"}}],\"inLanguage\":\"de\"},{\"@type\":\"Organization\",\"@id\":\"https:\\\/\\\/akerstroms.se\\\/#organization\",\"name\":\"\u00c5kerstr\u00f6ms AB\",\"url\":\"https:\\\/\\\/akerstroms.se\\\/\",\"logo\":{\"@type\":\"ImageObject\",\"inLanguage\":\"de\",\"@id\":\"https:\\\/\\\/akerstroms.se\\\/#\\\/schema\\\/logo\\\/image\\\/\",\"url\":\"https:\\\/\\\/akerstroms.se\\\/app\\\/uploads\\\/2021\\\/10\\\/akerstroms-logo.png\",\"contentUrl\":\"https:\\\/\\\/akerstroms.se\\\/app\\\/uploads\\\/2021\\\/10\\\/akerstroms-logo.png\",\"width\":400,\"height\":86,\"caption\":\"\u00c5kerstr\u00f6ms AB\"},\"image\":{\"@id\":\"https:\\\/\\\/akerstroms.se\\\/#\\\/schema\\\/logo\\\/image\\\/\"},\"sameAs\":[\"https:\\\/\\\/www.facebook.com\\\/akerstroms.se\",\"https:\\\/\\\/www.linkedin.com\\\/company\\\/akerstroms\\\/\",\"https:\\\/\\\/www.youtube.com\\\/channel\\\/UC8S-jX9nA8c9qBaTlgqg1CQ\"]}]}<\/script>\n<!-- \/ Yoast SEO plugin. -->","yoast_head_json":{"title":"Remotus ERA 8B - \u00c5kerstr\u00f6ms Bj\u00f6rbo","robots":{"index":"index","follow":"follow","max-snippet":"max-snippet:-1","max-image-preview":"max-image-preview:large","max-video-preview":"max-video-preview:-1"},"canonical":"https:\/\/akerstroms.se\/de\/produkt\/remotus-era-8b\/","og_locale":"de_DE","og_type":"article","og_title":"Remotus ERA 8B - \u00c5kerstr\u00f6ms Bj\u00f6rbo","og_description":"Ein robuster und praktischer Sender f\u00fcr einfache, schwere Hebevorg\u00e4nge oder andere industrielle\/mobile Anwendungen. Der Sender eignet sich besonders gut f\u00fcr Hebeb\u00fchnen und Kr\u00e4ne, verschiedene Arten von Pumpen oder andere industrielle\/mobile Anwendungen. ERA 8B besitzt 8 zweistufige Drucktasten, was jeder Drucktaste zwei Funktionen verleiht. Die Tasten sind so gestaltet, dass sie sich auch mit Handschuhen leicht bedienen lassen. Leuchtdioden an jeder Taste zeigen die gew\u00e4hlte Funktion an. Eine separate Leuchtdiode signalisiert Akkustatus und Betrieb. Betriebsanzeige im Display und per Leuchtdiode. Der Handsender ist sehr leicht, nur 265\u00a0g (inkl. Akku) und einfach mitzunehmen. Seine Ausgangsleistung ist adaptiv, d.\u00a0h. bei einer hohen Signalst\u00e4rke wechseln sowohl Sender als auch Empf\u00e4nger zu einer niedrigeren Ausgangsleistung, um andere so wenig wie m\u00f6glich zu st\u00f6ren. Die IP67-Klassifizierung bedeutet, dass ERA 8B komplett staub- und wasserdicht ist. Es gibt unterschiedliche Varianten des Handsenders ERA 8B, Standard oder an Ihre W\u00fcnsche angepasst. Grafisches Display, 128x64 Pixel. Funkfrequenz: 433 bis 434\u00a0MHz.","og_url":"https:\/\/akerstroms.se\/de\/produkt\/remotus-era-8b\/","og_site_name":"\u00c5kerstr\u00f6ms Bj\u00f6rbo","article_publisher":"https:\/\/www.facebook.com\/akerstroms.se","article_modified_time":"2021-10-19T13:58:50+00:00","og_image":[{"width":930,"height":1240,"url":"https:\/\/akerstroms.se\/app\/uploads\/2021\/04\/Jupiter-Era-8B.jpg","type":"image\/jpeg"}],"twitter_card":"summary_large_image","schema":{"@context":"https:\/\/schema.org","@graph":[{"@type":"WebPage","@id":"https:\/\/akerstroms.se\/de\/produkt\/remotus-era-8b\/","url":"https:\/\/akerstroms.se\/de\/produkt\/remotus-era-8b\/","name":"Remotus ERA 8B - \u00c5kerstr\u00f6ms Bj\u00f6rbo","isPartOf":{"@id":"https:\/\/akerstroms.se\/#website"},"primaryImageOfPage":{"@id":"https:\/\/akerstroms.se\/de\/produkt\/remotus-era-8b\/#primaryimage"},"image":{"@id":"https:\/\/akerstroms.se\/de\/produkt\/remotus-era-8b\/#primaryimage"},"thumbnailUrl":"https:\/\/akerstroms.se\/app\/uploads\/2021\/04\/Jupiter-Era-8B.jpg","datePublished":"2021-09-27T05:58:46+00:00","dateModified":"2021-10-19T13:58:50+00:00","breadcrumb":{"@id":"https:\/\/akerstroms.se\/de\/produkt\/remotus-era-8b\/#breadcrumb"},"inLanguage":"de","potentialAction":[{"@type":"ReadAction","target":["https:\/\/akerstroms.se\/de\/produkt\/remotus-era-8b\/"]}]},{"@type":"ImageObject","inLanguage":"de","@id":"https:\/\/akerstroms.se\/de\/produkt\/remotus-era-8b\/#primaryimage","url":"https:\/\/akerstroms.se\/app\/uploads\/2021\/04\/Jupiter-Era-8B.jpg","contentUrl":"https:\/\/akerstroms.se\/app\/uploads\/2021\/04\/Jupiter-Era-8B.jpg","width":930,"height":1240,"caption":"Jupiter ERA 8B"},{"@type":"BreadcrumbList","@id":"https:\/\/akerstroms.se\/de\/produkt\/remotus-era-8b\/#breadcrumb","itemListElement":[{"@type":"ListItem","position":1,"name":"Home","item":"https:\/\/akerstroms.se\/de\/"},{"@type":"ListItem","position":2,"name":"Shop","item":"https:\/\/akerstroms.se\/de\/shop\/"},{"@type":"ListItem","position":3,"name":"Remotus ERA 8B"}]},{"@type":"WebSite","@id":"https:\/\/akerstroms.se\/#website","url":"https:\/\/akerstroms.se\/","name":"\u00c5kerstr\u00f6ms Bj\u00f6rbo","description":"Radiostyrning f\u00f6r industriella och mobila applikationer","publisher":{"@id":"https:\/\/akerstroms.se\/#organization"},"potentialAction":[{"@type":"SearchAction","target":{"@type":"EntryPoint","urlTemplate":"https:\/\/akerstroms.se\/?s={search_term_string}"},"query-input":{"@type":"PropertyValueSpecification","valueRequired":true,"valueName":"search_term_string"}}],"inLanguage":"de"},{"@type":"Organization","@id":"https:\/\/akerstroms.se\/#organization","name":"\u00c5kerstr\u00f6ms AB","url":"https:\/\/akerstroms.se\/","logo":{"@type":"ImageObject","inLanguage":"de","@id":"https:\/\/akerstroms.se\/#\/schema\/logo\/image\/","url":"https:\/\/akerstroms.se\/app\/uploads\/2021\/10\/akerstroms-logo.png","contentUrl":"https:\/\/akerstroms.se\/app\/uploads\/2021\/10\/akerstroms-logo.png","width":400,"height":86,"caption":"\u00c5kerstr\u00f6ms AB"},"image":{"@id":"https:\/\/akerstroms.se\/#\/schema\/logo\/image\/"},"sameAs":["https:\/\/www.facebook.com\/akerstroms.se","https:\/\/www.linkedin.com\/company\/akerstroms\/","https:\/\/www.youtube.com\/channel\/UC8S-jX9nA8c9qBaTlgqg1CQ"]}]}},"_links":{"self":[{"href":"https:\/\/akerstroms.se\/de\/wp-json\/wp\/v2\/product\/9706","targetHints":{"allow":["GET"]}}],"collection":[{"href":"https:\/\/akerstroms.se\/de\/wp-json\/wp\/v2\/product"}],"about":[{"href":"https:\/\/akerstroms.se\/de\/wp-json\/wp\/v2\/types\/product"}],"wp:featuredmedia":[{"embeddable":true,"href":"https:\/\/akerstroms.se\/de\/wp-json\/wp\/v2\/media\/6692"}],"wp:attachment":[{"href":"https:\/\/akerstroms.se\/de\/wp-json\/wp\/v2\/media?parent=9706"}],"wp:term":[{"taxonomy":"product_brand","embeddable":true,"href":"https:\/\/akerstroms.se\/de\/wp-json\/wp\/v2\/product_brand?post=9706"},{"taxonomy":"product_cat","embeddable":true,"href":"https:\/\/akerstroms.se\/de\/wp-json\/wp\/v2\/product_cat?post=9706"},{"taxonomy":"product_tag","embeddable":true,"href":"https:\/\/akerstroms.se\/de\/wp-json\/wp\/v2\/product_tag?post=9706"}],"curies":[{"name":"wp","href":"https:\/\/api.w.org\/{rel}","templated":true}]}}